{"id":8645,"date":"2017-11-25T13:01:26","date_gmt":"2017-11-25T13:01:26","guid":{"rendered":"https:\/\/grizzlyadam.co.uk\/product\/beard-growth-spray-100-all-natural-solution-to-improved-facial-hair-growth-60ml\/"},"modified":"2025-01-16T01:00:38","modified_gmt":"2025-01-16T01:00:38","slug":"beard-growth-spray-100-all-natural-solution-to-improved-facial-hair-growth-60ml","status":"publish","type":"product","link":"https:\/\/grizzlyadam.co.uk\/fr\/produit\/beard-growth-spray-100-all-natural-solution-to-improved-facial-hair-growth-60ml\/","title":{"rendered":"Beard Growth Spray - Buy Online 100% All-Natural Solution to Improved Facial Hair Growth 60ml"},"content":{"rendered":"<div id=\"shopify-section-1499853077733\" class=\"shopify-section index-section image-with-text\">\n<div class=\"feature-row\">\n<h2>DES INGR\u00c9DIENTS EFFICACES<\/h2>\n<div class=\"feature-row grid large-up--grid--table medium-down--hide\">\n<div class=\"grid__item one-half small--one-whole medium--one-whole feature-row__item feature-row__image\"><a title=\"\" href=\"https:\/\/en.wikipedia.org\/wiki\/Saw_palmetto_extract\"><img decoding=\"async\" class=\"feature-row__image\" src=\"https:\/\/cdn.shopify.com\/s\/files\/1\/0162\/9238\/files\/sawpalmetto_large_d21e6bbd-b7ba-49cb-ae8d-3c0c24b82fc4_600x600.jpg?v=1500887789\" alt=\"The Ingredient Saw Palmetto\" \/><\/a><\/div>\n<div class=\"grid__item one-half small--one-whole medium--one-whole feature-row__item feature-row__text feature-row__text--left\">\n<div class=\"feature-row__content\">\n<h3>SAW PALMETTO<\/h3>\n<div class=\"rte-setting featured-row__subtext\">\n<p>Le palmier nain a d'abord \u00e9t\u00e9 utilis\u00e9 dans les produits de pr\u00e9vention de la chute des cheveux, car il bloque les enzymes qui produisent la DHT, un androg\u00e8ne qui provoque la chute des cheveux. Au fil des ans, diverses \u00e9tudes ont montr\u00e9 que le palmier nain avait la capacit\u00e9 d'am\u00e9liorer la croissance des cheveux de 60% !<\/p>\n<\/div>\n<\/div>\n<\/div>\n<\/div>\n<\/div>\n<\/div>\n<div id=\"shopify-section-1499848141139\" class=\"shopify-section index-section image-with-text\">\n<div class=\"feature-row\">\n<div class=\"feature-row grid large-up--grid--table medium-down--hide\">\n<div class=\"grid__item one-half small--one-whole medium--one-whole feature-row__item feature-row__text feature-row__text--right\">\n<div class=\"feature-row__content\">\n<h3>EXTRAIT DE RACINE D'ANG\u00c9LIQUE<\/h3>\n<div class=\"rte-setting featured-row__subtext\">\n<p>L'extrait de racine d'ang\u00e9lique est utilis\u00e9 dans les toniques depuis des milliers d'ann\u00e9es et est bien connu pour sa richesse en vitamine E et sa stimulation de la circulation. Il favorise \u00e9galement une croissance saine et durable des cheveux car il contribue \u00e0 l'oxydation du sang, ce qui am\u00e9liore l'oxydation des cellules capillaires.<\/p>\n<\/div>\n<\/div>\n<\/div>\n<div class=\"grid__item one-half small--one-whole medium--one-whole feature-row__item feature-row__image\"><a title=\"\" href=\"https:\/\/en.wikipedia.org\/wiki\/Angelica_archangelica\"><img decoding=\"async\" class=\"feature-row__image\" src=\"https:\/\/cdn.shopify.com\/s\/files\/1\/0162\/9238\/files\/angelicaroot_large_21bec5b1-73d6-4418-9e34-9903d40b9ff9_600x600.jpg?v=1500887801\" alt=\"The Ingredient Angelica Root Extract\" \/><\/a><\/div>\n<\/div>\n<\/div>\n<\/div>\n<div id=\"shopify-section-1499848028004\" class=\"shopify-section index-section image-with-text\">\n<div class=\"feature-row\">\n<div class=\"feature-row grid large-up--grid--table medium-down--hide\">\n<div class=\"grid__item one-half small--one-whole medium--one-whole feature-row__item feature-row__image\"><a title=\"\" href=\"https:\/\/en.wikipedia.org\/wiki\/Tea_tree_oil\"><img decoding=\"async\" class=\"feature-row__image\" src=\"https:\/\/cdn.shopify.com\/s\/files\/1\/0162\/9238\/files\/teatree_large_003bdf08-8a7d-4938-bedc-66e1b9d08a71_600x600.jpg?v=1500887818\" alt=\"The Ingredient Tea Tree Oil\" \/><\/a><\/div>\n<div class=\"grid__item one-half small--one-whole medium--one-whole feature-row__item feature-row__text feature-row__text--left\">\n<div class=\"feature-row__content\">\n<h3>HUILE D'ARBRE \u00c0 TH\u00c9<\/h3>\n<div class=\"rte-setting featured-row__subtext\">\n<p>L'huile d'arbre \u00e0 th\u00e9 est consid\u00e9r\u00e9e comme un excellent ingr\u00e9dient naturel pour assurer une meilleure croissance des cheveux. Elle est souvent ajout\u00e9e aux shampooings et aux apr\u00e8s-shampooings pour am\u00e9liorer la sant\u00e9 g\u00e9n\u00e9rale des cheveux. En outre, elle stimule la croissance des poils du visage de multiples fa\u00e7ons. Ses propri\u00e9t\u00e9s antiseptiques aident \u00e0 lutter contre l'accumulation de r\u00e9sidus autour des follicules pileux et permettent la libre circulation du s\u00e9bum autour de la tige des poils du visage. Il r\u00e9duit \u00e9galement les inflammations autour des follicules pileux, assurant ainsi une croissance plus rapide, plus saine et plus abondante des poils du visage.<\/p>\n<\/div>\n<\/div>\n<\/div>\n<\/div>\n<\/div>\n<\/div>\n<div id=\"shopify-section-1499847841923\" class=\"shopify-section index-section image-with-text\">\n<div class=\"feature-row\">\n<div class=\"feature-row grid large-up--grid--table medium-down--hide\">\n<div class=\"grid__item one-half small--one-whole medium--one-whole feature-row__item feature-row__text feature-row__text--right\">\n<div class=\"feature-row__content\">\n<h3>EXTRAIT DE POLYGONUM MULTIFLORUM<\/h3>\n<div class=\"rte-setting featured-row__subtext\">\n<p>Polygonum Multiflorum, \u00e9galement connu sous le nom de racine Fo-Ti et He Shou Wu, est consid\u00e9r\u00e9 comme l'une des herbes toniques les plus puissantes de Chine. Une \u00e9tude r\u00e9cente a prouv\u00e9 que l'extrait de Polygonum Multiflorum assure la croissance des poils du visage en induisant la phase anag\u00e8ne (croissance) dans les follicules pileux au repos. Cela vous permet de surmonter la cause principale de la faible croissance des poils du visage, \u00e0 savoir une phase de repos prolong\u00e9e des follicules pileux.<\/p>\n<\/div>\n<\/div>\n<\/div>\n<div class=\"grid__item one-half small--one-whole medium--one-whole feature-row__item feature-row__image\"><a title=\"\" href=\"https:\/\/en.wikipedia.org\/wiki\/Fallopia_multiflora\"><img decoding=\"async\" class=\"feature-row__image\" src=\"https:\/\/cdn.shopify.com\/s\/files\/1\/0162\/9238\/files\/polygonum_large_3041eabd-38ac-4d4e-a29f-a7831290609d_600x600.jpg?v=1500887836\" alt=\"The Ingredient Polygonum Multiflorum Extract\" \/><\/a><\/div>\n<\/div>\n<\/div>\n<\/div>\n<h2>MODE D'EMPLOI<\/h2>\n<h4>1.  D\u00c9TERMINEZ LES ZONES DE VOTRE VISAGE QUI ONT BESOIN D'UNE PILOSIT\u00c9 FACIALE PLUS \u00c9PAISSE ET PLUS FOURNIE<\/h4>\n<p>Appliquez BGS partout o\u00f9 vous souhaitez am\u00e9liorer la croissance de votre pilosit\u00e9 faciale.  Il faut le faire deux fois par jour, tous les jours.  Il peut \u00eatre appliqu\u00e9 sur de petites zones cibles ou sur l'ensemble du visage.<\/p>\n<h4>2.  S'ASSURER QUE LE VISAGE EST SEC<\/h4>\n<p>Il est important d'appliquer le Spray de Croissance pour Barbe sur une peau s\u00e8che.  Si la peau n'est pas s\u00e8che, il est plus difficile pour les ingr\u00e9dients naturels de 100% de p\u00e9n\u00e9trer profond\u00e9ment dans votre peau.  Beaucoup d'hommes aiment appliquer le BGS apr\u00e8s avoir pris une douche.  Si c'est le cas, essayez d'attendre d'\u00eatre habill\u00e9 pour que votre peau ait le temps de s\u00e9cher avant d'appliquer le BGS.<\/p>\n<h4>3.  IL SUFFIT DE PULV\u00c9RISER LES BGS SUR LES ZONES CIBL\u00c9ES<\/h4>\n<p>Bien que le BGS puisse \u00eatre appliqu\u00e9 sur l'ensemble du visage, il est important d'accorder une attention particuli\u00e8re aux zones o\u00f9 la pilosit\u00e9 est sensiblement plus fine ou inexistante.  Pour l'appliquer, il suffit de vaporiser rapidement la zone cibl\u00e9e et de laisser le Beard Growth Spray s'occuper du reste.<\/p>\n<h4>4.  MASSEZ VOTRE VISAGE POUR UNE P\u00c9N\u00c9TRATION MAXIMALE ET DES R\u00c9SULTATS PLUS RAPIDES.<\/h4>\n<p>Une fois que vous avez vaporis\u00e9 la zone cibl\u00e9e avec le spray naturel de croissance de barbe 100%, passez quelques minutes \u00e0 le masser dans votre peau.  Cela maximise son pouvoir de p\u00e9n\u00e9tration et vous donne les meilleures chances d'obtenir des r\u00e9sultats optimaux.<\/p>\n<h3><b>LE PROCESSUS COMPLET PREND MOINS DE 5 MINUTES PAR JOUR !<\/b><\/h3>","protected":false},"excerpt":{"rendered":"<ul>\n<li><strong>ARR\u00caTEZ DE SOUFFRIR<\/strong> D'UNE BARBE IN\u00c9GALE ET IRR\u00c9GULI\u00c8RE<\/li>\n<li><strong>FAIT RAPIDEMENT MARCHE ARRI\u00c8RE<\/strong> LES CAUSES PRINCIPALES D'UNE MAUVAISE CROISSANCE DE LA PILOSIT\u00c9 FACIALE !<\/li>\n<li><strong>100% NATUREL<\/strong> SOLUTION ID\u00c9ALE POUR LES PEAUX SENSIBLES<\/li>\n<li><strong>SUIVRE UN SIMPLE<\/strong> PROCESSUS EN 4 \u00c9TAPES POUR DES R\u00c9SULTATS OPTIMAUX<\/li>\n<li><strong>OFFRE SP\u00c9CIALE<\/strong> - Achetez 2 ou plus et obtenez des frais de port GRATUITS<\/li>\n<li><b>FOURNISSEUR OFFICIEL DU ROYAUME-UNI ET DE L'UE - <span style=\"background-color: #ffff00;\">Stock\u00e9 et exp\u00e9di\u00e9 depuis l'entrep\u00f4t du Royaume-Uni en quelques jours - Pas d'attente de plus de 30 jours aupr\u00e8s de vendeurs eBay non autoris\u00e9s.<\/span><\/b><\/li>\n<\/ul>\n<p>&nbsp;<\/p>\n<p>&nbsp;<\/p>","protected":false},"featured_media":8639,"comment_status":"closed","ping_status":"closed","template":"","meta":[],"product_brand":[],"product_cat":[250,90,89],"product_tag":[],"class_list":{"0":"post-8645","1":"product","2":"type-product","3":"status-publish","4":"has-post-thumbnail","6":"product_cat-beard-growth","7":"product_cat-hair-care","8":"product_cat-supplements","10":"first","11":"outofstock","12":"taxable","13":"shipping-taxable","14":"purchasable","15":"product-type-simple"},"yoast_head":"<!-- This site is optimized with the Yoast SEO plugin v27.2 - https:\/\/yoast.com\/product\/yoast-seo-wordpress\/ -->\n<title>Beard Growth Spray - Buy Online 100% All-Natural Solution to Improved Facial Hair Growth 60ml - Grizzly Adam<\/title>\n<meta name=\"robots\" content=\"index, follow, max-snippet:-1, max-image-preview:large, max-video-preview:-1\" \/>\n<link rel=\"canonical\" href=\"https:\/\/grizzlyadam.co.uk\/fr\/produit\/beard-growth-spray-100-all-natural-solution-to-improved-facial-hair-growth-60ml\/\" \/>\n<meta property=\"og:locale\" content=\"fr_FR\" \/>\n<meta property=\"og:type\" content=\"article\" \/>\n<meta property=\"og:title\" content=\"Beard Growth Spray - Buy Online 100% All-Natural Solution to Improved Facial Hair Growth 60ml - Grizzly Adam\" \/>\n<meta property=\"og:description\" content=\"STOP SUFFERING FROM A PATCHY, UNEVEN BEARD  QUICKLY REVERSES THE CORE CAUSES OF POOR FACIAL HAIR GROWTH!  100% NATURAL SOLUTION IS PERFECT FOR SENSITIVE SKIN  FOLLOW A SIMPLE 4 STEP PROCESS FOR MAXIMUM RESULTS  SPECIAL OFFER - Buy 2 or More &amp; Get FREE Postage  OFFICIAL UK &amp; EU SUPPLIER - Stocked &amp; Shipped from UK warehouse within few days - No waiting 30+ days from unauthorised eBay sellers  &nbsp;  &nbsp;\" \/>\n<meta property=\"og:url\" content=\"https:\/\/grizzlyadam.co.uk\/fr\/produit\/beard-growth-spray-100-all-natural-solution-to-improved-facial-hair-growth-60ml\/\" \/>\n<meta property=\"og:site_name\" content=\"Grizzly Adam\" \/>\n<meta property=\"article:publisher\" content=\"https:\/\/www.facebook.com\/grizzlyadamuk\" \/>\n<meta property=\"article:modified_time\" content=\"2025-01-16T01:00:38+00:00\" \/>\n<meta property=\"og:image\" content=\"https:\/\/project1-mke5mv4jgx.live-website.com\/wp-content\/uploads\/2017\/11\/Fashion-60ml-Men-Beard-Growth-Mustache-Glow-Stimulator-Fast-Nutrition-Spray.jpg\" \/>\n\t<meta property=\"og:image:width\" content=\"800\" \/>\n\t<meta property=\"og:image:height\" content=\"800\" \/>\n\t<meta property=\"og:image:type\" content=\"image\/jpeg\" \/>\n<meta name=\"twitter:card\" content=\"summary_large_image\" \/>\n<meta name=\"twitter:site\" content=\"@grizzlyadamuk\" \/>\n<meta name=\"twitter:label1\" content=\"Dur\u00e9e de lecture estim\u00e9e\" \/>\n\t<meta name=\"twitter:data1\" content=\"4 minutes\" \/>\n<script type=\"application\/ld+json\" class=\"yoast-schema-graph\">{\"@context\":\"https:\/\/schema.org\",\"@graph\":[{\"@type\":\"WebPage\",\"@id\":\"https:\/\/grizzlyadam.co.uk\/product\/beard-growth-spray-100-all-natural-solution-to-improved-facial-hair-growth-60ml\/\",\"url\":\"https:\/\/grizzlyadam.co.uk\/product\/beard-growth-spray-100-all-natural-solution-to-improved-facial-hair-growth-60ml\/\",\"name\":\"Beard Growth Spray - Buy Online 100% All-Natural Solution to Improved Facial Hair Growth 60ml - Grizzly Adam\",\"isPartOf\":{\"@id\":\"https:\/\/project1-mke5mv4jgx.live-website.com\/#website\"},\"primaryImageOfPage\":{\"@id\":\"https:\/\/grizzlyadam.co.uk\/product\/beard-growth-spray-100-all-natural-solution-to-improved-facial-hair-growth-60ml\/#primaryimage\"},\"image\":{\"@id\":\"https:\/\/grizzlyadam.co.uk\/product\/beard-growth-spray-100-all-natural-solution-to-improved-facial-hair-growth-60ml\/#primaryimage\"},\"thumbnailUrl\":\"https:\/\/grizzlyadam.co.uk\/wp-content\/uploads\/2017\/11\/Fashion-60ml-Men-Beard-Growth-Mustache-Glow-Stimulator-Fast-Nutrition-Spray.jpg\",\"datePublished\":\"2017-11-25T13:01:26+00:00\",\"dateModified\":\"2025-01-16T01:00:38+00:00\",\"breadcrumb\":{\"@id\":\"https:\/\/grizzlyadam.co.uk\/product\/beard-growth-spray-100-all-natural-solution-to-improved-facial-hair-growth-60ml\/#breadcrumb\"},\"inLanguage\":\"fr-FR\",\"potentialAction\":[{\"@type\":\"ReadAction\",\"target\":[\"https:\/\/grizzlyadam.co.uk\/product\/beard-growth-spray-100-all-natural-solution-to-improved-facial-hair-growth-60ml\/\"]}]},{\"@type\":\"ImageObject\",\"inLanguage\":\"fr-FR\",\"@id\":\"https:\/\/grizzlyadam.co.uk\/product\/beard-growth-spray-100-all-natural-solution-to-improved-facial-hair-growth-60ml\/#primaryimage\",\"url\":\"https:\/\/grizzlyadam.co.uk\/wp-content\/uploads\/2017\/11\/Fashion-60ml-Men-Beard-Growth-Mustache-Glow-Stimulator-Fast-Nutrition-Spray.jpg\",\"contentUrl\":\"https:\/\/grizzlyadam.co.uk\/wp-content\/uploads\/2017\/11\/Fashion-60ml-Men-Beard-Growth-Mustache-Glow-Stimulator-Fast-Nutrition-Spray.jpg\",\"width\":800,\"height\":800},{\"@type\":\"BreadcrumbList\",\"@id\":\"https:\/\/grizzlyadam.co.uk\/product\/beard-growth-spray-100-all-natural-solution-to-improved-facial-hair-growth-60ml\/#breadcrumb\",\"itemListElement\":[{\"@type\":\"ListItem\",\"position\":1,\"name\":\"Home\",\"item\":\"https:\/\/grizzlyadam.co.uk\/\"},{\"@type\":\"ListItem\",\"position\":2,\"name\":\"Shop\",\"item\":\"https:\/\/project1-mke5mv4jgx.live-website.com\/shop\/\"},{\"@type\":\"ListItem\",\"position\":3,\"name\":\"Beard Growth Spray &#8211; Buy Online 100% All-Natural Solution to Improved Facial Hair Growth 60ml\"}]},{\"@type\":\"WebSite\",\"@id\":\"https:\/\/project1-mke5mv4jgx.live-website.com\/#website\",\"url\":\"https:\/\/project1-mke5mv4jgx.live-website.com\/\",\"name\":\"Grizzly Adam\",\"description\":\"Beard Oil And Grooming Products For Gentlemen\",\"publisher\":{\"@id\":\"https:\/\/project1-mke5mv4jgx.live-website.com\/#organization\"},\"potentialAction\":[{\"@type\":\"SearchAction\",\"target\":{\"@type\":\"EntryPoint\",\"urlTemplate\":\"https:\/\/project1-mke5mv4jgx.live-website.com\/?s={search_term_string}\"},\"query-input\":{\"@type\":\"PropertyValueSpecification\",\"valueRequired\":true,\"valueName\":\"search_term_string\"}}],\"inLanguage\":\"fr-FR\"},{\"@type\":\"Organization\",\"@id\":\"https:\/\/project1-mke5mv4jgx.live-website.com\/#organization\",\"name\":\"GRIZZLY ADAM\",\"url\":\"https:\/\/project1-mke5mv4jgx.live-website.com\/\",\"logo\":{\"@type\":\"ImageObject\",\"inLanguage\":\"fr-FR\",\"@id\":\"https:\/\/project1-mke5mv4jgx.live-website.com\/#\/schema\/logo\/image\/\",\"url\":\"https:\/\/grizzlyadam.co.uk\/wp-content\/uploads\/2019\/11\/gadamlogo.png\",\"contentUrl\":\"https:\/\/grizzlyadam.co.uk\/wp-content\/uploads\/2019\/11\/gadamlogo.png\",\"width\":\"200\",\"height\":\"200\",\"caption\":\"GRIZZLY ADAM\"},\"image\":{\"@id\":\"https:\/\/project1-mke5mv4jgx.live-website.com\/#\/schema\/logo\/image\/\"},\"sameAs\":[\"https:\/\/www.facebook.com\/grizzlyadamuk\",\"https:\/\/x.com\/grizzlyadamuk\",\"https:\/\/www.instagram.com\/grizzlyadamuk\/\"]}]}<\/script>\n<!-- \/ Yoast SEO plugin. -->","yoast_head_json":{"title":"Beard Growth Spray - Buy Online 100% All-Natural Solution to Improved Facial Hair Growth 60ml - Grizzly Adam","robots":{"index":"index","follow":"follow","max-snippet":"max-snippet:-1","max-image-preview":"max-image-preview:large","max-video-preview":"max-video-preview:-1"},"canonical":"https:\/\/grizzlyadam.co.uk\/fr\/produit\/beard-growth-spray-100-all-natural-solution-to-improved-facial-hair-growth-60ml\/","og_locale":"fr_FR","og_type":"article","og_title":"Beard Growth Spray - Buy Online 100% All-Natural Solution to Improved Facial Hair Growth 60ml - Grizzly Adam","og_description":"STOP SUFFERING FROM A PATCHY, UNEVEN BEARD  QUICKLY REVERSES THE CORE CAUSES OF POOR FACIAL HAIR GROWTH!  100% NATURAL SOLUTION IS PERFECT FOR SENSITIVE SKIN  FOLLOW A SIMPLE 4 STEP PROCESS FOR MAXIMUM RESULTS  SPECIAL OFFER - Buy 2 or More &amp; Get FREE Postage  OFFICIAL UK &amp; EU SUPPLIER - Stocked &amp; Shipped from UK warehouse within few days - No waiting 30+ days from unauthorised eBay sellers  &nbsp;  &nbsp;","og_url":"https:\/\/grizzlyadam.co.uk\/fr\/produit\/beard-growth-spray-100-all-natural-solution-to-improved-facial-hair-growth-60ml\/","og_site_name":"Grizzly Adam","article_publisher":"https:\/\/www.facebook.com\/grizzlyadamuk","article_modified_time":"2025-01-16T01:00:38+00:00","og_image":[{"width":800,"height":800,"url":"https:\/\/project1-mke5mv4jgx.live-website.com\/wp-content\/uploads\/2017\/11\/Fashion-60ml-Men-Beard-Growth-Mustache-Glow-Stimulator-Fast-Nutrition-Spray.jpg","type":"image\/jpeg"}],"twitter_card":"summary_large_image","twitter_site":"@grizzlyadamuk","twitter_misc":{"Dur\u00e9e de lecture estim\u00e9e":"4 minutes"},"schema":{"@context":"https:\/\/schema.org","@graph":[{"@type":"WebPage","@id":"https:\/\/grizzlyadam.co.uk\/product\/beard-growth-spray-100-all-natural-solution-to-improved-facial-hair-growth-60ml\/","url":"https:\/\/grizzlyadam.co.uk\/product\/beard-growth-spray-100-all-natural-solution-to-improved-facial-hair-growth-60ml\/","name":"Beard Growth Spray - Buy Online 100% All-Natural Solution to Improved Facial Hair Growth 60ml - Grizzly Adam","isPartOf":{"@id":"https:\/\/project1-mke5mv4jgx.live-website.com\/#website"},"primaryImageOfPage":{"@id":"https:\/\/grizzlyadam.co.uk\/product\/beard-growth-spray-100-all-natural-solution-to-improved-facial-hair-growth-60ml\/#primaryimage"},"image":{"@id":"https:\/\/grizzlyadam.co.uk\/product\/beard-growth-spray-100-all-natural-solution-to-improved-facial-hair-growth-60ml\/#primaryimage"},"thumbnailUrl":"https:\/\/grizzlyadam.co.uk\/wp-content\/uploads\/2017\/11\/Fashion-60ml-Men-Beard-Growth-Mustache-Glow-Stimulator-Fast-Nutrition-Spray.jpg","datePublished":"2017-11-25T13:01:26+00:00","dateModified":"2025-01-16T01:00:38+00:00","breadcrumb":{"@id":"https:\/\/grizzlyadam.co.uk\/product\/beard-growth-spray-100-all-natural-solution-to-improved-facial-hair-growth-60ml\/#breadcrumb"},"inLanguage":"fr-FR","potentialAction":[{"@type":"ReadAction","target":["https:\/\/grizzlyadam.co.uk\/product\/beard-growth-spray-100-all-natural-solution-to-improved-facial-hair-growth-60ml\/"]}]},{"@type":"ImageObject","inLanguage":"fr-FR","@id":"https:\/\/grizzlyadam.co.uk\/product\/beard-growth-spray-100-all-natural-solution-to-improved-facial-hair-growth-60ml\/#primaryimage","url":"https:\/\/grizzlyadam.co.uk\/wp-content\/uploads\/2017\/11\/Fashion-60ml-Men-Beard-Growth-Mustache-Glow-Stimulator-Fast-Nutrition-Spray.jpg","contentUrl":"https:\/\/grizzlyadam.co.uk\/wp-content\/uploads\/2017\/11\/Fashion-60ml-Men-Beard-Growth-Mustache-Glow-Stimulator-Fast-Nutrition-Spray.jpg","width":800,"height":800},{"@type":"BreadcrumbList","@id":"https:\/\/grizzlyadam.co.uk\/product\/beard-growth-spray-100-all-natural-solution-to-improved-facial-hair-growth-60ml\/#breadcrumb","itemListElement":[{"@type":"ListItem","position":1,"name":"Home","item":"https:\/\/grizzlyadam.co.uk\/"},{"@type":"ListItem","position":2,"name":"Shop","item":"https:\/\/project1-mke5mv4jgx.live-website.com\/shop\/"},{"@type":"ListItem","position":3,"name":"Beard Growth Spray &#8211; Buy Online 100% All-Natural Solution to Improved Facial Hair Growth 60ml"}]},{"@type":"WebSite","@id":"https:\/\/project1-mke5mv4jgx.live-website.com\/#website","url":"https:\/\/project1-mke5mv4jgx.live-website.com\/","name":"Grizzly Adam","description":"Huile \u00e0 barbe et produits de toilettage pour hommes","publisher":{"@id":"https:\/\/project1-mke5mv4jgx.live-website.com\/#organization"},"potentialAction":[{"@type":"SearchAction","target":{"@type":"EntryPoint","urlTemplate":"https:\/\/project1-mke5mv4jgx.live-website.com\/?s={search_term_string}"},"query-input":{"@type":"PropertyValueSpecification","valueRequired":true,"valueName":"search_term_string"}}],"inLanguage":"fr-FR"},{"@type":"Organization","@id":"https:\/\/project1-mke5mv4jgx.live-website.com\/#organization","name":"GRIZZLY ADAM","url":"https:\/\/project1-mke5mv4jgx.live-website.com\/","logo":{"@type":"ImageObject","inLanguage":"fr-FR","@id":"https:\/\/project1-mke5mv4jgx.live-website.com\/#\/schema\/logo\/image\/","url":"https:\/\/grizzlyadam.co.uk\/wp-content\/uploads\/2019\/11\/gadamlogo.png","contentUrl":"https:\/\/grizzlyadam.co.uk\/wp-content\/uploads\/2019\/11\/gadamlogo.png","width":"200","height":"200","caption":"GRIZZLY ADAM"},"image":{"@id":"https:\/\/project1-mke5mv4jgx.live-website.com\/#\/schema\/logo\/image\/"},"sameAs":["https:\/\/www.facebook.com\/grizzlyadamuk","https:\/\/x.com\/grizzlyadamuk","https:\/\/www.instagram.com\/grizzlyadamuk\/"]}]}},"df_price":18.95,"df_sale_price":"","df_regular_price":18.95,"df_image_link":"https:\/\/grizzlyadam.co.uk\/wp-content\/uploads\/2017\/11\/Fashion-60ml-Men-Beard-Growth-Mustache-Glow-Stimulator-Fast-Nutrition-Spray-300x300.jpg","_links":{"self":[{"href":"https:\/\/grizzlyadam.co.uk\/fr\/wp-json\/wp\/v2\/product\/8645","targetHints":{"allow":["GET"]}}],"collection":[{"href":"https:\/\/grizzlyadam.co.uk\/fr\/wp-json\/wp\/v2\/product"}],"about":[{"href":"https:\/\/grizzlyadam.co.uk\/fr\/wp-json\/wp\/v2\/types\/product"}],"replies":[{"embeddable":true,"href":"https:\/\/grizzlyadam.co.uk\/fr\/wp-json\/wp\/v2\/comments?post=8645"}],"wp:featuredmedia":[{"embeddable":true,"href":"https:\/\/grizzlyadam.co.uk\/fr\/wp-json\/wp\/v2\/media\/8639"}],"wp:attachment":[{"href":"https:\/\/grizzlyadam.co.uk\/fr\/wp-json\/wp\/v2\/media?parent=8645"}],"wp:term":[{"taxonomy":"product_brand","embeddable":true,"href":"https:\/\/grizzlyadam.co.uk\/fr\/wp-json\/wp\/v2\/product_brand?post=8645"},{"taxonomy":"product_cat","embeddable":true,"href":"https:\/\/grizzlyadam.co.uk\/fr\/wp-json\/wp\/v2\/product_cat?post=8645"},{"taxonomy":"product_tag","embeddable":true,"href":"https:\/\/grizzlyadam.co.uk\/fr\/wp-json\/wp\/v2\/product_tag?post=8645"}],"curies":[{"name":"wp","href":"https:\/\/api.w.org\/{rel}","templated":true}]}}