{"id":8075,"date":"2017-10-22T21:49:58","date_gmt":"2017-10-22T20:49:58","guid":{"rendered":"https:\/\/grizzlyadam.co.uk\/product\/premium-beard-shaping-and-styling-template-comb-tool\/"},"modified":"2025-01-24T13:35:02","modified_gmt":"2025-01-24T13:35:02","slug":"premium-beard-shaping-and-styling-template-comb-tool","status":"publish","type":"product","link":"https:\/\/grizzlyadam.co.uk\/fr\/produit\/premium-beard-shaping-and-styling-template-comb-tool\/","title":{"rendered":"Peigne \u00e0 barbe de qualit\u00e9 sup\u00e9rieure pour modeler et styliser la barbe"},"content":{"rendered":"<p>Il vous suffit de le placer sur votre visage dans la position souhait\u00e9e et d'utiliser ses lignes et ses courbes sp\u00e9cialement con\u00e7ues comme gabarit. Rasez ou tondez vos poils du visage \u00e0 l'aide du rasoir, de la tondeuse ou de la tondeuse de votre choix, et voil\u00e0 ! Une pilosit\u00e9 masculine parfaitement dessin\u00e9e et soign\u00e9e !<\/p>\n<p>M\u00eame si vous n'arborez pas de barbe ou de moustache vous-m\u00eame, ce gabarit de style et de forme constitue un excellent cadeau que tout homme appr\u00e9ciera. Commandez-en un pour votre p\u00e8re, votre fr\u00e8re, votre mari, votre ami ou tout autre homme \u00e0 qui vous souhaitez offrir un cadeau !<\/p>\n<ul>\n<li>Les d\u00e9lais de livraison pour ce produit sont en moyenne de 2 \u00e0 4 jours. Pour plus d'informations sur nos politiques d'exp\u00e9dition, veuillez consulter notre page d'accueil. <a href=\"https:\/\/grizzlyadam.co.uk\/fr\/frequently-asked-questions\/\">Page FAQ<\/a><\/li>\n<\/ul>\n<p>&nbsp;<\/p>","protected":false},"excerpt":{"rendered":"<ul class=\"a-unordered-list a-vertical a-spacing-none collapsedFeatureBullets\">\n<li class=\"showHiddenFeatureBullets\"><span class=\"a-list-item\">Fa\u00e7onnez et toilettez votre barbe \u00e0 la perfection ! Obtenez une coupe et un rasage de qualit\u00e9 professionnelle en utilisant cet outil de toilettage et votre rasoir ou votre tondeuse.<\/span><\/li>\n<li class=\"showHiddenFeatureBullets\"><span class=\"a-list-item\">Une sym\u00e9trie parfaite : Gr\u00e2ce \u00e0 cet outil de mise en forme, vous pouvez obtenir une forme de barbe parfaitement sym\u00e9trique.\u00a0<\/span><\/li>\n<li class=\"showHiddenFeatureBullets\"><span class=\"a-list-item\">Styles et formes multiples : L'outil est con\u00e7u pour vous permettre de modeler la ligne des joues, la ligne du cou, la ligne de la m\u00e2choire, la moustache, la barbiche et bien plus encore.<\/span><\/li>\n<li class=\"showHiddenFeatureBullets\"><span class=\"a-list-item\">Peigne \u00e0 barbe : Le peigne \u00e0 barbe int\u00e9gr\u00e9 permet d'aligner correctement la barbe afin de la raser et de la fa\u00e7onner correctement.<\/span><\/li>\n<li class=\"showHiddenFeatureBullets\"><span class=\"a-list-item\">Cadeau id\u00e9al pour un homme qui aime sa barbe.<\/span><\/li>\n<\/ul>","protected":false},"featured_media":8067,"comment_status":"closed","ping_status":"closed","template":"","meta":[],"product_brand":[],"product_cat":[207],"product_tag":[],"class_list":{"0":"post-8075","1":"product","2":"type-product","3":"status-publish","4":"has-post-thumbnail","6":"product_cat-beard-trimming-tools","8":"first","9":"instock","10":"taxable","11":"shipping-taxable","12":"purchasable","13":"product-type-variable","14":"has-default-attributes"},"yoast_head":"<!-- This site is optimized with the Yoast SEO plugin v27.2 - https:\/\/yoast.com\/product\/yoast-seo-wordpress\/ -->\n<title>Premium Beard Shaping and Styling Template Comb Tool - Grizzly Adam<\/title>\n<meta name=\"description\" content=\"Achieve the perfect beard with Grizzly Adam&#039;s Premium Beard Shaping and Styling Template Comb Tool. Made from high-quality materials, this compact and lightweight comb tool lets you trim and shape your beard with precision and ease. Order now!\" \/>\n<meta name=\"robots\" content=\"index, follow, max-snippet:-1, max-image-preview:large, max-video-preview:-1\" \/>\n<link rel=\"canonical\" href=\"https:\/\/grizzlyadam.co.uk\/fr\/produit\/premium-beard-shaping-and-styling-template-comb-tool\/\" \/>\n<meta property=\"og:locale\" content=\"fr_FR\" \/>\n<meta property=\"og:type\" content=\"article\" \/>\n<meta property=\"og:title\" content=\"Premium Beard Shaping and Styling Template Comb Tool - Grizzly Adam\" \/>\n<meta property=\"og:description\" content=\"Achieve the perfect beard with Grizzly Adam&#039;s Premium Beard Shaping and Styling Template Comb Tool. Made from high-quality materials, this compact and lightweight comb tool lets you trim and shape your beard with precision and ease. Order now!\" \/>\n<meta property=\"og:url\" content=\"https:\/\/grizzlyadam.co.uk\/fr\/produit\/premium-beard-shaping-and-styling-template-comb-tool\/\" \/>\n<meta property=\"og:site_name\" content=\"Grizzly Adam\" \/>\n<meta property=\"article:publisher\" content=\"https:\/\/www.facebook.com\/grizzlyadamuk\" \/>\n<meta property=\"article:modified_time\" content=\"2025-01-24T13:35:02+00:00\" \/>\n<meta property=\"og:image\" content=\"https:\/\/project1-mke5mv4jgx.live-website.com\/wp-content\/uploads\/2017\/10\/Hot-1PCS-High-Quality-Beard-Shaping-Styling-Template-PLUS-Beard-Comb-All-In-One-Tool-ABS.jpg\" \/>\n\t<meta property=\"og:image:width\" content=\"800\" \/>\n\t<meta property=\"og:image:height\" content=\"800\" \/>\n\t<meta property=\"og:image:type\" content=\"image\/jpeg\" \/>\n<meta name=\"twitter:card\" content=\"summary_large_image\" \/>\n<meta name=\"twitter:site\" content=\"@grizzlyadamuk\" \/>\n<meta name=\"twitter:label1\" content=\"Dur\u00e9e de lecture estim\u00e9e\" \/>\n\t<meta name=\"twitter:data1\" content=\"1 minute\" \/>\n<script type=\"application\/ld+json\" class=\"yoast-schema-graph\">{\"@context\":\"https:\/\/schema.org\",\"@graph\":[{\"@type\":\"WebPage\",\"@id\":\"https:\/\/grizzlyadam.co.uk\/product\/premium-beard-shaping-and-styling-template-comb-tool\/\",\"url\":\"https:\/\/grizzlyadam.co.uk\/product\/premium-beard-shaping-and-styling-template-comb-tool\/\",\"name\":\"Premium Beard Shaping and Styling Template Comb Tool - Grizzly Adam\",\"isPartOf\":{\"@id\":\"https:\/\/project1-mke5mv4jgx.live-website.com\/#website\"},\"primaryImageOfPage\":{\"@id\":\"https:\/\/grizzlyadam.co.uk\/product\/premium-beard-shaping-and-styling-template-comb-tool\/#primaryimage\"},\"image\":{\"@id\":\"https:\/\/grizzlyadam.co.uk\/product\/premium-beard-shaping-and-styling-template-comb-tool\/#primaryimage\"},\"thumbnailUrl\":\"https:\/\/grizzlyadam.co.uk\/wp-content\/uploads\/2017\/10\/Hot-1PCS-High-Quality-Beard-Shaping-Styling-Template-PLUS-Beard-Comb-All-In-One-Tool-ABS.jpg\",\"datePublished\":\"2017-10-22T20:49:58+00:00\",\"dateModified\":\"2025-01-24T13:35:02+00:00\",\"description\":\"Achieve the perfect beard with Grizzly Adam's Premium Beard Shaping and Styling Template Comb Tool. Made from high-quality materials, this compact and lightweight comb tool lets you trim and shape your beard with precision and ease. Order now!\",\"breadcrumb\":{\"@id\":\"https:\/\/grizzlyadam.co.uk\/product\/premium-beard-shaping-and-styling-template-comb-tool\/#breadcrumb\"},\"inLanguage\":\"fr-FR\",\"potentialAction\":[{\"@type\":\"ReadAction\",\"target\":[\"https:\/\/grizzlyadam.co.uk\/product\/premium-beard-shaping-and-styling-template-comb-tool\/\"]}]},{\"@type\":\"ImageObject\",\"inLanguage\":\"fr-FR\",\"@id\":\"https:\/\/grizzlyadam.co.uk\/product\/premium-beard-shaping-and-styling-template-comb-tool\/#primaryimage\",\"url\":\"https:\/\/grizzlyadam.co.uk\/wp-content\/uploads\/2017\/10\/Hot-1PCS-High-Quality-Beard-Shaping-Styling-Template-PLUS-Beard-Comb-All-In-One-Tool-ABS.jpg\",\"contentUrl\":\"https:\/\/grizzlyadam.co.uk\/wp-content\/uploads\/2017\/10\/Hot-1PCS-High-Quality-Beard-Shaping-Styling-Template-PLUS-Beard-Comb-All-In-One-Tool-ABS.jpg\",\"width\":800,\"height\":800},{\"@type\":\"BreadcrumbList\",\"@id\":\"https:\/\/grizzlyadam.co.uk\/product\/premium-beard-shaping-and-styling-template-comb-tool\/#breadcrumb\",\"itemListElement\":[{\"@type\":\"ListItem\",\"position\":1,\"name\":\"Home\",\"item\":\"https:\/\/grizzlyadam.co.uk\/\"},{\"@type\":\"ListItem\",\"position\":2,\"name\":\"Shop\",\"item\":\"https:\/\/project1-mke5mv4jgx.live-website.com\/shop\/\"},{\"@type\":\"ListItem\",\"position\":3,\"name\":\"Premium Beard Shaping and Styling Template Comb Tool\"}]},{\"@type\":\"WebSite\",\"@id\":\"https:\/\/project1-mke5mv4jgx.live-website.com\/#website\",\"url\":\"https:\/\/project1-mke5mv4jgx.live-website.com\/\",\"name\":\"Grizzly Adam\",\"description\":\"Beard Oil And Grooming Products For Gentlemen\",\"publisher\":{\"@id\":\"https:\/\/project1-mke5mv4jgx.live-website.com\/#organization\"},\"potentialAction\":[{\"@type\":\"SearchAction\",\"target\":{\"@type\":\"EntryPoint\",\"urlTemplate\":\"https:\/\/project1-mke5mv4jgx.live-website.com\/?s={search_term_string}\"},\"query-input\":{\"@type\":\"PropertyValueSpecification\",\"valueRequired\":true,\"valueName\":\"search_term_string\"}}],\"inLanguage\":\"fr-FR\"},{\"@type\":\"Organization\",\"@id\":\"https:\/\/project1-mke5mv4jgx.live-website.com\/#organization\",\"name\":\"GRIZZLY ADAM\",\"url\":\"https:\/\/project1-mke5mv4jgx.live-website.com\/\",\"logo\":{\"@type\":\"ImageObject\",\"inLanguage\":\"fr-FR\",\"@id\":\"https:\/\/project1-mke5mv4jgx.live-website.com\/#\/schema\/logo\/image\/\",\"url\":\"https:\/\/grizzlyadam.co.uk\/wp-content\/uploads\/2019\/11\/gadamlogo.png\",\"contentUrl\":\"https:\/\/grizzlyadam.co.uk\/wp-content\/uploads\/2019\/11\/gadamlogo.png\",\"width\":\"200\",\"height\":\"200\",\"caption\":\"GRIZZLY ADAM\"},\"image\":{\"@id\":\"https:\/\/project1-mke5mv4jgx.live-website.com\/#\/schema\/logo\/image\/\"},\"sameAs\":[\"https:\/\/www.facebook.com\/grizzlyadamuk\",\"https:\/\/x.com\/grizzlyadamuk\",\"https:\/\/www.instagram.com\/grizzlyadamuk\/\"]}]}<\/script>\n<!-- \/ Yoast SEO plugin. -->","yoast_head_json":{"title":"Premium Beard Shaping and Styling Template Comb Tool - Grizzly Adam","description":"Achieve the perfect beard with Grizzly Adam's Premium Beard Shaping and Styling Template Comb Tool. Made from high-quality materials, this compact and lightweight comb tool lets you trim and shape your beard with precision and ease. Order now!","robots":{"index":"index","follow":"follow","max-snippet":"max-snippet:-1","max-image-preview":"max-image-preview:large","max-video-preview":"max-video-preview:-1"},"canonical":"https:\/\/grizzlyadam.co.uk\/fr\/produit\/premium-beard-shaping-and-styling-template-comb-tool\/","og_locale":"fr_FR","og_type":"article","og_title":"Premium Beard Shaping and Styling Template Comb Tool - Grizzly Adam","og_description":"Achieve the perfect beard with Grizzly Adam's Premium Beard Shaping and Styling Template Comb Tool. Made from high-quality materials, this compact and lightweight comb tool lets you trim and shape your beard with precision and ease. Order now!","og_url":"https:\/\/grizzlyadam.co.uk\/fr\/produit\/premium-beard-shaping-and-styling-template-comb-tool\/","og_site_name":"Grizzly Adam","article_publisher":"https:\/\/www.facebook.com\/grizzlyadamuk","article_modified_time":"2025-01-24T13:35:02+00:00","og_image":[{"width":800,"height":800,"url":"https:\/\/project1-mke5mv4jgx.live-website.com\/wp-content\/uploads\/2017\/10\/Hot-1PCS-High-Quality-Beard-Shaping-Styling-Template-PLUS-Beard-Comb-All-In-One-Tool-ABS.jpg","type":"image\/jpeg"}],"twitter_card":"summary_large_image","twitter_site":"@grizzlyadamuk","twitter_misc":{"Dur\u00e9e de lecture estim\u00e9e":"1 minute"},"schema":{"@context":"https:\/\/schema.org","@graph":[{"@type":"WebPage","@id":"https:\/\/grizzlyadam.co.uk\/product\/premium-beard-shaping-and-styling-template-comb-tool\/","url":"https:\/\/grizzlyadam.co.uk\/product\/premium-beard-shaping-and-styling-template-comb-tool\/","name":"Premium Beard Shaping and Styling Template Comb Tool - Grizzly Adam","isPartOf":{"@id":"https:\/\/project1-mke5mv4jgx.live-website.com\/#website"},"primaryImageOfPage":{"@id":"https:\/\/grizzlyadam.co.uk\/product\/premium-beard-shaping-and-styling-template-comb-tool\/#primaryimage"},"image":{"@id":"https:\/\/grizzlyadam.co.uk\/product\/premium-beard-shaping-and-styling-template-comb-tool\/#primaryimage"},"thumbnailUrl":"https:\/\/grizzlyadam.co.uk\/wp-content\/uploads\/2017\/10\/Hot-1PCS-High-Quality-Beard-Shaping-Styling-Template-PLUS-Beard-Comb-All-In-One-Tool-ABS.jpg","datePublished":"2017-10-22T20:49:58+00:00","dateModified":"2025-01-24T13:35:02+00:00","description":"Achieve the perfect beard with Grizzly Adam's Premium Beard Shaping and Styling Template Comb Tool. Made from high-quality materials, this compact and lightweight comb tool lets you trim and shape your beard with precision and ease. Order now!","breadcrumb":{"@id":"https:\/\/grizzlyadam.co.uk\/product\/premium-beard-shaping-and-styling-template-comb-tool\/#breadcrumb"},"inLanguage":"fr-FR","potentialAction":[{"@type":"ReadAction","target":["https:\/\/grizzlyadam.co.uk\/product\/premium-beard-shaping-and-styling-template-comb-tool\/"]}]},{"@type":"ImageObject","inLanguage":"fr-FR","@id":"https:\/\/grizzlyadam.co.uk\/product\/premium-beard-shaping-and-styling-template-comb-tool\/#primaryimage","url":"https:\/\/grizzlyadam.co.uk\/wp-content\/uploads\/2017\/10\/Hot-1PCS-High-Quality-Beard-Shaping-Styling-Template-PLUS-Beard-Comb-All-In-One-Tool-ABS.jpg","contentUrl":"https:\/\/grizzlyadam.co.uk\/wp-content\/uploads\/2017\/10\/Hot-1PCS-High-Quality-Beard-Shaping-Styling-Template-PLUS-Beard-Comb-All-In-One-Tool-ABS.jpg","width":800,"height":800},{"@type":"BreadcrumbList","@id":"https:\/\/grizzlyadam.co.uk\/product\/premium-beard-shaping-and-styling-template-comb-tool\/#breadcrumb","itemListElement":[{"@type":"ListItem","position":1,"name":"Home","item":"https:\/\/grizzlyadam.co.uk\/"},{"@type":"ListItem","position":2,"name":"Shop","item":"https:\/\/project1-mke5mv4jgx.live-website.com\/shop\/"},{"@type":"ListItem","position":3,"name":"Premium Beard Shaping and Styling Template Comb Tool"}]},{"@type":"WebSite","@id":"https:\/\/project1-mke5mv4jgx.live-website.com\/#website","url":"https:\/\/project1-mke5mv4jgx.live-website.com\/","name":"Grizzly Adam","description":"Huile \u00e0 barbe et produits de toilettage pour hommes","publisher":{"@id":"https:\/\/project1-mke5mv4jgx.live-website.com\/#organization"},"potentialAction":[{"@type":"SearchAction","target":{"@type":"EntryPoint","urlTemplate":"https:\/\/project1-mke5mv4jgx.live-website.com\/?s={search_term_string}"},"query-input":{"@type":"PropertyValueSpecification","valueRequired":true,"valueName":"search_term_string"}}],"inLanguage":"fr-FR"},{"@type":"Organization","@id":"https:\/\/project1-mke5mv4jgx.live-website.com\/#organization","name":"GRIZZLY ADAM","url":"https:\/\/project1-mke5mv4jgx.live-website.com\/","logo":{"@type":"ImageObject","inLanguage":"fr-FR","@id":"https:\/\/project1-mke5mv4jgx.live-website.com\/#\/schema\/logo\/image\/","url":"https:\/\/grizzlyadam.co.uk\/wp-content\/uploads\/2019\/11\/gadamlogo.png","contentUrl":"https:\/\/grizzlyadam.co.uk\/wp-content\/uploads\/2019\/11\/gadamlogo.png","width":"200","height":"200","caption":"GRIZZLY ADAM"},"image":{"@id":"https:\/\/project1-mke5mv4jgx.live-website.com\/#\/schema\/logo\/image\/"},"sameAs":["https:\/\/www.facebook.com\/grizzlyadamuk","https:\/\/x.com\/grizzlyadamuk","https:\/\/www.instagram.com\/grizzlyadamuk\/"]}]}},"df_price":10.95,"df_sale_price":"","df_regular_price":10.95,"df_image_link":"https:\/\/grizzlyadam.co.uk\/wp-content\/uploads\/2017\/10\/Hot-1PCS-High-Quality-Beard-Shaping-Styling-Template-PLUS-Beard-Comb-All-In-One-Tool-ABS-300x300.jpg","_links":{"self":[{"href":"https:\/\/grizzlyadam.co.uk\/fr\/wp-json\/wp\/v2\/product\/8075","targetHints":{"allow":["GET"]}}],"collection":[{"href":"https:\/\/grizzlyadam.co.uk\/fr\/wp-json\/wp\/v2\/product"}],"about":[{"href":"https:\/\/grizzlyadam.co.uk\/fr\/wp-json\/wp\/v2\/types\/product"}],"replies":[{"embeddable":true,"href":"https:\/\/grizzlyadam.co.uk\/fr\/wp-json\/wp\/v2\/comments?post=8075"}],"wp:featuredmedia":[{"embeddable":true,"href":"https:\/\/grizzlyadam.co.uk\/fr\/wp-json\/wp\/v2\/media\/8067"}],"wp:attachment":[{"href":"https:\/\/grizzlyadam.co.uk\/fr\/wp-json\/wp\/v2\/media?parent=8075"}],"wp:term":[{"taxonomy":"product_brand","embeddable":true,"href":"https:\/\/grizzlyadam.co.uk\/fr\/wp-json\/wp\/v2\/product_brand?post=8075"},{"taxonomy":"product_cat","embeddable":true,"href":"https:\/\/grizzlyadam.co.uk\/fr\/wp-json\/wp\/v2\/product_cat?post=8075"},{"taxonomy":"product_tag","embeddable":true,"href":"https:\/\/grizzlyadam.co.uk\/fr\/wp-json\/wp\/v2\/product_tag?post=8075"}],"curies":[{"name":"wp","href":"https:\/\/api.w.org\/{rel}","templated":true}]}}