{"id":8065,"date":"2017-10-22T21:30:19","date_gmt":"2017-10-22T20:30:19","guid":{"rendered":"https:\/\/grizzlyadam.co.uk\/product\/folding-moustache-beard-comb\/"},"modified":"2021-11-07T10:57:55","modified_gmt":"2021-11-07T10:57:55","slug":"folding-moustache-beard-comb","status":"publish","type":"product","link":"https:\/\/grizzlyadam.co.uk\/fr\/produit\/folding-moustache-beard-comb\/","title":{"rendered":"Peigne \u00e0 moustache et \u00e0 barbe pliant - Bonne qualit\u00e9 Acheter en ligne"},"content":{"rendered":"<p>Peigne \u00e0 barbe pliant en bois con\u00e7u pour tenir dans votre poche afin que vous puissiez l'emporter partout avec vous.<\/p>\n<p>Ce peigne compact est id\u00e9al pour la barbe ou les cheveux.<\/p>\n<p>Utilisez ce peigne sur votre barbe pour une exp\u00e9rience de toilettage antistatique et sans enchev\u00eatrement, id\u00e9al pour une utilisation avec des huiles et des baumes \u00e0 barbe pour maintenir un look bien soign\u00e9.<\/p>\n<ul>\n<li>Les d\u00e9lais de livraison pour ce produit sont actuellement de 14 jours en moyenne. Pour plus d'informations sur nos politiques d'exp\u00e9dition, veuillez consulter notre page d'accueil. <a href=\"https:\/\/grizzlyadam.co.uk\/fr\/frequently-asked-questions\/\">Page FAQ<\/a><\/li>\n<\/ul>\n<p>&nbsp;<\/p>\n<p>Mat\u00e9riau : : Bois<br \/>\nTaille de l'article (non pli\u00e9) : Environ 18,2 * 3,5 * 1,2cm \/ 7,2 * 1,4 * 0,5in (L * L * H)<br \/>\nTaille de l'article (pli\u00e9) : Environ 10 * 4 * 1.2cm \/ 3.9 * 1.6 * 0.5in (L * L * H)<br \/>\nPoids de l'article : : Environ 30,1g \/ 1,1oz<\/p>","protected":false},"excerpt":{"rendered":"<ul>\n<li>Contrairement aux peignes en plastique ou en acier qui provoquent de l'\u00e9lectricit\u00e9 statique, ce peigne en bois massif et lisse est un moyen facile d'\u00e9viter la col\u00e8re du matin !<\/li>\n<li class=\"showHiddenFeatureBullets\"><span class=\"a-list-item\">Utilisez cet outil de toilettage pour hommes pour les cheveux et la barbe<\/span><\/li>\n<li>Emp\u00eache le dess\u00e8chement des cheveux en r\u00e9partissant uniform\u00e9ment l'huile de la peau vers les follicules.<\/li>\n<li>Pr\u00e9parez-vous \u00e0 recevoir des compliments sur votre barbe, vos narines et votre moiti\u00e9.<\/li>\n<\/ul>","protected":false},"featured_media":8059,"comment_status":"open","ping_status":"closed","template":"","meta":[],"product_brand":[],"product_cat":[71,72],"product_tag":[81,76,249],"class_list":{"0":"post-8065","1":"product","2":"type-product","3":"status-publish","4":"has-post-thumbnail","6":"product_cat-accessories","7":"product_cat-beard-comb","8":"product_tag-beard-comb","9":"product_tag-comb","10":"product_tag-wood","12":"first","13":"instock","14":"taxable","15":"shipping-taxable","16":"purchasable","17":"product-type-simple"},"yoast_head":"<!-- This site is optimized with the Yoast SEO plugin v27.2 - https:\/\/yoast.com\/product\/yoast-seo-wordpress\/ -->\n<title>Folding Moustache &amp; Beard Comb - Good Quality Buy Online - Grizzly Adam<\/title>\n<meta name=\"robots\" content=\"index, follow, max-snippet:-1, max-image-preview:large, max-video-preview:-1\" \/>\n<link rel=\"canonical\" href=\"https:\/\/grizzlyadam.co.uk\/fr\/produit\/folding-moustache-beard-comb\/\" \/>\n<meta property=\"og:locale\" content=\"fr_FR\" \/>\n<meta property=\"og:type\" content=\"article\" \/>\n<meta property=\"og:title\" content=\"Folding Moustache &amp; Beard Comb - Good Quality Buy Online - Grizzly Adam\" \/>\n<meta property=\"og:description\" content=\"Unlike typical plastic or steel combs that cause clingy static electricity, this solid and smooth wood comb is an easy way to avoid that morning anger!  Use This Men&#039;s Grooming Tool for Both Head Hair and Beards  Prevents your hair from drying out by evenly distributing oil from the skin to your\u00a0follicles  Get ready to receive compliments from your beard, nostrils, and your significant other.\" \/>\n<meta property=\"og:url\" content=\"https:\/\/grizzlyadam.co.uk\/fr\/produit\/folding-moustache-beard-comb\/\" \/>\n<meta property=\"og:site_name\" content=\"Grizzly Adam\" \/>\n<meta property=\"article:publisher\" content=\"https:\/\/www.facebook.com\/grizzlyadamuk\" \/>\n<meta property=\"article:modified_time\" content=\"2021-11-07T10:57:55+00:00\" \/>\n<meta property=\"og:image\" content=\"https:\/\/project1-mke5mv4jgx.live-website.com\/wp-content\/uploads\/2017\/10\/Wood-Anti-static-Folding-Moustache-Beard-Comb-Multifunctional-Moustache-Comb-Hair-Comb-Brush-Hairbrush-for-Men.jpg\" \/>\n\t<meta property=\"og:image:width\" content=\"1000\" \/>\n\t<meta property=\"og:image:height\" content=\"1000\" \/>\n\t<meta property=\"og:image:type\" content=\"image\/jpeg\" \/>\n<meta name=\"twitter:card\" content=\"summary_large_image\" \/>\n<meta name=\"twitter:site\" content=\"@grizzlyadamuk\" \/>\n<meta name=\"twitter:label1\" content=\"Dur\u00e9e de lecture estim\u00e9e\" \/>\n\t<meta name=\"twitter:data1\" content=\"1 minute\" \/>\n<script type=\"application\/ld+json\" class=\"yoast-schema-graph\">{\"@context\":\"https:\/\/schema.org\",\"@graph\":[{\"@type\":\"WebPage\",\"@id\":\"https:\/\/grizzlyadam.co.uk\/product\/folding-moustache-beard-comb\/\",\"url\":\"https:\/\/grizzlyadam.co.uk\/product\/folding-moustache-beard-comb\/\",\"name\":\"Folding Moustache &amp; Beard Comb - Good Quality Buy Online - Grizzly Adam\",\"isPartOf\":{\"@id\":\"https:\/\/project1-mke5mv4jgx.live-website.com\/#website\"},\"primaryImageOfPage\":{\"@id\":\"https:\/\/grizzlyadam.co.uk\/product\/folding-moustache-beard-comb\/#primaryimage\"},\"image\":{\"@id\":\"https:\/\/grizzlyadam.co.uk\/product\/folding-moustache-beard-comb\/#primaryimage\"},\"thumbnailUrl\":\"https:\/\/grizzlyadam.co.uk\/wp-content\/uploads\/2017\/10\/Wood-Anti-static-Folding-Moustache-Beard-Comb-Multifunctional-Moustache-Comb-Hair-Comb-Brush-Hairbrush-for-Men.jpg\",\"datePublished\":\"2017-10-22T20:30:19+00:00\",\"dateModified\":\"2021-11-07T10:57:55+00:00\",\"breadcrumb\":{\"@id\":\"https:\/\/grizzlyadam.co.uk\/product\/folding-moustache-beard-comb\/#breadcrumb\"},\"inLanguage\":\"fr-FR\",\"potentialAction\":[{\"@type\":\"ReadAction\",\"target\":[\"https:\/\/grizzlyadam.co.uk\/product\/folding-moustache-beard-comb\/\"]}]},{\"@type\":\"ImageObject\",\"inLanguage\":\"fr-FR\",\"@id\":\"https:\/\/grizzlyadam.co.uk\/product\/folding-moustache-beard-comb\/#primaryimage\",\"url\":\"https:\/\/grizzlyadam.co.uk\/wp-content\/uploads\/2017\/10\/Wood-Anti-static-Folding-Moustache-Beard-Comb-Multifunctional-Moustache-Comb-Hair-Comb-Brush-Hairbrush-for-Men.jpg\",\"contentUrl\":\"https:\/\/grizzlyadam.co.uk\/wp-content\/uploads\/2017\/10\/Wood-Anti-static-Folding-Moustache-Beard-Comb-Multifunctional-Moustache-Comb-Hair-Comb-Brush-Hairbrush-for-Men.jpg\",\"width\":1000,\"height\":1000},{\"@type\":\"BreadcrumbList\",\"@id\":\"https:\/\/grizzlyadam.co.uk\/product\/folding-moustache-beard-comb\/#breadcrumb\",\"itemListElement\":[{\"@type\":\"ListItem\",\"position\":1,\"name\":\"Home\",\"item\":\"https:\/\/grizzlyadam.co.uk\/\"},{\"@type\":\"ListItem\",\"position\":2,\"name\":\"Shop\",\"item\":\"https:\/\/project1-mke5mv4jgx.live-website.com\/shop\/\"},{\"@type\":\"ListItem\",\"position\":3,\"name\":\"Folding Moustache &amp; Beard Comb &#8211; Good Quality Buy Online\"}]},{\"@type\":\"WebSite\",\"@id\":\"https:\/\/project1-mke5mv4jgx.live-website.com\/#website\",\"url\":\"https:\/\/project1-mke5mv4jgx.live-website.com\/\",\"name\":\"Grizzly Adam\",\"description\":\"Beard Oil And Grooming Products For Gentlemen\",\"publisher\":{\"@id\":\"https:\/\/project1-mke5mv4jgx.live-website.com\/#organization\"},\"potentialAction\":[{\"@type\":\"SearchAction\",\"target\":{\"@type\":\"EntryPoint\",\"urlTemplate\":\"https:\/\/project1-mke5mv4jgx.live-website.com\/?s={search_term_string}\"},\"query-input\":{\"@type\":\"PropertyValueSpecification\",\"valueRequired\":true,\"valueName\":\"search_term_string\"}}],\"inLanguage\":\"fr-FR\"},{\"@type\":\"Organization\",\"@id\":\"https:\/\/project1-mke5mv4jgx.live-website.com\/#organization\",\"name\":\"GRIZZLY ADAM\",\"url\":\"https:\/\/project1-mke5mv4jgx.live-website.com\/\",\"logo\":{\"@type\":\"ImageObject\",\"inLanguage\":\"fr-FR\",\"@id\":\"https:\/\/project1-mke5mv4jgx.live-website.com\/#\/schema\/logo\/image\/\",\"url\":\"https:\/\/grizzlyadam.co.uk\/wp-content\/uploads\/2019\/11\/gadamlogo.png\",\"contentUrl\":\"https:\/\/grizzlyadam.co.uk\/wp-content\/uploads\/2019\/11\/gadamlogo.png\",\"width\":\"200\",\"height\":\"200\",\"caption\":\"GRIZZLY ADAM\"},\"image\":{\"@id\":\"https:\/\/project1-mke5mv4jgx.live-website.com\/#\/schema\/logo\/image\/\"},\"sameAs\":[\"https:\/\/www.facebook.com\/grizzlyadamuk\",\"https:\/\/x.com\/grizzlyadamuk\",\"https:\/\/www.instagram.com\/grizzlyadamuk\/\"]}]}<\/script>\n<!-- \/ Yoast SEO plugin. -->","yoast_head_json":{"title":"Folding Moustache &amp; Beard Comb - Good Quality Buy Online - Grizzly Adam","robots":{"index":"index","follow":"follow","max-snippet":"max-snippet:-1","max-image-preview":"max-image-preview:large","max-video-preview":"max-video-preview:-1"},"canonical":"https:\/\/grizzlyadam.co.uk\/fr\/produit\/folding-moustache-beard-comb\/","og_locale":"fr_FR","og_type":"article","og_title":"Folding Moustache &amp; Beard Comb - Good Quality Buy Online - Grizzly Adam","og_description":"Unlike typical plastic or steel combs that cause clingy static electricity, this solid and smooth wood comb is an easy way to avoid that morning anger!  Use This Men's Grooming Tool for Both Head Hair and Beards  Prevents your hair from drying out by evenly distributing oil from the skin to your\u00a0follicles  Get ready to receive compliments from your beard, nostrils, and your significant other.","og_url":"https:\/\/grizzlyadam.co.uk\/fr\/produit\/folding-moustache-beard-comb\/","og_site_name":"Grizzly Adam","article_publisher":"https:\/\/www.facebook.com\/grizzlyadamuk","article_modified_time":"2021-11-07T10:57:55+00:00","og_image":[{"width":1000,"height":1000,"url":"https:\/\/project1-mke5mv4jgx.live-website.com\/wp-content\/uploads\/2017\/10\/Wood-Anti-static-Folding-Moustache-Beard-Comb-Multifunctional-Moustache-Comb-Hair-Comb-Brush-Hairbrush-for-Men.jpg","type":"image\/jpeg"}],"twitter_card":"summary_large_image","twitter_site":"@grizzlyadamuk","twitter_misc":{"Dur\u00e9e de lecture estim\u00e9e":"1 minute"},"schema":{"@context":"https:\/\/schema.org","@graph":[{"@type":"WebPage","@id":"https:\/\/grizzlyadam.co.uk\/product\/folding-moustache-beard-comb\/","url":"https:\/\/grizzlyadam.co.uk\/product\/folding-moustache-beard-comb\/","name":"Folding Moustache &amp; Beard Comb - Good Quality Buy Online - Grizzly Adam","isPartOf":{"@id":"https:\/\/project1-mke5mv4jgx.live-website.com\/#website"},"primaryImageOfPage":{"@id":"https:\/\/grizzlyadam.co.uk\/product\/folding-moustache-beard-comb\/#primaryimage"},"image":{"@id":"https:\/\/grizzlyadam.co.uk\/product\/folding-moustache-beard-comb\/#primaryimage"},"thumbnailUrl":"https:\/\/grizzlyadam.co.uk\/wp-content\/uploads\/2017\/10\/Wood-Anti-static-Folding-Moustache-Beard-Comb-Multifunctional-Moustache-Comb-Hair-Comb-Brush-Hairbrush-for-Men.jpg","datePublished":"2017-10-22T20:30:19+00:00","dateModified":"2021-11-07T10:57:55+00:00","breadcrumb":{"@id":"https:\/\/grizzlyadam.co.uk\/product\/folding-moustache-beard-comb\/#breadcrumb"},"inLanguage":"fr-FR","potentialAction":[{"@type":"ReadAction","target":["https:\/\/grizzlyadam.co.uk\/product\/folding-moustache-beard-comb\/"]}]},{"@type":"ImageObject","inLanguage":"fr-FR","@id":"https:\/\/grizzlyadam.co.uk\/product\/folding-moustache-beard-comb\/#primaryimage","url":"https:\/\/grizzlyadam.co.uk\/wp-content\/uploads\/2017\/10\/Wood-Anti-static-Folding-Moustache-Beard-Comb-Multifunctional-Moustache-Comb-Hair-Comb-Brush-Hairbrush-for-Men.jpg","contentUrl":"https:\/\/grizzlyadam.co.uk\/wp-content\/uploads\/2017\/10\/Wood-Anti-static-Folding-Moustache-Beard-Comb-Multifunctional-Moustache-Comb-Hair-Comb-Brush-Hairbrush-for-Men.jpg","width":1000,"height":1000},{"@type":"BreadcrumbList","@id":"https:\/\/grizzlyadam.co.uk\/product\/folding-moustache-beard-comb\/#breadcrumb","itemListElement":[{"@type":"ListItem","position":1,"name":"Home","item":"https:\/\/grizzlyadam.co.uk\/"},{"@type":"ListItem","position":2,"name":"Shop","item":"https:\/\/project1-mke5mv4jgx.live-website.com\/shop\/"},{"@type":"ListItem","position":3,"name":"Folding Moustache &amp; Beard Comb &#8211; Good Quality Buy Online"}]},{"@type":"WebSite","@id":"https:\/\/project1-mke5mv4jgx.live-website.com\/#website","url":"https:\/\/project1-mke5mv4jgx.live-website.com\/","name":"Grizzly Adam","description":"Huile \u00e0 barbe et produits de toilettage pour hommes","publisher":{"@id":"https:\/\/project1-mke5mv4jgx.live-website.com\/#organization"},"potentialAction":[{"@type":"SearchAction","target":{"@type":"EntryPoint","urlTemplate":"https:\/\/project1-mke5mv4jgx.live-website.com\/?s={search_term_string}"},"query-input":{"@type":"PropertyValueSpecification","valueRequired":true,"valueName":"search_term_string"}}],"inLanguage":"fr-FR"},{"@type":"Organization","@id":"https:\/\/project1-mke5mv4jgx.live-website.com\/#organization","name":"GRIZZLY ADAM","url":"https:\/\/project1-mke5mv4jgx.live-website.com\/","logo":{"@type":"ImageObject","inLanguage":"fr-FR","@id":"https:\/\/project1-mke5mv4jgx.live-website.com\/#\/schema\/logo\/image\/","url":"https:\/\/grizzlyadam.co.uk\/wp-content\/uploads\/2019\/11\/gadamlogo.png","contentUrl":"https:\/\/grizzlyadam.co.uk\/wp-content\/uploads\/2019\/11\/gadamlogo.png","width":"200","height":"200","caption":"GRIZZLY ADAM"},"image":{"@id":"https:\/\/project1-mke5mv4jgx.live-website.com\/#\/schema\/logo\/image\/"},"sameAs":["https:\/\/www.facebook.com\/grizzlyadamuk","https:\/\/x.com\/grizzlyadamuk","https:\/\/www.instagram.com\/grizzlyadamuk\/"]}]}},"df_price":13.95,"df_sale_price":"","df_regular_price":13.95,"df_image_link":"https:\/\/grizzlyadam.co.uk\/wp-content\/uploads\/2017\/10\/Wood-Anti-static-Folding-Moustache-Beard-Comb-Multifunctional-Moustache-Comb-Hair-Comb-Brush-Hairbrush-for-Men-300x300.jpg","_links":{"self":[{"href":"https:\/\/grizzlyadam.co.uk\/fr\/wp-json\/wp\/v2\/product\/8065","targetHints":{"allow":["GET"]}}],"collection":[{"href":"https:\/\/grizzlyadam.co.uk\/fr\/wp-json\/wp\/v2\/product"}],"about":[{"href":"https:\/\/grizzlyadam.co.uk\/fr\/wp-json\/wp\/v2\/types\/product"}],"replies":[{"embeddable":true,"href":"https:\/\/grizzlyadam.co.uk\/fr\/wp-json\/wp\/v2\/comments?post=8065"}],"wp:featuredmedia":[{"embeddable":true,"href":"https:\/\/grizzlyadam.co.uk\/fr\/wp-json\/wp\/v2\/media\/8059"}],"wp:attachment":[{"href":"https:\/\/grizzlyadam.co.uk\/fr\/wp-json\/wp\/v2\/media?parent=8065"}],"wp:term":[{"taxonomy":"product_brand","embeddable":true,"href":"https:\/\/grizzlyadam.co.uk\/fr\/wp-json\/wp\/v2\/product_brand?post=8065"},{"taxonomy":"product_cat","embeddable":true,"href":"https:\/\/grizzlyadam.co.uk\/fr\/wp-json\/wp\/v2\/product_cat?post=8065"},{"taxonomy":"product_tag","embeddable":true,"href":"https:\/\/grizzlyadam.co.uk\/fr\/wp-json\/wp\/v2\/product_tag?post=8065"}],"curies":[{"name":"wp","href":"https:\/\/api.w.org\/{rel}","templated":true}]}}