{"id":7874,"date":"2017-10-07T18:24:15","date_gmt":"2017-10-07T17:24:15","guid":{"rendered":"https:\/\/grizzlyadam.co.uk\/product\/black-boar-hair-beard-brush-use-with-balm-beard-oil-to-style-groom\/"},"modified":"2025-12-03T08:38:38","modified_gmt":"2025-12-03T08:38:38","slug":"black-boar-hair-beard-brush-use-with-balm-beard-oil-to-style-groom","status":"publish","type":"product","link":"https:\/\/grizzlyadam.co.uk\/fr\/produit\/black-boar-hair-beard-brush-use-with-balm-beard-oil-to-style-groom\/","title":{"rendered":"Brosse \u00e0 barbe en poils de sanglier noir - Utiliser avec le baume et l'huile \u00e0 barbe pour coiffer et toiletter - Acheter en ligne"},"content":{"rendered":"<p><strong>ENFIN - LA BROSSE \u00c0 BARBE POUR LE GENTLEMAN MODERNE<\/strong><\/p>\n<p>Poils de sanglier 100% de haute qualit\u00e9, nich\u00e9s dans du bois massif, teint\u00e9 en noir pour cr\u00e9er un look classique. Cette brosse adoucira, nettoiera et stylisera votre barbe \u00e0 chaque fois que vous l'utiliserez.<\/p>\n<p><strong>VOUS N'UTILISEZ QUE DU BAUME OU DE L'HUILE ? VOUS N'EN FAITES PAS ASSEZ<\/strong><\/p>\n<p>Mod\u00e9r\u00e9ment rigides, les poils de sanglier enti\u00e8rement naturels creusent en profondeur, \u00e9liminant les peaux mortes et les poils coinc\u00e9s dans votre barbe, la rendant plus douce, plus lisse et plus saine que l'utilisation d'une huile ou d'un baume \u00e0 barbe seuls.<\/p>\n<p>Id\u00e9ale pour une utilisation avec notre baume \u00e0 barbe ou notre huile \u00e0 barbe de qualit\u00e9 sup\u00e9rieure, cette brosse \u00e0 barbe de qualit\u00e9 sup\u00e9rieure vous aidera \u00e0 transformer votre barbe en un chef-d'\u0153uvre.<\/p>\n<p><strong>CON\u00c7U POUR LES HOMMES<\/strong><\/p>\n<p>Trop de brosses sur le march\u00e9 donnent l'impression que vous avez vol\u00e9 la brosse \u00e0 cheveux de votre s\u0153ur lorsque vous domptez votre barbe. Il \u00e9tait temps que quelqu'un propose aux hommes une v\u00e9ritable brosse \u00e0 barbe, et pas seulement une brosse \u00e0 cheveux reconvertie. C'est ce que nous avons entrepris de faire, et nous pensons que vous allez l'adorer. Elle a \u00e9t\u00e9 con\u00e7ue sur mesure pour ressembler \u00e0 un outil s\u00e9rieux pour un homme - parce qu'elle l'est.<\/p>\n<p><strong>100% GARANTIE SOIE DE SANGLIER<\/strong><\/p>\n<p>Des tests de laboratoire ind\u00e9pendants confirment que les poils sont des poils de sanglier, et NON du plastique ou du vinyle qui ab\u00eement la barbe. Vous ne nous croyez pas ? Br\u00fblez quelques poils et v\u00e9rifiez par vous-m\u00eame.<\/p>\n<p>Taille : 11*4*3cm<br \/>\nCouleur : : Noir<br \/>\nMati\u00e8re : : BOAR HAIR<\/p>\n<p>&nbsp;<\/p>","protected":false},"excerpt":{"rendered":"<ul>\n<li>100% POILS DE SANGLIER AUTHENTIQUES CONTRAIREMENT AUX CONCURRENTS<\/li>\n<li>RIGIDIT\u00c9 MOYENNE DES POILS. DOUCEUR AU CONTACT DU VISAGE ET DE LA PEAU<\/li>\n<li>POIGN\u00c9E DE STYLE MILITAIRE POUR UNE UTILISATION ET UNE MOBILIT\u00c9 AIS\u00c9ES<\/li>\n<li>D\u00c9M\u00caLE LES CHEVEUX\/\u00c9TEND LES HUILES ET LE BAUME \u00c0 BARBE UNIFORM\u00c9MENT SUR L'ENSEMBLE DU CHEVEU<\/li>\n<li>STIMULE LA CROISSANCE DES CHEVEUX<\/li>\n<\/ul>","protected":false},"featured_media":10357,"comment_status":"closed","ping_status":"closed","template":"","meta":[],"product_brand":[],"product_cat":[71,213,72,90],"product_tag":[205,202,203,204],"class_list":{"0":"post-7874","1":"product","2":"type-product","3":"status-publish","4":"has-post-thumbnail","6":"product_cat-accessories","7":"product_cat-beard-brush","8":"product_cat-beard-comb","9":"product_cat-hair-care","10":"product_tag-beard","11":"product_tag-boar","12":"product_tag-bristle","13":"product_tag-brush","15":"first","16":"instock","17":"sale","18":"taxable","19":"shipping-taxable","20":"purchasable","21":"product-type-simple"},"yoast_head":"<!-- This site is optimized with the Yoast SEO plugin v27.2 - https:\/\/yoast.com\/product\/yoast-seo-wordpress\/ -->\n<title>Black Boar Hair Beard Brush - Use with Balm &amp; Beard Oil to Style &amp; Groom - Buy Online - Grizzly Adam<\/title>\n<meta name=\"robots\" content=\"index, follow, max-snippet:-1, max-image-preview:large, max-video-preview:-1\" \/>\n<link rel=\"canonical\" href=\"https:\/\/grizzlyadam.co.uk\/fr\/produit\/black-boar-hair-beard-brush-use-with-balm-beard-oil-to-style-groom\/\" \/>\n<meta property=\"og:locale\" content=\"fr_FR\" \/>\n<meta property=\"og:type\" content=\"article\" \/>\n<meta property=\"og:title\" content=\"Black Boar Hair Beard Brush - Use with Balm &amp; Beard Oil to Style &amp; Groom - Buy Online - Grizzly Adam\" \/>\n<meta property=\"og:description\" content=\"100% REAL AUTHENTIC BOAR HAIR UNLIKE COMPETITORS  MEDIUM BRISTLE STIFFNESS. FEELS SOFT AGAINST FACE AND SKIN  MILITARY STYLE GRIP FOR EASE OF USE AND MOBILITY  DE-TANGLES HAIRS\/ SPREADS OILS AND BEARD BALM EVENLY THROUGHOUT  STIMULATES HAIR GROWTH\" \/>\n<meta property=\"og:url\" content=\"https:\/\/grizzlyadam.co.uk\/fr\/produit\/black-boar-hair-beard-brush-use-with-balm-beard-oil-to-style-groom\/\" \/>\n<meta property=\"og:site_name\" content=\"Grizzly Adam\" \/>\n<meta property=\"article:publisher\" content=\"https:\/\/www.facebook.com\/grizzlyadamuk\" \/>\n<meta property=\"article:modified_time\" content=\"2025-12-03T08:38:38+00:00\" \/>\n<meta property=\"og:image\" content=\"https:\/\/grizzlyadam.co.uk\/wp-content\/uploads\/2017\/10\/boar-black1.jpg\" \/>\n\t<meta property=\"og:image:width\" content=\"1000\" \/>\n\t<meta property=\"og:image:height\" content=\"1000\" \/>\n\t<meta property=\"og:image:type\" content=\"image\/jpeg\" \/>\n<meta name=\"twitter:card\" content=\"summary_large_image\" \/>\n<meta name=\"twitter:site\" content=\"@grizzlyadamuk\" \/>\n<meta name=\"twitter:label1\" content=\"Dur\u00e9e de lecture estim\u00e9e\" \/>\n\t<meta name=\"twitter:data1\" content=\"2 minutes\" \/>\n<script type=\"application\/ld+json\" class=\"yoast-schema-graph\">{\"@context\":\"https:\/\/schema.org\",\"@graph\":[{\"@type\":\"WebPage\",\"@id\":\"https:\/\/grizzlyadam.co.uk\/product\/black-boar-hair-beard-brush-use-with-balm-beard-oil-to-style-groom\/\",\"url\":\"https:\/\/grizzlyadam.co.uk\/product\/black-boar-hair-beard-brush-use-with-balm-beard-oil-to-style-groom\/\",\"name\":\"Black Boar Hair Beard Brush - Use with Balm &amp; Beard Oil to Style &amp; Groom - Buy Online - Grizzly Adam\",\"isPartOf\":{\"@id\":\"https:\/\/project1-mke5mv4jgx.live-website.com\/#website\"},\"primaryImageOfPage\":{\"@id\":\"https:\/\/grizzlyadam.co.uk\/product\/black-boar-hair-beard-brush-use-with-balm-beard-oil-to-style-groom\/#primaryimage\"},\"image\":{\"@id\":\"https:\/\/grizzlyadam.co.uk\/product\/black-boar-hair-beard-brush-use-with-balm-beard-oil-to-style-groom\/#primaryimage\"},\"thumbnailUrl\":\"https:\/\/grizzlyadam.co.uk\/wp-content\/uploads\/2017\/10\/boar-black1.jpg\",\"datePublished\":\"2017-10-07T17:24:15+00:00\",\"dateModified\":\"2025-12-03T08:38:38+00:00\",\"breadcrumb\":{\"@id\":\"https:\/\/grizzlyadam.co.uk\/product\/black-boar-hair-beard-brush-use-with-balm-beard-oil-to-style-groom\/#breadcrumb\"},\"inLanguage\":\"fr-FR\",\"potentialAction\":[{\"@type\":\"ReadAction\",\"target\":[\"https:\/\/grizzlyadam.co.uk\/product\/black-boar-hair-beard-brush-use-with-balm-beard-oil-to-style-groom\/\"]}]},{\"@type\":\"ImageObject\",\"inLanguage\":\"fr-FR\",\"@id\":\"https:\/\/grizzlyadam.co.uk\/product\/black-boar-hair-beard-brush-use-with-balm-beard-oil-to-style-groom\/#primaryimage\",\"url\":\"https:\/\/grizzlyadam.co.uk\/wp-content\/uploads\/2017\/10\/boar-black1.jpg\",\"contentUrl\":\"https:\/\/grizzlyadam.co.uk\/wp-content\/uploads\/2017\/10\/boar-black1.jpg\",\"width\":1000,\"height\":1000},{\"@type\":\"BreadcrumbList\",\"@id\":\"https:\/\/grizzlyadam.co.uk\/product\/black-boar-hair-beard-brush-use-with-balm-beard-oil-to-style-groom\/#breadcrumb\",\"itemListElement\":[{\"@type\":\"ListItem\",\"position\":1,\"name\":\"Home\",\"item\":\"https:\/\/grizzlyadam.co.uk\/\"},{\"@type\":\"ListItem\",\"position\":2,\"name\":\"Shop\",\"item\":\"https:\/\/project1-mke5mv4jgx.live-website.com\/shop\/\"},{\"@type\":\"ListItem\",\"position\":3,\"name\":\"Black Boar Hair Beard Brush &#8211; Use with Balm &amp; Beard Oil to Style &amp; Groom &#8211; Buy Online\"}]},{\"@type\":\"WebSite\",\"@id\":\"https:\/\/project1-mke5mv4jgx.live-website.com\/#website\",\"url\":\"https:\/\/project1-mke5mv4jgx.live-website.com\/\",\"name\":\"Grizzly Adam\",\"description\":\"Beard Oil And Grooming Products For Gentlemen\",\"publisher\":{\"@id\":\"https:\/\/project1-mke5mv4jgx.live-website.com\/#organization\"},\"potentialAction\":[{\"@type\":\"SearchAction\",\"target\":{\"@type\":\"EntryPoint\",\"urlTemplate\":\"https:\/\/project1-mke5mv4jgx.live-website.com\/?s={search_term_string}\"},\"query-input\":{\"@type\":\"PropertyValueSpecification\",\"valueRequired\":true,\"valueName\":\"search_term_string\"}}],\"inLanguage\":\"fr-FR\"},{\"@type\":\"Organization\",\"@id\":\"https:\/\/project1-mke5mv4jgx.live-website.com\/#organization\",\"name\":\"GRIZZLY ADAM\",\"url\":\"https:\/\/project1-mke5mv4jgx.live-website.com\/\",\"logo\":{\"@type\":\"ImageObject\",\"inLanguage\":\"fr-FR\",\"@id\":\"https:\/\/project1-mke5mv4jgx.live-website.com\/#\/schema\/logo\/image\/\",\"url\":\"https:\/\/grizzlyadam.co.uk\/wp-content\/uploads\/2019\/11\/gadamlogo.png\",\"contentUrl\":\"https:\/\/grizzlyadam.co.uk\/wp-content\/uploads\/2019\/11\/gadamlogo.png\",\"width\":\"200\",\"height\":\"200\",\"caption\":\"GRIZZLY ADAM\"},\"image\":{\"@id\":\"https:\/\/project1-mke5mv4jgx.live-website.com\/#\/schema\/logo\/image\/\"},\"sameAs\":[\"https:\/\/www.facebook.com\/grizzlyadamuk\",\"https:\/\/x.com\/grizzlyadamuk\",\"https:\/\/www.instagram.com\/grizzlyadamuk\/\"]}]}<\/script>\n<!-- \/ Yoast SEO plugin. -->","yoast_head_json":{"title":"Black Boar Hair Beard Brush - Use with Balm &amp; Beard Oil to Style &amp; Groom - Buy Online - Grizzly Adam","robots":{"index":"index","follow":"follow","max-snippet":"max-snippet:-1","max-image-preview":"max-image-preview:large","max-video-preview":"max-video-preview:-1"},"canonical":"https:\/\/grizzlyadam.co.uk\/fr\/produit\/black-boar-hair-beard-brush-use-with-balm-beard-oil-to-style-groom\/","og_locale":"fr_FR","og_type":"article","og_title":"Black Boar Hair Beard Brush - Use with Balm &amp; Beard Oil to Style &amp; Groom - Buy Online - Grizzly Adam","og_description":"100% REAL AUTHENTIC BOAR HAIR UNLIKE COMPETITORS  MEDIUM BRISTLE STIFFNESS. FEELS SOFT AGAINST FACE AND SKIN  MILITARY STYLE GRIP FOR EASE OF USE AND MOBILITY  DE-TANGLES HAIRS\/ SPREADS OILS AND BEARD BALM EVENLY THROUGHOUT  STIMULATES HAIR GROWTH","og_url":"https:\/\/grizzlyadam.co.uk\/fr\/produit\/black-boar-hair-beard-brush-use-with-balm-beard-oil-to-style-groom\/","og_site_name":"Grizzly Adam","article_publisher":"https:\/\/www.facebook.com\/grizzlyadamuk","article_modified_time":"2025-12-03T08:38:38+00:00","og_image":[{"width":1000,"height":1000,"url":"https:\/\/grizzlyadam.co.uk\/wp-content\/uploads\/2017\/10\/boar-black1.jpg","type":"image\/jpeg"}],"twitter_card":"summary_large_image","twitter_site":"@grizzlyadamuk","twitter_misc":{"Dur\u00e9e de lecture estim\u00e9e":"2 minutes"},"schema":{"@context":"https:\/\/schema.org","@graph":[{"@type":"WebPage","@id":"https:\/\/grizzlyadam.co.uk\/product\/black-boar-hair-beard-brush-use-with-balm-beard-oil-to-style-groom\/","url":"https:\/\/grizzlyadam.co.uk\/product\/black-boar-hair-beard-brush-use-with-balm-beard-oil-to-style-groom\/","name":"Black Boar Hair Beard Brush - Use with Balm &amp; Beard Oil to Style &amp; Groom - Buy Online - Grizzly Adam","isPartOf":{"@id":"https:\/\/project1-mke5mv4jgx.live-website.com\/#website"},"primaryImageOfPage":{"@id":"https:\/\/grizzlyadam.co.uk\/product\/black-boar-hair-beard-brush-use-with-balm-beard-oil-to-style-groom\/#primaryimage"},"image":{"@id":"https:\/\/grizzlyadam.co.uk\/product\/black-boar-hair-beard-brush-use-with-balm-beard-oil-to-style-groom\/#primaryimage"},"thumbnailUrl":"https:\/\/grizzlyadam.co.uk\/wp-content\/uploads\/2017\/10\/boar-black1.jpg","datePublished":"2017-10-07T17:24:15+00:00","dateModified":"2025-12-03T08:38:38+00:00","breadcrumb":{"@id":"https:\/\/grizzlyadam.co.uk\/product\/black-boar-hair-beard-brush-use-with-balm-beard-oil-to-style-groom\/#breadcrumb"},"inLanguage":"fr-FR","potentialAction":[{"@type":"ReadAction","target":["https:\/\/grizzlyadam.co.uk\/product\/black-boar-hair-beard-brush-use-with-balm-beard-oil-to-style-groom\/"]}]},{"@type":"ImageObject","inLanguage":"fr-FR","@id":"https:\/\/grizzlyadam.co.uk\/product\/black-boar-hair-beard-brush-use-with-balm-beard-oil-to-style-groom\/#primaryimage","url":"https:\/\/grizzlyadam.co.uk\/wp-content\/uploads\/2017\/10\/boar-black1.jpg","contentUrl":"https:\/\/grizzlyadam.co.uk\/wp-content\/uploads\/2017\/10\/boar-black1.jpg","width":1000,"height":1000},{"@type":"BreadcrumbList","@id":"https:\/\/grizzlyadam.co.uk\/product\/black-boar-hair-beard-brush-use-with-balm-beard-oil-to-style-groom\/#breadcrumb","itemListElement":[{"@type":"ListItem","position":1,"name":"Home","item":"https:\/\/grizzlyadam.co.uk\/"},{"@type":"ListItem","position":2,"name":"Shop","item":"https:\/\/project1-mke5mv4jgx.live-website.com\/shop\/"},{"@type":"ListItem","position":3,"name":"Black Boar Hair Beard Brush &#8211; Use with Balm &amp; Beard Oil to Style &amp; Groom &#8211; Buy Online"}]},{"@type":"WebSite","@id":"https:\/\/project1-mke5mv4jgx.live-website.com\/#website","url":"https:\/\/project1-mke5mv4jgx.live-website.com\/","name":"Grizzly Adam","description":"Huile \u00e0 barbe et produits de toilettage pour hommes","publisher":{"@id":"https:\/\/project1-mke5mv4jgx.live-website.com\/#organization"},"potentialAction":[{"@type":"SearchAction","target":{"@type":"EntryPoint","urlTemplate":"https:\/\/project1-mke5mv4jgx.live-website.com\/?s={search_term_string}"},"query-input":{"@type":"PropertyValueSpecification","valueRequired":true,"valueName":"search_term_string"}}],"inLanguage":"fr-FR"},{"@type":"Organization","@id":"https:\/\/project1-mke5mv4jgx.live-website.com\/#organization","name":"GRIZZLY ADAM","url":"https:\/\/project1-mke5mv4jgx.live-website.com\/","logo":{"@type":"ImageObject","inLanguage":"fr-FR","@id":"https:\/\/project1-mke5mv4jgx.live-website.com\/#\/schema\/logo\/image\/","url":"https:\/\/grizzlyadam.co.uk\/wp-content\/uploads\/2019\/11\/gadamlogo.png","contentUrl":"https:\/\/grizzlyadam.co.uk\/wp-content\/uploads\/2019\/11\/gadamlogo.png","width":"200","height":"200","caption":"GRIZZLY ADAM"},"image":{"@id":"https:\/\/project1-mke5mv4jgx.live-website.com\/#\/schema\/logo\/image\/"},"sameAs":["https:\/\/www.facebook.com\/grizzlyadamuk","https:\/\/x.com\/grizzlyadamuk","https:\/\/www.instagram.com\/grizzlyadamuk\/"]}]}},"df_price":11.5,"df_sale_price":11.5,"df_regular_price":18.95,"df_image_link":"https:\/\/grizzlyadam.co.uk\/wp-content\/uploads\/2017\/10\/boar-black1-300x300.jpg","_links":{"self":[{"href":"https:\/\/grizzlyadam.co.uk\/fr\/wp-json\/wp\/v2\/product\/7874","targetHints":{"allow":["GET"]}}],"collection":[{"href":"https:\/\/grizzlyadam.co.uk\/fr\/wp-json\/wp\/v2\/product"}],"about":[{"href":"https:\/\/grizzlyadam.co.uk\/fr\/wp-json\/wp\/v2\/types\/product"}],"replies":[{"embeddable":true,"href":"https:\/\/grizzlyadam.co.uk\/fr\/wp-json\/wp\/v2\/comments?post=7874"}],"wp:featuredmedia":[{"embeddable":true,"href":"https:\/\/grizzlyadam.co.uk\/fr\/wp-json\/wp\/v2\/media\/10357"}],"wp:attachment":[{"href":"https:\/\/grizzlyadam.co.uk\/fr\/wp-json\/wp\/v2\/media?parent=7874"}],"wp:term":[{"taxonomy":"product_brand","embeddable":true,"href":"https:\/\/grizzlyadam.co.uk\/fr\/wp-json\/wp\/v2\/product_brand?post=7874"},{"taxonomy":"product_cat","embeddable":true,"href":"https:\/\/grizzlyadam.co.uk\/fr\/wp-json\/wp\/v2\/product_cat?post=7874"},{"taxonomy":"product_tag","embeddable":true,"href":"https:\/\/grizzlyadam.co.uk\/fr\/wp-json\/wp\/v2\/product_tag?post=7874"}],"curies":[{"name":"wp","href":"https:\/\/api.w.org\/{rel}","templated":true}]}}