{"id":7438,"date":"2017-09-11T14:22:49","date_gmt":"2017-09-11T13:22:49","guid":{"rendered":"https:\/\/grizzlyadam.co.uk\/?post_type=product&#038;p=7438"},"modified":"2025-06-01T14:35:13","modified_gmt":"2025-06-01T13:35:13","slug":"3-for-2-beard-growth-supplements-free-beard-oil","status":"publish","type":"product","link":"https:\/\/grizzlyadam.co.uk\/fr\/produit\/3-for-2-beard-growth-supplements-free-beard-oil\/","title":{"rendered":"3 pour 2 Suppl\u00e9ments pour la croissance de la barbe + huile \u00e0 barbe"},"content":{"rendered":"<h2>Voici d'autres avantages incroyables que vous obtiendrez en prenant r\u00e9guli\u00e8rement le compl\u00e9ment alimentaire Grizzly Adam pour la croissance des cheveux et de la barbe :<\/h2>\n<ul>\n<li><strong>Faites le plein de vitamines et de min\u00e9raux nourrissants qui pr\u00e9viennent la chute des cheveux et stimulent leur croissance !<\/strong><\/li>\n<\/ul>\n<ul>\n<li>Votre barbe devient plus forte gr\u00e2ce aux vitamines puissantes contenues dans chaque capsule.<\/li>\n<\/ul>\n<ul>\n<li><strong>Une croissance des poils de barbe plus rapide que jamais - une fois que votre corps a re\u00e7u tous les nutriments essentiels dont il a besoin, il enclenche l'interrupteur et commence \u00e0 faire pousser votre barbe, et ce, rapidement !<\/strong><\/li>\n<\/ul>\n<ul>\n<li>Gr\u00e2ce \u00e0 tous ces nutriments et min\u00e9raux essentiels, votre barbe ne se contentera pas de pousser plus longtemps - elle sera \u00e9galement plus \u00e9paisse, plus fournie, plus dense et d'apparence plus saine.<\/li>\n<\/ul>\n<ul>\n<li><strong>Remplir les zones clairsem\u00e9es - Fini les zones clairsem\u00e9es : votre barbe aura tout ce qu'il faut pour pousser tout ce qu'il faut.\u00a0<\/strong><strong>vos g\u00e8nes le permettent !<\/strong><\/li>\n<\/ul>\n<ul>\n<li>Doux, riche et brillant - vous restaurerez l'\u00e9lasticit\u00e9, la douceur et la brillance naturelles de vos cheveux gr\u00e2ce \u00e0 cette formule puissante !<\/li>\n<\/ul>\n<ul>\n<li><strong>Rendez vos amis barbus jaloux et envieux de votre nouvelle barbe plus \u00e9paisse, plus saine, plus fonc\u00e9e et plus belle !<\/strong><\/li>\n<\/ul>\n<ul>\n<li>Laissez-vous enfin pousser la barbe virile dont vous avez toujours r\u00eav\u00e9, m\u00eame si vos poils sont clairsem\u00e9s ou si vous \u00eates chauve !<\/li>\n<\/ul>\n<ul>\n<li><strong>Ayez davantage confiance en votre masculinit\u00e9 - et voyez cette confiance vous rendre plus s\u00e9duisant et vous permettre d'\u00eatre plus performant.\u00a0<\/strong><strong>mieux, sans que la peur de para\u00eetre immature ne vous retienne !<\/strong><\/li>\n<\/ul>\n<ul>\n<li>Investissez dans la sant\u00e9 de votre cuir chevelu et de votre barbe - vous n'obtiendrez pas une crini\u00e8re bien fournie du jour au lendemain, mais vous investirez \u00e0 long terme.<br \/>\nla croissance, la sant\u00e9 et la pl\u00e9nitude de vos cheveux !<\/li>\n<\/ul>\n<ul>\n<li><strong>Ralentissez la chute des cheveux ou la calvitie potentielle ! Vos follicules pileux recevront tout le carburant dont ils ont besoin pour une croissance et une force maximales des cheveux afin de lutter contre la calvitie !<\/strong><\/li>\n<\/ul>","protected":false},"excerpt":{"rendered":"<h1>Profitez de cette offre exclusive 3 pour 2 sur les suppl\u00e9ments de croissance de barbe Grizzly Adam +. <strong>\u00a030 ml d'huile \u00e0 barbe d'une valeur de \u00a314.99<\/strong><\/h1>\n<p><span style=\"background-color: #ffff00;\">Economies totales de \u00a319.98 en achetant aujourd'hui !<\/span><\/p>\n<p>&nbsp;<\/p>\n<ol>\n<li>3 mois d'approvisionnement en <a href=\"https:\/\/grizzlyadam.co.uk\/fr\/hair-and-beard-growth-support\/\">suppl\u00e9ments pour la croissance de la barbe d'une valeur de \u00a319.99 l'unit\u00e9<\/a> - Valeur totale = <strong>\u00a359.97<\/strong><\/li>\n<li>1 x <a href=\"https:\/\/grizzlyadam.co.uk\/fr\/produit\/beard-oil-cedar-lime-100-natural-moisturizes-beard-hair-and-skin-eliminates-itching-and-dandruff\/\">30ml d'huile \u00e0 barbe d'une valeur de \u00a314.99<\/a><\/li>\n<li>Tout est exp\u00e9di\u00e9 gratuitement pour <strong>seulement 49,99<\/strong> et un<strong> \u00e9conomie totale de 19,98 \u00a3.<\/strong><\/li>\n<\/ol>","protected":false},"featured_media":2230,"comment_status":"closed","ping_status":"closed","template":"","meta":[],"product_brand":[],"product_cat":[250,251,89],"product_tag":[],"class_list":{"0":"post-7438","1":"product","2":"type-product","3":"status-publish","4":"has-post-thumbnail","6":"product_cat-beard-growth","7":"product_cat-bundles","8":"product_cat-supplements","10":"first","11":"instock","12":"sale","13":"taxable","14":"shipping-taxable","15":"purchasable","16":"product-type-simple"},"yoast_head":"<!-- This site is optimized with the Yoast SEO plugin v27.2 - https:\/\/yoast.com\/product\/yoast-seo-wordpress\/ -->\n<title>3 for 2 Beard Growth Supplements + Beard Oil - Grizzly Adam<\/title>\n<meta name=\"robots\" content=\"index, follow, max-snippet:-1, max-image-preview:large, max-video-preview:-1\" \/>\n<link rel=\"canonical\" href=\"https:\/\/grizzlyadam.co.uk\/fr\/produit\/3-for-2-beard-growth-supplements-free-beard-oil\/\" \/>\n<meta property=\"og:locale\" content=\"fr_FR\" \/>\n<meta property=\"og:type\" content=\"article\" \/>\n<meta property=\"og:title\" content=\"3 for 2 Beard Growth Supplements + Beard Oil - Grizzly Adam\" \/>\n<meta property=\"og:description\" content=\"Take advantage of this exclusive 3 for 2 offer on Grizzly Adam beard growth Supplements + \u00a030 ml Beard oil worth \u00a314.99 Total Savings of \u00a319.98 when you buy today!  &nbsp;   3 x months supply of beard growth supplements worth \u00a319.99 each - Total value = \u00a359.97  1 x 30ml beard oil worth \u00a314.99  Everything shipped free of charge for just \u00a349.99 and a total saving of \u00a319.98\" \/>\n<meta property=\"og:url\" content=\"https:\/\/grizzlyadam.co.uk\/fr\/produit\/3-for-2-beard-growth-supplements-free-beard-oil\/\" \/>\n<meta property=\"og:site_name\" content=\"Grizzly Adam\" \/>\n<meta property=\"article:publisher\" content=\"https:\/\/www.facebook.com\/grizzlyadamuk\" \/>\n<meta property=\"article:modified_time\" content=\"2025-06-01T13:35:13+00:00\" \/>\n<meta property=\"og:image\" content=\"https:\/\/grizzlyadam.co.uk\/wp-content\/uploads\/2017\/02\/Image-3.jpg\" \/>\n\t<meta property=\"og:image:width\" content=\"1200\" \/>\n\t<meta property=\"og:image:height\" content=\"1201\" \/>\n\t<meta property=\"og:image:type\" content=\"image\/jpeg\" \/>\n<meta name=\"twitter:card\" content=\"summary_large_image\" \/>\n<meta name=\"twitter:site\" content=\"@grizzlyadamuk\" \/>\n<meta name=\"twitter:label1\" content=\"Dur\u00e9e de lecture estim\u00e9e\" \/>\n\t<meta name=\"twitter:data1\" content=\"1 minute\" \/>\n<script type=\"application\/ld+json\" class=\"yoast-schema-graph\">{\"@context\":\"https:\/\/schema.org\",\"@graph\":[{\"@type\":\"WebPage\",\"@id\":\"https:\/\/grizzlyadam.co.uk\/product\/3-for-2-beard-growth-supplements-free-beard-oil\/\",\"url\":\"https:\/\/grizzlyadam.co.uk\/product\/3-for-2-beard-growth-supplements-free-beard-oil\/\",\"name\":\"3 for 2 Beard Growth Supplements + Beard Oil - Grizzly Adam\",\"isPartOf\":{\"@id\":\"https:\/\/project1-mke5mv4jgx.live-website.com\/#website\"},\"primaryImageOfPage\":{\"@id\":\"https:\/\/grizzlyadam.co.uk\/product\/3-for-2-beard-growth-supplements-free-beard-oil\/#primaryimage\"},\"image\":{\"@id\":\"https:\/\/grizzlyadam.co.uk\/product\/3-for-2-beard-growth-supplements-free-beard-oil\/#primaryimage\"},\"thumbnailUrl\":\"https:\/\/grizzlyadam.co.uk\/wp-content\/uploads\/2017\/02\/Image-3.jpg\",\"datePublished\":\"2017-09-11T13:22:49+00:00\",\"dateModified\":\"2025-06-01T13:35:13+00:00\",\"breadcrumb\":{\"@id\":\"https:\/\/grizzlyadam.co.uk\/product\/3-for-2-beard-growth-supplements-free-beard-oil\/#breadcrumb\"},\"inLanguage\":\"fr-FR\",\"potentialAction\":[{\"@type\":\"ReadAction\",\"target\":[\"https:\/\/grizzlyadam.co.uk\/product\/3-for-2-beard-growth-supplements-free-beard-oil\/\"]}]},{\"@type\":\"ImageObject\",\"inLanguage\":\"fr-FR\",\"@id\":\"https:\/\/grizzlyadam.co.uk\/product\/3-for-2-beard-growth-supplements-free-beard-oil\/#primaryimage\",\"url\":\"https:\/\/grizzlyadam.co.uk\/wp-content\/uploads\/2017\/02\/Image-3.jpg\",\"contentUrl\":\"https:\/\/grizzlyadam.co.uk\/wp-content\/uploads\/2017\/02\/Image-3.jpg\",\"width\":1200,\"height\":1201},{\"@type\":\"BreadcrumbList\",\"@id\":\"https:\/\/grizzlyadam.co.uk\/product\/3-for-2-beard-growth-supplements-free-beard-oil\/#breadcrumb\",\"itemListElement\":[{\"@type\":\"ListItem\",\"position\":1,\"name\":\"Home\",\"item\":\"https:\/\/grizzlyadam.co.uk\/\"},{\"@type\":\"ListItem\",\"position\":2,\"name\":\"Shop\",\"item\":\"https:\/\/project1-mke5mv4jgx.live-website.com\/shop\/\"},{\"@type\":\"ListItem\",\"position\":3,\"name\":\"3 for 2 Beard Growth Supplements + Beard Oil\"}]},{\"@type\":\"WebSite\",\"@id\":\"https:\/\/project1-mke5mv4jgx.live-website.com\/#website\",\"url\":\"https:\/\/project1-mke5mv4jgx.live-website.com\/\",\"name\":\"Grizzly Adam\",\"description\":\"Beard Oil And Grooming Products For Gentlemen\",\"publisher\":{\"@id\":\"https:\/\/project1-mke5mv4jgx.live-website.com\/#organization\"},\"potentialAction\":[{\"@type\":\"SearchAction\",\"target\":{\"@type\":\"EntryPoint\",\"urlTemplate\":\"https:\/\/project1-mke5mv4jgx.live-website.com\/?s={search_term_string}\"},\"query-input\":{\"@type\":\"PropertyValueSpecification\",\"valueRequired\":true,\"valueName\":\"search_term_string\"}}],\"inLanguage\":\"fr-FR\"},{\"@type\":\"Organization\",\"@id\":\"https:\/\/project1-mke5mv4jgx.live-website.com\/#organization\",\"name\":\"GRIZZLY ADAM\",\"url\":\"https:\/\/project1-mke5mv4jgx.live-website.com\/\",\"logo\":{\"@type\":\"ImageObject\",\"inLanguage\":\"fr-FR\",\"@id\":\"https:\/\/project1-mke5mv4jgx.live-website.com\/#\/schema\/logo\/image\/\",\"url\":\"https:\/\/grizzlyadam.co.uk\/wp-content\/uploads\/2019\/11\/gadamlogo.png\",\"contentUrl\":\"https:\/\/grizzlyadam.co.uk\/wp-content\/uploads\/2019\/11\/gadamlogo.png\",\"width\":\"200\",\"height\":\"200\",\"caption\":\"GRIZZLY ADAM\"},\"image\":{\"@id\":\"https:\/\/project1-mke5mv4jgx.live-website.com\/#\/schema\/logo\/image\/\"},\"sameAs\":[\"https:\/\/www.facebook.com\/grizzlyadamuk\",\"https:\/\/x.com\/grizzlyadamuk\",\"https:\/\/www.instagram.com\/grizzlyadamuk\/\"]}]}<\/script>\n<!-- \/ Yoast SEO plugin. -->","yoast_head_json":{"title":"3 for 2 Beard Growth Supplements + Beard Oil - Grizzly Adam","robots":{"index":"index","follow":"follow","max-snippet":"max-snippet:-1","max-image-preview":"max-image-preview:large","max-video-preview":"max-video-preview:-1"},"canonical":"https:\/\/grizzlyadam.co.uk\/fr\/produit\/3-for-2-beard-growth-supplements-free-beard-oil\/","og_locale":"fr_FR","og_type":"article","og_title":"3 for 2 Beard Growth Supplements + Beard Oil - Grizzly Adam","og_description":"Take advantage of this exclusive 3 for 2 offer on Grizzly Adam beard growth Supplements + \u00a030 ml Beard oil worth \u00a314.99 Total Savings of \u00a319.98 when you buy today!  &nbsp;   3 x months supply of beard growth supplements worth \u00a319.99 each - Total value = \u00a359.97  1 x 30ml beard oil worth \u00a314.99  Everything shipped free of charge for just \u00a349.99 and a total saving of \u00a319.98","og_url":"https:\/\/grizzlyadam.co.uk\/fr\/produit\/3-for-2-beard-growth-supplements-free-beard-oil\/","og_site_name":"Grizzly Adam","article_publisher":"https:\/\/www.facebook.com\/grizzlyadamuk","article_modified_time":"2025-06-01T13:35:13+00:00","og_image":[{"width":1200,"height":1201,"url":"https:\/\/grizzlyadam.co.uk\/wp-content\/uploads\/2017\/02\/Image-3.jpg","type":"image\/jpeg"}],"twitter_card":"summary_large_image","twitter_site":"@grizzlyadamuk","twitter_misc":{"Dur\u00e9e de lecture estim\u00e9e":"1 minute"},"schema":{"@context":"https:\/\/schema.org","@graph":[{"@type":"WebPage","@id":"https:\/\/grizzlyadam.co.uk\/product\/3-for-2-beard-growth-supplements-free-beard-oil\/","url":"https:\/\/grizzlyadam.co.uk\/product\/3-for-2-beard-growth-supplements-free-beard-oil\/","name":"3 for 2 Beard Growth Supplements + Beard Oil - Grizzly Adam","isPartOf":{"@id":"https:\/\/project1-mke5mv4jgx.live-website.com\/#website"},"primaryImageOfPage":{"@id":"https:\/\/grizzlyadam.co.uk\/product\/3-for-2-beard-growth-supplements-free-beard-oil\/#primaryimage"},"image":{"@id":"https:\/\/grizzlyadam.co.uk\/product\/3-for-2-beard-growth-supplements-free-beard-oil\/#primaryimage"},"thumbnailUrl":"https:\/\/grizzlyadam.co.uk\/wp-content\/uploads\/2017\/02\/Image-3.jpg","datePublished":"2017-09-11T13:22:49+00:00","dateModified":"2025-06-01T13:35:13+00:00","breadcrumb":{"@id":"https:\/\/grizzlyadam.co.uk\/product\/3-for-2-beard-growth-supplements-free-beard-oil\/#breadcrumb"},"inLanguage":"fr-FR","potentialAction":[{"@type":"ReadAction","target":["https:\/\/grizzlyadam.co.uk\/product\/3-for-2-beard-growth-supplements-free-beard-oil\/"]}]},{"@type":"ImageObject","inLanguage":"fr-FR","@id":"https:\/\/grizzlyadam.co.uk\/product\/3-for-2-beard-growth-supplements-free-beard-oil\/#primaryimage","url":"https:\/\/grizzlyadam.co.uk\/wp-content\/uploads\/2017\/02\/Image-3.jpg","contentUrl":"https:\/\/grizzlyadam.co.uk\/wp-content\/uploads\/2017\/02\/Image-3.jpg","width":1200,"height":1201},{"@type":"BreadcrumbList","@id":"https:\/\/grizzlyadam.co.uk\/product\/3-for-2-beard-growth-supplements-free-beard-oil\/#breadcrumb","itemListElement":[{"@type":"ListItem","position":1,"name":"Home","item":"https:\/\/grizzlyadam.co.uk\/"},{"@type":"ListItem","position":2,"name":"Shop","item":"https:\/\/project1-mke5mv4jgx.live-website.com\/shop\/"},{"@type":"ListItem","position":3,"name":"3 for 2 Beard Growth Supplements + Beard Oil"}]},{"@type":"WebSite","@id":"https:\/\/project1-mke5mv4jgx.live-website.com\/#website","url":"https:\/\/project1-mke5mv4jgx.live-website.com\/","name":"Grizzly Adam","description":"Huile \u00e0 barbe et produits de toilettage pour hommes","publisher":{"@id":"https:\/\/project1-mke5mv4jgx.live-website.com\/#organization"},"potentialAction":[{"@type":"SearchAction","target":{"@type":"EntryPoint","urlTemplate":"https:\/\/project1-mke5mv4jgx.live-website.com\/?s={search_term_string}"},"query-input":{"@type":"PropertyValueSpecification","valueRequired":true,"valueName":"search_term_string"}}],"inLanguage":"fr-FR"},{"@type":"Organization","@id":"https:\/\/project1-mke5mv4jgx.live-website.com\/#organization","name":"GRIZZLY ADAM","url":"https:\/\/project1-mke5mv4jgx.live-website.com\/","logo":{"@type":"ImageObject","inLanguage":"fr-FR","@id":"https:\/\/project1-mke5mv4jgx.live-website.com\/#\/schema\/logo\/image\/","url":"https:\/\/grizzlyadam.co.uk\/wp-content\/uploads\/2019\/11\/gadamlogo.png","contentUrl":"https:\/\/grizzlyadam.co.uk\/wp-content\/uploads\/2019\/11\/gadamlogo.png","width":"200","height":"200","caption":"GRIZZLY ADAM"},"image":{"@id":"https:\/\/project1-mke5mv4jgx.live-website.com\/#\/schema\/logo\/image\/"},"sameAs":["https:\/\/www.facebook.com\/grizzlyadamuk","https:\/\/x.com\/grizzlyadamuk","https:\/\/www.instagram.com\/grizzlyadamuk\/"]}]}},"df_price":49.99,"df_sale_price":49.99,"df_regular_price":69.96,"df_image_link":"https:\/\/grizzlyadam.co.uk\/wp-content\/uploads\/2017\/02\/Image-3-300x300.jpg","_links":{"self":[{"href":"https:\/\/grizzlyadam.co.uk\/fr\/wp-json\/wp\/v2\/product\/7438","targetHints":{"allow":["GET"]}}],"collection":[{"href":"https:\/\/grizzlyadam.co.uk\/fr\/wp-json\/wp\/v2\/product"}],"about":[{"href":"https:\/\/grizzlyadam.co.uk\/fr\/wp-json\/wp\/v2\/types\/product"}],"replies":[{"embeddable":true,"href":"https:\/\/grizzlyadam.co.uk\/fr\/wp-json\/wp\/v2\/comments?post=7438"}],"wp:featuredmedia":[{"embeddable":true,"href":"https:\/\/grizzlyadam.co.uk\/fr\/wp-json\/wp\/v2\/media\/2230"}],"wp:attachment":[{"href":"https:\/\/grizzlyadam.co.uk\/fr\/wp-json\/wp\/v2\/media?parent=7438"}],"wp:term":[{"taxonomy":"product_brand","embeddable":true,"href":"https:\/\/grizzlyadam.co.uk\/fr\/wp-json\/wp\/v2\/product_brand?post=7438"},{"taxonomy":"product_cat","embeddable":true,"href":"https:\/\/grizzlyadam.co.uk\/fr\/wp-json\/wp\/v2\/product_cat?post=7438"},{"taxonomy":"product_tag","embeddable":true,"href":"https:\/\/grizzlyadam.co.uk\/fr\/wp-json\/wp\/v2\/product_tag?post=7438"}],"curies":[{"name":"wp","href":"https:\/\/api.w.org\/{rel}","templated":true}]}}