{"id":6889,"date":"2017-08-25T13:54:11","date_gmt":"2017-08-25T12:54:11","guid":{"rendered":"https:\/\/grizzlyadam.co.uk\/?post_type=product&#038;p=6889"},"modified":"2026-01-05T12:37:21","modified_gmt":"2026-01-05T12:37:21","slug":"grizzly-adam-beard-balm-one-off-purchase-sale","status":"publish","type":"product","link":"https:\/\/grizzlyadam.co.uk\/fr\/produit\/grizzly-adam-beard-balm-one-off-purchase-sale\/","title":{"rendered":"Baume \u00e0 barbe Grizzly Adam \u00e0 partir d'un achat"},"content":{"rendered":"<p style=\"text-align: left;\"><b><br \/>\nOBTENEZ LE LOOK D'UNE BARBE SOIGN\u00c9E AVEC LE BAUME \u00c0 BARBE NATUREL 100% DE GRIZZLY ADAM<\/b><\/p>\n<p style=\"text-align: left;\">Le baume \u00e0 barbe est ce dont vous avez besoin pour faire pousser votre barbe. Point final. Ce revitalisant sans rin\u00e7age enti\u00e8rement naturel est parfaitement formul\u00e9 pour pr\u00e9venir les pointes fourchues, contr\u00f4ler les frisottis et les enchev\u00eatrements, adoucir les moustaches pour les rencontres intimes, soulager la peau s\u00e8che et les d\u00e9mangeaisons, r\u00e9duire les plaques et vous rendre, vous et votre superbe barbe, beaucoup plus attrayants. Le baume \u00e0 barbe convient \u00e0 toutes les vari\u00e9t\u00e9s et longueurs de poils du visage.<\/p>\n<p style=\"text-align: left;\">Votre chemin vers une barbe plus \u00e9l\u00e9gante et plus saine est tr\u00e8s efficace et sans tracas. Il suffit d'utiliser une petite quantit\u00e9 de baume conditionnant avec vos doigts et de l'\u00e9taler dans votre barbe. Ensuite, laissez-le s\u00e9cher et commencez \u00e0 profiter d'une barbe plus forte et plus \u00e9l\u00e9gante en un rien de temps.<\/p>\n<p style=\"text-align: left;\"><b>PARFUM MASCULIN<\/b> - L'ar\u00f4me agr\u00e9able du bois de c\u00e8dre luxueux m\u00e9lang\u00e9 \u00e0 la fra\u00eecheur du citron vert donne un parfum qui embrasse votre barbe et lui donne vie.<\/p>\n<p style=\"text-align: left;\"><b>Ajoutez le baume \u00e0 barbe Grizzly Adam \u00e0 votre panier aujourd'hui<\/b><\/p>\n<p>&nbsp;<\/p>","protected":false},"excerpt":{"rendered":"<div id=\"fbExpandableSectionContent\" class=\"a-section a-spacing-none expandableSection\">\n<ul class=\"a-vertical a-spacing-none\">\n<li class=\"showHiddenFeatureBullets\"><span class=\"a-list-item\">SOIGNE ET AIDE A LA CROISSANCE - Les ingr\u00e9dients naturels et biologiques p\u00e9n\u00e8trent profond\u00e9ment dans les cheveux et les nourrissent de l'int\u00e9rieur et de l'ext\u00e9rieur ! Il agit sur les barbes longues et courtes pour revitaliser et adoucir vos cheveux, am\u00e9liorer leur force et leur brillance.<\/span><\/li>\n<li class=\"showHiddenFeatureBullets\"><span class=\"a-list-item\">Fabriqu\u00e9 au Royaume-Uni - Le baume \u00e0 barbe Grizzly Adam est le meilleur revitalisant et \u00e9paississant pour barbe sans rin\u00e7age avec des huiles naturelles pour aider les barbes cassantes, les pellicules de barbe, les d\u00e9mangeaisons et les pointes fourchues sur le march\u00e9. Combattez les plaques ! Utiliser quotidiennement pour un meilleur effet de barbe<\/span><\/li>\n<li class=\"showHiddenFeatureBullets\"><span class=\"a-list-item\">MA\u00ceTRISE LA FOLIE, \u00c9VOLUE VOTRE STYLE - Tient les poils rebelles \u00e0 distance et vous permet de former une barbe compl\u00e8te et bestiale.<\/span><\/li>\n<li class=\"showHiddenFeatureBullets\"><span class=\"a-list-item\">ARR\u00caTE LA D\u00c9CHARGE DE LA BARBE - Soulage la peau s\u00e8che et aide \u00e0 l'hydratation pour arr\u00eater la d\u00e9mangeaison de la repousse des poils.<\/span><\/li>\n<li class=\"showHiddenFeatureBullets\"><span class=\"a-list-item\">100% MONEY BACK GUARANTEE - aucune question pos\u00e9e ! Si vous ne l'aimez pas, nous vous remboursons !<\/span><\/li>\n<\/ul>\n<\/div>","protected":false},"featured_media":2173,"comment_status":"open","ping_status":"closed","template":"","meta":[],"product_brand":[],"product_cat":[69],"product_tag":[],"class_list":{"0":"post-6889","1":"product","2":"type-product","3":"status-publish","4":"has-post-thumbnail","6":"product_cat-beard-balm","8":"first","9":"instock","10":"sale","11":"featured","12":"taxable","13":"shipping-taxable","14":"purchasable","15":"product-type-simple"},"yoast_head":"<!-- This site is optimized with the Yoast SEO plugin v27.4 - https:\/\/yoast.com\/product\/yoast-seo-wordpress\/ -->\n<title>Grizzly Adam Beard Balm One Off Purchase - Grizzly Adam<\/title>\n<meta name=\"robots\" content=\"index, follow, max-snippet:-1, max-image-preview:large, max-video-preview:-1\" \/>\n<link rel=\"canonical\" href=\"https:\/\/project1-mke5mv4jgx.live-website.com\/product\/grizzly-adam-beard-balm-one-off-purchase-sale\/\" \/>\n<meta property=\"og:locale\" content=\"fr_FR\" \/>\n<meta property=\"og:type\" content=\"article\" \/>\n<meta property=\"og:title\" content=\"Grizzly Adam Beard Balm One Off Purchase - Grizzly Adam\" \/>\n<meta property=\"og:description\" content=\"CONDITIONS AND HELPS NEW GROWTH - The natural, organic ingredients get deep into the hair and nourishes it from inside and out! It works on long and short beards to condition &amp; soften your hair, improve strength &amp; shine  MADE IN THE UK - Grizzly Adam Beard Balm is the top gentlemans leave-in beard conditioner and thickener with natural oils to help with brittle beards, beard-druff, itching and split ends on the market. Fight patchiness! Use daily for the best beard effect  TAME THE WILD, EVOLVE YOUR STYLE - Keeps the straggler hairs at bay and allows you to form a full, beastly beard  STOPS BEARD-ITCH - Relieves dry skin &amp; helps moisturize to stop the itch of new hair growth in its tracks  100% MONEY BACK GUARANTEE - no questions asked! If you don&#039;t absolutely love it, we&#039;ll refund it!\" \/>\n<meta property=\"og:url\" content=\"https:\/\/project1-mke5mv4jgx.live-website.com\/product\/grizzly-adam-beard-balm-one-off-purchase-sale\/\" \/>\n<meta property=\"og:site_name\" content=\"Grizzly Adam\" \/>\n<meta property=\"article:publisher\" content=\"https:\/\/www.facebook.com\/grizzlyadamuk\" \/>\n<meta property=\"article:modified_time\" content=\"2026-01-05T12:37:21+00:00\" \/>\n<meta property=\"og:image\" content=\"https:\/\/project1-mke5mv4jgx.live-website.com\/wp-content\/uploads\/2017\/02\/balm1.jpg\" \/>\n\t<meta property=\"og:image:width\" content=\"1000\" \/>\n\t<meta property=\"og:image:height\" content=\"1000\" \/>\n\t<meta property=\"og:image:type\" content=\"image\/jpeg\" \/>\n<meta name=\"twitter:card\" content=\"summary_large_image\" \/>\n<meta name=\"twitter:site\" content=\"@grizzlyadamuk\" \/>\n<meta name=\"twitter:label1\" content=\"Dur\u00e9e de lecture estim\u00e9e\" \/>\n\t<meta name=\"twitter:data1\" content=\"1 minute\" \/>\n<script type=\"application\/ld+json\" class=\"yoast-schema-graph\">{\"@context\":\"https:\\\/\\\/schema.org\",\"@graph\":[{\"@type\":\"WebPage\",\"@id\":\"https:\\\/\\\/project1-mke5mv4jgx.live-website.com\\\/product\\\/grizzly-adam-beard-balm-one-off-purchase-sale\\\/\",\"url\":\"https:\\\/\\\/project1-mke5mv4jgx.live-website.com\\\/product\\\/grizzly-adam-beard-balm-one-off-purchase-sale\\\/\",\"name\":\"Grizzly Adam Beard Balm One Off Purchase - Grizzly Adam\",\"isPartOf\":{\"@id\":\"https:\\\/\\\/project1-mke5mv4jgx.live-website.com\\\/#website\"},\"primaryImageOfPage\":{\"@id\":\"https:\\\/\\\/project1-mke5mv4jgx.live-website.com\\\/product\\\/grizzly-adam-beard-balm-one-off-purchase-sale\\\/#primaryimage\"},\"image\":{\"@id\":\"https:\\\/\\\/project1-mke5mv4jgx.live-website.com\\\/product\\\/grizzly-adam-beard-balm-one-off-purchase-sale\\\/#primaryimage\"},\"thumbnailUrl\":\"https:\\\/\\\/grizzlyadam.co.uk\\\/wp-content\\\/uploads\\\/2017\\\/02\\\/balm1.jpg\",\"datePublished\":\"2017-08-25T12:54:11+00:00\",\"dateModified\":\"2026-01-05T12:37:21+00:00\",\"breadcrumb\":{\"@id\":\"https:\\\/\\\/project1-mke5mv4jgx.live-website.com\\\/product\\\/grizzly-adam-beard-balm-one-off-purchase-sale\\\/#breadcrumb\"},\"inLanguage\":\"fr-FR\",\"potentialAction\":[{\"@type\":\"ReadAction\",\"target\":[\"https:\\\/\\\/project1-mke5mv4jgx.live-website.com\\\/product\\\/grizzly-adam-beard-balm-one-off-purchase-sale\\\/\"]}]},{\"@type\":\"ImageObject\",\"inLanguage\":\"fr-FR\",\"@id\":\"https:\\\/\\\/project1-mke5mv4jgx.live-website.com\\\/product\\\/grizzly-adam-beard-balm-one-off-purchase-sale\\\/#primaryimage\",\"url\":\"https:\\\/\\\/grizzlyadam.co.uk\\\/wp-content\\\/uploads\\\/2017\\\/02\\\/balm1.jpg\",\"contentUrl\":\"https:\\\/\\\/grizzlyadam.co.uk\\\/wp-content\\\/uploads\\\/2017\\\/02\\\/balm1.jpg\",\"width\":1000,\"height\":1000},{\"@type\":\"BreadcrumbList\",\"@id\":\"https:\\\/\\\/project1-mke5mv4jgx.live-website.com\\\/product\\\/grizzly-adam-beard-balm-one-off-purchase-sale\\\/#breadcrumb\",\"itemListElement\":[{\"@type\":\"ListItem\",\"position\":1,\"name\":\"Home\",\"item\":\"https:\\\/\\\/grizzlyadam.co.uk\\\/\"},{\"@type\":\"ListItem\",\"position\":2,\"name\":\"Shop\",\"item\":\"https:\\\/\\\/project1-mke5mv4jgx.live-website.com\\\/shop\\\/\"},{\"@type\":\"ListItem\",\"position\":3,\"name\":\"Grizzly Adam Beard Balm One Off Purchase\"}]},{\"@type\":\"WebSite\",\"@id\":\"https:\\\/\\\/project1-mke5mv4jgx.live-website.com\\\/#website\",\"url\":\"https:\\\/\\\/project1-mke5mv4jgx.live-website.com\\\/\",\"name\":\"Grizzly Adam\",\"description\":\"Beard Oil And Grooming Products For Gentlemen\",\"publisher\":{\"@id\":\"https:\\\/\\\/project1-mke5mv4jgx.live-website.com\\\/#organization\"},\"potentialAction\":[{\"@type\":\"SearchAction\",\"target\":{\"@type\":\"EntryPoint\",\"urlTemplate\":\"https:\\\/\\\/project1-mke5mv4jgx.live-website.com\\\/?s={search_term_string}\"},\"query-input\":{\"@type\":\"PropertyValueSpecification\",\"valueRequired\":true,\"valueName\":\"search_term_string\"}}],\"inLanguage\":\"fr-FR\"},{\"@type\":\"Organization\",\"@id\":\"https:\\\/\\\/project1-mke5mv4jgx.live-website.com\\\/#organization\",\"name\":\"GRIZZLY ADAM\",\"url\":\"https:\\\/\\\/project1-mke5mv4jgx.live-website.com\\\/\",\"logo\":{\"@type\":\"ImageObject\",\"inLanguage\":\"fr-FR\",\"@id\":\"https:\\\/\\\/project1-mke5mv4jgx.live-website.com\\\/#\\\/schema\\\/logo\\\/image\\\/\",\"url\":\"https:\\\/\\\/grizzlyadam.co.uk\\\/wp-content\\\/uploads\\\/2019\\\/11\\\/gadamlogo.png\",\"contentUrl\":\"https:\\\/\\\/grizzlyadam.co.uk\\\/wp-content\\\/uploads\\\/2019\\\/11\\\/gadamlogo.png\",\"width\":\"200\",\"height\":\"200\",\"caption\":\"GRIZZLY ADAM\"},\"image\":{\"@id\":\"https:\\\/\\\/project1-mke5mv4jgx.live-website.com\\\/#\\\/schema\\\/logo\\\/image\\\/\"},\"sameAs\":[\"https:\\\/\\\/www.facebook.com\\\/grizzlyadamuk\",\"https:\\\/\\\/x.com\\\/grizzlyadamuk\",\"https:\\\/\\\/www.instagram.com\\\/grizzlyadamuk\\\/\"]}]}<\/script>\n<!-- \/ Yoast SEO plugin. -->","yoast_head_json":{"title":"Grizzly Adam Beard Balm One Off Purchase - Grizzly Adam","robots":{"index":"index","follow":"follow","max-snippet":"max-snippet:-1","max-image-preview":"max-image-preview:large","max-video-preview":"max-video-preview:-1"},"canonical":"https:\/\/project1-mke5mv4jgx.live-website.com\/product\/grizzly-adam-beard-balm-one-off-purchase-sale\/","og_locale":"fr_FR","og_type":"article","og_title":"Grizzly Adam Beard Balm One Off Purchase - Grizzly Adam","og_description":"CONDITIONS AND HELPS NEW GROWTH - The natural, organic ingredients get deep into the hair and nourishes it from inside and out! It works on long and short beards to condition &amp; soften your hair, improve strength &amp; shine  MADE IN THE UK - Grizzly Adam Beard Balm is the top gentlemans leave-in beard conditioner and thickener with natural oils to help with brittle beards, beard-druff, itching and split ends on the market. Fight patchiness! Use daily for the best beard effect  TAME THE WILD, EVOLVE YOUR STYLE - Keeps the straggler hairs at bay and allows you to form a full, beastly beard  STOPS BEARD-ITCH - Relieves dry skin &amp; helps moisturize to stop the itch of new hair growth in its tracks  100% MONEY BACK GUARANTEE - no questions asked! If you don't absolutely love it, we'll refund it!","og_url":"https:\/\/project1-mke5mv4jgx.live-website.com\/product\/grizzly-adam-beard-balm-one-off-purchase-sale\/","og_site_name":"Grizzly Adam","article_publisher":"https:\/\/www.facebook.com\/grizzlyadamuk","article_modified_time":"2026-01-05T12:37:21+00:00","og_image":[{"width":1000,"height":1000,"url":"https:\/\/project1-mke5mv4jgx.live-website.com\/wp-content\/uploads\/2017\/02\/balm1.jpg","type":"image\/jpeg"}],"twitter_card":"summary_large_image","twitter_site":"@grizzlyadamuk","twitter_misc":{"Dur\u00e9e de lecture estim\u00e9e":"1 minute"},"schema":{"@context":"https:\/\/schema.org","@graph":[{"@type":"WebPage","@id":"https:\/\/project1-mke5mv4jgx.live-website.com\/product\/grizzly-adam-beard-balm-one-off-purchase-sale\/","url":"https:\/\/project1-mke5mv4jgx.live-website.com\/product\/grizzly-adam-beard-balm-one-off-purchase-sale\/","name":"Grizzly Adam Beard Balm One Off Purchase - Grizzly Adam","isPartOf":{"@id":"https:\/\/project1-mke5mv4jgx.live-website.com\/#website"},"primaryImageOfPage":{"@id":"https:\/\/project1-mke5mv4jgx.live-website.com\/product\/grizzly-adam-beard-balm-one-off-purchase-sale\/#primaryimage"},"image":{"@id":"https:\/\/project1-mke5mv4jgx.live-website.com\/product\/grizzly-adam-beard-balm-one-off-purchase-sale\/#primaryimage"},"thumbnailUrl":"https:\/\/grizzlyadam.co.uk\/wp-content\/uploads\/2017\/02\/balm1.jpg","datePublished":"2017-08-25T12:54:11+00:00","dateModified":"2026-01-05T12:37:21+00:00","breadcrumb":{"@id":"https:\/\/project1-mke5mv4jgx.live-website.com\/product\/grizzly-adam-beard-balm-one-off-purchase-sale\/#breadcrumb"},"inLanguage":"fr-FR","potentialAction":[{"@type":"ReadAction","target":["https:\/\/project1-mke5mv4jgx.live-website.com\/product\/grizzly-adam-beard-balm-one-off-purchase-sale\/"]}]},{"@type":"ImageObject","inLanguage":"fr-FR","@id":"https:\/\/project1-mke5mv4jgx.live-website.com\/product\/grizzly-adam-beard-balm-one-off-purchase-sale\/#primaryimage","url":"https:\/\/grizzlyadam.co.uk\/wp-content\/uploads\/2017\/02\/balm1.jpg","contentUrl":"https:\/\/grizzlyadam.co.uk\/wp-content\/uploads\/2017\/02\/balm1.jpg","width":1000,"height":1000},{"@type":"BreadcrumbList","@id":"https:\/\/project1-mke5mv4jgx.live-website.com\/product\/grizzly-adam-beard-balm-one-off-purchase-sale\/#breadcrumb","itemListElement":[{"@type":"ListItem","position":1,"name":"Home","item":"https:\/\/grizzlyadam.co.uk\/"},{"@type":"ListItem","position":2,"name":"Shop","item":"https:\/\/project1-mke5mv4jgx.live-website.com\/shop\/"},{"@type":"ListItem","position":3,"name":"Grizzly Adam Beard Balm One Off Purchase"}]},{"@type":"WebSite","@id":"https:\/\/project1-mke5mv4jgx.live-website.com\/#website","url":"https:\/\/project1-mke5mv4jgx.live-website.com\/","name":"Grizzly Adam","description":"Huile \u00e0 barbe et produits de toilettage pour hommes","publisher":{"@id":"https:\/\/project1-mke5mv4jgx.live-website.com\/#organization"},"potentialAction":[{"@type":"SearchAction","target":{"@type":"EntryPoint","urlTemplate":"https:\/\/project1-mke5mv4jgx.live-website.com\/?s={search_term_string}"},"query-input":{"@type":"PropertyValueSpecification","valueRequired":true,"valueName":"search_term_string"}}],"inLanguage":"fr-FR"},{"@type":"Organization","@id":"https:\/\/project1-mke5mv4jgx.live-website.com\/#organization","name":"GRIZZLY ADAM","url":"https:\/\/project1-mke5mv4jgx.live-website.com\/","logo":{"@type":"ImageObject","inLanguage":"fr-FR","@id":"https:\/\/project1-mke5mv4jgx.live-website.com\/#\/schema\/logo\/image\/","url":"https:\/\/grizzlyadam.co.uk\/wp-content\/uploads\/2019\/11\/gadamlogo.png","contentUrl":"https:\/\/grizzlyadam.co.uk\/wp-content\/uploads\/2019\/11\/gadamlogo.png","width":"200","height":"200","caption":"GRIZZLY ADAM"},"image":{"@id":"https:\/\/project1-mke5mv4jgx.live-website.com\/#\/schema\/logo\/image\/"},"sameAs":["https:\/\/www.facebook.com\/grizzlyadamuk","https:\/\/x.com\/grizzlyadamuk","https:\/\/www.instagram.com\/grizzlyadamuk\/"]}]}},"df_price":12.99,"df_sale_price":12.99,"df_regular_price":16.99,"df_image_link":"https:\/\/grizzlyadam.co.uk\/wp-content\/uploads\/2017\/02\/balm1-300x300.jpg","_links":{"self":[{"href":"https:\/\/grizzlyadam.co.uk\/fr\/wp-json\/wp\/v2\/product\/6889","targetHints":{"allow":["GET"]}}],"collection":[{"href":"https:\/\/grizzlyadam.co.uk\/fr\/wp-json\/wp\/v2\/product"}],"about":[{"href":"https:\/\/grizzlyadam.co.uk\/fr\/wp-json\/wp\/v2\/types\/product"}],"replies":[{"embeddable":true,"href":"https:\/\/grizzlyadam.co.uk\/fr\/wp-json\/wp\/v2\/comments?post=6889"}],"wp:featuredmedia":[{"embeddable":true,"href":"https:\/\/grizzlyadam.co.uk\/fr\/wp-json\/wp\/v2\/media\/2173"}],"wp:attachment":[{"href":"https:\/\/grizzlyadam.co.uk\/fr\/wp-json\/wp\/v2\/media?parent=6889"}],"wp:term":[{"taxonomy":"product_brand","embeddable":true,"href":"https:\/\/grizzlyadam.co.uk\/fr\/wp-json\/wp\/v2\/product_brand?post=6889"},{"taxonomy":"product_cat","embeddable":true,"href":"https:\/\/grizzlyadam.co.uk\/fr\/wp-json\/wp\/v2\/product_cat?post=6889"},{"taxonomy":"product_tag","embeddable":true,"href":"https:\/\/grizzlyadam.co.uk\/fr\/wp-json\/wp\/v2\/product_tag?post=6889"}],"curies":[{"name":"wp","href":"https:\/\/api.w.org\/{rel}","templated":true}]}}