{"id":6158,"date":"2017-08-11T13:54:21","date_gmt":"2017-08-11T12:54:21","guid":{"rendered":"https:\/\/grizzlyadam.co.uk\/product\/product-bundle-of-2196\/"},"modified":"2022-11-10T17:48:06","modified_gmt":"2022-11-10T17:48:06","slug":"product-bundle-of-2196","status":"publish","type":"product","link":"https:\/\/grizzlyadam.co.uk\/fr\/produit\/product-bundle-of-2196\/","title":{"rendered":"Kit de soin de la barbe - 20\u20ac + Shampooing de barbe 30ml GRATUIT"},"content":{"rendered":"","protected":false},"excerpt":{"rendered":"<p>Cette offre ne sera pas disponible longtemps - Achetez maintenant pour \u00e9viter toute d\u00e9ception.<\/p>\n<div>Votre barbe sera plus belle et plus agr\u00e9able \u00e0 porter si vous en prenez soin.<\/div>\n<div>Une barbe bien entretenue donne une impression de professionnalisme et fait perdre toute r\u00e9putation de laideur et de d\u00e9mod\u00e9.<\/div>\n<div>Vous pouvez cr\u00e9er un look unique. Une barbe bien entretenue peut devenir une extension de votre personnalit\u00e9.<\/div>\n<div>Si vous prenez soin de votre barbe, elle restera saine et vigoureuse pendant des ann\u00e9es.<\/div>\n<p><strong>Ce qui est inclus :<\/strong><\/p>\n<ul class=\"a-vertical a-spacing-none\">\n<li><span class=\"a-list-item\">6.5-Inch Professional Hair and Beard Scissors - Ciseaux \u00e0 cheveux \u00e0 lames rasoir avec tension r\u00e9glable et inserts pour les doigts, lames tranchantes pour une coiffure et une taille de la barbe ais\u00e9es<\/span><\/li>\n<li><span class=\"a-list-item\">PREMIUM BEARD OIL for Men - Gardez votre barbe saine, soign\u00e9e et apprivois\u00e9e naturellement. Hydrate les poils et la peau de la barbe, \u00e9limine les d\u00e9mangeaisons et les pellicules pour une barbe agr\u00e9able et respectable. Utiliser quotidiennement pour un effet optimal sur la barbe.<\/span><\/li>\n<li><span class=\"a-list-item\">Les cheveux, les barbes et les moustaches b\u00e9n\u00e9ficieront tous de ce peigne en bois droit, robuste et de style classique. Parfait pour les barbes longues et denses<\/span><\/li>\n<li>GRATUIT 30ml Shampoing pour barbe Grizzly Adam - Un shampoing et un lavage doux pour la barbe formul\u00e9 sp\u00e9cifiquement pour votre barbe et votre moustache - Sans SLS, Sans Parabens, Sans Sulfates... Rendez votre barbe PROPRE, DOUCE, MANIABLE, BRILLANTE ET SANS TANGLES.<\/li>\n<\/ul>","protected":false},"featured_media":2197,"comment_status":"closed","ping_status":"closed","template":"","meta":[],"product_brand":[],"product_cat":[74,252],"product_tag":[],"class_list":{"0":"post-6158","1":"product","2":"type-product","3":"status-publish","4":"has-post-thumbnail","6":"product_cat-grooming-kits","7":"product_cat-uncategorized","9":"first","10":"instock","11":"sale","12":"virtual","13":"taxable","14":"purchasable","15":"product-type-simple"},"yoast_head":"<!-- This site is optimized with the Yoast SEO plugin v27.2 - https:\/\/yoast.com\/product\/yoast-seo-wordpress\/ -->\n<title>Beard Care Kit \u00a320 OFF + FREE 30ml Beard Wash Shampoo - Grizzly Adam<\/title>\n<meta name=\"robots\" content=\"index, follow, max-snippet:-1, max-image-preview:large, max-video-preview:-1\" \/>\n<link rel=\"canonical\" href=\"https:\/\/grizzlyadam.co.uk\/fr\/produit\/product-bundle-of-2196\/\" \/>\n<meta property=\"og:locale\" content=\"fr_FR\" \/>\n<meta property=\"og:type\" content=\"article\" \/>\n<meta property=\"og:title\" content=\"Beard Care Kit \u00a320 OFF + FREE 30ml Beard Wash Shampoo - Grizzly Adam\" \/>\n<meta property=\"og:description\" content=\"This offer will not be available for long - Purchase now to avoid disappointment. Your beard will look better and feel better if you take care of it. A well-groomed beard gives off a professional vibe and loses any ugly, old fashioned reputation. You can create a unique look. A well-cared-for beard can become an extension of your personality. If you care for your beard, it will stay healthy and hearty for years to come. What&#039;s Included:   6.5-Inch Professional Hair and Beard Scissors \u2013 Razor Edge Hair Cutting Scissors with Adjustable Tension and Finger Inserts, Sharp Blades for Easy Hairstyling and Beard Trimming  PREMIUM BEARD OIL for Men \u2013 Keep Your Beard Healthy, Groomed and Tamed Naturally. Moisturizes Beard Hair and Skin, Eliminates Itching and Dandruff (Beard-druff) for a kissable and respectable beard. Use daily for the best beard effect  HAIR, BEARDS, &amp; MUSTACHES will all benefit from the classically styled, sturdy straight wood comb. Perfect for Long Dense Beards  FREE 30ml Grizzly Adam Beard Wash Shampoo - A gentle beard shampoo and wash formulated specifically for your beard and moustache \u2013 No SLS, No Parabens, No Sulphates!.Make your beard CLEAN, SOFT, MANAGEABLE, SHINY AND TANGLE FREE.\" \/>\n<meta property=\"og:url\" content=\"https:\/\/grizzlyadam.co.uk\/fr\/produit\/product-bundle-of-2196\/\" \/>\n<meta property=\"og:site_name\" content=\"Grizzly Adam\" \/>\n<meta property=\"article:publisher\" content=\"https:\/\/www.facebook.com\/grizzlyadamuk\" \/>\n<meta property=\"article:modified_time\" content=\"2022-11-10T17:48:06+00:00\" \/>\n<meta property=\"og:image\" content=\"https:\/\/project1-mke5mv4jgx.live-website.com\/wp-content\/uploads\/2017\/02\/DSC07205-scaled.jpg\" \/>\n\t<meta property=\"og:image:width\" content=\"2560\" \/>\n\t<meta property=\"og:image:height\" content=\"1714\" \/>\n\t<meta property=\"og:image:type\" content=\"image\/jpeg\" \/>\n<meta name=\"twitter:card\" content=\"summary_large_image\" \/>\n<meta name=\"twitter:site\" content=\"@grizzlyadamuk\" \/>\n<script type=\"application\/ld+json\" class=\"yoast-schema-graph\">{\"@context\":\"https:\/\/schema.org\",\"@graph\":[{\"@type\":\"WebPage\",\"@id\":\"https:\/\/grizzlyadam.co.uk\/product\/product-bundle-of-2196\/\",\"url\":\"https:\/\/grizzlyadam.co.uk\/product\/product-bundle-of-2196\/\",\"name\":\"Beard Care Kit \u00a320 OFF + FREE 30ml Beard Wash Shampoo - Grizzly Adam\",\"isPartOf\":{\"@id\":\"https:\/\/project1-mke5mv4jgx.live-website.com\/#website\"},\"primaryImageOfPage\":{\"@id\":\"https:\/\/grizzlyadam.co.uk\/product\/product-bundle-of-2196\/#primaryimage\"},\"image\":{\"@id\":\"https:\/\/grizzlyadam.co.uk\/product\/product-bundle-of-2196\/#primaryimage\"},\"thumbnailUrl\":\"https:\/\/grizzlyadam.co.uk\/wp-content\/uploads\/2017\/02\/DSC07205-scaled.jpg\",\"datePublished\":\"2017-08-11T12:54:21+00:00\",\"dateModified\":\"2022-11-10T17:48:06+00:00\",\"breadcrumb\":{\"@id\":\"https:\/\/grizzlyadam.co.uk\/product\/product-bundle-of-2196\/#breadcrumb\"},\"inLanguage\":\"fr-FR\",\"potentialAction\":[{\"@type\":\"ReadAction\",\"target\":[\"https:\/\/grizzlyadam.co.uk\/product\/product-bundle-of-2196\/\"]}]},{\"@type\":\"ImageObject\",\"inLanguage\":\"fr-FR\",\"@id\":\"https:\/\/grizzlyadam.co.uk\/product\/product-bundle-of-2196\/#primaryimage\",\"url\":\"https:\/\/grizzlyadam.co.uk\/wp-content\/uploads\/2017\/02\/DSC07205-scaled.jpg\",\"contentUrl\":\"https:\/\/grizzlyadam.co.uk\/wp-content\/uploads\/2017\/02\/DSC07205-scaled.jpg\",\"width\":1792,\"height\":1200},{\"@type\":\"BreadcrumbList\",\"@id\":\"https:\/\/grizzlyadam.co.uk\/product\/product-bundle-of-2196\/#breadcrumb\",\"itemListElement\":[{\"@type\":\"ListItem\",\"position\":1,\"name\":\"Home\",\"item\":\"https:\/\/grizzlyadam.co.uk\/\"},{\"@type\":\"ListItem\",\"position\":2,\"name\":\"Shop\",\"item\":\"https:\/\/project1-mke5mv4jgx.live-website.com\/shop\/\"},{\"@type\":\"ListItem\",\"position\":3,\"name\":\"Beard Care Kit \u00a320 OFF + FREE 30ml Beard Wash Shampoo\"}]},{\"@type\":\"WebSite\",\"@id\":\"https:\/\/project1-mke5mv4jgx.live-website.com\/#website\",\"url\":\"https:\/\/project1-mke5mv4jgx.live-website.com\/\",\"name\":\"Grizzly Adam\",\"description\":\"Beard Oil And Grooming Products For Gentlemen\",\"publisher\":{\"@id\":\"https:\/\/project1-mke5mv4jgx.live-website.com\/#organization\"},\"potentialAction\":[{\"@type\":\"SearchAction\",\"target\":{\"@type\":\"EntryPoint\",\"urlTemplate\":\"https:\/\/project1-mke5mv4jgx.live-website.com\/?s={search_term_string}\"},\"query-input\":{\"@type\":\"PropertyValueSpecification\",\"valueRequired\":true,\"valueName\":\"search_term_string\"}}],\"inLanguage\":\"fr-FR\"},{\"@type\":\"Organization\",\"@id\":\"https:\/\/project1-mke5mv4jgx.live-website.com\/#organization\",\"name\":\"GRIZZLY ADAM\",\"url\":\"https:\/\/project1-mke5mv4jgx.live-website.com\/\",\"logo\":{\"@type\":\"ImageObject\",\"inLanguage\":\"fr-FR\",\"@id\":\"https:\/\/project1-mke5mv4jgx.live-website.com\/#\/schema\/logo\/image\/\",\"url\":\"https:\/\/grizzlyadam.co.uk\/wp-content\/uploads\/2019\/11\/gadamlogo.png\",\"contentUrl\":\"https:\/\/grizzlyadam.co.uk\/wp-content\/uploads\/2019\/11\/gadamlogo.png\",\"width\":\"200\",\"height\":\"200\",\"caption\":\"GRIZZLY ADAM\"},\"image\":{\"@id\":\"https:\/\/project1-mke5mv4jgx.live-website.com\/#\/schema\/logo\/image\/\"},\"sameAs\":[\"https:\/\/www.facebook.com\/grizzlyadamuk\",\"https:\/\/x.com\/grizzlyadamuk\",\"https:\/\/www.instagram.com\/grizzlyadamuk\/\"]}]}<\/script>\n<!-- \/ Yoast SEO plugin. -->","yoast_head_json":{"title":"Beard Care Kit \u00a320 OFF + FREE 30ml Beard Wash Shampoo - Grizzly Adam","robots":{"index":"index","follow":"follow","max-snippet":"max-snippet:-1","max-image-preview":"max-image-preview:large","max-video-preview":"max-video-preview:-1"},"canonical":"https:\/\/grizzlyadam.co.uk\/fr\/produit\/product-bundle-of-2196\/","og_locale":"fr_FR","og_type":"article","og_title":"Beard Care Kit \u00a320 OFF + FREE 30ml Beard Wash Shampoo - Grizzly Adam","og_description":"This offer will not be available for long - Purchase now to avoid disappointment. Your beard will look better and feel better if you take care of it. A well-groomed beard gives off a professional vibe and loses any ugly, old fashioned reputation. You can create a unique look. A well-cared-for beard can become an extension of your personality. If you care for your beard, it will stay healthy and hearty for years to come. What's Included:   6.5-Inch Professional Hair and Beard Scissors \u2013 Razor Edge Hair Cutting Scissors with Adjustable Tension and Finger Inserts, Sharp Blades for Easy Hairstyling and Beard Trimming  PREMIUM BEARD OIL for Men \u2013 Keep Your Beard Healthy, Groomed and Tamed Naturally. Moisturizes Beard Hair and Skin, Eliminates Itching and Dandruff (Beard-druff) for a kissable and respectable beard. Use daily for the best beard effect  HAIR, BEARDS, &amp; MUSTACHES will all benefit from the classically styled, sturdy straight wood comb. Perfect for Long Dense Beards  FREE 30ml Grizzly Adam Beard Wash Shampoo - A gentle beard shampoo and wash formulated specifically for your beard and moustache \u2013 No SLS, No Parabens, No Sulphates!.Make your beard CLEAN, SOFT, MANAGEABLE, SHINY AND TANGLE FREE.","og_url":"https:\/\/grizzlyadam.co.uk\/fr\/produit\/product-bundle-of-2196\/","og_site_name":"Grizzly Adam","article_publisher":"https:\/\/www.facebook.com\/grizzlyadamuk","article_modified_time":"2022-11-10T17:48:06+00:00","og_image":[{"width":2560,"height":1714,"url":"https:\/\/project1-mke5mv4jgx.live-website.com\/wp-content\/uploads\/2017\/02\/DSC07205-scaled.jpg","type":"image\/jpeg"}],"twitter_card":"summary_large_image","twitter_site":"@grizzlyadamuk","schema":{"@context":"https:\/\/schema.org","@graph":[{"@type":"WebPage","@id":"https:\/\/grizzlyadam.co.uk\/product\/product-bundle-of-2196\/","url":"https:\/\/grizzlyadam.co.uk\/product\/product-bundle-of-2196\/","name":"Beard Care Kit \u00a320 OFF + FREE 30ml Beard Wash Shampoo - Grizzly Adam","isPartOf":{"@id":"https:\/\/project1-mke5mv4jgx.live-website.com\/#website"},"primaryImageOfPage":{"@id":"https:\/\/grizzlyadam.co.uk\/product\/product-bundle-of-2196\/#primaryimage"},"image":{"@id":"https:\/\/grizzlyadam.co.uk\/product\/product-bundle-of-2196\/#primaryimage"},"thumbnailUrl":"https:\/\/grizzlyadam.co.uk\/wp-content\/uploads\/2017\/02\/DSC07205-scaled.jpg","datePublished":"2017-08-11T12:54:21+00:00","dateModified":"2022-11-10T17:48:06+00:00","breadcrumb":{"@id":"https:\/\/grizzlyadam.co.uk\/product\/product-bundle-of-2196\/#breadcrumb"},"inLanguage":"fr-FR","potentialAction":[{"@type":"ReadAction","target":["https:\/\/grizzlyadam.co.uk\/product\/product-bundle-of-2196\/"]}]},{"@type":"ImageObject","inLanguage":"fr-FR","@id":"https:\/\/grizzlyadam.co.uk\/product\/product-bundle-of-2196\/#primaryimage","url":"https:\/\/grizzlyadam.co.uk\/wp-content\/uploads\/2017\/02\/DSC07205-scaled.jpg","contentUrl":"https:\/\/grizzlyadam.co.uk\/wp-content\/uploads\/2017\/02\/DSC07205-scaled.jpg","width":1792,"height":1200},{"@type":"BreadcrumbList","@id":"https:\/\/grizzlyadam.co.uk\/product\/product-bundle-of-2196\/#breadcrumb","itemListElement":[{"@type":"ListItem","position":1,"name":"Home","item":"https:\/\/grizzlyadam.co.uk\/"},{"@type":"ListItem","position":2,"name":"Shop","item":"https:\/\/project1-mke5mv4jgx.live-website.com\/shop\/"},{"@type":"ListItem","position":3,"name":"Beard Care Kit \u00a320 OFF + FREE 30ml Beard Wash Shampoo"}]},{"@type":"WebSite","@id":"https:\/\/project1-mke5mv4jgx.live-website.com\/#website","url":"https:\/\/project1-mke5mv4jgx.live-website.com\/","name":"Grizzly Adam","description":"Huile \u00e0 barbe et produits de toilettage pour hommes","publisher":{"@id":"https:\/\/project1-mke5mv4jgx.live-website.com\/#organization"},"potentialAction":[{"@type":"SearchAction","target":{"@type":"EntryPoint","urlTemplate":"https:\/\/project1-mke5mv4jgx.live-website.com\/?s={search_term_string}"},"query-input":{"@type":"PropertyValueSpecification","valueRequired":true,"valueName":"search_term_string"}}],"inLanguage":"fr-FR"},{"@type":"Organization","@id":"https:\/\/project1-mke5mv4jgx.live-website.com\/#organization","name":"GRIZZLY ADAM","url":"https:\/\/project1-mke5mv4jgx.live-website.com\/","logo":{"@type":"ImageObject","inLanguage":"fr-FR","@id":"https:\/\/project1-mke5mv4jgx.live-website.com\/#\/schema\/logo\/image\/","url":"https:\/\/grizzlyadam.co.uk\/wp-content\/uploads\/2019\/11\/gadamlogo.png","contentUrl":"https:\/\/grizzlyadam.co.uk\/wp-content\/uploads\/2019\/11\/gadamlogo.png","width":"200","height":"200","caption":"GRIZZLY ADAM"},"image":{"@id":"https:\/\/project1-mke5mv4jgx.live-website.com\/#\/schema\/logo\/image\/"},"sameAs":["https:\/\/www.facebook.com\/grizzlyadamuk","https:\/\/x.com\/grizzlyadamuk","https:\/\/www.instagram.com\/grizzlyadamuk\/"]}]}},"df_price":39.99,"df_sale_price":39.99,"df_regular_price":59.99,"df_image_link":"https:\/\/grizzlyadam.co.uk\/wp-content\/uploads\/2017\/02\/DSC07205-300x201.jpg","_links":{"self":[{"href":"https:\/\/grizzlyadam.co.uk\/fr\/wp-json\/wp\/v2\/product\/6158","targetHints":{"allow":["GET"]}}],"collection":[{"href":"https:\/\/grizzlyadam.co.uk\/fr\/wp-json\/wp\/v2\/product"}],"about":[{"href":"https:\/\/grizzlyadam.co.uk\/fr\/wp-json\/wp\/v2\/types\/product"}],"replies":[{"embeddable":true,"href":"https:\/\/grizzlyadam.co.uk\/fr\/wp-json\/wp\/v2\/comments?post=6158"}],"wp:featuredmedia":[{"embeddable":true,"href":"https:\/\/grizzlyadam.co.uk\/fr\/wp-json\/wp\/v2\/media\/2197"}],"wp:attachment":[{"href":"https:\/\/grizzlyadam.co.uk\/fr\/wp-json\/wp\/v2\/media?parent=6158"}],"wp:term":[{"taxonomy":"product_brand","embeddable":true,"href":"https:\/\/grizzlyadam.co.uk\/fr\/wp-json\/wp\/v2\/product_brand?post=6158"},{"taxonomy":"product_cat","embeddable":true,"href":"https:\/\/grizzlyadam.co.uk\/fr\/wp-json\/wp\/v2\/product_cat?post=6158"},{"taxonomy":"product_tag","embeddable":true,"href":"https:\/\/grizzlyadam.co.uk\/fr\/wp-json\/wp\/v2\/product_tag?post=6158"}],"curies":[{"name":"wp","href":"https:\/\/api.w.org\/{rel}","templated":true}]}}