{"id":6102,"date":"2017-08-07T19:25:25","date_gmt":"2017-08-07T18:25:25","guid":{"rendered":"https:\/\/grizzlyadam.co.uk\/?post_type=product&#038;p=6102"},"modified":"2025-09-30T20:05:25","modified_gmt":"2025-09-30T19:05:25","slug":"i-like-her-butt-i-like-his-beard-his-and-her-mug-couple-coffee-mug-coffee-gift-set","status":"publish","type":"product","link":"https:\/\/grizzlyadam.co.uk\/fr\/produit\/i-like-her-butt-i-like-his-beard-his-and-her-mug-couple-coffee-mug-coffee-gift-set\/","title":{"rendered":"I Like Her Butt I Like His Beard &#8211; His and Her Mug &#8211; Couple Coffee Mug &#8211; Coffee Gift Set"},"content":{"rendered":"<p>Les tasses sont fabriqu\u00e9es \u00e0 la main sur commande, et la photo dans l'annonce est un bon exemple de ce \u00e0 quoi elles ressembleront. Veuillez tenir compte des l\u00e9g\u00e8res variations dues \u00e0 la nature des articles faits \u00e0 la main.<\/p>\n<p>Le prix est pour les deux mugs dans un ensemble.<\/p>\n<ul>\n<li><span style=\"color: #333333; font-size: 14.4px;\">9 x 8 cm 10 oz white ceramic mug<\/span><\/li>\n<li>Great for hot and cold drinks! Go Caffeine!<\/li>\n<li><span style=\"color: #333333; font-size: 14.4px;\">Glossy finish. Hand wash only.<\/span><\/li>\n<\/ul>\n<p>- Les motifs ne s'effaceront pas, quel que soit le nombre de lavages du mug !<\/p>","protected":false},"excerpt":{"rendered":"<ul>\n<li>Finition brillante de qualit\u00e9 photo<\/li>\n<li>Lavable au lave-vaisselle<\/li>\n<li>R\u00e9sistant aux UV<\/li>\n<li>Couleur haute d\u00e9finition<\/li>\n<li>Hauteur 9 cm, diam\u00e8tre 8 cm<\/li>\n<li>Add his and her names free of charge in order notes at checkout or leave blank for no names.<\/li>\n<\/ul>","protected":false},"featured_media":170456,"comment_status":"closed","ping_status":"closed","template":"","meta":[],"product_brand":[],"product_cat":[71,102,99,252],"product_tag":[447,445,248,247,246],"class_list":{"0":"post-6102","1":"product","2":"type-product","3":"status-publish","4":"has-post-thumbnail","6":"product_cat-accessories","7":"product_cat-apparel","8":"product_cat-beard-fun","9":"product_cat-uncategorized","10":"product_tag-ceramic-mugs","11":"product_tag-coffee-lover-gift","12":"product_tag-hers","13":"product_tag-his","14":"product_tag-mugs","16":"first","17":"instock","18":"sale","19":"taxable","20":"shipping-taxable","21":"purchasable","22":"product-type-simple"},"yoast_head":"<!-- This site is optimized with the Yoast SEO plugin v27.4 - https:\/\/yoast.com\/product\/yoast-seo-wordpress\/ -->\n<title>I Like Her Butt I Like His Beard - His and Her Mug - Couple Coffee Mug - Coffee Gift Set - Grizzly Adam<\/title>\n<meta name=\"description\" content=\"I Like His Beard  I Like Her Bum Mugs Text One Side, Image On The Other\" \/>\n<meta name=\"robots\" content=\"index, follow, max-snippet:-1, max-image-preview:large, max-video-preview:-1\" \/>\n<link rel=\"canonical\" href=\"https:\/\/grizzlyadam.co.uk\/fr\/produit\/i-like-her-butt-i-like-his-beard-his-and-her-mug-couple-coffee-mug-coffee-gift-set\/\" \/>\n<meta property=\"og:locale\" content=\"fr_FR\" \/>\n<meta property=\"og:type\" content=\"article\" \/>\n<meta property=\"og:title\" content=\"I Like Her Butt I Like His Beard - His and Her Mug - Couple Coffee Mug - Coffee Gift Set - Grizzly Adam\" \/>\n<meta property=\"og:description\" content=\"I Like His Beard  I Like Her Bum Mugs Text One Side, Image On The Other\" \/>\n<meta property=\"og:url\" content=\"https:\/\/grizzlyadam.co.uk\/fr\/produit\/i-like-her-butt-i-like-his-beard-his-and-her-mug-couple-coffee-mug-coffee-gift-set\/\" \/>\n<meta property=\"og:site_name\" content=\"Grizzly Adam\" \/>\n<meta property=\"article:publisher\" content=\"https:\/\/www.facebook.com\/grizzlyadamuk\" \/>\n<meta property=\"article:modified_time\" content=\"2025-09-30T19:05:25+00:00\" \/>\n<meta property=\"og:image\" content=\"https:\/\/grizzlyadam.co.uk\/wp-content\/uploads\/2017\/08\/I-like-his-beard-her-butt-couple.jpg\" \/>\n\t<meta property=\"og:image:width\" content=\"976\" \/>\n\t<meta property=\"og:image:height\" content=\"581\" \/>\n\t<meta property=\"og:image:type\" content=\"image\/jpeg\" \/>\n<meta name=\"twitter:card\" content=\"summary_large_image\" \/>\n<meta name=\"twitter:site\" content=\"@grizzlyadamuk\" \/>\n<meta name=\"twitter:label1\" content=\"Dur\u00e9e de lecture estim\u00e9e\" \/>\n\t<meta name=\"twitter:data1\" content=\"1 minute\" \/>\n<script type=\"application\/ld+json\" class=\"yoast-schema-graph\">{\"@context\":\"https:\\\/\\\/schema.org\",\"@graph\":[{\"@type\":\"WebPage\",\"@id\":\"https:\\\/\\\/grizzlyadam.co.uk\\\/product\\\/i-like-her-butt-i-like-his-beard-his-and-her-mug-couple-coffee-mug-coffee-gift-set\\\/\",\"url\":\"https:\\\/\\\/grizzlyadam.co.uk\\\/product\\\/i-like-her-butt-i-like-his-beard-his-and-her-mug-couple-coffee-mug-coffee-gift-set\\\/\",\"name\":\"I Like Her Butt I Like His Beard - His and Her Mug - Couple Coffee Mug - Coffee Gift Set - Grizzly Adam\",\"isPartOf\":{\"@id\":\"https:\\\/\\\/project1-mke5mv4jgx.live-website.com\\\/#website\"},\"primaryImageOfPage\":{\"@id\":\"https:\\\/\\\/grizzlyadam.co.uk\\\/product\\\/i-like-her-butt-i-like-his-beard-his-and-her-mug-couple-coffee-mug-coffee-gift-set\\\/#primaryimage\"},\"image\":{\"@id\":\"https:\\\/\\\/grizzlyadam.co.uk\\\/product\\\/i-like-her-butt-i-like-his-beard-his-and-her-mug-couple-coffee-mug-coffee-gift-set\\\/#primaryimage\"},\"thumbnailUrl\":\"https:\\\/\\\/grizzlyadam.co.uk\\\/wp-content\\\/uploads\\\/2017\\\/08\\\/I-like-his-beard-her-butt-couple.jpg\",\"datePublished\":\"2017-08-07T18:25:25+00:00\",\"dateModified\":\"2025-09-30T19:05:25+00:00\",\"description\":\"I Like His Beard \\\\ I Like Her Bum Mugs Text One Side, Image On The Other\",\"breadcrumb\":{\"@id\":\"https:\\\/\\\/grizzlyadam.co.uk\\\/product\\\/i-like-her-butt-i-like-his-beard-his-and-her-mug-couple-coffee-mug-coffee-gift-set\\\/#breadcrumb\"},\"inLanguage\":\"fr-FR\",\"potentialAction\":[{\"@type\":\"ReadAction\",\"target\":[\"https:\\\/\\\/grizzlyadam.co.uk\\\/product\\\/i-like-her-butt-i-like-his-beard-his-and-her-mug-couple-coffee-mug-coffee-gift-set\\\/\"]}]},{\"@type\":\"ImageObject\",\"inLanguage\":\"fr-FR\",\"@id\":\"https:\\\/\\\/grizzlyadam.co.uk\\\/product\\\/i-like-her-butt-i-like-his-beard-his-and-her-mug-couple-coffee-mug-coffee-gift-set\\\/#primaryimage\",\"url\":\"https:\\\/\\\/grizzlyadam.co.uk\\\/wp-content\\\/uploads\\\/2017\\\/08\\\/I-like-his-beard-her-butt-couple.jpg\",\"contentUrl\":\"https:\\\/\\\/grizzlyadam.co.uk\\\/wp-content\\\/uploads\\\/2017\\\/08\\\/I-like-his-beard-her-butt-couple.jpg\",\"width\":976,\"height\":581},{\"@type\":\"BreadcrumbList\",\"@id\":\"https:\\\/\\\/grizzlyadam.co.uk\\\/product\\\/i-like-her-butt-i-like-his-beard-his-and-her-mug-couple-coffee-mug-coffee-gift-set\\\/#breadcrumb\",\"itemListElement\":[{\"@type\":\"ListItem\",\"position\":1,\"name\":\"Home\",\"item\":\"https:\\\/\\\/grizzlyadam.co.uk\\\/\"},{\"@type\":\"ListItem\",\"position\":2,\"name\":\"Shop\",\"item\":\"https:\\\/\\\/project1-mke5mv4jgx.live-website.com\\\/shop\\\/\"},{\"@type\":\"ListItem\",\"position\":3,\"name\":\"I Like Her Butt I Like His Beard &#8211; His and Her Mug &#8211; Couple Coffee Mug &#8211; Coffee Gift Set\"}]},{\"@type\":\"WebSite\",\"@id\":\"https:\\\/\\\/project1-mke5mv4jgx.live-website.com\\\/#website\",\"url\":\"https:\\\/\\\/project1-mke5mv4jgx.live-website.com\\\/\",\"name\":\"Grizzly Adam\",\"description\":\"Beard Oil And Grooming Products For Gentlemen\",\"publisher\":{\"@id\":\"https:\\\/\\\/project1-mke5mv4jgx.live-website.com\\\/#organization\"},\"potentialAction\":[{\"@type\":\"SearchAction\",\"target\":{\"@type\":\"EntryPoint\",\"urlTemplate\":\"https:\\\/\\\/project1-mke5mv4jgx.live-website.com\\\/?s={search_term_string}\"},\"query-input\":{\"@type\":\"PropertyValueSpecification\",\"valueRequired\":true,\"valueName\":\"search_term_string\"}}],\"inLanguage\":\"fr-FR\"},{\"@type\":\"Organization\",\"@id\":\"https:\\\/\\\/project1-mke5mv4jgx.live-website.com\\\/#organization\",\"name\":\"GRIZZLY ADAM\",\"url\":\"https:\\\/\\\/project1-mke5mv4jgx.live-website.com\\\/\",\"logo\":{\"@type\":\"ImageObject\",\"inLanguage\":\"fr-FR\",\"@id\":\"https:\\\/\\\/project1-mke5mv4jgx.live-website.com\\\/#\\\/schema\\\/logo\\\/image\\\/\",\"url\":\"https:\\\/\\\/grizzlyadam.co.uk\\\/wp-content\\\/uploads\\\/2019\\\/11\\\/gadamlogo.png\",\"contentUrl\":\"https:\\\/\\\/grizzlyadam.co.uk\\\/wp-content\\\/uploads\\\/2019\\\/11\\\/gadamlogo.png\",\"width\":\"200\",\"height\":\"200\",\"caption\":\"GRIZZLY ADAM\"},\"image\":{\"@id\":\"https:\\\/\\\/project1-mke5mv4jgx.live-website.com\\\/#\\\/schema\\\/logo\\\/image\\\/\"},\"sameAs\":[\"https:\\\/\\\/www.facebook.com\\\/grizzlyadamuk\",\"https:\\\/\\\/x.com\\\/grizzlyadamuk\",\"https:\\\/\\\/www.instagram.com\\\/grizzlyadamuk\\\/\"]}]}<\/script>\n<!-- \/ Yoast SEO plugin. -->","yoast_head_json":{"title":"I Like Her Butt I Like His Beard - His and Her Mug - Couple Coffee Mug - Coffee Gift Set - Grizzly Adam","description":"I Like His Beard  I Like Her Bum Mugs Text One Side, Image On The Other","robots":{"index":"index","follow":"follow","max-snippet":"max-snippet:-1","max-image-preview":"max-image-preview:large","max-video-preview":"max-video-preview:-1"},"canonical":"https:\/\/grizzlyadam.co.uk\/fr\/produit\/i-like-her-butt-i-like-his-beard-his-and-her-mug-couple-coffee-mug-coffee-gift-set\/","og_locale":"fr_FR","og_type":"article","og_title":"I Like Her Butt I Like His Beard - His and Her Mug - Couple Coffee Mug - Coffee Gift Set - Grizzly Adam","og_description":"I Like His Beard  I Like Her Bum Mugs Text One Side, Image On The Other","og_url":"https:\/\/grizzlyadam.co.uk\/fr\/produit\/i-like-her-butt-i-like-his-beard-his-and-her-mug-couple-coffee-mug-coffee-gift-set\/","og_site_name":"Grizzly Adam","article_publisher":"https:\/\/www.facebook.com\/grizzlyadamuk","article_modified_time":"2025-09-30T19:05:25+00:00","og_image":[{"width":976,"height":581,"url":"https:\/\/grizzlyadam.co.uk\/wp-content\/uploads\/2017\/08\/I-like-his-beard-her-butt-couple.jpg","type":"image\/jpeg"}],"twitter_card":"summary_large_image","twitter_site":"@grizzlyadamuk","twitter_misc":{"Dur\u00e9e de lecture estim\u00e9e":"1 minute"},"schema":{"@context":"https:\/\/schema.org","@graph":[{"@type":"WebPage","@id":"https:\/\/grizzlyadam.co.uk\/product\/i-like-her-butt-i-like-his-beard-his-and-her-mug-couple-coffee-mug-coffee-gift-set\/","url":"https:\/\/grizzlyadam.co.uk\/product\/i-like-her-butt-i-like-his-beard-his-and-her-mug-couple-coffee-mug-coffee-gift-set\/","name":"I Like Her Butt I Like His Beard - His and Her Mug - Couple Coffee Mug - Coffee Gift Set - Grizzly Adam","isPartOf":{"@id":"https:\/\/project1-mke5mv4jgx.live-website.com\/#website"},"primaryImageOfPage":{"@id":"https:\/\/grizzlyadam.co.uk\/product\/i-like-her-butt-i-like-his-beard-his-and-her-mug-couple-coffee-mug-coffee-gift-set\/#primaryimage"},"image":{"@id":"https:\/\/grizzlyadam.co.uk\/product\/i-like-her-butt-i-like-his-beard-his-and-her-mug-couple-coffee-mug-coffee-gift-set\/#primaryimage"},"thumbnailUrl":"https:\/\/grizzlyadam.co.uk\/wp-content\/uploads\/2017\/08\/I-like-his-beard-her-butt-couple.jpg","datePublished":"2017-08-07T18:25:25+00:00","dateModified":"2025-09-30T19:05:25+00:00","description":"I Like His Beard \\ I Like Her Bum Mugs Text One Side, Image On The Other","breadcrumb":{"@id":"https:\/\/grizzlyadam.co.uk\/product\/i-like-her-butt-i-like-his-beard-his-and-her-mug-couple-coffee-mug-coffee-gift-set\/#breadcrumb"},"inLanguage":"fr-FR","potentialAction":[{"@type":"ReadAction","target":["https:\/\/grizzlyadam.co.uk\/product\/i-like-her-butt-i-like-his-beard-his-and-her-mug-couple-coffee-mug-coffee-gift-set\/"]}]},{"@type":"ImageObject","inLanguage":"fr-FR","@id":"https:\/\/grizzlyadam.co.uk\/product\/i-like-her-butt-i-like-his-beard-his-and-her-mug-couple-coffee-mug-coffee-gift-set\/#primaryimage","url":"https:\/\/grizzlyadam.co.uk\/wp-content\/uploads\/2017\/08\/I-like-his-beard-her-butt-couple.jpg","contentUrl":"https:\/\/grizzlyadam.co.uk\/wp-content\/uploads\/2017\/08\/I-like-his-beard-her-butt-couple.jpg","width":976,"height":581},{"@type":"BreadcrumbList","@id":"https:\/\/grizzlyadam.co.uk\/product\/i-like-her-butt-i-like-his-beard-his-and-her-mug-couple-coffee-mug-coffee-gift-set\/#breadcrumb","itemListElement":[{"@type":"ListItem","position":1,"name":"Home","item":"https:\/\/grizzlyadam.co.uk\/"},{"@type":"ListItem","position":2,"name":"Shop","item":"https:\/\/project1-mke5mv4jgx.live-website.com\/shop\/"},{"@type":"ListItem","position":3,"name":"I Like Her Butt I Like His Beard &#8211; His and Her Mug &#8211; Couple Coffee Mug &#8211; Coffee Gift Set"}]},{"@type":"WebSite","@id":"https:\/\/project1-mke5mv4jgx.live-website.com\/#website","url":"https:\/\/project1-mke5mv4jgx.live-website.com\/","name":"Grizzly Adam","description":"Huile \u00e0 barbe et produits de toilettage pour hommes","publisher":{"@id":"https:\/\/project1-mke5mv4jgx.live-website.com\/#organization"},"potentialAction":[{"@type":"SearchAction","target":{"@type":"EntryPoint","urlTemplate":"https:\/\/project1-mke5mv4jgx.live-website.com\/?s={search_term_string}"},"query-input":{"@type":"PropertyValueSpecification","valueRequired":true,"valueName":"search_term_string"}}],"inLanguage":"fr-FR"},{"@type":"Organization","@id":"https:\/\/project1-mke5mv4jgx.live-website.com\/#organization","name":"GRIZZLY ADAM","url":"https:\/\/project1-mke5mv4jgx.live-website.com\/","logo":{"@type":"ImageObject","inLanguage":"fr-FR","@id":"https:\/\/project1-mke5mv4jgx.live-website.com\/#\/schema\/logo\/image\/","url":"https:\/\/grizzlyadam.co.uk\/wp-content\/uploads\/2019\/11\/gadamlogo.png","contentUrl":"https:\/\/grizzlyadam.co.uk\/wp-content\/uploads\/2019\/11\/gadamlogo.png","width":"200","height":"200","caption":"GRIZZLY ADAM"},"image":{"@id":"https:\/\/project1-mke5mv4jgx.live-website.com\/#\/schema\/logo\/image\/"},"sameAs":["https:\/\/www.facebook.com\/grizzlyadamuk","https:\/\/x.com\/grizzlyadamuk","https:\/\/www.instagram.com\/grizzlyadamuk\/"]}]}},"df_price":28.99,"df_sale_price":28.99,"df_regular_price":32.99,"df_image_link":"https:\/\/grizzlyadam.co.uk\/wp-content\/uploads\/2017\/08\/I-like-his-beard-her-butt-couple-300x179.jpg","_links":{"self":[{"href":"https:\/\/grizzlyadam.co.uk\/fr\/wp-json\/wp\/v2\/product\/6102","targetHints":{"allow":["GET"]}}],"collection":[{"href":"https:\/\/grizzlyadam.co.uk\/fr\/wp-json\/wp\/v2\/product"}],"about":[{"href":"https:\/\/grizzlyadam.co.uk\/fr\/wp-json\/wp\/v2\/types\/product"}],"replies":[{"embeddable":true,"href":"https:\/\/grizzlyadam.co.uk\/fr\/wp-json\/wp\/v2\/comments?post=6102"}],"wp:featuredmedia":[{"embeddable":true,"href":"https:\/\/grizzlyadam.co.uk\/fr\/wp-json\/wp\/v2\/media\/170456"}],"wp:attachment":[{"href":"https:\/\/grizzlyadam.co.uk\/fr\/wp-json\/wp\/v2\/media?parent=6102"}],"wp:term":[{"taxonomy":"product_brand","embeddable":true,"href":"https:\/\/grizzlyadam.co.uk\/fr\/wp-json\/wp\/v2\/product_brand?post=6102"},{"taxonomy":"product_cat","embeddable":true,"href":"https:\/\/grizzlyadam.co.uk\/fr\/wp-json\/wp\/v2\/product_cat?post=6102"},{"taxonomy":"product_tag","embeddable":true,"href":"https:\/\/grizzlyadam.co.uk\/fr\/wp-json\/wp\/v2\/product_tag?post=6102"}],"curies":[{"name":"wp","href":"https:\/\/api.w.org\/{rel}","templated":true}]}}