{"id":5088,"date":"2017-05-27T18:51:24","date_gmt":"2017-05-27T17:51:24","guid":{"rendered":"https:\/\/grizzlyadam.co.uk\/product\/ultimate-grizzly-adam-beard-care-kit-special-offer\/"},"modified":"2022-11-10T17:48:59","modified_gmt":"2022-11-10T17:48:59","slug":"ultimate-grizzly-adam-beard-care-kit-special-offer","status":"publish","type":"product","link":"https:\/\/grizzlyadam.co.uk\/fr\/produit\/ultimate-grizzly-adam-beard-care-kit-special-offer\/","title":{"rendered":"Kit d'entretien de barbe Ultimate Grizzly Adam Offre sp\u00e9ciale"},"content":{"rendered":"<div id=\"featurebullets_feature_div\" class=\"feature\">\n<div id=\"feature-bullets\" class=\"a-section a-spacing-medium a-spacing-top-small\">[sales_countdown_timer id=&#8221;salescountdowntimer&#8221;]\n<b>Grizzly Adam Helps to care for your skin and your beard<\/b><\/div>\n<\/div>\n<p>ULTIMATE BEARD KIT Includes Beard Balm, Top-Rated Professional Salon Quality Barber Scissors, Pure Organic 100ml Beard Oil, Grizzly Adam Premium Comb and our NEW Beard Wash Shampoo 200ml<\/p>\n<p>Beard wash for men will delicately cleanse both face hair and also the vulnerable skin underneath, leaving both beard and face clean, soft, manageable and also smelling wonderful.<\/p>\n<p>Grizzly Adam Razor Edge Hair Cutting Shear Scissors are specifically designed for high performance and quality results. They are a must-have for professional barbers, beard care lovers, and deliver sleek, effortless results.<\/p>\n<p>Beard oil helps to hydrate your skin and also to look after your beard at the same time. It works to provide essential oil to your skin and this penetrates the follicles of your hair. When your hair follicles are well moisturised this helps to ensure that your hair does not dry out or become brittle. Moisturised skin will be soft and smooth and using beard oil helps to avoid itchy or flaky skin which can cause discomfort.<\/p>\n<p><b>Simple to apply<\/b><\/p>\n<p>Beard oil is very easy to apply and takes just seconds. You want to apply a few drops to the palm of your hand, rub your hands together and then run your fingers through your beard.<\/p>\n<p>Use the Grizzly Adam Comb afterwards then your beard will be suitably covered. The beard oil will be absorbed in around 20-30 minutes and will leave your beard with a lovely sheen.<\/p>\n<p>Beard Balm is what you need to grow a beard. Period. This all-natural, leave-in conditioner is perfectly formulated to prevent split ends, control frizz and tangles, soften whiskers for those intimate encounters, relieve dry, itchy skin, reduce patchiness, and make you and your awesome beard much more attractive. Beard Balm works for all varieties and lengths of facial hair.<\/p>\n","protected":false},"excerpt":{"rendered":"<p>Coffret cadeau parfait pour les hommes - Shampoing pour barbe 200ml, Baume \u00e0 barbe 60ml, Huile \u00e0 barbe 100ml, Ciseaux \u00e0 barbe et Peigne \u00e0 barbe Id\u00e9al pour le toilettage de la barbe et de la moustache ...<\/p>\n<ul class=\"a-vertical a-spacing-none\">\n<li><span class=\"a-list-item\">Plus de \u00a375 si tout est achet\u00e9 s\u00e9par\u00e9ment Ce KIT ULTIME POUR LA BARBE comprend maintenant un shampooing doux pour la barbe et un nettoyant formul\u00e9 sp\u00e9cifiquement pour votre barbe et votre moustache - Parfait pour remplir le bas de No\u00ebl des hommes \u00e0 barbe ou \u00e0 moustache et serait un cadeau de No\u00ebl bienvenu pour tous les hommes barbus.<\/span><\/li>\n<li><span class=\"a-list-item\">6.5-Inch Professional Hair and Beard Scissors - Ciseaux \u00e0 cheveux \u00e0 lames rasoir avec tension r\u00e9glable et inserts pour les doigts, lames tranchantes pour une coiffure et une taille de la barbe ais\u00e9es<\/span><\/li>\n<li><span class=\"a-list-item\">PREMIUM BEARD OIL for Men - Gardez votre barbe saine, soign\u00e9e et apprivois\u00e9e naturellement. Hydrate les poils et la peau de la barbe, \u00e9limine les d\u00e9mangeaisons et les pellicules pour une barbe agr\u00e9able et respectable. Utiliser quotidiennement pour un meilleur effet de barbe<\/span><\/li>\n<li><span class=\"a-list-item\">Les cheveux, les barbes et les moustaches b\u00e9n\u00e9ficieront tous de ce peigne en bois droit, robuste et de style classique. Parfait pour les barbes longues et denses<\/span><\/li>\n<li><span class=\"a-list-item\">GRIZZLY ADAM BEARD BALM est le meilleur conditionneur de barbe sans rin\u00e7age et \u00e9paississant avec des huiles naturelles pour aider les barbes cassantes, les pellicules de barbe, les d\u00e9mangeaisons et les pointes fourchues sur le march\u00e9. Combattez les plaques ! Utiliser quotidiennement pour un effet optimal sur la barbe.<\/span><\/li>\n<\/ul>","protected":false},"featured_media":2202,"comment_status":"closed","ping_status":"closed","template":"","meta":[],"product_brand":[],"product_cat":[71,251,74],"product_tag":[66,75,76,67,77,68,78],"class_list":{"0":"post-5088","1":"product","2":"type-product","3":"status-publish","4":"has-post-thumbnail","6":"product_cat-accessories","7":"product_cat-bundles","8":"product_cat-grooming-kits","9":"product_tag-beard-oil","10":"product_tag-balm","11":"product_tag-comb","12":"product_tag-conditioner","13":"product_tag-grooming-kit","14":"product_tag-moisturiser","15":"product_tag-scissors","17":"first","18":"instock","19":"featured","20":"taxable","21":"shipping-taxable","22":"purchasable","23":"product-type-simple"},"yoast_head":"<!-- This site is optimized with the Yoast SEO plugin v27.2 - https:\/\/yoast.com\/product\/yoast-seo-wordpress\/ -->\n<title>Ultimate Grizzly Adam Beard Care Kit Special Offer - Grizzly Adam<\/title>\n<meta name=\"robots\" content=\"index, follow, max-snippet:-1, max-image-preview:large, max-video-preview:-1\" \/>\n<link rel=\"canonical\" href=\"https:\/\/grizzlyadam.co.uk\/fr\/produit\/ultimate-grizzly-adam-beard-care-kit-special-offer\/\" \/>\n<meta property=\"og:locale\" content=\"fr_FR\" \/>\n<meta property=\"og:type\" content=\"article\" \/>\n<meta property=\"og:title\" content=\"Ultimate Grizzly Adam Beard Care Kit Special Offer - Grizzly Adam\" \/>\n<meta property=\"og:description\" content=\"Perfect Gift Set for Men - Beard Wash Shampoo 200ml, Beard Balm 60ml, Beard Oil 100ml, Beard Scissors and Beard Comb Ideal for Grooming Beards and Moustache \u2026   Over \u00a375 if all purchased separately This ULTIMATE BEARD KIT now includes a gentle beard shampoo and wash formulated specifically for your beard and moustache - Perfect stocking filler for men with beards or mustaches and would be a welcome christmas gift to any bearded man  6.5-Inch Professional Hair and Beard Scissors - Razor Edge Hair Cutting Scissors with Adjustable Tension and Finger Inserts, Sharp Blades for Easy Hairstyling and Beard Trimming  PREMIUM BEARD OIL for Men - Keep Your Beard Healthy, Groomed and Tamed Naturally. Moisturizes Beard Hair and Skin, Eliminates Itching and Dandruff (Beard-druff) for a kissable and respectable beard. Use daily for the best beard effect  HAIR, BEARDS, &amp; MUSTACHES will all benefit from the classically styled, sturdy straight wood comb. Perfect for Long Dense Beards  GRIZZLY ADAM BEARD BALM is the top gentlemans leave-in beard conditioner and thickener with natural oils to help with brittle beards, beard-druff, itching and split ends on the market. Fight patchiness! Use daily for the best beard effect\" \/>\n<meta property=\"og:url\" content=\"https:\/\/grizzlyadam.co.uk\/fr\/produit\/ultimate-grizzly-adam-beard-care-kit-special-offer\/\" \/>\n<meta property=\"og:site_name\" content=\"Grizzly Adam\" \/>\n<meta property=\"article:publisher\" content=\"https:\/\/www.facebook.com\/grizzlyadamuk\" \/>\n<meta property=\"article:modified_time\" content=\"2022-11-10T17:48:59+00:00\" \/>\n<meta property=\"og:image\" content=\"https:\/\/project1-mke5mv4jgx.live-website.com\/wp-content\/uploads\/2017\/02\/DSC07198-scaled.jpg\" \/>\n\t<meta property=\"og:image:width\" content=\"2560\" \/>\n\t<meta property=\"og:image:height\" content=\"1714\" \/>\n\t<meta property=\"og:image:type\" content=\"image\/jpeg\" \/>\n<meta name=\"twitter:card\" content=\"summary_large_image\" \/>\n<meta name=\"twitter:site\" content=\"@grizzlyadamuk\" \/>\n<meta name=\"twitter:label1\" content=\"Dur\u00e9e de lecture estim\u00e9e\" \/>\n\t<meta name=\"twitter:data1\" content=\"2 minutes\" \/>\n<script type=\"application\/ld+json\" class=\"yoast-schema-graph\">{\"@context\":\"https:\/\/schema.org\",\"@graph\":[{\"@type\":\"WebPage\",\"@id\":\"https:\/\/grizzlyadam.co.uk\/product\/ultimate-grizzly-adam-beard-care-kit-special-offer\/\",\"url\":\"https:\/\/grizzlyadam.co.uk\/product\/ultimate-grizzly-adam-beard-care-kit-special-offer\/\",\"name\":\"Ultimate Grizzly Adam Beard Care Kit Special Offer - Grizzly Adam\",\"isPartOf\":{\"@id\":\"https:\/\/project1-mke5mv4jgx.live-website.com\/#website\"},\"primaryImageOfPage\":{\"@id\":\"https:\/\/grizzlyadam.co.uk\/product\/ultimate-grizzly-adam-beard-care-kit-special-offer\/#primaryimage\"},\"image\":{\"@id\":\"https:\/\/grizzlyadam.co.uk\/product\/ultimate-grizzly-adam-beard-care-kit-special-offer\/#primaryimage\"},\"thumbnailUrl\":\"https:\/\/grizzlyadam.co.uk\/wp-content\/uploads\/2017\/02\/DSC07198-scaled.jpg\",\"datePublished\":\"2017-05-27T17:51:24+00:00\",\"dateModified\":\"2022-11-10T17:48:59+00:00\",\"breadcrumb\":{\"@id\":\"https:\/\/grizzlyadam.co.uk\/product\/ultimate-grizzly-adam-beard-care-kit-special-offer\/#breadcrumb\"},\"inLanguage\":\"fr-FR\",\"potentialAction\":[{\"@type\":\"ReadAction\",\"target\":[\"https:\/\/grizzlyadam.co.uk\/product\/ultimate-grizzly-adam-beard-care-kit-special-offer\/\"]}]},{\"@type\":\"ImageObject\",\"inLanguage\":\"fr-FR\",\"@id\":\"https:\/\/grizzlyadam.co.uk\/product\/ultimate-grizzly-adam-beard-care-kit-special-offer\/#primaryimage\",\"url\":\"https:\/\/grizzlyadam.co.uk\/wp-content\/uploads\/2017\/02\/DSC07198-scaled.jpg\",\"contentUrl\":\"https:\/\/grizzlyadam.co.uk\/wp-content\/uploads\/2017\/02\/DSC07198-scaled.jpg\",\"width\":2560,\"height\":1714},{\"@type\":\"BreadcrumbList\",\"@id\":\"https:\/\/grizzlyadam.co.uk\/product\/ultimate-grizzly-adam-beard-care-kit-special-offer\/#breadcrumb\",\"itemListElement\":[{\"@type\":\"ListItem\",\"position\":1,\"name\":\"Home\",\"item\":\"https:\/\/grizzlyadam.co.uk\/\"},{\"@type\":\"ListItem\",\"position\":2,\"name\":\"Shop\",\"item\":\"https:\/\/project1-mke5mv4jgx.live-website.com\/shop\/\"},{\"@type\":\"ListItem\",\"position\":3,\"name\":\"Ultimate Grizzly Adam Beard Care Kit Special Offer\"}]},{\"@type\":\"WebSite\",\"@id\":\"https:\/\/project1-mke5mv4jgx.live-website.com\/#website\",\"url\":\"https:\/\/project1-mke5mv4jgx.live-website.com\/\",\"name\":\"Grizzly Adam\",\"description\":\"Beard Oil And Grooming Products For Gentlemen\",\"publisher\":{\"@id\":\"https:\/\/project1-mke5mv4jgx.live-website.com\/#organization\"},\"potentialAction\":[{\"@type\":\"SearchAction\",\"target\":{\"@type\":\"EntryPoint\",\"urlTemplate\":\"https:\/\/project1-mke5mv4jgx.live-website.com\/?s={search_term_string}\"},\"query-input\":{\"@type\":\"PropertyValueSpecification\",\"valueRequired\":true,\"valueName\":\"search_term_string\"}}],\"inLanguage\":\"fr-FR\"},{\"@type\":\"Organization\",\"@id\":\"https:\/\/project1-mke5mv4jgx.live-website.com\/#organization\",\"name\":\"GRIZZLY ADAM\",\"url\":\"https:\/\/project1-mke5mv4jgx.live-website.com\/\",\"logo\":{\"@type\":\"ImageObject\",\"inLanguage\":\"fr-FR\",\"@id\":\"https:\/\/project1-mke5mv4jgx.live-website.com\/#\/schema\/logo\/image\/\",\"url\":\"https:\/\/grizzlyadam.co.uk\/wp-content\/uploads\/2019\/11\/gadamlogo.png\",\"contentUrl\":\"https:\/\/grizzlyadam.co.uk\/wp-content\/uploads\/2019\/11\/gadamlogo.png\",\"width\":\"200\",\"height\":\"200\",\"caption\":\"GRIZZLY ADAM\"},\"image\":{\"@id\":\"https:\/\/project1-mke5mv4jgx.live-website.com\/#\/schema\/logo\/image\/\"},\"sameAs\":[\"https:\/\/www.facebook.com\/grizzlyadamuk\",\"https:\/\/x.com\/grizzlyadamuk\",\"https:\/\/www.instagram.com\/grizzlyadamuk\/\"]}]}<\/script>\n<!-- \/ Yoast SEO plugin. -->","yoast_head_json":{"title":"Ultimate Grizzly Adam Beard Care Kit Special Offer - Grizzly Adam","robots":{"index":"index","follow":"follow","max-snippet":"max-snippet:-1","max-image-preview":"max-image-preview:large","max-video-preview":"max-video-preview:-1"},"canonical":"https:\/\/grizzlyadam.co.uk\/fr\/produit\/ultimate-grizzly-adam-beard-care-kit-special-offer\/","og_locale":"fr_FR","og_type":"article","og_title":"Ultimate Grizzly Adam Beard Care Kit Special Offer - Grizzly Adam","og_description":"Perfect Gift Set for Men - Beard Wash Shampoo 200ml, Beard Balm 60ml, Beard Oil 100ml, Beard Scissors and Beard Comb Ideal for Grooming Beards and Moustache \u2026   Over \u00a375 if all purchased separately This ULTIMATE BEARD KIT now includes a gentle beard shampoo and wash formulated specifically for your beard and moustache - Perfect stocking filler for men with beards or mustaches and would be a welcome christmas gift to any bearded man  6.5-Inch Professional Hair and Beard Scissors - Razor Edge Hair Cutting Scissors with Adjustable Tension and Finger Inserts, Sharp Blades for Easy Hairstyling and Beard Trimming  PREMIUM BEARD OIL for Men - Keep Your Beard Healthy, Groomed and Tamed Naturally. Moisturizes Beard Hair and Skin, Eliminates Itching and Dandruff (Beard-druff) for a kissable and respectable beard. Use daily for the best beard effect  HAIR, BEARDS, &amp; MUSTACHES will all benefit from the classically styled, sturdy straight wood comb. Perfect for Long Dense Beards  GRIZZLY ADAM BEARD BALM is the top gentlemans leave-in beard conditioner and thickener with natural oils to help with brittle beards, beard-druff, itching and split ends on the market. Fight patchiness! Use daily for the best beard effect","og_url":"https:\/\/grizzlyadam.co.uk\/fr\/produit\/ultimate-grizzly-adam-beard-care-kit-special-offer\/","og_site_name":"Grizzly Adam","article_publisher":"https:\/\/www.facebook.com\/grizzlyadamuk","article_modified_time":"2022-11-10T17:48:59+00:00","og_image":[{"width":2560,"height":1714,"url":"https:\/\/project1-mke5mv4jgx.live-website.com\/wp-content\/uploads\/2017\/02\/DSC07198-scaled.jpg","type":"image\/jpeg"}],"twitter_card":"summary_large_image","twitter_site":"@grizzlyadamuk","twitter_misc":{"Dur\u00e9e de lecture estim\u00e9e":"2 minutes"},"schema":{"@context":"https:\/\/schema.org","@graph":[{"@type":"WebPage","@id":"https:\/\/grizzlyadam.co.uk\/product\/ultimate-grizzly-adam-beard-care-kit-special-offer\/","url":"https:\/\/grizzlyadam.co.uk\/product\/ultimate-grizzly-adam-beard-care-kit-special-offer\/","name":"Ultimate Grizzly Adam Beard Care Kit Special Offer - Grizzly Adam","isPartOf":{"@id":"https:\/\/project1-mke5mv4jgx.live-website.com\/#website"},"primaryImageOfPage":{"@id":"https:\/\/grizzlyadam.co.uk\/product\/ultimate-grizzly-adam-beard-care-kit-special-offer\/#primaryimage"},"image":{"@id":"https:\/\/grizzlyadam.co.uk\/product\/ultimate-grizzly-adam-beard-care-kit-special-offer\/#primaryimage"},"thumbnailUrl":"https:\/\/grizzlyadam.co.uk\/wp-content\/uploads\/2017\/02\/DSC07198-scaled.jpg","datePublished":"2017-05-27T17:51:24+00:00","dateModified":"2022-11-10T17:48:59+00:00","breadcrumb":{"@id":"https:\/\/grizzlyadam.co.uk\/product\/ultimate-grizzly-adam-beard-care-kit-special-offer\/#breadcrumb"},"inLanguage":"fr-FR","potentialAction":[{"@type":"ReadAction","target":["https:\/\/grizzlyadam.co.uk\/product\/ultimate-grizzly-adam-beard-care-kit-special-offer\/"]}]},{"@type":"ImageObject","inLanguage":"fr-FR","@id":"https:\/\/grizzlyadam.co.uk\/product\/ultimate-grizzly-adam-beard-care-kit-special-offer\/#primaryimage","url":"https:\/\/grizzlyadam.co.uk\/wp-content\/uploads\/2017\/02\/DSC07198-scaled.jpg","contentUrl":"https:\/\/grizzlyadam.co.uk\/wp-content\/uploads\/2017\/02\/DSC07198-scaled.jpg","width":2560,"height":1714},{"@type":"BreadcrumbList","@id":"https:\/\/grizzlyadam.co.uk\/product\/ultimate-grizzly-adam-beard-care-kit-special-offer\/#breadcrumb","itemListElement":[{"@type":"ListItem","position":1,"name":"Home","item":"https:\/\/grizzlyadam.co.uk\/"},{"@type":"ListItem","position":2,"name":"Shop","item":"https:\/\/project1-mke5mv4jgx.live-website.com\/shop\/"},{"@type":"ListItem","position":3,"name":"Ultimate Grizzly Adam Beard Care Kit Special Offer"}]},{"@type":"WebSite","@id":"https:\/\/project1-mke5mv4jgx.live-website.com\/#website","url":"https:\/\/project1-mke5mv4jgx.live-website.com\/","name":"Grizzly Adam","description":"Huile \u00e0 barbe et produits de toilettage pour hommes","publisher":{"@id":"https:\/\/project1-mke5mv4jgx.live-website.com\/#organization"},"potentialAction":[{"@type":"SearchAction","target":{"@type":"EntryPoint","urlTemplate":"https:\/\/project1-mke5mv4jgx.live-website.com\/?s={search_term_string}"},"query-input":{"@type":"PropertyValueSpecification","valueRequired":true,"valueName":"search_term_string"}}],"inLanguage":"fr-FR"},{"@type":"Organization","@id":"https:\/\/project1-mke5mv4jgx.live-website.com\/#organization","name":"GRIZZLY ADAM","url":"https:\/\/project1-mke5mv4jgx.live-website.com\/","logo":{"@type":"ImageObject","inLanguage":"fr-FR","@id":"https:\/\/project1-mke5mv4jgx.live-website.com\/#\/schema\/logo\/image\/","url":"https:\/\/grizzlyadam.co.uk\/wp-content\/uploads\/2019\/11\/gadamlogo.png","contentUrl":"https:\/\/grizzlyadam.co.uk\/wp-content\/uploads\/2019\/11\/gadamlogo.png","width":"200","height":"200","caption":"GRIZZLY ADAM"},"image":{"@id":"https:\/\/project1-mke5mv4jgx.live-website.com\/#\/schema\/logo\/image\/"},"sameAs":["https:\/\/www.facebook.com\/grizzlyadamuk","https:\/\/x.com\/grizzlyadamuk","https:\/\/www.instagram.com\/grizzlyadamuk\/"]}]}},"df_price":69.95,"df_sale_price":"","df_regular_price":69.95,"df_image_link":"https:\/\/grizzlyadam.co.uk\/wp-content\/uploads\/2017\/02\/DSC07198-300x201.jpg","_links":{"self":[{"href":"https:\/\/grizzlyadam.co.uk\/fr\/wp-json\/wp\/v2\/product\/5088","targetHints":{"allow":["GET"]}}],"collection":[{"href":"https:\/\/grizzlyadam.co.uk\/fr\/wp-json\/wp\/v2\/product"}],"about":[{"href":"https:\/\/grizzlyadam.co.uk\/fr\/wp-json\/wp\/v2\/types\/product"}],"replies":[{"embeddable":true,"href":"https:\/\/grizzlyadam.co.uk\/fr\/wp-json\/wp\/v2\/comments?post=5088"}],"wp:featuredmedia":[{"embeddable":true,"href":"https:\/\/grizzlyadam.co.uk\/fr\/wp-json\/wp\/v2\/media\/2202"}],"wp:attachment":[{"href":"https:\/\/grizzlyadam.co.uk\/fr\/wp-json\/wp\/v2\/media?parent=5088"}],"wp:term":[{"taxonomy":"product_brand","embeddable":true,"href":"https:\/\/grizzlyadam.co.uk\/fr\/wp-json\/wp\/v2\/product_brand?post=5088"},{"taxonomy":"product_cat","embeddable":true,"href":"https:\/\/grizzlyadam.co.uk\/fr\/wp-json\/wp\/v2\/product_cat?post=5088"},{"taxonomy":"product_tag","embeddable":true,"href":"https:\/\/grizzlyadam.co.uk\/fr\/wp-json\/wp\/v2\/product_tag?post=5088"}],"curies":[{"name":"wp","href":"https:\/\/api.w.org\/{rel}","templated":true}]}}