{"id":4500,"date":"2017-04-18T16:40:46","date_gmt":"2017-04-18T15:40:46","guid":{"rendered":"https:\/\/grizzlyadam.co.uk\/?post_type=product&#038;p=4500"},"modified":"2017-04-22T15:18:15","modified_gmt":"2017-04-22T14:18:15","slug":"the-grizzly-adam-beard-guide-to-beard-care","status":"publish","type":"product","link":"https:\/\/grizzlyadam.co.uk\/fr\/produit\/the-grizzly-adam-beard-guide-to-beard-care\/","title":{"rendered":"Le guide Grizzly Adam Beard sur l'entretien de la barbe"},"content":{"rendered":"<div class=\"page\" title=\"Page 3\">\n<div class=\"layoutArea\">\n<div class=\"column\">\n<p><strong>Bienvenue dans le guide du Grizzly Adam sur l'entretien de la barbe.<\/strong><\/p>\n<p>Nous esp\u00e9rons que vous vous \u00eates d\u00e9j\u00e0 laiss\u00e9 pousser la barbe, que vous avez d\u00e9cid\u00e9 de le faire ou que vous en \u00eates encore \u00e0 l'\u00e9tape o\u00f9 vous envisagez de vous laisser pousser la barbe.<\/p>\n<p>Si, pour une raison \u00e9trange et insondable, vous n'\u00eates pas convaincu que la pilosit\u00e9 faciale est faite pour vous, prenez une chaise et bouchez vos oreilles, car nous avons besoin d'une discussion d'homme \u00e0 homme.<\/p>\n<p>Dans ce monde du politiquement correct, des droits de la femme et de la suppression des r\u00f4les de genre, il reste un dernier bastion d'espoir pour les hommes de devenir un vrai homme, un guerrier, un commandant en chef, un barbier de premier ordre, une l\u00e9gende.<\/p>\n<p>Le dernier espoir, mon ami, c'est que vous vous fassiez pousser la barbe, que vous s\u00e9duisiez la moustache et que vous cultiviez une for\u00eat faciale de virilit\u00e9.<\/p>\n<p>Dans de nombreuses cultures, se laisser pousser une barbe et\/ou une moustache touffue et \u00e9paisse est consid\u00e9r\u00e9 comme un rite de passage pour les hommes et un symbole de pouvoir. Mais tout le monde n'a pas le g\u00e8ne de la barbe et la vitesse de croissance de la barbe d\u00e9pend \u00e0 la fois de la g\u00e9n\u00e9tique et des niveaux de testost\u00e9rone, tout en exigeant pers\u00e9v\u00e9rance et patience.<\/p>\n<p>Cela signifie que certains hommes ne peuvent produire que des fesses floues, tandis que d'autres peuvent produire une for\u00eat de barbe en haussant simplement un sourcil. Mais vous vous devez de vous laisser pousser la barbe. Ce livre vous guidera \u00e0 travers les changements bouleversants que la barbe apportera dans votre vie. Nous vous aiderons dans votre voyage, en r\u00e9pondant \u00e0 ces questions di cultes, en vous aidant dans ce merveilleux voyage.<\/p>\n<p>Alors, sans plus attendre, dirigeons-nous vers un meilleur endroit. Toutes les r\u00e9ponses que vous cherchez sont devant vous. Laissez-nous vous aider \u00e0 vous rendre complet.....<\/p>\n<\/div>\n<\/div>\n<\/div>","protected":false},"excerpt":{"rendered":"<h2><span style=\"color: #d83131;\">T\u00e9l\u00e9chargez votre livre gratuit<\/span><\/h2>\n<p>POURQUOI SE FAIRE POUSSER UNE BARBE DE TUEUR ?<br \/>\nIl y a de nombreuses raisons de se laisser pousser la barbe, parmi lesquelles:- le fait de se laisser pousser la barbe.<br \/>\n- Le symbole ultime de la masculinit\u00e9<br \/>\n- Peut vous faire para\u00eetre plus \u00e2g\u00e9 et plus distingu\u00e9<br \/>\n- Vous donne l'impression d'\u00eatre plus puissant<br \/>\n- Id\u00e9al pour dissimuler un menton de forme irr\u00e9guli\u00e8re ou faible<br \/>\n- Vous serez plus attrayant pour de nombreuses personnes<br \/>\n- Donne du caract\u00e8re au visage<br \/>\n- Pas de risque d'\u00eatre pris pour une fille<br \/>\n- Protection contre le froid et les vents violents<br \/>\n- Protection contre les coups de poing ou les coups au visage.<br \/>\n- Peut agir comme un filtre, pour emp\u00eacher les germes de p\u00e9n\u00e9trer dans le nez et la gorge.<br \/>\n- Avoir l'air cool, branch\u00e9 et \u00e0 la mode<br \/>\n- Peut attirer le sexe oppos\u00e9, et m\u00eame (si vous \u00eates de cet avis) le m\u00eame sexe !<\/p>","protected":false},"featured_media":4501,"comment_status":"open","ping_status":"closed","template":"","meta":[],"product_brand":[],"product_cat":[71],"product_tag":[],"class_list":{"0":"post-4500","1":"product","2":"type-product","3":"status-publish","4":"has-post-thumbnail","6":"product_cat-accessories","8":"first","9":"instock","10":"sale","11":"downloadable","12":"taxable","13":"shipping-taxable","14":"purchasable","15":"product-type-simple"},"yoast_head":"<!-- This site is optimized with the Yoast SEO plugin v27.4 - https:\/\/yoast.com\/product\/yoast-seo-wordpress\/ -->\n<title>The Grizzly Adam Beard Guide to Beard Care - Grizzly Adam<\/title>\n<meta name=\"robots\" content=\"index, follow, max-snippet:-1, max-image-preview:large, max-video-preview:-1\" \/>\n<link rel=\"canonical\" href=\"https:\/\/grizzlyadam.co.uk\/fr\/produit\/the-grizzly-adam-beard-guide-to-beard-care\/\" \/>\n<meta property=\"og:locale\" content=\"fr_FR\" \/>\n<meta property=\"og:type\" content=\"article\" \/>\n<meta property=\"og:title\" content=\"The Grizzly Adam Beard Guide to Beard Care - Grizzly Adam\" \/>\n<meta property=\"og:description\" content=\"Download your Free Ebook WHY SHOULD YOU GROW A KILLER BEARD? There are so many reasons you need to grow a beard, and they include:- \u2022 The ultimate symbol of masculinity \u2022 Can make you look older and more distinguished \u2022 Makes you look more powerful \u2022 Good for hiding an odd shaped or weak chin \u2022 You will look more attractive to many people \u2022 Adds character to the face \u2022 No chance of being mistaken for a girl \u2022 Protection from cold weather and biting winds \u2022 Protection from being punched or blows to the face. \u2022 Can act as a filter, to filter germs from entering the nose and throat. \u2022 Look cool, hip and trendy \u2022 Can attract the opposite sex, and even (if you\u2019re that way inclined) the same sex!\" \/>\n<meta property=\"og:url\" content=\"https:\/\/grizzlyadam.co.uk\/fr\/produit\/the-grizzly-adam-beard-guide-to-beard-care\/\" \/>\n<meta property=\"og:site_name\" content=\"Grizzly Adam\" \/>\n<meta property=\"article:publisher\" content=\"https:\/\/www.facebook.com\/grizzlyadamuk\" \/>\n<meta property=\"article:modified_time\" content=\"2017-04-22T14:18:15+00:00\" \/>\n<meta property=\"og:image\" content=\"https:\/\/project1-mke5mv4jgx.live-website.com\/wp-content\/uploads\/2017\/04\/ebook.jpg\" \/>\n\t<meta property=\"og:image:width\" content=\"1500\" \/>\n\t<meta property=\"og:image:height\" content=\"1500\" \/>\n\t<meta property=\"og:image:type\" content=\"image\/jpeg\" \/>\n<meta name=\"twitter:card\" content=\"summary_large_image\" \/>\n<meta name=\"twitter:site\" content=\"@grizzlyadamuk\" \/>\n<meta name=\"twitter:label1\" content=\"Dur\u00e9e de lecture estim\u00e9e\" \/>\n\t<meta name=\"twitter:data1\" content=\"1 minute\" \/>\n<script type=\"application\/ld+json\" class=\"yoast-schema-graph\">{\"@context\":\"https:\\\/\\\/schema.org\",\"@graph\":[{\"@type\":\"WebPage\",\"@id\":\"https:\\\/\\\/grizzlyadam.co.uk\\\/product\\\/the-grizzly-adam-beard-guide-to-beard-care\\\/\",\"url\":\"https:\\\/\\\/grizzlyadam.co.uk\\\/product\\\/the-grizzly-adam-beard-guide-to-beard-care\\\/\",\"name\":\"The Grizzly Adam Beard Guide to Beard Care - Grizzly Adam\",\"isPartOf\":{\"@id\":\"https:\\\/\\\/project1-mke5mv4jgx.live-website.com\\\/#website\"},\"primaryImageOfPage\":{\"@id\":\"https:\\\/\\\/grizzlyadam.co.uk\\\/product\\\/the-grizzly-adam-beard-guide-to-beard-care\\\/#primaryimage\"},\"image\":{\"@id\":\"https:\\\/\\\/grizzlyadam.co.uk\\\/product\\\/the-grizzly-adam-beard-guide-to-beard-care\\\/#primaryimage\"},\"thumbnailUrl\":\"https:\\\/\\\/grizzlyadam.co.uk\\\/wp-content\\\/uploads\\\/2017\\\/04\\\/ebook.jpg\",\"datePublished\":\"2017-04-18T15:40:46+00:00\",\"dateModified\":\"2017-04-22T14:18:15+00:00\",\"breadcrumb\":{\"@id\":\"https:\\\/\\\/grizzlyadam.co.uk\\\/product\\\/the-grizzly-adam-beard-guide-to-beard-care\\\/#breadcrumb\"},\"inLanguage\":\"fr-FR\",\"potentialAction\":[{\"@type\":\"ReadAction\",\"target\":[\"https:\\\/\\\/grizzlyadam.co.uk\\\/product\\\/the-grizzly-adam-beard-guide-to-beard-care\\\/\"]}]},{\"@type\":\"ImageObject\",\"inLanguage\":\"fr-FR\",\"@id\":\"https:\\\/\\\/grizzlyadam.co.uk\\\/product\\\/the-grizzly-adam-beard-guide-to-beard-care\\\/#primaryimage\",\"url\":\"https:\\\/\\\/grizzlyadam.co.uk\\\/wp-content\\\/uploads\\\/2017\\\/04\\\/ebook.jpg\",\"contentUrl\":\"https:\\\/\\\/grizzlyadam.co.uk\\\/wp-content\\\/uploads\\\/2017\\\/04\\\/ebook.jpg\",\"width\":1500,\"height\":1500},{\"@type\":\"BreadcrumbList\",\"@id\":\"https:\\\/\\\/grizzlyadam.co.uk\\\/product\\\/the-grizzly-adam-beard-guide-to-beard-care\\\/#breadcrumb\",\"itemListElement\":[{\"@type\":\"ListItem\",\"position\":1,\"name\":\"Home\",\"item\":\"https:\\\/\\\/grizzlyadam.co.uk\\\/\"},{\"@type\":\"ListItem\",\"position\":2,\"name\":\"Shop\",\"item\":\"https:\\\/\\\/project1-mke5mv4jgx.live-website.com\\\/shop\\\/\"},{\"@type\":\"ListItem\",\"position\":3,\"name\":\"The Grizzly Adam Beard Guide to Beard Care\"}]},{\"@type\":\"WebSite\",\"@id\":\"https:\\\/\\\/project1-mke5mv4jgx.live-website.com\\\/#website\",\"url\":\"https:\\\/\\\/project1-mke5mv4jgx.live-website.com\\\/\",\"name\":\"Grizzly Adam\",\"description\":\"Beard Oil And Grooming Products For Gentlemen\",\"publisher\":{\"@id\":\"https:\\\/\\\/project1-mke5mv4jgx.live-website.com\\\/#organization\"},\"potentialAction\":[{\"@type\":\"SearchAction\",\"target\":{\"@type\":\"EntryPoint\",\"urlTemplate\":\"https:\\\/\\\/project1-mke5mv4jgx.live-website.com\\\/?s={search_term_string}\"},\"query-input\":{\"@type\":\"PropertyValueSpecification\",\"valueRequired\":true,\"valueName\":\"search_term_string\"}}],\"inLanguage\":\"fr-FR\"},{\"@type\":\"Organization\",\"@id\":\"https:\\\/\\\/project1-mke5mv4jgx.live-website.com\\\/#organization\",\"name\":\"GRIZZLY ADAM\",\"url\":\"https:\\\/\\\/project1-mke5mv4jgx.live-website.com\\\/\",\"logo\":{\"@type\":\"ImageObject\",\"inLanguage\":\"fr-FR\",\"@id\":\"https:\\\/\\\/project1-mke5mv4jgx.live-website.com\\\/#\\\/schema\\\/logo\\\/image\\\/\",\"url\":\"https:\\\/\\\/grizzlyadam.co.uk\\\/wp-content\\\/uploads\\\/2019\\\/11\\\/gadamlogo.png\",\"contentUrl\":\"https:\\\/\\\/grizzlyadam.co.uk\\\/wp-content\\\/uploads\\\/2019\\\/11\\\/gadamlogo.png\",\"width\":\"200\",\"height\":\"200\",\"caption\":\"GRIZZLY ADAM\"},\"image\":{\"@id\":\"https:\\\/\\\/project1-mke5mv4jgx.live-website.com\\\/#\\\/schema\\\/logo\\\/image\\\/\"},\"sameAs\":[\"https:\\\/\\\/www.facebook.com\\\/grizzlyadamuk\",\"https:\\\/\\\/x.com\\\/grizzlyadamuk\",\"https:\\\/\\\/www.instagram.com\\\/grizzlyadamuk\\\/\"]}]}<\/script>\n<!-- \/ Yoast SEO plugin. -->","yoast_head_json":{"title":"The Grizzly Adam Beard Guide to Beard Care - Grizzly Adam","robots":{"index":"index","follow":"follow","max-snippet":"max-snippet:-1","max-image-preview":"max-image-preview:large","max-video-preview":"max-video-preview:-1"},"canonical":"https:\/\/grizzlyadam.co.uk\/fr\/produit\/the-grizzly-adam-beard-guide-to-beard-care\/","og_locale":"fr_FR","og_type":"article","og_title":"The Grizzly Adam Beard Guide to Beard Care - Grizzly Adam","og_description":"Download your Free Ebook WHY SHOULD YOU GROW A KILLER BEARD? There are so many reasons you need to grow a beard, and they include:- \u2022 The ultimate symbol of masculinity \u2022 Can make you look older and more distinguished \u2022 Makes you look more powerful \u2022 Good for hiding an odd shaped or weak chin \u2022 You will look more attractive to many people \u2022 Adds character to the face \u2022 No chance of being mistaken for a girl \u2022 Protection from cold weather and biting winds \u2022 Protection from being punched or blows to the face. \u2022 Can act as a filter, to filter germs from entering the nose and throat. \u2022 Look cool, hip and trendy \u2022 Can attract the opposite sex, and even (if you\u2019re that way inclined) the same sex!","og_url":"https:\/\/grizzlyadam.co.uk\/fr\/produit\/the-grizzly-adam-beard-guide-to-beard-care\/","og_site_name":"Grizzly Adam","article_publisher":"https:\/\/www.facebook.com\/grizzlyadamuk","article_modified_time":"2017-04-22T14:18:15+00:00","og_image":[{"width":1500,"height":1500,"url":"https:\/\/project1-mke5mv4jgx.live-website.com\/wp-content\/uploads\/2017\/04\/ebook.jpg","type":"image\/jpeg"}],"twitter_card":"summary_large_image","twitter_site":"@grizzlyadamuk","twitter_misc":{"Dur\u00e9e de lecture estim\u00e9e":"1 minute"},"schema":{"@context":"https:\/\/schema.org","@graph":[{"@type":"WebPage","@id":"https:\/\/grizzlyadam.co.uk\/product\/the-grizzly-adam-beard-guide-to-beard-care\/","url":"https:\/\/grizzlyadam.co.uk\/product\/the-grizzly-adam-beard-guide-to-beard-care\/","name":"The Grizzly Adam Beard Guide to Beard Care - Grizzly Adam","isPartOf":{"@id":"https:\/\/project1-mke5mv4jgx.live-website.com\/#website"},"primaryImageOfPage":{"@id":"https:\/\/grizzlyadam.co.uk\/product\/the-grizzly-adam-beard-guide-to-beard-care\/#primaryimage"},"image":{"@id":"https:\/\/grizzlyadam.co.uk\/product\/the-grizzly-adam-beard-guide-to-beard-care\/#primaryimage"},"thumbnailUrl":"https:\/\/grizzlyadam.co.uk\/wp-content\/uploads\/2017\/04\/ebook.jpg","datePublished":"2017-04-18T15:40:46+00:00","dateModified":"2017-04-22T14:18:15+00:00","breadcrumb":{"@id":"https:\/\/grizzlyadam.co.uk\/product\/the-grizzly-adam-beard-guide-to-beard-care\/#breadcrumb"},"inLanguage":"fr-FR","potentialAction":[{"@type":"ReadAction","target":["https:\/\/grizzlyadam.co.uk\/product\/the-grizzly-adam-beard-guide-to-beard-care\/"]}]},{"@type":"ImageObject","inLanguage":"fr-FR","@id":"https:\/\/grizzlyadam.co.uk\/product\/the-grizzly-adam-beard-guide-to-beard-care\/#primaryimage","url":"https:\/\/grizzlyadam.co.uk\/wp-content\/uploads\/2017\/04\/ebook.jpg","contentUrl":"https:\/\/grizzlyadam.co.uk\/wp-content\/uploads\/2017\/04\/ebook.jpg","width":1500,"height":1500},{"@type":"BreadcrumbList","@id":"https:\/\/grizzlyadam.co.uk\/product\/the-grizzly-adam-beard-guide-to-beard-care\/#breadcrumb","itemListElement":[{"@type":"ListItem","position":1,"name":"Home","item":"https:\/\/grizzlyadam.co.uk\/"},{"@type":"ListItem","position":2,"name":"Shop","item":"https:\/\/project1-mke5mv4jgx.live-website.com\/shop\/"},{"@type":"ListItem","position":3,"name":"The Grizzly Adam Beard Guide to Beard Care"}]},{"@type":"WebSite","@id":"https:\/\/project1-mke5mv4jgx.live-website.com\/#website","url":"https:\/\/project1-mke5mv4jgx.live-website.com\/","name":"Grizzly Adam","description":"Huile \u00e0 barbe et produits de toilettage pour hommes","publisher":{"@id":"https:\/\/project1-mke5mv4jgx.live-website.com\/#organization"},"potentialAction":[{"@type":"SearchAction","target":{"@type":"EntryPoint","urlTemplate":"https:\/\/project1-mke5mv4jgx.live-website.com\/?s={search_term_string}"},"query-input":{"@type":"PropertyValueSpecification","valueRequired":true,"valueName":"search_term_string"}}],"inLanguage":"fr-FR"},{"@type":"Organization","@id":"https:\/\/project1-mke5mv4jgx.live-website.com\/#organization","name":"GRIZZLY ADAM","url":"https:\/\/project1-mke5mv4jgx.live-website.com\/","logo":{"@type":"ImageObject","inLanguage":"fr-FR","@id":"https:\/\/project1-mke5mv4jgx.live-website.com\/#\/schema\/logo\/image\/","url":"https:\/\/grizzlyadam.co.uk\/wp-content\/uploads\/2019\/11\/gadamlogo.png","contentUrl":"https:\/\/grizzlyadam.co.uk\/wp-content\/uploads\/2019\/11\/gadamlogo.png","width":"200","height":"200","caption":"GRIZZLY ADAM"},"image":{"@id":"https:\/\/project1-mke5mv4jgx.live-website.com\/#\/schema\/logo\/image\/"},"sameAs":["https:\/\/www.facebook.com\/grizzlyadamuk","https:\/\/x.com\/grizzlyadamuk","https:\/\/www.instagram.com\/grizzlyadamuk\/"]}]}},"df_price":"","df_sale_price":"","df_regular_price":19.99,"df_image_link":"https:\/\/grizzlyadam.co.uk\/wp-content\/uploads\/2017\/04\/ebook-300x300.jpg","_links":{"self":[{"href":"https:\/\/grizzlyadam.co.uk\/fr\/wp-json\/wp\/v2\/product\/4500","targetHints":{"allow":["GET"]}}],"collection":[{"href":"https:\/\/grizzlyadam.co.uk\/fr\/wp-json\/wp\/v2\/product"}],"about":[{"href":"https:\/\/grizzlyadam.co.uk\/fr\/wp-json\/wp\/v2\/types\/product"}],"replies":[{"embeddable":true,"href":"https:\/\/grizzlyadam.co.uk\/fr\/wp-json\/wp\/v2\/comments?post=4500"}],"wp:featuredmedia":[{"embeddable":true,"href":"https:\/\/grizzlyadam.co.uk\/fr\/wp-json\/wp\/v2\/media\/4501"}],"wp:attachment":[{"href":"https:\/\/grizzlyadam.co.uk\/fr\/wp-json\/wp\/v2\/media?parent=4500"}],"wp:term":[{"taxonomy":"product_brand","embeddable":true,"href":"https:\/\/grizzlyadam.co.uk\/fr\/wp-json\/wp\/v2\/product_brand?post=4500"},{"taxonomy":"product_cat","embeddable":true,"href":"https:\/\/grizzlyadam.co.uk\/fr\/wp-json\/wp\/v2\/product_cat?post=4500"},{"taxonomy":"product_tag","embeddable":true,"href":"https:\/\/grizzlyadam.co.uk\/fr\/wp-json\/wp\/v2\/product_tag?post=4500"}],"curies":[{"name":"wp","href":"https:\/\/api.w.org\/{rel}","templated":true}]}}