{"id":4274,"date":"2017-04-13T13:19:51","date_gmt":"2017-04-13T12:19:51","guid":{"rendered":"https:\/\/grizzlyadam.co.uk\/product\/grizzly-adam-hair-and-beard-growth-support-exclusive-offer\/"},"modified":"2026-04-14T15:48:59","modified_gmt":"2026-04-14T14:48:59","slug":"grizzly-adam-hair-and-beard-growth-support-exclusive-offer","status":"publish","type":"product","link":"https:\/\/grizzlyadam.co.uk\/fr\/produit\/grizzly-adam-hair-and-beard-growth-support-exclusive-offer\/","title":{"rendered":"Grizzly Adam Soutien \u00e0 la croissance des cheveux et de la barbe - Offre exclusive"},"content":{"rendered":"<h2>Voici d'autres avantages incroyables que vous obtiendrez en prenant r\u00e9guli\u00e8rement le compl\u00e9ment alimentaire Grizzly Adam pour la croissance des cheveux et de la barbe :<\/h2>\n<ul>\n<li><strong>Faites le plein de vitamines et de min\u00e9raux nourrissants qui pr\u00e9viennent la chute des cheveux et stimulent leur croissance !<\/strong><\/li>\n<\/ul>\n<ul>\n<li>Votre barbe devient plus forte gr\u00e2ce aux vitamines puissantes contenues dans chaque capsule.<\/li>\n<\/ul>\n<ul>\n<li><strong>Une croissance des poils de barbe plus rapide que jamais - une fois que votre corps a re\u00e7u tous les nutriments essentiels dont il a besoin, il enclenche l'interrupteur et commence \u00e0 faire pousser votre barbe, et ce, rapidement !<\/strong><\/li>\n<\/ul>\n<ul>\n<li>Gr\u00e2ce \u00e0 tous ces nutriments et min\u00e9raux essentiels, votre barbe ne se contentera pas de pousser plus longtemps - elle sera \u00e9galement plus \u00e9paisse, plus fournie, plus dense et d'apparence plus saine.<\/li>\n<\/ul>\n<ul>\n<li><strong>Remplir les zones clairsem\u00e9es - Fini les zones clairsem\u00e9es : votre barbe aura tout ce qu'il faut pour pousser tout ce qu'il faut.\u00a0<\/strong><strong>vos g\u00e8nes le permettent !<\/strong><\/li>\n<\/ul>\n<ul>\n<li>Doux, riche et brillant - vous restaurerez l'\u00e9lasticit\u00e9, la douceur et la brillance naturelles de vos cheveux gr\u00e2ce \u00e0 cette formule puissante !<\/li>\n<\/ul>\n<ul>\n<li><strong>Rendez vos amis barbus jaloux et envieux de votre nouvelle barbe plus \u00e9paisse, plus saine, plus fonc\u00e9e et plus belle !<\/strong><\/li>\n<\/ul>\n<ul>\n<li>Laissez-vous enfin pousser la barbe virile dont vous avez toujours r\u00eav\u00e9, m\u00eame si vos poils sont clairsem\u00e9s ou si vous \u00eates chauve !<\/li>\n<\/ul>\n<ul>\n<li><strong>Ayez davantage confiance en votre masculinit\u00e9 - et voyez cette confiance vous rendre plus s\u00e9duisant et vous permettre d'\u00eatre plus performant.\u00a0<\/strong><strong>mieux, sans que la peur de para\u00eetre immature ne vous retienne !<\/strong><\/li>\n<\/ul>\n<ul>\n<li>Investissez dans la sant\u00e9 de votre cuir chevelu et de votre barbe - vous n'obtiendrez pas une crini\u00e8re bien fournie du jour au lendemain, mais vous investirez \u00e0 long terme.<br \/>\nla croissance, la sant\u00e9 et la pl\u00e9nitude de vos cheveux !<\/li>\n<\/ul>\n<ul>\n<li><strong>Ralentissez la chute des cheveux ou la calvitie potentielle ! Vos follicules pileux recevront tout le carburant dont ils ont besoin pour une croissance et une force maximales des cheveux afin de lutter contre la calvitie !<\/strong><\/li>\n<\/ul>\n<ul>\n<li>Et bien d'autres choses encore que tu devras d\u00e9couvrir par toi-m\u00eame, une fois que tu auras v\u00e9cu la vie d'un vrai grizzly barbu !<\/li>\n<li><strong>Si tout cela ne vous convient pas, <a href=\"https:\/\/grizzlyadam.co.uk\/fr\/hair-and-beard-growth-support\/\">consultez cette page de commande sp\u00e9ciale<\/a> o\u00f9 vous pouvez obtenir un <span style=\"background-color: #ffff00;\">instant 20% OFF<\/span> et beaucoup plus d'informations sur les raisons pour lesquelles ce compl\u00e9ment alimentaire pour la croissance de la barbe fonctionne si bien.<\/strong><\/li>\n<\/ul>\n<p><img loading=\"lazy\" decoding=\"async\" class=\"aligncenter wp-image-3298 size-large\" src=\"https:\/\/grizzlyadam.co.uk\/wp-content\/uploads\/2016\/04\/Image-6-1024x1024.jpg\" width=\"1024\" height=\"1024\" \/><br \/>\n<strong>Ingr\u00e9dients<\/strong><\/p>\n<p>Carbonate de calcium 252,53mg apportant du calcium Oxyde de magn\u00e9sium 166,99mg apportant du magn\u00e9sium Huile de lin en poudre Vitamine C (acide ascorbique) Vitamine B2 (riboflavine) Fumarate ferreux 44,59mg apportant du fer Citrate de zinc 33.33mg apportant du zinc Silice Chol\u00e9calcif\u00e9rol 100 000 iu\/g 10mg apportant de la vitamine D3 Gluconate de cuivre 7,69mg apportant du cuivre S\u00e9l\u00e9nite de sodium 0,22mg apportant du s\u00e9l\u00e9nium Iodure de potassium 0,2mg apportant de l'iode Biotine<br \/>\n<strong> Avertissement de s\u00e9curit\u00e9 <\/strong><\/p>\n<p>Les compl\u00e9ments alimentaires ne doivent pas \u00eatre utilis\u00e9s comme substitut d'un r\u00e9gime alimentaire vari\u00e9 et \u00e9quilibr\u00e9 et d'un mode de vie sain. L'utilisation de ce produit est d\u00e9conseill\u00e9e aux femmes enceintes ou allaitantes et aux personnes souffrant d'allergies. Si vous prenez des m\u00e9dicaments, veuillez consulter un m\u00e9decin avant d'utiliser ce produit. Cesser l'utilisation et consulter un m\u00e9decin en cas d'effets ind\u00e9sirables. Ne pas utiliser par des personnes de moins de 18 ans. Tenir hors de port\u00e9e des enfants. Conserver dans un endroit frais et sec. Ne pas utiliser si le sceau est bris\u00e9. Fabriqu\u00e9 sur des \u00e9quipements qui traitent des produits contenant des noix, du lait, du poisson et du soja.<\/p>\n<p><strong>Directions<\/strong><\/p>\n<p>Prendre deux g\u00e9lules par jour.<\/p>\n<p>Maximum quatre g\u00e9lules par jour pour des r\u00e9sultats plus rapides.<\/p>\n<p>Ne pas d\u00e9passer la dose indiqu\u00e9e.<\/p>","protected":false},"excerpt":{"rendered":"<div id=\"featurebullets_feature_div\" class=\"feature\" data-feature-name=\"featurebullets\">\n<div id=\"feature-bullets\" class=\"a-section a-spacing-medium a-spacing-top-small\">\n<ul class=\"a-vertical a-spacing-none\">\n<li><span class=\"a-list-item\"> Formule de soutien \u00e0 la croissance des cheveux et de la barbe de haute qualit\u00e9 - Si vous cherchez \u00e0 am\u00e9liorer votre barbe ou \u00e0 lutter contre une \u00e9ventuelle calvitie, ce produit est fait pour vous.<\/span><\/li>\n<li><span class=\"a-list-item\"> La biotine stimule vos cheveux - Voulez-vous une barbe plus grande et plus belle ? Si c'est le cas, une vitamine du complexe B appel\u00e9e biotine est exactement ce qu'il vous faut. Non seulement elle aide \u00e0 pr\u00e9venir la chute des cheveux, mais elle peut \u00e9galement stimuler naturellement la croissance des cheveux. Et comme si ce n'\u00e9tait pas d\u00e9j\u00e0 assez cool, elle restaure \u00e9galement la brillance, l'\u00e9lasticit\u00e9 et la densit\u00e9 de vos cheveux.<\/span><\/li>\n<li><span class=\"a-list-item\"> La formule puissante comprend du zinc, du cuivre, de la vitamine C et de la vitamine B2 pour des cheveux plus sains et plus forts.<\/span><\/li>\n<li><span class=\"a-list-item\"> 100% Ingr\u00e9dients naturels et de haute qualit\u00e9<\/span><\/li>\n<li><span class=\"a-list-item\"> Pour quelque raison que ce soit, si vous n'\u00eates pas satisfait de nos produits ou de notre service, contactez-nous et nous ferons le n\u00e9cessaire - nous avons le MEILLEUR service \u00e0 la client\u00e8le et les suppl\u00e9ments de la plus haute qualit\u00e9 sur le march\u00e9 aujourd'hui !<\/span><\/li>\n<\/ul>\n<\/div>\n<\/div>","protected":false},"featured_media":2227,"comment_status":"closed","ping_status":"closed","template":"","meta":[],"product_brand":[],"product_cat":[250,89],"product_tag":[],"class_list":{"0":"post-4274","1":"product","2":"type-product","3":"status-publish","4":"has-post-thumbnail","6":"product_cat-beard-growth","7":"product_cat-supplements","9":"first","10":"outofstock","11":"sale","12":"taxable","13":"shipping-taxable","14":"purchasable","15":"product-type-simple"},"yoast_head":"<!-- This site is optimized with the Yoast SEO plugin v27.4 - https:\/\/yoast.com\/product\/yoast-seo-wordpress\/ -->\n<title>Grizzly Adam Hair and Beard Growth Support - Exclusive Offer - Grizzly Adam<\/title>\n<meta name=\"robots\" content=\"index, follow, max-snippet:-1, max-image-preview:large, max-video-preview:-1\" \/>\n<link rel=\"canonical\" href=\"https:\/\/grizzlyadam.co.uk\/fr\/produit\/grizzly-adam-hair-and-beard-growth-support-exclusive-offer\/\" \/>\n<meta property=\"og:locale\" content=\"fr_FR\" \/>\n<meta property=\"og:type\" content=\"article\" \/>\n<meta property=\"og:title\" content=\"Grizzly Adam Hair and Beard Growth Support - Exclusive Offer - Grizzly Adam\" \/>\n<meta property=\"og:description\" content=\"High quality hair and beard growth support formula - If you are looking to improve your beard or fight potential baldness, this is the right product for you.   Gives Your Hair a Biotin Boost - Do you want a bigger and better looking beard? If so, a B-Complex vitamin called Biotin is just what you need. Not only does it aid in the prevention of hair loss, but it can also give you a natural boost in your rate of hair growth. And as if that wasn&#039;t already cool enough, it also restores your hair&#039;s shine, elasticity and density.   Potent Formula includes Zinc, Copper, Vitamin C and Vitamin B2 for Healthier, Stronger Hair   100% Natural And High-Quality Ingredients   Our Products Are Of The Highest Quality Only, So We Offer a 100% Money Back Guarantee To All Of Our Customers.For what ever reason you are not 100% satisfied with our products or service, simply contact us and we will make it right - We have THE BEST Customer Service and the Highest Quality Supplements on the market Today!\" \/>\n<meta property=\"og:url\" content=\"https:\/\/grizzlyadam.co.uk\/fr\/produit\/grizzly-adam-hair-and-beard-growth-support-exclusive-offer\/\" \/>\n<meta property=\"og:site_name\" content=\"Grizzly Adam\" \/>\n<meta property=\"article:publisher\" content=\"https:\/\/www.facebook.com\/grizzlyadamuk\" \/>\n<meta property=\"article:modified_time\" content=\"2026-04-14T14:48:59+00:00\" \/>\n<meta property=\"og:image\" content=\"https:\/\/grizzlyadam.co.uk\/wp-content\/uploads\/2017\/02\/Mock1_bigger-e1465983713243.jpg\" \/>\n\t<meta property=\"og:image:width\" content=\"450\" \/>\n\t<meta property=\"og:image:height\" content=\"474\" \/>\n\t<meta property=\"og:image:type\" content=\"image\/jpeg\" \/>\n<meta name=\"twitter:card\" content=\"summary_large_image\" \/>\n<meta name=\"twitter:site\" content=\"@grizzlyadamuk\" \/>\n<meta name=\"twitter:label1\" content=\"Dur\u00e9e de lecture estim\u00e9e\" \/>\n\t<meta name=\"twitter:data1\" content=\"3 minutes\" \/>\n<script type=\"application\/ld+json\" class=\"yoast-schema-graph\">{\"@context\":\"https:\\\/\\\/schema.org\",\"@graph\":[{\"@type\":\"WebPage\",\"@id\":\"https:\\\/\\\/grizzlyadam.co.uk\\\/product\\\/grizzly-adam-hair-and-beard-growth-support-exclusive-offer\\\/\",\"url\":\"https:\\\/\\\/grizzlyadam.co.uk\\\/product\\\/grizzly-adam-hair-and-beard-growth-support-exclusive-offer\\\/\",\"name\":\"Grizzly Adam Hair and Beard Growth Support - Exclusive Offer - Grizzly Adam\",\"isPartOf\":{\"@id\":\"https:\\\/\\\/project1-mke5mv4jgx.live-website.com\\\/#website\"},\"primaryImageOfPage\":{\"@id\":\"https:\\\/\\\/grizzlyadam.co.uk\\\/product\\\/grizzly-adam-hair-and-beard-growth-support-exclusive-offer\\\/#primaryimage\"},\"image\":{\"@id\":\"https:\\\/\\\/grizzlyadam.co.uk\\\/product\\\/grizzly-adam-hair-and-beard-growth-support-exclusive-offer\\\/#primaryimage\"},\"thumbnailUrl\":\"https:\\\/\\\/grizzlyadam.co.uk\\\/wp-content\\\/uploads\\\/2017\\\/02\\\/Mock1_bigger-e1465983713243.jpg\",\"datePublished\":\"2017-04-13T12:19:51+00:00\",\"dateModified\":\"2026-04-14T14:48:59+00:00\",\"breadcrumb\":{\"@id\":\"https:\\\/\\\/grizzlyadam.co.uk\\\/product\\\/grizzly-adam-hair-and-beard-growth-support-exclusive-offer\\\/#breadcrumb\"},\"inLanguage\":\"fr-FR\",\"potentialAction\":[{\"@type\":\"ReadAction\",\"target\":[\"https:\\\/\\\/grizzlyadam.co.uk\\\/product\\\/grizzly-adam-hair-and-beard-growth-support-exclusive-offer\\\/\"]}]},{\"@type\":\"ImageObject\",\"inLanguage\":\"fr-FR\",\"@id\":\"https:\\\/\\\/grizzlyadam.co.uk\\\/product\\\/grizzly-adam-hair-and-beard-growth-support-exclusive-offer\\\/#primaryimage\",\"url\":\"https:\\\/\\\/grizzlyadam.co.uk\\\/wp-content\\\/uploads\\\/2017\\\/02\\\/Mock1_bigger-e1465983713243.jpg\",\"contentUrl\":\"https:\\\/\\\/grizzlyadam.co.uk\\\/wp-content\\\/uploads\\\/2017\\\/02\\\/Mock1_bigger-e1465983713243.jpg\",\"width\":450,\"height\":474},{\"@type\":\"BreadcrumbList\",\"@id\":\"https:\\\/\\\/grizzlyadam.co.uk\\\/product\\\/grizzly-adam-hair-and-beard-growth-support-exclusive-offer\\\/#breadcrumb\",\"itemListElement\":[{\"@type\":\"ListItem\",\"position\":1,\"name\":\"Home\",\"item\":\"https:\\\/\\\/grizzlyadam.co.uk\\\/\"},{\"@type\":\"ListItem\",\"position\":2,\"name\":\"Shop\",\"item\":\"https:\\\/\\\/project1-mke5mv4jgx.live-website.com\\\/shop\\\/\"},{\"@type\":\"ListItem\",\"position\":3,\"name\":\"Grizzly Adam Hair and Beard Growth Support &#8211; Exclusive Offer\"}]},{\"@type\":\"WebSite\",\"@id\":\"https:\\\/\\\/project1-mke5mv4jgx.live-website.com\\\/#website\",\"url\":\"https:\\\/\\\/project1-mke5mv4jgx.live-website.com\\\/\",\"name\":\"Grizzly Adam\",\"description\":\"Beard Oil And Grooming Products For Gentlemen\",\"publisher\":{\"@id\":\"https:\\\/\\\/project1-mke5mv4jgx.live-website.com\\\/#organization\"},\"potentialAction\":[{\"@type\":\"SearchAction\",\"target\":{\"@type\":\"EntryPoint\",\"urlTemplate\":\"https:\\\/\\\/project1-mke5mv4jgx.live-website.com\\\/?s={search_term_string}\"},\"query-input\":{\"@type\":\"PropertyValueSpecification\",\"valueRequired\":true,\"valueName\":\"search_term_string\"}}],\"inLanguage\":\"fr-FR\"},{\"@type\":\"Organization\",\"@id\":\"https:\\\/\\\/project1-mke5mv4jgx.live-website.com\\\/#organization\",\"name\":\"GRIZZLY ADAM\",\"url\":\"https:\\\/\\\/project1-mke5mv4jgx.live-website.com\\\/\",\"logo\":{\"@type\":\"ImageObject\",\"inLanguage\":\"fr-FR\",\"@id\":\"https:\\\/\\\/project1-mke5mv4jgx.live-website.com\\\/#\\\/schema\\\/logo\\\/image\\\/\",\"url\":\"https:\\\/\\\/grizzlyadam.co.uk\\\/wp-content\\\/uploads\\\/2019\\\/11\\\/gadamlogo.png\",\"contentUrl\":\"https:\\\/\\\/grizzlyadam.co.uk\\\/wp-content\\\/uploads\\\/2019\\\/11\\\/gadamlogo.png\",\"width\":\"200\",\"height\":\"200\",\"caption\":\"GRIZZLY ADAM\"},\"image\":{\"@id\":\"https:\\\/\\\/project1-mke5mv4jgx.live-website.com\\\/#\\\/schema\\\/logo\\\/image\\\/\"},\"sameAs\":[\"https:\\\/\\\/www.facebook.com\\\/grizzlyadamuk\",\"https:\\\/\\\/x.com\\\/grizzlyadamuk\",\"https:\\\/\\\/www.instagram.com\\\/grizzlyadamuk\\\/\"]}]}<\/script>\n<!-- \/ Yoast SEO plugin. -->","yoast_head_json":{"title":"Grizzly Adam Hair and Beard Growth Support - Exclusive Offer - Grizzly Adam","robots":{"index":"index","follow":"follow","max-snippet":"max-snippet:-1","max-image-preview":"max-image-preview:large","max-video-preview":"max-video-preview:-1"},"canonical":"https:\/\/grizzlyadam.co.uk\/fr\/produit\/grizzly-adam-hair-and-beard-growth-support-exclusive-offer\/","og_locale":"fr_FR","og_type":"article","og_title":"Grizzly Adam Hair and Beard Growth Support - Exclusive Offer - Grizzly Adam","og_description":"High quality hair and beard growth support formula - If you are looking to improve your beard or fight potential baldness, this is the right product for you.   Gives Your Hair a Biotin Boost - Do you want a bigger and better looking beard? If so, a B-Complex vitamin called Biotin is just what you need. Not only does it aid in the prevention of hair loss, but it can also give you a natural boost in your rate of hair growth. And as if that wasn't already cool enough, it also restores your hair's shine, elasticity and density.   Potent Formula includes Zinc, Copper, Vitamin C and Vitamin B2 for Healthier, Stronger Hair   100% Natural And High-Quality Ingredients   Our Products Are Of The Highest Quality Only, So We Offer a 100% Money Back Guarantee To All Of Our Customers.For what ever reason you are not 100% satisfied with our products or service, simply contact us and we will make it right - We have THE BEST Customer Service and the Highest Quality Supplements on the market Today!","og_url":"https:\/\/grizzlyadam.co.uk\/fr\/produit\/grizzly-adam-hair-and-beard-growth-support-exclusive-offer\/","og_site_name":"Grizzly Adam","article_publisher":"https:\/\/www.facebook.com\/grizzlyadamuk","article_modified_time":"2026-04-14T14:48:59+00:00","og_image":[{"width":450,"height":474,"url":"https:\/\/grizzlyadam.co.uk\/wp-content\/uploads\/2017\/02\/Mock1_bigger-e1465983713243.jpg","type":"image\/jpeg"}],"twitter_card":"summary_large_image","twitter_site":"@grizzlyadamuk","twitter_misc":{"Dur\u00e9e de lecture estim\u00e9e":"3 minutes"},"schema":{"@context":"https:\/\/schema.org","@graph":[{"@type":"WebPage","@id":"https:\/\/grizzlyadam.co.uk\/product\/grizzly-adam-hair-and-beard-growth-support-exclusive-offer\/","url":"https:\/\/grizzlyadam.co.uk\/product\/grizzly-adam-hair-and-beard-growth-support-exclusive-offer\/","name":"Grizzly Adam Hair and Beard Growth Support - Exclusive Offer - Grizzly Adam","isPartOf":{"@id":"https:\/\/project1-mke5mv4jgx.live-website.com\/#website"},"primaryImageOfPage":{"@id":"https:\/\/grizzlyadam.co.uk\/product\/grizzly-adam-hair-and-beard-growth-support-exclusive-offer\/#primaryimage"},"image":{"@id":"https:\/\/grizzlyadam.co.uk\/product\/grizzly-adam-hair-and-beard-growth-support-exclusive-offer\/#primaryimage"},"thumbnailUrl":"https:\/\/grizzlyadam.co.uk\/wp-content\/uploads\/2017\/02\/Mock1_bigger-e1465983713243.jpg","datePublished":"2017-04-13T12:19:51+00:00","dateModified":"2026-04-14T14:48:59+00:00","breadcrumb":{"@id":"https:\/\/grizzlyadam.co.uk\/product\/grizzly-adam-hair-and-beard-growth-support-exclusive-offer\/#breadcrumb"},"inLanguage":"fr-FR","potentialAction":[{"@type":"ReadAction","target":["https:\/\/grizzlyadam.co.uk\/product\/grizzly-adam-hair-and-beard-growth-support-exclusive-offer\/"]}]},{"@type":"ImageObject","inLanguage":"fr-FR","@id":"https:\/\/grizzlyadam.co.uk\/product\/grizzly-adam-hair-and-beard-growth-support-exclusive-offer\/#primaryimage","url":"https:\/\/grizzlyadam.co.uk\/wp-content\/uploads\/2017\/02\/Mock1_bigger-e1465983713243.jpg","contentUrl":"https:\/\/grizzlyadam.co.uk\/wp-content\/uploads\/2017\/02\/Mock1_bigger-e1465983713243.jpg","width":450,"height":474},{"@type":"BreadcrumbList","@id":"https:\/\/grizzlyadam.co.uk\/product\/grizzly-adam-hair-and-beard-growth-support-exclusive-offer\/#breadcrumb","itemListElement":[{"@type":"ListItem","position":1,"name":"Home","item":"https:\/\/grizzlyadam.co.uk\/"},{"@type":"ListItem","position":2,"name":"Shop","item":"https:\/\/project1-mke5mv4jgx.live-website.com\/shop\/"},{"@type":"ListItem","position":3,"name":"Grizzly Adam Hair and Beard Growth Support &#8211; Exclusive Offer"}]},{"@type":"WebSite","@id":"https:\/\/project1-mke5mv4jgx.live-website.com\/#website","url":"https:\/\/project1-mke5mv4jgx.live-website.com\/","name":"Grizzly Adam","description":"Huile \u00e0 barbe et produits de toilettage pour hommes","publisher":{"@id":"https:\/\/project1-mke5mv4jgx.live-website.com\/#organization"},"potentialAction":[{"@type":"SearchAction","target":{"@type":"EntryPoint","urlTemplate":"https:\/\/project1-mke5mv4jgx.live-website.com\/?s={search_term_string}"},"query-input":{"@type":"PropertyValueSpecification","valueRequired":true,"valueName":"search_term_string"}}],"inLanguage":"fr-FR"},{"@type":"Organization","@id":"https:\/\/project1-mke5mv4jgx.live-website.com\/#organization","name":"GRIZZLY ADAM","url":"https:\/\/project1-mke5mv4jgx.live-website.com\/","logo":{"@type":"ImageObject","inLanguage":"fr-FR","@id":"https:\/\/project1-mke5mv4jgx.live-website.com\/#\/schema\/logo\/image\/","url":"https:\/\/grizzlyadam.co.uk\/wp-content\/uploads\/2019\/11\/gadamlogo.png","contentUrl":"https:\/\/grizzlyadam.co.uk\/wp-content\/uploads\/2019\/11\/gadamlogo.png","width":"200","height":"200","caption":"GRIZZLY ADAM"},"image":{"@id":"https:\/\/project1-mke5mv4jgx.live-website.com\/#\/schema\/logo\/image\/"},"sameAs":["https:\/\/www.facebook.com\/grizzlyadamuk","https:\/\/x.com\/grizzlyadamuk","https:\/\/www.instagram.com\/grizzlyadamuk\/"]}]}},"df_price":19.99,"df_sale_price":19.99,"df_regular_price":21.99,"df_image_link":"https:\/\/grizzlyadam.co.uk\/wp-content\/uploads\/2017\/02\/Mock1_bigger-e1465983713243-285x300.jpg","_links":{"self":[{"href":"https:\/\/grizzlyadam.co.uk\/fr\/wp-json\/wp\/v2\/product\/4274","targetHints":{"allow":["GET"]}}],"collection":[{"href":"https:\/\/grizzlyadam.co.uk\/fr\/wp-json\/wp\/v2\/product"}],"about":[{"href":"https:\/\/grizzlyadam.co.uk\/fr\/wp-json\/wp\/v2\/types\/product"}],"replies":[{"embeddable":true,"href":"https:\/\/grizzlyadam.co.uk\/fr\/wp-json\/wp\/v2\/comments?post=4274"}],"wp:featuredmedia":[{"embeddable":true,"href":"https:\/\/grizzlyadam.co.uk\/fr\/wp-json\/wp\/v2\/media\/2227"}],"wp:attachment":[{"href":"https:\/\/grizzlyadam.co.uk\/fr\/wp-json\/wp\/v2\/media?parent=4274"}],"wp:term":[{"taxonomy":"product_brand","embeddable":true,"href":"https:\/\/grizzlyadam.co.uk\/fr\/wp-json\/wp\/v2\/product_brand?post=4274"},{"taxonomy":"product_cat","embeddable":true,"href":"https:\/\/grizzlyadam.co.uk\/fr\/wp-json\/wp\/v2\/product_cat?post=4274"},{"taxonomy":"product_tag","embeddable":true,"href":"https:\/\/grizzlyadam.co.uk\/fr\/wp-json\/wp\/v2\/product_tag?post=4274"}],"curies":[{"name":"wp","href":"https:\/\/api.w.org\/{rel}","templated":true}]}}