{"id":3918,"date":"2017-02-27T12:29:00","date_gmt":"2017-02-27T12:29:00","guid":{"rendered":"https:\/\/grizzlyadam.co.uk\/product\/grizzly-adam-styling-matt-paste-one-off-purchase\/"},"modified":"2025-09-14T10:05:24","modified_gmt":"2025-09-14T09:05:24","slug":"grizzly-adam-styling-matt-paste-one-off-purchase","status":"publish","type":"product","link":"https:\/\/grizzlyadam.co.uk\/fr\/produit\/grizzly-adam-styling-matt-paste-one-off-purchase\/","title":{"rendered":"Grizzly Adam Styling Matt Paste 1 \u00e0 l'achat"},"content":{"rendered":"<div id=\"featurebullets_feature_div\" class=\"feature\" data-feature-name=\"featurebullets\">\n<div id=\"feature-bullets\" class=\"a-section a-spacing-medium a-spacing-top-small\">\n<h2 id=\"title\" class=\"a-size-large a-spacing-none\"><span id=\"productTitle\" class=\"a-size-large\">Tenue moyenne \u00e0 forte donnant un fini sec et mat | Aide \u00e0 cr\u00e9er des coiffures cool et funky dans les cheveux des hommes et des gar\u00e7ons | Parfait pour les hommes avec n'importe quel style de coiffure !<\/span><\/h2>\n<\/div>\n<\/div>","protected":false},"excerpt":{"rendered":"<div id=\"featurebullets_feature_div\" class=\"feature\" data-feature-name=\"featurebullets\">\n<div id=\"feature-bullets\" class=\"a-section a-spacing-medium a-spacing-top-small\">\n<ul class=\"a-vertical a-spacing-none\">\n<li><span class=\"a-list-item\"> Ce produit design et rafra\u00eechissant permet de cr\u00e9er un style cool et funky avec un effet mat formul\u00e9 avec de la cire de carnuba.<\/span><\/li>\n<li><span class=\"a-list-item\"> La p\u00e2te mate aide \u00e0 donner une direction \u00e9l\u00e9gante aux cheveux. Elle maintient les cheveux en bonne sant\u00e9 sans les rendre trop rigides ou collants. Elle est tr\u00e8s facile \u00e0 travailler - Vos cheveux ont toujours l'air secs, comme si vous n'aviez rien mis dessus.<\/span><\/li>\n<li><span class=\"a-list-item\"> Con\u00e7ue sp\u00e9cifiquement pour les cheveux moyens \u00e0 longs des hommes, la p\u00e2te mate Grizzly Adam offre une tenue moyenne \u00e0 forte avec un fini sec et mat.<\/span><\/li>\n<li><span class=\"a-list-item\"> Tous nos produits sont exempts de cruaut\u00e9 et n'ont jamais \u00e9t\u00e9 test\u00e9s sur des animaux.<\/span><\/li>\n<li><span class=\"a-list-item\"> 100% SATISFACTION GARANTIE : Votre satisfaction est tr\u00e8s importante. Si vous n'\u00eates pas enti\u00e8rement satisfait de votre achat, n'h\u00e9sitez pas \u00e0 retourner la p\u00e2te matte Grizzly Adam pour un remboursement complet et rapide.<\/span><\/li>\n<\/ul>\n<p>Cette p\u00e2te mate de qualit\u00e9 salon \/ barbier a une excellente tenue, m\u00eame pour les cheveux boucl\u00e9s. Achetez en toute confiance en sachant que les produits Grizzly Adam sont sans parab\u00e8ne et sans cruaut\u00e9, nous ne testons pas nos produits sur les animaux.<\/p>\n<\/div>\n<\/div>","protected":false},"featured_media":2239,"comment_status":"closed","ping_status":"closed","template":"","meta":[],"product_brand":[],"product_cat":[90],"product_tag":[95,92,96,97,98,93],"class_list":{"0":"post-3918","1":"product","2":"type-product","3":"status-publish","4":"has-post-thumbnail","6":"product_cat-hair-care","7":"product_tag-hair","8":"product_tag-hair-care","9":"product_tag-matte","10":"product_tag-men","11":"product_tag-paste","12":"product_tag-styling","14":"first","15":"outofstock","16":"taxable","17":"shipping-taxable","18":"purchasable","19":"product-type-simple"},"yoast_head":"<!-- This site is optimized with the Yoast SEO plugin v27.2 - https:\/\/yoast.com\/product\/yoast-seo-wordpress\/ -->\n<title>Grizzly Adam Styling Matt Paste One Off Purchase - Grizzly Adam<\/title>\n<meta name=\"robots\" content=\"index, follow, max-snippet:-1, max-image-preview:large, max-video-preview:-1\" \/>\n<link rel=\"canonical\" href=\"https:\/\/grizzlyadam.co.uk\/fr\/produit\/grizzly-adam-styling-matt-paste-one-off-purchase\/\" \/>\n<meta property=\"og:locale\" content=\"fr_FR\" \/>\n<meta property=\"og:type\" content=\"article\" \/>\n<meta property=\"og:title\" content=\"Grizzly Adam Styling Matt Paste One Off Purchase - Grizzly Adam\" \/>\n<meta property=\"og:description\" content=\"This refreshing designer product helps create cool and funky styling along with a matt effect formulated with carnuba wax.   Matt Paste helps provide sleek hair direction. keeps hair looking healthy without making it too stiff or sticky. Its very re workable - Your hair still looks dry, like you didn&#039;t put anything on it   Designed specifically for medium to long men&#039;s hair, Grizzly Adam Matt Paste provides medium to strong hold with a dry matte finish   All our products are cruelty free and never tested on animals   100% SATISFACTION GUARANTEED: Your satisfaction is very important. If you are not completely satisfied with your purchase feel free to return Grizzly Adam Matt Paste for a full and prompt refund.  Works on your hair without clumping it and washes out easily This salon \/ barber quality matt paste has a great hold, even for curly hair. Buy with confidence knowing the Grizzly Adam products come paraben free and cruelty free, we do not test our products on animals.\" \/>\n<meta property=\"og:url\" content=\"https:\/\/grizzlyadam.co.uk\/fr\/produit\/grizzly-adam-styling-matt-paste-one-off-purchase\/\" \/>\n<meta property=\"og:site_name\" content=\"Grizzly Adam\" \/>\n<meta property=\"article:publisher\" content=\"https:\/\/www.facebook.com\/grizzlyadamuk\" \/>\n<meta property=\"article:modified_time\" content=\"2025-09-14T09:05:24+00:00\" \/>\n<meta property=\"og:image\" content=\"https:\/\/grizzlyadam.co.uk\/wp-content\/uploads\/2017\/02\/Matt1.jpg\" \/>\n\t<meta property=\"og:image:width\" content=\"1000\" \/>\n\t<meta property=\"og:image:height\" content=\"1000\" \/>\n\t<meta property=\"og:image:type\" content=\"image\/jpeg\" \/>\n<meta name=\"twitter:card\" content=\"summary_large_image\" \/>\n<meta name=\"twitter:site\" content=\"@grizzlyadamuk\" \/>\n<meta name=\"twitter:label1\" content=\"Dur\u00e9e de lecture estim\u00e9e\" \/>\n\t<meta name=\"twitter:data1\" content=\"1 minute\" \/>\n<script type=\"application\/ld+json\" class=\"yoast-schema-graph\">{\"@context\":\"https:\/\/schema.org\",\"@graph\":[{\"@type\":\"WebPage\",\"@id\":\"https:\/\/grizzlyadam.co.uk\/product\/grizzly-adam-styling-matt-paste-one-off-purchase\/\",\"url\":\"https:\/\/grizzlyadam.co.uk\/product\/grizzly-adam-styling-matt-paste-one-off-purchase\/\",\"name\":\"Grizzly Adam Styling Matt Paste One Off Purchase - Grizzly Adam\",\"isPartOf\":{\"@id\":\"https:\/\/project1-mke5mv4jgx.live-website.com\/#website\"},\"primaryImageOfPage\":{\"@id\":\"https:\/\/grizzlyadam.co.uk\/product\/grizzly-adam-styling-matt-paste-one-off-purchase\/#primaryimage\"},\"image\":{\"@id\":\"https:\/\/grizzlyadam.co.uk\/product\/grizzly-adam-styling-matt-paste-one-off-purchase\/#primaryimage\"},\"thumbnailUrl\":\"https:\/\/grizzlyadam.co.uk\/wp-content\/uploads\/2017\/02\/Matt1.jpg\",\"datePublished\":\"2017-02-27T12:29:00+00:00\",\"dateModified\":\"2025-09-14T09:05:24+00:00\",\"breadcrumb\":{\"@id\":\"https:\/\/grizzlyadam.co.uk\/product\/grizzly-adam-styling-matt-paste-one-off-purchase\/#breadcrumb\"},\"inLanguage\":\"fr-FR\",\"potentialAction\":[{\"@type\":\"ReadAction\",\"target\":[\"https:\/\/grizzlyadam.co.uk\/product\/grizzly-adam-styling-matt-paste-one-off-purchase\/\"]}]},{\"@type\":\"ImageObject\",\"inLanguage\":\"fr-FR\",\"@id\":\"https:\/\/grizzlyadam.co.uk\/product\/grizzly-adam-styling-matt-paste-one-off-purchase\/#primaryimage\",\"url\":\"https:\/\/grizzlyadam.co.uk\/wp-content\/uploads\/2017\/02\/Matt1.jpg\",\"contentUrl\":\"https:\/\/grizzlyadam.co.uk\/wp-content\/uploads\/2017\/02\/Matt1.jpg\",\"width\":1000,\"height\":1000},{\"@type\":\"BreadcrumbList\",\"@id\":\"https:\/\/grizzlyadam.co.uk\/product\/grizzly-adam-styling-matt-paste-one-off-purchase\/#breadcrumb\",\"itemListElement\":[{\"@type\":\"ListItem\",\"position\":1,\"name\":\"Home\",\"item\":\"https:\/\/grizzlyadam.co.uk\/\"},{\"@type\":\"ListItem\",\"position\":2,\"name\":\"Shop\",\"item\":\"https:\/\/project1-mke5mv4jgx.live-website.com\/shop\/\"},{\"@type\":\"ListItem\",\"position\":3,\"name\":\"Grizzly Adam Styling Matt Paste One Off Purchase\"}]},{\"@type\":\"WebSite\",\"@id\":\"https:\/\/project1-mke5mv4jgx.live-website.com\/#website\",\"url\":\"https:\/\/project1-mke5mv4jgx.live-website.com\/\",\"name\":\"Grizzly Adam\",\"description\":\"Beard Oil And Grooming Products For Gentlemen\",\"publisher\":{\"@id\":\"https:\/\/project1-mke5mv4jgx.live-website.com\/#organization\"},\"potentialAction\":[{\"@type\":\"SearchAction\",\"target\":{\"@type\":\"EntryPoint\",\"urlTemplate\":\"https:\/\/project1-mke5mv4jgx.live-website.com\/?s={search_term_string}\"},\"query-input\":{\"@type\":\"PropertyValueSpecification\",\"valueRequired\":true,\"valueName\":\"search_term_string\"}}],\"inLanguage\":\"fr-FR\"},{\"@type\":\"Organization\",\"@id\":\"https:\/\/project1-mke5mv4jgx.live-website.com\/#organization\",\"name\":\"GRIZZLY ADAM\",\"url\":\"https:\/\/project1-mke5mv4jgx.live-website.com\/\",\"logo\":{\"@type\":\"ImageObject\",\"inLanguage\":\"fr-FR\",\"@id\":\"https:\/\/project1-mke5mv4jgx.live-website.com\/#\/schema\/logo\/image\/\",\"url\":\"https:\/\/grizzlyadam.co.uk\/wp-content\/uploads\/2019\/11\/gadamlogo.png\",\"contentUrl\":\"https:\/\/grizzlyadam.co.uk\/wp-content\/uploads\/2019\/11\/gadamlogo.png\",\"width\":\"200\",\"height\":\"200\",\"caption\":\"GRIZZLY ADAM\"},\"image\":{\"@id\":\"https:\/\/project1-mke5mv4jgx.live-website.com\/#\/schema\/logo\/image\/\"},\"sameAs\":[\"https:\/\/www.facebook.com\/grizzlyadamuk\",\"https:\/\/x.com\/grizzlyadamuk\",\"https:\/\/www.instagram.com\/grizzlyadamuk\/\"]}]}<\/script>\n<!-- \/ Yoast SEO plugin. -->","yoast_head_json":{"title":"Grizzly Adam Styling Matt Paste One Off Purchase - Grizzly Adam","robots":{"index":"index","follow":"follow","max-snippet":"max-snippet:-1","max-image-preview":"max-image-preview:large","max-video-preview":"max-video-preview:-1"},"canonical":"https:\/\/grizzlyadam.co.uk\/fr\/produit\/grizzly-adam-styling-matt-paste-one-off-purchase\/","og_locale":"fr_FR","og_type":"article","og_title":"Grizzly Adam Styling Matt Paste One Off Purchase - Grizzly Adam","og_description":"This refreshing designer product helps create cool and funky styling along with a matt effect formulated with carnuba wax.   Matt Paste helps provide sleek hair direction. keeps hair looking healthy without making it too stiff or sticky. Its very re workable - Your hair still looks dry, like you didn't put anything on it   Designed specifically for medium to long men's hair, Grizzly Adam Matt Paste provides medium to strong hold with a dry matte finish   All our products are cruelty free and never tested on animals   100% SATISFACTION GUARANTEED: Your satisfaction is very important. If you are not completely satisfied with your purchase feel free to return Grizzly Adam Matt Paste for a full and prompt refund.  Works on your hair without clumping it and washes out easily This salon \/ barber quality matt paste has a great hold, even for curly hair. Buy with confidence knowing the Grizzly Adam products come paraben free and cruelty free, we do not test our products on animals.","og_url":"https:\/\/grizzlyadam.co.uk\/fr\/produit\/grizzly-adam-styling-matt-paste-one-off-purchase\/","og_site_name":"Grizzly Adam","article_publisher":"https:\/\/www.facebook.com\/grizzlyadamuk","article_modified_time":"2025-09-14T09:05:24+00:00","og_image":[{"width":1000,"height":1000,"url":"https:\/\/grizzlyadam.co.uk\/wp-content\/uploads\/2017\/02\/Matt1.jpg","type":"image\/jpeg"}],"twitter_card":"summary_large_image","twitter_site":"@grizzlyadamuk","twitter_misc":{"Dur\u00e9e de lecture estim\u00e9e":"1 minute"},"schema":{"@context":"https:\/\/schema.org","@graph":[{"@type":"WebPage","@id":"https:\/\/grizzlyadam.co.uk\/product\/grizzly-adam-styling-matt-paste-one-off-purchase\/","url":"https:\/\/grizzlyadam.co.uk\/product\/grizzly-adam-styling-matt-paste-one-off-purchase\/","name":"Grizzly Adam Styling Matt Paste One Off Purchase - Grizzly Adam","isPartOf":{"@id":"https:\/\/project1-mke5mv4jgx.live-website.com\/#website"},"primaryImageOfPage":{"@id":"https:\/\/grizzlyadam.co.uk\/product\/grizzly-adam-styling-matt-paste-one-off-purchase\/#primaryimage"},"image":{"@id":"https:\/\/grizzlyadam.co.uk\/product\/grizzly-adam-styling-matt-paste-one-off-purchase\/#primaryimage"},"thumbnailUrl":"https:\/\/grizzlyadam.co.uk\/wp-content\/uploads\/2017\/02\/Matt1.jpg","datePublished":"2017-02-27T12:29:00+00:00","dateModified":"2025-09-14T09:05:24+00:00","breadcrumb":{"@id":"https:\/\/grizzlyadam.co.uk\/product\/grizzly-adam-styling-matt-paste-one-off-purchase\/#breadcrumb"},"inLanguage":"fr-FR","potentialAction":[{"@type":"ReadAction","target":["https:\/\/grizzlyadam.co.uk\/product\/grizzly-adam-styling-matt-paste-one-off-purchase\/"]}]},{"@type":"ImageObject","inLanguage":"fr-FR","@id":"https:\/\/grizzlyadam.co.uk\/product\/grizzly-adam-styling-matt-paste-one-off-purchase\/#primaryimage","url":"https:\/\/grizzlyadam.co.uk\/wp-content\/uploads\/2017\/02\/Matt1.jpg","contentUrl":"https:\/\/grizzlyadam.co.uk\/wp-content\/uploads\/2017\/02\/Matt1.jpg","width":1000,"height":1000},{"@type":"BreadcrumbList","@id":"https:\/\/grizzlyadam.co.uk\/product\/grizzly-adam-styling-matt-paste-one-off-purchase\/#breadcrumb","itemListElement":[{"@type":"ListItem","position":1,"name":"Home","item":"https:\/\/grizzlyadam.co.uk\/"},{"@type":"ListItem","position":2,"name":"Shop","item":"https:\/\/project1-mke5mv4jgx.live-website.com\/shop\/"},{"@type":"ListItem","position":3,"name":"Grizzly Adam Styling Matt Paste One Off Purchase"}]},{"@type":"WebSite","@id":"https:\/\/project1-mke5mv4jgx.live-website.com\/#website","url":"https:\/\/project1-mke5mv4jgx.live-website.com\/","name":"Grizzly Adam","description":"Huile \u00e0 barbe et produits de toilettage pour hommes","publisher":{"@id":"https:\/\/project1-mke5mv4jgx.live-website.com\/#organization"},"potentialAction":[{"@type":"SearchAction","target":{"@type":"EntryPoint","urlTemplate":"https:\/\/project1-mke5mv4jgx.live-website.com\/?s={search_term_string}"},"query-input":{"@type":"PropertyValueSpecification","valueRequired":true,"valueName":"search_term_string"}}],"inLanguage":"fr-FR"},{"@type":"Organization","@id":"https:\/\/project1-mke5mv4jgx.live-website.com\/#organization","name":"GRIZZLY ADAM","url":"https:\/\/project1-mke5mv4jgx.live-website.com\/","logo":{"@type":"ImageObject","inLanguage":"fr-FR","@id":"https:\/\/project1-mke5mv4jgx.live-website.com\/#\/schema\/logo\/image\/","url":"https:\/\/grizzlyadam.co.uk\/wp-content\/uploads\/2019\/11\/gadamlogo.png","contentUrl":"https:\/\/grizzlyadam.co.uk\/wp-content\/uploads\/2019\/11\/gadamlogo.png","width":"200","height":"200","caption":"GRIZZLY ADAM"},"image":{"@id":"https:\/\/project1-mke5mv4jgx.live-website.com\/#\/schema\/logo\/image\/"},"sameAs":["https:\/\/www.facebook.com\/grizzlyadamuk","https:\/\/x.com\/grizzlyadamuk","https:\/\/www.instagram.com\/grizzlyadamuk\/"]}]}},"df_price":12.99,"df_sale_price":"","df_regular_price":12.99,"df_image_link":"https:\/\/grizzlyadam.co.uk\/wp-content\/uploads\/2017\/02\/Matt1-300x300.jpg","_links":{"self":[{"href":"https:\/\/grizzlyadam.co.uk\/fr\/wp-json\/wp\/v2\/product\/3918","targetHints":{"allow":["GET"]}}],"collection":[{"href":"https:\/\/grizzlyadam.co.uk\/fr\/wp-json\/wp\/v2\/product"}],"about":[{"href":"https:\/\/grizzlyadam.co.uk\/fr\/wp-json\/wp\/v2\/types\/product"}],"replies":[{"embeddable":true,"href":"https:\/\/grizzlyadam.co.uk\/fr\/wp-json\/wp\/v2\/comments?post=3918"}],"wp:featuredmedia":[{"embeddable":true,"href":"https:\/\/grizzlyadam.co.uk\/fr\/wp-json\/wp\/v2\/media\/2239"}],"wp:attachment":[{"href":"https:\/\/grizzlyadam.co.uk\/fr\/wp-json\/wp\/v2\/media?parent=3918"}],"wp:term":[{"taxonomy":"product_brand","embeddable":true,"href":"https:\/\/grizzlyadam.co.uk\/fr\/wp-json\/wp\/v2\/product_brand?post=3918"},{"taxonomy":"product_cat","embeddable":true,"href":"https:\/\/grizzlyadam.co.uk\/fr\/wp-json\/wp\/v2\/product_cat?post=3918"},{"taxonomy":"product_tag","embeddable":true,"href":"https:\/\/grizzlyadam.co.uk\/fr\/wp-json\/wp\/v2\/product_tag?post=3918"}],"curies":[{"name":"wp","href":"https:\/\/api.w.org\/{rel}","templated":true}]}}