{"id":3756,"date":"2017-02-24T20:08:19","date_gmt":"2017-02-24T20:08:19","guid":{"rendered":"https:\/\/grizzlyadam.co.uk\/product\/grizzly-adam-moustache-wax-15ml-firm-hold-ideal-for-tash-twisters-and-handlebars-one-off-purchase\/"},"modified":"2024-06-09T20:36:05","modified_gmt":"2024-06-09T19:36:05","slug":"grizzly-adam-moustache-wax-15ml-firm-hold-ideal-for-tash-twisters-and-handlebars-one-off-purchase","status":"publish","type":"product","link":"https:\/\/grizzlyadam.co.uk\/fr\/produit\/grizzly-adam-moustache-wax-15ml-firm-hold-ideal-for-tash-twisters-and-handlebars-one-off-purchase\/","title":{"rendered":"GRIZZLY ADAM Cire \u00e0 moustache 15ml - Tenue ferme - Id\u00e9al pour Tash Twisters et guidon Achat unique"},"content":{"rendered":"<div id=\"leftCol\" class=\"a-section burj\">\n<div id=\"featurebullets_feature_div\" class=\"feature\" data-feature-name=\"featurebullets\">\n<div id=\"fbSection\" class=\"a-section a-spacing-medium expandedFeatureBullets\">\n<div id=\"feature-bullets\" class=\"a-section collapsedFeatureBullets showAllFeatureBullets\">\n<div id=\"fbExpandableSection\" class=\"a-section a-spacing-none expanded\">\n<div id=\"fbExpandableSectionContent\" class=\"a-section a-spacing-none expandableSection\">\n<p><b>Tash Twisters et guidons<\/b><\/p>\n<p>Vous aimez friser votre moustache sans vous soucier qu'elle tombe au cours de la journ\u00e9e ? Ou cherchez-vous \u00e0 dompter et \u00e0 maintenir les moustaches les plus indisciplin\u00e9es ?<\/p>\n<p>Alors cette cire est faite pour vous. Cette cire sent bon et ne contient ni colorants ni parfums artificiels.<\/p>\n<p>Tous nos produits et cires sont apaisants pour votre peau et aident \u00e0 stopper les d\u00e9mangeaisons caus\u00e9es par les nouvelles pousses et les poils sauvages au fur et \u00e0 mesure que votre moustache se d\u00e9veloppe pour devenir un guidon parfait. Elle fournit une once de la tenue suppl\u00e9mentaire dont vous avez besoin lorsque vous \u00eates pr\u00eat \u00e0 passer un peu plus de temps \u00e0 l'avance pour obtenir cette tenue.<\/p>\n<p>Certains l'utilisent tous les jours, mais tous les hommes devraient l'avoir pour les cas o\u00f9 une tenue maximale est n\u00e9cessaire !<\/p>\n<p><b>Une conception bien pens\u00e9e<\/b> Cette cire \u00e0 tenue ferme a \u00e9t\u00e9 con\u00e7ue pour donner \u00e0 votre moustache une belle apparence tout en pr\u00e9servant sa sant\u00e9. Elle est fabriqu\u00e9e \u00e0 partir d'ingr\u00e9dients de qualit\u00e9, notamment : Cire d'abeille, lanoline et huile de citron.<\/p>\n<p>Fabriqu\u00e9e \u00e0 la main en petites quantit\u00e9s avec des ingr\u00e9dients enti\u00e8rement naturels, la cire \u00e0 moustache GRIZZLY ADAM vous permettra de fa\u00e7onner, de coiffer et de triturer votre moustache selon vos d\u00e9sirs.<\/p>\n<\/div>\n<\/div>\n<\/div>\n<\/div>\n<div id=\"featureBulletsPlaceholder\" class=\"a-section expandableFBSectionPlaceholder FBplaceholder\"><\/div>\n<\/div>\n<\/div>\n<div id=\"rpd\" class=\"a-section a-spacing-none burj\"><\/div>\n<div id=\"messages\" class=\"a-section a-spacing-none burj\"><\/div>\n<div id=\"hqp-bottom\" class=\"a-section burj\"><\/div>\n<div id=\"dp-out-of-stock-3psl\"><\/div>","protected":false},"excerpt":{"rendered":"<ul class=\"a-vertical a-spacing-none\">\n<li class=\"showHiddenFeatureBullets\"><span class=\"a-list-item\">TOUTES LES MATI\u00c8RES NATURELLES - M\u00eame les plus prudents d'entre nous se retrouvent de temps en temps avec la moustache \u00e0 la bouche. De nombreuses cires disponibles sur le march\u00e9 sont \u00e0 base de p\u00e9trole, c'est-\u00e0-dire d'huile et d'essence ! Ne prenez pas le risque d'en absorber dans votre corps. La cire d'abeille enti\u00e8rement naturelle est une alternative s\u00fbre aux produits chimiques nocifs que l'on trouve dans certaines cires \u00e0 moustache sur le march\u00e9.<\/span><\/li>\n<li class=\"showHiddenFeatureBullets\"><span class=\"a-list-item\">TENUE FERME ET ROBUSTE - Cette cire \u00e0 moustache solide offre un style superbe et maintient votre moustache en forme toute la journ\u00e9e.<\/span><\/li>\n<li class=\"showHiddenFeatureBullets\"><span class=\"a-list-item\">M\u00c9LANGE PARFAIT - fabriqu\u00e9 \u00e0 la main \u00e0 partir d'une combinaison parfaite de lanoline, de cire d'abeille et d'autres ingr\u00e9dients naturels s\u00e9lectionn\u00e9s qui aident \u00e0 fa\u00e7onner ces moustaches ! Il offre une tenue solide de niveau comp\u00e9tition qui est parfaite pour garder les poils hors de la l\u00e8vre et donner forme \u00e0 ces guidons !<\/span><\/li>\n<li class=\"showHiddenFeatureBullets\"><span class=\"a-list-item\">ODEUR G\u00c9NIALE - A une odeur subtile d'agrumes qui n'est pas trop forte. Il laissera votre moustache avec un aspect et une odeur superbes !<\/span><\/li>\n<li class=\"showHiddenFeatureBullets\"><span class=\"a-list-item\">100% MONEY BACK GUARANTEE - aucune question pos\u00e9e ! Si vous ne l'aimez pas, nous vous remboursons !<\/span><\/li>\n<\/ul>\n<p>&nbsp;<\/p>\n<p>&nbsp;<\/p>","protected":false},"featured_media":2253,"comment_status":"closed","ping_status":"closed","template":"","meta":[],"product_brand":[],"product_cat":[90],"product_tag":[100,101,94],"class_list":{"0":"post-3756","1":"product","2":"type-product","3":"status-publish","4":"has-post-thumbnail","6":"product_cat-hair-care","7":"product_tag-moustache","8":"product_tag-mustache","9":"product_tag-wax","11":"first","12":"instock","13":"taxable","14":"shipping-taxable","15":"purchasable","16":"product-type-simple"},"yoast_head":"<!-- This site is optimized with the Yoast SEO plugin v27.4 - https:\/\/yoast.com\/product\/yoast-seo-wordpress\/ -->\n<title>GRIZZLY ADAM Moustache Wax 15ml - Firm Hold - Ideal For Tash Twisters and Handlebars One Off Purchase - Grizzly Adam<\/title>\n<meta name=\"robots\" content=\"index, follow, max-snippet:-1, max-image-preview:large, max-video-preview:-1\" \/>\n<link rel=\"canonical\" href=\"https:\/\/grizzlyadam.co.uk\/fr\/produit\/grizzly-adam-moustache-wax-15ml-firm-hold-ideal-for-tash-twisters-and-handlebars-one-off-purchase\/\" \/>\n<meta property=\"og:locale\" content=\"fr_FR\" \/>\n<meta property=\"og:type\" content=\"article\" \/>\n<meta property=\"og:title\" content=\"GRIZZLY ADAM Moustache Wax 15ml - Firm Hold - Ideal For Tash Twisters and Handlebars One Off Purchase - Grizzly Adam\" \/>\n<meta property=\"og:description\" content=\"ALL NATURAL MATTERS - Even the most careful among us get a mouthful of moustache once in a while. Many waxes on the market are petroleum based-that&#039;s oil and petrol! Don&#039;t risk getting that inside your body. All natural beeswax is a safe alternative to harmful chemicals found in some mustache waxes on the market.  STRONG FIRM HOLD - This strong moustache wax delivers superb styling and keeps your moustache in shape all day long.  PERFECT BLEND - handcrafted from a perfect combination of lanolin, bees wax, and other select natural ingredients that helps shape those whiskers! It offers a nice competition grade strong hold that is perfect for keeping the hairs off the lip and shaping those handlebars!  AWESOME SMELL - Has a subtle citrus smell that is not overpowering. It will leave your mustache looking and smelling great!  100% MONEY BACK GUARANTEE - no questions asked! If you don&#039;t absolutely love it, we&#039;ll refund it!  &nbsp;  &nbsp;\" \/>\n<meta property=\"og:url\" content=\"https:\/\/grizzlyadam.co.uk\/fr\/produit\/grizzly-adam-moustache-wax-15ml-firm-hold-ideal-for-tash-twisters-and-handlebars-one-off-purchase\/\" \/>\n<meta property=\"og:site_name\" content=\"Grizzly Adam\" \/>\n<meta property=\"article:publisher\" content=\"https:\/\/www.facebook.com\/grizzlyadamuk\" \/>\n<meta property=\"article:modified_time\" content=\"2024-06-09T19:36:05+00:00\" \/>\n<meta property=\"og:image\" content=\"https:\/\/project1-mke5mv4jgx.live-website.com\/wp-content\/uploads\/2017\/02\/Mockup3.jpg\" \/>\n\t<meta property=\"og:image:width\" content=\"1200\" \/>\n\t<meta property=\"og:image:height\" content=\"1200\" \/>\n\t<meta property=\"og:image:type\" content=\"image\/jpeg\" \/>\n<meta name=\"twitter:card\" content=\"summary_large_image\" \/>\n<meta name=\"twitter:site\" content=\"@grizzlyadamuk\" \/>\n<meta name=\"twitter:label1\" content=\"Dur\u00e9e de lecture estim\u00e9e\" \/>\n\t<meta name=\"twitter:data1\" content=\"1 minute\" \/>\n<script type=\"application\/ld+json\" class=\"yoast-schema-graph\">{\"@context\":\"https:\\\/\\\/schema.org\",\"@graph\":[{\"@type\":\"WebPage\",\"@id\":\"https:\\\/\\\/grizzlyadam.co.uk\\\/product\\\/grizzly-adam-moustache-wax-15ml-firm-hold-ideal-for-tash-twisters-and-handlebars-one-off-purchase\\\/\",\"url\":\"https:\\\/\\\/grizzlyadam.co.uk\\\/product\\\/grizzly-adam-moustache-wax-15ml-firm-hold-ideal-for-tash-twisters-and-handlebars-one-off-purchase\\\/\",\"name\":\"GRIZZLY ADAM Moustache Wax 15ml - Firm Hold - Ideal For Tash Twisters and Handlebars One Off Purchase - Grizzly Adam\",\"isPartOf\":{\"@id\":\"https:\\\/\\\/project1-mke5mv4jgx.live-website.com\\\/#website\"},\"primaryImageOfPage\":{\"@id\":\"https:\\\/\\\/grizzlyadam.co.uk\\\/product\\\/grizzly-adam-moustache-wax-15ml-firm-hold-ideal-for-tash-twisters-and-handlebars-one-off-purchase\\\/#primaryimage\"},\"image\":{\"@id\":\"https:\\\/\\\/grizzlyadam.co.uk\\\/product\\\/grizzly-adam-moustache-wax-15ml-firm-hold-ideal-for-tash-twisters-and-handlebars-one-off-purchase\\\/#primaryimage\"},\"thumbnailUrl\":\"https:\\\/\\\/grizzlyadam.co.uk\\\/wp-content\\\/uploads\\\/2017\\\/02\\\/Mockup3.jpg\",\"datePublished\":\"2017-02-24T20:08:19+00:00\",\"dateModified\":\"2024-06-09T19:36:05+00:00\",\"breadcrumb\":{\"@id\":\"https:\\\/\\\/grizzlyadam.co.uk\\\/product\\\/grizzly-adam-moustache-wax-15ml-firm-hold-ideal-for-tash-twisters-and-handlebars-one-off-purchase\\\/#breadcrumb\"},\"inLanguage\":\"fr-FR\",\"potentialAction\":[{\"@type\":\"ReadAction\",\"target\":[\"https:\\\/\\\/grizzlyadam.co.uk\\\/product\\\/grizzly-adam-moustache-wax-15ml-firm-hold-ideal-for-tash-twisters-and-handlebars-one-off-purchase\\\/\"]}]},{\"@type\":\"ImageObject\",\"inLanguage\":\"fr-FR\",\"@id\":\"https:\\\/\\\/grizzlyadam.co.uk\\\/product\\\/grizzly-adam-moustache-wax-15ml-firm-hold-ideal-for-tash-twisters-and-handlebars-one-off-purchase\\\/#primaryimage\",\"url\":\"https:\\\/\\\/grizzlyadam.co.uk\\\/wp-content\\\/uploads\\\/2017\\\/02\\\/Mockup3.jpg\",\"contentUrl\":\"https:\\\/\\\/grizzlyadam.co.uk\\\/wp-content\\\/uploads\\\/2017\\\/02\\\/Mockup3.jpg\",\"width\":1200,\"height\":1200},{\"@type\":\"BreadcrumbList\",\"@id\":\"https:\\\/\\\/grizzlyadam.co.uk\\\/product\\\/grizzly-adam-moustache-wax-15ml-firm-hold-ideal-for-tash-twisters-and-handlebars-one-off-purchase\\\/#breadcrumb\",\"itemListElement\":[{\"@type\":\"ListItem\",\"position\":1,\"name\":\"Home\",\"item\":\"https:\\\/\\\/grizzlyadam.co.uk\\\/\"},{\"@type\":\"ListItem\",\"position\":2,\"name\":\"Shop\",\"item\":\"https:\\\/\\\/project1-mke5mv4jgx.live-website.com\\\/shop\\\/\"},{\"@type\":\"ListItem\",\"position\":3,\"name\":\"GRIZZLY ADAM Moustache Wax 15ml &#8211; Firm Hold &#8211; Ideal For Tash Twisters and Handlebars One Off Purchase\"}]},{\"@type\":\"WebSite\",\"@id\":\"https:\\\/\\\/project1-mke5mv4jgx.live-website.com\\\/#website\",\"url\":\"https:\\\/\\\/project1-mke5mv4jgx.live-website.com\\\/\",\"name\":\"Grizzly Adam\",\"description\":\"Beard Oil And Grooming Products For Gentlemen\",\"publisher\":{\"@id\":\"https:\\\/\\\/project1-mke5mv4jgx.live-website.com\\\/#organization\"},\"potentialAction\":[{\"@type\":\"SearchAction\",\"target\":{\"@type\":\"EntryPoint\",\"urlTemplate\":\"https:\\\/\\\/project1-mke5mv4jgx.live-website.com\\\/?s={search_term_string}\"},\"query-input\":{\"@type\":\"PropertyValueSpecification\",\"valueRequired\":true,\"valueName\":\"search_term_string\"}}],\"inLanguage\":\"fr-FR\"},{\"@type\":\"Organization\",\"@id\":\"https:\\\/\\\/project1-mke5mv4jgx.live-website.com\\\/#organization\",\"name\":\"GRIZZLY ADAM\",\"url\":\"https:\\\/\\\/project1-mke5mv4jgx.live-website.com\\\/\",\"logo\":{\"@type\":\"ImageObject\",\"inLanguage\":\"fr-FR\",\"@id\":\"https:\\\/\\\/project1-mke5mv4jgx.live-website.com\\\/#\\\/schema\\\/logo\\\/image\\\/\",\"url\":\"https:\\\/\\\/grizzlyadam.co.uk\\\/wp-content\\\/uploads\\\/2019\\\/11\\\/gadamlogo.png\",\"contentUrl\":\"https:\\\/\\\/grizzlyadam.co.uk\\\/wp-content\\\/uploads\\\/2019\\\/11\\\/gadamlogo.png\",\"width\":\"200\",\"height\":\"200\",\"caption\":\"GRIZZLY ADAM\"},\"image\":{\"@id\":\"https:\\\/\\\/project1-mke5mv4jgx.live-website.com\\\/#\\\/schema\\\/logo\\\/image\\\/\"},\"sameAs\":[\"https:\\\/\\\/www.facebook.com\\\/grizzlyadamuk\",\"https:\\\/\\\/x.com\\\/grizzlyadamuk\",\"https:\\\/\\\/www.instagram.com\\\/grizzlyadamuk\\\/\"]}]}<\/script>\n<!-- \/ Yoast SEO plugin. -->","yoast_head_json":{"title":"GRIZZLY ADAM Moustache Wax 15ml - Firm Hold - Ideal For Tash Twisters and Handlebars One Off Purchase - Grizzly Adam","robots":{"index":"index","follow":"follow","max-snippet":"max-snippet:-1","max-image-preview":"max-image-preview:large","max-video-preview":"max-video-preview:-1"},"canonical":"https:\/\/grizzlyadam.co.uk\/fr\/produit\/grizzly-adam-moustache-wax-15ml-firm-hold-ideal-for-tash-twisters-and-handlebars-one-off-purchase\/","og_locale":"fr_FR","og_type":"article","og_title":"GRIZZLY ADAM Moustache Wax 15ml - Firm Hold - Ideal For Tash Twisters and Handlebars One Off Purchase - Grizzly Adam","og_description":"ALL NATURAL MATTERS - Even the most careful among us get a mouthful of moustache once in a while. Many waxes on the market are petroleum based-that's oil and petrol! Don't risk getting that inside your body. All natural beeswax is a safe alternative to harmful chemicals found in some mustache waxes on the market.  STRONG FIRM HOLD - This strong moustache wax delivers superb styling and keeps your moustache in shape all day long.  PERFECT BLEND - handcrafted from a perfect combination of lanolin, bees wax, and other select natural ingredients that helps shape those whiskers! It offers a nice competition grade strong hold that is perfect for keeping the hairs off the lip and shaping those handlebars!  AWESOME SMELL - Has a subtle citrus smell that is not overpowering. It will leave your mustache looking and smelling great!  100% MONEY BACK GUARANTEE - no questions asked! If you don't absolutely love it, we'll refund it!  &nbsp;  &nbsp;","og_url":"https:\/\/grizzlyadam.co.uk\/fr\/produit\/grizzly-adam-moustache-wax-15ml-firm-hold-ideal-for-tash-twisters-and-handlebars-one-off-purchase\/","og_site_name":"Grizzly Adam","article_publisher":"https:\/\/www.facebook.com\/grizzlyadamuk","article_modified_time":"2024-06-09T19:36:05+00:00","og_image":[{"width":1200,"height":1200,"url":"https:\/\/project1-mke5mv4jgx.live-website.com\/wp-content\/uploads\/2017\/02\/Mockup3.jpg","type":"image\/jpeg"}],"twitter_card":"summary_large_image","twitter_site":"@grizzlyadamuk","twitter_misc":{"Dur\u00e9e de lecture estim\u00e9e":"1 minute"},"schema":{"@context":"https:\/\/schema.org","@graph":[{"@type":"WebPage","@id":"https:\/\/grizzlyadam.co.uk\/product\/grizzly-adam-moustache-wax-15ml-firm-hold-ideal-for-tash-twisters-and-handlebars-one-off-purchase\/","url":"https:\/\/grizzlyadam.co.uk\/product\/grizzly-adam-moustache-wax-15ml-firm-hold-ideal-for-tash-twisters-and-handlebars-one-off-purchase\/","name":"GRIZZLY ADAM Moustache Wax 15ml - Firm Hold - Ideal For Tash Twisters and Handlebars One Off Purchase - Grizzly Adam","isPartOf":{"@id":"https:\/\/project1-mke5mv4jgx.live-website.com\/#website"},"primaryImageOfPage":{"@id":"https:\/\/grizzlyadam.co.uk\/product\/grizzly-adam-moustache-wax-15ml-firm-hold-ideal-for-tash-twisters-and-handlebars-one-off-purchase\/#primaryimage"},"image":{"@id":"https:\/\/grizzlyadam.co.uk\/product\/grizzly-adam-moustache-wax-15ml-firm-hold-ideal-for-tash-twisters-and-handlebars-one-off-purchase\/#primaryimage"},"thumbnailUrl":"https:\/\/grizzlyadam.co.uk\/wp-content\/uploads\/2017\/02\/Mockup3.jpg","datePublished":"2017-02-24T20:08:19+00:00","dateModified":"2024-06-09T19:36:05+00:00","breadcrumb":{"@id":"https:\/\/grizzlyadam.co.uk\/product\/grizzly-adam-moustache-wax-15ml-firm-hold-ideal-for-tash-twisters-and-handlebars-one-off-purchase\/#breadcrumb"},"inLanguage":"fr-FR","potentialAction":[{"@type":"ReadAction","target":["https:\/\/grizzlyadam.co.uk\/product\/grizzly-adam-moustache-wax-15ml-firm-hold-ideal-for-tash-twisters-and-handlebars-one-off-purchase\/"]}]},{"@type":"ImageObject","inLanguage":"fr-FR","@id":"https:\/\/grizzlyadam.co.uk\/product\/grizzly-adam-moustache-wax-15ml-firm-hold-ideal-for-tash-twisters-and-handlebars-one-off-purchase\/#primaryimage","url":"https:\/\/grizzlyadam.co.uk\/wp-content\/uploads\/2017\/02\/Mockup3.jpg","contentUrl":"https:\/\/grizzlyadam.co.uk\/wp-content\/uploads\/2017\/02\/Mockup3.jpg","width":1200,"height":1200},{"@type":"BreadcrumbList","@id":"https:\/\/grizzlyadam.co.uk\/product\/grizzly-adam-moustache-wax-15ml-firm-hold-ideal-for-tash-twisters-and-handlebars-one-off-purchase\/#breadcrumb","itemListElement":[{"@type":"ListItem","position":1,"name":"Home","item":"https:\/\/grizzlyadam.co.uk\/"},{"@type":"ListItem","position":2,"name":"Shop","item":"https:\/\/project1-mke5mv4jgx.live-website.com\/shop\/"},{"@type":"ListItem","position":3,"name":"GRIZZLY ADAM Moustache Wax 15ml &#8211; Firm Hold &#8211; Ideal For Tash Twisters and Handlebars One Off Purchase"}]},{"@type":"WebSite","@id":"https:\/\/project1-mke5mv4jgx.live-website.com\/#website","url":"https:\/\/project1-mke5mv4jgx.live-website.com\/","name":"Grizzly Adam","description":"Huile \u00e0 barbe et produits de toilettage pour hommes","publisher":{"@id":"https:\/\/project1-mke5mv4jgx.live-website.com\/#organization"},"potentialAction":[{"@type":"SearchAction","target":{"@type":"EntryPoint","urlTemplate":"https:\/\/project1-mke5mv4jgx.live-website.com\/?s={search_term_string}"},"query-input":{"@type":"PropertyValueSpecification","valueRequired":true,"valueName":"search_term_string"}}],"inLanguage":"fr-FR"},{"@type":"Organization","@id":"https:\/\/project1-mke5mv4jgx.live-website.com\/#organization","name":"GRIZZLY ADAM","url":"https:\/\/project1-mke5mv4jgx.live-website.com\/","logo":{"@type":"ImageObject","inLanguage":"fr-FR","@id":"https:\/\/project1-mke5mv4jgx.live-website.com\/#\/schema\/logo\/image\/","url":"https:\/\/grizzlyadam.co.uk\/wp-content\/uploads\/2019\/11\/gadamlogo.png","contentUrl":"https:\/\/grizzlyadam.co.uk\/wp-content\/uploads\/2019\/11\/gadamlogo.png","width":"200","height":"200","caption":"GRIZZLY ADAM"},"image":{"@id":"https:\/\/project1-mke5mv4jgx.live-website.com\/#\/schema\/logo\/image\/"},"sameAs":["https:\/\/www.facebook.com\/grizzlyadamuk","https:\/\/x.com\/grizzlyadamuk","https:\/\/www.instagram.com\/grizzlyadamuk\/"]}]}},"df_price":10.99,"df_sale_price":"","df_regular_price":10.99,"df_image_link":"https:\/\/grizzlyadam.co.uk\/wp-content\/uploads\/2017\/02\/Mockup3-300x300.jpg","_links":{"self":[{"href":"https:\/\/grizzlyadam.co.uk\/fr\/wp-json\/wp\/v2\/product\/3756","targetHints":{"allow":["GET"]}}],"collection":[{"href":"https:\/\/grizzlyadam.co.uk\/fr\/wp-json\/wp\/v2\/product"}],"about":[{"href":"https:\/\/grizzlyadam.co.uk\/fr\/wp-json\/wp\/v2\/types\/product"}],"replies":[{"embeddable":true,"href":"https:\/\/grizzlyadam.co.uk\/fr\/wp-json\/wp\/v2\/comments?post=3756"}],"wp:featuredmedia":[{"embeddable":true,"href":"https:\/\/grizzlyadam.co.uk\/fr\/wp-json\/wp\/v2\/media\/2253"}],"wp:attachment":[{"href":"https:\/\/grizzlyadam.co.uk\/fr\/wp-json\/wp\/v2\/media?parent=3756"}],"wp:term":[{"taxonomy":"product_brand","embeddable":true,"href":"https:\/\/grizzlyadam.co.uk\/fr\/wp-json\/wp\/v2\/product_brand?post=3756"},{"taxonomy":"product_cat","embeddable":true,"href":"https:\/\/grizzlyadam.co.uk\/fr\/wp-json\/wp\/v2\/product_cat?post=3756"},{"taxonomy":"product_tag","embeddable":true,"href":"https:\/\/grizzlyadam.co.uk\/fr\/wp-json\/wp\/v2\/product_tag?post=3756"}],"curies":[{"name":"wp","href":"https:\/\/api.w.org\/{rel}","templated":true}]}}