{"id":3751,"date":"2017-02-24T20:00:48","date_gmt":"2017-02-24T20:00:48","guid":{"rendered":"https:\/\/grizzlyadam.co.uk\/product\/grizzly-adam-hair-and-beard-growth-support-facial-hair-supplement-one-off-purchase\/"},"modified":"2024-07-19T19:51:03","modified_gmt":"2024-07-19T18:51:03","slug":"grizzly-adam-hair-and-beard-growth-support-facial-hair-supplement-one-off-purchase","status":"publish","type":"product","link":"https:\/\/grizzlyadam.co.uk\/fr\/produit\/grizzly-adam-hair-and-beard-growth-support-facial-hair-supplement-one-off-purchase\/","title":{"rendered":"Soutien \u00e0 la croissance des cheveux et de la barbe de Grizzly Adam - Pour une barbe plus grosse et plus belle"},"content":{"rendered":"<p><b>Le suppl\u00e9ment ultime pour la croissance des cheveux<\/b><\/p>\n<p>Ayez la belle barbe dont vous avez toujours r\u00eav\u00e9 avec le suppl\u00e9ment de soutien \u00e0 la croissance des cheveux et de la barbe de Grizzly Adam. Votre consommation quotidienne de cette formule puissante alimentera vos cheveux avec de la biotine, de la vitamine B2, de la vitamine C et plus encore pour vous aider \u00e0 avoir une barbe plus \u00e9paisse, plus pleine et plus saine que tous vos amis barbus envieront !<\/p>\n<p><span style=\"background-color: #ffff00;\">Pour de meilleurs r\u00e9sultats, utiliser en tandem avec l'huile \u00e0 barbe, le baume et le nettoyant \u00e0 barbe Grizzly Adam !<\/span><\/p>\n<h2>Vous avez du mal \u00e0 vous laisser pousser la barbe ? D\u00e9couvrez le suppl\u00e9ment de soutien \u00e0 la croissance de la barbe Grizzly Adam !<\/h2>\n<p>Notre suppl\u00e9ment contient un m\u00e9lange puissant de biotine, de zinc, de vitamine E et d'extrait de pr\u00eale, tous connus pour favoriser une croissance saine de la barbe.<\/p>\n<p>Imaginez que vous puissiez enfin obtenir la barbe pleine et saine dont vous avez toujours r\u00eav\u00e9. Gr\u00e2ce \u00e0 notre suppl\u00e9ment, vous pouvez vous rapprocher de cet objectif.<\/p>\n<p>Essayez le suppl\u00e9ment de soutien \u00e0 la croissance de la barbe Grizzly Adam d\u00e8s aujourd'hui et commencez votre voyage vers la barbe de vos r\u00eaves !<\/p>\n<h3>\u00cates-vous fatigu\u00e9 de faire face \u00e0 une croissance in\u00e9gale de la barbe ? La solution est ici !<\/h3>\n<p>Dites adieu \u00e0 la croissance in\u00e9gale de la barbe et bonjour \u00e0 une barbe plus fournie et plus saine. Notre suppl\u00e9ment peut vous aider \u00e0 atteindre vos objectifs en mati\u00e8re de barbe.<\/p>\n<p>Commandez le suppl\u00e9ment de soutien \u00e0 la croissance de la barbe Grizzly Adam d\u00e8s aujourd'hui et commencez votre voyage vers une meilleure barbe !<\/p>\n<h2><strong>OFFRES SP\u00c9CIALES<\/strong><\/h2>\n<ul class=\"a-vertical a-spacing-none\">\n<li>\n<h2><a href=\"https:\/\/grizzlyadam.co.uk\/fr\/produit\/bundle-of-testosterone-booster-for-men-one-off-purchase\/\">Croissance de la barbe et booster de testo <\/a>- Seulement \u00a333<\/h2>\n<\/li>\n<\/ul>\n<h2><a style=\"font-size: 14.4px;\" href=\"https:\/\/grizzlyadam.co.uk\/wp-content\/uploads\/2022\/08\/pexels-omar-lopez-1182826-scaled.jpg\"><img loading=\"lazy\" decoding=\"async\" class=\"aligncenter wp-image-135049 size-large\" src=\"https:\/\/grizzlyadam.co.uk\/wp-content\/uploads\/2022\/08\/pexels-omar-lopez-1182826-1024x683.jpg\" alt=\"\" width=\"1020\" height=\"680\" srcset=\"https:\/\/grizzlyadam.co.uk\/wp-content\/uploads\/2022\/08\/pexels-omar-lopez-1182826-1024x683.jpg 1024w, https:\/\/grizzlyadam.co.uk\/wp-content\/uploads\/2022\/08\/pexels-omar-lopez-1182826-300x200.jpg 300w, https:\/\/grizzlyadam.co.uk\/wp-content\/uploads\/2022\/08\/pexels-omar-lopez-1182826-768x512.jpg 768w, https:\/\/grizzlyadam.co.uk\/wp-content\/uploads\/2022\/08\/pexels-omar-lopez-1182826-1536x1024.jpg 1536w, https:\/\/grizzlyadam.co.uk\/wp-content\/uploads\/2022\/08\/pexels-omar-lopez-1182826-2048x1365.jpg 2048w, https:\/\/grizzlyadam.co.uk\/wp-content\/uploads\/2022\/08\/pexels-omar-lopez-1182826-600x400.jpg 600w, https:\/\/grizzlyadam.co.uk\/wp-content\/uploads\/2022\/08\/pexels-omar-lopez-1182826-scaled.jpg 1800w\" sizes=\"auto, (max-width: 1020px) 100vw, 1020px\" \/><\/a><\/h2>\n<p><strong>Ingr\u00e9dients<\/strong><\/p>\n<p>Carbonate de calcium 252,53mg apportant du calcium Oxyde de magn\u00e9sium 166,99mg apportant du magn\u00e9sium Huile de lin en poudre Vitamine C (acide ascorbique) Vitamine B2 (riboflavine) Fumarate ferreux 44,59mg apportant du fer Citrate de zinc 33.33mg apportant du zinc Silice Chol\u00e9calcif\u00e9rol 100 000 iu\/g 10mg apportant de la vitamine D3 Gluconate de cuivre 7,69mg apportant du cuivre S\u00e9l\u00e9nite de sodium 0,22mg apportant du s\u00e9l\u00e9nium Iodure de potassium 0,2mg apportant de l'iode Biotine<br \/>\n<strong> Avertissement de s\u00e9curit\u00e9 <\/strong><\/p>\n<p>Les compl\u00e9ments alimentaires ne doivent pas \u00eatre utilis\u00e9s comme substitut d'un r\u00e9gime alimentaire vari\u00e9 et \u00e9quilibr\u00e9 et d'un mode de vie sain. L'utilisation de ce produit est d\u00e9conseill\u00e9e aux femmes enceintes ou allaitantes et aux personnes souffrant d'allergies. Si vous prenez des m\u00e9dicaments, veuillez consulter un m\u00e9decin avant d'utiliser ce produit. Cesser l'utilisation et consulter un m\u00e9decin en cas d'effets ind\u00e9sirables. Ne pas utiliser par des personnes de moins de 18 ans. Tenir hors de port\u00e9e des enfants. Conserver dans un endroit frais et sec. Ne pas utiliser si le sceau est bris\u00e9. Fabriqu\u00e9 sur des \u00e9quipements qui traitent des produits contenant des noix, du lait, du poisson et du soja.<br \/>\n<strong>Directions<\/strong><\/p>\n<p><strong>Prendre une \u00e0 deux g\u00e9lules par jour. Ne pas d\u00e9passer la dose indiqu\u00e9e.<\/strong><\/p>\n<p>&nbsp;<\/p>","protected":false},"excerpt":{"rendered":"<div id=\"featurebullets_feature_div\" class=\"feature\" data-feature-name=\"featurebullets\">\n<div id=\"feature-bullets\" class=\"a-section a-spacing-medium a-spacing-top-small\">\n<p>\ud83e\uddd4 \u00c9levez votre barbe avec une formule de soutien \u00e0 la croissance des cheveux et de la barbe de haute qualit\u00e9 ! Faites pousser une barbe plus fournie en 60 jours ou moins ! \ud83d\udcaa\ud83e\uddd4<\/p>\n<p>D\u00e9couvrez la puissance de notre formule ! Renforc\u00e9e par du zinc, du cuivre, de la vitamine C et de la vitamine B2 pour une croissance des cheveux plus saine et plus forte. \ud83c\udf1f<\/p>\n<p>\u2705 100% Ingr\u00e9dients naturels et de haute qualit\u00e9, garantis ! Si vous n'\u00eates pas satisfait, nous offrons une garantie de remboursement de 100%. \ud83d\ude0a\ud83d\udcaf\ud83d\udcaf<\/p>\n<p>\ud83d\udcb0 Profitez d'\u00e9conomies incroyables gr\u00e2ce aux achats en gros et aux abonnements ! Profitez de nos remises attractives et de nos offres d'abonnement pour r\u00e9aliser des \u00e9conomies imbattables. \u00c9levez votre jeu de barbe et \u00e9conomisez davantage aujourd'hui ! \ud83d\udcb2\ud83d\udcaa\ud83e\uddd4<\/p>\n<h2><\/h2>\n<\/div>\n<\/div>","protected":false},"featured_media":2230,"comment_status":"closed","ping_status":"closed","template":"","meta":[],"product_brand":[],"product_cat":[90,89],"product_tag":[231,233,232,230],"class_list":{"0":"post-3751","1":"product","2":"type-product","3":"status-publish","4":"has-post-thumbnail","6":"product_cat-hair-care","7":"product_cat-supplements","8":"product_tag-beard-growth","9":"product_tag-biotin","10":"product_tag-supplement","11":"product_tag-support","13":"first","14":"instock","15":"sale","16":"taxable","17":"shipping-taxable","18":"purchasable","19":"product-type-simple"},"yoast_head":"<!-- This site is optimized with the Yoast SEO plugin v27.2 - https:\/\/yoast.com\/product\/yoast-seo-wordpress\/ -->\n<title>Grizzly Adam Hair and Beard Growth Support - For a Bigger Better Looking Beard - Grizzly Adam<\/title>\n<meta name=\"description\" content=\"High quality hair and beard growth support formula - Improve your beard growth in 60 days or less.\" \/>\n<meta name=\"robots\" content=\"index, follow, max-snippet:-1, max-image-preview:large, max-video-preview:-1\" \/>\n<link rel=\"canonical\" href=\"https:\/\/grizzlyadam.co.uk\/fr\/produit\/grizzly-adam-hair-and-beard-growth-support-facial-hair-supplement-one-off-purchase\/\" \/>\n<meta property=\"og:locale\" content=\"fr_FR\" \/>\n<meta property=\"og:type\" content=\"article\" \/>\n<meta property=\"og:title\" content=\"Grizzly Adam Hair and Beard Growth Support - For a Bigger Better Looking Beard - Grizzly Adam\" \/>\n<meta property=\"og:description\" content=\"High quality hair and beard growth support formula - Improve your beard growth in 60 days or less.\" \/>\n<meta property=\"og:url\" content=\"https:\/\/grizzlyadam.co.uk\/fr\/produit\/grizzly-adam-hair-and-beard-growth-support-facial-hair-supplement-one-off-purchase\/\" \/>\n<meta property=\"og:site_name\" content=\"Grizzly Adam\" \/>\n<meta property=\"article:publisher\" content=\"https:\/\/www.facebook.com\/grizzlyadamuk\" \/>\n<meta property=\"article:modified_time\" content=\"2024-07-19T18:51:03+00:00\" \/>\n<meta property=\"og:image\" content=\"https:\/\/project1-mke5mv4jgx.live-website.com\/wp-content\/uploads\/2017\/02\/Image-3.jpg\" \/>\n\t<meta property=\"og:image:width\" content=\"1942\" \/>\n\t<meta property=\"og:image:height\" content=\"1943\" \/>\n\t<meta property=\"og:image:type\" content=\"image\/jpeg\" \/>\n<meta name=\"twitter:card\" content=\"summary_large_image\" \/>\n<meta name=\"twitter:site\" content=\"@grizzlyadamuk\" \/>\n<meta name=\"twitter:label1\" content=\"Dur\u00e9e de lecture estim\u00e9e\" \/>\n\t<meta name=\"twitter:data1\" content=\"3 minutes\" \/>\n<script type=\"application\/ld+json\" class=\"yoast-schema-graph\">{\"@context\":\"https:\/\/schema.org\",\"@graph\":[{\"@type\":\"WebPage\",\"@id\":\"https:\/\/grizzlyadam.co.uk\/product\/grizzly-adam-hair-and-beard-growth-support-facial-hair-supplement-one-off-purchase\/\",\"url\":\"https:\/\/grizzlyadam.co.uk\/product\/grizzly-adam-hair-and-beard-growth-support-facial-hair-supplement-one-off-purchase\/\",\"name\":\"Grizzly Adam Hair and Beard Growth Support - For a Bigger Better Looking Beard - Grizzly Adam\",\"isPartOf\":{\"@id\":\"https:\/\/project1-mke5mv4jgx.live-website.com\/#website\"},\"primaryImageOfPage\":{\"@id\":\"https:\/\/grizzlyadam.co.uk\/product\/grizzly-adam-hair-and-beard-growth-support-facial-hair-supplement-one-off-purchase\/#primaryimage\"},\"image\":{\"@id\":\"https:\/\/grizzlyadam.co.uk\/product\/grizzly-adam-hair-and-beard-growth-support-facial-hair-supplement-one-off-purchase\/#primaryimage\"},\"thumbnailUrl\":\"https:\/\/grizzlyadam.co.uk\/wp-content\/uploads\/2017\/02\/Image-3.jpg\",\"datePublished\":\"2017-02-24T20:00:48+00:00\",\"dateModified\":\"2024-07-19T18:51:03+00:00\",\"description\":\"High quality hair and beard growth support formula - Improve your beard growth in 60 days or less.\",\"breadcrumb\":{\"@id\":\"https:\/\/grizzlyadam.co.uk\/product\/grizzly-adam-hair-and-beard-growth-support-facial-hair-supplement-one-off-purchase\/#breadcrumb\"},\"inLanguage\":\"fr-FR\",\"potentialAction\":[{\"@type\":\"ReadAction\",\"target\":[\"https:\/\/grizzlyadam.co.uk\/product\/grizzly-adam-hair-and-beard-growth-support-facial-hair-supplement-one-off-purchase\/\"]}]},{\"@type\":\"ImageObject\",\"inLanguage\":\"fr-FR\",\"@id\":\"https:\/\/grizzlyadam.co.uk\/product\/grizzly-adam-hair-and-beard-growth-support-facial-hair-supplement-one-off-purchase\/#primaryimage\",\"url\":\"https:\/\/grizzlyadam.co.uk\/wp-content\/uploads\/2017\/02\/Image-3.jpg\",\"contentUrl\":\"https:\/\/grizzlyadam.co.uk\/wp-content\/uploads\/2017\/02\/Image-3.jpg\",\"width\":1200,\"height\":1201},{\"@type\":\"BreadcrumbList\",\"@id\":\"https:\/\/grizzlyadam.co.uk\/product\/grizzly-adam-hair-and-beard-growth-support-facial-hair-supplement-one-off-purchase\/#breadcrumb\",\"itemListElement\":[{\"@type\":\"ListItem\",\"position\":1,\"name\":\"Home\",\"item\":\"https:\/\/grizzlyadam.co.uk\/\"},{\"@type\":\"ListItem\",\"position\":2,\"name\":\"Shop\",\"item\":\"https:\/\/project1-mke5mv4jgx.live-website.com\/shop\/\"},{\"@type\":\"ListItem\",\"position\":3,\"name\":\"Grizzly Adam Hair and Beard Growth Support &#8211; For a Bigger Better Looking Beard\"}]},{\"@type\":\"WebSite\",\"@id\":\"https:\/\/project1-mke5mv4jgx.live-website.com\/#website\",\"url\":\"https:\/\/project1-mke5mv4jgx.live-website.com\/\",\"name\":\"Grizzly Adam\",\"description\":\"Beard Oil And Grooming Products For Gentlemen\",\"publisher\":{\"@id\":\"https:\/\/project1-mke5mv4jgx.live-website.com\/#organization\"},\"potentialAction\":[{\"@type\":\"SearchAction\",\"target\":{\"@type\":\"EntryPoint\",\"urlTemplate\":\"https:\/\/project1-mke5mv4jgx.live-website.com\/?s={search_term_string}\"},\"query-input\":{\"@type\":\"PropertyValueSpecification\",\"valueRequired\":true,\"valueName\":\"search_term_string\"}}],\"inLanguage\":\"fr-FR\"},{\"@type\":\"Organization\",\"@id\":\"https:\/\/project1-mke5mv4jgx.live-website.com\/#organization\",\"name\":\"GRIZZLY ADAM\",\"url\":\"https:\/\/project1-mke5mv4jgx.live-website.com\/\",\"logo\":{\"@type\":\"ImageObject\",\"inLanguage\":\"fr-FR\",\"@id\":\"https:\/\/project1-mke5mv4jgx.live-website.com\/#\/schema\/logo\/image\/\",\"url\":\"https:\/\/grizzlyadam.co.uk\/wp-content\/uploads\/2019\/11\/gadamlogo.png\",\"contentUrl\":\"https:\/\/grizzlyadam.co.uk\/wp-content\/uploads\/2019\/11\/gadamlogo.png\",\"width\":\"200\",\"height\":\"200\",\"caption\":\"GRIZZLY ADAM\"},\"image\":{\"@id\":\"https:\/\/project1-mke5mv4jgx.live-website.com\/#\/schema\/logo\/image\/\"},\"sameAs\":[\"https:\/\/www.facebook.com\/grizzlyadamuk\",\"https:\/\/x.com\/grizzlyadamuk\",\"https:\/\/www.instagram.com\/grizzlyadamuk\/\"]}]}<\/script>\n<!-- \/ Yoast SEO plugin. -->","yoast_head_json":{"title":"Grizzly Adam Hair and Beard Growth Support - For a Bigger Better Looking Beard - Grizzly Adam","description":"High quality hair and beard growth support formula - Improve your beard growth in 60 days or less.","robots":{"index":"index","follow":"follow","max-snippet":"max-snippet:-1","max-image-preview":"max-image-preview:large","max-video-preview":"max-video-preview:-1"},"canonical":"https:\/\/grizzlyadam.co.uk\/fr\/produit\/grizzly-adam-hair-and-beard-growth-support-facial-hair-supplement-one-off-purchase\/","og_locale":"fr_FR","og_type":"article","og_title":"Grizzly Adam Hair and Beard Growth Support - For a Bigger Better Looking Beard - Grizzly Adam","og_description":"High quality hair and beard growth support formula - Improve your beard growth in 60 days or less.","og_url":"https:\/\/grizzlyadam.co.uk\/fr\/produit\/grizzly-adam-hair-and-beard-growth-support-facial-hair-supplement-one-off-purchase\/","og_site_name":"Grizzly Adam","article_publisher":"https:\/\/www.facebook.com\/grizzlyadamuk","article_modified_time":"2024-07-19T18:51:03+00:00","og_image":[{"width":1942,"height":1943,"url":"https:\/\/project1-mke5mv4jgx.live-website.com\/wp-content\/uploads\/2017\/02\/Image-3.jpg","type":"image\/jpeg"}],"twitter_card":"summary_large_image","twitter_site":"@grizzlyadamuk","twitter_misc":{"Dur\u00e9e de lecture estim\u00e9e":"3 minutes"},"schema":{"@context":"https:\/\/schema.org","@graph":[{"@type":"WebPage","@id":"https:\/\/grizzlyadam.co.uk\/product\/grizzly-adam-hair-and-beard-growth-support-facial-hair-supplement-one-off-purchase\/","url":"https:\/\/grizzlyadam.co.uk\/product\/grizzly-adam-hair-and-beard-growth-support-facial-hair-supplement-one-off-purchase\/","name":"Grizzly Adam Hair and Beard Growth Support - For a Bigger Better Looking Beard - Grizzly Adam","isPartOf":{"@id":"https:\/\/project1-mke5mv4jgx.live-website.com\/#website"},"primaryImageOfPage":{"@id":"https:\/\/grizzlyadam.co.uk\/product\/grizzly-adam-hair-and-beard-growth-support-facial-hair-supplement-one-off-purchase\/#primaryimage"},"image":{"@id":"https:\/\/grizzlyadam.co.uk\/product\/grizzly-adam-hair-and-beard-growth-support-facial-hair-supplement-one-off-purchase\/#primaryimage"},"thumbnailUrl":"https:\/\/grizzlyadam.co.uk\/wp-content\/uploads\/2017\/02\/Image-3.jpg","datePublished":"2017-02-24T20:00:48+00:00","dateModified":"2024-07-19T18:51:03+00:00","description":"High quality hair and beard growth support formula - Improve your beard growth in 60 days or less.","breadcrumb":{"@id":"https:\/\/grizzlyadam.co.uk\/product\/grizzly-adam-hair-and-beard-growth-support-facial-hair-supplement-one-off-purchase\/#breadcrumb"},"inLanguage":"fr-FR","potentialAction":[{"@type":"ReadAction","target":["https:\/\/grizzlyadam.co.uk\/product\/grizzly-adam-hair-and-beard-growth-support-facial-hair-supplement-one-off-purchase\/"]}]},{"@type":"ImageObject","inLanguage":"fr-FR","@id":"https:\/\/grizzlyadam.co.uk\/product\/grizzly-adam-hair-and-beard-growth-support-facial-hair-supplement-one-off-purchase\/#primaryimage","url":"https:\/\/grizzlyadam.co.uk\/wp-content\/uploads\/2017\/02\/Image-3.jpg","contentUrl":"https:\/\/grizzlyadam.co.uk\/wp-content\/uploads\/2017\/02\/Image-3.jpg","width":1200,"height":1201},{"@type":"BreadcrumbList","@id":"https:\/\/grizzlyadam.co.uk\/product\/grizzly-adam-hair-and-beard-growth-support-facial-hair-supplement-one-off-purchase\/#breadcrumb","itemListElement":[{"@type":"ListItem","position":1,"name":"Home","item":"https:\/\/grizzlyadam.co.uk\/"},{"@type":"ListItem","position":2,"name":"Shop","item":"https:\/\/project1-mke5mv4jgx.live-website.com\/shop\/"},{"@type":"ListItem","position":3,"name":"Grizzly Adam Hair and Beard Growth Support &#8211; For a Bigger Better Looking Beard"}]},{"@type":"WebSite","@id":"https:\/\/project1-mke5mv4jgx.live-website.com\/#website","url":"https:\/\/project1-mke5mv4jgx.live-website.com\/","name":"Grizzly Adam","description":"Huile \u00e0 barbe et produits de toilettage pour hommes","publisher":{"@id":"https:\/\/project1-mke5mv4jgx.live-website.com\/#organization"},"potentialAction":[{"@type":"SearchAction","target":{"@type":"EntryPoint","urlTemplate":"https:\/\/project1-mke5mv4jgx.live-website.com\/?s={search_term_string}"},"query-input":{"@type":"PropertyValueSpecification","valueRequired":true,"valueName":"search_term_string"}}],"inLanguage":"fr-FR"},{"@type":"Organization","@id":"https:\/\/project1-mke5mv4jgx.live-website.com\/#organization","name":"GRIZZLY ADAM","url":"https:\/\/project1-mke5mv4jgx.live-website.com\/","logo":{"@type":"ImageObject","inLanguage":"fr-FR","@id":"https:\/\/project1-mke5mv4jgx.live-website.com\/#\/schema\/logo\/image\/","url":"https:\/\/grizzlyadam.co.uk\/wp-content\/uploads\/2019\/11\/gadamlogo.png","contentUrl":"https:\/\/grizzlyadam.co.uk\/wp-content\/uploads\/2019\/11\/gadamlogo.png","width":"200","height":"200","caption":"GRIZZLY ADAM"},"image":{"@id":"https:\/\/project1-mke5mv4jgx.live-website.com\/#\/schema\/logo\/image\/"},"sameAs":["https:\/\/www.facebook.com\/grizzlyadamuk","https:\/\/x.com\/grizzlyadamuk","https:\/\/www.instagram.com\/grizzlyadamuk\/"]}]}},"df_price":19.99,"df_sale_price":19.99,"df_regular_price":21.99,"df_image_link":"https:\/\/grizzlyadam.co.uk\/wp-content\/uploads\/2017\/02\/Image-3-300x300.jpg","_links":{"self":[{"href":"https:\/\/grizzlyadam.co.uk\/fr\/wp-json\/wp\/v2\/product\/3751","targetHints":{"allow":["GET"]}}],"collection":[{"href":"https:\/\/grizzlyadam.co.uk\/fr\/wp-json\/wp\/v2\/product"}],"about":[{"href":"https:\/\/grizzlyadam.co.uk\/fr\/wp-json\/wp\/v2\/types\/product"}],"replies":[{"embeddable":true,"href":"https:\/\/grizzlyadam.co.uk\/fr\/wp-json\/wp\/v2\/comments?post=3751"}],"wp:featuredmedia":[{"embeddable":true,"href":"https:\/\/grizzlyadam.co.uk\/fr\/wp-json\/wp\/v2\/media\/2230"}],"wp:attachment":[{"href":"https:\/\/grizzlyadam.co.uk\/fr\/wp-json\/wp\/v2\/media?parent=3751"}],"wp:term":[{"taxonomy":"product_brand","embeddable":true,"href":"https:\/\/grizzlyadam.co.uk\/fr\/wp-json\/wp\/v2\/product_brand?post=3751"},{"taxonomy":"product_cat","embeddable":true,"href":"https:\/\/grizzlyadam.co.uk\/fr\/wp-json\/wp\/v2\/product_cat?post=3751"},{"taxonomy":"product_tag","embeddable":true,"href":"https:\/\/grizzlyadam.co.uk\/fr\/wp-json\/wp\/v2\/product_tag?post=3751"}],"curies":[{"name":"wp","href":"https:\/\/api.w.org\/{rel}","templated":true}]}}