{"id":3748,"date":"2017-02-24T19:53:01","date_gmt":"2017-02-24T19:53:01","guid":{"rendered":"https:\/\/grizzlyadam.co.uk\/product\/testosterone-booster-for-men-one-off-purchase\/"},"modified":"2026-02-14T08:20:01","modified_gmt":"2026-02-14T08:20:01","slug":"testosterone-booster-for-men-one-off-purchase","status":"publish","type":"product","link":"https:\/\/grizzlyadam.co.uk\/fr\/produit\/testosterone-booster-for-men-one-off-purchase\/","title":{"rendered":"Booster de testost\u00e9rone pour les hommes - Augmenter l'\u00e9nergie, le dynamisme et la performance"},"content":{"rendered":"<div id=\"featurebullets_feature_div\" class=\"feature\" data-feature-name=\"featurebullets\">\n<div id=\"feature-bullets\" class=\"a-section a-spacing-medium a-spacing-top-small\">\n<ul class=\"a-vertical a-spacing-none\">\n<li><span class=\"a-list-item\"><strong> AUGMENTE LA TESTOST\u00c9RONE LIBRE, L'\u00c9NERGIE ET LE DYNAMISME, OU VOUS \u00caTES REMBOURS\u00c9.<\/strong> - La testost\u00e9rone libre est ce qui alimente votre \u00e9nergie, votre dynamisme et la construction musculaire dans votre corps. Notre booster de testost\u00e9rone contient des ingr\u00e9dients dont il a \u00e9t\u00e9 prouv\u00e9 qu'ils augmentent la testost\u00e9rone libre, afin que vous puissiez ressentir les r\u00e9sultats. En plus de ses puissantes propri\u00e9t\u00e9s d'am\u00e9lioration de la libido et de l'entra\u00eenement, notre booster de testost\u00e9rone a d\u00e9montr\u00e9 qu'il redonnait de l'\u00e9nergie et des performances de jeunesse dans tous les domaines de la vie avec une utilisation \u00e0 long terme.<\/span><\/li>\n<li><span class=\"a-list-item\"><strong> POURQUOI PRENDRE ?<\/strong> - Id\u00e9al pour les hommes, le gymnase, la puissance avant l'entra\u00eenement, la r\u00e9cup\u00e9ration, la vitalit\u00e9, la sant\u00e9 g\u00e9n\u00e9rale et le bien-\u00eatre, le soutien au r\u00e9gime et la perte de poids - Il suffit de prendre 1 dose de fa\u00e7on r\u00e9guli\u00e8re au cours de la journ\u00e9e. - Donnez \u00e0 votre corps le carburant ultime et constant dont il a besoin tout au long de la journ\u00e9e.<\/span><\/li>\n<li><span class=\"a-list-item\"><strong> S\u00dbR &amp; NATUREL<\/strong> con\u00e7u et produit selon les r\u00e8gles strictes des bonnes pratiques de fabrication (BPF) et fabriqu\u00e9 au Royaume-Uni.<\/span><\/li>\n<li><span class=\"a-list-item\"><strong> APPROVISIONNEMENT D'UN MOIS COMPLET<\/strong> &#8211; 60 Testosterone Boosters Pills Provide 20 days supply Supply of 9 Active Ingredients Proven to Boost Testosterone Levels<\/span><\/li>\n<li><span class=\"a-list-item\"><strong> POURQUOI CHOISIR NOTRE PRODUIT ?<\/strong> - Pour quelque raison que ce soit, si vous n'\u00eates pas satisfait de nos produits ou de notre service, contactez-nous et nous ferons le n\u00e9cessaire - Nous avons le MEILLEUR service \u00e0 la client\u00e8le et les suppl\u00e9ments de la plus haute qualit\u00e9 sur le march\u00e9 aujourd'hui !<\/span><\/li>\n<\/ul>\n<p><img loading=\"lazy\" decoding=\"async\" class=\"aligncenter wp-image-172336 size-large\" src=\"https:\/\/grizzlyadam.co.uk\/wp-content\/uploads\/2017\/02\/new-banner-testo-1024x683.png\" alt=\"\" width=\"1020\" height=\"680\" srcset=\"https:\/\/grizzlyadam.co.uk\/wp-content\/uploads\/2017\/02\/new-banner-testo-1024x683.png 1024w, https:\/\/grizzlyadam.co.uk\/wp-content\/uploads\/2017\/02\/new-banner-testo-300x200.png 300w, https:\/\/grizzlyadam.co.uk\/wp-content\/uploads\/2017\/02\/new-banner-testo-768x512.png 768w, https:\/\/grizzlyadam.co.uk\/wp-content\/uploads\/2017\/02\/new-banner-testo-18x12.png 18w, https:\/\/grizzlyadam.co.uk\/wp-content\/uploads\/2017\/02\/new-banner-testo-510x340.png 510w, https:\/\/grizzlyadam.co.uk\/wp-content\/uploads\/2017\/02\/new-banner-testo.png 1536w\" sizes=\"auto, (max-width: 1020px) 100vw, 1020px\" \/><\/p>\n<p>&nbsp;<\/p>\n<p>Si vous ne savez pas que la testost\u00e9rone et la pousse de la barbe fonctionnent ensemble, voici l'occasion de renforcer l'apparence de la barbe.<br \/>\nde votre barbe en train de faire quelque chose que vous aimez probablement d\u00e9j\u00e0.<\/p>\n<h3>FORMULE DE PREMI\u00c8RE QUALIT\u00c9, S\u00dbRE ET EFFICACE<\/h3>\n<p>Augmenter vos exercices en passant encore plus de temps au centre de remise en forme ou en courant un kilom\u00e8tre de plus par jour est certainement une bonne chose.<br \/>\nont un effet direct sur la sant\u00e9 de votre pilosit\u00e9 faciale. Le d\u00e9velopp\u00e9 couch\u00e9, l'halt\u00e9rophilie, le soulev\u00e9 de terre, les accroupissements et le rameur<br \/>\nsont des exercices cibl\u00e9s qui augmentent consid\u00e9rablement votre taux de testost\u00e9rone.<\/p>\n<p>Si vous n'\u00eates pas tr\u00e8s dou\u00e9 pour le sport, ou si vous \u00eates tout simplement trop paresseux ou trop occup\u00e9 pour vous rendre \u00e0 la salle de sport, vous pouvez toujours vous procurer une<br \/>\nde testost\u00e9rone sous forme de comprim\u00e9s. Les ventes de compl\u00e9ments hormonaux ont explos\u00e9 \u00e0 la suite du r\u00e9cent boom de la barbe.<\/p>\n<p><img loading=\"lazy\" decoding=\"async\" class=\"aligncenter wp-image-144743 size-full\" src=\"https:\/\/grizzlyadam.co.uk\/wp-content\/uploads\/2017\/02\/supplement-facts-testo.jpg\" alt=\"\" width=\"499\" height=\"552\" srcset=\"https:\/\/grizzlyadam.co.uk\/wp-content\/uploads\/2017\/02\/supplement-facts-testo.jpg 499w, https:\/\/grizzlyadam.co.uk\/wp-content\/uploads\/2017\/02\/supplement-facts-testo-271x300.jpg 271w\" sizes=\"auto, (max-width: 499px) 100vw, 499px\" \/><\/p>\n<\/div>\n<\/div>","protected":false},"excerpt":{"rendered":"<ul>\n<li><strong>\ud83d\udc8a DYNAMISME ET ENDURANCE <\/strong>- Favorise un taux de testost\u00e9rone normal et r\u00e9duit la fatigue.<\/li>\n<li><strong>\ud83d\udcaa TAILLE ET FORCE<\/strong> - Contient du zinc qui contribue au maintien de niveaux normaux de TESTOSTERONE dans le sang.<\/li>\n<li><strong><img loading=\"lazy\" decoding=\"async\" class=\"wp-image-139296 alignleft\" src=\"https:\/\/grizzlyadam.co.uk\/wp-content\/uploads\/2017\/02\/1fnxd361x62olm.png\" alt=\"\" width=\"21\" height=\"21\" srcset=\"https:\/\/grizzlyadam.co.uk\/wp-content\/uploads\/2017\/02\/1fnxd361x62olm.png 144w, https:\/\/grizzlyadam.co.uk\/wp-content\/uploads\/2017\/02\/1fnxd361x62olm-100x100.png 100w\" sizes=\"auto, (max-width: 21px) 100vw, 21px\" \/>SOUTIENT LES NIVEAUX DE TESTOST\u00c9RONE ET TOUS LES DOMAINES DE LA PERFORMANCE MASCULINE<\/strong> - Favorise la croissance de la barbe, la vitalit\u00e9 et la virilit\u00e9 en compl\u00e9ment d'un r\u00e9gime alimentaire \u00e9quilibr\u00e9 et de l'exercice physique.<\/li>\n<\/ul>\n<p>&nbsp;<\/p>\n<p>&nbsp;<\/p>","protected":false},"featured_media":172334,"comment_status":"closed","ping_status":"closed","template":"","meta":[],"product_brand":[],"product_cat":[250,89],"product_tag":[],"class_list":{"0":"post-3748","1":"product","2":"type-product","3":"status-publish","4":"has-post-thumbnail","6":"product_cat-beard-growth","7":"product_cat-supplements","9":"first","10":"instock","11":"taxable","12":"shipping-taxable","13":"purchasable","14":"product-type-simple"},"yoast_head":"<!-- This site is optimized with the Yoast SEO plugin v27.4 - https:\/\/yoast.com\/product\/yoast-seo-wordpress\/ -->\n<title>Testosterone Booster for Men - Increase Energy Drive &amp; Performance - Grizzly Adam<\/title>\n<meta name=\"description\" content=\"Boost your testosterone naturally with GrizzlyAdam&#039;s T-Booster. A powerful supplement designed for men seeking improved performance, energy, and vitality. Now with attractive bulk buy discounts and subscription offers for unbeatable savings. Elevate your game and save more today!\" \/>\n<meta name=\"robots\" content=\"index, follow, max-snippet:-1, max-image-preview:large, max-video-preview:-1\" \/>\n<link rel=\"canonical\" href=\"https:\/\/grizzlyadam.co.uk\/fr\/produit\/testosterone-booster-for-men-one-off-purchase\/\" \/>\n<meta property=\"og:locale\" content=\"fr_FR\" \/>\n<meta property=\"og:type\" content=\"article\" \/>\n<meta property=\"og:title\" content=\"Testosterone Booster for Men - Increase Energy Drive &amp; Performance - Grizzly Adam\" \/>\n<meta property=\"og:description\" content=\"Boost your testosterone naturally with GrizzlyAdam&#039;s T-Booster. A powerful supplement designed for men seeking improved performance, energy, and vitality. Now with attractive bulk buy discounts and subscription offers for unbeatable savings. Elevate your game and save more today!\" \/>\n<meta property=\"og:url\" content=\"https:\/\/grizzlyadam.co.uk\/fr\/produit\/testosterone-booster-for-men-one-off-purchase\/\" \/>\n<meta property=\"og:site_name\" content=\"Grizzly Adam\" \/>\n<meta property=\"article:publisher\" content=\"https:\/\/www.facebook.com\/grizzlyadamuk\" \/>\n<meta property=\"article:modified_time\" content=\"2026-02-14T08:20:01+00:00\" \/>\n<meta property=\"og:image\" content=\"https:\/\/grizzlyadam.co.uk\/wp-content\/uploads\/2017\/02\/60-caps-testo.png\" \/>\n\t<meta property=\"og:image:width\" content=\"1536\" \/>\n\t<meta property=\"og:image:height\" content=\"1024\" \/>\n\t<meta property=\"og:image:type\" content=\"image\/png\" \/>\n<meta name=\"twitter:card\" content=\"summary_large_image\" \/>\n<meta name=\"twitter:site\" content=\"@grizzlyadamuk\" \/>\n<meta name=\"twitter:label1\" content=\"Dur\u00e9e de lecture estim\u00e9e\" \/>\n\t<meta name=\"twitter:data1\" content=\"3 minutes\" \/>\n<script type=\"application\/ld+json\" class=\"yoast-schema-graph\">{\"@context\":\"https:\\\/\\\/schema.org\",\"@graph\":[{\"@type\":\"WebPage\",\"@id\":\"https:\\\/\\\/grizzlyadam.co.uk\\\/product\\\/testosterone-booster-for-men-one-off-purchase\\\/\",\"url\":\"https:\\\/\\\/grizzlyadam.co.uk\\\/product\\\/testosterone-booster-for-men-one-off-purchase\\\/\",\"name\":\"Testosterone Booster for Men - Increase Energy Drive & Performance - Grizzly Adam\",\"isPartOf\":{\"@id\":\"https:\\\/\\\/project1-mke5mv4jgx.live-website.com\\\/#website\"},\"primaryImageOfPage\":{\"@id\":\"https:\\\/\\\/grizzlyadam.co.uk\\\/product\\\/testosterone-booster-for-men-one-off-purchase\\\/#primaryimage\"},\"image\":{\"@id\":\"https:\\\/\\\/grizzlyadam.co.uk\\\/product\\\/testosterone-booster-for-men-one-off-purchase\\\/#primaryimage\"},\"thumbnailUrl\":\"https:\\\/\\\/grizzlyadam.co.uk\\\/wp-content\\\/uploads\\\/2017\\\/02\\\/60-caps-testo.png\",\"datePublished\":\"2017-02-24T19:53:01+00:00\",\"dateModified\":\"2026-02-14T08:20:01+00:00\",\"description\":\"Boost your testosterone naturally with GrizzlyAdam's T-Booster. A powerful supplement designed for men seeking improved performance, energy, and vitality. Now with attractive bulk buy discounts and subscription offers for unbeatable savings. Elevate your game and save more today!\",\"breadcrumb\":{\"@id\":\"https:\\\/\\\/grizzlyadam.co.uk\\\/product\\\/testosterone-booster-for-men-one-off-purchase\\\/#breadcrumb\"},\"inLanguage\":\"fr-FR\",\"potentialAction\":[{\"@type\":\"ReadAction\",\"target\":[\"https:\\\/\\\/grizzlyadam.co.uk\\\/product\\\/testosterone-booster-for-men-one-off-purchase\\\/\"]}]},{\"@type\":\"ImageObject\",\"inLanguage\":\"fr-FR\",\"@id\":\"https:\\\/\\\/grizzlyadam.co.uk\\\/product\\\/testosterone-booster-for-men-one-off-purchase\\\/#primaryimage\",\"url\":\"https:\\\/\\\/grizzlyadam.co.uk\\\/wp-content\\\/uploads\\\/2017\\\/02\\\/60-caps-testo.png\",\"contentUrl\":\"https:\\\/\\\/grizzlyadam.co.uk\\\/wp-content\\\/uploads\\\/2017\\\/02\\\/60-caps-testo.png\",\"width\":1536,\"height\":1024},{\"@type\":\"BreadcrumbList\",\"@id\":\"https:\\\/\\\/grizzlyadam.co.uk\\\/product\\\/testosterone-booster-for-men-one-off-purchase\\\/#breadcrumb\",\"itemListElement\":[{\"@type\":\"ListItem\",\"position\":1,\"name\":\"Home\",\"item\":\"https:\\\/\\\/grizzlyadam.co.uk\\\/\"},{\"@type\":\"ListItem\",\"position\":2,\"name\":\"Shop\",\"item\":\"https:\\\/\\\/project1-mke5mv4jgx.live-website.com\\\/shop\\\/\"},{\"@type\":\"ListItem\",\"position\":3,\"name\":\"Testosterone Booster for Men &#8211; Increase Energy Drive &#038; Performance\"}]},{\"@type\":\"WebSite\",\"@id\":\"https:\\\/\\\/project1-mke5mv4jgx.live-website.com\\\/#website\",\"url\":\"https:\\\/\\\/project1-mke5mv4jgx.live-website.com\\\/\",\"name\":\"Grizzly Adam\",\"description\":\"Beard Oil And Grooming Products For Gentlemen\",\"publisher\":{\"@id\":\"https:\\\/\\\/project1-mke5mv4jgx.live-website.com\\\/#organization\"},\"potentialAction\":[{\"@type\":\"SearchAction\",\"target\":{\"@type\":\"EntryPoint\",\"urlTemplate\":\"https:\\\/\\\/project1-mke5mv4jgx.live-website.com\\\/?s={search_term_string}\"},\"query-input\":{\"@type\":\"PropertyValueSpecification\",\"valueRequired\":true,\"valueName\":\"search_term_string\"}}],\"inLanguage\":\"fr-FR\"},{\"@type\":\"Organization\",\"@id\":\"https:\\\/\\\/project1-mke5mv4jgx.live-website.com\\\/#organization\",\"name\":\"GRIZZLY ADAM\",\"url\":\"https:\\\/\\\/project1-mke5mv4jgx.live-website.com\\\/\",\"logo\":{\"@type\":\"ImageObject\",\"inLanguage\":\"fr-FR\",\"@id\":\"https:\\\/\\\/project1-mke5mv4jgx.live-website.com\\\/#\\\/schema\\\/logo\\\/image\\\/\",\"url\":\"https:\\\/\\\/grizzlyadam.co.uk\\\/wp-content\\\/uploads\\\/2019\\\/11\\\/gadamlogo.png\",\"contentUrl\":\"https:\\\/\\\/grizzlyadam.co.uk\\\/wp-content\\\/uploads\\\/2019\\\/11\\\/gadamlogo.png\",\"width\":\"200\",\"height\":\"200\",\"caption\":\"GRIZZLY ADAM\"},\"image\":{\"@id\":\"https:\\\/\\\/project1-mke5mv4jgx.live-website.com\\\/#\\\/schema\\\/logo\\\/image\\\/\"},\"sameAs\":[\"https:\\\/\\\/www.facebook.com\\\/grizzlyadamuk\",\"https:\\\/\\\/x.com\\\/grizzlyadamuk\",\"https:\\\/\\\/www.instagram.com\\\/grizzlyadamuk\\\/\"]}]}<\/script>\n<!-- \/ Yoast SEO plugin. -->","yoast_head_json":{"title":"Testosterone Booster for Men - Increase Energy Drive & Performance - Grizzly Adam","description":"Boost your testosterone naturally with GrizzlyAdam's T-Booster. A powerful supplement designed for men seeking improved performance, energy, and vitality. Now with attractive bulk buy discounts and subscription offers for unbeatable savings. Elevate your game and save more today!","robots":{"index":"index","follow":"follow","max-snippet":"max-snippet:-1","max-image-preview":"max-image-preview:large","max-video-preview":"max-video-preview:-1"},"canonical":"https:\/\/grizzlyadam.co.uk\/fr\/produit\/testosterone-booster-for-men-one-off-purchase\/","og_locale":"fr_FR","og_type":"article","og_title":"Testosterone Booster for Men - Increase Energy Drive & Performance - Grizzly Adam","og_description":"Boost your testosterone naturally with GrizzlyAdam's T-Booster. A powerful supplement designed for men seeking improved performance, energy, and vitality. Now with attractive bulk buy discounts and subscription offers for unbeatable savings. Elevate your game and save more today!","og_url":"https:\/\/grizzlyadam.co.uk\/fr\/produit\/testosterone-booster-for-men-one-off-purchase\/","og_site_name":"Grizzly Adam","article_publisher":"https:\/\/www.facebook.com\/grizzlyadamuk","article_modified_time":"2026-02-14T08:20:01+00:00","og_image":[{"width":1536,"height":1024,"url":"https:\/\/grizzlyadam.co.uk\/wp-content\/uploads\/2017\/02\/60-caps-testo.png","type":"image\/png"}],"twitter_card":"summary_large_image","twitter_site":"@grizzlyadamuk","twitter_misc":{"Dur\u00e9e de lecture estim\u00e9e":"3 minutes"},"schema":{"@context":"https:\/\/schema.org","@graph":[{"@type":"WebPage","@id":"https:\/\/grizzlyadam.co.uk\/product\/testosterone-booster-for-men-one-off-purchase\/","url":"https:\/\/grizzlyadam.co.uk\/product\/testosterone-booster-for-men-one-off-purchase\/","name":"Testosterone Booster for Men - Increase Energy Drive & Performance - Grizzly Adam","isPartOf":{"@id":"https:\/\/project1-mke5mv4jgx.live-website.com\/#website"},"primaryImageOfPage":{"@id":"https:\/\/grizzlyadam.co.uk\/product\/testosterone-booster-for-men-one-off-purchase\/#primaryimage"},"image":{"@id":"https:\/\/grizzlyadam.co.uk\/product\/testosterone-booster-for-men-one-off-purchase\/#primaryimage"},"thumbnailUrl":"https:\/\/grizzlyadam.co.uk\/wp-content\/uploads\/2017\/02\/60-caps-testo.png","datePublished":"2017-02-24T19:53:01+00:00","dateModified":"2026-02-14T08:20:01+00:00","description":"Boost your testosterone naturally with GrizzlyAdam's T-Booster. A powerful supplement designed for men seeking improved performance, energy, and vitality. Now with attractive bulk buy discounts and subscription offers for unbeatable savings. Elevate your game and save more today!","breadcrumb":{"@id":"https:\/\/grizzlyadam.co.uk\/product\/testosterone-booster-for-men-one-off-purchase\/#breadcrumb"},"inLanguage":"fr-FR","potentialAction":[{"@type":"ReadAction","target":["https:\/\/grizzlyadam.co.uk\/product\/testosterone-booster-for-men-one-off-purchase\/"]}]},{"@type":"ImageObject","inLanguage":"fr-FR","@id":"https:\/\/grizzlyadam.co.uk\/product\/testosterone-booster-for-men-one-off-purchase\/#primaryimage","url":"https:\/\/grizzlyadam.co.uk\/wp-content\/uploads\/2017\/02\/60-caps-testo.png","contentUrl":"https:\/\/grizzlyadam.co.uk\/wp-content\/uploads\/2017\/02\/60-caps-testo.png","width":1536,"height":1024},{"@type":"BreadcrumbList","@id":"https:\/\/grizzlyadam.co.uk\/product\/testosterone-booster-for-men-one-off-purchase\/#breadcrumb","itemListElement":[{"@type":"ListItem","position":1,"name":"Home","item":"https:\/\/grizzlyadam.co.uk\/"},{"@type":"ListItem","position":2,"name":"Shop","item":"https:\/\/project1-mke5mv4jgx.live-website.com\/shop\/"},{"@type":"ListItem","position":3,"name":"Testosterone Booster for Men &#8211; Increase Energy Drive &#038; Performance"}]},{"@type":"WebSite","@id":"https:\/\/project1-mke5mv4jgx.live-website.com\/#website","url":"https:\/\/project1-mke5mv4jgx.live-website.com\/","name":"Grizzly Adam","description":"Huile \u00e0 barbe et produits de toilettage pour hommes","publisher":{"@id":"https:\/\/project1-mke5mv4jgx.live-website.com\/#organization"},"potentialAction":[{"@type":"SearchAction","target":{"@type":"EntryPoint","urlTemplate":"https:\/\/project1-mke5mv4jgx.live-website.com\/?s={search_term_string}"},"query-input":{"@type":"PropertyValueSpecification","valueRequired":true,"valueName":"search_term_string"}}],"inLanguage":"fr-FR"},{"@type":"Organization","@id":"https:\/\/project1-mke5mv4jgx.live-website.com\/#organization","name":"GRIZZLY ADAM","url":"https:\/\/project1-mke5mv4jgx.live-website.com\/","logo":{"@type":"ImageObject","inLanguage":"fr-FR","@id":"https:\/\/project1-mke5mv4jgx.live-website.com\/#\/schema\/logo\/image\/","url":"https:\/\/grizzlyadam.co.uk\/wp-content\/uploads\/2019\/11\/gadamlogo.png","contentUrl":"https:\/\/grizzlyadam.co.uk\/wp-content\/uploads\/2019\/11\/gadamlogo.png","width":"200","height":"200","caption":"GRIZZLY ADAM"},"image":{"@id":"https:\/\/project1-mke5mv4jgx.live-website.com\/#\/schema\/logo\/image\/"},"sameAs":["https:\/\/www.facebook.com\/grizzlyadamuk","https:\/\/x.com\/grizzlyadamuk","https:\/\/www.instagram.com\/grizzlyadamuk\/"]}]}},"df_price":21.99,"df_sale_price":"","df_regular_price":21.99,"df_image_link":"https:\/\/grizzlyadam.co.uk\/wp-content\/uploads\/2017\/02\/60-caps-testo-300x200.png","_links":{"self":[{"href":"https:\/\/grizzlyadam.co.uk\/fr\/wp-json\/wp\/v2\/product\/3748","targetHints":{"allow":["GET"]}}],"collection":[{"href":"https:\/\/grizzlyadam.co.uk\/fr\/wp-json\/wp\/v2\/product"}],"about":[{"href":"https:\/\/grizzlyadam.co.uk\/fr\/wp-json\/wp\/v2\/types\/product"}],"replies":[{"embeddable":true,"href":"https:\/\/grizzlyadam.co.uk\/fr\/wp-json\/wp\/v2\/comments?post=3748"}],"wp:featuredmedia":[{"embeddable":true,"href":"https:\/\/grizzlyadam.co.uk\/fr\/wp-json\/wp\/v2\/media\/172334"}],"wp:attachment":[{"href":"https:\/\/grizzlyadam.co.uk\/fr\/wp-json\/wp\/v2\/media?parent=3748"}],"wp:term":[{"taxonomy":"product_brand","embeddable":true,"href":"https:\/\/grizzlyadam.co.uk\/fr\/wp-json\/wp\/v2\/product_brand?post=3748"},{"taxonomy":"product_cat","embeddable":true,"href":"https:\/\/grizzlyadam.co.uk\/fr\/wp-json\/wp\/v2\/product_cat?post=3748"},{"taxonomy":"product_tag","embeddable":true,"href":"https:\/\/grizzlyadam.co.uk\/fr\/wp-json\/wp\/v2\/product_tag?post=3748"}],"curies":[{"name":"wp","href":"https:\/\/api.w.org\/{rel}","templated":true}]}}