{"id":3746,"date":"2017-02-24T19:48:31","date_gmt":"2017-02-24T19:48:31","guid":{"rendered":"https:\/\/grizzlyadam.co.uk\/product\/grizzly-adam-beard-care-bundle-one-off-purchase\/"},"modified":"2024-08-28T06:43:14","modified_gmt":"2024-08-28T05:43:14","slug":"grizzly-adam-beard-care-bundle-one-off-purchase","status":"publish","type":"product","link":"https:\/\/grizzlyadam.co.uk\/fr\/produit\/grizzly-adam-beard-care-bundle-one-off-purchase\/","title":{"rendered":"Grizzly Adam Beard Care Bundle With Wooden Comb - Tout ce dont vous avez besoin pour faire pousser et entretenir une barbe saine."},"content":{"rendered":"<h2 id=\"title\" class=\"a-size-large a-spacing-none\"><span id=\"productTitle\" class=\"a-size-large\">Nos 3 produits les plus vendus dans un ensemble cadeau fait \u00e0 la main - Id\u00e9al pour r\u00e9approvisionner tous vos articles de soins de barbe en un seul achat facile - Contient de l'huile \u00e0 barbe 100ml, du nettoyant \u00e0 barbe 200ml et du baume \u00e0 barbe 60ml.<\/span><\/h2>\n<p><span class=\"a-list-item\">Pourquoi choisir Grizzly Adam Beard Care ? - Pour quelque raison que ce soit, si vous n'\u00eates pas satisfait de nos produits ou de notre service, contactez-nous et nous ferons le n\u00e9cessaire - Nous avons le MEILLEUR service \u00e0 la client\u00e8le et les produits de toilettage de barbe de la plus haute qualit\u00e9 sur le march\u00e9 aujourd'hui !<\/span><\/p>\n<p><b>Grizzly Adam Aide \u00e0 prendre soin de votre peau et de votre barbe<\/b><\/p>\n<p>Comprend un baume \u00e0 barbe, une huile \u00e0 barbe pure et biologique de 100 ml et un nettoyant \u00e0 barbe de 200 ml.<\/p>\n<p>Le nettoyant pour barbe mousse agr\u00e9ablement avec de l'eau chaude et est facile \u00e0 faire p\u00e9n\u00e9trer dans la barbe. Si vous mettez du temps \u00e0 vous r\u00e9veiller le matin, vous trouverez que ce produit vous donnera une claque piquante bien n\u00e9cessaire !<\/p>\n<p>L'huile \u00e0 barbe permet d'hydrater votre peau et de prendre soin de votre barbe en m\u00eame temps. Elle apporte de l'huile essentielle \u00e0 votre peau et celle-ci p\u00e9n\u00e8tre dans les follicules de vos poils. Lorsque vos follicules pileux sont bien hydrat\u00e9s, vos cheveux ne se dess\u00e8chent pas et ne deviennent pas cassants. La peau hydrat\u00e9e est douce et lisse et l'utilisation d'une huile \u00e0 barbe permet d'\u00e9viter les d\u00e9mangeaisons et les squames qui peuvent causer de l'inconfort.<\/p>\n<p><b>Simple \u00e0 appliquer<\/b><\/p>\n<p>L'huile de barbe est tr\u00e8s facile \u00e0 appliquer et ne prend que quelques secondes. Vous devez appliquer quelques gouttes dans la paume de votre main, frotter vos mains l'une contre l'autre, puis passer vos doigts dans votre barbe.<\/p>\n<p><strong>Le baume \u00e0 barbe est ce dont vous avez besoin pour faire pousser votre barbe. P\u00e9riode.<\/strong><\/p>\n<p>Ce conditionneur sans rin\u00e7age enti\u00e8rement naturel est parfaitement formul\u00e9 pour pr\u00e9venir les pointes fourchues, contr\u00f4ler les frisottis et les enchev\u00eatrements, adoucir les moustaches pour les rencontres intimes, soulager la peau s\u00e8che et les d\u00e9mangeaisons, r\u00e9duire les plaques et vous rendre, vous et votre barbe impressionnante, beaucoup plus attrayants. Le baume \u00e0 barbe convient \u00e0 toutes les vari\u00e9t\u00e9s et longueurs de poils du visage.<\/p>\n<p style=\"text-align: center;\">\u00a0<p class=\"product woocommerce add_to_cart_inline\" style=\"border:4px solid #ccc; padding: 12px;\"><del aria-hidden=\"true\"><span class=\"woocommerce-Price-amount amount\"><bdi><span class=\"woocommerce-Price-currencySymbol\">\u00a3<\/span>69.99<\/bdi><\/span><\/del> <span class=\"screen-reader-text\" data-no-translation=\"\" data-trp-gettext=\"\">Le prix original \u00e9tait : &pound;69.99.<\/span><ins aria-hidden=\"true\"><span class=\"woocommerce-Price-amount amount\"><bdi><span class=\"woocommerce-Price-currencySymbol\">\u00a3<\/span>59.99<\/bdi><\/span><\/ins><span class=\"screen-reader-text\" data-no-translation=\"\" data-trp-gettext=\"\">Le prix actuel est : &pound;59.99.<\/span><a href=\"\/fr\/wp-json\/wp\/v2\/product\/3746?add-to-cart=3746\" aria-describedby=\"woocommerce_loop_add_to_cart_link_describedby_3746\" data-quantity=\"1\" class=\"button product_type_simple add_to_cart_button ajax_add_to_cart text_replaceable\" data-product_id=\"3746\" data-product_sku=\"JL-YIQD-WUN1\" aria-label=\"Ajouter au panier : &quot;Grizzly Adam Beard Care Bundle With Wooden Comb - Everything you need to grow and maintain a healthy beard.&quot;\" rel=\"nofollow\" data-success_message=\"\u00ab\u00a0Grizzly Adam Beard Care Bundle With Wooden Comb - Everything you need to grow and maintain a healthy beard.\u00a0\u00bb a \u00e9t\u00e9 ajout\u00e9 \u00e0 votre panier\" role=\"button\" data-no-translation-aria-label=\"\" data-no-translation-data-success_message=\"\">Ajouter au panier<\/a>\t<span id=\"woocommerce_loop_add_to_cart_link_describedby_3746\" class=\"screen-reader-text\">\n\t\t\t<\/span>\n<\/p>","protected":false},"excerpt":{"rendered":"<div id=\"featurebullets_feature_div\" class=\"feature\" data-feature-name=\"featurebullets\">\n<div id=\"feature-bullets\" class=\"a-section a-spacing-medium a-spacing-top-small\">\n<h3>Huile \u00e0 barbe 100ml, Nettoyant \u00e0 barbe 200ml et Baume \u00e0 barbe 60ml Combo Set avec peigne<\/h3>\n<p><span class=\"a-list-item\"> ? <strong>\u00c9CONOMISEZ \u00a310<\/strong>\u00a0lorsque vous achetez notre huile \u00e0 barbe, notre baume \u00e0 barbe et notre shampoing \u00e0 barbe ensemble !<\/span><\/p>\n<p><span class=\"a-list-item\"> ?  Shampooing pour barbe formul\u00e9 sp\u00e9cifiquement pour votre barbe et votre moustache avec une bouteille adapt\u00e9e \u00e0 la douche<\/span><\/p>\n<p><span class=\"a-list-item\"> ? Gardez votre barbe saine, soign\u00e9e et apprivois\u00e9e naturellement. Hydrate les poils et la peau de la barbe, \u00e9limine les d\u00e9mangeaisons et les pellicules.\u00a0<\/span><\/p>\n<p><span class=\"a-list-item\">? Soyez heureux de savoir que vous \u00e9liminerez votre barbe cassante, vos pellicules de barbe, vos d\u00e9mangeaisons et vos pointes fourchues.\u00a0\u00a0<\/span><\/p>\n<p><span style=\"font-size: 14.4px;\">\u2705 Profitez de ce peigne en bois droit, robuste et de style classique. Parfait pour les barbes longues et denses<\/span><\/p>\n<\/div>\n<\/div>","protected":false},"featured_media":11564,"comment_status":"closed","ping_status":"closed","template":"","meta":[],"product_brand":[],"product_cat":[69,70,251,74],"product_tag":[66,79,84,85,86,87,88],"class_list":{"0":"post-3746","1":"product","2":"type-product","3":"status-publish","4":"has-post-thumbnail","6":"product_cat-beard-balm","7":"product_cat-beard-wash","8":"product_cat-bundles","9":"product_cat-grooming-kits","10":"product_tag-beard-oil","11":"product_tag-beard-balm","12":"product_tag-beard-care-kit","13":"product_tag-beard-wash","14":"product_tag-combo","15":"product_tag-kit","16":"product_tag-set","18":"first","19":"instock","20":"sale","21":"taxable","22":"shipping-taxable","23":"purchasable","24":"product-type-simple"},"yoast_head":"<!-- This site is optimized with the Yoast SEO plugin v27.2 - https:\/\/yoast.com\/product\/yoast-seo-wordpress\/ -->\n<title>Grizzly Adam Beard Care Bundle With Wooden Comb - Everything you need to grow and maintain a healthy beard. - Grizzly Adam<\/title>\n<meta name=\"description\" content=\"This TRIO Bundle of Beard Care products would cost over \u00a370 if all purchased separately - SAVE 33% when you purchase our Beard oil, Beard Balm and Beard Shampoo Together!\" \/>\n<meta name=\"robots\" content=\"index, follow, max-snippet:-1, max-image-preview:large, max-video-preview:-1\" \/>\n<link rel=\"canonical\" href=\"https:\/\/grizzlyadam.co.uk\/fr\/produit\/grizzly-adam-beard-care-bundle-one-off-purchase\/\" \/>\n<meta property=\"og:locale\" content=\"fr_FR\" \/>\n<meta property=\"og:type\" content=\"article\" \/>\n<meta property=\"og:title\" content=\"Grizzly Adam Beard Care Bundle With Wooden Comb - Everything you need to grow and maintain a healthy beard. - Grizzly Adam\" \/>\n<meta property=\"og:description\" content=\"This TRIO Bundle of Beard Care products would cost over \u00a370 if all purchased separately - SAVE 33% when you purchase our Beard oil, Beard Balm and Beard Shampoo Together!\" \/>\n<meta property=\"og:url\" content=\"https:\/\/grizzlyadam.co.uk\/fr\/produit\/grizzly-adam-beard-care-bundle-one-off-purchase\/\" \/>\n<meta property=\"og:site_name\" content=\"Grizzly Adam\" \/>\n<meta property=\"article:publisher\" content=\"https:\/\/www.facebook.com\/grizzlyadamuk\" \/>\n<meta property=\"article:modified_time\" content=\"2024-08-28T05:43:14+00:00\" \/>\n<meta property=\"og:image\" content=\"https:\/\/project1-mke5mv4jgx.live-website.com\/wp-content\/uploads\/2017\/02\/trio-comb.png\" \/>\n\t<meta property=\"og:image:width\" content=\"640\" \/>\n\t<meta property=\"og:image:height\" content=\"412\" \/>\n\t<meta property=\"og:image:type\" content=\"image\/png\" \/>\n<meta name=\"twitter:card\" content=\"summary_large_image\" \/>\n<meta name=\"twitter:site\" content=\"@grizzlyadamuk\" \/>\n<meta name=\"twitter:label1\" content=\"Dur\u00e9e de lecture estim\u00e9e\" \/>\n\t<meta name=\"twitter:data1\" content=\"2 minutes\" \/>\n<script type=\"application\/ld+json\" class=\"yoast-schema-graph\">{\"@context\":\"https:\/\/schema.org\",\"@graph\":[{\"@type\":\"WebPage\",\"@id\":\"https:\/\/grizzlyadam.co.uk\/product\/grizzly-adam-beard-care-bundle-one-off-purchase\/\",\"url\":\"https:\/\/grizzlyadam.co.uk\/product\/grizzly-adam-beard-care-bundle-one-off-purchase\/\",\"name\":\"Grizzly Adam Beard Care Bundle With Wooden Comb - Everything you need to grow and maintain a healthy beard. - Grizzly Adam\",\"isPartOf\":{\"@id\":\"https:\/\/project1-mke5mv4jgx.live-website.com\/#website\"},\"primaryImageOfPage\":{\"@id\":\"https:\/\/grizzlyadam.co.uk\/product\/grizzly-adam-beard-care-bundle-one-off-purchase\/#primaryimage\"},\"image\":{\"@id\":\"https:\/\/grizzlyadam.co.uk\/product\/grizzly-adam-beard-care-bundle-one-off-purchase\/#primaryimage\"},\"thumbnailUrl\":\"https:\/\/grizzlyadam.co.uk\/wp-content\/uploads\/2017\/02\/trio-comb.png\",\"datePublished\":\"2017-02-24T19:48:31+00:00\",\"dateModified\":\"2024-08-28T05:43:14+00:00\",\"description\":\"This TRIO Bundle of Beard Care products would cost over \u00a370 if all purchased separately - SAVE 33% when you purchase our Beard oil, Beard Balm and Beard Shampoo Together!\",\"breadcrumb\":{\"@id\":\"https:\/\/grizzlyadam.co.uk\/product\/grizzly-adam-beard-care-bundle-one-off-purchase\/#breadcrumb\"},\"inLanguage\":\"fr-FR\",\"potentialAction\":[{\"@type\":\"ReadAction\",\"target\":[\"https:\/\/grizzlyadam.co.uk\/product\/grizzly-adam-beard-care-bundle-one-off-purchase\/\"]}]},{\"@type\":\"ImageObject\",\"inLanguage\":\"fr-FR\",\"@id\":\"https:\/\/grizzlyadam.co.uk\/product\/grizzly-adam-beard-care-bundle-one-off-purchase\/#primaryimage\",\"url\":\"https:\/\/grizzlyadam.co.uk\/wp-content\/uploads\/2017\/02\/trio-comb.png\",\"contentUrl\":\"https:\/\/grizzlyadam.co.uk\/wp-content\/uploads\/2017\/02\/trio-comb.png\",\"width\":640,\"height\":412},{\"@type\":\"BreadcrumbList\",\"@id\":\"https:\/\/grizzlyadam.co.uk\/product\/grizzly-adam-beard-care-bundle-one-off-purchase\/#breadcrumb\",\"itemListElement\":[{\"@type\":\"ListItem\",\"position\":1,\"name\":\"Home\",\"item\":\"https:\/\/grizzlyadam.co.uk\/\"},{\"@type\":\"ListItem\",\"position\":2,\"name\":\"Shop\",\"item\":\"https:\/\/project1-mke5mv4jgx.live-website.com\/shop\/\"},{\"@type\":\"ListItem\",\"position\":3,\"name\":\"Grizzly Adam Beard Care Bundle With Wooden Comb &#8211; Everything you need to grow and maintain a healthy beard.\"}]},{\"@type\":\"WebSite\",\"@id\":\"https:\/\/project1-mke5mv4jgx.live-website.com\/#website\",\"url\":\"https:\/\/project1-mke5mv4jgx.live-website.com\/\",\"name\":\"Grizzly Adam\",\"description\":\"Beard Oil And Grooming Products For Gentlemen\",\"publisher\":{\"@id\":\"https:\/\/project1-mke5mv4jgx.live-website.com\/#organization\"},\"potentialAction\":[{\"@type\":\"SearchAction\",\"target\":{\"@type\":\"EntryPoint\",\"urlTemplate\":\"https:\/\/project1-mke5mv4jgx.live-website.com\/?s={search_term_string}\"},\"query-input\":{\"@type\":\"PropertyValueSpecification\",\"valueRequired\":true,\"valueName\":\"search_term_string\"}}],\"inLanguage\":\"fr-FR\"},{\"@type\":\"Organization\",\"@id\":\"https:\/\/project1-mke5mv4jgx.live-website.com\/#organization\",\"name\":\"GRIZZLY ADAM\",\"url\":\"https:\/\/project1-mke5mv4jgx.live-website.com\/\",\"logo\":{\"@type\":\"ImageObject\",\"inLanguage\":\"fr-FR\",\"@id\":\"https:\/\/project1-mke5mv4jgx.live-website.com\/#\/schema\/logo\/image\/\",\"url\":\"https:\/\/grizzlyadam.co.uk\/wp-content\/uploads\/2019\/11\/gadamlogo.png\",\"contentUrl\":\"https:\/\/grizzlyadam.co.uk\/wp-content\/uploads\/2019\/11\/gadamlogo.png\",\"width\":\"200\",\"height\":\"200\",\"caption\":\"GRIZZLY ADAM\"},\"image\":{\"@id\":\"https:\/\/project1-mke5mv4jgx.live-website.com\/#\/schema\/logo\/image\/\"},\"sameAs\":[\"https:\/\/www.facebook.com\/grizzlyadamuk\",\"https:\/\/x.com\/grizzlyadamuk\",\"https:\/\/www.instagram.com\/grizzlyadamuk\/\"]}]}<\/script>\n<!-- \/ Yoast SEO plugin. -->","yoast_head_json":{"title":"Grizzly Adam Beard Care Bundle With Wooden Comb - Everything you need to grow and maintain a healthy beard. - Grizzly Adam","description":"This TRIO Bundle of Beard Care products would cost over \u00a370 if all purchased separately - SAVE 33% when you purchase our Beard oil, Beard Balm and Beard Shampoo Together!","robots":{"index":"index","follow":"follow","max-snippet":"max-snippet:-1","max-image-preview":"max-image-preview:large","max-video-preview":"max-video-preview:-1"},"canonical":"https:\/\/grizzlyadam.co.uk\/fr\/produit\/grizzly-adam-beard-care-bundle-one-off-purchase\/","og_locale":"fr_FR","og_type":"article","og_title":"Grizzly Adam Beard Care Bundle With Wooden Comb - Everything you need to grow and maintain a healthy beard. - Grizzly Adam","og_description":"This TRIO Bundle of Beard Care products would cost over \u00a370 if all purchased separately - SAVE 33% when you purchase our Beard oil, Beard Balm and Beard Shampoo Together!","og_url":"https:\/\/grizzlyadam.co.uk\/fr\/produit\/grizzly-adam-beard-care-bundle-one-off-purchase\/","og_site_name":"Grizzly Adam","article_publisher":"https:\/\/www.facebook.com\/grizzlyadamuk","article_modified_time":"2024-08-28T05:43:14+00:00","og_image":[{"width":640,"height":412,"url":"https:\/\/project1-mke5mv4jgx.live-website.com\/wp-content\/uploads\/2017\/02\/trio-comb.png","type":"image\/png"}],"twitter_card":"summary_large_image","twitter_site":"@grizzlyadamuk","twitter_misc":{"Dur\u00e9e de lecture estim\u00e9e":"2 minutes"},"schema":{"@context":"https:\/\/schema.org","@graph":[{"@type":"WebPage","@id":"https:\/\/grizzlyadam.co.uk\/product\/grizzly-adam-beard-care-bundle-one-off-purchase\/","url":"https:\/\/grizzlyadam.co.uk\/product\/grizzly-adam-beard-care-bundle-one-off-purchase\/","name":"Grizzly Adam Beard Care Bundle With Wooden Comb - Everything you need to grow and maintain a healthy beard. - Grizzly Adam","isPartOf":{"@id":"https:\/\/project1-mke5mv4jgx.live-website.com\/#website"},"primaryImageOfPage":{"@id":"https:\/\/grizzlyadam.co.uk\/product\/grizzly-adam-beard-care-bundle-one-off-purchase\/#primaryimage"},"image":{"@id":"https:\/\/grizzlyadam.co.uk\/product\/grizzly-adam-beard-care-bundle-one-off-purchase\/#primaryimage"},"thumbnailUrl":"https:\/\/grizzlyadam.co.uk\/wp-content\/uploads\/2017\/02\/trio-comb.png","datePublished":"2017-02-24T19:48:31+00:00","dateModified":"2024-08-28T05:43:14+00:00","description":"This TRIO Bundle of Beard Care products would cost over \u00a370 if all purchased separately - SAVE 33% when you purchase our Beard oil, Beard Balm and Beard Shampoo Together!","breadcrumb":{"@id":"https:\/\/grizzlyadam.co.uk\/product\/grizzly-adam-beard-care-bundle-one-off-purchase\/#breadcrumb"},"inLanguage":"fr-FR","potentialAction":[{"@type":"ReadAction","target":["https:\/\/grizzlyadam.co.uk\/product\/grizzly-adam-beard-care-bundle-one-off-purchase\/"]}]},{"@type":"ImageObject","inLanguage":"fr-FR","@id":"https:\/\/grizzlyadam.co.uk\/product\/grizzly-adam-beard-care-bundle-one-off-purchase\/#primaryimage","url":"https:\/\/grizzlyadam.co.uk\/wp-content\/uploads\/2017\/02\/trio-comb.png","contentUrl":"https:\/\/grizzlyadam.co.uk\/wp-content\/uploads\/2017\/02\/trio-comb.png","width":640,"height":412},{"@type":"BreadcrumbList","@id":"https:\/\/grizzlyadam.co.uk\/product\/grizzly-adam-beard-care-bundle-one-off-purchase\/#breadcrumb","itemListElement":[{"@type":"ListItem","position":1,"name":"Home","item":"https:\/\/grizzlyadam.co.uk\/"},{"@type":"ListItem","position":2,"name":"Shop","item":"https:\/\/project1-mke5mv4jgx.live-website.com\/shop\/"},{"@type":"ListItem","position":3,"name":"Grizzly Adam Beard Care Bundle With Wooden Comb &#8211; Everything you need to grow and maintain a healthy beard."}]},{"@type":"WebSite","@id":"https:\/\/project1-mke5mv4jgx.live-website.com\/#website","url":"https:\/\/project1-mke5mv4jgx.live-website.com\/","name":"Grizzly Adam","description":"Huile \u00e0 barbe et produits de toilettage pour hommes","publisher":{"@id":"https:\/\/project1-mke5mv4jgx.live-website.com\/#organization"},"potentialAction":[{"@type":"SearchAction","target":{"@type":"EntryPoint","urlTemplate":"https:\/\/project1-mke5mv4jgx.live-website.com\/?s={search_term_string}"},"query-input":{"@type":"PropertyValueSpecification","valueRequired":true,"valueName":"search_term_string"}}],"inLanguage":"fr-FR"},{"@type":"Organization","@id":"https:\/\/project1-mke5mv4jgx.live-website.com\/#organization","name":"GRIZZLY ADAM","url":"https:\/\/project1-mke5mv4jgx.live-website.com\/","logo":{"@type":"ImageObject","inLanguage":"fr-FR","@id":"https:\/\/project1-mke5mv4jgx.live-website.com\/#\/schema\/logo\/image\/","url":"https:\/\/grizzlyadam.co.uk\/wp-content\/uploads\/2019\/11\/gadamlogo.png","contentUrl":"https:\/\/grizzlyadam.co.uk\/wp-content\/uploads\/2019\/11\/gadamlogo.png","width":"200","height":"200","caption":"GRIZZLY ADAM"},"image":{"@id":"https:\/\/project1-mke5mv4jgx.live-website.com\/#\/schema\/logo\/image\/"},"sameAs":["https:\/\/www.facebook.com\/grizzlyadamuk","https:\/\/x.com\/grizzlyadamuk","https:\/\/www.instagram.com\/grizzlyadamuk\/"]}]}},"df_price":59.99,"df_sale_price":59.99,"df_regular_price":69.99,"df_image_link":"https:\/\/grizzlyadam.co.uk\/wp-content\/uploads\/2017\/02\/trio-comb-300x193.png","_links":{"self":[{"href":"https:\/\/grizzlyadam.co.uk\/fr\/wp-json\/wp\/v2\/product\/3746","targetHints":{"allow":["GET"]}}],"collection":[{"href":"https:\/\/grizzlyadam.co.uk\/fr\/wp-json\/wp\/v2\/product"}],"about":[{"href":"https:\/\/grizzlyadam.co.uk\/fr\/wp-json\/wp\/v2\/types\/product"}],"replies":[{"embeddable":true,"href":"https:\/\/grizzlyadam.co.uk\/fr\/wp-json\/wp\/v2\/comments?post=3746"}],"wp:featuredmedia":[{"embeddable":true,"href":"https:\/\/grizzlyadam.co.uk\/fr\/wp-json\/wp\/v2\/media\/11564"}],"wp:attachment":[{"href":"https:\/\/grizzlyadam.co.uk\/fr\/wp-json\/wp\/v2\/media?parent=3746"}],"wp:term":[{"taxonomy":"product_brand","embeddable":true,"href":"https:\/\/grizzlyadam.co.uk\/fr\/wp-json\/wp\/v2\/product_brand?post=3746"},{"taxonomy":"product_cat","embeddable":true,"href":"https:\/\/grizzlyadam.co.uk\/fr\/wp-json\/wp\/v2\/product_cat?post=3746"},{"taxonomy":"product_tag","embeddable":true,"href":"https:\/\/grizzlyadam.co.uk\/fr\/wp-json\/wp\/v2\/product_tag?post=3746"}],"curies":[{"name":"wp","href":"https:\/\/api.w.org\/{rel}","templated":true}]}}