{"id":3738,"date":"2017-02-23T11:03:26","date_gmt":"2017-02-23T11:03:26","guid":{"rendered":"https:\/\/grizzlyadam.co.uk\/product\/grizzly-adam-beard-wash\/"},"modified":"2025-12-06T10:37:35","modified_gmt":"2025-12-06T10:37:35","slug":"grizzly-adam-beard-wash","status":"publish","type":"product","link":"https:\/\/grizzlyadam.co.uk\/fr\/produit\/grizzly-adam-beard-wash\/","title":{"rendered":"Grizzly Adam Beard Wash - Acheter le meilleur shampooing \u00e0 barbe en ligne"},"content":{"rendered":"<p style=\"text-align: left;\">Le shampoing \u00e0 barbe Grizzly Adam est compos\u00e9 de plus de 80% d'ingr\u00e9dients biologiques et est exempt de parab\u00e8nes et de sulfates.<\/p>\n<p style=\"text-align: left;\"><b>Ce nettoyant pour barbe nettoie en profondeur votre barbe, naturellement, sans la d\u00e9pouiller de ses huiles naturelles comme le fait un shampooing ordinaire.<\/b><\/p>\n<p style=\"text-align: left;\"><b>Ingr\u00e9dients :<\/b><br \/>\nAqua (Eau), Decyl Glucoside, Lauryl Betaine, Betaine, Cedrus Atlantica (Cedarwood) Oil, Citrus Aurantifolia (Lime) Oil, Xanthan Gum, Aloe Barbadensis (Aloe Vera) leaf juice, Phenoxyethanol, Citric Acid, Benzoic Acid, Dehydroacetic Acid Limonene* Citral* *Naturellement pr\u00e9sent dans les huiles essentielles.<\/p>\n<p><b>Directions :<\/b><br \/>\nNettoyez la zone barbue avec de l'eau, puis massez une petite quantit\u00e9 de shampooing pour barbe dans la barbe. Rincez \u00e0 l'eau. Nos experts recommandent de ne pas d\u00e9passer deux fois par semaine.<\/p>\n<p><b>Avis de non-responsabilit\u00e9<\/b><br \/>\nGrizzly Adam\u00ae est une marque d\u00e9pos\u00e9e de TN Health LTD et un membre du programme Brand registry sur Amazon. Tous nos produits sont 100% authentiques.<\/p>\n<p style=\"text-align: left;\">Notre nettoyant pour barbe nettoie d\u00e9licatement les poils du visage et la peau vuln\u00e9rable qui se trouve en dessous, laissant la barbe et le visage propres, doux, faciles \u00e0 coiffer et sentant merveilleusement bon.<\/p>\n<p style=\"text-align: left;\">Les hommes qui portent une barbe, quelle que soit sa taille, peuvent rencontrer de nombreux probl\u00e8mes. Tout d'abord, l'utilisation de shampooings pour cheveux sur la barbe peut rendre la peau du dessous tr\u00e8s s\u00e8che.<\/p>\n<p style=\"text-align: left;\">Certains hommes nettoient \u00e9galement leur barbe avec du savon pour le visage et des gels douche, mais comme la barbe est directement expos\u00e9e aux aliments, aux boissons et aux produits du tabac, elle m\u00e9rite d'\u00eatre mieux trait\u00e9e.<\/p>\n<p>&nbsp;<\/p>\n<table>\n<thead>\n<tr>\n<th>Caract\u00e9ristiques<\/th>\n<th>Avantages<\/th>\n<th>Douleur r\u00e9solue<\/th>\n<\/tr>\n<\/thead>\n<tbody>\n<tr>\n<td>Formule naturelle<\/td>\n<td>Doux pour la peau et la barbe<\/td>\n<td>\u00c9vite les produits chimiques agressifs<\/td>\n<\/tr>\n<tr>\n<td>Pas de SLS<\/td>\n<td>Pas de s\u00e9cheresse ni de flocons<\/td>\n<td>Pr\u00e9vient les d\u00e9mangeaisons et les irritations<\/td>\n<\/tr>\n<tr>\n<td>Nettoyage en profondeur<\/td>\n<td>\u00c9limine la salet\u00e9 et la crasse<\/td>\n<td>Garde la barbe propre et fra\u00eeche<\/td>\n<\/tr>\n<tr>\n<td>Adoucit la barbe<\/td>\n<td>Favorise une croissance saine des cheveux<\/td>\n<td>R\u00e9duit les cassures et les pointes fourchues<\/td>\n<\/tr>\n<tr>\n<td>Odeur agr\u00e9able<\/td>\n<td>Laisse une bonne odeur \u00e0 la barbe<\/td>\n<td>Am\u00e9liore l'exp\u00e9rience globale du toilettage<\/td>\n<\/tr>\n<\/tbody>\n<\/table>","protected":false},"excerpt":{"rendered":"<div id=\"fbExpandableSectionContent\" class=\"a-section a-spacing-none expandableSection\">\n<ul class=\"a-vertical a-spacing-none collapsedFeatureBullets\">\n<li class=\"showHiddenFeatureBullets\"><span class=\"a-list-item\"><strong>ADOUCIT LA BARBE<\/strong>: Adoucit votre duvet facial avec des ingr\u00e9dients naturels - Un shampooing et un lavage doux pour la barbe, formul\u00e9s sp\u00e9cifiquement pour votre barbe et votre moustache.<\/span><\/li>\n<li class=\"showHiddenFeatureBullets\"><span class=\"a-list-item\"><strong>UNE BONNE ODEUR<\/strong>: Le parfum de citron vert ajoute un ar\u00f4me rafra\u00eechissant \u00e0 toute barbe lustr\u00e9e.<\/span><\/li>\n<li class=\"showHiddenFeatureBullets\"><span class=\"a-list-item\"><strong>NETTOYER<\/strong>: Rincez vos poils du visage sans enlever les huiles capillaires naturelles ni irriter votre peau.<\/span><\/li>\n<li class=\"showHiddenFeatureBullets\"><span class=\"a-list-item\"><strong>R\u00c9DUIRE LES D\u00c9MANGEAISONS<\/strong>: Id\u00e9al pour les hommes qui souffrent de d\u00e9mangeaisons et de pellicules de barbe.<\/span><\/li>\n<\/ul>\n<p class=\"mb-2 mt-6 text-lg first:mt-3\">\n<\/div>","protected":false},"featured_media":2182,"comment_status":"closed","ping_status":"closed","template":"","meta":[],"product_brand":[],"product_cat":[70,177],"product_tag":[],"class_list":{"0":"post-3738","1":"product","2":"type-product","3":"status-publish","4":"has-post-thumbnail","6":"product_cat-beard-wash","7":"product_cat-subscription","9":"first","10":"instock","11":"taxable","12":"shipping-taxable","13":"purchasable","14":"product-type-simple"},"yoast_head":"<!-- This site is optimized with the Yoast SEO plugin v27.4 - https:\/\/yoast.com\/product\/yoast-seo-wordpress\/ -->\n<title>Grizzly Adam Beard Wash - Buy the Best Beard Shampoo Online - Grizzly Adam<\/title>\n<meta name=\"description\" content=\"Unleash the power of nature on your facial fuzz with Grizzly Adam Beard Shampoo. Experience the ultimate in softness and manageability with our blend of natural ingredients. Specially crafted for your beard and mustache, our gentle shampoo and wash provide the perfect grooming solution for the modern man\" \/>\n<meta name=\"robots\" content=\"index, follow, max-snippet:-1, max-image-preview:large, max-video-preview:-1\" \/>\n<link rel=\"canonical\" href=\"https:\/\/grizzlyadam.co.uk\/fr\/produit\/grizzly-adam-beard-wash\/\" \/>\n<meta property=\"og:locale\" content=\"fr_FR\" \/>\n<meta property=\"og:type\" content=\"article\" \/>\n<meta property=\"og:title\" content=\"Grizzly Adam Beard Wash - Buy the Best Beard Shampoo Online - Grizzly Adam\" \/>\n<meta property=\"og:description\" content=\"Unleash the power of nature on your facial fuzz with Grizzly Adam Beard Shampoo. Experience the ultimate in softness and manageability with our blend of natural ingredients. Specially crafted for your beard and mustache, our gentle shampoo and wash provide the perfect grooming solution for the modern man\" \/>\n<meta property=\"og:url\" content=\"https:\/\/grizzlyadam.co.uk\/fr\/produit\/grizzly-adam-beard-wash\/\" \/>\n<meta property=\"og:site_name\" content=\"Grizzly Adam\" \/>\n<meta property=\"article:publisher\" content=\"https:\/\/www.facebook.com\/grizzlyadamuk\" \/>\n<meta property=\"article:modified_time\" content=\"2025-12-06T10:37:35+00:00\" \/>\n<meta property=\"og:image\" content=\"https:\/\/grizzlyadam.co.uk\/wp-content\/uploads\/2017\/02\/Beardwash2.jpg\" \/>\n\t<meta property=\"og:image:width\" content=\"1200\" \/>\n\t<meta property=\"og:image:height\" content=\"1200\" \/>\n\t<meta property=\"og:image:type\" content=\"image\/jpeg\" \/>\n<meta name=\"twitter:card\" content=\"summary_large_image\" \/>\n<meta name=\"twitter:site\" content=\"@grizzlyadamuk\" \/>\n<meta name=\"twitter:label1\" content=\"Dur\u00e9e de lecture estim\u00e9e\" \/>\n\t<meta name=\"twitter:data1\" content=\"2 minutes\" \/>\n<script type=\"application\/ld+json\" class=\"yoast-schema-graph\">{\"@context\":\"https:\\\/\\\/schema.org\",\"@graph\":[{\"@type\":\"WebPage\",\"@id\":\"https:\\\/\\\/grizzlyadam.co.uk\\\/product\\\/grizzly-adam-beard-wash\\\/\",\"url\":\"https:\\\/\\\/grizzlyadam.co.uk\\\/product\\\/grizzly-adam-beard-wash\\\/\",\"name\":\"Grizzly Adam Beard Wash - Buy the Best Beard Shampoo Online - Grizzly Adam\",\"isPartOf\":{\"@id\":\"https:\\\/\\\/project1-mke5mv4jgx.live-website.com\\\/#website\"},\"primaryImageOfPage\":{\"@id\":\"https:\\\/\\\/grizzlyadam.co.uk\\\/product\\\/grizzly-adam-beard-wash\\\/#primaryimage\"},\"image\":{\"@id\":\"https:\\\/\\\/grizzlyadam.co.uk\\\/product\\\/grizzly-adam-beard-wash\\\/#primaryimage\"},\"thumbnailUrl\":\"https:\\\/\\\/grizzlyadam.co.uk\\\/wp-content\\\/uploads\\\/2017\\\/02\\\/Beardwash2.jpg\",\"datePublished\":\"2017-02-23T11:03:26+00:00\",\"dateModified\":\"2025-12-06T10:37:35+00:00\",\"description\":\"Unleash the power of nature on your facial fuzz with Grizzly Adam Beard Shampoo. Experience the ultimate in softness and manageability with our blend of natural ingredients. Specially crafted for your beard and mustache, our gentle shampoo and wash provide the perfect grooming solution for the modern man\",\"breadcrumb\":{\"@id\":\"https:\\\/\\\/grizzlyadam.co.uk\\\/product\\\/grizzly-adam-beard-wash\\\/#breadcrumb\"},\"inLanguage\":\"fr-FR\",\"potentialAction\":[{\"@type\":\"ReadAction\",\"target\":[\"https:\\\/\\\/grizzlyadam.co.uk\\\/product\\\/grizzly-adam-beard-wash\\\/\"]}]},{\"@type\":\"ImageObject\",\"inLanguage\":\"fr-FR\",\"@id\":\"https:\\\/\\\/grizzlyadam.co.uk\\\/product\\\/grizzly-adam-beard-wash\\\/#primaryimage\",\"url\":\"https:\\\/\\\/grizzlyadam.co.uk\\\/wp-content\\\/uploads\\\/2017\\\/02\\\/Beardwash2.jpg\",\"contentUrl\":\"https:\\\/\\\/grizzlyadam.co.uk\\\/wp-content\\\/uploads\\\/2017\\\/02\\\/Beardwash2.jpg\",\"width\":1200,\"height\":1200},{\"@type\":\"BreadcrumbList\",\"@id\":\"https:\\\/\\\/grizzlyadam.co.uk\\\/product\\\/grizzly-adam-beard-wash\\\/#breadcrumb\",\"itemListElement\":[{\"@type\":\"ListItem\",\"position\":1,\"name\":\"Home\",\"item\":\"https:\\\/\\\/grizzlyadam.co.uk\\\/\"},{\"@type\":\"ListItem\",\"position\":2,\"name\":\"Shop\",\"item\":\"https:\\\/\\\/project1-mke5mv4jgx.live-website.com\\\/shop\\\/\"},{\"@type\":\"ListItem\",\"position\":3,\"name\":\"Grizzly Adam Beard Wash &#8211; Buy the Best Beard Shampoo Online\"}]},{\"@type\":\"WebSite\",\"@id\":\"https:\\\/\\\/project1-mke5mv4jgx.live-website.com\\\/#website\",\"url\":\"https:\\\/\\\/project1-mke5mv4jgx.live-website.com\\\/\",\"name\":\"Grizzly Adam\",\"description\":\"Beard Oil And Grooming Products For Gentlemen\",\"publisher\":{\"@id\":\"https:\\\/\\\/project1-mke5mv4jgx.live-website.com\\\/#organization\"},\"potentialAction\":[{\"@type\":\"SearchAction\",\"target\":{\"@type\":\"EntryPoint\",\"urlTemplate\":\"https:\\\/\\\/project1-mke5mv4jgx.live-website.com\\\/?s={search_term_string}\"},\"query-input\":{\"@type\":\"PropertyValueSpecification\",\"valueRequired\":true,\"valueName\":\"search_term_string\"}}],\"inLanguage\":\"fr-FR\"},{\"@type\":\"Organization\",\"@id\":\"https:\\\/\\\/project1-mke5mv4jgx.live-website.com\\\/#organization\",\"name\":\"GRIZZLY ADAM\",\"url\":\"https:\\\/\\\/project1-mke5mv4jgx.live-website.com\\\/\",\"logo\":{\"@type\":\"ImageObject\",\"inLanguage\":\"fr-FR\",\"@id\":\"https:\\\/\\\/project1-mke5mv4jgx.live-website.com\\\/#\\\/schema\\\/logo\\\/image\\\/\",\"url\":\"https:\\\/\\\/grizzlyadam.co.uk\\\/wp-content\\\/uploads\\\/2019\\\/11\\\/gadamlogo.png\",\"contentUrl\":\"https:\\\/\\\/grizzlyadam.co.uk\\\/wp-content\\\/uploads\\\/2019\\\/11\\\/gadamlogo.png\",\"width\":\"200\",\"height\":\"200\",\"caption\":\"GRIZZLY ADAM\"},\"image\":{\"@id\":\"https:\\\/\\\/project1-mke5mv4jgx.live-website.com\\\/#\\\/schema\\\/logo\\\/image\\\/\"},\"sameAs\":[\"https:\\\/\\\/www.facebook.com\\\/grizzlyadamuk\",\"https:\\\/\\\/x.com\\\/grizzlyadamuk\",\"https:\\\/\\\/www.instagram.com\\\/grizzlyadamuk\\\/\"]}]}<\/script>\n<!-- \/ Yoast SEO plugin. -->","yoast_head_json":{"title":"Grizzly Adam Beard Wash - Buy the Best Beard Shampoo Online - Grizzly Adam","description":"Unleash the power of nature on your facial fuzz with Grizzly Adam Beard Shampoo. Experience the ultimate in softness and manageability with our blend of natural ingredients. Specially crafted for your beard and mustache, our gentle shampoo and wash provide the perfect grooming solution for the modern man","robots":{"index":"index","follow":"follow","max-snippet":"max-snippet:-1","max-image-preview":"max-image-preview:large","max-video-preview":"max-video-preview:-1"},"canonical":"https:\/\/grizzlyadam.co.uk\/fr\/produit\/grizzly-adam-beard-wash\/","og_locale":"fr_FR","og_type":"article","og_title":"Grizzly Adam Beard Wash - Buy the Best Beard Shampoo Online - Grizzly Adam","og_description":"Unleash the power of nature on your facial fuzz with Grizzly Adam Beard Shampoo. Experience the ultimate in softness and manageability with our blend of natural ingredients. Specially crafted for your beard and mustache, our gentle shampoo and wash provide the perfect grooming solution for the modern man","og_url":"https:\/\/grizzlyadam.co.uk\/fr\/produit\/grizzly-adam-beard-wash\/","og_site_name":"Grizzly Adam","article_publisher":"https:\/\/www.facebook.com\/grizzlyadamuk","article_modified_time":"2025-12-06T10:37:35+00:00","og_image":[{"width":1200,"height":1200,"url":"https:\/\/grizzlyadam.co.uk\/wp-content\/uploads\/2017\/02\/Beardwash2.jpg","type":"image\/jpeg"}],"twitter_card":"summary_large_image","twitter_site":"@grizzlyadamuk","twitter_misc":{"Dur\u00e9e de lecture estim\u00e9e":"2 minutes"},"schema":{"@context":"https:\/\/schema.org","@graph":[{"@type":"WebPage","@id":"https:\/\/grizzlyadam.co.uk\/product\/grizzly-adam-beard-wash\/","url":"https:\/\/grizzlyadam.co.uk\/product\/grizzly-adam-beard-wash\/","name":"Grizzly Adam Beard Wash - Buy the Best Beard Shampoo Online - Grizzly Adam","isPartOf":{"@id":"https:\/\/project1-mke5mv4jgx.live-website.com\/#website"},"primaryImageOfPage":{"@id":"https:\/\/grizzlyadam.co.uk\/product\/grizzly-adam-beard-wash\/#primaryimage"},"image":{"@id":"https:\/\/grizzlyadam.co.uk\/product\/grizzly-adam-beard-wash\/#primaryimage"},"thumbnailUrl":"https:\/\/grizzlyadam.co.uk\/wp-content\/uploads\/2017\/02\/Beardwash2.jpg","datePublished":"2017-02-23T11:03:26+00:00","dateModified":"2025-12-06T10:37:35+00:00","description":"Unleash the power of nature on your facial fuzz with Grizzly Adam Beard Shampoo. Experience the ultimate in softness and manageability with our blend of natural ingredients. Specially crafted for your beard and mustache, our gentle shampoo and wash provide the perfect grooming solution for the modern man","breadcrumb":{"@id":"https:\/\/grizzlyadam.co.uk\/product\/grizzly-adam-beard-wash\/#breadcrumb"},"inLanguage":"fr-FR","potentialAction":[{"@type":"ReadAction","target":["https:\/\/grizzlyadam.co.uk\/product\/grizzly-adam-beard-wash\/"]}]},{"@type":"ImageObject","inLanguage":"fr-FR","@id":"https:\/\/grizzlyadam.co.uk\/product\/grizzly-adam-beard-wash\/#primaryimage","url":"https:\/\/grizzlyadam.co.uk\/wp-content\/uploads\/2017\/02\/Beardwash2.jpg","contentUrl":"https:\/\/grizzlyadam.co.uk\/wp-content\/uploads\/2017\/02\/Beardwash2.jpg","width":1200,"height":1200},{"@type":"BreadcrumbList","@id":"https:\/\/grizzlyadam.co.uk\/product\/grizzly-adam-beard-wash\/#breadcrumb","itemListElement":[{"@type":"ListItem","position":1,"name":"Home","item":"https:\/\/grizzlyadam.co.uk\/"},{"@type":"ListItem","position":2,"name":"Shop","item":"https:\/\/project1-mke5mv4jgx.live-website.com\/shop\/"},{"@type":"ListItem","position":3,"name":"Grizzly Adam Beard Wash &#8211; Buy the Best Beard Shampoo Online"}]},{"@type":"WebSite","@id":"https:\/\/project1-mke5mv4jgx.live-website.com\/#website","url":"https:\/\/project1-mke5mv4jgx.live-website.com\/","name":"Grizzly Adam","description":"Huile \u00e0 barbe et produits de toilettage pour hommes","publisher":{"@id":"https:\/\/project1-mke5mv4jgx.live-website.com\/#organization"},"potentialAction":[{"@type":"SearchAction","target":{"@type":"EntryPoint","urlTemplate":"https:\/\/project1-mke5mv4jgx.live-website.com\/?s={search_term_string}"},"query-input":{"@type":"PropertyValueSpecification","valueRequired":true,"valueName":"search_term_string"}}],"inLanguage":"fr-FR"},{"@type":"Organization","@id":"https:\/\/project1-mke5mv4jgx.live-website.com\/#organization","name":"GRIZZLY ADAM","url":"https:\/\/project1-mke5mv4jgx.live-website.com\/","logo":{"@type":"ImageObject","inLanguage":"fr-FR","@id":"https:\/\/project1-mke5mv4jgx.live-website.com\/#\/schema\/logo\/image\/","url":"https:\/\/grizzlyadam.co.uk\/wp-content\/uploads\/2019\/11\/gadamlogo.png","contentUrl":"https:\/\/grizzlyadam.co.uk\/wp-content\/uploads\/2019\/11\/gadamlogo.png","width":"200","height":"200","caption":"GRIZZLY ADAM"},"image":{"@id":"https:\/\/project1-mke5mv4jgx.live-website.com\/#\/schema\/logo\/image\/"},"sameAs":["https:\/\/www.facebook.com\/grizzlyadamuk","https:\/\/x.com\/grizzlyadamuk","https:\/\/www.instagram.com\/grizzlyadamuk\/"]}]}},"df_price":17.99,"df_sale_price":"","df_regular_price":17.99,"df_image_link":"https:\/\/grizzlyadam.co.uk\/wp-content\/uploads\/2017\/02\/Beardwash2-300x300.jpg","_links":{"self":[{"href":"https:\/\/grizzlyadam.co.uk\/fr\/wp-json\/wp\/v2\/product\/3738","targetHints":{"allow":["GET"]}}],"collection":[{"href":"https:\/\/grizzlyadam.co.uk\/fr\/wp-json\/wp\/v2\/product"}],"about":[{"href":"https:\/\/grizzlyadam.co.uk\/fr\/wp-json\/wp\/v2\/types\/product"}],"replies":[{"embeddable":true,"href":"https:\/\/grizzlyadam.co.uk\/fr\/wp-json\/wp\/v2\/comments?post=3738"}],"wp:featuredmedia":[{"embeddable":true,"href":"https:\/\/grizzlyadam.co.uk\/fr\/wp-json\/wp\/v2\/media\/2182"}],"wp:attachment":[{"href":"https:\/\/grizzlyadam.co.uk\/fr\/wp-json\/wp\/v2\/media?parent=3738"}],"wp:term":[{"taxonomy":"product_brand","embeddable":true,"href":"https:\/\/grizzlyadam.co.uk\/fr\/wp-json\/wp\/v2\/product_brand?post=3738"},{"taxonomy":"product_cat","embeddable":true,"href":"https:\/\/grizzlyadam.co.uk\/fr\/wp-json\/wp\/v2\/product_cat?post=3738"},{"taxonomy":"product_tag","embeddable":true,"href":"https:\/\/grizzlyadam.co.uk\/fr\/wp-json\/wp\/v2\/product_tag?post=3738"}],"curies":[{"name":"wp","href":"https:\/\/api.w.org\/{rel}","templated":true}]}}