{"id":31766,"date":"2021-02-19T18:59:05","date_gmt":"2021-02-19T18:59:05","guid":{"rendered":"https:\/\/grizzlyadam.co.uk\/?post_type=product&#038;p=31766"},"modified":"2026-02-10T09:09:02","modified_gmt":"2026-02-10T09:09:02","slug":"beard-bib-beard-cape-hair-clippings-apron","status":"publish","type":"product","link":"https:\/\/grizzlyadam.co.uk\/fr\/produit\/beard-bib-beard-cape-hair-clippings-apron\/","title":{"rendered":"Bavoir \u00e0 barbe Cape \u00e0 barbe - Tablier pour tondre les cheveux"},"content":{"rendered":"<p>Vous en avez assez de la quantit\u00e9 de poils de barbe qui s'\u00e9coulent dans votre lavabo apr\u00e8s chaque rasage ? Peut-\u00eatre s'agit-il des restes de barbe de votre partenaire qui restent intacts dans le rebord de votre \u00e9vier habituellement \u00e9tincelant de propret\u00e9 ? Si vous connaissez quelqu'un qui a une barbe de bonne taille et qui a besoin d'une solution de nettoyage facile apr\u00e8s le rasage, ce bavoir de rasage de Grizzly Adam est le cadeau id\u00e9al pour lui.<\/p>\n<p>Dot\u00e9 de ventouses super puissantes qui retiennent tous les poils de la barbe, quelle que soit leur quantit\u00e9, ce tablier de rasage lavable attrapera tous les poils qui s'envolent lors de la coupe et permettra de gagner du temps lors du nettoyage,<\/p>","protected":false},"excerpt":{"rendered":"<ul>\n<li>Tablier \u00e0 bavette pour barbe, neuf et de haute qualit\u00e9, en pong\u00e9, doux au toucher, imperm\u00e9able, facile \u00e0 nettoyer et \u00e0 s\u00e9cher.<\/li>\n<li>Se fixe au miroir pour cr\u00e9er un grand filet de s\u00e9curit\u00e9 qui facilite le rasage et permet de garder la salle de bains propre et ordonn\u00e9e.<\/li>\n<li>Facile \u00e0 installer sur le miroir avec des ventouses \u00e0 levier pour une aspiration plus s\u00fbre.<\/li>\n<li>Gagnez du temps dans votre routine quotidienne - Plus de poils perdus dans l'\u00e9vier, sur le savon, dans la brosse \u00e0 dents...<\/li>\n<\/ul>","protected":false},"featured_media":31768,"comment_status":"closed","ping_status":"closed","template":"","meta":[],"product_brand":[],"product_cat":[71,102,207,90,214],"product_tag":[208,325,326],"class_list":{"0":"post-31766","1":"product","2":"type-product","3":"status-publish","4":"has-post-thumbnail","6":"product_cat-accessories","7":"product_cat-apparel","8":"product_cat-beard-trimming-tools","9":"product_cat-hair-care","10":"product_cat-shaving","11":"product_tag-apron","12":"product_tag-beard-trimming","13":"product_tag-shaving","15":"first","16":"instock","17":"taxable","18":"shipping-taxable","19":"purchasable","20":"product-type-variable"},"yoast_head":"<!-- This site is optimized with the Yoast SEO plugin v27.4 - https:\/\/yoast.com\/product\/yoast-seo-wordpress\/ -->\n<title>Beard Bib Beard Cape - Hair Clippings Apron - Grizzly Adam<\/title>\n<meta name=\"description\" content=\"Complete with super strong suction pads to make sure it holds all the beard hair, no matter how much is being shorn, this washable shaving apron will catch all those flyaway hairs from any trim and will save on cleaning time\" \/>\n<meta name=\"robots\" content=\"index, follow, max-snippet:-1, max-image-preview:large, max-video-preview:-1\" \/>\n<link rel=\"canonical\" href=\"https:\/\/grizzlyadam.co.uk\/fr\/produit\/beard-bib-beard-cape-hair-clippings-apron\/\" \/>\n<meta property=\"og:locale\" content=\"fr_FR\" \/>\n<meta property=\"og:type\" content=\"article\" \/>\n<meta property=\"og:title\" content=\"Beard Bib Beard Cape - Hair Clippings Apron - Grizzly Adam\" \/>\n<meta property=\"og:description\" content=\"Complete with super strong suction pads to make sure it holds all the beard hair, no matter how much is being shorn, this washable shaving apron will catch all those flyaway hairs from any trim and will save on cleaning time\" \/>\n<meta property=\"og:url\" content=\"https:\/\/grizzlyadam.co.uk\/fr\/produit\/beard-bib-beard-cape-hair-clippings-apron\/\" \/>\n<meta property=\"og:site_name\" content=\"Grizzly Adam\" \/>\n<meta property=\"article:publisher\" content=\"https:\/\/www.facebook.com\/grizzlyadamuk\" \/>\n<meta property=\"article:modified_time\" content=\"2026-02-10T09:09:02+00:00\" \/>\n<meta property=\"og:image\" content=\"https:\/\/project1-mke5mv4jgx.live-website.com\/wp-content\/uploads\/2021\/02\/beardbib-1-large.jpg\" \/>\n\t<meta property=\"og:image:width\" content=\"600\" \/>\n\t<meta property=\"og:image:height\" content=\"600\" \/>\n\t<meta property=\"og:image:type\" content=\"image\/jpeg\" \/>\n<meta name=\"twitter:card\" content=\"summary_large_image\" \/>\n<meta name=\"twitter:site\" content=\"@grizzlyadamuk\" \/>\n<meta name=\"twitter:label1\" content=\"Dur\u00e9e de lecture estim\u00e9e\" \/>\n\t<meta name=\"twitter:data1\" content=\"1 minute\" \/>\n<script type=\"application\/ld+json\" class=\"yoast-schema-graph\">{\"@context\":\"https:\\\/\\\/schema.org\",\"@graph\":[{\"@type\":\"WebPage\",\"@id\":\"https:\\\/\\\/grizzlyadam.co.uk\\\/product\\\/beard-bib-beard-cape-hair-clippings-apron\\\/\",\"url\":\"https:\\\/\\\/grizzlyadam.co.uk\\\/product\\\/beard-bib-beard-cape-hair-clippings-apron\\\/\",\"name\":\"Beard Bib Beard Cape - Hair Clippings Apron - Grizzly Adam\",\"isPartOf\":{\"@id\":\"https:\\\/\\\/project1-mke5mv4jgx.live-website.com\\\/#website\"},\"primaryImageOfPage\":{\"@id\":\"https:\\\/\\\/grizzlyadam.co.uk\\\/product\\\/beard-bib-beard-cape-hair-clippings-apron\\\/#primaryimage\"},\"image\":{\"@id\":\"https:\\\/\\\/grizzlyadam.co.uk\\\/product\\\/beard-bib-beard-cape-hair-clippings-apron\\\/#primaryimage\"},\"thumbnailUrl\":\"https:\\\/\\\/grizzlyadam.co.uk\\\/wp-content\\\/uploads\\\/2021\\\/02\\\/beardbib-1-large.jpg\",\"datePublished\":\"2021-02-19T18:59:05+00:00\",\"dateModified\":\"2026-02-10T09:09:02+00:00\",\"description\":\"Complete with super strong suction pads to make sure it holds all the beard hair, no matter how much is being shorn, this washable shaving apron will catch all those flyaway hairs from any trim and will save on cleaning time\",\"breadcrumb\":{\"@id\":\"https:\\\/\\\/grizzlyadam.co.uk\\\/product\\\/beard-bib-beard-cape-hair-clippings-apron\\\/#breadcrumb\"},\"inLanguage\":\"fr-FR\",\"potentialAction\":[{\"@type\":\"ReadAction\",\"target\":[\"https:\\\/\\\/grizzlyadam.co.uk\\\/product\\\/beard-bib-beard-cape-hair-clippings-apron\\\/\"]}]},{\"@type\":\"ImageObject\",\"inLanguage\":\"fr-FR\",\"@id\":\"https:\\\/\\\/grizzlyadam.co.uk\\\/product\\\/beard-bib-beard-cape-hair-clippings-apron\\\/#primaryimage\",\"url\":\"https:\\\/\\\/grizzlyadam.co.uk\\\/wp-content\\\/uploads\\\/2021\\\/02\\\/beardbib-1-large.jpg\",\"contentUrl\":\"https:\\\/\\\/grizzlyadam.co.uk\\\/wp-content\\\/uploads\\\/2021\\\/02\\\/beardbib-1-large.jpg\",\"width\":600,\"height\":600},{\"@type\":\"BreadcrumbList\",\"@id\":\"https:\\\/\\\/grizzlyadam.co.uk\\\/product\\\/beard-bib-beard-cape-hair-clippings-apron\\\/#breadcrumb\",\"itemListElement\":[{\"@type\":\"ListItem\",\"position\":1,\"name\":\"Home\",\"item\":\"https:\\\/\\\/grizzlyadam.co.uk\\\/\"},{\"@type\":\"ListItem\",\"position\":2,\"name\":\"Shop\",\"item\":\"https:\\\/\\\/project1-mke5mv4jgx.live-website.com\\\/shop\\\/\"},{\"@type\":\"ListItem\",\"position\":3,\"name\":\"Beard Bib Beard Cape &#8211; Hair Clippings Apron\"}]},{\"@type\":\"WebSite\",\"@id\":\"https:\\\/\\\/project1-mke5mv4jgx.live-website.com\\\/#website\",\"url\":\"https:\\\/\\\/project1-mke5mv4jgx.live-website.com\\\/\",\"name\":\"Grizzly Adam\",\"description\":\"Beard Oil And Grooming Products For Gentlemen\",\"publisher\":{\"@id\":\"https:\\\/\\\/project1-mke5mv4jgx.live-website.com\\\/#organization\"},\"potentialAction\":[{\"@type\":\"SearchAction\",\"target\":{\"@type\":\"EntryPoint\",\"urlTemplate\":\"https:\\\/\\\/project1-mke5mv4jgx.live-website.com\\\/?s={search_term_string}\"},\"query-input\":{\"@type\":\"PropertyValueSpecification\",\"valueRequired\":true,\"valueName\":\"search_term_string\"}}],\"inLanguage\":\"fr-FR\"},{\"@type\":\"Organization\",\"@id\":\"https:\\\/\\\/project1-mke5mv4jgx.live-website.com\\\/#organization\",\"name\":\"GRIZZLY ADAM\",\"url\":\"https:\\\/\\\/project1-mke5mv4jgx.live-website.com\\\/\",\"logo\":{\"@type\":\"ImageObject\",\"inLanguage\":\"fr-FR\",\"@id\":\"https:\\\/\\\/project1-mke5mv4jgx.live-website.com\\\/#\\\/schema\\\/logo\\\/image\\\/\",\"url\":\"https:\\\/\\\/grizzlyadam.co.uk\\\/wp-content\\\/uploads\\\/2019\\\/11\\\/gadamlogo.png\",\"contentUrl\":\"https:\\\/\\\/grizzlyadam.co.uk\\\/wp-content\\\/uploads\\\/2019\\\/11\\\/gadamlogo.png\",\"width\":\"200\",\"height\":\"200\",\"caption\":\"GRIZZLY ADAM\"},\"image\":{\"@id\":\"https:\\\/\\\/project1-mke5mv4jgx.live-website.com\\\/#\\\/schema\\\/logo\\\/image\\\/\"},\"sameAs\":[\"https:\\\/\\\/www.facebook.com\\\/grizzlyadamuk\",\"https:\\\/\\\/x.com\\\/grizzlyadamuk\",\"https:\\\/\\\/www.instagram.com\\\/grizzlyadamuk\\\/\"]}]}<\/script>\n<!-- \/ Yoast SEO plugin. -->","yoast_head_json":{"title":"Beard Bib Beard Cape - Hair Clippings Apron - Grizzly Adam","description":"Complete with super strong suction pads to make sure it holds all the beard hair, no matter how much is being shorn, this washable shaving apron will catch all those flyaway hairs from any trim and will save on cleaning time","robots":{"index":"index","follow":"follow","max-snippet":"max-snippet:-1","max-image-preview":"max-image-preview:large","max-video-preview":"max-video-preview:-1"},"canonical":"https:\/\/grizzlyadam.co.uk\/fr\/produit\/beard-bib-beard-cape-hair-clippings-apron\/","og_locale":"fr_FR","og_type":"article","og_title":"Beard Bib Beard Cape - Hair Clippings Apron - Grizzly Adam","og_description":"Complete with super strong suction pads to make sure it holds all the beard hair, no matter how much is being shorn, this washable shaving apron will catch all those flyaway hairs from any trim and will save on cleaning time","og_url":"https:\/\/grizzlyadam.co.uk\/fr\/produit\/beard-bib-beard-cape-hair-clippings-apron\/","og_site_name":"Grizzly Adam","article_publisher":"https:\/\/www.facebook.com\/grizzlyadamuk","article_modified_time":"2026-02-10T09:09:02+00:00","og_image":[{"width":600,"height":600,"url":"https:\/\/project1-mke5mv4jgx.live-website.com\/wp-content\/uploads\/2021\/02\/beardbib-1-large.jpg","type":"image\/jpeg"}],"twitter_card":"summary_large_image","twitter_site":"@grizzlyadamuk","twitter_misc":{"Dur\u00e9e de lecture estim\u00e9e":"1 minute"},"schema":{"@context":"https:\/\/schema.org","@graph":[{"@type":"WebPage","@id":"https:\/\/grizzlyadam.co.uk\/product\/beard-bib-beard-cape-hair-clippings-apron\/","url":"https:\/\/grizzlyadam.co.uk\/product\/beard-bib-beard-cape-hair-clippings-apron\/","name":"Beard Bib Beard Cape - Hair Clippings Apron - Grizzly Adam","isPartOf":{"@id":"https:\/\/project1-mke5mv4jgx.live-website.com\/#website"},"primaryImageOfPage":{"@id":"https:\/\/grizzlyadam.co.uk\/product\/beard-bib-beard-cape-hair-clippings-apron\/#primaryimage"},"image":{"@id":"https:\/\/grizzlyadam.co.uk\/product\/beard-bib-beard-cape-hair-clippings-apron\/#primaryimage"},"thumbnailUrl":"https:\/\/grizzlyadam.co.uk\/wp-content\/uploads\/2021\/02\/beardbib-1-large.jpg","datePublished":"2021-02-19T18:59:05+00:00","dateModified":"2026-02-10T09:09:02+00:00","description":"Complete with super strong suction pads to make sure it holds all the beard hair, no matter how much is being shorn, this washable shaving apron will catch all those flyaway hairs from any trim and will save on cleaning time","breadcrumb":{"@id":"https:\/\/grizzlyadam.co.uk\/product\/beard-bib-beard-cape-hair-clippings-apron\/#breadcrumb"},"inLanguage":"fr-FR","potentialAction":[{"@type":"ReadAction","target":["https:\/\/grizzlyadam.co.uk\/product\/beard-bib-beard-cape-hair-clippings-apron\/"]}]},{"@type":"ImageObject","inLanguage":"fr-FR","@id":"https:\/\/grizzlyadam.co.uk\/product\/beard-bib-beard-cape-hair-clippings-apron\/#primaryimage","url":"https:\/\/grizzlyadam.co.uk\/wp-content\/uploads\/2021\/02\/beardbib-1-large.jpg","contentUrl":"https:\/\/grizzlyadam.co.uk\/wp-content\/uploads\/2021\/02\/beardbib-1-large.jpg","width":600,"height":600},{"@type":"BreadcrumbList","@id":"https:\/\/grizzlyadam.co.uk\/product\/beard-bib-beard-cape-hair-clippings-apron\/#breadcrumb","itemListElement":[{"@type":"ListItem","position":1,"name":"Home","item":"https:\/\/grizzlyadam.co.uk\/"},{"@type":"ListItem","position":2,"name":"Shop","item":"https:\/\/project1-mke5mv4jgx.live-website.com\/shop\/"},{"@type":"ListItem","position":3,"name":"Beard Bib Beard Cape &#8211; Hair Clippings Apron"}]},{"@type":"WebSite","@id":"https:\/\/project1-mke5mv4jgx.live-website.com\/#website","url":"https:\/\/project1-mke5mv4jgx.live-website.com\/","name":"Grizzly Adam","description":"Huile \u00e0 barbe et produits de toilettage pour hommes","publisher":{"@id":"https:\/\/project1-mke5mv4jgx.live-website.com\/#organization"},"potentialAction":[{"@type":"SearchAction","target":{"@type":"EntryPoint","urlTemplate":"https:\/\/project1-mke5mv4jgx.live-website.com\/?s={search_term_string}"},"query-input":{"@type":"PropertyValueSpecification","valueRequired":true,"valueName":"search_term_string"}}],"inLanguage":"fr-FR"},{"@type":"Organization","@id":"https:\/\/project1-mke5mv4jgx.live-website.com\/#organization","name":"GRIZZLY ADAM","url":"https:\/\/project1-mke5mv4jgx.live-website.com\/","logo":{"@type":"ImageObject","inLanguage":"fr-FR","@id":"https:\/\/project1-mke5mv4jgx.live-website.com\/#\/schema\/logo\/image\/","url":"https:\/\/grizzlyadam.co.uk\/wp-content\/uploads\/2019\/11\/gadamlogo.png","contentUrl":"https:\/\/grizzlyadam.co.uk\/wp-content\/uploads\/2019\/11\/gadamlogo.png","width":"200","height":"200","caption":"GRIZZLY ADAM"},"image":{"@id":"https:\/\/project1-mke5mv4jgx.live-website.com\/#\/schema\/logo\/image\/"},"sameAs":["https:\/\/www.facebook.com\/grizzlyadamuk","https:\/\/x.com\/grizzlyadamuk","https:\/\/www.instagram.com\/grizzlyadamuk\/"]}]}},"df_price":14.99,"df_sale_price":"","df_regular_price":14.99,"df_image_link":"https:\/\/grizzlyadam.co.uk\/wp-content\/uploads\/2021\/02\/beardbib-1-large-300x300.jpg","_links":{"self":[{"href":"https:\/\/grizzlyadam.co.uk\/fr\/wp-json\/wp\/v2\/product\/31766","targetHints":{"allow":["GET"]}}],"collection":[{"href":"https:\/\/grizzlyadam.co.uk\/fr\/wp-json\/wp\/v2\/product"}],"about":[{"href":"https:\/\/grizzlyadam.co.uk\/fr\/wp-json\/wp\/v2\/types\/product"}],"replies":[{"embeddable":true,"href":"https:\/\/grizzlyadam.co.uk\/fr\/wp-json\/wp\/v2\/comments?post=31766"}],"wp:featuredmedia":[{"embeddable":true,"href":"https:\/\/grizzlyadam.co.uk\/fr\/wp-json\/wp\/v2\/media\/31768"}],"wp:attachment":[{"href":"https:\/\/grizzlyadam.co.uk\/fr\/wp-json\/wp\/v2\/media?parent=31766"}],"wp:term":[{"taxonomy":"product_brand","embeddable":true,"href":"https:\/\/grizzlyadam.co.uk\/fr\/wp-json\/wp\/v2\/product_brand?post=31766"},{"taxonomy":"product_cat","embeddable":true,"href":"https:\/\/grizzlyadam.co.uk\/fr\/wp-json\/wp\/v2\/product_cat?post=31766"},{"taxonomy":"product_tag","embeddable":true,"href":"https:\/\/grizzlyadam.co.uk\/fr\/wp-json\/wp\/v2\/product_tag?post=31766"}],"curies":[{"name":"wp","href":"https:\/\/api.w.org\/{rel}","templated":true}]}}