{"id":26762,"date":"2020-11-05T17:12:55","date_gmt":"2020-11-05T17:12:55","guid":{"rendered":"https:\/\/grizzlyadam.co.uk\/?post_type=product&#038;p=26762"},"modified":"2025-11-30T08:58:10","modified_gmt":"2025-11-30T08:58:10","slug":"beard-growth-kit-with-derma-roller-activator-serum-sanitiser-comb","status":"publish","type":"product","link":"https:\/\/grizzlyadam.co.uk\/fr\/produit\/beard-growth-kit-with-derma-roller-activator-serum-sanitiser-comb\/","title":{"rendered":"Kit de croissance de barbe avec Derma Roller, s\u00e9rum activateur, d\u00e9sinfectant et peigne"},"content":{"rendered":"<h4 class=\"a-spacing-mini\"><strong>S\u00e9rum activateur pour l'\u00e9paississement de la barbe :<\/strong><\/h4>\n<p><img loading=\"lazy\" decoding=\"async\" class=\"alignleft wp-image-26766\" src=\"https:\/\/grizzlyadam.co.uk\/wp-content\/uploads\/2020\/11\/activator-300x293.jpg\" alt=\"\" width=\"200\" height=\"195\" srcset=\"https:\/\/grizzlyadam.co.uk\/wp-content\/uploads\/2020\/11\/activator-300x293.jpg 300w, https:\/\/grizzlyadam.co.uk\/wp-content\/uploads\/2020\/11\/activator.jpg 498w\" sizes=\"auto, (max-width: 200px) 100vw, 200px\" \/>Le S\u00e9rum Activateur contient 100% principes actifs naturels Biotine et Arginine.<\/p>\n<p>Il peut activer vos follicules dormants et renforcer vos cheveux. Une \u00e9tude clinique a montr\u00e9 qu'il donnait des r\u00e9sultats surprenants en mati\u00e8re de croissance des cheveux :<\/p>\n<p>Gain moyen de 13500 cheveux et jusqu'\u00e0 52% d'augmentation de la densit\u00e9 en 150 jours.<\/p>\n<p>En combinaison avec le rouleau \u00e0 barbe, vous augmenterez l'absorption du s\u00e9rum, acc\u00e9l\u00e9rant ainsi la croissance et l'\u00e9paississement de votre barbe.<\/p>\n<p>&nbsp;<\/p>\n<p>&nbsp;<\/p>\n<h4 class=\"a-spacing-mini\"><strong>Comment utiliser le rouleau \u00e0 barbe :<\/strong><\/h4>\n<p class=\"a-size-small\"><img loading=\"lazy\" decoding=\"async\" class=\"wp-image-26771 alignleft\" src=\"https:\/\/grizzlyadam.co.uk\/wp-content\/uploads\/2020\/11\/dermaroller1-166x300.jpg\" alt=\"\" width=\"82\" height=\"148\" srcset=\"https:\/\/grizzlyadam.co.uk\/wp-content\/uploads\/2020\/11\/dermaroller1-166x300.jpg 166w, https:\/\/grizzlyadam.co.uk\/wp-content\/uploads\/2020\/11\/dermaroller1-566x1024.jpg 566w, https:\/\/grizzlyadam.co.uk\/wp-content\/uploads\/2020\/11\/dermaroller1.jpg 584w\" sizes=\"auto, (max-width: 82px) 100vw, 82px\" \/>Utilisation recommand\u00e9e : 1 \u00e0 2 fois par semaine selon la tol\u00e9rance de la peau.<\/p>\n<p class=\"a-size-small\">1. D\u00e9sinfecter le rouleau \u00e0 barbe.<\/p>\n<p class=\"a-size-small\">2. Nettoyez soigneusement votre visage. 3. Roulez doucement 10 fois d'avant en arri\u00e8re - horizontalement, verticalement et en diagonale.<\/p>\n<p class=\"a-size-small\">4. Laver \u00e0 l'eau chaude (pas bouillante) et nettoyer le rouleau \u00e0 barbe.<\/p>\n<p>&nbsp;<\/p>\n<h4 class=\"a-spacing-mini\"><strong>Comment utiliser le Sanitiser Cleanser :<\/strong><\/h4>\n<p class=\"a-size-small\"><img loading=\"lazy\" decoding=\"async\" class=\"wp-image-26770 alignleft\" src=\"https:\/\/grizzlyadam.co.uk\/wp-content\/uploads\/2020\/11\/sanitiser-196x300.jpg\" alt=\"\" width=\"96\" height=\"147\" srcset=\"https:\/\/grizzlyadam.co.uk\/wp-content\/uploads\/2020\/11\/sanitiser-196x300.jpg 196w, https:\/\/grizzlyadam.co.uk\/wp-content\/uploads\/2020\/11\/sanitiser-600x920.jpg 600w, https:\/\/grizzlyadam.co.uk\/wp-content\/uploads\/2020\/11\/sanitiser.jpg 668w\" sizes=\"auto, (max-width: 96px) 100vw, 96px\" \/><\/p>\n<p class=\"a-size-small\">1. Tenir le spray \u00e0 10-15 cm du rouleau \u00e0 barbe ;<\/p>\n<p class=\"a-size-small\">2. Pulv\u00e9riser 2 \u00e0 3 fois uniform\u00e9ment ;<\/p>\n<p class=\"a-size-small\">3. Laisser s\u00e9cher pendant 20 secondes.<\/p>\n<p>&nbsp;<\/p>\n<p>&nbsp;<\/p>\n<h4 class=\"a-spacing-mini\"><strong>Peigne \u00e0 barbe :<\/strong><\/h4>\n<p class=\"a-size-small\"><img loading=\"lazy\" decoding=\"async\" class=\"size-medium wp-image-26765 alignright\" src=\"https:\/\/grizzlyadam.co.uk\/wp-content\/uploads\/2020\/11\/comb-300x96.jpg\" alt=\"\" width=\"300\" height=\"96\" srcset=\"https:\/\/grizzlyadam.co.uk\/wp-content\/uploads\/2020\/11\/comb-300x96.jpg 300w, https:\/\/grizzlyadam.co.uk\/wp-content\/uploads\/2020\/11\/comb-768x246.jpg 768w, https:\/\/grizzlyadam.co.uk\/wp-content\/uploads\/2020\/11\/comb-600x192.jpg 600w, https:\/\/grizzlyadam.co.uk\/wp-content\/uploads\/2020\/11\/comb.jpg 1020w\" sizes=\"auto, (max-width: 300px) 100vw, 300px\" \/>Fabriqu\u00e9 en acier inoxydable ;<\/p>\n<p class=\"a-size-small\">petite mais exquise ;<\/p>\n<p class=\"a-size-small\">facile \u00e0 transporter.<\/p>","protected":false},"excerpt":{"rendered":"<p>\u2705Stimuler la croissance de la barbe en 3 \u00e9tapes faciles<\/p>\n<p>\u2705\u00a35 OFF Special Discount ? Jusqu'\u00e0 \u00e9puisement des stocks<\/p>\n<p>\u2705Ensemble cadeau de grande valeur : Un ensemble cadeau parfait de style de barbe, de fa\u00e7onnage et de croissance pour les hommes, le p\u00e8re, le mari, le petit ami ou le fianc\u00e9.<\/p>\n<p>Pas de parfum, de parab\u00e8ne, d'additifs colorants ou de produits chimiques dangereux dans nos produits.<\/p>\n<p>Comprend le s\u00e9rum activateur de croissance de barbe, le rouleau \u00e0 barbe, l'assainisseur de rouleau et le peigne.<\/p>","protected":false},"featured_media":163153,"comment_status":"closed","ping_status":"closed","template":"","meta":[],"product_brand":[],"product_cat":[250,74,90],"product_tag":[231,303,306],"class_list":{"0":"post-26762","1":"product","2":"type-product","3":"status-publish","4":"has-post-thumbnail","6":"product_cat-beard-growth","7":"product_cat-grooming-kits","8":"product_cat-hair-care","9":"product_tag-beard-growth","10":"product_tag-beard-kit","11":"product_tag-sanitiser","13":"first","14":"outofstock","15":"sale","16":"taxable","17":"shipping-taxable","18":"purchasable","19":"product-type-simple"},"yoast_head":"<!-- This site is optimized with the Yoast SEO plugin v27.4 - https:\/\/yoast.com\/product\/yoast-seo-wordpress\/ -->\n<title>Beard Growth Kit With Derma Roller, Activator Serum, Sanitiser &amp; Comb - Grizzly Adam<\/title>\n<meta name=\"description\" content=\"Unlock Your Beard&#039;s Full Potential with the Ultimate Beard Growth Kit Including Derma Roller, Serum, Sanitiser and Comb\" \/>\n<meta name=\"robots\" content=\"index, follow, max-snippet:-1, max-image-preview:large, max-video-preview:-1\" \/>\n<link rel=\"canonical\" href=\"https:\/\/grizzlyadam.co.uk\/fr\/produit\/beard-growth-kit-with-derma-roller-activator-serum-sanitiser-comb\/\" \/>\n<meta property=\"og:locale\" content=\"fr_FR\" \/>\n<meta property=\"og:type\" content=\"article\" \/>\n<meta property=\"og:title\" content=\"Beard Growth Kit With Derma Roller, Activator Serum, Sanitiser &amp; Comb - Grizzly Adam\" \/>\n<meta property=\"og:description\" content=\"Unlock Your Beard&#039;s Full Potential with the Ultimate Beard Growth Kit Including Derma Roller, Serum, Sanitiser and Comb\" \/>\n<meta property=\"og:url\" content=\"https:\/\/grizzlyadam.co.uk\/fr\/produit\/beard-growth-kit-with-derma-roller-activator-serum-sanitiser-comb\/\" \/>\n<meta property=\"og:site_name\" content=\"Grizzly Adam\" \/>\n<meta property=\"article:publisher\" content=\"https:\/\/www.facebook.com\/grizzlyadamuk\" \/>\n<meta property=\"article:modified_time\" content=\"2025-11-30T08:58:10+00:00\" \/>\n<meta property=\"og:image\" content=\"https:\/\/grizzlyadam.co.uk\/wp-content\/uploads\/2020\/11\/4ec64ba9-1388-446b-a198-bebd5614a88b.jpeg\" \/>\n\t<meta property=\"og:image:width\" content=\"497\" \/>\n\t<meta property=\"og:image:height\" content=\"425\" \/>\n\t<meta property=\"og:image:type\" content=\"image\/jpeg\" \/>\n<meta name=\"twitter:card\" content=\"summary_large_image\" \/>\n<meta name=\"twitter:site\" content=\"@grizzlyadamuk\" \/>\n<meta name=\"twitter:label1\" content=\"Dur\u00e9e de lecture estim\u00e9e\" \/>\n\t<meta name=\"twitter:data1\" content=\"2 minutes\" \/>\n<script type=\"application\/ld+json\" class=\"yoast-schema-graph\">{\"@context\":\"https:\\\/\\\/schema.org\",\"@graph\":[{\"@type\":\"WebPage\",\"@id\":\"https:\\\/\\\/grizzlyadam.co.uk\\\/product\\\/beard-growth-kit-with-derma-roller-activator-serum-sanitiser-comb\\\/\",\"url\":\"https:\\\/\\\/grizzlyadam.co.uk\\\/product\\\/beard-growth-kit-with-derma-roller-activator-serum-sanitiser-comb\\\/\",\"name\":\"Beard Growth Kit With Derma Roller, Activator Serum, Sanitiser & Comb - Grizzly Adam\",\"isPartOf\":{\"@id\":\"https:\\\/\\\/project1-mke5mv4jgx.live-website.com\\\/#website\"},\"primaryImageOfPage\":{\"@id\":\"https:\\\/\\\/grizzlyadam.co.uk\\\/product\\\/beard-growth-kit-with-derma-roller-activator-serum-sanitiser-comb\\\/#primaryimage\"},\"image\":{\"@id\":\"https:\\\/\\\/grizzlyadam.co.uk\\\/product\\\/beard-growth-kit-with-derma-roller-activator-serum-sanitiser-comb\\\/#primaryimage\"},\"thumbnailUrl\":\"https:\\\/\\\/grizzlyadam.co.uk\\\/wp-content\\\/uploads\\\/2020\\\/11\\\/4ec64ba9-1388-446b-a198-bebd5614a88b.jpeg\",\"datePublished\":\"2020-11-05T17:12:55+00:00\",\"dateModified\":\"2025-11-30T08:58:10+00:00\",\"description\":\"Unlock Your Beard's Full Potential with the Ultimate Beard Growth Kit Including Derma Roller, Serum, Sanitiser and Comb\",\"breadcrumb\":{\"@id\":\"https:\\\/\\\/grizzlyadam.co.uk\\\/product\\\/beard-growth-kit-with-derma-roller-activator-serum-sanitiser-comb\\\/#breadcrumb\"},\"inLanguage\":\"fr-FR\",\"potentialAction\":[{\"@type\":\"ReadAction\",\"target\":[\"https:\\\/\\\/grizzlyadam.co.uk\\\/product\\\/beard-growth-kit-with-derma-roller-activator-serum-sanitiser-comb\\\/\"]}]},{\"@type\":\"ImageObject\",\"inLanguage\":\"fr-FR\",\"@id\":\"https:\\\/\\\/grizzlyadam.co.uk\\\/product\\\/beard-growth-kit-with-derma-roller-activator-serum-sanitiser-comb\\\/#primaryimage\",\"url\":\"https:\\\/\\\/grizzlyadam.co.uk\\\/wp-content\\\/uploads\\\/2020\\\/11\\\/4ec64ba9-1388-446b-a198-bebd5614a88b.jpeg\",\"contentUrl\":\"https:\\\/\\\/grizzlyadam.co.uk\\\/wp-content\\\/uploads\\\/2020\\\/11\\\/4ec64ba9-1388-446b-a198-bebd5614a88b.jpeg\",\"width\":497,\"height\":425},{\"@type\":\"BreadcrumbList\",\"@id\":\"https:\\\/\\\/grizzlyadam.co.uk\\\/product\\\/beard-growth-kit-with-derma-roller-activator-serum-sanitiser-comb\\\/#breadcrumb\",\"itemListElement\":[{\"@type\":\"ListItem\",\"position\":1,\"name\":\"Home\",\"item\":\"https:\\\/\\\/grizzlyadam.co.uk\\\/\"},{\"@type\":\"ListItem\",\"position\":2,\"name\":\"Shop\",\"item\":\"https:\\\/\\\/project1-mke5mv4jgx.live-website.com\\\/shop\\\/\"},{\"@type\":\"ListItem\",\"position\":3,\"name\":\"Beard Growth Kit With Derma Roller, Activator Serum, Sanitiser &#038; Comb\"}]},{\"@type\":\"WebSite\",\"@id\":\"https:\\\/\\\/project1-mke5mv4jgx.live-website.com\\\/#website\",\"url\":\"https:\\\/\\\/project1-mke5mv4jgx.live-website.com\\\/\",\"name\":\"Grizzly Adam\",\"description\":\"Beard Oil And Grooming Products For Gentlemen\",\"publisher\":{\"@id\":\"https:\\\/\\\/project1-mke5mv4jgx.live-website.com\\\/#organization\"},\"potentialAction\":[{\"@type\":\"SearchAction\",\"target\":{\"@type\":\"EntryPoint\",\"urlTemplate\":\"https:\\\/\\\/project1-mke5mv4jgx.live-website.com\\\/?s={search_term_string}\"},\"query-input\":{\"@type\":\"PropertyValueSpecification\",\"valueRequired\":true,\"valueName\":\"search_term_string\"}}],\"inLanguage\":\"fr-FR\"},{\"@type\":\"Organization\",\"@id\":\"https:\\\/\\\/project1-mke5mv4jgx.live-website.com\\\/#organization\",\"name\":\"GRIZZLY ADAM\",\"url\":\"https:\\\/\\\/project1-mke5mv4jgx.live-website.com\\\/\",\"logo\":{\"@type\":\"ImageObject\",\"inLanguage\":\"fr-FR\",\"@id\":\"https:\\\/\\\/project1-mke5mv4jgx.live-website.com\\\/#\\\/schema\\\/logo\\\/image\\\/\",\"url\":\"https:\\\/\\\/grizzlyadam.co.uk\\\/wp-content\\\/uploads\\\/2019\\\/11\\\/gadamlogo.png\",\"contentUrl\":\"https:\\\/\\\/grizzlyadam.co.uk\\\/wp-content\\\/uploads\\\/2019\\\/11\\\/gadamlogo.png\",\"width\":\"200\",\"height\":\"200\",\"caption\":\"GRIZZLY ADAM\"},\"image\":{\"@id\":\"https:\\\/\\\/project1-mke5mv4jgx.live-website.com\\\/#\\\/schema\\\/logo\\\/image\\\/\"},\"sameAs\":[\"https:\\\/\\\/www.facebook.com\\\/grizzlyadamuk\",\"https:\\\/\\\/x.com\\\/grizzlyadamuk\",\"https:\\\/\\\/www.instagram.com\\\/grizzlyadamuk\\\/\"]}]}<\/script>\n<!-- \/ Yoast SEO plugin. -->","yoast_head_json":{"title":"Beard Growth Kit With Derma Roller, Activator Serum, Sanitiser & Comb - Grizzly Adam","description":"Unlock Your Beard's Full Potential with the Ultimate Beard Growth Kit Including Derma Roller, Serum, Sanitiser and Comb","robots":{"index":"index","follow":"follow","max-snippet":"max-snippet:-1","max-image-preview":"max-image-preview:large","max-video-preview":"max-video-preview:-1"},"canonical":"https:\/\/grizzlyadam.co.uk\/fr\/produit\/beard-growth-kit-with-derma-roller-activator-serum-sanitiser-comb\/","og_locale":"fr_FR","og_type":"article","og_title":"Beard Growth Kit With Derma Roller, Activator Serum, Sanitiser & Comb - Grizzly Adam","og_description":"Unlock Your Beard's Full Potential with the Ultimate Beard Growth Kit Including Derma Roller, Serum, Sanitiser and Comb","og_url":"https:\/\/grizzlyadam.co.uk\/fr\/produit\/beard-growth-kit-with-derma-roller-activator-serum-sanitiser-comb\/","og_site_name":"Grizzly Adam","article_publisher":"https:\/\/www.facebook.com\/grizzlyadamuk","article_modified_time":"2025-11-30T08:58:10+00:00","og_image":[{"width":497,"height":425,"url":"https:\/\/grizzlyadam.co.uk\/wp-content\/uploads\/2020\/11\/4ec64ba9-1388-446b-a198-bebd5614a88b.jpeg","type":"image\/jpeg"}],"twitter_card":"summary_large_image","twitter_site":"@grizzlyadamuk","twitter_misc":{"Dur\u00e9e de lecture estim\u00e9e":"2 minutes"},"schema":{"@context":"https:\/\/schema.org","@graph":[{"@type":"WebPage","@id":"https:\/\/grizzlyadam.co.uk\/product\/beard-growth-kit-with-derma-roller-activator-serum-sanitiser-comb\/","url":"https:\/\/grizzlyadam.co.uk\/product\/beard-growth-kit-with-derma-roller-activator-serum-sanitiser-comb\/","name":"Beard Growth Kit With Derma Roller, Activator Serum, Sanitiser & Comb - Grizzly Adam","isPartOf":{"@id":"https:\/\/project1-mke5mv4jgx.live-website.com\/#website"},"primaryImageOfPage":{"@id":"https:\/\/grizzlyadam.co.uk\/product\/beard-growth-kit-with-derma-roller-activator-serum-sanitiser-comb\/#primaryimage"},"image":{"@id":"https:\/\/grizzlyadam.co.uk\/product\/beard-growth-kit-with-derma-roller-activator-serum-sanitiser-comb\/#primaryimage"},"thumbnailUrl":"https:\/\/grizzlyadam.co.uk\/wp-content\/uploads\/2020\/11\/4ec64ba9-1388-446b-a198-bebd5614a88b.jpeg","datePublished":"2020-11-05T17:12:55+00:00","dateModified":"2025-11-30T08:58:10+00:00","description":"Unlock Your Beard's Full Potential with the Ultimate Beard Growth Kit Including Derma Roller, Serum, Sanitiser and Comb","breadcrumb":{"@id":"https:\/\/grizzlyadam.co.uk\/product\/beard-growth-kit-with-derma-roller-activator-serum-sanitiser-comb\/#breadcrumb"},"inLanguage":"fr-FR","potentialAction":[{"@type":"ReadAction","target":["https:\/\/grizzlyadam.co.uk\/product\/beard-growth-kit-with-derma-roller-activator-serum-sanitiser-comb\/"]}]},{"@type":"ImageObject","inLanguage":"fr-FR","@id":"https:\/\/grizzlyadam.co.uk\/product\/beard-growth-kit-with-derma-roller-activator-serum-sanitiser-comb\/#primaryimage","url":"https:\/\/grizzlyadam.co.uk\/wp-content\/uploads\/2020\/11\/4ec64ba9-1388-446b-a198-bebd5614a88b.jpeg","contentUrl":"https:\/\/grizzlyadam.co.uk\/wp-content\/uploads\/2020\/11\/4ec64ba9-1388-446b-a198-bebd5614a88b.jpeg","width":497,"height":425},{"@type":"BreadcrumbList","@id":"https:\/\/grizzlyadam.co.uk\/product\/beard-growth-kit-with-derma-roller-activator-serum-sanitiser-comb\/#breadcrumb","itemListElement":[{"@type":"ListItem","position":1,"name":"Home","item":"https:\/\/grizzlyadam.co.uk\/"},{"@type":"ListItem","position":2,"name":"Shop","item":"https:\/\/project1-mke5mv4jgx.live-website.com\/shop\/"},{"@type":"ListItem","position":3,"name":"Beard Growth Kit With Derma Roller, Activator Serum, Sanitiser &#038; Comb"}]},{"@type":"WebSite","@id":"https:\/\/project1-mke5mv4jgx.live-website.com\/#website","url":"https:\/\/project1-mke5mv4jgx.live-website.com\/","name":"Grizzly Adam","description":"Huile \u00e0 barbe et produits de toilettage pour hommes","publisher":{"@id":"https:\/\/project1-mke5mv4jgx.live-website.com\/#organization"},"potentialAction":[{"@type":"SearchAction","target":{"@type":"EntryPoint","urlTemplate":"https:\/\/project1-mke5mv4jgx.live-website.com\/?s={search_term_string}"},"query-input":{"@type":"PropertyValueSpecification","valueRequired":true,"valueName":"search_term_string"}}],"inLanguage":"fr-FR"},{"@type":"Organization","@id":"https:\/\/project1-mke5mv4jgx.live-website.com\/#organization","name":"GRIZZLY ADAM","url":"https:\/\/project1-mke5mv4jgx.live-website.com\/","logo":{"@type":"ImageObject","inLanguage":"fr-FR","@id":"https:\/\/project1-mke5mv4jgx.live-website.com\/#\/schema\/logo\/image\/","url":"https:\/\/grizzlyadam.co.uk\/wp-content\/uploads\/2019\/11\/gadamlogo.png","contentUrl":"https:\/\/grizzlyadam.co.uk\/wp-content\/uploads\/2019\/11\/gadamlogo.png","width":"200","height":"200","caption":"GRIZZLY ADAM"},"image":{"@id":"https:\/\/project1-mke5mv4jgx.live-website.com\/#\/schema\/logo\/image\/"},"sameAs":["https:\/\/www.facebook.com\/grizzlyadamuk","https:\/\/x.com\/grizzlyadamuk","https:\/\/www.instagram.com\/grizzlyadamuk\/"]}]}},"df_price":49.97,"df_sale_price":49.97,"df_regular_price":55,"df_image_link":"https:\/\/grizzlyadam.co.uk\/wp-content\/uploads\/2020\/11\/4ec64ba9-1388-446b-a198-bebd5614a88b-300x257.jpeg","_links":{"self":[{"href":"https:\/\/grizzlyadam.co.uk\/fr\/wp-json\/wp\/v2\/product\/26762","targetHints":{"allow":["GET"]}}],"collection":[{"href":"https:\/\/grizzlyadam.co.uk\/fr\/wp-json\/wp\/v2\/product"}],"about":[{"href":"https:\/\/grizzlyadam.co.uk\/fr\/wp-json\/wp\/v2\/types\/product"}],"replies":[{"embeddable":true,"href":"https:\/\/grizzlyadam.co.uk\/fr\/wp-json\/wp\/v2\/comments?post=26762"}],"wp:featuredmedia":[{"embeddable":true,"href":"https:\/\/grizzlyadam.co.uk\/fr\/wp-json\/wp\/v2\/media\/163153"}],"wp:attachment":[{"href":"https:\/\/grizzlyadam.co.uk\/fr\/wp-json\/wp\/v2\/media?parent=26762"}],"wp:term":[{"taxonomy":"product_brand","embeddable":true,"href":"https:\/\/grizzlyadam.co.uk\/fr\/wp-json\/wp\/v2\/product_brand?post=26762"},{"taxonomy":"product_cat","embeddable":true,"href":"https:\/\/grizzlyadam.co.uk\/fr\/wp-json\/wp\/v2\/product_cat?post=26762"},{"taxonomy":"product_tag","embeddable":true,"href":"https:\/\/grizzlyadam.co.uk\/fr\/wp-json\/wp\/v2\/product_tag?post=26762"}],"curies":[{"name":"wp","href":"https:\/\/api.w.org\/{rel}","templated":true}]}}