{"id":2249,"date":"2017-02-19T15:55:03","date_gmt":"2017-02-19T15:55:03","guid":{"rendered":"https:\/\/grizzlyadam.co.uk\/product\/30ml-travel-size-beard-wash-and-conditioner-by-grizzly-adam\/"},"modified":"2020-02-09T10:34:47","modified_gmt":"2020-02-09T10:34:47","slug":"30ml-travel-size-beard-wash-and-conditioner-by-grizzly-adam","status":"publish","type":"product","link":"https:\/\/grizzlyadam.co.uk\/fr\/produit\/30ml-travel-size-beard-wash-and-conditioner-by-grizzly-adam\/","title":{"rendered":"Nettoyant et revitalisant pour barbe en format voyage de 30ml par Grizzly Adam"},"content":{"rendered":"<h2>Huile \u00e0 barbe en format voyage pour les hommes barbus.<\/h2>\n<p>Le shampoing \u00e0 barbe Grizzly Adam est compos\u00e9 de plus de 80% d'ingr\u00e9dients biologiques et est exempt de parab\u00e8nes et de sulfates.<\/p>\n<p><b>Ce nettoyant pour barbe nettoie en profondeur votre barbe, naturellement, sans la d\u00e9pouiller de ses huiles naturelles comme le fait un shampooing ordinaire.<\/b><\/p>\n<p><b>Ingr\u00e9dients :<\/b><br \/>\nAqua (Eau), Decyl Glucoside, Lauryl Betaine, Betaine, Cedrus Atlantica (Cedarwood) Oil, Citrus Aurantifolia (Lime) Oil, Xanthan Gum, Aloe Barbadensis (Aloe Vera) leaf juice, Phenoxyethanol, Citric Acid, Benzoic Acid, Dehydroacetic Acid Limonene* Citral* *Naturellement pr\u00e9sent dans les huiles essentielles.<\/p>\n<p><b>Directions :<\/b><br \/>\nNettoyez la zone barbue avec de l'eau, puis massez une petite quantit\u00e9 de shampooing pour barbe dans la barbe. Rincez \u00e0 l'eau. Nos experts recommandent de ne pas d\u00e9passer deux fois par semaine.<\/p>\n<p><b>Avis de non-responsabilit\u00e9<\/b><br \/>\nGrizzly Adam\u00ae est une marque d\u00e9pos\u00e9e de TN Health LTD et un membre du programme Brand registry sur Amazon. Tous nos produits sont 100% authentiques.<\/p>\n<p>Notre nettoyant pour barbe nettoie d\u00e9licatement les poils du visage et la peau vuln\u00e9rable qui se trouve en dessous, laissant la barbe et le visage propres, doux, faciles \u00e0 coiffer et sentant merveilleusement bon.<\/p>\n<p>Les hommes qui portent une barbe, quelle que soit sa taille, peuvent rencontrer de nombreux probl\u00e8mes. Tout d'abord, l'utilisation de shampooings pour cheveux sur la barbe peut rendre la peau du dessous tr\u00e8s s\u00e8che.<\/p>\n<p>Certains hommes nettoient \u00e9galement leur barbe avec du savon pour le visage et des gels douche, mais comme la barbe est directement expos\u00e9e aux aliments, aux boissons et aux produits du tabac, elle m\u00e9rite d'\u00eatre mieux trait\u00e9e.<\/p>","protected":false},"excerpt":{"rendered":"<ul class=\"a-vertical a-spacing-none\">\n<li><span class=\"a-list-item\"> Nettoyant et revitalisant pour barbe en format voyage de 30ml<\/span><\/li>\n<li><span class=\"a-list-item\"> Id\u00e9al pour les hommes barbus \u00e0 la peau sensible<\/span><\/li>\n<li><span class=\"a-list-item\"> Ne souffrez plus jamais de pellicules de barbe et de pellicules - Senteur agr\u00e9able, parfum de citron vert<\/span><\/li>\n<li><span class=\"a-list-item\"> Adoucit la barbe avec des ingr\u00e9dients naturels<\/span><\/li>\n<li><span class=\"a-list-item\"> Exactement la m\u00eame formule que notre populaire bouteille de 200 ml<\/span><\/li>\n<\/ul>","protected":false},"featured_media":2250,"comment_status":"open","ping_status":"closed","template":"","meta":[],"product_brand":[],"product_cat":[70],"product_tag":[],"class_list":{"0":"post-2249","1":"product","2":"type-product","3":"status-publish","4":"has-post-thumbnail","6":"product_cat-beard-wash","8":"first","9":"instock","10":"taxable","11":"shipping-taxable","12":"purchasable","13":"product-type-simple"},"yoast_head":"<!-- This site is optimized with the Yoast SEO plugin v27.2 - https:\/\/yoast.com\/product\/yoast-seo-wordpress\/ -->\n<title>30ml Travel Size Beard Wash and Conditioner by Grizzly Adam - Grizzly Adam<\/title>\n<meta name=\"robots\" content=\"index, follow, max-snippet:-1, max-image-preview:large, max-video-preview:-1\" \/>\n<link rel=\"canonical\" href=\"https:\/\/project1-mke5mv4jgx.live-website.com\/product\/30ml-travel-size-beard-wash-and-conditioner-by-grizzly-adam\/\" \/>\n<meta property=\"og:locale\" content=\"fr_FR\" \/>\n<meta property=\"og:type\" content=\"article\" \/>\n<meta property=\"og:title\" content=\"30ml Travel Size Beard Wash and Conditioner by Grizzly Adam - Grizzly Adam\" \/>\n<meta property=\"og:description\" content=\"Handy 30ml Travel Size Beard Wash and Conditioner   Ideal for Bearded Men with Sensitive Skin   Never Suffer from Beardruff and Dandruff Again - Smell Great, Lime Scent   Softens Beard with Natural Ingredients   Exactly The Same Formula as Our Popular 200ml Bottle\" \/>\n<meta property=\"og:url\" content=\"https:\/\/project1-mke5mv4jgx.live-website.com\/product\/30ml-travel-size-beard-wash-and-conditioner-by-grizzly-adam\/\" \/>\n<meta property=\"og:site_name\" content=\"Grizzly Adam\" \/>\n<meta property=\"article:publisher\" content=\"https:\/\/www.facebook.com\/grizzlyadamuk\" \/>\n<meta property=\"article:modified_time\" content=\"2020-02-09T10:34:47+00:00\" \/>\n<meta property=\"og:image\" content=\"https:\/\/project1-mke5mv4jgx.live-website.com\/wp-content\/uploads\/2017\/02\/Travel_wash.jpg\" \/>\n\t<meta property=\"og:image:width\" content=\"1920\" \/>\n\t<meta property=\"og:image:height\" content=\"1920\" \/>\n\t<meta property=\"og:image:type\" content=\"image\/jpeg\" \/>\n<meta name=\"twitter:card\" content=\"summary_large_image\" \/>\n<meta name=\"twitter:site\" content=\"@grizzlyadamuk\" \/>\n<meta name=\"twitter:label1\" content=\"Dur\u00e9e de lecture estim\u00e9e\" \/>\n\t<meta name=\"twitter:data1\" content=\"1 minute\" \/>\n<script type=\"application\/ld+json\" class=\"yoast-schema-graph\">{\"@context\":\"https:\/\/schema.org\",\"@graph\":[{\"@type\":\"WebPage\",\"@id\":\"https:\/\/project1-mke5mv4jgx.live-website.com\/product\/30ml-travel-size-beard-wash-and-conditioner-by-grizzly-adam\/\",\"url\":\"https:\/\/project1-mke5mv4jgx.live-website.com\/product\/30ml-travel-size-beard-wash-and-conditioner-by-grizzly-adam\/\",\"name\":\"30ml Travel Size Beard Wash and Conditioner by Grizzly Adam - Grizzly Adam\",\"isPartOf\":{\"@id\":\"https:\/\/project1-mke5mv4jgx.live-website.com\/#website\"},\"primaryImageOfPage\":{\"@id\":\"https:\/\/project1-mke5mv4jgx.live-website.com\/product\/30ml-travel-size-beard-wash-and-conditioner-by-grizzly-adam\/#primaryimage\"},\"image\":{\"@id\":\"https:\/\/project1-mke5mv4jgx.live-website.com\/product\/30ml-travel-size-beard-wash-and-conditioner-by-grizzly-adam\/#primaryimage\"},\"thumbnailUrl\":\"https:\/\/grizzlyadam.co.uk\/wp-content\/uploads\/2017\/02\/Travel_wash.jpg\",\"datePublished\":\"2017-02-19T15:55:03+00:00\",\"dateModified\":\"2020-02-09T10:34:47+00:00\",\"breadcrumb\":{\"@id\":\"https:\/\/project1-mke5mv4jgx.live-website.com\/product\/30ml-travel-size-beard-wash-and-conditioner-by-grizzly-adam\/#breadcrumb\"},\"inLanguage\":\"fr-FR\",\"potentialAction\":[{\"@type\":\"ReadAction\",\"target\":[\"https:\/\/project1-mke5mv4jgx.live-website.com\/product\/30ml-travel-size-beard-wash-and-conditioner-by-grizzly-adam\/\"]}]},{\"@type\":\"ImageObject\",\"inLanguage\":\"fr-FR\",\"@id\":\"https:\/\/project1-mke5mv4jgx.live-website.com\/product\/30ml-travel-size-beard-wash-and-conditioner-by-grizzly-adam\/#primaryimage\",\"url\":\"https:\/\/grizzlyadam.co.uk\/wp-content\/uploads\/2017\/02\/Travel_wash.jpg\",\"contentUrl\":\"https:\/\/grizzlyadam.co.uk\/wp-content\/uploads\/2017\/02\/Travel_wash.jpg\",\"width\":1200,\"height\":1200},{\"@type\":\"BreadcrumbList\",\"@id\":\"https:\/\/project1-mke5mv4jgx.live-website.com\/product\/30ml-travel-size-beard-wash-and-conditioner-by-grizzly-adam\/#breadcrumb\",\"itemListElement\":[{\"@type\":\"ListItem\",\"position\":1,\"name\":\"Home\",\"item\":\"https:\/\/grizzlyadam.co.uk\/\"},{\"@type\":\"ListItem\",\"position\":2,\"name\":\"Shop\",\"item\":\"https:\/\/project1-mke5mv4jgx.live-website.com\/shop\/\"},{\"@type\":\"ListItem\",\"position\":3,\"name\":\"30ml Travel Size Beard Wash and Conditioner by Grizzly Adam\"}]},{\"@type\":\"WebSite\",\"@id\":\"https:\/\/project1-mke5mv4jgx.live-website.com\/#website\",\"url\":\"https:\/\/project1-mke5mv4jgx.live-website.com\/\",\"name\":\"Grizzly Adam\",\"description\":\"Beard Oil And Grooming Products For Gentlemen\",\"publisher\":{\"@id\":\"https:\/\/project1-mke5mv4jgx.live-website.com\/#organization\"},\"potentialAction\":[{\"@type\":\"SearchAction\",\"target\":{\"@type\":\"EntryPoint\",\"urlTemplate\":\"https:\/\/project1-mke5mv4jgx.live-website.com\/?s={search_term_string}\"},\"query-input\":{\"@type\":\"PropertyValueSpecification\",\"valueRequired\":true,\"valueName\":\"search_term_string\"}}],\"inLanguage\":\"fr-FR\"},{\"@type\":\"Organization\",\"@id\":\"https:\/\/project1-mke5mv4jgx.live-website.com\/#organization\",\"name\":\"GRIZZLY ADAM\",\"url\":\"https:\/\/project1-mke5mv4jgx.live-website.com\/\",\"logo\":{\"@type\":\"ImageObject\",\"inLanguage\":\"fr-FR\",\"@id\":\"https:\/\/project1-mke5mv4jgx.live-website.com\/#\/schema\/logo\/image\/\",\"url\":\"https:\/\/grizzlyadam.co.uk\/wp-content\/uploads\/2019\/11\/gadamlogo.png\",\"contentUrl\":\"https:\/\/grizzlyadam.co.uk\/wp-content\/uploads\/2019\/11\/gadamlogo.png\",\"width\":\"200\",\"height\":\"200\",\"caption\":\"GRIZZLY ADAM\"},\"image\":{\"@id\":\"https:\/\/project1-mke5mv4jgx.live-website.com\/#\/schema\/logo\/image\/\"},\"sameAs\":[\"https:\/\/www.facebook.com\/grizzlyadamuk\",\"https:\/\/x.com\/grizzlyadamuk\",\"https:\/\/www.instagram.com\/grizzlyadamuk\/\"]}]}<\/script>\n<!-- \/ Yoast SEO plugin. -->","yoast_head_json":{"title":"30ml Travel Size Beard Wash and Conditioner by Grizzly Adam - Grizzly Adam","robots":{"index":"index","follow":"follow","max-snippet":"max-snippet:-1","max-image-preview":"max-image-preview:large","max-video-preview":"max-video-preview:-1"},"canonical":"https:\/\/project1-mke5mv4jgx.live-website.com\/product\/30ml-travel-size-beard-wash-and-conditioner-by-grizzly-adam\/","og_locale":"fr_FR","og_type":"article","og_title":"30ml Travel Size Beard Wash and Conditioner by Grizzly Adam - Grizzly Adam","og_description":"Handy 30ml Travel Size Beard Wash and Conditioner   Ideal for Bearded Men with Sensitive Skin   Never Suffer from Beardruff and Dandruff Again - Smell Great, Lime Scent   Softens Beard with Natural Ingredients   Exactly The Same Formula as Our Popular 200ml Bottle","og_url":"https:\/\/project1-mke5mv4jgx.live-website.com\/product\/30ml-travel-size-beard-wash-and-conditioner-by-grizzly-adam\/","og_site_name":"Grizzly Adam","article_publisher":"https:\/\/www.facebook.com\/grizzlyadamuk","article_modified_time":"2020-02-09T10:34:47+00:00","og_image":[{"width":1920,"height":1920,"url":"https:\/\/project1-mke5mv4jgx.live-website.com\/wp-content\/uploads\/2017\/02\/Travel_wash.jpg","type":"image\/jpeg"}],"twitter_card":"summary_large_image","twitter_site":"@grizzlyadamuk","twitter_misc":{"Dur\u00e9e de lecture estim\u00e9e":"1 minute"},"schema":{"@context":"https:\/\/schema.org","@graph":[{"@type":"WebPage","@id":"https:\/\/project1-mke5mv4jgx.live-website.com\/product\/30ml-travel-size-beard-wash-and-conditioner-by-grizzly-adam\/","url":"https:\/\/project1-mke5mv4jgx.live-website.com\/product\/30ml-travel-size-beard-wash-and-conditioner-by-grizzly-adam\/","name":"30ml Travel Size Beard Wash and Conditioner by Grizzly Adam - Grizzly Adam","isPartOf":{"@id":"https:\/\/project1-mke5mv4jgx.live-website.com\/#website"},"primaryImageOfPage":{"@id":"https:\/\/project1-mke5mv4jgx.live-website.com\/product\/30ml-travel-size-beard-wash-and-conditioner-by-grizzly-adam\/#primaryimage"},"image":{"@id":"https:\/\/project1-mke5mv4jgx.live-website.com\/product\/30ml-travel-size-beard-wash-and-conditioner-by-grizzly-adam\/#primaryimage"},"thumbnailUrl":"https:\/\/grizzlyadam.co.uk\/wp-content\/uploads\/2017\/02\/Travel_wash.jpg","datePublished":"2017-02-19T15:55:03+00:00","dateModified":"2020-02-09T10:34:47+00:00","breadcrumb":{"@id":"https:\/\/project1-mke5mv4jgx.live-website.com\/product\/30ml-travel-size-beard-wash-and-conditioner-by-grizzly-adam\/#breadcrumb"},"inLanguage":"fr-FR","potentialAction":[{"@type":"ReadAction","target":["https:\/\/project1-mke5mv4jgx.live-website.com\/product\/30ml-travel-size-beard-wash-and-conditioner-by-grizzly-adam\/"]}]},{"@type":"ImageObject","inLanguage":"fr-FR","@id":"https:\/\/project1-mke5mv4jgx.live-website.com\/product\/30ml-travel-size-beard-wash-and-conditioner-by-grizzly-adam\/#primaryimage","url":"https:\/\/grizzlyadam.co.uk\/wp-content\/uploads\/2017\/02\/Travel_wash.jpg","contentUrl":"https:\/\/grizzlyadam.co.uk\/wp-content\/uploads\/2017\/02\/Travel_wash.jpg","width":1200,"height":1200},{"@type":"BreadcrumbList","@id":"https:\/\/project1-mke5mv4jgx.live-website.com\/product\/30ml-travel-size-beard-wash-and-conditioner-by-grizzly-adam\/#breadcrumb","itemListElement":[{"@type":"ListItem","position":1,"name":"Home","item":"https:\/\/grizzlyadam.co.uk\/"},{"@type":"ListItem","position":2,"name":"Shop","item":"https:\/\/project1-mke5mv4jgx.live-website.com\/shop\/"},{"@type":"ListItem","position":3,"name":"30ml Travel Size Beard Wash and Conditioner by Grizzly Adam"}]},{"@type":"WebSite","@id":"https:\/\/project1-mke5mv4jgx.live-website.com\/#website","url":"https:\/\/project1-mke5mv4jgx.live-website.com\/","name":"Grizzly Adam","description":"Huile \u00e0 barbe et produits de toilettage pour hommes","publisher":{"@id":"https:\/\/project1-mke5mv4jgx.live-website.com\/#organization"},"potentialAction":[{"@type":"SearchAction","target":{"@type":"EntryPoint","urlTemplate":"https:\/\/project1-mke5mv4jgx.live-website.com\/?s={search_term_string}"},"query-input":{"@type":"PropertyValueSpecification","valueRequired":true,"valueName":"search_term_string"}}],"inLanguage":"fr-FR"},{"@type":"Organization","@id":"https:\/\/project1-mke5mv4jgx.live-website.com\/#organization","name":"GRIZZLY ADAM","url":"https:\/\/project1-mke5mv4jgx.live-website.com\/","logo":{"@type":"ImageObject","inLanguage":"fr-FR","@id":"https:\/\/project1-mke5mv4jgx.live-website.com\/#\/schema\/logo\/image\/","url":"https:\/\/grizzlyadam.co.uk\/wp-content\/uploads\/2019\/11\/gadamlogo.png","contentUrl":"https:\/\/grizzlyadam.co.uk\/wp-content\/uploads\/2019\/11\/gadamlogo.png","width":"200","height":"200","caption":"GRIZZLY ADAM"},"image":{"@id":"https:\/\/project1-mke5mv4jgx.live-website.com\/#\/schema\/logo\/image\/"},"sameAs":["https:\/\/www.facebook.com\/grizzlyadamuk","https:\/\/x.com\/grizzlyadamuk","https:\/\/www.instagram.com\/grizzlyadamuk\/"]}]}},"df_price":9.99,"df_sale_price":"","df_regular_price":9.99,"df_image_link":"https:\/\/grizzlyadam.co.uk\/wp-content\/uploads\/2017\/02\/Travel_wash-300x300.jpg","_links":{"self":[{"href":"https:\/\/grizzlyadam.co.uk\/fr\/wp-json\/wp\/v2\/product\/2249","targetHints":{"allow":["GET"]}}],"collection":[{"href":"https:\/\/grizzlyadam.co.uk\/fr\/wp-json\/wp\/v2\/product"}],"about":[{"href":"https:\/\/grizzlyadam.co.uk\/fr\/wp-json\/wp\/v2\/types\/product"}],"replies":[{"embeddable":true,"href":"https:\/\/grizzlyadam.co.uk\/fr\/wp-json\/wp\/v2\/comments?post=2249"}],"wp:featuredmedia":[{"embeddable":true,"href":"https:\/\/grizzlyadam.co.uk\/fr\/wp-json\/wp\/v2\/media\/2250"}],"wp:attachment":[{"href":"https:\/\/grizzlyadam.co.uk\/fr\/wp-json\/wp\/v2\/media?parent=2249"}],"wp:term":[{"taxonomy":"product_brand","embeddable":true,"href":"https:\/\/grizzlyadam.co.uk\/fr\/wp-json\/wp\/v2\/product_brand?post=2249"},{"taxonomy":"product_cat","embeddable":true,"href":"https:\/\/grizzlyadam.co.uk\/fr\/wp-json\/wp\/v2\/product_cat?post=2249"},{"taxonomy":"product_tag","embeddable":true,"href":"https:\/\/grizzlyadam.co.uk\/fr\/wp-json\/wp\/v2\/product_tag?post=2249"}],"curies":[{"name":"wp","href":"https:\/\/api.w.org\/{rel}","templated":true}]}}