{"id":2247,"date":"2017-02-19T15:55:00","date_gmt":"2017-02-19T15:55:00","guid":{"rendered":"https:\/\/grizzlyadam.co.uk\/product\/beard-oil-cedar-lime-100-natural-moisturizes-beard-hair-and-skin-eliminates-itching-and-dandruff\/"},"modified":"2021-08-21T09:42:31","modified_gmt":"2021-08-21T08:42:31","slug":"beard-oil-cedar-lime-100-natural-moisturizes-beard-hair-and-skin-eliminates-itching-and-dandruff","status":"publish","type":"product","link":"https:\/\/grizzlyadam.co.uk\/fr\/produit\/beard-oil-cedar-lime-100-natural-moisturizes-beard-hair-and-skin-eliminates-itching-and-dandruff\/","title":{"rendered":"Huile \u00e0 barbe | Cedar &amp; Lime | 100% Natural | Hydrate les poils et la peau de la barbe, \u00e9limine les d\u00e9mangeaisons et les pellicules"},"content":{"rendered":"<p><strong>Ingr\u00e9dients :<\/strong><br \/>\nPrunus Amygdalus Dulis (huile d'amande), Argania Spinosa Kernel (huile d'argan), Cedrus Deodara (huile de bois de c\u00e8dre), Citrus Aurantifolia (huile de citron vert), Limonene, Linalool.<\/p>\n<p><strong>Directions :<\/strong><br \/>\nCommencez par une pompe d'huile \u00e0 barbe Grizzly Adam en appliquant principalement sur les racines - Appliquez plus g\u00e9n\u00e9reusement au fur et \u00e0 mesure que la confiance grandit Pour de meilleurs r\u00e9sultats, utilisez deux fois par jour - massez doucement votre barbe uniform\u00e9ment chaque matin et chaque soir pour des r\u00e9sultats optimaux.<\/p>\n<p><strong>Pourquoi utiliser une huile \u00e0 barbe ?<\/strong><\/p>\n<p>Que vous ayez une petite barbe ronde et \u00e9l\u00e9gante ou une grande barbe carr\u00e9e qui attire l'attention, vous pouvez la conserver avec un minimum d'efforts. Pour que votre barbe soit remarqu\u00e9e, il faut qu'elle soit saine, lisse et brillante \u00e0 tout moment. L'huile \u00e0 barbe Grizzly Adam est un moyen fantastique d'y parvenir.<\/p>\n<p>L'huile de barbe est de plus en plus populaire ces derniers temps et d\u00e8s votre premi\u00e8re utilisation, il devrait \u00eatre \u00e9vident de comprendre pourquoi. Si vous ne savez toujours pas pourquoi utiliser une huile de barbe, voici quelques informations qui pourraient vous aider \u00e0 vous d\u00e9cider.<\/p>\n<p><strong>Aide \u00e0 prendre soin de votre peau et de votre barbe<\/strong><\/p>\n<p>L'huile \u00e0 barbe permet d'hydrater votre peau et de prendre soin de votre barbe en m\u00eame temps. Elle apporte de l'huile essentielle \u00e0 votre peau et celle-ci p\u00e9n\u00e8tre dans les follicules de vos poils. Lorsque vos follicules pileux sont bien hydrat\u00e9s, vos cheveux ne se dess\u00e8chent pas et ne deviennent pas cassants. La peau hydrat\u00e9e est douce et lisse et l'utilisation d'une huile \u00e0 barbe permet d'\u00e9viter les d\u00e9mangeaisons et les squames qui peuvent causer de l'inconfort.<\/p>\n<p>Facile \u00e0 appliquer et ne prend que quelques secondes. Appliquez quelques gouttes dans la paume de votre main, frottez vos mains l'une contre l'autre, puis passez vos doigts dans votre barbe. Si vous vous peignez ensuite, votre barbe sera convenablement couverte. L'huile de barbe sera absorb\u00e9e en 20 \u00e0 30 minutes environ et laissera votre barbe avec une belle brillance.<\/p>\n<p>En utilisant une huile \u00e0 barbe, votre barbe sera brillante, plus douce et sentira bon. Cela vous aidera \u00e0 para\u00eetre plus soign\u00e9 avec un minimum d'effort. En peignant votre barbe apr\u00e8s avoir appliqu\u00e9 l'huile \u00e0 barbe, vous aurez une barbe propre et soign\u00e9e qui s\u00e8chera lentement au fur et \u00e0 mesure que l'huile est absorb\u00e9e. L'huile \u00e0 barbe peut aider \u00e0 lisser les poils indisciplin\u00e9s et \u00e9viter \u00e0 votre barbe d'avoir l'air n\u00e9glig\u00e9e.<\/p>\n<p>PURE et NATURELLE - 100% huiles naturelles et huiles essentielles pour maintenir la barbe et la moustache de tout gentleman en parfait \u00e9tat.<\/p>\n<p><strong>Pourquoi choisir Grizzly Adam<\/strong><\/p>\n<p>PREND SOIN DE VOTRE PEAU ET DE VOTRE BARBE - L'huile \u00e0 barbe Grizzly Adam aide \u00e0 hydrater votre peau et \u00e0 prendre soin de votre barbe en m\u00eame temps. Elle fournit de l'huile essentielle \u00e0 votre peau et celle-ci p\u00e9n\u00e8tre dans les follicules de vos poils. Lorsque vos follicules pileux sont bien hydrat\u00e9s, vos cheveux ne se dess\u00e8chent pas et ne deviennent pas cassants. La peau hydrat\u00e9e sera douce et lisse et l'utilisation d'une huile \u00e0 barbe permet d'\u00e9viter les d\u00e9mangeaisons et les squames qui peuvent causer de l'inconfort.<br \/>\n100% SATISFACTION GARANTIE : Votre satisfaction est tr\u00e8s importante. Si vous n'\u00eates pas enti\u00e8rement satisfait de votre achat, n'h\u00e9sitez pas \u00e0 retourner l'huile de barbe Grizzly Adam pour un remboursement complet et rapide.<\/p>","protected":false},"excerpt":{"rendered":"<ul class=\"a-vertical a-spacing-none\">\n<li><span class=\"a-list-item\"> HUILE DE BARBE PREMIUM - Gardez votre barbe saine, soign\u00e9e et apprivois\u00e9e naturellement. Hydrate les poils et la peau de la barbe, \u00e9limine les d\u00e9mangeaisons et les pellicules pour une barbe agr\u00e9able et respectable. Utiliser quotidiennement pour un effet optimal de la barbe.<\/span><\/li>\n<li><span class=\"a-list-item\"> BOUTEILLE DE VOYAGE 30ML - Parfaitement adapt\u00e9e pour la salle de sport, un week-end ou des vacances lointaines, l'huile \u00e0 barbe Grizzly Adam 30ml format voyage est dot\u00e9e d'une bouteille l\u00e9g\u00e8re et d'une pompe facile \u00e0 contr\u00f4ler qui vous assure une quantit\u00e9 parfaite \u00e0 chaque fois.<\/span><\/li>\n<li><span class=\"a-list-item\"> \u00c9CLAT DE SANT\u00c9 - Renforce les cheveux \u00e0 partir de la racine et les nourrit en profondeur, rajeunissant les cheveux et les follicules pileux pour leur donner un \u00e9clat de sant\u00e9 naturel.<\/span><\/li>\n<\/ul>","protected":false},"featured_media":6589,"comment_status":"open","ping_status":"closed","template":"","meta":[],"product_brand":[],"product_cat":[250,65],"product_tag":[66],"class_list":{"0":"post-2247","1":"product","2":"type-product","3":"status-publish","4":"has-post-thumbnail","6":"product_cat-beard-growth","7":"product_cat-beard-oil","8":"product_tag-beard-oil","10":"first","11":"instock","12":"taxable","13":"shipping-taxable","14":"purchasable","15":"product-type-simple"},"yoast_head":"<!-- This site is optimized with the Yoast SEO plugin v27.2 - https:\/\/yoast.com\/product\/yoast-seo-wordpress\/ -->\n<title>Beard Oil | Cedar &amp; Lime | 100% Natural | Moisturizes Beard Hair and Skin, Eliminates Itching and Dandruff - Grizzly Adam<\/title>\n<meta name=\"robots\" content=\"index, follow, max-snippet:-1, max-image-preview:large, max-video-preview:-1\" \/>\n<link rel=\"canonical\" href=\"https:\/\/grizzlyadam.co.uk\/fr\/produit\/beard-oil-cedar-lime-100-natural-moisturizes-beard-hair-and-skin-eliminates-itching-and-dandruff\/\" \/>\n<meta property=\"og:locale\" content=\"fr_FR\" \/>\n<meta property=\"og:type\" content=\"article\" \/>\n<meta property=\"og:title\" content=\"Beard Oil | Cedar &amp; Lime | 100% Natural | Moisturizes Beard Hair and Skin, Eliminates Itching and Dandruff - Grizzly Adam\" \/>\n<meta property=\"og:description\" content=\"PREMIUM BEARD OIL - Keep Your Beard Healthy, Groomed and Tamed Naturally. Moisturizes Beard Hair and Skin, Eliminates Itching and Dandruff (Beard-druff) for a kissable and respectable beard. Use daily for the best beard effect.   TRAVEL SIZE 30ML BOTTLE - Perfectly sized for the gym, a weekend away or faraway holidays, Grizzly Adam Beard Oil 30ml Travel Size features a lightweight bottle with an easy to control pump that ensures you get the perfect amount every time.   HEALTHY SHINE - Strengthens the hair from the root and gives deep nourishment, rejuvenating the hair and hair follicles providing a natural healthy shine.\" \/>\n<meta property=\"og:url\" content=\"https:\/\/grizzlyadam.co.uk\/fr\/produit\/beard-oil-cedar-lime-100-natural-moisturizes-beard-hair-and-skin-eliminates-itching-and-dandruff\/\" \/>\n<meta property=\"og:site_name\" content=\"Grizzly Adam\" \/>\n<meta property=\"article:publisher\" content=\"https:\/\/www.facebook.com\/grizzlyadamuk\" \/>\n<meta property=\"article:modified_time\" content=\"2021-08-21T08:42:31+00:00\" \/>\n<meta property=\"og:image\" content=\"https:\/\/project1-mke5mv4jgx.live-website.com\/wp-content\/uploads\/2017\/08\/597c472fa58437.51313030.jpg\" \/>\n\t<meta property=\"og:image:width\" content=\"750\" \/>\n\t<meta property=\"og:image:height\" content=\"750\" \/>\n\t<meta property=\"og:image:type\" content=\"image\/jpeg\" \/>\n<meta name=\"twitter:card\" content=\"summary_large_image\" \/>\n<meta name=\"twitter:site\" content=\"@grizzlyadamuk\" \/>\n<meta name=\"twitter:label1\" content=\"Dur\u00e9e de lecture estim\u00e9e\" \/>\n\t<meta name=\"twitter:data1\" content=\"3 minutes\" \/>\n<script type=\"application\/ld+json\" class=\"yoast-schema-graph\">{\"@context\":\"https:\/\/schema.org\",\"@graph\":[{\"@type\":\"WebPage\",\"@id\":\"https:\/\/grizzlyadam.co.uk\/product\/beard-oil-cedar-lime-100-natural-moisturizes-beard-hair-and-skin-eliminates-itching-and-dandruff\/\",\"url\":\"https:\/\/grizzlyadam.co.uk\/product\/beard-oil-cedar-lime-100-natural-moisturizes-beard-hair-and-skin-eliminates-itching-and-dandruff\/\",\"name\":\"Beard Oil | Cedar & Lime | 100% Natural | Moisturizes Beard Hair and Skin, Eliminates Itching and Dandruff - Grizzly Adam\",\"isPartOf\":{\"@id\":\"https:\/\/project1-mke5mv4jgx.live-website.com\/#website\"},\"primaryImageOfPage\":{\"@id\":\"https:\/\/grizzlyadam.co.uk\/product\/beard-oil-cedar-lime-100-natural-moisturizes-beard-hair-and-skin-eliminates-itching-and-dandruff\/#primaryimage\"},\"image\":{\"@id\":\"https:\/\/grizzlyadam.co.uk\/product\/beard-oil-cedar-lime-100-natural-moisturizes-beard-hair-and-skin-eliminates-itching-and-dandruff\/#primaryimage\"},\"thumbnailUrl\":\"https:\/\/grizzlyadam.co.uk\/wp-content\/uploads\/2017\/08\/597c472fa58437.51313030.jpg\",\"datePublished\":\"2017-02-19T15:55:00+00:00\",\"dateModified\":\"2021-08-21T08:42:31+00:00\",\"breadcrumb\":{\"@id\":\"https:\/\/grizzlyadam.co.uk\/product\/beard-oil-cedar-lime-100-natural-moisturizes-beard-hair-and-skin-eliminates-itching-and-dandruff\/#breadcrumb\"},\"inLanguage\":\"fr-FR\",\"potentialAction\":[{\"@type\":\"ReadAction\",\"target\":[\"https:\/\/grizzlyadam.co.uk\/product\/beard-oil-cedar-lime-100-natural-moisturizes-beard-hair-and-skin-eliminates-itching-and-dandruff\/\"]}]},{\"@type\":\"ImageObject\",\"inLanguage\":\"fr-FR\",\"@id\":\"https:\/\/grizzlyadam.co.uk\/product\/beard-oil-cedar-lime-100-natural-moisturizes-beard-hair-and-skin-eliminates-itching-and-dandruff\/#primaryimage\",\"url\":\"https:\/\/grizzlyadam.co.uk\/wp-content\/uploads\/2017\/08\/597c472fa58437.51313030.jpg\",\"contentUrl\":\"https:\/\/grizzlyadam.co.uk\/wp-content\/uploads\/2017\/08\/597c472fa58437.51313030.jpg\",\"width\":750,\"height\":750},{\"@type\":\"BreadcrumbList\",\"@id\":\"https:\/\/grizzlyadam.co.uk\/product\/beard-oil-cedar-lime-100-natural-moisturizes-beard-hair-and-skin-eliminates-itching-and-dandruff\/#breadcrumb\",\"itemListElement\":[{\"@type\":\"ListItem\",\"position\":1,\"name\":\"Home\",\"item\":\"https:\/\/grizzlyadam.co.uk\/\"},{\"@type\":\"ListItem\",\"position\":2,\"name\":\"Shop\",\"item\":\"https:\/\/project1-mke5mv4jgx.live-website.com\/shop\/\"},{\"@type\":\"ListItem\",\"position\":3,\"name\":\"Beard Oil | Cedar &#038; Lime | 100% Natural | Moisturizes Beard Hair and Skin, Eliminates Itching and Dandruff\"}]},{\"@type\":\"WebSite\",\"@id\":\"https:\/\/project1-mke5mv4jgx.live-website.com\/#website\",\"url\":\"https:\/\/project1-mke5mv4jgx.live-website.com\/\",\"name\":\"Grizzly Adam\",\"description\":\"Beard Oil And Grooming Products For Gentlemen\",\"publisher\":{\"@id\":\"https:\/\/project1-mke5mv4jgx.live-website.com\/#organization\"},\"potentialAction\":[{\"@type\":\"SearchAction\",\"target\":{\"@type\":\"EntryPoint\",\"urlTemplate\":\"https:\/\/project1-mke5mv4jgx.live-website.com\/?s={search_term_string}\"},\"query-input\":{\"@type\":\"PropertyValueSpecification\",\"valueRequired\":true,\"valueName\":\"search_term_string\"}}],\"inLanguage\":\"fr-FR\"},{\"@type\":\"Organization\",\"@id\":\"https:\/\/project1-mke5mv4jgx.live-website.com\/#organization\",\"name\":\"GRIZZLY ADAM\",\"url\":\"https:\/\/project1-mke5mv4jgx.live-website.com\/\",\"logo\":{\"@type\":\"ImageObject\",\"inLanguage\":\"fr-FR\",\"@id\":\"https:\/\/project1-mke5mv4jgx.live-website.com\/#\/schema\/logo\/image\/\",\"url\":\"https:\/\/grizzlyadam.co.uk\/wp-content\/uploads\/2019\/11\/gadamlogo.png\",\"contentUrl\":\"https:\/\/grizzlyadam.co.uk\/wp-content\/uploads\/2019\/11\/gadamlogo.png\",\"width\":\"200\",\"height\":\"200\",\"caption\":\"GRIZZLY ADAM\"},\"image\":{\"@id\":\"https:\/\/project1-mke5mv4jgx.live-website.com\/#\/schema\/logo\/image\/\"},\"sameAs\":[\"https:\/\/www.facebook.com\/grizzlyadamuk\",\"https:\/\/x.com\/grizzlyadamuk\",\"https:\/\/www.instagram.com\/grizzlyadamuk\/\"]}]}<\/script>\n<!-- \/ Yoast SEO plugin. -->","yoast_head_json":{"title":"Beard Oil | Cedar & Lime | 100% Natural | Moisturizes Beard Hair and Skin, Eliminates Itching and Dandruff - Grizzly Adam","robots":{"index":"index","follow":"follow","max-snippet":"max-snippet:-1","max-image-preview":"max-image-preview:large","max-video-preview":"max-video-preview:-1"},"canonical":"https:\/\/grizzlyadam.co.uk\/fr\/produit\/beard-oil-cedar-lime-100-natural-moisturizes-beard-hair-and-skin-eliminates-itching-and-dandruff\/","og_locale":"fr_FR","og_type":"article","og_title":"Beard Oil | Cedar & Lime | 100% Natural | Moisturizes Beard Hair and Skin, Eliminates Itching and Dandruff - Grizzly Adam","og_description":"PREMIUM BEARD OIL - Keep Your Beard Healthy, Groomed and Tamed Naturally. Moisturizes Beard Hair and Skin, Eliminates Itching and Dandruff (Beard-druff) for a kissable and respectable beard. Use daily for the best beard effect.   TRAVEL SIZE 30ML BOTTLE - Perfectly sized for the gym, a weekend away or faraway holidays, Grizzly Adam Beard Oil 30ml Travel Size features a lightweight bottle with an easy to control pump that ensures you get the perfect amount every time.   HEALTHY SHINE - Strengthens the hair from the root and gives deep nourishment, rejuvenating the hair and hair follicles providing a natural healthy shine.","og_url":"https:\/\/grizzlyadam.co.uk\/fr\/produit\/beard-oil-cedar-lime-100-natural-moisturizes-beard-hair-and-skin-eliminates-itching-and-dandruff\/","og_site_name":"Grizzly Adam","article_publisher":"https:\/\/www.facebook.com\/grizzlyadamuk","article_modified_time":"2021-08-21T08:42:31+00:00","og_image":[{"width":750,"height":750,"url":"https:\/\/project1-mke5mv4jgx.live-website.com\/wp-content\/uploads\/2017\/08\/597c472fa58437.51313030.jpg","type":"image\/jpeg"}],"twitter_card":"summary_large_image","twitter_site":"@grizzlyadamuk","twitter_misc":{"Dur\u00e9e de lecture estim\u00e9e":"3 minutes"},"schema":{"@context":"https:\/\/schema.org","@graph":[{"@type":"WebPage","@id":"https:\/\/grizzlyadam.co.uk\/product\/beard-oil-cedar-lime-100-natural-moisturizes-beard-hair-and-skin-eliminates-itching-and-dandruff\/","url":"https:\/\/grizzlyadam.co.uk\/product\/beard-oil-cedar-lime-100-natural-moisturizes-beard-hair-and-skin-eliminates-itching-and-dandruff\/","name":"Beard Oil | Cedar & Lime | 100% Natural | Moisturizes Beard Hair and Skin, Eliminates Itching and Dandruff - Grizzly Adam","isPartOf":{"@id":"https:\/\/project1-mke5mv4jgx.live-website.com\/#website"},"primaryImageOfPage":{"@id":"https:\/\/grizzlyadam.co.uk\/product\/beard-oil-cedar-lime-100-natural-moisturizes-beard-hair-and-skin-eliminates-itching-and-dandruff\/#primaryimage"},"image":{"@id":"https:\/\/grizzlyadam.co.uk\/product\/beard-oil-cedar-lime-100-natural-moisturizes-beard-hair-and-skin-eliminates-itching-and-dandruff\/#primaryimage"},"thumbnailUrl":"https:\/\/grizzlyadam.co.uk\/wp-content\/uploads\/2017\/08\/597c472fa58437.51313030.jpg","datePublished":"2017-02-19T15:55:00+00:00","dateModified":"2021-08-21T08:42:31+00:00","breadcrumb":{"@id":"https:\/\/grizzlyadam.co.uk\/product\/beard-oil-cedar-lime-100-natural-moisturizes-beard-hair-and-skin-eliminates-itching-and-dandruff\/#breadcrumb"},"inLanguage":"fr-FR","potentialAction":[{"@type":"ReadAction","target":["https:\/\/grizzlyadam.co.uk\/product\/beard-oil-cedar-lime-100-natural-moisturizes-beard-hair-and-skin-eliminates-itching-and-dandruff\/"]}]},{"@type":"ImageObject","inLanguage":"fr-FR","@id":"https:\/\/grizzlyadam.co.uk\/product\/beard-oil-cedar-lime-100-natural-moisturizes-beard-hair-and-skin-eliminates-itching-and-dandruff\/#primaryimage","url":"https:\/\/grizzlyadam.co.uk\/wp-content\/uploads\/2017\/08\/597c472fa58437.51313030.jpg","contentUrl":"https:\/\/grizzlyadam.co.uk\/wp-content\/uploads\/2017\/08\/597c472fa58437.51313030.jpg","width":750,"height":750},{"@type":"BreadcrumbList","@id":"https:\/\/grizzlyadam.co.uk\/product\/beard-oil-cedar-lime-100-natural-moisturizes-beard-hair-and-skin-eliminates-itching-and-dandruff\/#breadcrumb","itemListElement":[{"@type":"ListItem","position":1,"name":"Home","item":"https:\/\/grizzlyadam.co.uk\/"},{"@type":"ListItem","position":2,"name":"Shop","item":"https:\/\/project1-mke5mv4jgx.live-website.com\/shop\/"},{"@type":"ListItem","position":3,"name":"Beard Oil | Cedar &#038; Lime | 100% Natural | Moisturizes Beard Hair and Skin, Eliminates Itching and Dandruff"}]},{"@type":"WebSite","@id":"https:\/\/project1-mke5mv4jgx.live-website.com\/#website","url":"https:\/\/project1-mke5mv4jgx.live-website.com\/","name":"Grizzly Adam","description":"Huile \u00e0 barbe et produits de toilettage pour hommes","publisher":{"@id":"https:\/\/project1-mke5mv4jgx.live-website.com\/#organization"},"potentialAction":[{"@type":"SearchAction","target":{"@type":"EntryPoint","urlTemplate":"https:\/\/project1-mke5mv4jgx.live-website.com\/?s={search_term_string}"},"query-input":{"@type":"PropertyValueSpecification","valueRequired":true,"valueName":"search_term_string"}}],"inLanguage":"fr-FR"},{"@type":"Organization","@id":"https:\/\/project1-mke5mv4jgx.live-website.com\/#organization","name":"GRIZZLY ADAM","url":"https:\/\/project1-mke5mv4jgx.live-website.com\/","logo":{"@type":"ImageObject","inLanguage":"fr-FR","@id":"https:\/\/project1-mke5mv4jgx.live-website.com\/#\/schema\/logo\/image\/","url":"https:\/\/grizzlyadam.co.uk\/wp-content\/uploads\/2019\/11\/gadamlogo.png","contentUrl":"https:\/\/grizzlyadam.co.uk\/wp-content\/uploads\/2019\/11\/gadamlogo.png","width":"200","height":"200","caption":"GRIZZLY ADAM"},"image":{"@id":"https:\/\/project1-mke5mv4jgx.live-website.com\/#\/schema\/logo\/image\/"},"sameAs":["https:\/\/www.facebook.com\/grizzlyadamuk","https:\/\/x.com\/grizzlyadamuk","https:\/\/www.instagram.com\/grizzlyadamuk\/"]}]}},"df_price":14.99,"df_sale_price":"","df_regular_price":14.99,"df_image_link":"https:\/\/grizzlyadam.co.uk\/wp-content\/uploads\/2017\/08\/597c472fa58437.51313030-300x300.jpg","_links":{"self":[{"href":"https:\/\/grizzlyadam.co.uk\/fr\/wp-json\/wp\/v2\/product\/2247","targetHints":{"allow":["GET"]}}],"collection":[{"href":"https:\/\/grizzlyadam.co.uk\/fr\/wp-json\/wp\/v2\/product"}],"about":[{"href":"https:\/\/grizzlyadam.co.uk\/fr\/wp-json\/wp\/v2\/types\/product"}],"replies":[{"embeddable":true,"href":"https:\/\/grizzlyadam.co.uk\/fr\/wp-json\/wp\/v2\/comments?post=2247"}],"wp:featuredmedia":[{"embeddable":true,"href":"https:\/\/grizzlyadam.co.uk\/fr\/wp-json\/wp\/v2\/media\/6589"}],"wp:attachment":[{"href":"https:\/\/grizzlyadam.co.uk\/fr\/wp-json\/wp\/v2\/media?parent=2247"}],"wp:term":[{"taxonomy":"product_brand","embeddable":true,"href":"https:\/\/grizzlyadam.co.uk\/fr\/wp-json\/wp\/v2\/product_brand?post=2247"},{"taxonomy":"product_cat","embeddable":true,"href":"https:\/\/grizzlyadam.co.uk\/fr\/wp-json\/wp\/v2\/product_cat?post=2247"},{"taxonomy":"product_tag","embeddable":true,"href":"https:\/\/grizzlyadam.co.uk\/fr\/wp-json\/wp\/v2\/product_tag?post=2247"}],"curies":[{"name":"wp","href":"https:\/\/api.w.org\/{rel}","templated":true}]}}