{"id":2242,"date":"2017-02-19T15:54:57","date_gmt":"2017-02-19T15:54:57","guid":{"rendered":"https:\/\/grizzlyadam.co.uk\/product\/glitter-beard-kit\/"},"modified":"2020-06-20T09:50:49","modified_gmt":"2020-06-20T08:50:49","slug":"glitter-beard-kit","status":"publish","type":"product","link":"https:\/\/grizzlyadam.co.uk\/fr\/produit\/glitter-beard-kit\/","title":{"rendered":"Kit barbe paillet\u00e9e"},"content":{"rendered":"<p>Qu'on l'aime ou qu'on la d\u00e9teste, la barbe est l'accessoire personnel de l'homme qui lui conf\u00e8re son caract\u00e8re unique et lorsqu'il a les moyens de cr\u00e9er la barbe \u00e0 paillettes ultime, il dispose de l'outil parfait pour \u00e9blouir et briller sous plus de facettes qu'il ne pourrait l'imaginer.<\/p>\n<p>Personnellement, et c'est un choix personnel, on peut cr\u00e9er une pr\u00e9sence magnifique en utilisant son apparence pour briller et s\u00e9duire. Si vous avez le courage d'aller de l'avant et d'\u00eatre diff\u00e9rent, vous avez le pouvoir d'\u00eatre aussi unique que vous l'\u00eates et il y a plusieurs fa\u00e7ons d'obtenir la barbe scintillante parfaite, la plus attrayante.<\/p>\n<p>Qu'est-ce qu'une barbe paillet\u00e9e ?<br \/>\nC'est une expression de l'individualit\u00e9 et n'importe qui avec une barbe de bonne proportion peut en obtenir une. Le ph\u00e9nom\u00e8ne a commenc\u00e9 il y a quelques ann\u00e9es seulement, lorsque deux amis portant chacun une barbe ont cr\u00e9\u00e9 une page Instagram. Les deux \"barbus gays\", comme on les appelle, ont aussi un nom. Brian et Johnathan sont des personnes heureuses, aimant s'amuser et se moquant des conventions, ce qui d\u00e9teint sur la soci\u00e9t\u00e9. Apr\u00e8s avoir laiss\u00e9 pousser leur barbe, ils ont d\u00e9cid\u00e9 de la \"laquer\", puis d'y ajouter des paillettes. C'est \u00e0 peu pr\u00e8s tout ce qu'ils ont fait jusqu'\u00e0 ce qu'ils perfectionnent leur application.<\/p>","protected":false},"excerpt":{"rendered":"<p>\"Les barbes paillet\u00e9es sont devenues une r\u00e9alit\u00e9 et de plus en plus d'hommes sautent dans le train des paillettes.<br \/>\nQue ces hipsters utilisent un petit \u00e9clat de paillettes ou une explosion de m\u00e8ches multicolores, c'est quelque chose qu'il faut essayer.<\/p>\n<ul class=\"a-vertical a-spacing-none\">\n<li class=\"showHiddenFeatureBullets\"><span class=\"a-list-item\">METTEZ DE L'\u00c9CLAT DANS VOTRE BARBE AVEC LE KIT DE BARRE DE GLITTER GRIZZLY ADAM - Pour les hommes qui veulent mettre de l'\u00e9clat dans leur vie, lors d'une f\u00eate de No\u00ebl ou d'une soir\u00e9e d\u00e9guis\u00e9e.<\/span><\/li>\n<li class=\"showHiddenFeatureBullets\"><span class=\"a-list-item\">FACILE \u00c0 APPLIQUER - Il suffit de faire p\u00e9n\u00e9trer l'huile \u00e0 barbe dans votre barbe et de saupoudrer les paillettes.<\/span><\/li>\n<li class=\"showHiddenFeatureBullets\">POUR LES HOMMES AU FUZZ FACIAL - Ne convient pas aux hommes qui ne peuvent pas se laisser pousser une barbe \u00e9pique.<\/li>\n<li class=\"showHiddenFeatureBullets\">BO\u00ceTIER CADEAU FAIT MAIN - Livr\u00e9 dans un coffret cadeau fait main avec 1 x 30ml d'huile \u00e0 barbe grizzly adam, 3 x pots de paillettes \u00e0 barbe (rouge, argent et or) et 1 x fiche d'instructions.<\/li>\n<li>Nouveau pour 2019 - Inclut d\u00e9sormais un Beard wash de 30ml pour nettoyer les poils du visage apr\u00e8s votre aventure de paillettes de barbe.<\/li>\n<\/ul>","protected":false},"featured_media":15703,"comment_status":"open","ping_status":"closed","template":"","meta":[],"product_brand":[],"product_cat":[99,90],"product_tag":[],"class_list":{"0":"post-2242","1":"product","2":"type-product","3":"status-publish","4":"has-post-thumbnail","6":"product_cat-beard-fun","7":"product_cat-hair-care","9":"first","10":"instock","11":"taxable","12":"shipping-taxable","13":"purchasable","14":"product-type-simple"},"yoast_head":"<!-- This site is optimized with the Yoast SEO plugin v27.4 - https:\/\/yoast.com\/product\/yoast-seo-wordpress\/ -->\n<title>Glitter Beard Kit - Grizzly Adam<\/title>\n<meta name=\"robots\" content=\"index, follow, max-snippet:-1, max-image-preview:large, max-video-preview:-1\" \/>\n<link rel=\"canonical\" href=\"https:\/\/grizzlyadam.co.uk\/fr\/produit\/glitter-beard-kit\/\" \/>\n<meta property=\"og:locale\" content=\"fr_FR\" \/>\n<meta property=\"og:type\" content=\"article\" \/>\n<meta property=\"og:title\" content=\"Glitter Beard Kit - Grizzly Adam\" \/>\n<meta property=\"og:description\" content=\"\u201cGlitter Beards\u201d have now become a real thing, and more and more men are jumping on the glitter-wagon. Whether these hipsters use a small glow of glitter, or an in-your-face-extravaganza of multicolored locks,\u00a0this is something you gotta try.   BLING UP YOUR BEARD WITH THE GRIZZLY ADAM GLITTER BEARD KIT - For men who want to sparkle up their life, christmas party or fancy dress night out  EASY TO APPLY - Simply rub the Beard Oil into your beard and sprinkle on the glitter  FOR MEN WITH FACIAL FUZZ - Not suitable for men who can&#039;t grow epic beards  HANDMADE GIFT BOX - Comes in a handmade gift box with 1 x 30ml grizzly adam beard oil, 3 x pots beard glitter (Red, Silver &amp; Gold) and\u00a01 x instruction sheet  New for 2019 - Now includes a 30ml Beard wash to clean facial hair after your beard glitter adventure.\" \/>\n<meta property=\"og:url\" content=\"https:\/\/grizzlyadam.co.uk\/fr\/produit\/glitter-beard-kit\/\" \/>\n<meta property=\"og:site_name\" content=\"Grizzly Adam\" \/>\n<meta property=\"article:publisher\" content=\"https:\/\/www.facebook.com\/grizzlyadamuk\" \/>\n<meta property=\"article:modified_time\" content=\"2020-06-20T08:50:49+00:00\" \/>\n<meta property=\"og:image\" content=\"https:\/\/project1-mke5mv4jgx.live-website.com\/wp-content\/uploads\/2017\/02\/IMG_6818_Moment.jpg\" \/>\n\t<meta property=\"og:image:width\" content=\"1080\" \/>\n\t<meta property=\"og:image:height\" content=\"1440\" \/>\n\t<meta property=\"og:image:type\" content=\"image\/jpeg\" \/>\n<meta name=\"twitter:card\" content=\"summary_large_image\" \/>\n<meta name=\"twitter:site\" content=\"@grizzlyadamuk\" \/>\n<meta name=\"twitter:label1\" content=\"Dur\u00e9e de lecture estim\u00e9e\" \/>\n\t<meta name=\"twitter:data1\" content=\"1 minute\" \/>\n<script type=\"application\/ld+json\" class=\"yoast-schema-graph\">{\"@context\":\"https:\\\/\\\/schema.org\",\"@graph\":[{\"@type\":\"WebPage\",\"@id\":\"https:\\\/\\\/grizzlyadam.co.uk\\\/product\\\/glitter-beard-kit\\\/\",\"url\":\"https:\\\/\\\/grizzlyadam.co.uk\\\/product\\\/glitter-beard-kit\\\/\",\"name\":\"Glitter Beard Kit - Grizzly Adam\",\"isPartOf\":{\"@id\":\"https:\\\/\\\/project1-mke5mv4jgx.live-website.com\\\/#website\"},\"primaryImageOfPage\":{\"@id\":\"https:\\\/\\\/grizzlyadam.co.uk\\\/product\\\/glitter-beard-kit\\\/#primaryimage\"},\"image\":{\"@id\":\"https:\\\/\\\/grizzlyadam.co.uk\\\/product\\\/glitter-beard-kit\\\/#primaryimage\"},\"thumbnailUrl\":\"https:\\\/\\\/grizzlyadam.co.uk\\\/wp-content\\\/uploads\\\/2017\\\/02\\\/IMG_6818_Moment.jpg\",\"datePublished\":\"2017-02-19T15:54:57+00:00\",\"dateModified\":\"2020-06-20T08:50:49+00:00\",\"breadcrumb\":{\"@id\":\"https:\\\/\\\/grizzlyadam.co.uk\\\/product\\\/glitter-beard-kit\\\/#breadcrumb\"},\"inLanguage\":\"fr-FR\",\"potentialAction\":[{\"@type\":\"ReadAction\",\"target\":[\"https:\\\/\\\/grizzlyadam.co.uk\\\/product\\\/glitter-beard-kit\\\/\"]}]},{\"@type\":\"ImageObject\",\"inLanguage\":\"fr-FR\",\"@id\":\"https:\\\/\\\/grizzlyadam.co.uk\\\/product\\\/glitter-beard-kit\\\/#primaryimage\",\"url\":\"https:\\\/\\\/grizzlyadam.co.uk\\\/wp-content\\\/uploads\\\/2017\\\/02\\\/IMG_6818_Moment.jpg\",\"contentUrl\":\"https:\\\/\\\/grizzlyadam.co.uk\\\/wp-content\\\/uploads\\\/2017\\\/02\\\/IMG_6818_Moment.jpg\",\"width\":1080,\"height\":1440,\"caption\":\"glitter beard\"},{\"@type\":\"BreadcrumbList\",\"@id\":\"https:\\\/\\\/grizzlyadam.co.uk\\\/product\\\/glitter-beard-kit\\\/#breadcrumb\",\"itemListElement\":[{\"@type\":\"ListItem\",\"position\":1,\"name\":\"Home\",\"item\":\"https:\\\/\\\/grizzlyadam.co.uk\\\/\"},{\"@type\":\"ListItem\",\"position\":2,\"name\":\"Shop\",\"item\":\"https:\\\/\\\/project1-mke5mv4jgx.live-website.com\\\/shop\\\/\"},{\"@type\":\"ListItem\",\"position\":3,\"name\":\"Glitter Beard Kit\"}]},{\"@type\":\"WebSite\",\"@id\":\"https:\\\/\\\/project1-mke5mv4jgx.live-website.com\\\/#website\",\"url\":\"https:\\\/\\\/project1-mke5mv4jgx.live-website.com\\\/\",\"name\":\"Grizzly Adam\",\"description\":\"Beard Oil And Grooming Products For Gentlemen\",\"publisher\":{\"@id\":\"https:\\\/\\\/project1-mke5mv4jgx.live-website.com\\\/#organization\"},\"potentialAction\":[{\"@type\":\"SearchAction\",\"target\":{\"@type\":\"EntryPoint\",\"urlTemplate\":\"https:\\\/\\\/project1-mke5mv4jgx.live-website.com\\\/?s={search_term_string}\"},\"query-input\":{\"@type\":\"PropertyValueSpecification\",\"valueRequired\":true,\"valueName\":\"search_term_string\"}}],\"inLanguage\":\"fr-FR\"},{\"@type\":\"Organization\",\"@id\":\"https:\\\/\\\/project1-mke5mv4jgx.live-website.com\\\/#organization\",\"name\":\"GRIZZLY ADAM\",\"url\":\"https:\\\/\\\/project1-mke5mv4jgx.live-website.com\\\/\",\"logo\":{\"@type\":\"ImageObject\",\"inLanguage\":\"fr-FR\",\"@id\":\"https:\\\/\\\/project1-mke5mv4jgx.live-website.com\\\/#\\\/schema\\\/logo\\\/image\\\/\",\"url\":\"https:\\\/\\\/grizzlyadam.co.uk\\\/wp-content\\\/uploads\\\/2019\\\/11\\\/gadamlogo.png\",\"contentUrl\":\"https:\\\/\\\/grizzlyadam.co.uk\\\/wp-content\\\/uploads\\\/2019\\\/11\\\/gadamlogo.png\",\"width\":\"200\",\"height\":\"200\",\"caption\":\"GRIZZLY ADAM\"},\"image\":{\"@id\":\"https:\\\/\\\/project1-mke5mv4jgx.live-website.com\\\/#\\\/schema\\\/logo\\\/image\\\/\"},\"sameAs\":[\"https:\\\/\\\/www.facebook.com\\\/grizzlyadamuk\",\"https:\\\/\\\/x.com\\\/grizzlyadamuk\",\"https:\\\/\\\/www.instagram.com\\\/grizzlyadamuk\\\/\"]}]}<\/script>\n<!-- \/ Yoast SEO plugin. -->","yoast_head_json":{"title":"Glitter Beard Kit - Grizzly Adam","robots":{"index":"index","follow":"follow","max-snippet":"max-snippet:-1","max-image-preview":"max-image-preview:large","max-video-preview":"max-video-preview:-1"},"canonical":"https:\/\/grizzlyadam.co.uk\/fr\/produit\/glitter-beard-kit\/","og_locale":"fr_FR","og_type":"article","og_title":"Glitter Beard Kit - Grizzly Adam","og_description":"\u201cGlitter Beards\u201d have now become a real thing, and more and more men are jumping on the glitter-wagon. Whether these hipsters use a small glow of glitter, or an in-your-face-extravaganza of multicolored locks,\u00a0this is something you gotta try.   BLING UP YOUR BEARD WITH THE GRIZZLY ADAM GLITTER BEARD KIT - For men who want to sparkle up their life, christmas party or fancy dress night out  EASY TO APPLY - Simply rub the Beard Oil into your beard and sprinkle on the glitter  FOR MEN WITH FACIAL FUZZ - Not suitable for men who can't grow epic beards  HANDMADE GIFT BOX - Comes in a handmade gift box with 1 x 30ml grizzly adam beard oil, 3 x pots beard glitter (Red, Silver &amp; Gold) and\u00a01 x instruction sheet  New for 2019 - Now includes a 30ml Beard wash to clean facial hair after your beard glitter adventure.","og_url":"https:\/\/grizzlyadam.co.uk\/fr\/produit\/glitter-beard-kit\/","og_site_name":"Grizzly Adam","article_publisher":"https:\/\/www.facebook.com\/grizzlyadamuk","article_modified_time":"2020-06-20T08:50:49+00:00","og_image":[{"width":1080,"height":1440,"url":"https:\/\/project1-mke5mv4jgx.live-website.com\/wp-content\/uploads\/2017\/02\/IMG_6818_Moment.jpg","type":"image\/jpeg"}],"twitter_card":"summary_large_image","twitter_site":"@grizzlyadamuk","twitter_misc":{"Dur\u00e9e de lecture estim\u00e9e":"1 minute"},"schema":{"@context":"https:\/\/schema.org","@graph":[{"@type":"WebPage","@id":"https:\/\/grizzlyadam.co.uk\/product\/glitter-beard-kit\/","url":"https:\/\/grizzlyadam.co.uk\/product\/glitter-beard-kit\/","name":"Glitter Beard Kit - Grizzly Adam","isPartOf":{"@id":"https:\/\/project1-mke5mv4jgx.live-website.com\/#website"},"primaryImageOfPage":{"@id":"https:\/\/grizzlyadam.co.uk\/product\/glitter-beard-kit\/#primaryimage"},"image":{"@id":"https:\/\/grizzlyadam.co.uk\/product\/glitter-beard-kit\/#primaryimage"},"thumbnailUrl":"https:\/\/grizzlyadam.co.uk\/wp-content\/uploads\/2017\/02\/IMG_6818_Moment.jpg","datePublished":"2017-02-19T15:54:57+00:00","dateModified":"2020-06-20T08:50:49+00:00","breadcrumb":{"@id":"https:\/\/grizzlyadam.co.uk\/product\/glitter-beard-kit\/#breadcrumb"},"inLanguage":"fr-FR","potentialAction":[{"@type":"ReadAction","target":["https:\/\/grizzlyadam.co.uk\/product\/glitter-beard-kit\/"]}]},{"@type":"ImageObject","inLanguage":"fr-FR","@id":"https:\/\/grizzlyadam.co.uk\/product\/glitter-beard-kit\/#primaryimage","url":"https:\/\/grizzlyadam.co.uk\/wp-content\/uploads\/2017\/02\/IMG_6818_Moment.jpg","contentUrl":"https:\/\/grizzlyadam.co.uk\/wp-content\/uploads\/2017\/02\/IMG_6818_Moment.jpg","width":1080,"height":1440,"caption":"glitter beard"},{"@type":"BreadcrumbList","@id":"https:\/\/grizzlyadam.co.uk\/product\/glitter-beard-kit\/#breadcrumb","itemListElement":[{"@type":"ListItem","position":1,"name":"Home","item":"https:\/\/grizzlyadam.co.uk\/"},{"@type":"ListItem","position":2,"name":"Shop","item":"https:\/\/project1-mke5mv4jgx.live-website.com\/shop\/"},{"@type":"ListItem","position":3,"name":"Glitter Beard Kit"}]},{"@type":"WebSite","@id":"https:\/\/project1-mke5mv4jgx.live-website.com\/#website","url":"https:\/\/project1-mke5mv4jgx.live-website.com\/","name":"Grizzly Adam","description":"Huile \u00e0 barbe et produits de toilettage pour hommes","publisher":{"@id":"https:\/\/project1-mke5mv4jgx.live-website.com\/#organization"},"potentialAction":[{"@type":"SearchAction","target":{"@type":"EntryPoint","urlTemplate":"https:\/\/project1-mke5mv4jgx.live-website.com\/?s={search_term_string}"},"query-input":{"@type":"PropertyValueSpecification","valueRequired":true,"valueName":"search_term_string"}}],"inLanguage":"fr-FR"},{"@type":"Organization","@id":"https:\/\/project1-mke5mv4jgx.live-website.com\/#organization","name":"GRIZZLY ADAM","url":"https:\/\/project1-mke5mv4jgx.live-website.com\/","logo":{"@type":"ImageObject","inLanguage":"fr-FR","@id":"https:\/\/project1-mke5mv4jgx.live-website.com\/#\/schema\/logo\/image\/","url":"https:\/\/grizzlyadam.co.uk\/wp-content\/uploads\/2019\/11\/gadamlogo.png","contentUrl":"https:\/\/grizzlyadam.co.uk\/wp-content\/uploads\/2019\/11\/gadamlogo.png","width":"200","height":"200","caption":"GRIZZLY ADAM"},"image":{"@id":"https:\/\/project1-mke5mv4jgx.live-website.com\/#\/schema\/logo\/image\/"},"sameAs":["https:\/\/www.facebook.com\/grizzlyadamuk","https:\/\/x.com\/grizzlyadamuk","https:\/\/www.instagram.com\/grizzlyadamuk\/"]}]}},"df_price":24.99,"df_sale_price":"","df_regular_price":24.99,"df_image_link":"https:\/\/grizzlyadam.co.uk\/wp-content\/uploads\/2017\/02\/IMG_6818_Moment-225x300.jpg","_links":{"self":[{"href":"https:\/\/grizzlyadam.co.uk\/fr\/wp-json\/wp\/v2\/product\/2242","targetHints":{"allow":["GET"]}}],"collection":[{"href":"https:\/\/grizzlyadam.co.uk\/fr\/wp-json\/wp\/v2\/product"}],"about":[{"href":"https:\/\/grizzlyadam.co.uk\/fr\/wp-json\/wp\/v2\/types\/product"}],"replies":[{"embeddable":true,"href":"https:\/\/grizzlyadam.co.uk\/fr\/wp-json\/wp\/v2\/comments?post=2242"}],"wp:featuredmedia":[{"embeddable":true,"href":"https:\/\/grizzlyadam.co.uk\/fr\/wp-json\/wp\/v2\/media\/15703"}],"wp:attachment":[{"href":"https:\/\/grizzlyadam.co.uk\/fr\/wp-json\/wp\/v2\/media?parent=2242"}],"wp:term":[{"taxonomy":"product_brand","embeddable":true,"href":"https:\/\/grizzlyadam.co.uk\/fr\/wp-json\/wp\/v2\/product_brand?post=2242"},{"taxonomy":"product_cat","embeddable":true,"href":"https:\/\/grizzlyadam.co.uk\/fr\/wp-json\/wp\/v2\/product_cat?post=2242"},{"taxonomy":"product_tag","embeddable":true,"href":"https:\/\/grizzlyadam.co.uk\/fr\/wp-json\/wp\/v2\/product_tag?post=2242"}],"curies":[{"name":"wp","href":"https:\/\/api.w.org\/{rel}","templated":true}]}}