{"id":2234,"date":"2017-02-19T15:54:50","date_gmt":"2017-02-19T15:54:50","guid":{"rendered":"https:\/\/grizzlyadam.co.uk\/product\/grizzly-adam-hard-clay\/"},"modified":"2020-11-04T17:53:58","modified_gmt":"2020-11-04T17:53:58","slug":"grizzly-adam-hard-clay","status":"publish","type":"product","link":"https:\/\/grizzlyadam.co.uk\/fr\/produit\/grizzly-adam-hard-clay\/","title":{"rendered":"Grizzly Adam Hard Clay"},"content":{"rendered":"<h2>Argile \u00e0 base de cire donnant un fini \u00e0 forte tenue, peu brillant, ajoutant de l'\u00e9paisseur, de la texture et de la dimension aux cheveux des hommes et des gar\u00e7ons. Maintient les cheveux en place toute la journ\u00e9e.<\/h2>\n<p>&nbsp;<\/p>\n<p><b> Pourquoi choisir l'argile dure Grizzly Adam ?<\/b><\/p>\n<p>L'argile Grizzly Adam a une grande force de r\u00e9tention. Elle donne de la s\u00e9paration et du volume, et est tr\u00e8s facile \u00e0 mouler. Si vous avez les cheveux courts et que vous souhaitez obtenir des pointes, mais que vous ne voulez pas utiliser les polym\u00e8res durs de l'\u00e8re spatiale, l'argile est le produit id\u00e9al pour vous.<br \/>\nAttention, il n'est pas assez rigide pour tenir les pointes des cheveux longs. Il est \u00e9galement mat et peu brillant. Il n'est pas con\u00e7u pour une coiffure lisse. Il vous permet plut\u00f4t d'opter pour un look intentionnellement n\u00e9glig\u00e9 ou quelque chose d'un peu nerveux.<\/p>\n<p><b>LES SOINS CAPILLAIRES DE LUXE DANS TOUTE LEUR SPLENDEUR<\/b>.<\/p>\n<p>Cette argile dure de Grizzly Adam est infus\u00e9e d'ingr\u00e9dients naturels tels que l'argile et la cire d'abeille, cette formule unique cr\u00e9e une tenue forte et souple. Enrichie d'extraits naturels pour rendre les cheveux plus \u00e9pais et leur donner plus de corps et de texture, cette cire mall\u00e9able s\u00e9pare, d\u00e9finit et moule les coiffures. Elle apporte de la souplesse aux coiffures et maintient en place m\u00eame les coiffures les plus audacieuses et r\u00e9siste \u00e0 l'agitation de la journ\u00e9e.<br \/>\nVos cheveux n'auront jamais \u00e9t\u00e9 aussi beaux tout au long de la journ\u00e9e.<\/p>","protected":false},"excerpt":{"rendered":"<div id=\"featurebullets_feature_div\" class=\"feature\" data-feature-name=\"featurebullets\">\n<div id=\"feature-bullets\" class=\"a-section a-spacing-medium a-spacing-top-small\">\n<ul class=\"a-vertical a-spacing-none\">\n<li><span class=\"a-list-item\"> Si vous avez besoin de fixer vos cheveux (et de les oublier), optez pour cette argile dure haute tenue de Grizzly Adam.<\/span><\/li>\n<li><span class=\"a-list-item\"> Cette argile unique \u00e0 base de cire ajoute de la texture et cr\u00e9e une d\u00e9finition forte avec un fini mat pour un look soign\u00e9 ou d\u00e9sordonn\u00e9.<\/span><\/li>\n<li><span class=\"a-list-item\"> Elle s'adapte \u00e0 tous les styles et maintient en place toute la journ\u00e9e m\u00eame les coiffures les plus difficiles. Cette argile dure coiffante ajoute de la texture et de la s\u00e9paration aux coiffures longues ou courtes. L'argile donne du corps et de l'\u00e9paisseur aux cheveux, qui paraissent plus \u00e9pais.<\/span><\/li>\n<li><span class=\"a-list-item\"> La formule l\u00e9g\u00e8re s'absorbe rapidement. Vos cheveux n'auront jamais \u00e9t\u00e9 aussi beaux.<\/span><\/li>\n<li><span class=\"a-list-item\"> 100% SATISFACTION GARANTIE : Votre satisfaction est tr\u00e8s importante. Si vous n'\u00eates pas enti\u00e8rement satisfait de votre achat, n'h\u00e9sitez pas \u00e0 retourner l'argile dure Grizzly Adam pour un remboursement complet et rapide.<\/span><\/li>\n<\/ul>\n<\/div>\n<\/div>","protected":false},"featured_media":2235,"comment_status":"open","ping_status":"closed","template":"","meta":[],"product_brand":[],"product_cat":[90,177],"product_tag":[91,92,93,94],"class_list":{"0":"post-2234","1":"product","2":"type-product","3":"status-publish","4":"has-post-thumbnail","6":"product_cat-hair-care","7":"product_cat-subscription","8":"product_tag-clay","9":"product_tag-hair-care","10":"product_tag-styling","11":"product_tag-wax","13":"first","14":"instock","15":"taxable","16":"shipping-taxable","17":"purchasable","18":"product-type-simple"},"yoast_head":"<!-- This site is optimized with the Yoast SEO plugin v27.2 - https:\/\/yoast.com\/product\/yoast-seo-wordpress\/ -->\n<title>Grizzly Adam Hard Clay - Grizzly Adam<\/title>\n<meta name=\"robots\" content=\"index, follow, max-snippet:-1, max-image-preview:large, max-video-preview:-1\" \/>\n<link rel=\"canonical\" href=\"https:\/\/grizzlyadam.co.uk\/fr\/produit\/grizzly-adam-hard-clay\/\" \/>\n<meta property=\"og:locale\" content=\"fr_FR\" \/>\n<meta property=\"og:type\" content=\"article\" \/>\n<meta property=\"og:title\" content=\"Grizzly Adam Hard Clay - Grizzly Adam\" \/>\n<meta property=\"og:description\" content=\"If you need to lock your hair (set and forget), go for this high hold hard clay by Grizzly Adam   This unique wax based clay adds texture and creates strong definition with a matt finish for a groomed or messed up look.   Provides flexibility with all styles and keeps even the fiercest designs in place all day long. This styling hard clay adds texture and separation to long or short styles. Clay adds body and thickness, making hair feel thicker.   Light formula absorbs quickly. Your hair will never look better.   100% SATISFACTION GUARANTEED: Your satisfaction is very important. If you are not completely satisfied with your purchase feel free to return Grizzly Adam Hard Clay for a full and prompt refund.\" \/>\n<meta property=\"og:url\" content=\"https:\/\/grizzlyadam.co.uk\/fr\/produit\/grizzly-adam-hard-clay\/\" \/>\n<meta property=\"og:site_name\" content=\"Grizzly Adam\" \/>\n<meta property=\"article:publisher\" content=\"https:\/\/www.facebook.com\/grizzlyadamuk\" \/>\n<meta property=\"article:modified_time\" content=\"2020-11-04T17:53:58+00:00\" \/>\n<meta property=\"og:image\" content=\"https:\/\/project1-mke5mv4jgx.live-website.com\/wp-content\/uploads\/2017\/02\/HardClay1.jpg\" \/>\n\t<meta property=\"og:image:width\" content=\"1000\" \/>\n\t<meta property=\"og:image:height\" content=\"1000\" \/>\n\t<meta property=\"og:image:type\" content=\"image\/jpeg\" \/>\n<meta name=\"twitter:card\" content=\"summary_large_image\" \/>\n<meta name=\"twitter:site\" content=\"@grizzlyadamuk\" \/>\n<meta name=\"twitter:label1\" content=\"Dur\u00e9e de lecture estim\u00e9e\" \/>\n\t<meta name=\"twitter:data1\" content=\"1 minute\" \/>\n<script type=\"application\/ld+json\" class=\"yoast-schema-graph\">{\"@context\":\"https:\/\/schema.org\",\"@graph\":[{\"@type\":\"WebPage\",\"@id\":\"https:\/\/grizzlyadam.co.uk\/product\/grizzly-adam-hard-clay\/\",\"url\":\"https:\/\/grizzlyadam.co.uk\/product\/grizzly-adam-hard-clay\/\",\"name\":\"Grizzly Adam Hard Clay - Grizzly Adam\",\"isPartOf\":{\"@id\":\"https:\/\/project1-mke5mv4jgx.live-website.com\/#website\"},\"primaryImageOfPage\":{\"@id\":\"https:\/\/grizzlyadam.co.uk\/product\/grizzly-adam-hard-clay\/#primaryimage\"},\"image\":{\"@id\":\"https:\/\/grizzlyadam.co.uk\/product\/grizzly-adam-hard-clay\/#primaryimage\"},\"thumbnailUrl\":\"https:\/\/grizzlyadam.co.uk\/wp-content\/uploads\/2017\/02\/HardClay1.jpg\",\"datePublished\":\"2017-02-19T15:54:50+00:00\",\"dateModified\":\"2020-11-04T17:53:58+00:00\",\"breadcrumb\":{\"@id\":\"https:\/\/grizzlyadam.co.uk\/product\/grizzly-adam-hard-clay\/#breadcrumb\"},\"inLanguage\":\"fr-FR\",\"potentialAction\":[{\"@type\":\"ReadAction\",\"target\":[\"https:\/\/grizzlyadam.co.uk\/product\/grizzly-adam-hard-clay\/\"]}]},{\"@type\":\"ImageObject\",\"inLanguage\":\"fr-FR\",\"@id\":\"https:\/\/grizzlyadam.co.uk\/product\/grizzly-adam-hard-clay\/#primaryimage\",\"url\":\"https:\/\/grizzlyadam.co.uk\/wp-content\/uploads\/2017\/02\/HardClay1.jpg\",\"contentUrl\":\"https:\/\/grizzlyadam.co.uk\/wp-content\/uploads\/2017\/02\/HardClay1.jpg\",\"width\":1000,\"height\":1000},{\"@type\":\"BreadcrumbList\",\"@id\":\"https:\/\/grizzlyadam.co.uk\/product\/grizzly-adam-hard-clay\/#breadcrumb\",\"itemListElement\":[{\"@type\":\"ListItem\",\"position\":1,\"name\":\"Home\",\"item\":\"https:\/\/grizzlyadam.co.uk\/\"},{\"@type\":\"ListItem\",\"position\":2,\"name\":\"Shop\",\"item\":\"https:\/\/project1-mke5mv4jgx.live-website.com\/shop\/\"},{\"@type\":\"ListItem\",\"position\":3,\"name\":\"Grizzly Adam Hard Clay\"}]},{\"@type\":\"WebSite\",\"@id\":\"https:\/\/project1-mke5mv4jgx.live-website.com\/#website\",\"url\":\"https:\/\/project1-mke5mv4jgx.live-website.com\/\",\"name\":\"Grizzly Adam\",\"description\":\"Beard Oil And Grooming Products For Gentlemen\",\"publisher\":{\"@id\":\"https:\/\/project1-mke5mv4jgx.live-website.com\/#organization\"},\"potentialAction\":[{\"@type\":\"SearchAction\",\"target\":{\"@type\":\"EntryPoint\",\"urlTemplate\":\"https:\/\/project1-mke5mv4jgx.live-website.com\/?s={search_term_string}\"},\"query-input\":{\"@type\":\"PropertyValueSpecification\",\"valueRequired\":true,\"valueName\":\"search_term_string\"}}],\"inLanguage\":\"fr-FR\"},{\"@type\":\"Organization\",\"@id\":\"https:\/\/project1-mke5mv4jgx.live-website.com\/#organization\",\"name\":\"GRIZZLY ADAM\",\"url\":\"https:\/\/project1-mke5mv4jgx.live-website.com\/\",\"logo\":{\"@type\":\"ImageObject\",\"inLanguage\":\"fr-FR\",\"@id\":\"https:\/\/project1-mke5mv4jgx.live-website.com\/#\/schema\/logo\/image\/\",\"url\":\"https:\/\/grizzlyadam.co.uk\/wp-content\/uploads\/2019\/11\/gadamlogo.png\",\"contentUrl\":\"https:\/\/grizzlyadam.co.uk\/wp-content\/uploads\/2019\/11\/gadamlogo.png\",\"width\":\"200\",\"height\":\"200\",\"caption\":\"GRIZZLY ADAM\"},\"image\":{\"@id\":\"https:\/\/project1-mke5mv4jgx.live-website.com\/#\/schema\/logo\/image\/\"},\"sameAs\":[\"https:\/\/www.facebook.com\/grizzlyadamuk\",\"https:\/\/x.com\/grizzlyadamuk\",\"https:\/\/www.instagram.com\/grizzlyadamuk\/\"]}]}<\/script>\n<!-- \/ Yoast SEO plugin. -->","yoast_head_json":{"title":"Grizzly Adam Hard Clay - Grizzly Adam","robots":{"index":"index","follow":"follow","max-snippet":"max-snippet:-1","max-image-preview":"max-image-preview:large","max-video-preview":"max-video-preview:-1"},"canonical":"https:\/\/grizzlyadam.co.uk\/fr\/produit\/grizzly-adam-hard-clay\/","og_locale":"fr_FR","og_type":"article","og_title":"Grizzly Adam Hard Clay - Grizzly Adam","og_description":"If you need to lock your hair (set and forget), go for this high hold hard clay by Grizzly Adam   This unique wax based clay adds texture and creates strong definition with a matt finish for a groomed or messed up look.   Provides flexibility with all styles and keeps even the fiercest designs in place all day long. This styling hard clay adds texture and separation to long or short styles. Clay adds body and thickness, making hair feel thicker.   Light formula absorbs quickly. Your hair will never look better.   100% SATISFACTION GUARANTEED: Your satisfaction is very important. If you are not completely satisfied with your purchase feel free to return Grizzly Adam Hard Clay for a full and prompt refund.","og_url":"https:\/\/grizzlyadam.co.uk\/fr\/produit\/grizzly-adam-hard-clay\/","og_site_name":"Grizzly Adam","article_publisher":"https:\/\/www.facebook.com\/grizzlyadamuk","article_modified_time":"2020-11-04T17:53:58+00:00","og_image":[{"width":1000,"height":1000,"url":"https:\/\/project1-mke5mv4jgx.live-website.com\/wp-content\/uploads\/2017\/02\/HardClay1.jpg","type":"image\/jpeg"}],"twitter_card":"summary_large_image","twitter_site":"@grizzlyadamuk","twitter_misc":{"Dur\u00e9e de lecture estim\u00e9e":"1 minute"},"schema":{"@context":"https:\/\/schema.org","@graph":[{"@type":"WebPage","@id":"https:\/\/grizzlyadam.co.uk\/product\/grizzly-adam-hard-clay\/","url":"https:\/\/grizzlyadam.co.uk\/product\/grizzly-adam-hard-clay\/","name":"Grizzly Adam Hard Clay - Grizzly Adam","isPartOf":{"@id":"https:\/\/project1-mke5mv4jgx.live-website.com\/#website"},"primaryImageOfPage":{"@id":"https:\/\/grizzlyadam.co.uk\/product\/grizzly-adam-hard-clay\/#primaryimage"},"image":{"@id":"https:\/\/grizzlyadam.co.uk\/product\/grizzly-adam-hard-clay\/#primaryimage"},"thumbnailUrl":"https:\/\/grizzlyadam.co.uk\/wp-content\/uploads\/2017\/02\/HardClay1.jpg","datePublished":"2017-02-19T15:54:50+00:00","dateModified":"2020-11-04T17:53:58+00:00","breadcrumb":{"@id":"https:\/\/grizzlyadam.co.uk\/product\/grizzly-adam-hard-clay\/#breadcrumb"},"inLanguage":"fr-FR","potentialAction":[{"@type":"ReadAction","target":["https:\/\/grizzlyadam.co.uk\/product\/grizzly-adam-hard-clay\/"]}]},{"@type":"ImageObject","inLanguage":"fr-FR","@id":"https:\/\/grizzlyadam.co.uk\/product\/grizzly-adam-hard-clay\/#primaryimage","url":"https:\/\/grizzlyadam.co.uk\/wp-content\/uploads\/2017\/02\/HardClay1.jpg","contentUrl":"https:\/\/grizzlyadam.co.uk\/wp-content\/uploads\/2017\/02\/HardClay1.jpg","width":1000,"height":1000},{"@type":"BreadcrumbList","@id":"https:\/\/grizzlyadam.co.uk\/product\/grizzly-adam-hard-clay\/#breadcrumb","itemListElement":[{"@type":"ListItem","position":1,"name":"Home","item":"https:\/\/grizzlyadam.co.uk\/"},{"@type":"ListItem","position":2,"name":"Shop","item":"https:\/\/project1-mke5mv4jgx.live-website.com\/shop\/"},{"@type":"ListItem","position":3,"name":"Grizzly Adam Hard Clay"}]},{"@type":"WebSite","@id":"https:\/\/project1-mke5mv4jgx.live-website.com\/#website","url":"https:\/\/project1-mke5mv4jgx.live-website.com\/","name":"Grizzly Adam","description":"Huile \u00e0 barbe et produits de toilettage pour hommes","publisher":{"@id":"https:\/\/project1-mke5mv4jgx.live-website.com\/#organization"},"potentialAction":[{"@type":"SearchAction","target":{"@type":"EntryPoint","urlTemplate":"https:\/\/project1-mke5mv4jgx.live-website.com\/?s={search_term_string}"},"query-input":{"@type":"PropertyValueSpecification","valueRequired":true,"valueName":"search_term_string"}}],"inLanguage":"fr-FR"},{"@type":"Organization","@id":"https:\/\/project1-mke5mv4jgx.live-website.com\/#organization","name":"GRIZZLY ADAM","url":"https:\/\/project1-mke5mv4jgx.live-website.com\/","logo":{"@type":"ImageObject","inLanguage":"fr-FR","@id":"https:\/\/project1-mke5mv4jgx.live-website.com\/#\/schema\/logo\/image\/","url":"https:\/\/grizzlyadam.co.uk\/wp-content\/uploads\/2019\/11\/gadamlogo.png","contentUrl":"https:\/\/grizzlyadam.co.uk\/wp-content\/uploads\/2019\/11\/gadamlogo.png","width":"200","height":"200","caption":"GRIZZLY ADAM"},"image":{"@id":"https:\/\/project1-mke5mv4jgx.live-website.com\/#\/schema\/logo\/image\/"},"sameAs":["https:\/\/www.facebook.com\/grizzlyadamuk","https:\/\/x.com\/grizzlyadamuk","https:\/\/www.instagram.com\/grizzlyadamuk\/"]}]}},"df_price":12.99,"df_sale_price":"","df_regular_price":12.99,"df_image_link":"https:\/\/grizzlyadam.co.uk\/wp-content\/uploads\/2017\/02\/HardClay1-300x300.jpg","_links":{"self":[{"href":"https:\/\/grizzlyadam.co.uk\/fr\/wp-json\/wp\/v2\/product\/2234","targetHints":{"allow":["GET"]}}],"collection":[{"href":"https:\/\/grizzlyadam.co.uk\/fr\/wp-json\/wp\/v2\/product"}],"about":[{"href":"https:\/\/grizzlyadam.co.uk\/fr\/wp-json\/wp\/v2\/types\/product"}],"replies":[{"embeddable":true,"href":"https:\/\/grizzlyadam.co.uk\/fr\/wp-json\/wp\/v2\/comments?post=2234"}],"wp:featuredmedia":[{"embeddable":true,"href":"https:\/\/grizzlyadam.co.uk\/fr\/wp-json\/wp\/v2\/media\/2235"}],"wp:attachment":[{"href":"https:\/\/grizzlyadam.co.uk\/fr\/wp-json\/wp\/v2\/media?parent=2234"}],"wp:term":[{"taxonomy":"product_brand","embeddable":true,"href":"https:\/\/grizzlyadam.co.uk\/fr\/wp-json\/wp\/v2\/product_brand?post=2234"},{"taxonomy":"product_cat","embeddable":true,"href":"https:\/\/grizzlyadam.co.uk\/fr\/wp-json\/wp\/v2\/product_cat?post=2234"},{"taxonomy":"product_tag","embeddable":true,"href":"https:\/\/grizzlyadam.co.uk\/fr\/wp-json\/wp\/v2\/product_tag?post=2234"}],"curies":[{"name":"wp","href":"https:\/\/api.w.org\/{rel}","templated":true}]}}