{"id":2224,"date":"2017-02-19T15:54:35","date_gmt":"2017-02-19T15:54:35","guid":{"rendered":"https:\/\/grizzlyadam.co.uk\/product\/testosterone-booster-for-men\/"},"modified":"2025-12-30T12:56:34","modified_gmt":"2025-12-30T12:56:34","slug":"testosterone-booster-for-men-twinpack","status":"publish","type":"product","link":"https:\/\/grizzlyadam.co.uk\/fr\/produit\/testosterone-booster-for-men-twinpack\/","title":{"rendered":"Testosterone Booster for Men Twin Pack"},"content":{"rendered":"<p class=\"whitespace-pre-wrap break-words\"><span style=\"font-size: 140%; color: #282828;\"><strong>Imaginez un peu :<\/strong> Vous sautez du lit comme un kangourou caf\u00e9in\u00e9, vous vous attaquez \u00e0 votre liste de t\u00e2ches plus vite qu'un gu\u00e9pard en patins \u00e0 roulettes, puis vous vous rendez \u00e0 la salle de sport pour soulever des poids qui feraient dire \u00e0 Atlas lui-m\u00eame : \"Blimey !<\/span><\/p>\n<p class=\"whitespace-pre-wrap break-words\"><span style=\"font-size: 140%; color: #282828;\">C'est vrai, avec Grizzly Adam's Testosterone Turbos, vous serez : \u26a1\ufe0f Buzzing like a bee on Red Bull \ud83e\udde0 Sharper than a bag of tacks \ud83c\udfcb\ufe0f\u200d\u2642\ufe0f Pumping iron like it's made of clouds<\/span><\/p>\n<p class=\"whitespace-pre-wrap break-words\"><span style=\"font-size: 140%; color: #282828;\">Vous ne me croyez pas ? Essayez-les vous-m\u00eame, et si vous ne grimpez pas l'Everest d'ici mardi prochain (dans votre t\u00eate, au moins), je mangerai ma propre barbe !<\/span><\/p>\n<p style=\"text-align: center;\"><span style=\"font-size: 140%; color: #282828;\"><strong>Soutien naturel \u00e0 la croissance musculaire | Augmentation notable de l'\u00e9nergie, de la masse musculaire, de l'humeur et de la libido<\/strong><\/span><\/p>\n<p><img loading=\"lazy\" decoding=\"async\" class=\"aligncenter wp-image-158878 size-full\" src=\"https:\/\/grizzlyadam.co.uk\/wp-content\/uploads\/2017\/02\/Banner-1.jpg\" alt=\"\" width=\"1920\" height=\"870\" srcset=\"https:\/\/grizzlyadam.co.uk\/wp-content\/uploads\/2017\/02\/Banner-1.jpg 1920w, https:\/\/grizzlyadam.co.uk\/wp-content\/uploads\/2017\/02\/Banner-1-300x136.jpg 300w, https:\/\/grizzlyadam.co.uk\/wp-content\/uploads\/2017\/02\/Banner-1-1024x464.jpg 1024w, https:\/\/grizzlyadam.co.uk\/wp-content\/uploads\/2017\/02\/Banner-1-768x348.jpg 768w, https:\/\/grizzlyadam.co.uk\/wp-content\/uploads\/2017\/02\/Banner-1-1536x696.jpg 1536w, https:\/\/grizzlyadam.co.uk\/wp-content\/uploads\/2017\/02\/Banner-1-510x231.jpg 510w\" sizes=\"auto, (max-width: 1920px) 100vw, 1920px\" \/><\/p>\n<div id=\"featurebullets_feature_div\" class=\"feature\" data-feature-name=\"featurebullets\">\n<div id=\"feature-bullets\" class=\"a-section a-spacing-medium a-spacing-top-small\">\n<ul class=\"a-vertical a-spacing-none\">\n<li><span class=\"a-list-item\" style=\"font-size: 140%;\"> AUGMENTER LA TESTOSTERONE LIBRE, L'ENERGIE ET LA DRIVE OU VOUS \u00caTES REMBOURS\u00c9 - La testost\u00e9rone libre est ce qui alimente l'\u00e9nergie, la motivation et la construction musculaire dans votre corps. Notre booster de testost\u00e9rone contient des ingr\u00e9dients \u00e9prouv\u00e9s pour augmenter la testost\u00e9rone libre, afin que vous obteniez des r\u00e9sultats que vous pouvez SENTIR. En plus de ses puissantes propri\u00e9t\u00e9s d'am\u00e9lioration de la libido et de l'entra\u00eenement, notre booster de testost\u00e9rone a d\u00e9montr\u00e9 qu'il redonnait de l'\u00e9nergie et des performances de jeunesse dans tous les domaines de la vie avec une utilisation \u00e0 long terme.<\/span><\/li>\n<li><span class=\"a-list-item\" style=\"font-size: 140%;\"> POURQUOI LE PRENDRE ? - Id\u00e9al pour les hommes, le gymnase, la puissance avant l'entra\u00eenement, la r\u00e9cup\u00e9ration, la vitalit\u00e9, la sant\u00e9 globale et le bien-\u00eatre, le soutien au r\u00e9gime et la perte de poids - Il suffit de prendre 1 dose de fa\u00e7on r\u00e9guli\u00e8re au cours de la journ\u00e9e. - Donnez \u00e0 votre corps le carburant ultime et constant dont il a besoin tout au long de la journ\u00e9e.<\/span><\/li>\n<li><span class=\"a-list-item\" style=\"font-size: 140%;\"> Formule s\u00fbre et naturelle con\u00e7ue et produite selon les r\u00e8gles strictes des bonnes pratiques de fabrication (BPF) et fabriqu\u00e9e au Royaume-Uni.<\/span><\/li>\n<li><span class=\"a-list-item\" style=\"font-size: 140%;\"> FOURNITURE COMPL\u00c8TE DE 40 JOURS - 120 pilules booster de testost\u00e9rone fournissent un approvisionnement COMPLET de 5 semaines de 9 ingr\u00e9dients actifs prouv\u00e9s pour booster les niveaux de testost\u00e9rone.<\/span><\/li>\n<li><span class=\"a-list-item\" style=\"font-size: 140%;\"> POURQUOI CHOISIR NOTRE PRODUIT ? - Pour quelque raison que ce soit, si vous n'\u00eates pas satisfait de nos produits ou de notre service, contactez-nous et nous ferons le n\u00e9cessaire - Nous avons le MEILLEUR service \u00e0 la client\u00e8le et les suppl\u00e9ments de la plus haute qualit\u00e9 sur le march\u00e9 aujourd'hui !<\/span><\/li>\n<\/ul>\n<\/div>\n<\/div>","protected":false},"excerpt":{"rendered":"<p>\ud83d\udca5 Amplifiez votre motivation : Nous allons allumer un tel feu sous vos fesses que vous poursuivrez vos objectifs comme un chien apr\u00e8s un facteur !<\/p>\n<p>\u26a1\ufe0f Revitalisez votre \u00e9nergie : Vous serez plus vif qu'un frelon sous l'effet d'un expresso, et vif comme l'\u00e9clair de l'aube au cr\u00e9puscule !<\/p>\n<p>\ud83c\udfcb\ufe0f\u200d\u2642\ufe0f Atteignez votre sommet : Vous allez pomper de la fonte comme s'il s'agissait de barbe \u00e0 papa et atteindre vos objectifs de remise en forme plus vite que vous ne pouvez le dire !<\/p>\n<p>SOUTIENT LES NIVEAUX DE TESTOSTERONE ET TOUS LES DOMAINES DE LA PERFORMANCE M\u00c2LE - Nous parlons ici d'une barbe qui rendrait Gandalf jaloux, d'une vitalit\u00e9 qui vous ferait sauter de grands immeubles et d'une virilit\u00e9 qui ferait rougir les lapins ! (N'oubliez pas de manger des l\u00e9gumes et de faire de la gym, esp\u00e8ce de paresseux !)<\/p>\n<p>AVERTISSEMENT : Peut provoquer des envies soudaines de lutter contre des ours et d'escalader des montagnes. Grizzly Adam n'est pas responsable de tout acc\u00e8s soudain de virilit\u00e9 !\"<\/p>","protected":false},"featured_media":158877,"comment_status":"closed","ping_status":"closed","template":"","meta":[],"product_brand":[],"product_cat":[177,89],"product_tag":[798,806,797,802,803,807,801,795,799,800,808,796,805,794,804],"class_list":{"0":"post-2224","1":"product","2":"type-product","3":"status-publish","4":"has-post-thumbnail","6":"product_cat-subscription","7":"product_cat-supplements","8":"product_tag-boost-energy","9":"product_tag-elite-fitness","10":"product_tag-enhance-performance","11":"product_tag-gym-supplement","12":"product_tag-high-performance-supplement","13":"product_tag-hormone-support","14":"product_tag-mens-fitness","15":"product_tag-mens-health-supplement","16":"product_tag-muscle-growth","17":"product_tag-natural-testosterone-supplement","18":"product_tag-peak-performance","19":"product_tag-premium-testosterone-booster","20":"product_tag-professional-mens-health","21":"product_tag-testosterone-booster","22":"product_tag-vitality-booster","24":"first","25":"instock","26":"sale","27":"taxable","28":"shipping-taxable","29":"purchasable","30":"product-type-simple"},"yoast_head":"<!-- This site is optimized with the Yoast SEO plugin v27.4 - https:\/\/yoast.com\/product\/yoast-seo-wordpress\/ -->\n<title>Testosterone Booster for Men Twin Pack - Grizzly Adam<\/title>\n<meta name=\"description\" content=\"120 Testosterone Boosters Pills Provide A FULL 5 weeks Supply of 9 Active Ingredients Proven to Boost Testosterone Levels\" \/>\n<meta name=\"robots\" content=\"index, follow, max-snippet:-1, max-image-preview:large, max-video-preview:-1\" \/>\n<link rel=\"canonical\" href=\"https:\/\/grizzlyadam.co.uk\/fr\/produit\/testosterone-booster-for-men-twinpack\/\" \/>\n<meta property=\"og:locale\" content=\"fr_FR\" \/>\n<meta property=\"og:type\" content=\"article\" \/>\n<meta property=\"og:title\" content=\"Testosterone Booster for Men Twin Pack - Grizzly Adam\" \/>\n<meta property=\"og:description\" content=\"120 Testosterone Boosters Pills Provide A FULL 5 weeks Supply of 9 Active Ingredients Proven to Boost Testosterone Levels\" \/>\n<meta property=\"og:url\" content=\"https:\/\/grizzlyadam.co.uk\/fr\/produit\/testosterone-booster-for-men-twinpack\/\" \/>\n<meta property=\"og:site_name\" content=\"Grizzly Adam\" \/>\n<meta property=\"article:publisher\" content=\"https:\/\/www.facebook.com\/grizzlyadamuk\" \/>\n<meta property=\"article:modified_time\" content=\"2025-12-30T12:56:34+00:00\" \/>\n<meta property=\"og:image\" content=\"https:\/\/grizzlyadam.co.uk\/wp-content\/uploads\/2017\/02\/testo-twin-pack-offer.png\" \/>\n\t<meta property=\"og:image:width\" content=\"1080\" \/>\n\t<meta property=\"og:image:height\" content=\"1080\" \/>\n\t<meta property=\"og:image:type\" content=\"image\/png\" \/>\n<meta name=\"twitter:card\" content=\"summary_large_image\" \/>\n<meta name=\"twitter:site\" content=\"@grizzlyadamuk\" \/>\n<meta name=\"twitter:label1\" content=\"Dur\u00e9e de lecture estim\u00e9e\" \/>\n\t<meta name=\"twitter:data1\" content=\"2 minutes\" \/>\n<script type=\"application\/ld+json\" class=\"yoast-schema-graph\">{\"@context\":\"https:\\\/\\\/schema.org\",\"@graph\":[{\"@type\":\"WebPage\",\"@id\":\"https:\\\/\\\/grizzlyadam.co.uk\\\/product\\\/testosterone-booster-for-men-twinpack\\\/\",\"url\":\"https:\\\/\\\/grizzlyadam.co.uk\\\/product\\\/testosterone-booster-for-men-twinpack\\\/\",\"name\":\"Testosterone Booster for Men Twin Pack - Grizzly Adam\",\"isPartOf\":{\"@id\":\"https:\\\/\\\/project1-mke5mv4jgx.live-website.com\\\/#website\"},\"primaryImageOfPage\":{\"@id\":\"https:\\\/\\\/grizzlyadam.co.uk\\\/product\\\/testosterone-booster-for-men-twinpack\\\/#primaryimage\"},\"image\":{\"@id\":\"https:\\\/\\\/grizzlyadam.co.uk\\\/product\\\/testosterone-booster-for-men-twinpack\\\/#primaryimage\"},\"thumbnailUrl\":\"https:\\\/\\\/grizzlyadam.co.uk\\\/wp-content\\\/uploads\\\/2017\\\/02\\\/testo-twin-pack-offer.png\",\"datePublished\":\"2017-02-19T15:54:35+00:00\",\"dateModified\":\"2025-12-30T12:56:34+00:00\",\"description\":\"120 Testosterone Boosters Pills Provide A FULL 5 weeks Supply of 9 Active Ingredients Proven to Boost Testosterone Levels\",\"breadcrumb\":{\"@id\":\"https:\\\/\\\/grizzlyadam.co.uk\\\/product\\\/testosterone-booster-for-men-twinpack\\\/#breadcrumb\"},\"inLanguage\":\"fr-FR\",\"potentialAction\":[{\"@type\":\"ReadAction\",\"target\":[\"https:\\\/\\\/grizzlyadam.co.uk\\\/product\\\/testosterone-booster-for-men-twinpack\\\/\"]}]},{\"@type\":\"ImageObject\",\"inLanguage\":\"fr-FR\",\"@id\":\"https:\\\/\\\/grizzlyadam.co.uk\\\/product\\\/testosterone-booster-for-men-twinpack\\\/#primaryimage\",\"url\":\"https:\\\/\\\/grizzlyadam.co.uk\\\/wp-content\\\/uploads\\\/2017\\\/02\\\/testo-twin-pack-offer.png\",\"contentUrl\":\"https:\\\/\\\/grizzlyadam.co.uk\\\/wp-content\\\/uploads\\\/2017\\\/02\\\/testo-twin-pack-offer.png\",\"width\":1080,\"height\":1080},{\"@type\":\"BreadcrumbList\",\"@id\":\"https:\\\/\\\/grizzlyadam.co.uk\\\/product\\\/testosterone-booster-for-men-twinpack\\\/#breadcrumb\",\"itemListElement\":[{\"@type\":\"ListItem\",\"position\":1,\"name\":\"Home\",\"item\":\"https:\\\/\\\/grizzlyadam.co.uk\\\/\"},{\"@type\":\"ListItem\",\"position\":2,\"name\":\"Shop\",\"item\":\"https:\\\/\\\/project1-mke5mv4jgx.live-website.com\\\/shop\\\/\"},{\"@type\":\"ListItem\",\"position\":3,\"name\":\"Testosterone Booster for Men Twin Pack\"}]},{\"@type\":\"WebSite\",\"@id\":\"https:\\\/\\\/project1-mke5mv4jgx.live-website.com\\\/#website\",\"url\":\"https:\\\/\\\/project1-mke5mv4jgx.live-website.com\\\/\",\"name\":\"Grizzly Adam\",\"description\":\"Beard Oil And Grooming Products For Gentlemen\",\"publisher\":{\"@id\":\"https:\\\/\\\/project1-mke5mv4jgx.live-website.com\\\/#organization\"},\"potentialAction\":[{\"@type\":\"SearchAction\",\"target\":{\"@type\":\"EntryPoint\",\"urlTemplate\":\"https:\\\/\\\/project1-mke5mv4jgx.live-website.com\\\/?s={search_term_string}\"},\"query-input\":{\"@type\":\"PropertyValueSpecification\",\"valueRequired\":true,\"valueName\":\"search_term_string\"}}],\"inLanguage\":\"fr-FR\"},{\"@type\":\"Organization\",\"@id\":\"https:\\\/\\\/project1-mke5mv4jgx.live-website.com\\\/#organization\",\"name\":\"GRIZZLY ADAM\",\"url\":\"https:\\\/\\\/project1-mke5mv4jgx.live-website.com\\\/\",\"logo\":{\"@type\":\"ImageObject\",\"inLanguage\":\"fr-FR\",\"@id\":\"https:\\\/\\\/project1-mke5mv4jgx.live-website.com\\\/#\\\/schema\\\/logo\\\/image\\\/\",\"url\":\"https:\\\/\\\/grizzlyadam.co.uk\\\/wp-content\\\/uploads\\\/2019\\\/11\\\/gadamlogo.png\",\"contentUrl\":\"https:\\\/\\\/grizzlyadam.co.uk\\\/wp-content\\\/uploads\\\/2019\\\/11\\\/gadamlogo.png\",\"width\":\"200\",\"height\":\"200\",\"caption\":\"GRIZZLY ADAM\"},\"image\":{\"@id\":\"https:\\\/\\\/project1-mke5mv4jgx.live-website.com\\\/#\\\/schema\\\/logo\\\/image\\\/\"},\"sameAs\":[\"https:\\\/\\\/www.facebook.com\\\/grizzlyadamuk\",\"https:\\\/\\\/x.com\\\/grizzlyadamuk\",\"https:\\\/\\\/www.instagram.com\\\/grizzlyadamuk\\\/\"]}]}<\/script>\n<!-- \/ Yoast SEO plugin. -->","yoast_head_json":{"title":"Testosterone Booster for Men Twin Pack - Grizzly Adam","description":"120 Testosterone Boosters Pills Provide A FULL 5 weeks Supply of 9 Active Ingredients Proven to Boost Testosterone Levels","robots":{"index":"index","follow":"follow","max-snippet":"max-snippet:-1","max-image-preview":"max-image-preview:large","max-video-preview":"max-video-preview:-1"},"canonical":"https:\/\/grizzlyadam.co.uk\/fr\/produit\/testosterone-booster-for-men-twinpack\/","og_locale":"fr_FR","og_type":"article","og_title":"Testosterone Booster for Men Twin Pack - Grizzly Adam","og_description":"120 Testosterone Boosters Pills Provide A FULL 5 weeks Supply of 9 Active Ingredients Proven to Boost Testosterone Levels","og_url":"https:\/\/grizzlyadam.co.uk\/fr\/produit\/testosterone-booster-for-men-twinpack\/","og_site_name":"Grizzly Adam","article_publisher":"https:\/\/www.facebook.com\/grizzlyadamuk","article_modified_time":"2025-12-30T12:56:34+00:00","og_image":[{"width":1080,"height":1080,"url":"https:\/\/grizzlyadam.co.uk\/wp-content\/uploads\/2017\/02\/testo-twin-pack-offer.png","type":"image\/png"}],"twitter_card":"summary_large_image","twitter_site":"@grizzlyadamuk","twitter_misc":{"Dur\u00e9e de lecture estim\u00e9e":"2 minutes"},"schema":{"@context":"https:\/\/schema.org","@graph":[{"@type":"WebPage","@id":"https:\/\/grizzlyadam.co.uk\/product\/testosterone-booster-for-men-twinpack\/","url":"https:\/\/grizzlyadam.co.uk\/product\/testosterone-booster-for-men-twinpack\/","name":"Testosterone Booster for Men Twin Pack - Grizzly Adam","isPartOf":{"@id":"https:\/\/project1-mke5mv4jgx.live-website.com\/#website"},"primaryImageOfPage":{"@id":"https:\/\/grizzlyadam.co.uk\/product\/testosterone-booster-for-men-twinpack\/#primaryimage"},"image":{"@id":"https:\/\/grizzlyadam.co.uk\/product\/testosterone-booster-for-men-twinpack\/#primaryimage"},"thumbnailUrl":"https:\/\/grizzlyadam.co.uk\/wp-content\/uploads\/2017\/02\/testo-twin-pack-offer.png","datePublished":"2017-02-19T15:54:35+00:00","dateModified":"2025-12-30T12:56:34+00:00","description":"120 Testosterone Boosters Pills Provide A FULL 5 weeks Supply of 9 Active Ingredients Proven to Boost Testosterone Levels","breadcrumb":{"@id":"https:\/\/grizzlyadam.co.uk\/product\/testosterone-booster-for-men-twinpack\/#breadcrumb"},"inLanguage":"fr-FR","potentialAction":[{"@type":"ReadAction","target":["https:\/\/grizzlyadam.co.uk\/product\/testosterone-booster-for-men-twinpack\/"]}]},{"@type":"ImageObject","inLanguage":"fr-FR","@id":"https:\/\/grizzlyadam.co.uk\/product\/testosterone-booster-for-men-twinpack\/#primaryimage","url":"https:\/\/grizzlyadam.co.uk\/wp-content\/uploads\/2017\/02\/testo-twin-pack-offer.png","contentUrl":"https:\/\/grizzlyadam.co.uk\/wp-content\/uploads\/2017\/02\/testo-twin-pack-offer.png","width":1080,"height":1080},{"@type":"BreadcrumbList","@id":"https:\/\/grizzlyadam.co.uk\/product\/testosterone-booster-for-men-twinpack\/#breadcrumb","itemListElement":[{"@type":"ListItem","position":1,"name":"Home","item":"https:\/\/grizzlyadam.co.uk\/"},{"@type":"ListItem","position":2,"name":"Shop","item":"https:\/\/project1-mke5mv4jgx.live-website.com\/shop\/"},{"@type":"ListItem","position":3,"name":"Testosterone Booster for Men Twin Pack"}]},{"@type":"WebSite","@id":"https:\/\/project1-mke5mv4jgx.live-website.com\/#website","url":"https:\/\/project1-mke5mv4jgx.live-website.com\/","name":"Grizzly Adam","description":"Huile \u00e0 barbe et produits de toilettage pour hommes","publisher":{"@id":"https:\/\/project1-mke5mv4jgx.live-website.com\/#organization"},"potentialAction":[{"@type":"SearchAction","target":{"@type":"EntryPoint","urlTemplate":"https:\/\/project1-mke5mv4jgx.live-website.com\/?s={search_term_string}"},"query-input":{"@type":"PropertyValueSpecification","valueRequired":true,"valueName":"search_term_string"}}],"inLanguage":"fr-FR"},{"@type":"Organization","@id":"https:\/\/project1-mke5mv4jgx.live-website.com\/#organization","name":"GRIZZLY ADAM","url":"https:\/\/project1-mke5mv4jgx.live-website.com\/","logo":{"@type":"ImageObject","inLanguage":"fr-FR","@id":"https:\/\/project1-mke5mv4jgx.live-website.com\/#\/schema\/logo\/image\/","url":"https:\/\/grizzlyadam.co.uk\/wp-content\/uploads\/2019\/11\/gadamlogo.png","contentUrl":"https:\/\/grizzlyadam.co.uk\/wp-content\/uploads\/2019\/11\/gadamlogo.png","width":"200","height":"200","caption":"GRIZZLY ADAM"},"image":{"@id":"https:\/\/project1-mke5mv4jgx.live-website.com\/#\/schema\/logo\/image\/"},"sameAs":["https:\/\/www.facebook.com\/grizzlyadamuk","https:\/\/x.com\/grizzlyadamuk","https:\/\/www.instagram.com\/grizzlyadamuk\/"]}]}},"df_price":39.99,"df_sale_price":39.99,"df_regular_price":51.49,"df_image_link":"https:\/\/grizzlyadam.co.uk\/wp-content\/uploads\/2017\/02\/testo-twin-pack-offer-300x300.png","_links":{"self":[{"href":"https:\/\/grizzlyadam.co.uk\/fr\/wp-json\/wp\/v2\/product\/2224","targetHints":{"allow":["GET"]}}],"collection":[{"href":"https:\/\/grizzlyadam.co.uk\/fr\/wp-json\/wp\/v2\/product"}],"about":[{"href":"https:\/\/grizzlyadam.co.uk\/fr\/wp-json\/wp\/v2\/types\/product"}],"replies":[{"embeddable":true,"href":"https:\/\/grizzlyadam.co.uk\/fr\/wp-json\/wp\/v2\/comments?post=2224"}],"wp:featuredmedia":[{"embeddable":true,"href":"https:\/\/grizzlyadam.co.uk\/fr\/wp-json\/wp\/v2\/media\/158877"}],"wp:attachment":[{"href":"https:\/\/grizzlyadam.co.uk\/fr\/wp-json\/wp\/v2\/media?parent=2224"}],"wp:term":[{"taxonomy":"product_brand","embeddable":true,"href":"https:\/\/grizzlyadam.co.uk\/fr\/wp-json\/wp\/v2\/product_brand?post=2224"},{"taxonomy":"product_cat","embeddable":true,"href":"https:\/\/grizzlyadam.co.uk\/fr\/wp-json\/wp\/v2\/product_cat?post=2224"},{"taxonomy":"product_tag","embeddable":true,"href":"https:\/\/grizzlyadam.co.uk\/fr\/wp-json\/wp\/v2\/product_tag?post=2224"}],"curies":[{"name":"wp","href":"https:\/\/api.w.org\/{rel}","templated":true}]}}