{"id":2217,"date":"2017-02-19T15:54:28","date_gmt":"2017-02-19T15:54:28","guid":{"rendered":"https:\/\/grizzlyadam.co.uk\/product\/grizzly-adam-premium-beard-care-gift-set-wahl-beard-trimmer\/"},"modified":"2026-02-20T11:02:39","modified_gmt":"2026-02-20T11:02:39","slug":"grizzly-adam-premium-beard-care-gift-set-boar-brush","status":"publish","type":"product","link":"https:\/\/grizzlyadam.co.uk\/fr\/produit\/grizzly-adam-premium-beard-care-gift-set-boar-brush\/","title":{"rendered":"Grizzly Adam Premium Beard Care Gift Set + Boar Bristle Brush"},"content":{"rendered":"<h1 id=\"title\" class=\"a-size-large a-spacing-none\"><span id=\"productTitle\" class=\"a-size-large\">Kit de soins de barbe avec shampoing pour barbe 200ml, baume \u00e0 barbe 60ml, huile \u00e0 barbe 100ml et brosse \u00e0 barbe en poils de sanglier<\/span><\/h1>\n<p><b>Grizzly Adam Aide \u00e0 prendre soin de votre peau et de votre barbe<\/b><\/p>\n<p>Le nouvel ensemble de toilettage de barbe Grizzly Adam pour hommes comprend un baume \u00e0 barbe, une brosse \u00e0 barbe en poils de sanglier, une huile \u00e0 barbe pure et biologique de 100 ml et notre NOUVEAU shampooing pour barbe de 200 ml.<\/p>\n<p>Le nettoyant pour barbe pour hommes nettoie d\u00e9licatement les poils du visage et la peau vuln\u00e9rable qui se trouve en dessous, laissant la barbe et le visage propres, doux, faciles \u00e0 coiffer et sentant bon.<\/p>\n<p>L'huile \u00e0 barbe permet d'hydrater votre peau et de prendre soin de votre barbe en m\u00eame temps. Elle apporte de l'huile essentielle \u00e0 votre peau et celle-ci p\u00e9n\u00e8tre dans les follicules de vos poils. Lorsque vos follicules pileux sont bien hydrat\u00e9s, vos cheveux ne se dess\u00e8chent pas et ne deviennent pas cassants. La peau hydrat\u00e9e est douce et lisse et l'utilisation d'une huile \u00e0 barbe permet d'\u00e9viter les d\u00e9mangeaisons et les squames qui peuvent causer de l'inconfort.<\/p>\n<p>Mod\u00e9r\u00e9ment rigides, les poils de sanglier enti\u00e8rement naturels creusent en profondeur, \u00e9liminant les peaux mortes et les poils coinc\u00e9s dans votre barbe, la rendant plus douce, plus lisse et plus saine que l'utilisation d'une huile ou d'un baume \u00e0 barbe seuls.<\/p>\n<p><b>Simple \u00e0 appliquer<\/b><\/p>\n<p>L'huile de barbe est tr\u00e8s facile \u00e0 appliquer et ne prend que quelques secondes. Vous devez appliquer quelques gouttes dans la paume de votre main, frotter vos mains l'une contre l'autre, puis passer vos doigts dans votre barbe.<\/p>\n<p>Utilisez ensuite la brosse en poils de sanglier Grizzly Adam pour couvrir votre barbe. L'huile \u00e0 barbe sera absorb\u00e9e en 20 \u00e0 30 minutes et laissera votre barbe avec une belle brillance.<\/p>\n<p>Le baume \u00e0 barbe est ce dont vous avez besoin pour faire pousser votre barbe. Point final. Ce revitalisant sans rin\u00e7age enti\u00e8rement naturel est parfaitement formul\u00e9 pour pr\u00e9venir les pointes fourchues, contr\u00f4ler les frisottis et les enchev\u00eatrements, adoucir les moustaches pour les rencontres intimes, soulager la peau s\u00e8che et les d\u00e9mangeaisons, r\u00e9duire les plaques et vous rendre, vous et votre superbe barbe, beaucoup plus attrayants. Le baume \u00e0 barbe convient \u00e0 toutes les vari\u00e9t\u00e9s et longueurs de poils du visage.<\/p>","protected":false},"excerpt":{"rendered":"<div id=\"featurebullets_feature_div\" class=\"feature\" data-feature-name=\"featurebullets\">\n<div id=\"feature-bullets\" class=\"a-section a-spacing-medium a-spacing-top-small\">\n<ul class=\"a-vertical a-spacing-none\">\n<li><span class=\"a-list-item\"> Ce kit d'entretien de la barbe comprend une brosse en poils de sanglier de haute qualit\u00e9, 100%, nich\u00e9e dans du bois massif. Cette brosse adoucira, nettoiera et coiffera votre barbe \u00e0 chaque fois que vous l'utiliserez.<\/span><\/li>\n<li><span class=\"a-list-item\"> PREMIUM BEARD OIL for Men - Gardez votre barbe saine, soign\u00e9e et apprivois\u00e9e naturellement. Hydrate les poils et la peau de la barbe, \u00e9limine les d\u00e9mangeaisons et les pellicules pour une barbe agr\u00e9able et respectable. Utiliser quotidiennement pour un meilleur effet de barbe<\/span><\/li>\n<li><span class=\"a-list-item\"> GRIZZLY ADAM BEARD BALM est le meilleur conditionneur et \u00e9paississeur de barbe sans rin\u00e7age pour homme avec des huiles naturelles pour aider les barbes cassantes, les pellicules de barbe, les d\u00e9mangeaisons et les pointes fourchues sur le march\u00e9. Combattez les plaques ! Utiliser quotidiennement pour un meilleur effet de barbe<\/span><\/li>\n<li>LARGE SHAMPOOING DE LA BARBE DE 200 ml - Un shampooing et un lavage doux pour la barbe, formul\u00e9s sp\u00e9cifiquement pour votre barbe et votre moustache.<\/li>\n<\/ul>\n<\/div>\n<p>&nbsp;<\/p>\n<\/div>","protected":false},"featured_media":13368,"comment_status":"closed","ping_status":"closed","template":"","meta":[],"product_brand":[],"product_cat":[65,70,74],"product_tag":[66,79,84,81,85,77],"class_list":{"0":"post-2217","1":"product","2":"type-product","3":"status-publish","4":"has-post-thumbnail","6":"product_cat-beard-oil","7":"product_cat-beard-wash","8":"product_cat-grooming-kits","9":"product_tag-beard-oil","10":"product_tag-beard-balm","11":"product_tag-beard-care-kit","12":"product_tag-beard-comb","13":"product_tag-beard-wash","14":"product_tag-grooming-kit","16":"first","17":"instock","18":"sale","19":"taxable","20":"shipping-taxable","21":"purchasable","22":"product-type-simple"},"yoast_head":"<!-- This site is optimized with the Yoast SEO plugin v27.4 - https:\/\/yoast.com\/product\/yoast-seo-wordpress\/ -->\n<title>Grizzly Adam Premium Beard Care Gift Set + Boar Bristle Brush - Grizzly Adam<\/title>\n<meta name=\"description\" content=\"Grizzly Adam Beard Grooming Set For Men Includes Beard Balm, Boars Hair Beard Brush, Pure Organic 100ml Premium Beard Oil and our popular Beard Wash Shampoo 200ml\" \/>\n<meta name=\"robots\" content=\"index, follow, max-snippet:-1, max-image-preview:large, max-video-preview:-1\" \/>\n<link rel=\"canonical\" href=\"https:\/\/grizzlyadam.co.uk\/fr\/produit\/grizzly-adam-premium-beard-care-gift-set-boar-brush\/\" \/>\n<meta property=\"og:locale\" content=\"fr_FR\" \/>\n<meta property=\"og:type\" content=\"article\" \/>\n<meta property=\"og:title\" content=\"Grizzly Adam Premium Beard Care Gift Set + Boar Bristle Brush - Grizzly Adam\" \/>\n<meta property=\"og:description\" content=\"Grizzly Adam Beard Grooming Set For Men Includes Beard Balm, Boars Hair Beard Brush, Pure Organic 100ml Premium Beard Oil and our popular Beard Wash Shampoo 200ml\" \/>\n<meta property=\"og:url\" content=\"https:\/\/grizzlyadam.co.uk\/fr\/produit\/grizzly-adam-premium-beard-care-gift-set-boar-brush\/\" \/>\n<meta property=\"og:site_name\" content=\"Grizzly Adam\" \/>\n<meta property=\"article:publisher\" content=\"https:\/\/www.facebook.com\/grizzlyadamuk\" \/>\n<meta property=\"article:modified_time\" content=\"2026-02-20T11:02:39+00:00\" \/>\n<meta property=\"og:image\" content=\"https:\/\/grizzlyadam.co.uk\/wp-content\/uploads\/2017\/02\/combo-and-boar.png\" \/>\n\t<meta property=\"og:image:width\" content=\"1080\" \/>\n\t<meta property=\"og:image:height\" content=\"1080\" \/>\n\t<meta property=\"og:image:type\" content=\"image\/png\" \/>\n<meta name=\"twitter:card\" content=\"summary_large_image\" \/>\n<meta name=\"twitter:site\" content=\"@grizzlyadamuk\" \/>\n<meta name=\"twitter:label1\" content=\"Dur\u00e9e de lecture estim\u00e9e\" \/>\n\t<meta name=\"twitter:data1\" content=\"2 minutes\" \/>\n<script type=\"application\/ld+json\" class=\"yoast-schema-graph\">{\"@context\":\"https:\\\/\\\/schema.org\",\"@graph\":[{\"@type\":\"WebPage\",\"@id\":\"https:\\\/\\\/grizzlyadam.co.uk\\\/product\\\/grizzly-adam-premium-beard-care-gift-set-boar-brush\\\/\",\"url\":\"https:\\\/\\\/grizzlyadam.co.uk\\\/product\\\/grizzly-adam-premium-beard-care-gift-set-boar-brush\\\/\",\"name\":\"Grizzly Adam Premium Beard Care Gift Set + Boar Bristle Brush - Grizzly Adam\",\"isPartOf\":{\"@id\":\"https:\\\/\\\/project1-mke5mv4jgx.live-website.com\\\/#website\"},\"primaryImageOfPage\":{\"@id\":\"https:\\\/\\\/grizzlyadam.co.uk\\\/product\\\/grizzly-adam-premium-beard-care-gift-set-boar-brush\\\/#primaryimage\"},\"image\":{\"@id\":\"https:\\\/\\\/grizzlyadam.co.uk\\\/product\\\/grizzly-adam-premium-beard-care-gift-set-boar-brush\\\/#primaryimage\"},\"thumbnailUrl\":\"https:\\\/\\\/grizzlyadam.co.uk\\\/wp-content\\\/uploads\\\/2017\\\/02\\\/combo-and-boar.png\",\"datePublished\":\"2017-02-19T15:54:28+00:00\",\"dateModified\":\"2026-02-20T11:02:39+00:00\",\"description\":\"Grizzly Adam Beard Grooming Set For Men Includes Beard Balm, Boars Hair Beard Brush, Pure Organic 100ml Premium Beard Oil and our popular Beard Wash Shampoo 200ml\",\"breadcrumb\":{\"@id\":\"https:\\\/\\\/grizzlyadam.co.uk\\\/product\\\/grizzly-adam-premium-beard-care-gift-set-boar-brush\\\/#breadcrumb\"},\"inLanguage\":\"fr-FR\",\"potentialAction\":[{\"@type\":\"ReadAction\",\"target\":[\"https:\\\/\\\/grizzlyadam.co.uk\\\/product\\\/grizzly-adam-premium-beard-care-gift-set-boar-brush\\\/\"]}]},{\"@type\":\"ImageObject\",\"inLanguage\":\"fr-FR\",\"@id\":\"https:\\\/\\\/grizzlyadam.co.uk\\\/product\\\/grizzly-adam-premium-beard-care-gift-set-boar-brush\\\/#primaryimage\",\"url\":\"https:\\\/\\\/grizzlyadam.co.uk\\\/wp-content\\\/uploads\\\/2017\\\/02\\\/combo-and-boar.png\",\"contentUrl\":\"https:\\\/\\\/grizzlyadam.co.uk\\\/wp-content\\\/uploads\\\/2017\\\/02\\\/combo-and-boar.png\",\"width\":1080,\"height\":1080},{\"@type\":\"BreadcrumbList\",\"@id\":\"https:\\\/\\\/grizzlyadam.co.uk\\\/product\\\/grizzly-adam-premium-beard-care-gift-set-boar-brush\\\/#breadcrumb\",\"itemListElement\":[{\"@type\":\"ListItem\",\"position\":1,\"name\":\"Home\",\"item\":\"https:\\\/\\\/grizzlyadam.co.uk\\\/\"},{\"@type\":\"ListItem\",\"position\":2,\"name\":\"Shop\",\"item\":\"https:\\\/\\\/project1-mke5mv4jgx.live-website.com\\\/shop\\\/\"},{\"@type\":\"ListItem\",\"position\":3,\"name\":\"Grizzly Adam Premium Beard Care Gift Set + Boar Bristle Brush\"}]},{\"@type\":\"WebSite\",\"@id\":\"https:\\\/\\\/project1-mke5mv4jgx.live-website.com\\\/#website\",\"url\":\"https:\\\/\\\/project1-mke5mv4jgx.live-website.com\\\/\",\"name\":\"Grizzly Adam\",\"description\":\"Beard Oil And Grooming Products For Gentlemen\",\"publisher\":{\"@id\":\"https:\\\/\\\/project1-mke5mv4jgx.live-website.com\\\/#organization\"},\"potentialAction\":[{\"@type\":\"SearchAction\",\"target\":{\"@type\":\"EntryPoint\",\"urlTemplate\":\"https:\\\/\\\/project1-mke5mv4jgx.live-website.com\\\/?s={search_term_string}\"},\"query-input\":{\"@type\":\"PropertyValueSpecification\",\"valueRequired\":true,\"valueName\":\"search_term_string\"}}],\"inLanguage\":\"fr-FR\"},{\"@type\":\"Organization\",\"@id\":\"https:\\\/\\\/project1-mke5mv4jgx.live-website.com\\\/#organization\",\"name\":\"GRIZZLY ADAM\",\"url\":\"https:\\\/\\\/project1-mke5mv4jgx.live-website.com\\\/\",\"logo\":{\"@type\":\"ImageObject\",\"inLanguage\":\"fr-FR\",\"@id\":\"https:\\\/\\\/project1-mke5mv4jgx.live-website.com\\\/#\\\/schema\\\/logo\\\/image\\\/\",\"url\":\"https:\\\/\\\/grizzlyadam.co.uk\\\/wp-content\\\/uploads\\\/2019\\\/11\\\/gadamlogo.png\",\"contentUrl\":\"https:\\\/\\\/grizzlyadam.co.uk\\\/wp-content\\\/uploads\\\/2019\\\/11\\\/gadamlogo.png\",\"width\":\"200\",\"height\":\"200\",\"caption\":\"GRIZZLY ADAM\"},\"image\":{\"@id\":\"https:\\\/\\\/project1-mke5mv4jgx.live-website.com\\\/#\\\/schema\\\/logo\\\/image\\\/\"},\"sameAs\":[\"https:\\\/\\\/www.facebook.com\\\/grizzlyadamuk\",\"https:\\\/\\\/x.com\\\/grizzlyadamuk\",\"https:\\\/\\\/www.instagram.com\\\/grizzlyadamuk\\\/\"]}]}<\/script>\n<!-- \/ Yoast SEO plugin. -->","yoast_head_json":{"title":"Grizzly Adam Premium Beard Care Gift Set + Boar Bristle Brush - Grizzly Adam","description":"Grizzly Adam Beard Grooming Set For Men Includes Beard Balm, Boars Hair Beard Brush, Pure Organic 100ml Premium Beard Oil and our popular Beard Wash Shampoo 200ml","robots":{"index":"index","follow":"follow","max-snippet":"max-snippet:-1","max-image-preview":"max-image-preview:large","max-video-preview":"max-video-preview:-1"},"canonical":"https:\/\/grizzlyadam.co.uk\/fr\/produit\/grizzly-adam-premium-beard-care-gift-set-boar-brush\/","og_locale":"fr_FR","og_type":"article","og_title":"Grizzly Adam Premium Beard Care Gift Set + Boar Bristle Brush - Grizzly Adam","og_description":"Grizzly Adam Beard Grooming Set For Men Includes Beard Balm, Boars Hair Beard Brush, Pure Organic 100ml Premium Beard Oil and our popular Beard Wash Shampoo 200ml","og_url":"https:\/\/grizzlyadam.co.uk\/fr\/produit\/grizzly-adam-premium-beard-care-gift-set-boar-brush\/","og_site_name":"Grizzly Adam","article_publisher":"https:\/\/www.facebook.com\/grizzlyadamuk","article_modified_time":"2026-02-20T11:02:39+00:00","og_image":[{"width":1080,"height":1080,"url":"https:\/\/grizzlyadam.co.uk\/wp-content\/uploads\/2017\/02\/combo-and-boar.png","type":"image\/png"}],"twitter_card":"summary_large_image","twitter_site":"@grizzlyadamuk","twitter_misc":{"Dur\u00e9e de lecture estim\u00e9e":"2 minutes"},"schema":{"@context":"https:\/\/schema.org","@graph":[{"@type":"WebPage","@id":"https:\/\/grizzlyadam.co.uk\/product\/grizzly-adam-premium-beard-care-gift-set-boar-brush\/","url":"https:\/\/grizzlyadam.co.uk\/product\/grizzly-adam-premium-beard-care-gift-set-boar-brush\/","name":"Grizzly Adam Premium Beard Care Gift Set + Boar Bristle Brush - Grizzly Adam","isPartOf":{"@id":"https:\/\/project1-mke5mv4jgx.live-website.com\/#website"},"primaryImageOfPage":{"@id":"https:\/\/grizzlyadam.co.uk\/product\/grizzly-adam-premium-beard-care-gift-set-boar-brush\/#primaryimage"},"image":{"@id":"https:\/\/grizzlyadam.co.uk\/product\/grizzly-adam-premium-beard-care-gift-set-boar-brush\/#primaryimage"},"thumbnailUrl":"https:\/\/grizzlyadam.co.uk\/wp-content\/uploads\/2017\/02\/combo-and-boar.png","datePublished":"2017-02-19T15:54:28+00:00","dateModified":"2026-02-20T11:02:39+00:00","description":"Grizzly Adam Beard Grooming Set For Men Includes Beard Balm, Boars Hair Beard Brush, Pure Organic 100ml Premium Beard Oil and our popular Beard Wash Shampoo 200ml","breadcrumb":{"@id":"https:\/\/grizzlyadam.co.uk\/product\/grizzly-adam-premium-beard-care-gift-set-boar-brush\/#breadcrumb"},"inLanguage":"fr-FR","potentialAction":[{"@type":"ReadAction","target":["https:\/\/grizzlyadam.co.uk\/product\/grizzly-adam-premium-beard-care-gift-set-boar-brush\/"]}]},{"@type":"ImageObject","inLanguage":"fr-FR","@id":"https:\/\/grizzlyadam.co.uk\/product\/grizzly-adam-premium-beard-care-gift-set-boar-brush\/#primaryimage","url":"https:\/\/grizzlyadam.co.uk\/wp-content\/uploads\/2017\/02\/combo-and-boar.png","contentUrl":"https:\/\/grizzlyadam.co.uk\/wp-content\/uploads\/2017\/02\/combo-and-boar.png","width":1080,"height":1080},{"@type":"BreadcrumbList","@id":"https:\/\/grizzlyadam.co.uk\/product\/grizzly-adam-premium-beard-care-gift-set-boar-brush\/#breadcrumb","itemListElement":[{"@type":"ListItem","position":1,"name":"Home","item":"https:\/\/grizzlyadam.co.uk\/"},{"@type":"ListItem","position":2,"name":"Shop","item":"https:\/\/project1-mke5mv4jgx.live-website.com\/shop\/"},{"@type":"ListItem","position":3,"name":"Grizzly Adam Premium Beard Care Gift Set + Boar Bristle Brush"}]},{"@type":"WebSite","@id":"https:\/\/project1-mke5mv4jgx.live-website.com\/#website","url":"https:\/\/project1-mke5mv4jgx.live-website.com\/","name":"Grizzly Adam","description":"Huile \u00e0 barbe et produits de toilettage pour hommes","publisher":{"@id":"https:\/\/project1-mke5mv4jgx.live-website.com\/#organization"},"potentialAction":[{"@type":"SearchAction","target":{"@type":"EntryPoint","urlTemplate":"https:\/\/project1-mke5mv4jgx.live-website.com\/?s={search_term_string}"},"query-input":{"@type":"PropertyValueSpecification","valueRequired":true,"valueName":"search_term_string"}}],"inLanguage":"fr-FR"},{"@type":"Organization","@id":"https:\/\/project1-mke5mv4jgx.live-website.com\/#organization","name":"GRIZZLY ADAM","url":"https:\/\/project1-mke5mv4jgx.live-website.com\/","logo":{"@type":"ImageObject","inLanguage":"fr-FR","@id":"https:\/\/project1-mke5mv4jgx.live-website.com\/#\/schema\/logo\/image\/","url":"https:\/\/grizzlyadam.co.uk\/wp-content\/uploads\/2019\/11\/gadamlogo.png","contentUrl":"https:\/\/grizzlyadam.co.uk\/wp-content\/uploads\/2019\/11\/gadamlogo.png","width":"200","height":"200","caption":"GRIZZLY ADAM"},"image":{"@id":"https:\/\/project1-mke5mv4jgx.live-website.com\/#\/schema\/logo\/image\/"},"sameAs":["https:\/\/www.facebook.com\/grizzlyadamuk","https:\/\/x.com\/grizzlyadamuk","https:\/\/www.instagram.com\/grizzlyadamuk\/"]}]}},"df_price":49.99,"df_sale_price":49.99,"df_regular_price":64.99,"df_image_link":"https:\/\/grizzlyadam.co.uk\/wp-content\/uploads\/2017\/02\/combo-and-boar-300x300.png","_links":{"self":[{"href":"https:\/\/grizzlyadam.co.uk\/fr\/wp-json\/wp\/v2\/product\/2217","targetHints":{"allow":["GET"]}}],"collection":[{"href":"https:\/\/grizzlyadam.co.uk\/fr\/wp-json\/wp\/v2\/product"}],"about":[{"href":"https:\/\/grizzlyadam.co.uk\/fr\/wp-json\/wp\/v2\/types\/product"}],"replies":[{"embeddable":true,"href":"https:\/\/grizzlyadam.co.uk\/fr\/wp-json\/wp\/v2\/comments?post=2217"}],"wp:featuredmedia":[{"embeddable":true,"href":"https:\/\/grizzlyadam.co.uk\/fr\/wp-json\/wp\/v2\/media\/13368"}],"wp:attachment":[{"href":"https:\/\/grizzlyadam.co.uk\/fr\/wp-json\/wp\/v2\/media?parent=2217"}],"wp:term":[{"taxonomy":"product_brand","embeddable":true,"href":"https:\/\/grizzlyadam.co.uk\/fr\/wp-json\/wp\/v2\/product_brand?post=2217"},{"taxonomy":"product_cat","embeddable":true,"href":"https:\/\/grizzlyadam.co.uk\/fr\/wp-json\/wp\/v2\/product_cat?post=2217"},{"taxonomy":"product_tag","embeddable":true,"href":"https:\/\/grizzlyadam.co.uk\/fr\/wp-json\/wp\/v2\/product_tag?post=2217"}],"curies":[{"name":"wp","href":"https:\/\/api.w.org\/{rel}","templated":true}]}}