{"id":2214,"date":"2017-02-19T15:54:23","date_gmt":"2017-02-19T15:54:23","guid":{"rendered":"https:\/\/grizzlyadam.co.uk\/product\/grizzly-adam-starter-beard-care-kit\/"},"modified":"2025-03-24T07:40:00","modified_gmt":"2025-03-24T07:40:00","slug":"grizzly-adam-starter-beard-care-kit","status":"publish","type":"product","link":"https:\/\/grizzlyadam.co.uk\/fr\/produit\/grizzly-adam-starter-beard-care-kit\/","title":{"rendered":"Grizzly Adam Starter Beard Care Set - Beard Wash Shampooing &amp; Free Comb"},"content":{"rendered":"<div id=\"featurebullets_feature_div\" class=\"feature\">\n<div id=\"feature-bullets\" class=\"a-section a-spacing-medium a-spacing-top-small\">\n<ul class=\"a-vertical a-spacing-none\">\n<li><span class=\"a-list-item\"> Plus de 30 \u20ac si tous les articles sont achet\u00e9s s\u00e9par\u00e9ment - Cadeau id\u00e9al pour la Saint-Valentin pour les hommes barbus ou moustachus et un cadeau de No\u00ebl bienvenu pour tous les hommes barbus.<\/span><\/li>\n<li><span class=\"a-list-item\"> Adoucit votre barbe avec des ingr\u00e9dients naturels - Comprend un shampooing et un nettoyant doux pour la barbe, formul\u00e9s sp\u00e9cifiquement pour votre barbe et votre moustache<\/span><\/li>\n<li><span class=\"a-list-item\"> Rincez vos poils du visage sans enlever vos huiles capillaires naturelles ni irriter votre peau.<\/span><\/li>\n<li><span class=\"a-list-item\"> Les cheveux, les barbes et les moustaches b\u00e9n\u00e9ficieront tous de ce peigne en bois droit, robuste et de style classique. Parfait pour les barbes longues et denses<\/span><\/li>\n<li><span class=\"a-list-item\"> Pourquoi choisir les produits Grizzly Adam ? - Pour quelque raison que ce soit, si vous n'\u00eates pas satisfait de nos produits ou de notre service, contactez-nous et nous ferons le n\u00e9cessaire - Nous avons le MEILLEUR service \u00e0 la client\u00e8le et la meilleure qualit\u00e9 d'huile \u00e0 barbe sur le march\u00e9 aujourd'hui !<\/span><\/li>\n<\/ul>\n<\/div>\n<\/div>","protected":false},"excerpt":{"rendered":"<p id=\"title\" class=\"a-size-large a-spacing-none\"><span id=\"productTitle\" class=\"a-size-large\">Shampooing pour barbe 200ml et peigne \u00e0 barbe Id\u00e9al pour le toilettage de la barbe et de la moustache<\/span><\/p>\n<p><b>Grizzly Adam Aide \u00e0 prendre soin de votre peau et de votre barbe<\/b><\/p>\n<p>Comprend un peigne Grizzly Adam Premium pr\u00e9sent\u00e9 dans une bo\u00eete cadeau faite \u00e0 la main.<\/p>\n<p class=\"a-size-large a-spacing-none\">Comprend \u00e9galement notre NOUVEAU shampooing pour barbe de 200ml<\/p>\n<p>Le nettoyant pour barbe pour hommes nettoie d\u00e9licatement les poils du visage et la peau vuln\u00e9rable qui se trouve en dessous, laissant la barbe et le visage propres, doux, faciles \u00e0 coiffer et sentant bon.<\/p>","protected":false},"featured_media":2181,"comment_status":"closed","ping_status":"closed","template":"","meta":[],"product_brand":[],"product_cat":[72,70,251,90],"product_tag":[],"class_list":{"0":"post-2214","1":"product","2":"type-product","3":"status-publish","4":"has-post-thumbnail","6":"product_cat-beard-comb","7":"product_cat-beard-wash","8":"product_cat-bundles","9":"product_cat-hair-care","11":"first","12":"instock","13":"sale","14":"taxable","15":"shipping-taxable","16":"purchasable","17":"product-type-simple"},"yoast_head":"<!-- This site is optimized with the Yoast SEO plugin v27.2 - https:\/\/yoast.com\/product\/yoast-seo-wordpress\/ -->\n<title>Grizzly Adam Starter Beard Care Set - Beard Wash Shampoo &amp; Free Comb - Grizzly Adam<\/title>\n<meta name=\"robots\" content=\"index, follow, max-snippet:-1, max-image-preview:large, max-video-preview:-1\" \/>\n<link rel=\"canonical\" href=\"https:\/\/grizzlyadam.co.uk\/fr\/produit\/grizzly-adam-starter-beard-care-kit\/\" \/>\n<meta property=\"og:locale\" content=\"fr_FR\" \/>\n<meta property=\"og:type\" content=\"article\" \/>\n<meta property=\"og:title\" content=\"Grizzly Adam Starter Beard Care Set - Beard Wash Shampoo &amp; Free Comb - Grizzly Adam\" \/>\n<meta property=\"og:description\" content=\"Beard Wash Shampoo 200ml and Beard Comb Ideal for Grooming Beards and Moustache Grizzly Adam Helps to care for your skin and your beard  Includes Grizzly Adam Premium Comb presented in a handmade gift box Also includes our NEW Beard Wash Shampoo 200ml Beard wash for men will delicately cleanse both face hair and also the vulnerable skin underneath, leaving both beard and face clean, soft, manageable and also smelling wonderful.\" \/>\n<meta property=\"og:url\" content=\"https:\/\/grizzlyadam.co.uk\/fr\/produit\/grizzly-adam-starter-beard-care-kit\/\" \/>\n<meta property=\"og:site_name\" content=\"Grizzly Adam\" \/>\n<meta property=\"article:publisher\" content=\"https:\/\/www.facebook.com\/grizzlyadamuk\" \/>\n<meta property=\"article:modified_time\" content=\"2025-03-24T07:40:00+00:00\" \/>\n<meta property=\"og:image\" content=\"https:\/\/grizzlyadam.co.uk\/wp-content\/uploads\/2017\/02\/Beardwash3.jpg\" \/>\n\t<meta property=\"og:image:width\" content=\"1500\" \/>\n\t<meta property=\"og:image:height\" content=\"1500\" \/>\n\t<meta property=\"og:image:type\" content=\"image\/jpeg\" \/>\n<meta name=\"twitter:card\" content=\"summary_large_image\" \/>\n<meta name=\"twitter:site\" content=\"@grizzlyadamuk\" \/>\n<meta name=\"twitter:label1\" content=\"Dur\u00e9e de lecture estim\u00e9e\" \/>\n\t<meta name=\"twitter:data1\" content=\"1 minute\" \/>\n<script type=\"application\/ld+json\" class=\"yoast-schema-graph\">{\"@context\":\"https:\/\/schema.org\",\"@graph\":[{\"@type\":\"WebPage\",\"@id\":\"https:\/\/grizzlyadam.co.uk\/product\/grizzly-adam-starter-beard-care-kit\/\",\"url\":\"https:\/\/grizzlyadam.co.uk\/product\/grizzly-adam-starter-beard-care-kit\/\",\"name\":\"Grizzly Adam Starter Beard Care Set - Beard Wash Shampoo & Free Comb - Grizzly Adam\",\"isPartOf\":{\"@id\":\"https:\/\/project1-mke5mv4jgx.live-website.com\/#website\"},\"primaryImageOfPage\":{\"@id\":\"https:\/\/grizzlyadam.co.uk\/product\/grizzly-adam-starter-beard-care-kit\/#primaryimage\"},\"image\":{\"@id\":\"https:\/\/grizzlyadam.co.uk\/product\/grizzly-adam-starter-beard-care-kit\/#primaryimage\"},\"thumbnailUrl\":\"https:\/\/grizzlyadam.co.uk\/wp-content\/uploads\/2017\/02\/Beardwash3.jpg\",\"datePublished\":\"2017-02-19T15:54:23+00:00\",\"dateModified\":\"2025-03-24T07:40:00+00:00\",\"breadcrumb\":{\"@id\":\"https:\/\/grizzlyadam.co.uk\/product\/grizzly-adam-starter-beard-care-kit\/#breadcrumb\"},\"inLanguage\":\"fr-FR\",\"potentialAction\":[{\"@type\":\"ReadAction\",\"target\":[\"https:\/\/grizzlyadam.co.uk\/product\/grizzly-adam-starter-beard-care-kit\/\"]}]},{\"@type\":\"ImageObject\",\"inLanguage\":\"fr-FR\",\"@id\":\"https:\/\/grizzlyadam.co.uk\/product\/grizzly-adam-starter-beard-care-kit\/#primaryimage\",\"url\":\"https:\/\/grizzlyadam.co.uk\/wp-content\/uploads\/2017\/02\/Beardwash3.jpg\",\"contentUrl\":\"https:\/\/grizzlyadam.co.uk\/wp-content\/uploads\/2017\/02\/Beardwash3.jpg\",\"width\":1200,\"height\":1200},{\"@type\":\"BreadcrumbList\",\"@id\":\"https:\/\/grizzlyadam.co.uk\/product\/grizzly-adam-starter-beard-care-kit\/#breadcrumb\",\"itemListElement\":[{\"@type\":\"ListItem\",\"position\":1,\"name\":\"Home\",\"item\":\"https:\/\/grizzlyadam.co.uk\/\"},{\"@type\":\"ListItem\",\"position\":2,\"name\":\"Shop\",\"item\":\"https:\/\/project1-mke5mv4jgx.live-website.com\/shop\/\"},{\"@type\":\"ListItem\",\"position\":3,\"name\":\"Grizzly Adam Starter Beard Care Set &#8211; Beard Wash Shampoo &#038; Free Comb\"}]},{\"@type\":\"WebSite\",\"@id\":\"https:\/\/project1-mke5mv4jgx.live-website.com\/#website\",\"url\":\"https:\/\/project1-mke5mv4jgx.live-website.com\/\",\"name\":\"Grizzly Adam\",\"description\":\"Beard Oil And Grooming Products For Gentlemen\",\"publisher\":{\"@id\":\"https:\/\/project1-mke5mv4jgx.live-website.com\/#organization\"},\"potentialAction\":[{\"@type\":\"SearchAction\",\"target\":{\"@type\":\"EntryPoint\",\"urlTemplate\":\"https:\/\/project1-mke5mv4jgx.live-website.com\/?s={search_term_string}\"},\"query-input\":{\"@type\":\"PropertyValueSpecification\",\"valueRequired\":true,\"valueName\":\"search_term_string\"}}],\"inLanguage\":\"fr-FR\"},{\"@type\":\"Organization\",\"@id\":\"https:\/\/project1-mke5mv4jgx.live-website.com\/#organization\",\"name\":\"GRIZZLY ADAM\",\"url\":\"https:\/\/project1-mke5mv4jgx.live-website.com\/\",\"logo\":{\"@type\":\"ImageObject\",\"inLanguage\":\"fr-FR\",\"@id\":\"https:\/\/project1-mke5mv4jgx.live-website.com\/#\/schema\/logo\/image\/\",\"url\":\"https:\/\/grizzlyadam.co.uk\/wp-content\/uploads\/2019\/11\/gadamlogo.png\",\"contentUrl\":\"https:\/\/grizzlyadam.co.uk\/wp-content\/uploads\/2019\/11\/gadamlogo.png\",\"width\":\"200\",\"height\":\"200\",\"caption\":\"GRIZZLY ADAM\"},\"image\":{\"@id\":\"https:\/\/project1-mke5mv4jgx.live-website.com\/#\/schema\/logo\/image\/\"},\"sameAs\":[\"https:\/\/www.facebook.com\/grizzlyadamuk\",\"https:\/\/x.com\/grizzlyadamuk\",\"https:\/\/www.instagram.com\/grizzlyadamuk\/\"]}]}<\/script>\n<!-- \/ Yoast SEO plugin. -->","yoast_head_json":{"title":"Grizzly Adam Starter Beard Care Set - Beard Wash Shampoo & Free Comb - Grizzly Adam","robots":{"index":"index","follow":"follow","max-snippet":"max-snippet:-1","max-image-preview":"max-image-preview:large","max-video-preview":"max-video-preview:-1"},"canonical":"https:\/\/grizzlyadam.co.uk\/fr\/produit\/grizzly-adam-starter-beard-care-kit\/","og_locale":"fr_FR","og_type":"article","og_title":"Grizzly Adam Starter Beard Care Set - Beard Wash Shampoo & Free Comb - Grizzly Adam","og_description":"Beard Wash Shampoo 200ml and Beard Comb Ideal for Grooming Beards and Moustache Grizzly Adam Helps to care for your skin and your beard  Includes Grizzly Adam Premium Comb presented in a handmade gift box Also includes our NEW Beard Wash Shampoo 200ml Beard wash for men will delicately cleanse both face hair and also the vulnerable skin underneath, leaving both beard and face clean, soft, manageable and also smelling wonderful.","og_url":"https:\/\/grizzlyadam.co.uk\/fr\/produit\/grizzly-adam-starter-beard-care-kit\/","og_site_name":"Grizzly Adam","article_publisher":"https:\/\/www.facebook.com\/grizzlyadamuk","article_modified_time":"2025-03-24T07:40:00+00:00","og_image":[{"width":1500,"height":1500,"url":"https:\/\/grizzlyadam.co.uk\/wp-content\/uploads\/2017\/02\/Beardwash3.jpg","type":"image\/jpeg"}],"twitter_card":"summary_large_image","twitter_site":"@grizzlyadamuk","twitter_misc":{"Dur\u00e9e de lecture estim\u00e9e":"1 minute"},"schema":{"@context":"https:\/\/schema.org","@graph":[{"@type":"WebPage","@id":"https:\/\/grizzlyadam.co.uk\/product\/grizzly-adam-starter-beard-care-kit\/","url":"https:\/\/grizzlyadam.co.uk\/product\/grizzly-adam-starter-beard-care-kit\/","name":"Grizzly Adam Starter Beard Care Set - Beard Wash Shampoo & Free Comb - Grizzly Adam","isPartOf":{"@id":"https:\/\/project1-mke5mv4jgx.live-website.com\/#website"},"primaryImageOfPage":{"@id":"https:\/\/grizzlyadam.co.uk\/product\/grizzly-adam-starter-beard-care-kit\/#primaryimage"},"image":{"@id":"https:\/\/grizzlyadam.co.uk\/product\/grizzly-adam-starter-beard-care-kit\/#primaryimage"},"thumbnailUrl":"https:\/\/grizzlyadam.co.uk\/wp-content\/uploads\/2017\/02\/Beardwash3.jpg","datePublished":"2017-02-19T15:54:23+00:00","dateModified":"2025-03-24T07:40:00+00:00","breadcrumb":{"@id":"https:\/\/grizzlyadam.co.uk\/product\/grizzly-adam-starter-beard-care-kit\/#breadcrumb"},"inLanguage":"fr-FR","potentialAction":[{"@type":"ReadAction","target":["https:\/\/grizzlyadam.co.uk\/product\/grizzly-adam-starter-beard-care-kit\/"]}]},{"@type":"ImageObject","inLanguage":"fr-FR","@id":"https:\/\/grizzlyadam.co.uk\/product\/grizzly-adam-starter-beard-care-kit\/#primaryimage","url":"https:\/\/grizzlyadam.co.uk\/wp-content\/uploads\/2017\/02\/Beardwash3.jpg","contentUrl":"https:\/\/grizzlyadam.co.uk\/wp-content\/uploads\/2017\/02\/Beardwash3.jpg","width":1200,"height":1200},{"@type":"BreadcrumbList","@id":"https:\/\/grizzlyadam.co.uk\/product\/grizzly-adam-starter-beard-care-kit\/#breadcrumb","itemListElement":[{"@type":"ListItem","position":1,"name":"Home","item":"https:\/\/grizzlyadam.co.uk\/"},{"@type":"ListItem","position":2,"name":"Shop","item":"https:\/\/project1-mke5mv4jgx.live-website.com\/shop\/"},{"@type":"ListItem","position":3,"name":"Grizzly Adam Starter Beard Care Set &#8211; Beard Wash Shampoo &#038; Free Comb"}]},{"@type":"WebSite","@id":"https:\/\/project1-mke5mv4jgx.live-website.com\/#website","url":"https:\/\/project1-mke5mv4jgx.live-website.com\/","name":"Grizzly Adam","description":"Huile \u00e0 barbe et produits de toilettage pour hommes","publisher":{"@id":"https:\/\/project1-mke5mv4jgx.live-website.com\/#organization"},"potentialAction":[{"@type":"SearchAction","target":{"@type":"EntryPoint","urlTemplate":"https:\/\/project1-mke5mv4jgx.live-website.com\/?s={search_term_string}"},"query-input":{"@type":"PropertyValueSpecification","valueRequired":true,"valueName":"search_term_string"}}],"inLanguage":"fr-FR"},{"@type":"Organization","@id":"https:\/\/project1-mke5mv4jgx.live-website.com\/#organization","name":"GRIZZLY ADAM","url":"https:\/\/project1-mke5mv4jgx.live-website.com\/","logo":{"@type":"ImageObject","inLanguage":"fr-FR","@id":"https:\/\/project1-mke5mv4jgx.live-website.com\/#\/schema\/logo\/image\/","url":"https:\/\/grizzlyadam.co.uk\/wp-content\/uploads\/2019\/11\/gadamlogo.png","contentUrl":"https:\/\/grizzlyadam.co.uk\/wp-content\/uploads\/2019\/11\/gadamlogo.png","width":"200","height":"200","caption":"GRIZZLY ADAM"},"image":{"@id":"https:\/\/project1-mke5mv4jgx.live-website.com\/#\/schema\/logo\/image\/"},"sameAs":["https:\/\/www.facebook.com\/grizzlyadamuk","https:\/\/x.com\/grizzlyadamuk","https:\/\/www.instagram.com\/grizzlyadamuk\/"]}]}},"df_price":14.99,"df_sale_price":14.99,"df_regular_price":22.99,"df_image_link":"https:\/\/grizzlyadam.co.uk\/wp-content\/uploads\/2017\/02\/Beardwash3-300x300.jpg","_links":{"self":[{"href":"https:\/\/grizzlyadam.co.uk\/fr\/wp-json\/wp\/v2\/product\/2214","targetHints":{"allow":["GET"]}}],"collection":[{"href":"https:\/\/grizzlyadam.co.uk\/fr\/wp-json\/wp\/v2\/product"}],"about":[{"href":"https:\/\/grizzlyadam.co.uk\/fr\/wp-json\/wp\/v2\/types\/product"}],"replies":[{"embeddable":true,"href":"https:\/\/grizzlyadam.co.uk\/fr\/wp-json\/wp\/v2\/comments?post=2214"}],"wp:featuredmedia":[{"embeddable":true,"href":"https:\/\/grizzlyadam.co.uk\/fr\/wp-json\/wp\/v2\/media\/2181"}],"wp:attachment":[{"href":"https:\/\/grizzlyadam.co.uk\/fr\/wp-json\/wp\/v2\/media?parent=2214"}],"wp:term":[{"taxonomy":"product_brand","embeddable":true,"href":"https:\/\/grizzlyadam.co.uk\/fr\/wp-json\/wp\/v2\/product_brand?post=2214"},{"taxonomy":"product_cat","embeddable":true,"href":"https:\/\/grizzlyadam.co.uk\/fr\/wp-json\/wp\/v2\/product_cat?post=2214"},{"taxonomy":"product_tag","embeddable":true,"href":"https:\/\/grizzlyadam.co.uk\/fr\/wp-json\/wp\/v2\/product_tag?post=2214"}],"curies":[{"name":"wp","href":"https:\/\/api.w.org\/{rel}","templated":true}]}}