{"id":2209,"date":"2017-02-19T15:54:20","date_gmt":"2017-02-19T15:54:20","guid":{"rendered":"https:\/\/grizzlyadam.co.uk\/product\/new-improved-grizzly-adam-beard-care-kit-perfect-gift-set-for-men\/"},"modified":"2022-11-10T17:55:01","modified_gmt":"2022-11-10T17:55:01","slug":"new-improved-grizzly-adam-beard-care-kit","status":"publish","type":"product","link":"https:\/\/grizzlyadam.co.uk\/fr\/produit\/new-improved-grizzly-adam-beard-care-kit\/","title":{"rendered":"Nouveau kit d'entretien de barbe Grizzly Adam am\u00e9lior\u00e9"},"content":{"rendered":"<p><strong>Comprend un baume \u00e0 barbe, des ciseaux de barbier professionnels de qualit\u00e9 salon, une huile \u00e0 barbe pure et biologique de 100 ml et un peigne Grizzly Adam Premium.<\/strong><\/p>\n<p>Plus de \u00a360 si tout est achet\u00e9 s\u00e9par\u00e9ment - Parfait pour remplir les bas de No\u00ebl des hommes \u00e0 barbe ou \u00e0 moustache et serait un cadeau bienvenu pour tout homme barbu.<br \/>\n6.5-Inch Professional Hair and Beard Scissors - Ciseaux \u00e0 cheveux \u00e0 lames rasoir avec tension r\u00e9glable et inserts pour les doigts, lames tranchantes pour une coiffure et une taille de la barbe ais\u00e9es<br \/>\nPREMIUM BEARD OIL for Men - Gardez votre barbe saine, soign\u00e9e et apprivois\u00e9e naturellement. Hydrate les poils et la peau de la barbe, \u00e9limine les d\u00e9mangeaisons et les pellicules pour une barbe agr\u00e9able et respectable. Utiliser quotidiennement pour un effet optimal sur la barbe.<br \/>\nLes cheveux, les barbes et les moustaches b\u00e9n\u00e9ficieront tous de ce peigne en bois droit, robuste et de style classique. Parfait pour les barbes longues et denses<br \/>\nGRIZZLY ADAM BEARD BALM est le meilleur conditionneur et \u00e9paississeur de barbe sans rin\u00e7age pour homme avec des huiles naturelles pour aider les barbes cassantes, les pellicules de barbe, les d\u00e9mangeaisons et les pointes fourchues sur le march\u00e9. Combattez les plaques ! Utilisez-le quotidiennement pour un effet optimal sur la barbe.<\/p>","protected":false},"excerpt":{"rendered":"<ul>\n<li>Cette huile et ce baume \u00e0 barbe enti\u00e8rement naturels sont parfaitement formul\u00e9s pour pr\u00e9venir les pointes fourchues, contr\u00f4ler les frisottis et les enchev\u00eatrements, adoucir les moustaches pour les rencontres intimes, soulager la peau s\u00e8che et les d\u00e9mangeaisons, r\u00e9duire les plaques et vous rendre, vous et votre superbe barbe, beaucoup plus attrayants. Le baume \u00e0 barbe convient \u00e0 toutes les vari\u00e9t\u00e9s et longueurs de poils du visage.<\/li>\n<li>Les ciseaux Grizzly Adam Razor Edge Hair Cutting Shear sont sp\u00e9cialement con\u00e7us pour des performances \u00e9lev\u00e9es et des r\u00e9sultats de qualit\u00e9. Ils sont indispensables aux barbiers professionnels et aux amateurs d'entretien de la barbe, et permettent d'obtenir des r\u00e9sultats \u00e9l\u00e9gants et sans effort.<\/li>\n<\/ul>","protected":false},"featured_media":2210,"comment_status":"closed","ping_status":"closed","template":"","meta":[],"product_brand":[],"product_cat":[74],"product_tag":[66,79,80,81,82,83,77],"class_list":{"0":"post-2209","1":"product","2":"type-product","3":"status-publish","4":"has-post-thumbnail","6":"product_cat-grooming-kits","7":"product_tag-beard-oil","8":"product_tag-beard-balm","9":"product_tag-beard-care","10":"product_tag-beard-comb","11":"product_tag-beard-scissors","12":"product_tag-grooming","13":"product_tag-grooming-kit","15":"first","16":"instock","17":"taxable","18":"shipping-taxable","19":"purchasable","20":"product-type-simple"},"yoast_head":"<!-- This site is optimized with the Yoast SEO plugin v27.2 - https:\/\/yoast.com\/product\/yoast-seo-wordpress\/ -->\n<title>New Improved Grizzly Adam Beard Care Kit - Grizzly Adam<\/title>\n<meta name=\"robots\" content=\"index, follow, max-snippet:-1, max-image-preview:large, max-video-preview:-1\" \/>\n<link rel=\"canonical\" href=\"https:\/\/grizzlyadam.co.uk\/fr\/produit\/new-improved-grizzly-adam-beard-care-kit\/\" \/>\n<meta property=\"og:locale\" content=\"fr_FR\" \/>\n<meta property=\"og:type\" content=\"article\" \/>\n<meta property=\"og:title\" content=\"New Improved Grizzly Adam Beard Care Kit - Grizzly Adam\" \/>\n<meta property=\"og:description\" content=\"This all-natural, beard oil and balm is perfectly formulated to prevent split ends, control frizz and tangles, soften whiskers for those intimate encounters, relieve dry, itchy skin, reduce patchiness, and make you and your awesome beard much more attractive. Beard Balm works for all varieties and lengths of facial hair.  Grizzly Adam Razor Edge Hair Cutting Shear Scissors are specifically designed for high performance and quality results. They are a must-have for professional barbers, beard care lovers, and deliver sleek, effortless results.\" \/>\n<meta property=\"og:url\" content=\"https:\/\/grizzlyadam.co.uk\/fr\/produit\/new-improved-grizzly-adam-beard-care-kit\/\" \/>\n<meta property=\"og:site_name\" content=\"Grizzly Adam\" \/>\n<meta property=\"article:publisher\" content=\"https:\/\/www.facebook.com\/grizzlyadamuk\" \/>\n<meta property=\"article:modified_time\" content=\"2022-11-10T17:55:01+00:00\" \/>\n<meta property=\"og:image\" content=\"https:\/\/project1-mke5mv4jgx.live-website.com\/wp-content\/uploads\/2017\/02\/new-grroming-kit.jpg\" \/>\n\t<meta property=\"og:image:width\" content=\"375\" \/>\n\t<meta property=\"og:image:height\" content=\"500\" \/>\n\t<meta property=\"og:image:type\" content=\"image\/jpeg\" \/>\n<meta name=\"twitter:card\" content=\"summary_large_image\" \/>\n<meta name=\"twitter:site\" content=\"@grizzlyadamuk\" \/>\n<meta name=\"twitter:label1\" content=\"Dur\u00e9e de lecture estim\u00e9e\" \/>\n\t<meta name=\"twitter:data1\" content=\"1 minute\" \/>\n<script type=\"application\/ld+json\" class=\"yoast-schema-graph\">{\"@context\":\"https:\/\/schema.org\",\"@graph\":[{\"@type\":\"WebPage\",\"@id\":\"https:\/\/grizzlyadam.co.uk\/product\/new-improved-grizzly-adam-beard-care-kit\/\",\"url\":\"https:\/\/grizzlyadam.co.uk\/product\/new-improved-grizzly-adam-beard-care-kit\/\",\"name\":\"New Improved Grizzly Adam Beard Care Kit - Grizzly Adam\",\"isPartOf\":{\"@id\":\"https:\/\/project1-mke5mv4jgx.live-website.com\/#website\"},\"primaryImageOfPage\":{\"@id\":\"https:\/\/grizzlyadam.co.uk\/product\/new-improved-grizzly-adam-beard-care-kit\/#primaryimage\"},\"image\":{\"@id\":\"https:\/\/grizzlyadam.co.uk\/product\/new-improved-grizzly-adam-beard-care-kit\/#primaryimage\"},\"thumbnailUrl\":\"https:\/\/grizzlyadam.co.uk\/wp-content\/uploads\/2017\/02\/new-grroming-kit.jpg\",\"datePublished\":\"2017-02-19T15:54:20+00:00\",\"dateModified\":\"2022-11-10T17:55:01+00:00\",\"breadcrumb\":{\"@id\":\"https:\/\/grizzlyadam.co.uk\/product\/new-improved-grizzly-adam-beard-care-kit\/#breadcrumb\"},\"inLanguage\":\"fr-FR\",\"potentialAction\":[{\"@type\":\"ReadAction\",\"target\":[\"https:\/\/grizzlyadam.co.uk\/product\/new-improved-grizzly-adam-beard-care-kit\/\"]}]},{\"@type\":\"ImageObject\",\"inLanguage\":\"fr-FR\",\"@id\":\"https:\/\/grizzlyadam.co.uk\/product\/new-improved-grizzly-adam-beard-care-kit\/#primaryimage\",\"url\":\"https:\/\/grizzlyadam.co.uk\/wp-content\/uploads\/2017\/02\/new-grroming-kit.jpg\",\"contentUrl\":\"https:\/\/grizzlyadam.co.uk\/wp-content\/uploads\/2017\/02\/new-grroming-kit.jpg\",\"width\":375,\"height\":500},{\"@type\":\"BreadcrumbList\",\"@id\":\"https:\/\/grizzlyadam.co.uk\/product\/new-improved-grizzly-adam-beard-care-kit\/#breadcrumb\",\"itemListElement\":[{\"@type\":\"ListItem\",\"position\":1,\"name\":\"Home\",\"item\":\"https:\/\/grizzlyadam.co.uk\/\"},{\"@type\":\"ListItem\",\"position\":2,\"name\":\"Shop\",\"item\":\"https:\/\/project1-mke5mv4jgx.live-website.com\/shop\/\"},{\"@type\":\"ListItem\",\"position\":3,\"name\":\"New Improved Grizzly Adam Beard Care Kit\"}]},{\"@type\":\"WebSite\",\"@id\":\"https:\/\/project1-mke5mv4jgx.live-website.com\/#website\",\"url\":\"https:\/\/project1-mke5mv4jgx.live-website.com\/\",\"name\":\"Grizzly Adam\",\"description\":\"Beard Oil And Grooming Products For Gentlemen\",\"publisher\":{\"@id\":\"https:\/\/project1-mke5mv4jgx.live-website.com\/#organization\"},\"potentialAction\":[{\"@type\":\"SearchAction\",\"target\":{\"@type\":\"EntryPoint\",\"urlTemplate\":\"https:\/\/project1-mke5mv4jgx.live-website.com\/?s={search_term_string}\"},\"query-input\":{\"@type\":\"PropertyValueSpecification\",\"valueRequired\":true,\"valueName\":\"search_term_string\"}}],\"inLanguage\":\"fr-FR\"},{\"@type\":\"Organization\",\"@id\":\"https:\/\/project1-mke5mv4jgx.live-website.com\/#organization\",\"name\":\"GRIZZLY ADAM\",\"url\":\"https:\/\/project1-mke5mv4jgx.live-website.com\/\",\"logo\":{\"@type\":\"ImageObject\",\"inLanguage\":\"fr-FR\",\"@id\":\"https:\/\/project1-mke5mv4jgx.live-website.com\/#\/schema\/logo\/image\/\",\"url\":\"https:\/\/grizzlyadam.co.uk\/wp-content\/uploads\/2019\/11\/gadamlogo.png\",\"contentUrl\":\"https:\/\/grizzlyadam.co.uk\/wp-content\/uploads\/2019\/11\/gadamlogo.png\",\"width\":\"200\",\"height\":\"200\",\"caption\":\"GRIZZLY ADAM\"},\"image\":{\"@id\":\"https:\/\/project1-mke5mv4jgx.live-website.com\/#\/schema\/logo\/image\/\"},\"sameAs\":[\"https:\/\/www.facebook.com\/grizzlyadamuk\",\"https:\/\/x.com\/grizzlyadamuk\",\"https:\/\/www.instagram.com\/grizzlyadamuk\/\"]}]}<\/script>\n<!-- \/ Yoast SEO plugin. -->","yoast_head_json":{"title":"New Improved Grizzly Adam Beard Care Kit - Grizzly Adam","robots":{"index":"index","follow":"follow","max-snippet":"max-snippet:-1","max-image-preview":"max-image-preview:large","max-video-preview":"max-video-preview:-1"},"canonical":"https:\/\/grizzlyadam.co.uk\/fr\/produit\/new-improved-grizzly-adam-beard-care-kit\/","og_locale":"fr_FR","og_type":"article","og_title":"New Improved Grizzly Adam Beard Care Kit - Grizzly Adam","og_description":"This all-natural, beard oil and balm is perfectly formulated to prevent split ends, control frizz and tangles, soften whiskers for those intimate encounters, relieve dry, itchy skin, reduce patchiness, and make you and your awesome beard much more attractive. Beard Balm works for all varieties and lengths of facial hair.  Grizzly Adam Razor Edge Hair Cutting Shear Scissors are specifically designed for high performance and quality results. They are a must-have for professional barbers, beard care lovers, and deliver sleek, effortless results.","og_url":"https:\/\/grizzlyadam.co.uk\/fr\/produit\/new-improved-grizzly-adam-beard-care-kit\/","og_site_name":"Grizzly Adam","article_publisher":"https:\/\/www.facebook.com\/grizzlyadamuk","article_modified_time":"2022-11-10T17:55:01+00:00","og_image":[{"width":375,"height":500,"url":"https:\/\/project1-mke5mv4jgx.live-website.com\/wp-content\/uploads\/2017\/02\/new-grroming-kit.jpg","type":"image\/jpeg"}],"twitter_card":"summary_large_image","twitter_site":"@grizzlyadamuk","twitter_misc":{"Dur\u00e9e de lecture estim\u00e9e":"1 minute"},"schema":{"@context":"https:\/\/schema.org","@graph":[{"@type":"WebPage","@id":"https:\/\/grizzlyadam.co.uk\/product\/new-improved-grizzly-adam-beard-care-kit\/","url":"https:\/\/grizzlyadam.co.uk\/product\/new-improved-grizzly-adam-beard-care-kit\/","name":"New Improved Grizzly Adam Beard Care Kit - Grizzly Adam","isPartOf":{"@id":"https:\/\/project1-mke5mv4jgx.live-website.com\/#website"},"primaryImageOfPage":{"@id":"https:\/\/grizzlyadam.co.uk\/product\/new-improved-grizzly-adam-beard-care-kit\/#primaryimage"},"image":{"@id":"https:\/\/grizzlyadam.co.uk\/product\/new-improved-grizzly-adam-beard-care-kit\/#primaryimage"},"thumbnailUrl":"https:\/\/grizzlyadam.co.uk\/wp-content\/uploads\/2017\/02\/new-grroming-kit.jpg","datePublished":"2017-02-19T15:54:20+00:00","dateModified":"2022-11-10T17:55:01+00:00","breadcrumb":{"@id":"https:\/\/grizzlyadam.co.uk\/product\/new-improved-grizzly-adam-beard-care-kit\/#breadcrumb"},"inLanguage":"fr-FR","potentialAction":[{"@type":"ReadAction","target":["https:\/\/grizzlyadam.co.uk\/product\/new-improved-grizzly-adam-beard-care-kit\/"]}]},{"@type":"ImageObject","inLanguage":"fr-FR","@id":"https:\/\/grizzlyadam.co.uk\/product\/new-improved-grizzly-adam-beard-care-kit\/#primaryimage","url":"https:\/\/grizzlyadam.co.uk\/wp-content\/uploads\/2017\/02\/new-grroming-kit.jpg","contentUrl":"https:\/\/grizzlyadam.co.uk\/wp-content\/uploads\/2017\/02\/new-grroming-kit.jpg","width":375,"height":500},{"@type":"BreadcrumbList","@id":"https:\/\/grizzlyadam.co.uk\/product\/new-improved-grizzly-adam-beard-care-kit\/#breadcrumb","itemListElement":[{"@type":"ListItem","position":1,"name":"Home","item":"https:\/\/grizzlyadam.co.uk\/"},{"@type":"ListItem","position":2,"name":"Shop","item":"https:\/\/project1-mke5mv4jgx.live-website.com\/shop\/"},{"@type":"ListItem","position":3,"name":"New Improved Grizzly Adam Beard Care Kit"}]},{"@type":"WebSite","@id":"https:\/\/project1-mke5mv4jgx.live-website.com\/#website","url":"https:\/\/project1-mke5mv4jgx.live-website.com\/","name":"Grizzly Adam","description":"Huile \u00e0 barbe et produits de toilettage pour hommes","publisher":{"@id":"https:\/\/project1-mke5mv4jgx.live-website.com\/#organization"},"potentialAction":[{"@type":"SearchAction","target":{"@type":"EntryPoint","urlTemplate":"https:\/\/project1-mke5mv4jgx.live-website.com\/?s={search_term_string}"},"query-input":{"@type":"PropertyValueSpecification","valueRequired":true,"valueName":"search_term_string"}}],"inLanguage":"fr-FR"},{"@type":"Organization","@id":"https:\/\/project1-mke5mv4jgx.live-website.com\/#organization","name":"GRIZZLY ADAM","url":"https:\/\/project1-mke5mv4jgx.live-website.com\/","logo":{"@type":"ImageObject","inLanguage":"fr-FR","@id":"https:\/\/project1-mke5mv4jgx.live-website.com\/#\/schema\/logo\/image\/","url":"https:\/\/grizzlyadam.co.uk\/wp-content\/uploads\/2019\/11\/gadamlogo.png","contentUrl":"https:\/\/grizzlyadam.co.uk\/wp-content\/uploads\/2019\/11\/gadamlogo.png","width":"200","height":"200","caption":"GRIZZLY ADAM"},"image":{"@id":"https:\/\/project1-mke5mv4jgx.live-website.com\/#\/schema\/logo\/image\/"},"sameAs":["https:\/\/www.facebook.com\/grizzlyadamuk","https:\/\/x.com\/grizzlyadamuk","https:\/\/www.instagram.com\/grizzlyadamuk\/"]}]}},"df_price":49.95,"df_sale_price":"","df_regular_price":49.95,"df_image_link":"https:\/\/grizzlyadam.co.uk\/wp-content\/uploads\/2017\/02\/new-grroming-kit-225x300.jpg","_links":{"self":[{"href":"https:\/\/grizzlyadam.co.uk\/fr\/wp-json\/wp\/v2\/product\/2209","targetHints":{"allow":["GET"]}}],"collection":[{"href":"https:\/\/grizzlyadam.co.uk\/fr\/wp-json\/wp\/v2\/product"}],"about":[{"href":"https:\/\/grizzlyadam.co.uk\/fr\/wp-json\/wp\/v2\/types\/product"}],"replies":[{"embeddable":true,"href":"https:\/\/grizzlyadam.co.uk\/fr\/wp-json\/wp\/v2\/comments?post=2209"}],"wp:featuredmedia":[{"embeddable":true,"href":"https:\/\/grizzlyadam.co.uk\/fr\/wp-json\/wp\/v2\/media\/2210"}],"wp:attachment":[{"href":"https:\/\/grizzlyadam.co.uk\/fr\/wp-json\/wp\/v2\/media?parent=2209"}],"wp:term":[{"taxonomy":"product_brand","embeddable":true,"href":"https:\/\/grizzlyadam.co.uk\/fr\/wp-json\/wp\/v2\/product_brand?post=2209"},{"taxonomy":"product_cat","embeddable":true,"href":"https:\/\/grizzlyadam.co.uk\/fr\/wp-json\/wp\/v2\/product_cat?post=2209"},{"taxonomy":"product_tag","embeddable":true,"href":"https:\/\/grizzlyadam.co.uk\/fr\/wp-json\/wp\/v2\/product_tag?post=2209"}],"curies":[{"name":"wp","href":"https:\/\/api.w.org\/{rel}","templated":true}]}}