{"id":2201,"date":"2017-02-19T15:54:01","date_gmt":"2017-02-19T15:54:01","guid":{"rendered":"https:\/\/grizzlyadam.co.uk\/product\/ultimate-grizzly-adam-beard-care-kit\/"},"modified":"2023-11-08T11:17:28","modified_gmt":"2023-11-08T11:17:28","slug":"ultimate-grizzly-adam-beard-care-kit","status":"publish","type":"product","link":"https:\/\/grizzlyadam.co.uk\/fr\/produit\/ultimate-grizzly-adam-beard-care-kit\/","title":{"rendered":"Kit de soins de barbe Ultimate Grizzly Adam"},"content":{"rendered":"<div id=\"featurebullets_feature_div\" class=\"feature\">\n<div id=\"feature-bullets\" class=\"a-section a-spacing-medium a-spacing-top-small\">\n<p><b>Grizzly Adam Aide \u00e0 prendre soin de votre peau et de votre barbe<\/b><\/p>\n<\/div>\n<\/div>\n<p>Le kit de barbe ULTIME comprend un baume \u00e0 barbe, des ciseaux de barbier professionnels de qualit\u00e9 salon, une huile \u00e0 barbe purement biologique de 100 ml, un peigne Grizzly Adam Premium et notre NOUVEAU shampoing pour barbe de 200 ml.<\/p>\n<p>Le nettoyant pour barbe pour hommes nettoie d\u00e9licatement les poils du visage et la peau vuln\u00e9rable qui se trouve en dessous, laissant la barbe et le visage propres, doux, faciles \u00e0 coiffer et sentant bon.<\/p>\n<p>Les ciseaux Grizzly Adam Razor Edge Hair Cutting Shear sont sp\u00e9cialement con\u00e7us pour des performances \u00e9lev\u00e9es et des r\u00e9sultats de qualit\u00e9. Ils sont indispensables aux barbiers professionnels et aux amateurs d'entretien de la barbe, et permettent d'obtenir des r\u00e9sultats \u00e9l\u00e9gants et sans effort.<\/p>\n<p>L'huile \u00e0 barbe permet d'hydrater votre peau et de prendre soin de votre barbe en m\u00eame temps. Elle apporte de l'huile essentielle \u00e0 votre peau et celle-ci p\u00e9n\u00e8tre dans les follicules de vos poils. Lorsque vos follicules pileux sont bien hydrat\u00e9s, vos cheveux ne se dess\u00e8chent pas et ne deviennent pas cassants. La peau hydrat\u00e9e est douce et lisse et l'utilisation d'une huile \u00e0 barbe permet d'\u00e9viter les d\u00e9mangeaisons et les squames qui peuvent causer de l'inconfort.<\/p>\n<p><b>Simple \u00e0 appliquer<\/b><\/p>\n<p>L'huile de barbe est tr\u00e8s facile \u00e0 appliquer et ne prend que quelques secondes. Vous devez appliquer quelques gouttes dans la paume de votre main, frotter vos mains l'une contre l'autre, puis passer vos doigts dans votre barbe.<\/p>\n<p>Utilisez ensuite le peigne Grizzly Adam pour couvrir votre barbe. L'huile \u00e0 barbe sera absorb\u00e9e en 20 \u00e0 30 minutes et laissera votre barbe avec une belle brillance.<\/p>\n<p>Le baume \u00e0 barbe est ce dont vous avez besoin pour faire pousser votre barbe. Point final. Ce revitalisant sans rin\u00e7age enti\u00e8rement naturel est parfaitement formul\u00e9 pour pr\u00e9venir les pointes fourchues, contr\u00f4ler les frisottis et les enchev\u00eatrements, adoucir les moustaches pour les rencontres intimes, soulager la peau s\u00e8che et les d\u00e9mangeaisons, r\u00e9duire les plaques et vous rendre, vous et votre superbe barbe, beaucoup plus attrayants. Le baume \u00e0 barbe convient \u00e0 toutes les vari\u00e9t\u00e9s et longueurs de poils du visage.<\/p>","protected":false},"excerpt":{"rendered":"<p>Coffret cadeau parfait pour les hommes - Shampoing pour barbe 200ml, Baume \u00e0 barbe 60ml, Huile \u00e0 barbe 100ml, Ciseaux \u00e0 barbe et Peigne \u00e0 barbe Id\u00e9al pour le toilettage de la barbe et de la moustache ...<\/p>\n<ul class=\"a-vertical a-spacing-none\">\n<li><span class=\"a-list-item\">Plus de \u00a395 si tout \u00e9tait achet\u00e9 s\u00e9par\u00e9ment Ce KIT ULTIME POUR LA BARBE comprend maintenant un shampooing doux pour la barbe et un nettoyant formul\u00e9 sp\u00e9cifiquement pour votre barbe et votre moustache - Un remplissage parfait pour les hommes \u00e0 barbe ou \u00e0 moustache et un cadeau de No\u00ebl bienvenu pour tous les hommes barbus.<\/span><\/li>\n<li><span class=\"a-list-item\">6.5-Inch Professional Hair and Beard Scissors - Ciseaux \u00e0 cheveux \u00e0 lames rasoir avec tension r\u00e9glable et inserts pour les doigts, lames tranchantes pour une coiffure et une taille de la barbe ais\u00e9es<\/span><\/li>\n<li><span class=\"a-list-item\">PREMIUM BEARD OIL for Men - Gardez votre barbe saine, soign\u00e9e et apprivois\u00e9e naturellement. Hydrate les poils et la peau de la barbe, \u00e9limine les d\u00e9mangeaisons et les pellicules pour une barbe agr\u00e9able et respectable. Utiliser quotidiennement pour un meilleur effet de barbe<\/span><\/li>\n<li><span class=\"a-list-item\">Les cheveux, les barbes et les moustaches b\u00e9n\u00e9ficieront tous de ce peigne en bois droit, robuste et de style classique. Parfait pour les barbes longues et denses<\/span><\/li>\n<li><span class=\"a-list-item\">GRIZZLY ADAM BEARD BALM est le meilleur conditionneur et \u00e9paississeur de barbe sans rin\u00e7age pour homme avec des huiles naturelles pour aider les barbes cassantes, les pellicules de barbe, les d\u00e9mangeaisons et les pointes fourchues sur le march\u00e9. Combattez les plaques ! Utiliser quotidiennement pour un meilleur effet de barbe<\/span><\/li>\n<\/ul>","protected":false},"featured_media":26843,"comment_status":"closed","ping_status":"closed","template":"","meta":[],"product_brand":[],"product_cat":[74,90],"product_tag":[66,75,76,67,77,68,78],"class_list":{"0":"post-2201","1":"product","2":"type-product","3":"status-publish","4":"has-post-thumbnail","6":"product_cat-grooming-kits","7":"product_cat-hair-care","8":"product_tag-beard-oil","9":"product_tag-balm","10":"product_tag-comb","11":"product_tag-conditioner","12":"product_tag-grooming-kit","13":"product_tag-moisturiser","14":"product_tag-scissors","16":"first","17":"instock","18":"taxable","19":"shipping-taxable","20":"purchasable","21":"product-type-simple"},"yoast_head":"<!-- This site is optimized with the Yoast SEO plugin v27.2 - https:\/\/yoast.com\/product\/yoast-seo-wordpress\/ -->\n<title>Ultimate Grizzly Adam Beard Care Kit - Grizzly Adam<\/title>\n<meta name=\"robots\" content=\"index, follow, max-snippet:-1, max-image-preview:large, max-video-preview:-1\" \/>\n<link rel=\"canonical\" href=\"https:\/\/grizzlyadam.co.uk\/fr\/produit\/ultimate-grizzly-adam-beard-care-kit\/\" \/>\n<meta property=\"og:locale\" content=\"fr_FR\" \/>\n<meta property=\"og:type\" content=\"article\" \/>\n<meta property=\"og:title\" content=\"Ultimate Grizzly Adam Beard Care Kit - Grizzly Adam\" \/>\n<meta property=\"og:description\" content=\"Perfect Gift Set for Men - Beard Wash Shampoo 200ml, Beard Balm 60ml, Beard Oil 100ml, Beard Scissors and Beard Comb Ideal for Grooming Beards and Moustache \u2026   Over \u00a395 if all purchased separately This ULTIMATE BEARD KIT now includes a gentle beard shampoo and wash formulated specifically for your beard and moustache - Perfect stocking filler for men with beards or mustaches and would be a welcome Christmas gift to any bearded man  6.5-Inch Professional Hair and Beard Scissors - Razor Edge Hair Cutting Scissors with Adjustable Tension and Finger Inserts, Sharp Blades for Easy Hairstyling and Beard Trimming  PREMIUM BEARD OIL for Men - Keep Your Beard Healthy, Groomed and Tamed Naturally. Moisturizes Beard Hair and Skin, Eliminates Itching and Dandruff (Beard-druff) for a kissable and respectable beard. Use daily for the best beard effect  HAIR, BEARDS, &amp; MUSTACHES will all benefit from the classically styled, sturdy straight wood comb. Perfect for Long Dense Beards  GRIZZLY ADAM BEARD BALM is the top gentleman&#039;s leave-in beard conditioner and thickener with natural oils to help with brittle beards, beard-druff, itching and split ends on the market. Fight patchiness! Use daily for the best beard effect\" \/>\n<meta property=\"og:url\" content=\"https:\/\/grizzlyadam.co.uk\/fr\/produit\/ultimate-grizzly-adam-beard-care-kit\/\" \/>\n<meta property=\"og:site_name\" content=\"Grizzly Adam\" \/>\n<meta property=\"article:publisher\" content=\"https:\/\/www.facebook.com\/grizzlyadamuk\" \/>\n<meta property=\"article:modified_time\" content=\"2023-11-08T11:17:28+00:00\" \/>\n<meta property=\"og:image\" content=\"https:\/\/project1-mke5mv4jgx.live-website.com\/wp-content\/uploads\/2017\/02\/Kit3.1-1024x683.png\" \/>\n\t<meta property=\"og:image:width\" content=\"1024\" \/>\n\t<meta property=\"og:image:height\" content=\"683\" \/>\n\t<meta property=\"og:image:type\" content=\"image\/png\" \/>\n<meta name=\"twitter:card\" content=\"summary_large_image\" \/>\n<meta name=\"twitter:site\" content=\"@grizzlyadamuk\" \/>\n<meta name=\"twitter:label1\" content=\"Dur\u00e9e de lecture estim\u00e9e\" \/>\n\t<meta name=\"twitter:data1\" content=\"2 minutes\" \/>\n<script type=\"application\/ld+json\" class=\"yoast-schema-graph\">{\"@context\":\"https:\/\/schema.org\",\"@graph\":[{\"@type\":\"WebPage\",\"@id\":\"https:\/\/grizzlyadam.co.uk\/product\/ultimate-grizzly-adam-beard-care-kit\/\",\"url\":\"https:\/\/grizzlyadam.co.uk\/product\/ultimate-grizzly-adam-beard-care-kit\/\",\"name\":\"Ultimate Grizzly Adam Beard Care Kit - Grizzly Adam\",\"isPartOf\":{\"@id\":\"https:\/\/project1-mke5mv4jgx.live-website.com\/#website\"},\"primaryImageOfPage\":{\"@id\":\"https:\/\/grizzlyadam.co.uk\/product\/ultimate-grizzly-adam-beard-care-kit\/#primaryimage\"},\"image\":{\"@id\":\"https:\/\/grizzlyadam.co.uk\/product\/ultimate-grizzly-adam-beard-care-kit\/#primaryimage\"},\"thumbnailUrl\":\"https:\/\/grizzlyadam.co.uk\/wp-content\/uploads\/2017\/02\/Kit3.1.png\",\"datePublished\":\"2017-02-19T15:54:01+00:00\",\"dateModified\":\"2023-11-08T11:17:28+00:00\",\"breadcrumb\":{\"@id\":\"https:\/\/grizzlyadam.co.uk\/product\/ultimate-grizzly-adam-beard-care-kit\/#breadcrumb\"},\"inLanguage\":\"fr-FR\",\"potentialAction\":[{\"@type\":\"ReadAction\",\"target\":[\"https:\/\/grizzlyadam.co.uk\/product\/ultimate-grizzly-adam-beard-care-kit\/\"]}]},{\"@type\":\"ImageObject\",\"inLanguage\":\"fr-FR\",\"@id\":\"https:\/\/grizzlyadam.co.uk\/product\/ultimate-grizzly-adam-beard-care-kit\/#primaryimage\",\"url\":\"https:\/\/grizzlyadam.co.uk\/wp-content\/uploads\/2017\/02\/Kit3.1.png\",\"contentUrl\":\"https:\/\/grizzlyadam.co.uk\/wp-content\/uploads\/2017\/02\/Kit3.1.png\",\"width\":1800,\"height\":1200},{\"@type\":\"BreadcrumbList\",\"@id\":\"https:\/\/grizzlyadam.co.uk\/product\/ultimate-grizzly-adam-beard-care-kit\/#breadcrumb\",\"itemListElement\":[{\"@type\":\"ListItem\",\"position\":1,\"name\":\"Home\",\"item\":\"https:\/\/grizzlyadam.co.uk\/\"},{\"@type\":\"ListItem\",\"position\":2,\"name\":\"Shop\",\"item\":\"https:\/\/project1-mke5mv4jgx.live-website.com\/shop\/\"},{\"@type\":\"ListItem\",\"position\":3,\"name\":\"Ultimate Grizzly Adam Beard Care Kit\"}]},{\"@type\":\"WebSite\",\"@id\":\"https:\/\/project1-mke5mv4jgx.live-website.com\/#website\",\"url\":\"https:\/\/project1-mke5mv4jgx.live-website.com\/\",\"name\":\"Grizzly Adam\",\"description\":\"Beard Oil And Grooming Products For Gentlemen\",\"publisher\":{\"@id\":\"https:\/\/project1-mke5mv4jgx.live-website.com\/#organization\"},\"potentialAction\":[{\"@type\":\"SearchAction\",\"target\":{\"@type\":\"EntryPoint\",\"urlTemplate\":\"https:\/\/project1-mke5mv4jgx.live-website.com\/?s={search_term_string}\"},\"query-input\":{\"@type\":\"PropertyValueSpecification\",\"valueRequired\":true,\"valueName\":\"search_term_string\"}}],\"inLanguage\":\"fr-FR\"},{\"@type\":\"Organization\",\"@id\":\"https:\/\/project1-mke5mv4jgx.live-website.com\/#organization\",\"name\":\"GRIZZLY ADAM\",\"url\":\"https:\/\/project1-mke5mv4jgx.live-website.com\/\",\"logo\":{\"@type\":\"ImageObject\",\"inLanguage\":\"fr-FR\",\"@id\":\"https:\/\/project1-mke5mv4jgx.live-website.com\/#\/schema\/logo\/image\/\",\"url\":\"https:\/\/grizzlyadam.co.uk\/wp-content\/uploads\/2019\/11\/gadamlogo.png\",\"contentUrl\":\"https:\/\/grizzlyadam.co.uk\/wp-content\/uploads\/2019\/11\/gadamlogo.png\",\"width\":\"200\",\"height\":\"200\",\"caption\":\"GRIZZLY ADAM\"},\"image\":{\"@id\":\"https:\/\/project1-mke5mv4jgx.live-website.com\/#\/schema\/logo\/image\/\"},\"sameAs\":[\"https:\/\/www.facebook.com\/grizzlyadamuk\",\"https:\/\/x.com\/grizzlyadamuk\",\"https:\/\/www.instagram.com\/grizzlyadamuk\/\"]}]}<\/script>\n<!-- \/ Yoast SEO plugin. -->","yoast_head_json":{"title":"Ultimate Grizzly Adam Beard Care Kit - Grizzly Adam","robots":{"index":"index","follow":"follow","max-snippet":"max-snippet:-1","max-image-preview":"max-image-preview:large","max-video-preview":"max-video-preview:-1"},"canonical":"https:\/\/grizzlyadam.co.uk\/fr\/produit\/ultimate-grizzly-adam-beard-care-kit\/","og_locale":"fr_FR","og_type":"article","og_title":"Ultimate Grizzly Adam Beard Care Kit - Grizzly Adam","og_description":"Perfect Gift Set for Men - Beard Wash Shampoo 200ml, Beard Balm 60ml, Beard Oil 100ml, Beard Scissors and Beard Comb Ideal for Grooming Beards and Moustache \u2026   Over \u00a395 if all purchased separately This ULTIMATE BEARD KIT now includes a gentle beard shampoo and wash formulated specifically for your beard and moustache - Perfect stocking filler for men with beards or mustaches and would be a welcome Christmas gift to any bearded man  6.5-Inch Professional Hair and Beard Scissors - Razor Edge Hair Cutting Scissors with Adjustable Tension and Finger Inserts, Sharp Blades for Easy Hairstyling and Beard Trimming  PREMIUM BEARD OIL for Men - Keep Your Beard Healthy, Groomed and Tamed Naturally. Moisturizes Beard Hair and Skin, Eliminates Itching and Dandruff (Beard-druff) for a kissable and respectable beard. Use daily for the best beard effect  HAIR, BEARDS, &amp; MUSTACHES will all benefit from the classically styled, sturdy straight wood comb. Perfect for Long Dense Beards  GRIZZLY ADAM BEARD BALM is the top gentleman's leave-in beard conditioner and thickener with natural oils to help with brittle beards, beard-druff, itching and split ends on the market. Fight patchiness! Use daily for the best beard effect","og_url":"https:\/\/grizzlyadam.co.uk\/fr\/produit\/ultimate-grizzly-adam-beard-care-kit\/","og_site_name":"Grizzly Adam","article_publisher":"https:\/\/www.facebook.com\/grizzlyadamuk","article_modified_time":"2023-11-08T11:17:28+00:00","og_image":[{"width":1024,"height":683,"url":"https:\/\/project1-mke5mv4jgx.live-website.com\/wp-content\/uploads\/2017\/02\/Kit3.1-1024x683.png","type":"image\/png"}],"twitter_card":"summary_large_image","twitter_site":"@grizzlyadamuk","twitter_misc":{"Dur\u00e9e de lecture estim\u00e9e":"2 minutes"},"schema":{"@context":"https:\/\/schema.org","@graph":[{"@type":"WebPage","@id":"https:\/\/grizzlyadam.co.uk\/product\/ultimate-grizzly-adam-beard-care-kit\/","url":"https:\/\/grizzlyadam.co.uk\/product\/ultimate-grizzly-adam-beard-care-kit\/","name":"Ultimate Grizzly Adam Beard Care Kit - Grizzly Adam","isPartOf":{"@id":"https:\/\/project1-mke5mv4jgx.live-website.com\/#website"},"primaryImageOfPage":{"@id":"https:\/\/grizzlyadam.co.uk\/product\/ultimate-grizzly-adam-beard-care-kit\/#primaryimage"},"image":{"@id":"https:\/\/grizzlyadam.co.uk\/product\/ultimate-grizzly-adam-beard-care-kit\/#primaryimage"},"thumbnailUrl":"https:\/\/grizzlyadam.co.uk\/wp-content\/uploads\/2017\/02\/Kit3.1.png","datePublished":"2017-02-19T15:54:01+00:00","dateModified":"2023-11-08T11:17:28+00:00","breadcrumb":{"@id":"https:\/\/grizzlyadam.co.uk\/product\/ultimate-grizzly-adam-beard-care-kit\/#breadcrumb"},"inLanguage":"fr-FR","potentialAction":[{"@type":"ReadAction","target":["https:\/\/grizzlyadam.co.uk\/product\/ultimate-grizzly-adam-beard-care-kit\/"]}]},{"@type":"ImageObject","inLanguage":"fr-FR","@id":"https:\/\/grizzlyadam.co.uk\/product\/ultimate-grizzly-adam-beard-care-kit\/#primaryimage","url":"https:\/\/grizzlyadam.co.uk\/wp-content\/uploads\/2017\/02\/Kit3.1.png","contentUrl":"https:\/\/grizzlyadam.co.uk\/wp-content\/uploads\/2017\/02\/Kit3.1.png","width":1800,"height":1200},{"@type":"BreadcrumbList","@id":"https:\/\/grizzlyadam.co.uk\/product\/ultimate-grizzly-adam-beard-care-kit\/#breadcrumb","itemListElement":[{"@type":"ListItem","position":1,"name":"Home","item":"https:\/\/grizzlyadam.co.uk\/"},{"@type":"ListItem","position":2,"name":"Shop","item":"https:\/\/project1-mke5mv4jgx.live-website.com\/shop\/"},{"@type":"ListItem","position":3,"name":"Ultimate Grizzly Adam Beard Care Kit"}]},{"@type":"WebSite","@id":"https:\/\/project1-mke5mv4jgx.live-website.com\/#website","url":"https:\/\/project1-mke5mv4jgx.live-website.com\/","name":"Grizzly Adam","description":"Huile \u00e0 barbe et produits de toilettage pour hommes","publisher":{"@id":"https:\/\/project1-mke5mv4jgx.live-website.com\/#organization"},"potentialAction":[{"@type":"SearchAction","target":{"@type":"EntryPoint","urlTemplate":"https:\/\/project1-mke5mv4jgx.live-website.com\/?s={search_term_string}"},"query-input":{"@type":"PropertyValueSpecification","valueRequired":true,"valueName":"search_term_string"}}],"inLanguage":"fr-FR"},{"@type":"Organization","@id":"https:\/\/project1-mke5mv4jgx.live-website.com\/#organization","name":"GRIZZLY ADAM","url":"https:\/\/project1-mke5mv4jgx.live-website.com\/","logo":{"@type":"ImageObject","inLanguage":"fr-FR","@id":"https:\/\/project1-mke5mv4jgx.live-website.com\/#\/schema\/logo\/image\/","url":"https:\/\/grizzlyadam.co.uk\/wp-content\/uploads\/2019\/11\/gadamlogo.png","contentUrl":"https:\/\/grizzlyadam.co.uk\/wp-content\/uploads\/2019\/11\/gadamlogo.png","width":"200","height":"200","caption":"GRIZZLY ADAM"},"image":{"@id":"https:\/\/project1-mke5mv4jgx.live-website.com\/#\/schema\/logo\/image\/"},"sameAs":["https:\/\/www.facebook.com\/grizzlyadamuk","https:\/\/x.com\/grizzlyadamuk","https:\/\/www.instagram.com\/grizzlyadamuk\/"]}]}},"df_price":69.99,"df_sale_price":"","df_regular_price":69.99,"df_image_link":"https:\/\/grizzlyadam.co.uk\/wp-content\/uploads\/2017\/02\/Kit3.1-300x200.png","_links":{"self":[{"href":"https:\/\/grizzlyadam.co.uk\/fr\/wp-json\/wp\/v2\/product\/2201","targetHints":{"allow":["GET"]}}],"collection":[{"href":"https:\/\/grizzlyadam.co.uk\/fr\/wp-json\/wp\/v2\/product"}],"about":[{"href":"https:\/\/grizzlyadam.co.uk\/fr\/wp-json\/wp\/v2\/types\/product"}],"replies":[{"embeddable":true,"href":"https:\/\/grizzlyadam.co.uk\/fr\/wp-json\/wp\/v2\/comments?post=2201"}],"wp:featuredmedia":[{"embeddable":true,"href":"https:\/\/grizzlyadam.co.uk\/fr\/wp-json\/wp\/v2\/media\/26843"}],"wp:attachment":[{"href":"https:\/\/grizzlyadam.co.uk\/fr\/wp-json\/wp\/v2\/media?parent=2201"}],"wp:term":[{"taxonomy":"product_brand","embeddable":true,"href":"https:\/\/grizzlyadam.co.uk\/fr\/wp-json\/wp\/v2\/product_brand?post=2201"},{"taxonomy":"product_cat","embeddable":true,"href":"https:\/\/grizzlyadam.co.uk\/fr\/wp-json\/wp\/v2\/product_cat?post=2201"},{"taxonomy":"product_tag","embeddable":true,"href":"https:\/\/grizzlyadam.co.uk\/fr\/wp-json\/wp\/v2\/product_tag?post=2201"}],"curies":[{"name":"wp","href":"https:\/\/api.w.org\/{rel}","templated":true}]}}