{"id":2189,"date":"2017-02-19T15:53:46","date_gmt":"2017-02-19T15:53:46","guid":{"rendered":"https:\/\/grizzlyadam.co.uk\/product\/grizzly-adam-beard-scissors\/"},"modified":"2025-01-24T13:42:23","modified_gmt":"2025-01-24T13:42:23","slug":"grizzly-adam-beard-scissors","status":"publish","type":"product","link":"https:\/\/grizzlyadam.co.uk\/fr\/produit\/grizzly-adam-beard-scissors\/","title":{"rendered":"Ciseaux \u00e0 barbe Grizzly Adam"},"content":{"rendered":"<p style=\"text-align: center;\"><b>Ciseaux de barbier de qualit\u00e9 professionnelle de salon de coiffure !<\/b><\/p>\n<p style=\"text-align: center;\">Les ciseaux Grizzly Adam Razor Edge Hair Cutting Shear sont sp\u00e9cialement con\u00e7us pour des performances \u00e9lev\u00e9es et des r\u00e9sultats de qualit\u00e9. Ils sont indispensables aux barbiers professionnels et aux amateurs d'entretien de la barbe, et permettent d'obtenir des r\u00e9sultats \u00e9l\u00e9gants et sans effort.<\/p>\n<p style=\"text-align: center;\"><b>Ciseaux \u00e0 barbe japonais en acier j2 fabriqu\u00e9s \u00e0 la main<b> <\/b><\/b><\/p>\n<p style=\"text-align: center;\"><b><b> Id\u00e9aux pour la maison ou le travail, ces ciseaux sont fabriqu\u00e9s en acier inoxydable japonais de haute qualit\u00e9 pour une durabilit\u00e9 et une long\u00e9vit\u00e9 accrues. Les boutons de tension r\u00e9glables et les inserts amovibles pour les doigts permettent d'adapter ces ciseaux \u00e0 toutes les mains. <span class=\"a-list-item\">Couleur bleu de l'insert de doigt<\/span>. <\/b><\/b><\/p>\n<p style=\"text-align: center;\">- Acier inoxydable japonais 100% pour la durabilit\u00e9.<\/p>\n<p style=\"text-align: center;\">- Tension et inserts de doigts personnalisables.<\/p>\n<p style=\"text-align: center;\">- Construction de qualit\u00e9 pour une coupe nette, \u00e0 chaque fois.<\/p>\n<p style=\"text-align: center;\"><b>Notre garantie de remboursement pour la satisfaction du client<\/b> Si vous n'\u00eates pas satisfait des ciseaux \u00e0 cheveux Grizzly Adam, retournez-les dans les 30 jours pour un remboursement complet. Aucune question n'est pos\u00e9e, aucun probl\u00e8me n'est \u00e0 craindre.<\/p>\n<p style=\"text-align: center;\"><b>Faites d\u00e9filer l'\u00e9cran vers le haut pour cliquer sur le bouton Ajouter au panier. Ciseaux de coupe de cheveux \u00e0 lames de rasoir exp\u00e9di\u00e9s aujourd'hui.<\/b><\/p>","protected":false},"excerpt":{"rendered":"<div id=\"fbExpandableSectionContent\" class=\"a-section a-spacing-none\">\n<ul class=\"a-vertical a-spacing-none\">\n<li class=\"showHiddenFeatureBullets\"><span class=\"a-list-item\">Acier inoxydable japonais 100% de haute qualit\u00e9 pour des performances optimales<\/span><\/li>\n<li class=\"showHiddenFeatureBullets\"><span class=\"a-list-item\">Ciseaux professionnels \u00e0 lames rasoir<\/span><\/li>\n<li class=\"showHiddenFeatureBullets\"><span class=\"a-list-item\">Inserts amovibles pour le pouce et les doigts permettant d'ajuster la taille \u00e0 n'importe quel pouce et doigt<\/span><\/li>\n<li class=\"showHiddenFeatureBullets\">Lames uniform\u00e9ment aiguis\u00e9es pour une utilisation hautement professionnelle<\/li>\n<\/ul>\n<\/div>","protected":false},"featured_media":152105,"comment_status":"closed","ping_status":"closed","template":"","meta":[],"product_brand":[],"product_cat":[71,73],"product_tag":[],"class_list":{"0":"post-2189","1":"product","2":"type-product","3":"status-publish","4":"has-post-thumbnail","6":"product_cat-accessories","7":"product_cat-beard-scissors","9":"first","10":"instock","11":"taxable","12":"shipping-taxable","13":"purchasable","14":"product-type-simple"},"yoast_head":"<!-- This site is optimized with the Yoast SEO plugin v27.2 - https:\/\/yoast.com\/product\/yoast-seo-wordpress\/ -->\n<title>Grizzly Adam Beard Scissors - Grizzly Adam<\/title>\n<meta name=\"description\" content=\"Grizzly Adam Razor Edge Hair Cutting Shear Scissors are specifically designed for high performance and quality results. They are a must-have for professional barbers, beard care lovers, and deliver sleek, effortless results.\" \/>\n<meta name=\"robots\" content=\"index, follow, max-snippet:-1, max-image-preview:large, max-video-preview:-1\" \/>\n<link rel=\"canonical\" href=\"https:\/\/grizzlyadam.co.uk\/fr\/produit\/grizzly-adam-beard-scissors\/\" \/>\n<meta property=\"og:locale\" content=\"fr_FR\" \/>\n<meta property=\"og:type\" content=\"article\" \/>\n<meta property=\"og:title\" content=\"Grizzly Adam Beard Scissors - Grizzly Adam\" \/>\n<meta property=\"og:description\" content=\"Grizzly Adam Razor Edge Hair Cutting Shear Scissors are specifically designed for high performance and quality results. They are a must-have for professional barbers, beard care lovers, and deliver sleek, effortless results.\" \/>\n<meta property=\"og:url\" content=\"https:\/\/grizzlyadam.co.uk\/fr\/produit\/grizzly-adam-beard-scissors\/\" \/>\n<meta property=\"og:site_name\" content=\"Grizzly Adam\" \/>\n<meta property=\"article:publisher\" content=\"https:\/\/www.facebook.com\/grizzlyadamuk\" \/>\n<meta property=\"article:modified_time\" content=\"2025-01-24T13:42:23+00:00\" \/>\n<meta property=\"og:image\" content=\"https:\/\/project1-mke5mv4jgx.live-website.com\/wp-content\/uploads\/2017\/02\/Main-Image.png\" \/>\n\t<meta property=\"og:image:width\" content=\"1080\" \/>\n\t<meta property=\"og:image:height\" content=\"1080\" \/>\n\t<meta property=\"og:image:type\" content=\"image\/png\" \/>\n<meta name=\"twitter:card\" content=\"summary_large_image\" \/>\n<meta name=\"twitter:site\" content=\"@grizzlyadamuk\" \/>\n<meta name=\"twitter:label1\" content=\"Dur\u00e9e de lecture estim\u00e9e\" \/>\n\t<meta name=\"twitter:data1\" content=\"1 minute\" \/>\n<script type=\"application\/ld+json\" class=\"yoast-schema-graph\">{\"@context\":\"https:\/\/schema.org\",\"@graph\":[{\"@type\":\"WebPage\",\"@id\":\"https:\/\/grizzlyadam.co.uk\/product\/grizzly-adam-beard-scissors\/\",\"url\":\"https:\/\/grizzlyadam.co.uk\/product\/grizzly-adam-beard-scissors\/\",\"name\":\"Grizzly Adam Beard Scissors - Grizzly Adam\",\"isPartOf\":{\"@id\":\"https:\/\/project1-mke5mv4jgx.live-website.com\/#website\"},\"primaryImageOfPage\":{\"@id\":\"https:\/\/grizzlyadam.co.uk\/product\/grizzly-adam-beard-scissors\/#primaryimage\"},\"image\":{\"@id\":\"https:\/\/grizzlyadam.co.uk\/product\/grizzly-adam-beard-scissors\/#primaryimage\"},\"thumbnailUrl\":\"https:\/\/grizzlyadam.co.uk\/wp-content\/uploads\/2017\/02\/Main-Image.png\",\"datePublished\":\"2017-02-19T15:53:46+00:00\",\"dateModified\":\"2025-01-24T13:42:23+00:00\",\"description\":\"Grizzly Adam Razor Edge Hair Cutting Shear Scissors are specifically designed for high performance and quality results. They are a must-have for professional barbers, beard care lovers, and deliver sleek, effortless results.\",\"breadcrumb\":{\"@id\":\"https:\/\/grizzlyadam.co.uk\/product\/grizzly-adam-beard-scissors\/#breadcrumb\"},\"inLanguage\":\"fr-FR\",\"potentialAction\":[{\"@type\":\"ReadAction\",\"target\":[\"https:\/\/grizzlyadam.co.uk\/product\/grizzly-adam-beard-scissors\/\"]}]},{\"@type\":\"ImageObject\",\"inLanguage\":\"fr-FR\",\"@id\":\"https:\/\/grizzlyadam.co.uk\/product\/grizzly-adam-beard-scissors\/#primaryimage\",\"url\":\"https:\/\/grizzlyadam.co.uk\/wp-content\/uploads\/2017\/02\/Main-Image.png\",\"contentUrl\":\"https:\/\/grizzlyadam.co.uk\/wp-content\/uploads\/2017\/02\/Main-Image.png\",\"width\":1080,\"height\":1080},{\"@type\":\"BreadcrumbList\",\"@id\":\"https:\/\/grizzlyadam.co.uk\/product\/grizzly-adam-beard-scissors\/#breadcrumb\",\"itemListElement\":[{\"@type\":\"ListItem\",\"position\":1,\"name\":\"Home\",\"item\":\"https:\/\/grizzlyadam.co.uk\/\"},{\"@type\":\"ListItem\",\"position\":2,\"name\":\"Shop\",\"item\":\"https:\/\/project1-mke5mv4jgx.live-website.com\/shop\/\"},{\"@type\":\"ListItem\",\"position\":3,\"name\":\"Grizzly Adam Beard Scissors\"}]},{\"@type\":\"WebSite\",\"@id\":\"https:\/\/project1-mke5mv4jgx.live-website.com\/#website\",\"url\":\"https:\/\/project1-mke5mv4jgx.live-website.com\/\",\"name\":\"Grizzly Adam\",\"description\":\"Beard Oil And Grooming Products For Gentlemen\",\"publisher\":{\"@id\":\"https:\/\/project1-mke5mv4jgx.live-website.com\/#organization\"},\"potentialAction\":[{\"@type\":\"SearchAction\",\"target\":{\"@type\":\"EntryPoint\",\"urlTemplate\":\"https:\/\/project1-mke5mv4jgx.live-website.com\/?s={search_term_string}\"},\"query-input\":{\"@type\":\"PropertyValueSpecification\",\"valueRequired\":true,\"valueName\":\"search_term_string\"}}],\"inLanguage\":\"fr-FR\"},{\"@type\":\"Organization\",\"@id\":\"https:\/\/project1-mke5mv4jgx.live-website.com\/#organization\",\"name\":\"GRIZZLY ADAM\",\"url\":\"https:\/\/project1-mke5mv4jgx.live-website.com\/\",\"logo\":{\"@type\":\"ImageObject\",\"inLanguage\":\"fr-FR\",\"@id\":\"https:\/\/project1-mke5mv4jgx.live-website.com\/#\/schema\/logo\/image\/\",\"url\":\"https:\/\/grizzlyadam.co.uk\/wp-content\/uploads\/2019\/11\/gadamlogo.png\",\"contentUrl\":\"https:\/\/grizzlyadam.co.uk\/wp-content\/uploads\/2019\/11\/gadamlogo.png\",\"width\":\"200\",\"height\":\"200\",\"caption\":\"GRIZZLY ADAM\"},\"image\":{\"@id\":\"https:\/\/project1-mke5mv4jgx.live-website.com\/#\/schema\/logo\/image\/\"},\"sameAs\":[\"https:\/\/www.facebook.com\/grizzlyadamuk\",\"https:\/\/x.com\/grizzlyadamuk\",\"https:\/\/www.instagram.com\/grizzlyadamuk\/\"]}]}<\/script>\n<!-- \/ Yoast SEO plugin. -->","yoast_head_json":{"title":"Grizzly Adam Beard Scissors - Grizzly Adam","description":"Les ciseaux Grizzly Adam Razor Edge Hair Cutting Shear sont sp\u00e9cialement con\u00e7us pour des performances \u00e9lev\u00e9es et des r\u00e9sultats de qualit\u00e9. Ils sont indispensables aux barbiers professionnels et aux amateurs d'entretien de la barbe, et permettent d'obtenir des r\u00e9sultats \u00e9l\u00e9gants et sans effort.","robots":{"index":"index","follow":"follow","max-snippet":"max-snippet:-1","max-image-preview":"max-image-preview:large","max-video-preview":"max-video-preview:-1"},"canonical":"https:\/\/grizzlyadam.co.uk\/fr\/produit\/grizzly-adam-beard-scissors\/","og_locale":"fr_FR","og_type":"article","og_title":"Grizzly Adam Beard Scissors - Grizzly Adam","og_description":"Grizzly Adam Razor Edge Hair Cutting Shear Scissors are specifically designed for high performance and quality results. They are a must-have for professional barbers, beard care lovers, and deliver sleek, effortless results.","og_url":"https:\/\/grizzlyadam.co.uk\/fr\/produit\/grizzly-adam-beard-scissors\/","og_site_name":"Grizzly Adam","article_publisher":"https:\/\/www.facebook.com\/grizzlyadamuk","article_modified_time":"2025-01-24T13:42:23+00:00","og_image":[{"width":1080,"height":1080,"url":"https:\/\/project1-mke5mv4jgx.live-website.com\/wp-content\/uploads\/2017\/02\/Main-Image.png","type":"image\/png"}],"twitter_card":"summary_large_image","twitter_site":"@grizzlyadamuk","twitter_misc":{"Dur\u00e9e de lecture estim\u00e9e":"1 minute"},"schema":{"@context":"https:\/\/schema.org","@graph":[{"@type":"WebPage","@id":"https:\/\/grizzlyadam.co.uk\/product\/grizzly-adam-beard-scissors\/","url":"https:\/\/grizzlyadam.co.uk\/product\/grizzly-adam-beard-scissors\/","name":"Grizzly Adam Beard Scissors - Grizzly Adam","isPartOf":{"@id":"https:\/\/project1-mke5mv4jgx.live-website.com\/#website"},"primaryImageOfPage":{"@id":"https:\/\/grizzlyadam.co.uk\/product\/grizzly-adam-beard-scissors\/#primaryimage"},"image":{"@id":"https:\/\/grizzlyadam.co.uk\/product\/grizzly-adam-beard-scissors\/#primaryimage"},"thumbnailUrl":"https:\/\/grizzlyadam.co.uk\/wp-content\/uploads\/2017\/02\/Main-Image.png","datePublished":"2017-02-19T15:53:46+00:00","dateModified":"2025-01-24T13:42:23+00:00","description":"Les ciseaux Grizzly Adam Razor Edge Hair Cutting Shear sont sp\u00e9cialement con\u00e7us pour des performances \u00e9lev\u00e9es et des r\u00e9sultats de qualit\u00e9. Ils sont indispensables aux barbiers professionnels et aux amateurs d'entretien de la barbe, et permettent d'obtenir des r\u00e9sultats \u00e9l\u00e9gants et sans effort.","breadcrumb":{"@id":"https:\/\/grizzlyadam.co.uk\/product\/grizzly-adam-beard-scissors\/#breadcrumb"},"inLanguage":"fr-FR","potentialAction":[{"@type":"ReadAction","target":["https:\/\/grizzlyadam.co.uk\/product\/grizzly-adam-beard-scissors\/"]}]},{"@type":"ImageObject","inLanguage":"fr-FR","@id":"https:\/\/grizzlyadam.co.uk\/product\/grizzly-adam-beard-scissors\/#primaryimage","url":"https:\/\/grizzlyadam.co.uk\/wp-content\/uploads\/2017\/02\/Main-Image.png","contentUrl":"https:\/\/grizzlyadam.co.uk\/wp-content\/uploads\/2017\/02\/Main-Image.png","width":1080,"height":1080},{"@type":"BreadcrumbList","@id":"https:\/\/grizzlyadam.co.uk\/product\/grizzly-adam-beard-scissors\/#breadcrumb","itemListElement":[{"@type":"ListItem","position":1,"name":"Home","item":"https:\/\/grizzlyadam.co.uk\/"},{"@type":"ListItem","position":2,"name":"Shop","item":"https:\/\/project1-mke5mv4jgx.live-website.com\/shop\/"},{"@type":"ListItem","position":3,"name":"Grizzly Adam Beard Scissors"}]},{"@type":"WebSite","@id":"https:\/\/project1-mke5mv4jgx.live-website.com\/#website","url":"https:\/\/project1-mke5mv4jgx.live-website.com\/","name":"Grizzly Adam","description":"Huile \u00e0 barbe et produits de toilettage pour hommes","publisher":{"@id":"https:\/\/project1-mke5mv4jgx.live-website.com\/#organization"},"potentialAction":[{"@type":"SearchAction","target":{"@type":"EntryPoint","urlTemplate":"https:\/\/project1-mke5mv4jgx.live-website.com\/?s={search_term_string}"},"query-input":{"@type":"PropertyValueSpecification","valueRequired":true,"valueName":"search_term_string"}}],"inLanguage":"fr-FR"},{"@type":"Organization","@id":"https:\/\/project1-mke5mv4jgx.live-website.com\/#organization","name":"GRIZZLY ADAM","url":"https:\/\/project1-mke5mv4jgx.live-website.com\/","logo":{"@type":"ImageObject","inLanguage":"fr-FR","@id":"https:\/\/project1-mke5mv4jgx.live-website.com\/#\/schema\/logo\/image\/","url":"https:\/\/grizzlyadam.co.uk\/wp-content\/uploads\/2019\/11\/gadamlogo.png","contentUrl":"https:\/\/grizzlyadam.co.uk\/wp-content\/uploads\/2019\/11\/gadamlogo.png","width":"200","height":"200","caption":"GRIZZLY ADAM"},"image":{"@id":"https:\/\/project1-mke5mv4jgx.live-website.com\/#\/schema\/logo\/image\/"},"sameAs":["https:\/\/www.facebook.com\/grizzlyadamuk","https:\/\/x.com\/grizzlyadamuk","https:\/\/www.instagram.com\/grizzlyadamuk\/"]}]}},"df_price":24.97,"df_sale_price":"","df_regular_price":24.97,"df_image_link":"https:\/\/grizzlyadam.co.uk\/wp-content\/uploads\/2017\/02\/Main-Image-300x300.png","_links":{"self":[{"href":"https:\/\/grizzlyadam.co.uk\/fr\/wp-json\/wp\/v2\/product\/2189","targetHints":{"allow":["GET"]}}],"collection":[{"href":"https:\/\/grizzlyadam.co.uk\/fr\/wp-json\/wp\/v2\/product"}],"about":[{"href":"https:\/\/grizzlyadam.co.uk\/fr\/wp-json\/wp\/v2\/types\/product"}],"replies":[{"embeddable":true,"href":"https:\/\/grizzlyadam.co.uk\/fr\/wp-json\/wp\/v2\/comments?post=2189"}],"wp:featuredmedia":[{"embeddable":true,"href":"https:\/\/grizzlyadam.co.uk\/fr\/wp-json\/wp\/v2\/media\/152105"}],"wp:attachment":[{"href":"https:\/\/grizzlyadam.co.uk\/fr\/wp-json\/wp\/v2\/media?parent=2189"}],"wp:term":[{"taxonomy":"product_brand","embeddable":true,"href":"https:\/\/grizzlyadam.co.uk\/fr\/wp-json\/wp\/v2\/product_brand?post=2189"},{"taxonomy":"product_cat","embeddable":true,"href":"https:\/\/grizzlyadam.co.uk\/fr\/wp-json\/wp\/v2\/product_cat?post=2189"},{"taxonomy":"product_tag","embeddable":true,"href":"https:\/\/grizzlyadam.co.uk\/fr\/wp-json\/wp\/v2\/product_tag?post=2189"}],"curies":[{"name":"wp","href":"https:\/\/api.w.org\/{rel}","templated":true}]}}