{"id":2183,"date":"2017-02-19T15:53:40","date_gmt":"2017-02-19T15:53:40","guid":{"rendered":"https:\/\/grizzlyadam.co.uk\/product\/grizzly-adam-beard-comb\/"},"modified":"2024-01-31T07:16:00","modified_gmt":"2024-01-31T07:16:00","slug":"grizzly-adam-beard-comb","status":"publish","type":"product","link":"https:\/\/grizzlyadam.co.uk\/fr\/produit\/grizzly-adam-beard-comb\/","title":{"rendered":"Peigne \u00e0 barbe Grizzly Adam - Le meilleur peigne en bois pour tous les types de cheveux et de barbes - Achetez en ligne d\u00e8s aujourd'hui"},"content":{"rendered":"<p style=\"text-align: left;\"><b>Un savoir-faire in\u00e9gal\u00e9 pour un voyage en douceur \u00e0 travers vos cheveux<\/b><\/p>\n<p style=\"text-align: left;\">Si vous avez d\u00e9j\u00e0 utilis\u00e9 un peigne en plastique, vous savez \u00e0 quel point il peut \u00eatre frustrant de s'accrocher dans votre barbe ou vos cheveux. Les dents de ce peigne peuvent r\u00e9sister aux rigueurs de la poche et aux mouvements de flexion et d'inclinaison qui font partie de votre routine quotidienne, tout en restant douces pour votre barbe et en ne s'accrochant jamais.<br \/>\nLes cheveux, la barbe et la moustache b\u00e9n\u00e9ficieront tous de ce peigne en bois droit, robuste et de style classique. Il n'y a pas d'\u00e9gratignures ni de d\u00e9mangeaisons lorsque ce peigne touche votre visage. Les dents douces sont parfaites pour garder votre barbe propre et soign\u00e9e. Dites adieu aux n\u0153uds et aux accrocs pour de bon.<\/p>\n<p style=\"text-align: left;\"><b>Peigne durable et r\u00e9sistant \u00e0 la d\u00e9formation<\/b><\/p>\n<p style=\"text-align: left;\">Vous avez besoin d'un peigne qui puisse supporter 365 jours de votre prise en main masculine. Fabriqu\u00e9 en bois massif, ce peigne de qualit\u00e9 sup\u00e9rieure peut r\u00e9sister aux rigueurs de l'usure quotidienne.<\/p>\n<p style=\"text-align: left;\"><b>Le cadeau id\u00e9al<\/b><\/p>\n<p style=\"text-align: left;\">Anniversaire, f\u00eate des p\u00e8res, Saint-Valentin, No\u00ebl - autant d'occasions de faire plaisir \u00e0 l'homme de votre vie en lui offrant un peigne \u00e0 barbe de premi\u00e8re qualit\u00e9. Avec une bo\u00eete cadeau de premi\u00e8re qualit\u00e9, tout homme barbu appr\u00e9ciera quelque chose qui peut apprivoiser son gnou facial grizzly.<\/p>\n<p style=\"text-align: left;\"><b> Ajoutez le peigne \u00e0 barbe Grizzly Adam \u00e0 votre panier aujourd'hui et pourquoi ne pas jeter un coup d'\u0153il \u00e0 notre huile \u00e0 barbe aussi !<\/b><\/p>\n<p style=\"text-align: left;\">","protected":false},"excerpt":{"rendered":"<div id=\"fbExpandableSectionContent\" class=\"a-section a-spacing-none expandableSection\">\n<ul class=\"a-vertical a-spacing-none\">\n<li class=\"showHiddenFeatureBullets\"><span class=\"a-list-item\"><strong>CHEVEUX, BARBES ET MOUSTACHES<\/strong> b\u00e9n\u00e9ficieront tous de ce peigne en bois droit, robuste et de style classique. Parfait pour les barbes longues et denses<\/span><\/li>\n<li class=\"showHiddenFeatureBullets\"><span class=\"a-list-item\"><strong>ANTISTATIQUE ET D\u00c9M\u00caLANT<\/strong> m\u00eame les barbes et les cheveux les plus tenaces. Soyez rassur\u00e9 en sachant que vos poils ne feront pas le poids face au peigne Grizzly Adam Premium.<\/span><\/li>\n<li class=\"showHiddenFeatureBullets\"><span class=\"a-list-item\"><strong>CONCEPTION TRADITIONNELLE<\/strong> - Pas d'accessoires fantaisistes ici - juste un peigne en bois massif qui prendra soin de vous tous les matins. Peut \u00eatre utilis\u00e9 en toute s\u00e9curit\u00e9 avec l'huile \u00e0 barbe<\/span><\/li>\n<li class=\"showHiddenFeatureBullets\"><span class=\"a-list-item\"><strong>UN CADEAU PARFAIT<\/strong> - Le cadeau id\u00e9al pour votre p\u00e8re, votre fr\u00e8re, votre petit ami ou votre mari. Offrez le cadeau d'un homme bien soign\u00e9.<\/span><\/li>\n<li class=\"showHiddenFeatureBullets\"><span class=\"a-list-item\"><strong>FA\u00c7ONNER ET D\u00c9TAILLER<\/strong> - Lissez vos cheveux ou votre barbe afin de pouvoir les modeler comme vous le souhaitez, que vous utilisiez de l'huile \u00e0 barbe, de la cire \u00e0 barbe ou tout autre produit.<\/span><\/li>\n<li><strong>Economisez plus de 13 \u20ac sur cette offre\u00a0<\/strong>- Lorsque vous achetez l'huile \u00e0 barbe et ce peigne \u00e0 barbe ensemble - Cliquez simplement sur la bo\u00eete cadeau rouge sur cette page et ajoutez les deux \u00e0 votre panier en un seul clic.<\/li>\n<li><\/li>\n<\/ul>\n<\/div>","protected":false},"featured_media":2200,"comment_status":"closed","ping_status":"closed","template":"","meta":[],"product_brand":[],"product_cat":[71,72],"product_tag":[],"class_list":{"0":"post-2183","1":"product","2":"type-product","3":"status-publish","4":"has-post-thumbnail","6":"product_cat-accessories","7":"product_cat-beard-comb","9":"first","10":"instock","11":"sale","12":"taxable","13":"shipping-taxable","14":"purchasable","15":"product-type-simple"},"yoast_head":"<!-- This site is optimized with the Yoast SEO plugin v27.2 - https:\/\/yoast.com\/product\/yoast-seo-wordpress\/ -->\n<title>Grizzly Adam Beard Comb - Best Wooden Comb For All Hair &amp; Beards - Buy Online Today - Grizzly Adam<\/title>\n<meta name=\"robots\" content=\"index, follow, max-snippet:-1, max-image-preview:large, max-video-preview:-1\" \/>\n<link rel=\"canonical\" href=\"https:\/\/grizzlyadam.co.uk\/fr\/produit\/grizzly-adam-beard-comb\/\" \/>\n<meta property=\"og:locale\" content=\"fr_FR\" \/>\n<meta property=\"og:type\" content=\"article\" \/>\n<meta property=\"og:title\" content=\"Grizzly Adam Beard Comb - Best Wooden Comb For All Hair &amp; Beards - Buy Online Today - Grizzly Adam\" \/>\n<meta property=\"og:description\" content=\"HAIR, BEARDS, &amp; MUSTACHES will all benefit from this classically styled, sturdy straight wood comb. Perfect for Long Dense Beards  ANTI-STATIC &amp; DETANGLES even the most stubborn beards and head hair. Take comfort knowing your hair is no match for the Grizzly Adam Premium Comb  TRADITIONAL DESIGN - No fancy attachments here - just a solid wood comb that will take care of you every morning. Safe to use with Beard Oil  PERFECT GIFT - The perfect gift for your Dad, Brother, Boyfriend, or Husband. Give the gift of a well groomed man.  SHAPING AND DETAILING - Straighten out your hair or beard so you can shape the way you want whether your using beard oil, beard wax or anything else  Save over \u00a313 on this deal\u00a0- When you purchase beard oil and this beard comb together - Just click the red gift box on this page and add both to your cart with 1 easy click\" \/>\n<meta property=\"og:url\" content=\"https:\/\/grizzlyadam.co.uk\/fr\/produit\/grizzly-adam-beard-comb\/\" \/>\n<meta property=\"og:site_name\" content=\"Grizzly Adam\" \/>\n<meta property=\"article:publisher\" content=\"https:\/\/www.facebook.com\/grizzlyadamuk\" \/>\n<meta property=\"article:modified_time\" content=\"2024-01-31T07:16:00+00:00\" \/>\n<meta property=\"og:image\" content=\"https:\/\/project1-mke5mv4jgx.live-website.com\/wp-content\/uploads\/2017\/02\/Comb31-1.jpg\" \/>\n\t<meta property=\"og:image:width\" content=\"1000\" \/>\n\t<meta property=\"og:image:height\" content=\"1000\" \/>\n\t<meta property=\"og:image:type\" content=\"image\/jpeg\" \/>\n<meta name=\"twitter:card\" content=\"summary_large_image\" \/>\n<meta name=\"twitter:site\" content=\"@grizzlyadamuk\" \/>\n<meta name=\"twitter:label1\" content=\"Dur\u00e9e de lecture estim\u00e9e\" \/>\n\t<meta name=\"twitter:data1\" content=\"2 minutes\" \/>\n<script type=\"application\/ld+json\" class=\"yoast-schema-graph\">{\"@context\":\"https:\/\/schema.org\",\"@graph\":[{\"@type\":\"WebPage\",\"@id\":\"https:\/\/grizzlyadam.co.uk\/product\/grizzly-adam-beard-comb\/\",\"url\":\"https:\/\/grizzlyadam.co.uk\/product\/grizzly-adam-beard-comb\/\",\"name\":\"Grizzly Adam Beard Comb - Best Wooden Comb For All Hair & Beards - Buy Online Today - Grizzly Adam\",\"isPartOf\":{\"@id\":\"https:\/\/project1-mke5mv4jgx.live-website.com\/#website\"},\"primaryImageOfPage\":{\"@id\":\"https:\/\/grizzlyadam.co.uk\/product\/grizzly-adam-beard-comb\/#primaryimage\"},\"image\":{\"@id\":\"https:\/\/grizzlyadam.co.uk\/product\/grizzly-adam-beard-comb\/#primaryimage\"},\"thumbnailUrl\":\"https:\/\/grizzlyadam.co.uk\/wp-content\/uploads\/2017\/02\/Comb31-1.jpg\",\"datePublished\":\"2017-02-19T15:53:40+00:00\",\"dateModified\":\"2024-01-31T07:16:00+00:00\",\"breadcrumb\":{\"@id\":\"https:\/\/grizzlyadam.co.uk\/product\/grizzly-adam-beard-comb\/#breadcrumb\"},\"inLanguage\":\"fr-FR\",\"potentialAction\":[{\"@type\":\"ReadAction\",\"target\":[\"https:\/\/grizzlyadam.co.uk\/product\/grizzly-adam-beard-comb\/\"]}]},{\"@type\":\"ImageObject\",\"inLanguage\":\"fr-FR\",\"@id\":\"https:\/\/grizzlyadam.co.uk\/product\/grizzly-adam-beard-comb\/#primaryimage\",\"url\":\"https:\/\/grizzlyadam.co.uk\/wp-content\/uploads\/2017\/02\/Comb31-1.jpg\",\"contentUrl\":\"https:\/\/grizzlyadam.co.uk\/wp-content\/uploads\/2017\/02\/Comb31-1.jpg\",\"width\":1000,\"height\":1000},{\"@type\":\"BreadcrumbList\",\"@id\":\"https:\/\/grizzlyadam.co.uk\/product\/grizzly-adam-beard-comb\/#breadcrumb\",\"itemListElement\":[{\"@type\":\"ListItem\",\"position\":1,\"name\":\"Home\",\"item\":\"https:\/\/grizzlyadam.co.uk\/\"},{\"@type\":\"ListItem\",\"position\":2,\"name\":\"Shop\",\"item\":\"https:\/\/project1-mke5mv4jgx.live-website.com\/shop\/\"},{\"@type\":\"ListItem\",\"position\":3,\"name\":\"Grizzly Adam Beard Comb &#8211; Best Wooden Comb For All Hair &#038; Beards &#8211; Buy Online Today\"}]},{\"@type\":\"WebSite\",\"@id\":\"https:\/\/project1-mke5mv4jgx.live-website.com\/#website\",\"url\":\"https:\/\/project1-mke5mv4jgx.live-website.com\/\",\"name\":\"Grizzly Adam\",\"description\":\"Beard Oil And Grooming Products For Gentlemen\",\"publisher\":{\"@id\":\"https:\/\/project1-mke5mv4jgx.live-website.com\/#organization\"},\"potentialAction\":[{\"@type\":\"SearchAction\",\"target\":{\"@type\":\"EntryPoint\",\"urlTemplate\":\"https:\/\/project1-mke5mv4jgx.live-website.com\/?s={search_term_string}\"},\"query-input\":{\"@type\":\"PropertyValueSpecification\",\"valueRequired\":true,\"valueName\":\"search_term_string\"}}],\"inLanguage\":\"fr-FR\"},{\"@type\":\"Organization\",\"@id\":\"https:\/\/project1-mke5mv4jgx.live-website.com\/#organization\",\"name\":\"GRIZZLY ADAM\",\"url\":\"https:\/\/project1-mke5mv4jgx.live-website.com\/\",\"logo\":{\"@type\":\"ImageObject\",\"inLanguage\":\"fr-FR\",\"@id\":\"https:\/\/project1-mke5mv4jgx.live-website.com\/#\/schema\/logo\/image\/\",\"url\":\"https:\/\/grizzlyadam.co.uk\/wp-content\/uploads\/2019\/11\/gadamlogo.png\",\"contentUrl\":\"https:\/\/grizzlyadam.co.uk\/wp-content\/uploads\/2019\/11\/gadamlogo.png\",\"width\":\"200\",\"height\":\"200\",\"caption\":\"GRIZZLY ADAM\"},\"image\":{\"@id\":\"https:\/\/project1-mke5mv4jgx.live-website.com\/#\/schema\/logo\/image\/\"},\"sameAs\":[\"https:\/\/www.facebook.com\/grizzlyadamuk\",\"https:\/\/x.com\/grizzlyadamuk\",\"https:\/\/www.instagram.com\/grizzlyadamuk\/\"]}]}<\/script>\n<!-- \/ Yoast SEO plugin. -->","yoast_head_json":{"title":"Grizzly Adam Beard Comb - Best Wooden Comb For All Hair & Beards - Buy Online Today - Grizzly Adam","robots":{"index":"index","follow":"follow","max-snippet":"max-snippet:-1","max-image-preview":"max-image-preview:large","max-video-preview":"max-video-preview:-1"},"canonical":"https:\/\/grizzlyadam.co.uk\/fr\/produit\/grizzly-adam-beard-comb\/","og_locale":"fr_FR","og_type":"article","og_title":"Grizzly Adam Beard Comb - Best Wooden Comb For All Hair & Beards - Buy Online Today - Grizzly Adam","og_description":"HAIR, BEARDS, &amp; MUSTACHES will all benefit from this classically styled, sturdy straight wood comb. Perfect for Long Dense Beards  ANTI-STATIC &amp; DETANGLES even the most stubborn beards and head hair. Take comfort knowing your hair is no match for the Grizzly Adam Premium Comb  TRADITIONAL DESIGN - No fancy attachments here - just a solid wood comb that will take care of you every morning. Safe to use with Beard Oil  PERFECT GIFT - The perfect gift for your Dad, Brother, Boyfriend, or Husband. Give the gift of a well groomed man.  SHAPING AND DETAILING - Straighten out your hair or beard so you can shape the way you want whether your using beard oil, beard wax or anything else  Save over \u00a313 on this deal\u00a0- When you purchase beard oil and this beard comb together - Just click the red gift box on this page and add both to your cart with 1 easy click","og_url":"https:\/\/grizzlyadam.co.uk\/fr\/produit\/grizzly-adam-beard-comb\/","og_site_name":"Grizzly Adam","article_publisher":"https:\/\/www.facebook.com\/grizzlyadamuk","article_modified_time":"2024-01-31T07:16:00+00:00","og_image":[{"width":1000,"height":1000,"url":"https:\/\/project1-mke5mv4jgx.live-website.com\/wp-content\/uploads\/2017\/02\/Comb31-1.jpg","type":"image\/jpeg"}],"twitter_card":"summary_large_image","twitter_site":"@grizzlyadamuk","twitter_misc":{"Dur\u00e9e de lecture estim\u00e9e":"2 minutes"},"schema":{"@context":"https:\/\/schema.org","@graph":[{"@type":"WebPage","@id":"https:\/\/grizzlyadam.co.uk\/product\/grizzly-adam-beard-comb\/","url":"https:\/\/grizzlyadam.co.uk\/product\/grizzly-adam-beard-comb\/","name":"Grizzly Adam Beard Comb - Best Wooden Comb For All Hair & Beards - Buy Online Today - Grizzly Adam","isPartOf":{"@id":"https:\/\/project1-mke5mv4jgx.live-website.com\/#website"},"primaryImageOfPage":{"@id":"https:\/\/grizzlyadam.co.uk\/product\/grizzly-adam-beard-comb\/#primaryimage"},"image":{"@id":"https:\/\/grizzlyadam.co.uk\/product\/grizzly-adam-beard-comb\/#primaryimage"},"thumbnailUrl":"https:\/\/grizzlyadam.co.uk\/wp-content\/uploads\/2017\/02\/Comb31-1.jpg","datePublished":"2017-02-19T15:53:40+00:00","dateModified":"2024-01-31T07:16:00+00:00","breadcrumb":{"@id":"https:\/\/grizzlyadam.co.uk\/product\/grizzly-adam-beard-comb\/#breadcrumb"},"inLanguage":"fr-FR","potentialAction":[{"@type":"ReadAction","target":["https:\/\/grizzlyadam.co.uk\/product\/grizzly-adam-beard-comb\/"]}]},{"@type":"ImageObject","inLanguage":"fr-FR","@id":"https:\/\/grizzlyadam.co.uk\/product\/grizzly-adam-beard-comb\/#primaryimage","url":"https:\/\/grizzlyadam.co.uk\/wp-content\/uploads\/2017\/02\/Comb31-1.jpg","contentUrl":"https:\/\/grizzlyadam.co.uk\/wp-content\/uploads\/2017\/02\/Comb31-1.jpg","width":1000,"height":1000},{"@type":"BreadcrumbList","@id":"https:\/\/grizzlyadam.co.uk\/product\/grizzly-adam-beard-comb\/#breadcrumb","itemListElement":[{"@type":"ListItem","position":1,"name":"Home","item":"https:\/\/grizzlyadam.co.uk\/"},{"@type":"ListItem","position":2,"name":"Shop","item":"https:\/\/project1-mke5mv4jgx.live-website.com\/shop\/"},{"@type":"ListItem","position":3,"name":"Grizzly Adam Beard Comb &#8211; Best Wooden Comb For All Hair &#038; Beards &#8211; Buy Online Today"}]},{"@type":"WebSite","@id":"https:\/\/project1-mke5mv4jgx.live-website.com\/#website","url":"https:\/\/project1-mke5mv4jgx.live-website.com\/","name":"Grizzly Adam","description":"Huile \u00e0 barbe et produits de toilettage pour hommes","publisher":{"@id":"https:\/\/project1-mke5mv4jgx.live-website.com\/#organization"},"potentialAction":[{"@type":"SearchAction","target":{"@type":"EntryPoint","urlTemplate":"https:\/\/project1-mke5mv4jgx.live-website.com\/?s={search_term_string}"},"query-input":{"@type":"PropertyValueSpecification","valueRequired":true,"valueName":"search_term_string"}}],"inLanguage":"fr-FR"},{"@type":"Organization","@id":"https:\/\/project1-mke5mv4jgx.live-website.com\/#organization","name":"GRIZZLY ADAM","url":"https:\/\/project1-mke5mv4jgx.live-website.com\/","logo":{"@type":"ImageObject","inLanguage":"fr-FR","@id":"https:\/\/project1-mke5mv4jgx.live-website.com\/#\/schema\/logo\/image\/","url":"https:\/\/grizzlyadam.co.uk\/wp-content\/uploads\/2019\/11\/gadamlogo.png","contentUrl":"https:\/\/grizzlyadam.co.uk\/wp-content\/uploads\/2019\/11\/gadamlogo.png","width":"200","height":"200","caption":"GRIZZLY ADAM"},"image":{"@id":"https:\/\/project1-mke5mv4jgx.live-website.com\/#\/schema\/logo\/image\/"},"sameAs":["https:\/\/www.facebook.com\/grizzlyadamuk","https:\/\/x.com\/grizzlyadamuk","https:\/\/www.instagram.com\/grizzlyadamuk\/"]}]}},"df_price":7,"df_sale_price":7,"df_regular_price":13.99,"df_image_link":"https:\/\/grizzlyadam.co.uk\/wp-content\/uploads\/2017\/02\/Comb31-1-300x300.jpg","_links":{"self":[{"href":"https:\/\/grizzlyadam.co.uk\/fr\/wp-json\/wp\/v2\/product\/2183","targetHints":{"allow":["GET"]}}],"collection":[{"href":"https:\/\/grizzlyadam.co.uk\/fr\/wp-json\/wp\/v2\/product"}],"about":[{"href":"https:\/\/grizzlyadam.co.uk\/fr\/wp-json\/wp\/v2\/types\/product"}],"replies":[{"embeddable":true,"href":"https:\/\/grizzlyadam.co.uk\/fr\/wp-json\/wp\/v2\/comments?post=2183"}],"wp:featuredmedia":[{"embeddable":true,"href":"https:\/\/grizzlyadam.co.uk\/fr\/wp-json\/wp\/v2\/media\/2200"}],"wp:attachment":[{"href":"https:\/\/grizzlyadam.co.uk\/fr\/wp-json\/wp\/v2\/media?parent=2183"}],"wp:term":[{"taxonomy":"product_brand","embeddable":true,"href":"https:\/\/grizzlyadam.co.uk\/fr\/wp-json\/wp\/v2\/product_brand?post=2183"},{"taxonomy":"product_cat","embeddable":true,"href":"https:\/\/grizzlyadam.co.uk\/fr\/wp-json\/wp\/v2\/product_cat?post=2183"},{"taxonomy":"product_tag","embeddable":true,"href":"https:\/\/grizzlyadam.co.uk\/fr\/wp-json\/wp\/v2\/product_tag?post=2183"}],"curies":[{"name":"wp","href":"https:\/\/api.w.org\/{rel}","templated":true}]}}