{"id":2177,"date":"2017-02-19T15:53:31","date_gmt":"2017-02-19T15:53:31","guid":{"rendered":"https:\/\/grizzlyadam.co.uk\/product\/grizzly-adam-beard-wash\/"},"modified":"2021-07-07T19:09:55","modified_gmt":"2021-07-07T18:09:55","slug":"grizzly-adam-beard-wash-one-off-purchase","status":"publish","type":"product","link":"https:\/\/grizzlyadam.co.uk\/fr\/produit\/grizzly-adam-beard-wash-one-off-purchase\/","title":{"rendered":"Nettoyant \u00e0 barbe Grizzly Adam - Une fois l'achat effectu\u00e9"},"content":{"rendered":"<p style=\"text-align: left;\">Le shampoing \u00e0 barbe Grizzly Adam est compos\u00e9 de plus de 80% d'ingr\u00e9dients biologiques et est exempt de parab\u00e8nes et de sulfates.<\/p>\n<p style=\"text-align: left;\"><b>Ce nettoyant pour barbe nettoie en profondeur votre barbe, naturellement, sans la d\u00e9pouiller de ses huiles naturelles comme le fait un shampooing ordinaire.<\/b><\/p>\n<p style=\"text-align: left;\"><b>Ingr\u00e9dients :<\/b><br \/>\nAqua (Eau), Decyl Glucoside, Lauryl Betaine, Betaine, Cedrus Atlantica (Cedarwood) Oil, Citrus Aurantifolia (Lime) Oil, Xanthan Gum, Aloe Barbadensis (Aloe Vera) leaf juice, Phenoxyethanol, Citric Acid, Benzoic Acid, Dehydroacetic Acid Limonene* Citral* *Naturellement pr\u00e9sent dans les huiles essentielles.<\/p>\n<p><b>Directions :<\/b><br \/>\nNettoyez la zone barbue avec de l'eau, puis massez une petite quantit\u00e9 de shampooing pour barbe dans la barbe. Rincez \u00e0 l'eau. Nos experts recommandent de ne pas d\u00e9passer deux fois par semaine.<\/p>\n<p><b>Avis de non-responsabilit\u00e9<\/b><br \/>\nGrizzly Adam\u00ae est une marque d\u00e9pos\u00e9e de TN Health LTD et un membre du programme Brand registry sur Amazon. Tous nos produits sont 100% authentiques.<\/p>\n<p style=\"text-align: left;\">Notre nettoyant pour barbe nettoie d\u00e9licatement les poils du visage et la peau vuln\u00e9rable qui se trouve en dessous, laissant la barbe et le visage propres, doux, faciles \u00e0 coiffer et sentant merveilleusement bon.<\/p>\n<p style=\"text-align: left;\">Les hommes qui portent une barbe, quelle que soit sa taille, peuvent rencontrer de nombreux probl\u00e8mes. Tout d'abord, l'utilisation de shampooings pour cheveux sur la barbe peut rendre la peau du dessous tr\u00e8s s\u00e8che.<\/p>\n<p style=\"text-align: left;\">Certains hommes nettoient \u00e9galement leur barbe avec du savon pour le visage et des gels douche, mais comme la barbe est directement expos\u00e9e aux aliments, aux boissons et aux produits du tabac, elle m\u00e9rite d'\u00eatre mieux trait\u00e9e.<\/p>\n<p>&nbsp;<\/p>","protected":false},"excerpt":{"rendered":"<div id=\"fbExpandableSectionContent\" class=\"a-section a-spacing-none expandableSection\">\n<ul class=\"a-vertical a-spacing-none collapsedFeatureBullets\">\n<li class=\"showHiddenFeatureBullets\"><span class=\"a-list-item\">Adoucit la barbe : Adoucit votre duvet facial avec des ingr\u00e9dients naturels - Un shampooing et un lavage doux pour la barbe, formul\u00e9s sp\u00e9cifiquement pour votre barbe et votre moustache.<\/span><\/li>\n<li class=\"showHiddenFeatureBullets\"><span class=\"a-list-item\">SENS BIEN : Le parfum de citron vert ajoute un ar\u00f4me rafra\u00eechissant \u00e0 toute barbe lustr\u00e9e.<\/span><\/li>\n<li class=\"showHiddenFeatureBullets\"><span class=\"a-list-item\">NETTOYER : Rincer les poils du visage sans enlever les huiles naturelles des poils ni irriter la peau.<\/span><\/li>\n<li class=\"showHiddenFeatureBullets\"><span class=\"a-list-item\">R\u00c9DUIRE LES D\u00c9PISTES : Id\u00e9al pour les hommes qui souffrent de d\u00e9mangeaisons et de pellicules de barbe.<\/span><\/li>\n<li class=\"showHiddenFeatureBullets\"><span class=\"a-list-item\">Pourquoi choisir le nettoyant \u00e0 barbe Grizzly Adam ? - Pour quelque raison que ce soit, si vous n'\u00eates pas satisfait de nos produits ou de notre service, contactez-nous et nous ferons le n\u00e9cessaire - Nous avons le MEILLEUR service \u00e0 la client\u00e8le et les produits de toilettage de barbe de la plus haute qualit\u00e9 sur le march\u00e9 aujourd'hui !<\/span><\/li>\n<\/ul>\n<\/div>","protected":false},"featured_media":2178,"comment_status":"open","ping_status":"closed","template":"","meta":[],"product_brand":[],"product_cat":[70],"product_tag":[],"class_list":{"0":"post-2177","1":"product","2":"type-product","3":"status-publish","4":"has-post-thumbnail","6":"product_cat-beard-wash","8":"first","9":"instock","10":"taxable","11":"shipping-taxable","12":"purchasable","13":"product-type-simple"},"yoast_head":"<!-- This site is optimized with the Yoast SEO plugin v27.4 - https:\/\/yoast.com\/product\/yoast-seo-wordpress\/ -->\n<title>Grizzly Adam Beard Wash - One Off Purchase - Grizzly Adam<\/title>\n<meta name=\"robots\" content=\"index, follow, max-snippet:-1, max-image-preview:large, max-video-preview:-1\" \/>\n<link rel=\"canonical\" href=\"https:\/\/project1-mke5mv4jgx.live-website.com\/product\/grizzly-adam-beard-wash-one-off-purchase\/\" \/>\n<meta property=\"og:locale\" content=\"fr_FR\" \/>\n<meta property=\"og:type\" content=\"article\" \/>\n<meta property=\"og:title\" content=\"Grizzly Adam Beard Wash - One Off Purchase - Grizzly Adam\" \/>\n<meta property=\"og:description\" content=\"SOFTENS BEARD: Softens your facial fuzz with natural ingredients - A gentle beard shampoo and wash formulated specifically for your beard and mustache  SMELL GREAT: Lime scent adds a refreshing aroma to any lustrous beard.  CLEANSE: Rinse your facial hair without stripping your natural hair oils or irritating your skin.  REDUCE ITCH: Ideal for men that suffer from beard itch and beard dandruff.  Why Choose Grizzly Adam Beard Wash? - Our Products Are Of The Highest Quality Only, So We Offer a 100% Money Back Guarantee To All Of Our Customers.For what ever reason you are not 100% satisfied with our products or service, simply contact us and we will make it right - We have THE BEST Customer Service and the Highest Quality Beard Grooming Products on the Market Today!\" \/>\n<meta property=\"og:url\" content=\"https:\/\/project1-mke5mv4jgx.live-website.com\/product\/grizzly-adam-beard-wash-one-off-purchase\/\" \/>\n<meta property=\"og:site_name\" content=\"Grizzly Adam\" \/>\n<meta property=\"article:publisher\" content=\"https:\/\/www.facebook.com\/grizzlyadamuk\" \/>\n<meta property=\"article:modified_time\" content=\"2021-07-07T18:09:55+00:00\" \/>\n<meta property=\"og:image\" content=\"https:\/\/project1-mke5mv4jgx.live-website.com\/wp-content\/uploads\/2017\/02\/Beardwash1-e1514488849902.jpg\" \/>\n\t<meta property=\"og:image:width\" content=\"216\" \/>\n\t<meta property=\"og:image:height\" content=\"216\" \/>\n\t<meta property=\"og:image:type\" content=\"image\/jpeg\" \/>\n<meta name=\"twitter:card\" content=\"summary_large_image\" \/>\n<meta name=\"twitter:site\" content=\"@grizzlyadamuk\" \/>\n<meta name=\"twitter:label1\" content=\"Dur\u00e9e de lecture estim\u00e9e\" \/>\n\t<meta name=\"twitter:data1\" content=\"1 minute\" \/>\n<script type=\"application\/ld+json\" class=\"yoast-schema-graph\">{\"@context\":\"https:\\\/\\\/schema.org\",\"@graph\":[{\"@type\":\"WebPage\",\"@id\":\"https:\\\/\\\/project1-mke5mv4jgx.live-website.com\\\/product\\\/grizzly-adam-beard-wash-one-off-purchase\\\/\",\"url\":\"https:\\\/\\\/project1-mke5mv4jgx.live-website.com\\\/product\\\/grizzly-adam-beard-wash-one-off-purchase\\\/\",\"name\":\"Grizzly Adam Beard Wash - One Off Purchase - Grizzly Adam\",\"isPartOf\":{\"@id\":\"https:\\\/\\\/project1-mke5mv4jgx.live-website.com\\\/#website\"},\"primaryImageOfPage\":{\"@id\":\"https:\\\/\\\/project1-mke5mv4jgx.live-website.com\\\/product\\\/grizzly-adam-beard-wash-one-off-purchase\\\/#primaryimage\"},\"image\":{\"@id\":\"https:\\\/\\\/project1-mke5mv4jgx.live-website.com\\\/product\\\/grizzly-adam-beard-wash-one-off-purchase\\\/#primaryimage\"},\"thumbnailUrl\":\"https:\\\/\\\/grizzlyadam.co.uk\\\/wp-content\\\/uploads\\\/2017\\\/02\\\/Beardwash1-e1514488849902.jpg\",\"datePublished\":\"2017-02-19T15:53:31+00:00\",\"dateModified\":\"2021-07-07T18:09:55+00:00\",\"breadcrumb\":{\"@id\":\"https:\\\/\\\/project1-mke5mv4jgx.live-website.com\\\/product\\\/grizzly-adam-beard-wash-one-off-purchase\\\/#breadcrumb\"},\"inLanguage\":\"fr-FR\",\"potentialAction\":[{\"@type\":\"ReadAction\",\"target\":[\"https:\\\/\\\/project1-mke5mv4jgx.live-website.com\\\/product\\\/grizzly-adam-beard-wash-one-off-purchase\\\/\"]}]},{\"@type\":\"ImageObject\",\"inLanguage\":\"fr-FR\",\"@id\":\"https:\\\/\\\/project1-mke5mv4jgx.live-website.com\\\/product\\\/grizzly-adam-beard-wash-one-off-purchase\\\/#primaryimage\",\"url\":\"https:\\\/\\\/grizzlyadam.co.uk\\\/wp-content\\\/uploads\\\/2017\\\/02\\\/Beardwash1-e1514488849902.jpg\",\"contentUrl\":\"https:\\\/\\\/grizzlyadam.co.uk\\\/wp-content\\\/uploads\\\/2017\\\/02\\\/Beardwash1-e1514488849902.jpg\",\"width\":216,\"height\":216},{\"@type\":\"BreadcrumbList\",\"@id\":\"https:\\\/\\\/project1-mke5mv4jgx.live-website.com\\\/product\\\/grizzly-adam-beard-wash-one-off-purchase\\\/#breadcrumb\",\"itemListElement\":[{\"@type\":\"ListItem\",\"position\":1,\"name\":\"Home\",\"item\":\"https:\\\/\\\/grizzlyadam.co.uk\\\/\"},{\"@type\":\"ListItem\",\"position\":2,\"name\":\"Shop\",\"item\":\"https:\\\/\\\/project1-mke5mv4jgx.live-website.com\\\/shop\\\/\"},{\"@type\":\"ListItem\",\"position\":3,\"name\":\"Grizzly Adam Beard Wash &#8211; One Off Purchase\"}]},{\"@type\":\"WebSite\",\"@id\":\"https:\\\/\\\/project1-mke5mv4jgx.live-website.com\\\/#website\",\"url\":\"https:\\\/\\\/project1-mke5mv4jgx.live-website.com\\\/\",\"name\":\"Grizzly Adam\",\"description\":\"Beard Oil And Grooming Products For Gentlemen\",\"publisher\":{\"@id\":\"https:\\\/\\\/project1-mke5mv4jgx.live-website.com\\\/#organization\"},\"potentialAction\":[{\"@type\":\"SearchAction\",\"target\":{\"@type\":\"EntryPoint\",\"urlTemplate\":\"https:\\\/\\\/project1-mke5mv4jgx.live-website.com\\\/?s={search_term_string}\"},\"query-input\":{\"@type\":\"PropertyValueSpecification\",\"valueRequired\":true,\"valueName\":\"search_term_string\"}}],\"inLanguage\":\"fr-FR\"},{\"@type\":\"Organization\",\"@id\":\"https:\\\/\\\/project1-mke5mv4jgx.live-website.com\\\/#organization\",\"name\":\"GRIZZLY ADAM\",\"url\":\"https:\\\/\\\/project1-mke5mv4jgx.live-website.com\\\/\",\"logo\":{\"@type\":\"ImageObject\",\"inLanguage\":\"fr-FR\",\"@id\":\"https:\\\/\\\/project1-mke5mv4jgx.live-website.com\\\/#\\\/schema\\\/logo\\\/image\\\/\",\"url\":\"https:\\\/\\\/grizzlyadam.co.uk\\\/wp-content\\\/uploads\\\/2019\\\/11\\\/gadamlogo.png\",\"contentUrl\":\"https:\\\/\\\/grizzlyadam.co.uk\\\/wp-content\\\/uploads\\\/2019\\\/11\\\/gadamlogo.png\",\"width\":\"200\",\"height\":\"200\",\"caption\":\"GRIZZLY ADAM\"},\"image\":{\"@id\":\"https:\\\/\\\/project1-mke5mv4jgx.live-website.com\\\/#\\\/schema\\\/logo\\\/image\\\/\"},\"sameAs\":[\"https:\\\/\\\/www.facebook.com\\\/grizzlyadamuk\",\"https:\\\/\\\/x.com\\\/grizzlyadamuk\",\"https:\\\/\\\/www.instagram.com\\\/grizzlyadamuk\\\/\"]}]}<\/script>\n<!-- \/ Yoast SEO plugin. -->","yoast_head_json":{"title":"Grizzly Adam Beard Wash - One Off Purchase - Grizzly Adam","robots":{"index":"index","follow":"follow","max-snippet":"max-snippet:-1","max-image-preview":"max-image-preview:large","max-video-preview":"max-video-preview:-1"},"canonical":"https:\/\/project1-mke5mv4jgx.live-website.com\/product\/grizzly-adam-beard-wash-one-off-purchase\/","og_locale":"fr_FR","og_type":"article","og_title":"Grizzly Adam Beard Wash - One Off Purchase - Grizzly Adam","og_description":"SOFTENS BEARD: Softens your facial fuzz with natural ingredients - A gentle beard shampoo and wash formulated specifically for your beard and mustache  SMELL GREAT: Lime scent adds a refreshing aroma to any lustrous beard.  CLEANSE: Rinse your facial hair without stripping your natural hair oils or irritating your skin.  REDUCE ITCH: Ideal for men that suffer from beard itch and beard dandruff.  Why Choose Grizzly Adam Beard Wash? - Our Products Are Of The Highest Quality Only, So We Offer a 100% Money Back Guarantee To All Of Our Customers.For what ever reason you are not 100% satisfied with our products or service, simply contact us and we will make it right - We have THE BEST Customer Service and the Highest Quality Beard Grooming Products on the Market Today!","og_url":"https:\/\/project1-mke5mv4jgx.live-website.com\/product\/grizzly-adam-beard-wash-one-off-purchase\/","og_site_name":"Grizzly Adam","article_publisher":"https:\/\/www.facebook.com\/grizzlyadamuk","article_modified_time":"2021-07-07T18:09:55+00:00","og_image":[{"width":216,"height":216,"url":"https:\/\/project1-mke5mv4jgx.live-website.com\/wp-content\/uploads\/2017\/02\/Beardwash1-e1514488849902.jpg","type":"image\/jpeg"}],"twitter_card":"summary_large_image","twitter_site":"@grizzlyadamuk","twitter_misc":{"Dur\u00e9e de lecture estim\u00e9e":"1 minute"},"schema":{"@context":"https:\/\/schema.org","@graph":[{"@type":"WebPage","@id":"https:\/\/project1-mke5mv4jgx.live-website.com\/product\/grizzly-adam-beard-wash-one-off-purchase\/","url":"https:\/\/project1-mke5mv4jgx.live-website.com\/product\/grizzly-adam-beard-wash-one-off-purchase\/","name":"Grizzly Adam Beard Wash - One Off Purchase - Grizzly Adam","isPartOf":{"@id":"https:\/\/project1-mke5mv4jgx.live-website.com\/#website"},"primaryImageOfPage":{"@id":"https:\/\/project1-mke5mv4jgx.live-website.com\/product\/grizzly-adam-beard-wash-one-off-purchase\/#primaryimage"},"image":{"@id":"https:\/\/project1-mke5mv4jgx.live-website.com\/product\/grizzly-adam-beard-wash-one-off-purchase\/#primaryimage"},"thumbnailUrl":"https:\/\/grizzlyadam.co.uk\/wp-content\/uploads\/2017\/02\/Beardwash1-e1514488849902.jpg","datePublished":"2017-02-19T15:53:31+00:00","dateModified":"2021-07-07T18:09:55+00:00","breadcrumb":{"@id":"https:\/\/project1-mke5mv4jgx.live-website.com\/product\/grizzly-adam-beard-wash-one-off-purchase\/#breadcrumb"},"inLanguage":"fr-FR","potentialAction":[{"@type":"ReadAction","target":["https:\/\/project1-mke5mv4jgx.live-website.com\/product\/grizzly-adam-beard-wash-one-off-purchase\/"]}]},{"@type":"ImageObject","inLanguage":"fr-FR","@id":"https:\/\/project1-mke5mv4jgx.live-website.com\/product\/grizzly-adam-beard-wash-one-off-purchase\/#primaryimage","url":"https:\/\/grizzlyadam.co.uk\/wp-content\/uploads\/2017\/02\/Beardwash1-e1514488849902.jpg","contentUrl":"https:\/\/grizzlyadam.co.uk\/wp-content\/uploads\/2017\/02\/Beardwash1-e1514488849902.jpg","width":216,"height":216},{"@type":"BreadcrumbList","@id":"https:\/\/project1-mke5mv4jgx.live-website.com\/product\/grizzly-adam-beard-wash-one-off-purchase\/#breadcrumb","itemListElement":[{"@type":"ListItem","position":1,"name":"Home","item":"https:\/\/grizzlyadam.co.uk\/"},{"@type":"ListItem","position":2,"name":"Shop","item":"https:\/\/project1-mke5mv4jgx.live-website.com\/shop\/"},{"@type":"ListItem","position":3,"name":"Grizzly Adam Beard Wash &#8211; One Off Purchase"}]},{"@type":"WebSite","@id":"https:\/\/project1-mke5mv4jgx.live-website.com\/#website","url":"https:\/\/project1-mke5mv4jgx.live-website.com\/","name":"Grizzly Adam","description":"Huile \u00e0 barbe et produits de toilettage pour hommes","publisher":{"@id":"https:\/\/project1-mke5mv4jgx.live-website.com\/#organization"},"potentialAction":[{"@type":"SearchAction","target":{"@type":"EntryPoint","urlTemplate":"https:\/\/project1-mke5mv4jgx.live-website.com\/?s={search_term_string}"},"query-input":{"@type":"PropertyValueSpecification","valueRequired":true,"valueName":"search_term_string"}}],"inLanguage":"fr-FR"},{"@type":"Organization","@id":"https:\/\/project1-mke5mv4jgx.live-website.com\/#organization","name":"GRIZZLY ADAM","url":"https:\/\/project1-mke5mv4jgx.live-website.com\/","logo":{"@type":"ImageObject","inLanguage":"fr-FR","@id":"https:\/\/project1-mke5mv4jgx.live-website.com\/#\/schema\/logo\/image\/","url":"https:\/\/grizzlyadam.co.uk\/wp-content\/uploads\/2019\/11\/gadamlogo.png","contentUrl":"https:\/\/grizzlyadam.co.uk\/wp-content\/uploads\/2019\/11\/gadamlogo.png","width":"200","height":"200","caption":"GRIZZLY ADAM"},"image":{"@id":"https:\/\/project1-mke5mv4jgx.live-website.com\/#\/schema\/logo\/image\/"},"sameAs":["https:\/\/www.facebook.com\/grizzlyadamuk","https:\/\/x.com\/grizzlyadamuk","https:\/\/www.instagram.com\/grizzlyadamuk\/"]}]}},"df_price":18.99,"df_sale_price":"","df_regular_price":18.99,"df_image_link":"https:\/\/grizzlyadam.co.uk\/wp-content\/uploads\/2017\/02\/Beardwash1-e1514488849902.jpg","_links":{"self":[{"href":"https:\/\/grizzlyadam.co.uk\/fr\/wp-json\/wp\/v2\/product\/2177","targetHints":{"allow":["GET"]}}],"collection":[{"href":"https:\/\/grizzlyadam.co.uk\/fr\/wp-json\/wp\/v2\/product"}],"about":[{"href":"https:\/\/grizzlyadam.co.uk\/fr\/wp-json\/wp\/v2\/types\/product"}],"replies":[{"embeddable":true,"href":"https:\/\/grizzlyadam.co.uk\/fr\/wp-json\/wp\/v2\/comments?post=2177"}],"wp:featuredmedia":[{"embeddable":true,"href":"https:\/\/grizzlyadam.co.uk\/fr\/wp-json\/wp\/v2\/media\/2178"}],"wp:attachment":[{"href":"https:\/\/grizzlyadam.co.uk\/fr\/wp-json\/wp\/v2\/media?parent=2177"}],"wp:term":[{"taxonomy":"product_brand","embeddable":true,"href":"https:\/\/grizzlyadam.co.uk\/fr\/wp-json\/wp\/v2\/product_brand?post=2177"},{"taxonomy":"product_cat","embeddable":true,"href":"https:\/\/grizzlyadam.co.uk\/fr\/wp-json\/wp\/v2\/product_cat?post=2177"},{"taxonomy":"product_tag","embeddable":true,"href":"https:\/\/grizzlyadam.co.uk\/fr\/wp-json\/wp\/v2\/product_tag?post=2177"}],"curies":[{"name":"wp","href":"https:\/\/api.w.org\/{rel}","templated":true}]}}