{"id":2172,"date":"2017-02-19T15:53:27","date_gmt":"2017-02-19T15:53:27","guid":{"rendered":"https:\/\/grizzlyadam.co.uk\/product\/grizzly-adam-beard-balm\/"},"modified":"2025-09-06T10:38:18","modified_gmt":"2025-09-06T09:38:18","slug":"grizzly-adam-beard-balm","status":"publish","type":"product","link":"https:\/\/grizzlyadam.co.uk\/fr\/produit\/grizzly-adam-beard-balm\/","title":{"rendered":"Grizzly Adam Beard Balm &#8211; 100% Natural Best Buy Online for Beard Grooming Now Unscented"},"content":{"rendered":"<p style=\"text-align: left;\"><b>OBTENEZ LE LOOK D'UNE BARBE SOIGN\u00c9E AVEC LE BAUME \u00c0 BARBE NATUREL 100% DE GRIZZLY ADAM<\/b><\/p>\n<p style=\"text-align: left;\">Le baume \u00e0 barbe est ce dont vous avez besoin pour faire pousser votre barbe. Point final. Ce revitalisant sans rin\u00e7age enti\u00e8rement naturel est parfaitement formul\u00e9 pour pr\u00e9venir les pointes fourchues, contr\u00f4ler les frisottis et les enchev\u00eatrements, adoucir les moustaches pour les rencontres intimes, soulager la peau s\u00e8che et les d\u00e9mangeaisons, r\u00e9duire les plaques et vous rendre, vous et votre superbe barbe, beaucoup plus attrayants.<\/p>\n<p style=\"text-align: left;\">Le baume \u00e0 barbe convient \u00e0 toutes les vari\u00e9t\u00e9s et longueurs de poils du visage.<\/p>\n<p style=\"text-align: left;\">Votre chemin vers une barbe plus \u00e9l\u00e9gante et plus saine est tr\u00e8s efficace et sans tracas. Il suffit d'utiliser une petite quantit\u00e9 de baume conditionnant avec vos doigts et de l'\u00e9taler dans votre barbe. Ensuite, laissez-le s\u00e9cher et commencez \u00e0 profiter d'une barbe plus forte et plus \u00e9l\u00e9gante en un rien de temps.<\/p>\n<p style=\"text-align: left;\"><b>Ajoutez le baume \u00e0 barbe Grizzly Adam \u00e0 votre panier aujourd'hui<\/b><\/p>\n<h5><strong>Ingr\u00e9dients :<\/strong><\/h5>\n<p>Cera Aalba (cire d'abeille) Butyrospermum Parkii (beurre de karit\u00e9) Prunus Dulcis (huile d'amande) Theobroma cacao (beurre de cacao) Citrus Aurantifolia oil (huile essentielle de citron vert) Cedrus Atlantica wood oil (huile essentielle de bois de c\u00e8dre) Limonene* Citral**Naturellement pr\u00e9sent dans les huiles essentielles<\/p>\n<h5><strong>Directions :<\/strong><\/h5>\n<p>Comment l'utiliser... - 1. D\u00e9posez une petite quantit\u00e9 de baume \u00e0 barbe dans vos doigts. - 2. Faire p\u00e9n\u00e9trer dans la barbe. - 3. Fa\u00e7onnez et coiffez votre barbe. - 4. profitez de la plus belle barbe que vous ayez jamais eue. Utiliser quotidiennement pour de meilleurs r\u00e9sultats.<\/p>\n<p>&nbsp;<\/p>","protected":false},"excerpt":{"rendered":"<div id=\"fbExpandableSectionContent\" class=\"a-section a-spacing-none expandableSection\">\n<ul class=\"a-vertical a-spacing-none\">\n<li class=\"showHiddenFeatureBullets\"><span class=\"a-list-item\"><strong>CONDITIONNE ET FAVORISE LA NOUVELLE CROISSANCE<\/strong> - Les ingr\u00e9dients naturels et biologiques p\u00e9n\u00e8trent profond\u00e9ment dans les cheveux et les nourrissent de l'int\u00e9rieur et de l'ext\u00e9rieur ! Il est efficace sur les barbes longues et courtes pour revitaliser et adoucir vos cheveux, am\u00e9liorer leur force et leur brillance.<\/span><\/li>\n<li class=\"showHiddenFeatureBullets\"><span class=\"a-list-item\"><strong>FABRIQU\u00c9 AU ROYAUME-UNI<\/strong> - Le baume \u00e0 barbe Grizzly Adam est le meilleur conditionneur de barbe sans rin\u00e7age pour les hommes et il est fabriqu\u00e9 au Royaume-Uni.<\/span><\/li>\n<li class=\"showHiddenFeatureBullets\"><span class=\"a-list-item\"><strong>APPRIVOISER ET FAIRE \u00c9VOLUER VOTRE STYLE<\/strong> - Tient \u00e0 distance les poils rebelles et vous permet de former une barbe compl\u00e8te et bestiale.<\/span><\/li>\n<li class=\"showHiddenFeatureBullets\"><span class=\"a-list-item\"><strong>ARR\u00caTE LA D\u00c9MANGEAISON DE LA BARBE<\/strong> - Soulage la peau s\u00e8che et aide \u00e0 l'hydratation pour stopper la d\u00e9mangeaison de la repousse des cheveux.<\/span><\/li>\n<li><strong>Save \u00a36.01<\/strong>\u00a0- Lorsque vous achetez le baume \u00e0 barbe et l'huile \u00e0 barbe ensemble - Cliquez simplement sur la bo\u00eete cadeau rouge sur cette page et ajoutez les deux \u00e0 votre panier en un seul clic.<span class=\"a-list-item\">!<\/span><\/li>\n<\/ul>\n<\/div>","protected":false},"featured_media":2173,"comment_status":"open","ping_status":"closed","template":"","meta":[],"product_brand":[],"product_cat":[69,177],"product_tag":[],"class_list":{"0":"post-2172","1":"product","2":"type-product","3":"status-publish","4":"has-post-thumbnail","6":"product_cat-beard-balm","7":"product_cat-subscription","9":"first","10":"instock","11":"sale","12":"taxable","13":"shipping-taxable","14":"purchasable","15":"product-type-simple"},"yoast_head":"<!-- This site is optimized with the Yoast SEO plugin v27.4 - https:\/\/yoast.com\/product\/yoast-seo-wordpress\/ -->\n<title>Grizzly Adam Beard Balm - 100% Natural Best Buy Online for Beard Grooming Now Unscented - Grizzly Adam<\/title>\n<meta name=\"description\" content=\"Grizzly Adam Beard Balm is the top gentleman&#039;s leave-in beard conditioner and made in the UK. Relieves dry skin &amp; helps moisturize to stop the itch of new hair growth in its tracks\" \/>\n<meta name=\"robots\" content=\"index, follow, max-snippet:-1, max-image-preview:large, max-video-preview:-1\" \/>\n<link rel=\"canonical\" href=\"https:\/\/grizzlyadam.co.uk\/fr\/produit\/grizzly-adam-beard-balm\/\" \/>\n<meta property=\"og:locale\" content=\"fr_FR\" \/>\n<meta property=\"og:type\" content=\"article\" \/>\n<meta property=\"og:title\" content=\"Grizzly Adam Beard Balm - 100% Natural Best Buy Online for Beard Grooming Now Unscented - Grizzly Adam\" \/>\n<meta property=\"og:description\" content=\"Grizzly Adam Beard Balm is the top gentleman&#039;s leave-in beard conditioner and made in the UK. Relieves dry skin &amp; helps moisturize to stop the itch of new hair growth in its tracks\" \/>\n<meta property=\"og:url\" content=\"https:\/\/grizzlyadam.co.uk\/fr\/produit\/grizzly-adam-beard-balm\/\" \/>\n<meta property=\"og:site_name\" content=\"Grizzly Adam\" \/>\n<meta property=\"article:publisher\" content=\"https:\/\/www.facebook.com\/grizzlyadamuk\" \/>\n<meta property=\"article:modified_time\" content=\"2025-09-06T09:38:18+00:00\" \/>\n<meta property=\"og:image\" content=\"https:\/\/grizzlyadam.co.uk\/wp-content\/uploads\/2017\/02\/balm1.jpg\" \/>\n\t<meta property=\"og:image:width\" content=\"1000\" \/>\n\t<meta property=\"og:image:height\" content=\"1000\" \/>\n\t<meta property=\"og:image:type\" content=\"image\/jpeg\" \/>\n<meta name=\"twitter:card\" content=\"summary_large_image\" \/>\n<meta name=\"twitter:site\" content=\"@grizzlyadamuk\" \/>\n<meta name=\"twitter:label1\" content=\"Dur\u00e9e de lecture estim\u00e9e\" \/>\n\t<meta name=\"twitter:data1\" content=\"2 minutes\" \/>\n<script type=\"application\/ld+json\" class=\"yoast-schema-graph\">{\"@context\":\"https:\\\/\\\/schema.org\",\"@graph\":[{\"@type\":\"WebPage\",\"@id\":\"https:\\\/\\\/grizzlyadam.co.uk\\\/product\\\/grizzly-adam-beard-balm\\\/\",\"url\":\"https:\\\/\\\/grizzlyadam.co.uk\\\/product\\\/grizzly-adam-beard-balm\\\/\",\"name\":\"Grizzly Adam Beard Balm - 100% Natural Best Buy Online for Beard Grooming Now Unscented - Grizzly Adam\",\"isPartOf\":{\"@id\":\"https:\\\/\\\/project1-mke5mv4jgx.live-website.com\\\/#website\"},\"primaryImageOfPage\":{\"@id\":\"https:\\\/\\\/grizzlyadam.co.uk\\\/product\\\/grizzly-adam-beard-balm\\\/#primaryimage\"},\"image\":{\"@id\":\"https:\\\/\\\/grizzlyadam.co.uk\\\/product\\\/grizzly-adam-beard-balm\\\/#primaryimage\"},\"thumbnailUrl\":\"https:\\\/\\\/grizzlyadam.co.uk\\\/wp-content\\\/uploads\\\/2017\\\/02\\\/balm1.jpg\",\"datePublished\":\"2017-02-19T15:53:27+00:00\",\"dateModified\":\"2025-09-06T09:38:18+00:00\",\"description\":\"Grizzly Adam Beard Balm is the top gentleman's leave-in beard conditioner and made in the UK. Relieves dry skin & helps moisturize to stop the itch of new hair growth in its tracks\",\"breadcrumb\":{\"@id\":\"https:\\\/\\\/grizzlyadam.co.uk\\\/product\\\/grizzly-adam-beard-balm\\\/#breadcrumb\"},\"inLanguage\":\"fr-FR\",\"potentialAction\":[{\"@type\":\"ReadAction\",\"target\":[\"https:\\\/\\\/grizzlyadam.co.uk\\\/product\\\/grizzly-adam-beard-balm\\\/\"]}]},{\"@type\":\"ImageObject\",\"inLanguage\":\"fr-FR\",\"@id\":\"https:\\\/\\\/grizzlyadam.co.uk\\\/product\\\/grizzly-adam-beard-balm\\\/#primaryimage\",\"url\":\"https:\\\/\\\/grizzlyadam.co.uk\\\/wp-content\\\/uploads\\\/2017\\\/02\\\/balm1.jpg\",\"contentUrl\":\"https:\\\/\\\/grizzlyadam.co.uk\\\/wp-content\\\/uploads\\\/2017\\\/02\\\/balm1.jpg\",\"width\":1000,\"height\":1000},{\"@type\":\"BreadcrumbList\",\"@id\":\"https:\\\/\\\/grizzlyadam.co.uk\\\/product\\\/grizzly-adam-beard-balm\\\/#breadcrumb\",\"itemListElement\":[{\"@type\":\"ListItem\",\"position\":1,\"name\":\"Home\",\"item\":\"https:\\\/\\\/grizzlyadam.co.uk\\\/\"},{\"@type\":\"ListItem\",\"position\":2,\"name\":\"Shop\",\"item\":\"https:\\\/\\\/project1-mke5mv4jgx.live-website.com\\\/shop\\\/\"},{\"@type\":\"ListItem\",\"position\":3,\"name\":\"Grizzly Adam Beard Balm &#8211; 100% Natural Best Buy Online for Beard Grooming Now Unscented\"}]},{\"@type\":\"WebSite\",\"@id\":\"https:\\\/\\\/project1-mke5mv4jgx.live-website.com\\\/#website\",\"url\":\"https:\\\/\\\/project1-mke5mv4jgx.live-website.com\\\/\",\"name\":\"Grizzly Adam\",\"description\":\"Beard Oil And Grooming Products For Gentlemen\",\"publisher\":{\"@id\":\"https:\\\/\\\/project1-mke5mv4jgx.live-website.com\\\/#organization\"},\"potentialAction\":[{\"@type\":\"SearchAction\",\"target\":{\"@type\":\"EntryPoint\",\"urlTemplate\":\"https:\\\/\\\/project1-mke5mv4jgx.live-website.com\\\/?s={search_term_string}\"},\"query-input\":{\"@type\":\"PropertyValueSpecification\",\"valueRequired\":true,\"valueName\":\"search_term_string\"}}],\"inLanguage\":\"fr-FR\"},{\"@type\":\"Organization\",\"@id\":\"https:\\\/\\\/project1-mke5mv4jgx.live-website.com\\\/#organization\",\"name\":\"GRIZZLY ADAM\",\"url\":\"https:\\\/\\\/project1-mke5mv4jgx.live-website.com\\\/\",\"logo\":{\"@type\":\"ImageObject\",\"inLanguage\":\"fr-FR\",\"@id\":\"https:\\\/\\\/project1-mke5mv4jgx.live-website.com\\\/#\\\/schema\\\/logo\\\/image\\\/\",\"url\":\"https:\\\/\\\/grizzlyadam.co.uk\\\/wp-content\\\/uploads\\\/2019\\\/11\\\/gadamlogo.png\",\"contentUrl\":\"https:\\\/\\\/grizzlyadam.co.uk\\\/wp-content\\\/uploads\\\/2019\\\/11\\\/gadamlogo.png\",\"width\":\"200\",\"height\":\"200\",\"caption\":\"GRIZZLY ADAM\"},\"image\":{\"@id\":\"https:\\\/\\\/project1-mke5mv4jgx.live-website.com\\\/#\\\/schema\\\/logo\\\/image\\\/\"},\"sameAs\":[\"https:\\\/\\\/www.facebook.com\\\/grizzlyadamuk\",\"https:\\\/\\\/x.com\\\/grizzlyadamuk\",\"https:\\\/\\\/www.instagram.com\\\/grizzlyadamuk\\\/\"]}]}<\/script>\n<!-- \/ Yoast SEO plugin. -->","yoast_head_json":{"title":"Grizzly Adam Beard Balm - 100% Natural Best Buy Online for Beard Grooming Now Unscented - Grizzly Adam","description":"Grizzly Adam Beard Balm is the top gentleman's leave-in beard conditioner and made in the UK. Relieves dry skin & helps moisturize to stop the itch of new hair growth in its tracks","robots":{"index":"index","follow":"follow","max-snippet":"max-snippet:-1","max-image-preview":"max-image-preview:large","max-video-preview":"max-video-preview:-1"},"canonical":"https:\/\/grizzlyadam.co.uk\/fr\/produit\/grizzly-adam-beard-balm\/","og_locale":"fr_FR","og_type":"article","og_title":"Grizzly Adam Beard Balm - 100% Natural Best Buy Online for Beard Grooming Now Unscented - Grizzly Adam","og_description":"Grizzly Adam Beard Balm is the top gentleman's leave-in beard conditioner and made in the UK. Relieves dry skin & helps moisturize to stop the itch of new hair growth in its tracks","og_url":"https:\/\/grizzlyadam.co.uk\/fr\/produit\/grizzly-adam-beard-balm\/","og_site_name":"Grizzly Adam","article_publisher":"https:\/\/www.facebook.com\/grizzlyadamuk","article_modified_time":"2025-09-06T09:38:18+00:00","og_image":[{"width":1000,"height":1000,"url":"https:\/\/grizzlyadam.co.uk\/wp-content\/uploads\/2017\/02\/balm1.jpg","type":"image\/jpeg"}],"twitter_card":"summary_large_image","twitter_site":"@grizzlyadamuk","twitter_misc":{"Dur\u00e9e de lecture estim\u00e9e":"2 minutes"},"schema":{"@context":"https:\/\/schema.org","@graph":[{"@type":"WebPage","@id":"https:\/\/grizzlyadam.co.uk\/product\/grizzly-adam-beard-balm\/","url":"https:\/\/grizzlyadam.co.uk\/product\/grizzly-adam-beard-balm\/","name":"Grizzly Adam Beard Balm - 100% Natural Best Buy Online for Beard Grooming Now Unscented - Grizzly Adam","isPartOf":{"@id":"https:\/\/project1-mke5mv4jgx.live-website.com\/#website"},"primaryImageOfPage":{"@id":"https:\/\/grizzlyadam.co.uk\/product\/grizzly-adam-beard-balm\/#primaryimage"},"image":{"@id":"https:\/\/grizzlyadam.co.uk\/product\/grizzly-adam-beard-balm\/#primaryimage"},"thumbnailUrl":"https:\/\/grizzlyadam.co.uk\/wp-content\/uploads\/2017\/02\/balm1.jpg","datePublished":"2017-02-19T15:53:27+00:00","dateModified":"2025-09-06T09:38:18+00:00","description":"Grizzly Adam Beard Balm is the top gentleman's leave-in beard conditioner and made in the UK. Relieves dry skin & helps moisturize to stop the itch of new hair growth in its tracks","breadcrumb":{"@id":"https:\/\/grizzlyadam.co.uk\/product\/grizzly-adam-beard-balm\/#breadcrumb"},"inLanguage":"fr-FR","potentialAction":[{"@type":"ReadAction","target":["https:\/\/grizzlyadam.co.uk\/product\/grizzly-adam-beard-balm\/"]}]},{"@type":"ImageObject","inLanguage":"fr-FR","@id":"https:\/\/grizzlyadam.co.uk\/product\/grizzly-adam-beard-balm\/#primaryimage","url":"https:\/\/grizzlyadam.co.uk\/wp-content\/uploads\/2017\/02\/balm1.jpg","contentUrl":"https:\/\/grizzlyadam.co.uk\/wp-content\/uploads\/2017\/02\/balm1.jpg","width":1000,"height":1000},{"@type":"BreadcrumbList","@id":"https:\/\/grizzlyadam.co.uk\/product\/grizzly-adam-beard-balm\/#breadcrumb","itemListElement":[{"@type":"ListItem","position":1,"name":"Home","item":"https:\/\/grizzlyadam.co.uk\/"},{"@type":"ListItem","position":2,"name":"Shop","item":"https:\/\/project1-mke5mv4jgx.live-website.com\/shop\/"},{"@type":"ListItem","position":3,"name":"Grizzly Adam Beard Balm &#8211; 100% Natural Best Buy Online for Beard Grooming Now Unscented"}]},{"@type":"WebSite","@id":"https:\/\/project1-mke5mv4jgx.live-website.com\/#website","url":"https:\/\/project1-mke5mv4jgx.live-website.com\/","name":"Grizzly Adam","description":"Huile \u00e0 barbe et produits de toilettage pour hommes","publisher":{"@id":"https:\/\/project1-mke5mv4jgx.live-website.com\/#organization"},"potentialAction":[{"@type":"SearchAction","target":{"@type":"EntryPoint","urlTemplate":"https:\/\/project1-mke5mv4jgx.live-website.com\/?s={search_term_string}"},"query-input":{"@type":"PropertyValueSpecification","valueRequired":true,"valueName":"search_term_string"}}],"inLanguage":"fr-FR"},{"@type":"Organization","@id":"https:\/\/project1-mke5mv4jgx.live-website.com\/#organization","name":"GRIZZLY ADAM","url":"https:\/\/project1-mke5mv4jgx.live-website.com\/","logo":{"@type":"ImageObject","inLanguage":"fr-FR","@id":"https:\/\/project1-mke5mv4jgx.live-website.com\/#\/schema\/logo\/image\/","url":"https:\/\/grizzlyadam.co.uk\/wp-content\/uploads\/2019\/11\/gadamlogo.png","contentUrl":"https:\/\/grizzlyadam.co.uk\/wp-content\/uploads\/2019\/11\/gadamlogo.png","width":"200","height":"200","caption":"GRIZZLY ADAM"},"image":{"@id":"https:\/\/project1-mke5mv4jgx.live-website.com\/#\/schema\/logo\/image\/"},"sameAs":["https:\/\/www.facebook.com\/grizzlyadamuk","https:\/\/x.com\/grizzlyadamuk","https:\/\/www.instagram.com\/grizzlyadamuk\/"]}]}},"df_price":12.99,"df_sale_price":12.99,"df_regular_price":14.99,"df_image_link":"https:\/\/grizzlyadam.co.uk\/wp-content\/uploads\/2017\/02\/balm1-300x300.jpg","_links":{"self":[{"href":"https:\/\/grizzlyadam.co.uk\/fr\/wp-json\/wp\/v2\/product\/2172","targetHints":{"allow":["GET"]}}],"collection":[{"href":"https:\/\/grizzlyadam.co.uk\/fr\/wp-json\/wp\/v2\/product"}],"about":[{"href":"https:\/\/grizzlyadam.co.uk\/fr\/wp-json\/wp\/v2\/types\/product"}],"replies":[{"embeddable":true,"href":"https:\/\/grizzlyadam.co.uk\/fr\/wp-json\/wp\/v2\/comments?post=2172"}],"wp:featuredmedia":[{"embeddable":true,"href":"https:\/\/grizzlyadam.co.uk\/fr\/wp-json\/wp\/v2\/media\/2173"}],"wp:attachment":[{"href":"https:\/\/grizzlyadam.co.uk\/fr\/wp-json\/wp\/v2\/media?parent=2172"}],"wp:term":[{"taxonomy":"product_brand","embeddable":true,"href":"https:\/\/grizzlyadam.co.uk\/fr\/wp-json\/wp\/v2\/product_brand?post=2172"},{"taxonomy":"product_cat","embeddable":true,"href":"https:\/\/grizzlyadam.co.uk\/fr\/wp-json\/wp\/v2\/product_cat?post=2172"},{"taxonomy":"product_tag","embeddable":true,"href":"https:\/\/grizzlyadam.co.uk\/fr\/wp-json\/wp\/v2\/product_tag?post=2172"}],"curies":[{"name":"wp","href":"https:\/\/api.w.org\/{rel}","templated":true}]}}