{"id":2166,"date":"2017-02-19T15:53:21","date_gmt":"2017-02-19T15:53:21","guid":{"rendered":"https:\/\/grizzlyadam.co.uk\/product\/grizzly-adam-beard-oil\/"},"modified":"2024-07-18T22:03:03","modified_gmt":"2024-07-18T21:03:03","slug":"grizzly-adam-beard-oil","status":"publish","type":"product","link":"https:\/\/grizzlyadam.co.uk\/fr\/produit\/grizzly-adam-beard-oil\/","title":{"rendered":"Grizzly Adam Beard Oil - Best Buy Online in the UK for 100% Pure &amp; Natural Beard Oil"},"content":{"rendered":"<p><iframe loading=\"lazy\" src=\"https:\/\/www.youtube.com\/embed\/mpM0PaVYCWI\" width=\"280\" height=\"150\" frameborder=\"0\" allowfullscreen=\"allowfullscreen\"><\/iframe><iframe loading=\"lazy\" src=\"https:\/\/www.youtube.com\/embed\/O9Ob7x5OHsI\" width=\"280\" height=\"150\" frameborder=\"0\" allowfullscreen=\"allowfullscreen\"><\/iframe><\/p>\n<p>&nbsp;<\/p>\n<p><strong>Ingr\u00e9dients :<\/strong><br \/>\nPrunus Amygdalus Dulis (huile d'amande), Argania Spinosa Kernel (huile d'argan), Cedrus Deodara (huile de bois de c\u00e8dre), Citrus Aurantifolia (huile de citron vert), Limonene, Linalool.<\/p>\n<p><strong>Directions :<\/strong><br \/>\nCommencez par une pompe d'huile \u00e0 barbe Grizzly Adam en appliquant principalement sur les racines - Appliquez plus g\u00e9n\u00e9reusement au fur et \u00e0 mesure que la confiance grandit Pour de meilleurs r\u00e9sultats, utilisez deux fois par jour - massez doucement votre barbe uniform\u00e9ment chaque matin et chaque soir pour des r\u00e9sultats optimaux.<\/p>\n<p style=\"text-align: center;\"><strong>Pourquoi utiliser une huile \u00e0 barbe ?<\/strong><\/p>\n<p style=\"text-align: center;\">Que vous ayez une petite barbe ronde et \u00e9l\u00e9gante ou une grande barbe carr\u00e9e qui attire l'attention, vous pouvez la conserver avec un minimum d'efforts. Pour que votre barbe soit remarqu\u00e9e, il faut qu'elle soit saine, lisse et brillante \u00e0 tout moment. L'huile \u00e0 barbe Grizzly Adam est un moyen fantastique d'y parvenir.<\/p>\n<p style=\"text-align: center;\">L'huile de barbe est de plus en plus populaire ces derniers temps et d\u00e8s votre premi\u00e8re utilisation, il devrait \u00eatre \u00e9vident de comprendre pourquoi. Si vous ne savez toujours pas pourquoi utiliser une huile de barbe, voici quelques informations qui pourraient vous aider \u00e0 vous d\u00e9cider.<\/p>\n<p style=\"text-align: center;\">Aide \u00e0 prendre soin de votre peau et de votre barbe<\/p>\n<p style=\"text-align: center;\">L'huile \u00e0 barbe permet d'hydrater votre peau et de prendre soin de votre barbe en m\u00eame temps. Elle apporte de l'huile essentielle \u00e0 votre peau et celle-ci p\u00e9n\u00e8tre dans les follicules de vos poils. Lorsque vos follicules pileux sont bien hydrat\u00e9s, vos cheveux ne se dess\u00e8chent pas et ne deviennent pas cassants. La peau hydrat\u00e9e est douce et lisse et l'utilisation d'une huile \u00e0 barbe permet d'\u00e9viter les d\u00e9mangeaisons et les squames qui peuvent causer de l'inconfort.<\/p>\n<p style=\"text-align: center;\">Simple \u00e0 appliquer<\/p>\n<p style=\"text-align: center;\">L'huile de barbe est tr\u00e8s facile \u00e0 appliquer et ne prend que quelques secondes. Il suffit d'appliquer quelques gouttes dans la paume de la main, de frotter les mains l'une contre l'autre et de passer les doigts dans la barbe. Si vous vous peignez ensuite, votre barbe sera convenablement couverte. L'huile de barbe sera absorb\u00e9e en 20 \u00e0 30 minutes environ et laissera votre barbe avec une belle brillance.<\/p>\n<p style=\"text-align: center;\">L'huile \u00e0 barbe peut vous aider \u00e0 para\u00eetre plus soign\u00e9<\/p>\n<p style=\"text-align: center;\">En utilisant une huile \u00e0 barbe, votre barbe sera brillante, plus douce et sentira bon. Cela vous aidera \u00e0 para\u00eetre plus soign\u00e9 avec un minimum d'effort. En peignant votre barbe apr\u00e8s avoir appliqu\u00e9 l'huile \u00e0 barbe, vous aurez une barbe propre et soign\u00e9e qui s\u00e8chera lentement au fur et \u00e0 mesure que l'huile est absorb\u00e9e. L'huile \u00e0 barbe peut aider \u00e0 lisser les poils indisciplin\u00e9s et \u00e9viter \u00e0 votre barbe d'avoir l'air n\u00e9glig\u00e9e.<\/p>","protected":false},"excerpt":{"rendered":"<div id=\"fbExpandableSectionContent\" class=\"a-section a-spacing-none expandableSection\">\n<ul class=\"a-vertical a-spacing-none collapsedFeatureBullets\">\n<li><span class=\"a-list-item\"><strong>HUILE \u00c0 BARBE PREMIUM<\/strong> - Gardez votre barbe saine, soign\u00e9e et apprivois\u00e9e naturellement. Hydrate les poils et la peau de la barbe, \u00e9limine les d\u00e9mangeaisons et les pellicules pour une barbe agr\u00e9able et respectable.\u00a0<\/span><\/li>\n<li class=\"showHiddenFeatureBullets\"><span class=\"a-list-item\"><strong>Renforce les cheveux d\u00e8s la racine<\/strong> et nourrit en profondeur, rajeunit les cheveux et les follicules pileux en leur donnant un \u00e9clat naturel et sain.<\/span><\/li>\n<li class=\"showHiddenFeatureBullets\"><span class=\"a-list-item\"><strong>Aide \u00e0 stimuler la croissance<\/strong>Les poils sauvages sont dompt\u00e9s et les d\u00e9mangeaisons et pellicules de la barbe sont \u00e9limin\u00e9es, ce qui permet de garder une barbe douce et maniable.<\/span><\/li>\n<li class=\"showHiddenFeatureBullets\"><span class=\"a-list-item\"><strong>PURE et NATURELLE<\/strong> - 100% huiles naturelles et huiles essentielles pour maintenir la barbe et la moustache de tout gentleman en parfait \u00e9tat.<\/span><\/li>\n<li class=\"showHiddenFeatureBullets\"><span class=\"a-list-item\"><strong>Tr\u00e8s bon rapport qualit\u00e9\/prix<\/strong> - Grand flacon de 100 ml pour un prix int\u00e9ressant que vous ne d\u00e9penserez probablement pas pour un flacon concurrent de 30 ml.\u00a0<\/span><\/li>\n<\/ul>\n<p>&nbsp;<\/p>\n<\/div>\n<p>&nbsp;<\/p>","protected":false},"featured_media":11565,"comment_status":"open","ping_status":"closed","template":"","meta":[],"product_brand":[],"product_cat":[65,177],"product_tag":[66,67,68],"class_list":{"0":"post-2166","1":"product","2":"type-product","3":"status-publish","4":"has-post-thumbnail","6":"product_cat-beard-oil","7":"product_cat-subscription","8":"product_tag-beard-oil","9":"product_tag-conditioner","10":"product_tag-moisturiser","12":"first","13":"instock","14":"taxable","15":"shipping-taxable","16":"purchasable","17":"product-type-simple"},"yoast_head":"<!-- This site is optimized with the Yoast SEO plugin v27.2 - https:\/\/yoast.com\/product\/yoast-seo-wordpress\/ -->\n<title>Grizzly Adam Beard Oil - Best Buy Online in the UK for 100% Pure &amp; Natural Beard Oil - Grizzly Adam<\/title>\n<meta name=\"robots\" content=\"index, follow, max-snippet:-1, max-image-preview:large, max-video-preview:-1\" \/>\n<link rel=\"canonical\" href=\"https:\/\/grizzlyadam.co.uk\/fr\/produit\/grizzly-adam-beard-oil\/\" \/>\n<meta property=\"og:locale\" content=\"fr_FR\" \/>\n<meta property=\"og:type\" content=\"article\" \/>\n<meta property=\"og:title\" content=\"Grizzly Adam Beard Oil - Best Buy Online in the UK for 100% Pure &amp; Natural Beard Oil - Grizzly Adam\" \/>\n<meta property=\"og:description\" content=\"PREMIUM BEARD OIL - Keep Your Beard Healthy, Groomed and Tamed Naturally. Moisturizes Beard Hair and Skin, Eliminates Itching and Dandruff (Beard-druff) for a kissable and respectable beard.\u00a0  Strengthens the hair from the root and gives deep nourishment, rejuvenating the hair and hair follicles providing a natural healthy shine  Helps stimulate growth, tame wild unruly hairs, and eliminate beard itch and beard dandruff to help keep your beard soft and manageable  PURE and NATURAL - 100% natural oils and essential oils to keep any gentleman&#039;s beard and moustache in tip top condition  Great Value - Large 100ml Bottle for a good price that your most likely to spend on a competitors 30ml bottle.\u00a0  &nbsp;   &nbsp;\" \/>\n<meta property=\"og:url\" content=\"https:\/\/grizzlyadam.co.uk\/fr\/produit\/grizzly-adam-beard-oil\/\" \/>\n<meta property=\"og:site_name\" content=\"Grizzly Adam\" \/>\n<meta property=\"article:publisher\" content=\"https:\/\/www.facebook.com\/grizzlyadamuk\" \/>\n<meta property=\"article:modified_time\" content=\"2024-07-18T21:03:03+00:00\" \/>\n<meta property=\"og:image\" content=\"https:\/\/project1-mke5mv4jgx.live-website.com\/wp-content\/uploads\/2017\/02\/30079789_194442501171990_4984159154433163264_n.jpg\" \/>\n\t<meta property=\"og:image:width\" content=\"720\" \/>\n\t<meta property=\"og:image:height\" content=\"720\" \/>\n\t<meta property=\"og:image:type\" content=\"image\/jpeg\" \/>\n<meta name=\"twitter:card\" content=\"summary_large_image\" \/>\n<meta name=\"twitter:site\" content=\"@grizzlyadamuk\" \/>\n<meta name=\"twitter:label1\" content=\"Dur\u00e9e de lecture estim\u00e9e\" \/>\n\t<meta name=\"twitter:data1\" content=\"3 minutes\" \/>\n<script type=\"application\/ld+json\" class=\"yoast-schema-graph\">{\"@context\":\"https:\/\/schema.org\",\"@graph\":[{\"@type\":\"WebPage\",\"@id\":\"https:\/\/grizzlyadam.co.uk\/product\/grizzly-adam-beard-oil\/\",\"url\":\"https:\/\/grizzlyadam.co.uk\/product\/grizzly-adam-beard-oil\/\",\"name\":\"Grizzly Adam Beard Oil - Best Buy Online in the UK for 100% Pure & Natural Beard Oil - Grizzly Adam\",\"isPartOf\":{\"@id\":\"https:\/\/project1-mke5mv4jgx.live-website.com\/#website\"},\"primaryImageOfPage\":{\"@id\":\"https:\/\/grizzlyadam.co.uk\/product\/grizzly-adam-beard-oil\/#primaryimage\"},\"image\":{\"@id\":\"https:\/\/grizzlyadam.co.uk\/product\/grizzly-adam-beard-oil\/#primaryimage\"},\"thumbnailUrl\":\"https:\/\/grizzlyadam.co.uk\/wp-content\/uploads\/2017\/02\/30079789_194442501171990_4984159154433163264_n.jpg\",\"datePublished\":\"2017-02-19T15:53:21+00:00\",\"dateModified\":\"2024-07-18T21:03:03+00:00\",\"breadcrumb\":{\"@id\":\"https:\/\/grizzlyadam.co.uk\/product\/grizzly-adam-beard-oil\/#breadcrumb\"},\"inLanguage\":\"fr-FR\",\"potentialAction\":[{\"@type\":\"ReadAction\",\"target\":[\"https:\/\/grizzlyadam.co.uk\/product\/grizzly-adam-beard-oil\/\"]}]},{\"@type\":\"ImageObject\",\"inLanguage\":\"fr-FR\",\"@id\":\"https:\/\/grizzlyadam.co.uk\/product\/grizzly-adam-beard-oil\/#primaryimage\",\"url\":\"https:\/\/grizzlyadam.co.uk\/wp-content\/uploads\/2017\/02\/30079789_194442501171990_4984159154433163264_n.jpg\",\"contentUrl\":\"https:\/\/grizzlyadam.co.uk\/wp-content\/uploads\/2017\/02\/30079789_194442501171990_4984159154433163264_n.jpg\",\"width\":720,\"height\":720},{\"@type\":\"BreadcrumbList\",\"@id\":\"https:\/\/grizzlyadam.co.uk\/product\/grizzly-adam-beard-oil\/#breadcrumb\",\"itemListElement\":[{\"@type\":\"ListItem\",\"position\":1,\"name\":\"Home\",\"item\":\"https:\/\/grizzlyadam.co.uk\/\"},{\"@type\":\"ListItem\",\"position\":2,\"name\":\"Shop\",\"item\":\"https:\/\/project1-mke5mv4jgx.live-website.com\/shop\/\"},{\"@type\":\"ListItem\",\"position\":3,\"name\":\"Grizzly Adam Beard Oil &#8211; Best Buy Online in the UK for 100% Pure &#038; Natural Beard Oil\"}]},{\"@type\":\"WebSite\",\"@id\":\"https:\/\/project1-mke5mv4jgx.live-website.com\/#website\",\"url\":\"https:\/\/project1-mke5mv4jgx.live-website.com\/\",\"name\":\"Grizzly Adam\",\"description\":\"Beard Oil And Grooming Products For Gentlemen\",\"publisher\":{\"@id\":\"https:\/\/project1-mke5mv4jgx.live-website.com\/#organization\"},\"potentialAction\":[{\"@type\":\"SearchAction\",\"target\":{\"@type\":\"EntryPoint\",\"urlTemplate\":\"https:\/\/project1-mke5mv4jgx.live-website.com\/?s={search_term_string}\"},\"query-input\":{\"@type\":\"PropertyValueSpecification\",\"valueRequired\":true,\"valueName\":\"search_term_string\"}}],\"inLanguage\":\"fr-FR\"},{\"@type\":\"Organization\",\"@id\":\"https:\/\/project1-mke5mv4jgx.live-website.com\/#organization\",\"name\":\"GRIZZLY ADAM\",\"url\":\"https:\/\/project1-mke5mv4jgx.live-website.com\/\",\"logo\":{\"@type\":\"ImageObject\",\"inLanguage\":\"fr-FR\",\"@id\":\"https:\/\/project1-mke5mv4jgx.live-website.com\/#\/schema\/logo\/image\/\",\"url\":\"https:\/\/grizzlyadam.co.uk\/wp-content\/uploads\/2019\/11\/gadamlogo.png\",\"contentUrl\":\"https:\/\/grizzlyadam.co.uk\/wp-content\/uploads\/2019\/11\/gadamlogo.png\",\"width\":\"200\",\"height\":\"200\",\"caption\":\"GRIZZLY ADAM\"},\"image\":{\"@id\":\"https:\/\/project1-mke5mv4jgx.live-website.com\/#\/schema\/logo\/image\/\"},\"sameAs\":[\"https:\/\/www.facebook.com\/grizzlyadamuk\",\"https:\/\/x.com\/grizzlyadamuk\",\"https:\/\/www.instagram.com\/grizzlyadamuk\/\"]}]}<\/script>\n<!-- \/ Yoast SEO plugin. -->","yoast_head_json":{"title":"Grizzly Adam Beard Oil - Best Buy Online in the UK for 100% Pure & Natural Beard Oil - Grizzly Adam","robots":{"index":"index","follow":"follow","max-snippet":"max-snippet:-1","max-image-preview":"max-image-preview:large","max-video-preview":"max-video-preview:-1"},"canonical":"https:\/\/grizzlyadam.co.uk\/fr\/produit\/grizzly-adam-beard-oil\/","og_locale":"fr_FR","og_type":"article","og_title":"Grizzly Adam Beard Oil - Best Buy Online in the UK for 100% Pure & Natural Beard Oil - Grizzly Adam","og_description":"PREMIUM BEARD OIL - Keep Your Beard Healthy, Groomed and Tamed Naturally. Moisturizes Beard Hair and Skin, Eliminates Itching and Dandruff (Beard-druff) for a kissable and respectable beard.\u00a0  Strengthens the hair from the root and gives deep nourishment, rejuvenating the hair and hair follicles providing a natural healthy shine  Helps stimulate growth, tame wild unruly hairs, and eliminate beard itch and beard dandruff to help keep your beard soft and manageable  PURE and NATURAL - 100% natural oils and essential oils to keep any gentleman's beard and moustache in tip top condition  Great Value - Large 100ml Bottle for a good price that your most likely to spend on a competitors 30ml bottle.\u00a0  &nbsp;   &nbsp;","og_url":"https:\/\/grizzlyadam.co.uk\/fr\/produit\/grizzly-adam-beard-oil\/","og_site_name":"Grizzly Adam","article_publisher":"https:\/\/www.facebook.com\/grizzlyadamuk","article_modified_time":"2024-07-18T21:03:03+00:00","og_image":[{"width":720,"height":720,"url":"https:\/\/project1-mke5mv4jgx.live-website.com\/wp-content\/uploads\/2017\/02\/30079789_194442501171990_4984159154433163264_n.jpg","type":"image\/jpeg"}],"twitter_card":"summary_large_image","twitter_site":"@grizzlyadamuk","twitter_misc":{"Dur\u00e9e de lecture estim\u00e9e":"3 minutes"},"schema":{"@context":"https:\/\/schema.org","@graph":[{"@type":"WebPage","@id":"https:\/\/grizzlyadam.co.uk\/product\/grizzly-adam-beard-oil\/","url":"https:\/\/grizzlyadam.co.uk\/product\/grizzly-adam-beard-oil\/","name":"Grizzly Adam Beard Oil - Best Buy Online in the UK for 100% Pure & Natural Beard Oil - Grizzly Adam","isPartOf":{"@id":"https:\/\/project1-mke5mv4jgx.live-website.com\/#website"},"primaryImageOfPage":{"@id":"https:\/\/grizzlyadam.co.uk\/product\/grizzly-adam-beard-oil\/#primaryimage"},"image":{"@id":"https:\/\/grizzlyadam.co.uk\/product\/grizzly-adam-beard-oil\/#primaryimage"},"thumbnailUrl":"https:\/\/grizzlyadam.co.uk\/wp-content\/uploads\/2017\/02\/30079789_194442501171990_4984159154433163264_n.jpg","datePublished":"2017-02-19T15:53:21+00:00","dateModified":"2024-07-18T21:03:03+00:00","breadcrumb":{"@id":"https:\/\/grizzlyadam.co.uk\/product\/grizzly-adam-beard-oil\/#breadcrumb"},"inLanguage":"fr-FR","potentialAction":[{"@type":"ReadAction","target":["https:\/\/grizzlyadam.co.uk\/product\/grizzly-adam-beard-oil\/"]}]},{"@type":"ImageObject","inLanguage":"fr-FR","@id":"https:\/\/grizzlyadam.co.uk\/product\/grizzly-adam-beard-oil\/#primaryimage","url":"https:\/\/grizzlyadam.co.uk\/wp-content\/uploads\/2017\/02\/30079789_194442501171990_4984159154433163264_n.jpg","contentUrl":"https:\/\/grizzlyadam.co.uk\/wp-content\/uploads\/2017\/02\/30079789_194442501171990_4984159154433163264_n.jpg","width":720,"height":720},{"@type":"BreadcrumbList","@id":"https:\/\/grizzlyadam.co.uk\/product\/grizzly-adam-beard-oil\/#breadcrumb","itemListElement":[{"@type":"ListItem","position":1,"name":"Home","item":"https:\/\/grizzlyadam.co.uk\/"},{"@type":"ListItem","position":2,"name":"Shop","item":"https:\/\/project1-mke5mv4jgx.live-website.com\/shop\/"},{"@type":"ListItem","position":3,"name":"Grizzly Adam Beard Oil &#8211; Best Buy Online in the UK for 100% Pure &#038; Natural Beard Oil"}]},{"@type":"WebSite","@id":"https:\/\/project1-mke5mv4jgx.live-website.com\/#website","url":"https:\/\/project1-mke5mv4jgx.live-website.com\/","name":"Grizzly Adam","description":"Huile \u00e0 barbe et produits de toilettage pour hommes","publisher":{"@id":"https:\/\/project1-mke5mv4jgx.live-website.com\/#organization"},"potentialAction":[{"@type":"SearchAction","target":{"@type":"EntryPoint","urlTemplate":"https:\/\/project1-mke5mv4jgx.live-website.com\/?s={search_term_string}"},"query-input":{"@type":"PropertyValueSpecification","valueRequired":true,"valueName":"search_term_string"}}],"inLanguage":"fr-FR"},{"@type":"Organization","@id":"https:\/\/project1-mke5mv4jgx.live-website.com\/#organization","name":"GRIZZLY ADAM","url":"https:\/\/project1-mke5mv4jgx.live-website.com\/","logo":{"@type":"ImageObject","inLanguage":"fr-FR","@id":"https:\/\/project1-mke5mv4jgx.live-website.com\/#\/schema\/logo\/image\/","url":"https:\/\/grizzlyadam.co.uk\/wp-content\/uploads\/2019\/11\/gadamlogo.png","contentUrl":"https:\/\/grizzlyadam.co.uk\/wp-content\/uploads\/2019\/11\/gadamlogo.png","width":"200","height":"200","caption":"GRIZZLY ADAM"},"image":{"@id":"https:\/\/project1-mke5mv4jgx.live-website.com\/#\/schema\/logo\/image\/"},"sameAs":["https:\/\/www.facebook.com\/grizzlyadamuk","https:\/\/x.com\/grizzlyadamuk","https:\/\/www.instagram.com\/grizzlyadamuk\/"]}]}},"df_price":18.95,"df_sale_price":"","df_regular_price":18.95,"df_image_link":"https:\/\/grizzlyadam.co.uk\/wp-content\/uploads\/2017\/02\/30079789_194442501171990_4984159154433163264_n-300x300.jpg","_links":{"self":[{"href":"https:\/\/grizzlyadam.co.uk\/fr\/wp-json\/wp\/v2\/product\/2166","targetHints":{"allow":["GET"]}}],"collection":[{"href":"https:\/\/grizzlyadam.co.uk\/fr\/wp-json\/wp\/v2\/product"}],"about":[{"href":"https:\/\/grizzlyadam.co.uk\/fr\/wp-json\/wp\/v2\/types\/product"}],"replies":[{"embeddable":true,"href":"https:\/\/grizzlyadam.co.uk\/fr\/wp-json\/wp\/v2\/comments?post=2166"}],"wp:featuredmedia":[{"embeddable":true,"href":"https:\/\/grizzlyadam.co.uk\/fr\/wp-json\/wp\/v2\/media\/11565"}],"wp:attachment":[{"href":"https:\/\/grizzlyadam.co.uk\/fr\/wp-json\/wp\/v2\/media?parent=2166"}],"wp:term":[{"taxonomy":"product_brand","embeddable":true,"href":"https:\/\/grizzlyadam.co.uk\/fr\/wp-json\/wp\/v2\/product_brand?post=2166"},{"taxonomy":"product_cat","embeddable":true,"href":"https:\/\/grizzlyadam.co.uk\/fr\/wp-json\/wp\/v2\/product_cat?post=2166"},{"taxonomy":"product_tag","embeddable":true,"href":"https:\/\/grizzlyadam.co.uk\/fr\/wp-json\/wp\/v2\/product_tag?post=2166"}],"curies":[{"name":"wp","href":"https:\/\/api.w.org\/{rel}","templated":true}]}}