{"id":20483,"date":"2020-03-07T10:18:04","date_gmt":"2020-03-07T10:18:04","guid":{"rendered":"https:\/\/grizzlyadam.co.uk\/?post_type=product&#038;p=20483"},"modified":"2020-11-04T17:43:14","modified_gmt":"2020-11-04T17:43:14","slug":"boar-bristle-beard-brush-for-men","status":"publish","type":"product","link":"https:\/\/grizzlyadam.co.uk\/fr\/produit\/boar-bristle-beard-brush-for-men\/","title":{"rendered":"Brosse \u00e0 barbe en poils de sanglier pour hommes"},"content":{"rendered":"<h1>Pourquoi acheter une brosse en poils de sanglier ?<\/h1>\n<p><img loading=\"lazy\" decoding=\"async\" class=\"aligncenter wp-image-9535 size-full\" src=\"https:\/\/grizzlyadam.co.uk\/wp-content\/uploads\/2018\/01\/boar-bristle-brushing.jpg\" alt=\"\" width=\"480\" height=\"270\" srcset=\"https:\/\/grizzlyadam.co.uk\/wp-content\/uploads\/2018\/01\/boar-bristle-brushing.jpg 480w, https:\/\/grizzlyadam.co.uk\/wp-content\/uploads\/2018\/01\/boar-bristle-brushing-300x169.jpg 300w\" sizes=\"auto, (max-width: 480px) 100vw, 480px\" \/><\/p>\n<p><strong>Une brosse \u00e0 barbe ovale, magnifiquement con\u00e7ue pour tenir dans la main avec une prise parfaite pour coiffer et dompter les barbes de toutes formes et tailles.<\/strong><\/p>\n<p>Choisir la bonne brosse peut faire une \u00e9norme diff\u00e9rence dans l'apparence et la sant\u00e9 de votre barbe en la rendant plus propre, plus hydrat\u00e9e, plus d\u00e9m\u00eal\u00e9e et, plus simplement, plus belle. Vous remarquerez instantan\u00e9ment une am\u00e9lioration apr\u00e8s avoir ajout\u00e9 cet outil \u00e9tonnant \u00e0 votre routine quotidienne d'entretien de la barbe. Nous devons dire que \"c'est l'un des \u00e9l\u00e9ments essentiels pour avoir une barbe magnifique, saine et attrayante\".<\/p>\n<h2>4 avantages \u00e9tonnants du brossage de la barbe avec une brosse en poils de sanglier :<\/h2>\n<p><strong>1. Moins de s\u00e9cheresse et de d\u00e9mangeaisons. Plus d'hydratation et de brillance.<\/strong><br \/>\nLa s\u00e9cheresse, les pellicules de barbe et les d\u00e9mangeaisons sont quelques-uns des principaux d\u00e9sagr\u00e9ments rencontr\u00e9s lors de la pousse de la barbe.<\/p>\n<p>Vous avez tendance \u00e0 \u00e9liminer beaucoup d'huiles saines et naturelles lorsque vous vous lavez et l'utilisation de shampooings pour le cuir chevelu, de produits chimiques agressifs et de savons peut aggraver ce probl\u00e8me. L'utilisation d'une brosse en sanglier de qualit\u00e9 sup\u00e9rieure au lieu d'une brosse en plastique permettra de redonner vie \u00e0 ces follicules.<\/p>\n<p>Le meilleur avantage d'utiliser une brosse en poils de sanglier est sa capacit\u00e9 naturelle \u00e0 collecter les huiles (et les huiles de barbe) pour les r\u00e9partir de mani\u00e8re \u00e9gale dans vos follicules. Les poils absorbent les huiles s\u00e9bac\u00e9es humaines, qui sont souvent obstru\u00e9es dans les pores, et redistribuent ensuite ces huiles de la base vers le sommet de chaque m\u00e8che de cheveux.<\/p>\n<p>En redistribuant ces huiles uniform\u00e9ment sur les cheveux et les poils de la barbe, vos cheveux b\u00e9n\u00e9ficient d'une brillance naturelle sans qu'ils ne se sentent charg\u00e9s ou alourdis. Cela contribue \u00e9galement \u00e0 prot\u00e9ger vos cheveux contre la fragilisation et l'endommagement. Mais attendez, ce n'est pas tout. Votre barbe devient ultra douce. Demandez \u00e0 n'importe quel grand barbu et il vous dira que la brosse change la donne.<\/p>\n<p><img loading=\"lazy\" decoding=\"async\" class=\"aligncenter wp-image-7931 size-full\" src=\"https:\/\/grizzlyadam.co.uk\/wp-content\/uploads\/2017\/10\/Natural-Boar-Bristle-Beard-Brush-For-Men-Facial-Face-Massager-Bristle-Hair-Shaving-Brush-Cepillo-Barba-3.jpg\" alt=\"\" width=\"800\" height=\"800\" srcset=\"https:\/\/grizzlyadam.co.uk\/wp-content\/uploads\/2017\/10\/Natural-Boar-Bristle-Beard-Brush-For-Men-Facial-Face-Massager-Bristle-Hair-Shaving-Brush-Cepillo-Barba-3.jpg 800w, https:\/\/grizzlyadam.co.uk\/wp-content\/uploads\/2017\/10\/Natural-Boar-Bristle-Beard-Brush-For-Men-Facial-Face-Massager-Bristle-Hair-Shaving-Brush-Cepillo-Barba-3-300x300.jpg 300w, https:\/\/grizzlyadam.co.uk\/wp-content\/uploads\/2017\/10\/Natural-Boar-Bristle-Beard-Brush-For-Men-Facial-Face-Massager-Bristle-Hair-Shaving-Brush-Cepillo-Barba-3-150x150.jpg 150w, https:\/\/grizzlyadam.co.uk\/wp-content\/uploads\/2017\/10\/Natural-Boar-Bristle-Beard-Brush-For-Men-Facial-Face-Massager-Bristle-Hair-Shaving-Brush-Cepillo-Barba-3-768x768.jpg 768w, https:\/\/grizzlyadam.co.uk\/wp-content\/uploads\/2017\/10\/Natural-Boar-Bristle-Beard-Brush-For-Men-Facial-Face-Massager-Bristle-Hair-Shaving-Brush-Cepillo-Barba-3-600x600.jpg 600w, https:\/\/grizzlyadam.co.uk\/wp-content\/uploads\/2017\/10\/Natural-Boar-Bristle-Beard-Brush-For-Men-Facial-Face-Massager-Bristle-Hair-Shaving-Brush-Cepillo-Barba-3-100x100.jpg 100w\" sizes=\"auto, (max-width: 800px) 100vw, 800px\" \/><\/p>\n<p><strong>2. Moins de cassures, de frisottis et de pointes fourchues.<\/strong><\/p>\n<p>Le brossage de votre barbe peut am\u00e9liorer consid\u00e9rablement la sant\u00e9 de votre barbe de plusieurs fa\u00e7ons, l'une d'entre elles \u00e9tant la pr\u00e9vention de la casse, des frisottis et des pointes fourchues. En vous d\u00e9barrassant de ces probl\u00e8mes, vous n'aurez plus \u00e0 tailler manuellement ces poils durs aussi souvent. La barbe aura l'air plus naturelle et plus r\u00e9guli\u00e8re.<\/p>\n<p>Le rev\u00eatement suppl\u00e9mentaire de votre barbe avec des huiles s\u00e9bac\u00e9es naturelles et des huiles \u00e0 barbe nourrissantes peut prot\u00e9ger les follicules des dommages ext\u00e9rieurs.<\/p>\n<p><strong>3. Exfoliation naturelle.<\/strong><\/p>\n<p>L'exfoliation consiste \u00e0 \u00e9liminer les cellules mortes \u00e0 la surface de la peau. Ces particules mortes au repos obstruent les pores et peuvent entra\u00eener des folliculites et de l'acn\u00e9.<\/p>\n<p>La texture rigide des poils de sanglier permet d'atteindre les racines de chaque follicule afin d'exfolier et de fournir une solution naturelle pour nettoyer votre peau et votre barbe. L'exfoliation n'aide pas seulement \u00e0 r\u00e9soudre de nombreux probl\u00e8mes de peau, elle stimule \u00e9galement la circulation sanguine, ce qui favorise la croissance d'une barbe plus saine et plus fournie.<\/p>\n<p><strong>4. Peut favoriser une croissance plus saine et plus rapide de la barbe<\/strong><\/p>\n<p>Le brossage consiste essentiellement \u00e0 masser le visage, ce qui am\u00e9liore la circulation sanguine vers les follicules pileux. La circulation sanguine, l'oxyg\u00e8ne et les nutriments comptent parmi les facteurs les plus importants pour la sant\u00e9 et la croissance des cheveux. Dans le m\u00eame ordre d'id\u00e9es, l'un des m\u00e9canismes d'action du Minoxidil 5% (Rogaine) est la promotion, vous l'avez devin\u00e9, de la circulation sanguine.<\/p>\n<p>L'augmentation du flux sanguin vers vos follicules pileux est l'une des meilleures choses que vous puissiez faire pour la sant\u00e9 et le d\u00e9veloppement de votre barbe. Cependant, il est \u00e9vident que vous n'obtiendrez pas une barbe \u00e9norme en vous brossant r\u00e9guli\u00e8rement les cheveux. Il s'agit simplement d'une bonne pratique g\u00e9n\u00e9rale pour favoriser l'afflux massif de sang dans le visage, qui est souvent n\u00e9glig\u00e9.<\/p>\n<p>&nbsp;<\/p>\n<p>Poids net : 28g<br \/>\nTaille du produit : 8 * 4 * 3cm<\/p>","protected":false},"excerpt":{"rendered":"<ul>\n<li class=\"-s-bullet-point\">Poign\u00e9e et sensation ergonomiques<\/li>\n<li>Fabriqu\u00e9 en bambou et en poils de sanglier de la plus haute qualit\u00e9.<\/li>\n<li class=\"-s-bullet-point\">Dompte, adoucit et fa\u00e7onne les moustaches<\/li>\n<li>Prot\u00e8ge vos cheveux de la fragilisation et de l'ab\u00eeme<\/li>\n<\/ul>","protected":false},"featured_media":7929,"comment_status":"open","ping_status":"closed","template":"","meta":[],"product_brand":[],"product_cat":[71,213,72,90],"product_tag":[205,202,204,83],"class_list":{"0":"post-20483","1":"product","2":"type-product","3":"status-publish","4":"has-post-thumbnail","6":"product_cat-accessories","7":"product_cat-beard-brush","8":"product_cat-beard-comb","9":"product_cat-hair-care","10":"product_tag-beard","11":"product_tag-boar","12":"product_tag-brush","13":"product_tag-grooming","15":"first","16":"instock","17":"sale","18":"taxable","19":"shipping-taxable","20":"purchasable","21":"product-type-simple"},"yoast_head":"<!-- This site is optimized with the Yoast SEO plugin v27.2 - https:\/\/yoast.com\/product\/yoast-seo-wordpress\/ -->\n<title>Boar Bristle Beard Brush For Men - Grizzly Adam<\/title>\n<meta name=\"robots\" content=\"index, follow, max-snippet:-1, max-image-preview:large, max-video-preview:-1\" \/>\n<link rel=\"canonical\" href=\"https:\/\/grizzlyadam.co.uk\/fr\/produit\/boar-bristle-beard-brush-for-men\/\" \/>\n<meta property=\"og:locale\" content=\"fr_FR\" \/>\n<meta property=\"og:type\" content=\"article\" \/>\n<meta property=\"og:title\" content=\"Boar Bristle Beard Brush For Men - Grizzly Adam\" \/>\n<meta property=\"og:description\" content=\"Ergonomic grip and feel  manufactured to the highest quality using bamboo and real boars hair  Tames, softens and shapes whiskers  Protects your hairs from becoming brittle and damaged\" \/>\n<meta property=\"og:url\" content=\"https:\/\/grizzlyadam.co.uk\/fr\/produit\/boar-bristle-beard-brush-for-men\/\" \/>\n<meta property=\"og:site_name\" content=\"Grizzly Adam\" \/>\n<meta property=\"article:publisher\" content=\"https:\/\/www.facebook.com\/grizzlyadamuk\" \/>\n<meta property=\"article:modified_time\" content=\"2020-11-04T17:43:14+00:00\" \/>\n<meta property=\"og:image\" content=\"https:\/\/project1-mke5mv4jgx.live-website.com\/wp-content\/uploads\/2017\/10\/Natural-Boar-Bristle-Beard-Brush-For-Men-Facial-Face-Massager-Bristle-Hair-Shaving-Brush-Cepillo-Barba-1.jpg\" \/>\n\t<meta property=\"og:image:width\" content=\"1000\" \/>\n\t<meta property=\"og:image:height\" content=\"1000\" \/>\n\t<meta property=\"og:image:type\" content=\"image\/jpeg\" \/>\n<meta name=\"twitter:card\" content=\"summary_large_image\" \/>\n<meta name=\"twitter:site\" content=\"@grizzlyadamuk\" \/>\n<meta name=\"twitter:label1\" content=\"Dur\u00e9e de lecture estim\u00e9e\" \/>\n\t<meta name=\"twitter:data1\" content=\"3 minutes\" \/>\n<script type=\"application\/ld+json\" class=\"yoast-schema-graph\">{\"@context\":\"https:\/\/schema.org\",\"@graph\":[{\"@type\":\"WebPage\",\"@id\":\"https:\/\/grizzlyadam.co.uk\/product\/boar-bristle-beard-brush-for-men\/\",\"url\":\"https:\/\/grizzlyadam.co.uk\/product\/boar-bristle-beard-brush-for-men\/\",\"name\":\"Boar Bristle Beard Brush For Men - Grizzly Adam\",\"isPartOf\":{\"@id\":\"https:\/\/project1-mke5mv4jgx.live-website.com\/#website\"},\"primaryImageOfPage\":{\"@id\":\"https:\/\/grizzlyadam.co.uk\/product\/boar-bristle-beard-brush-for-men\/#primaryimage\"},\"image\":{\"@id\":\"https:\/\/grizzlyadam.co.uk\/product\/boar-bristle-beard-brush-for-men\/#primaryimage\"},\"thumbnailUrl\":\"https:\/\/grizzlyadam.co.uk\/wp-content\/uploads\/2017\/10\/Natural-Boar-Bristle-Beard-Brush-For-Men-Facial-Face-Massager-Bristle-Hair-Shaving-Brush-Cepillo-Barba-1.jpg\",\"datePublished\":\"2020-03-07T10:18:04+00:00\",\"dateModified\":\"2020-11-04T17:43:14+00:00\",\"breadcrumb\":{\"@id\":\"https:\/\/grizzlyadam.co.uk\/product\/boar-bristle-beard-brush-for-men\/#breadcrumb\"},\"inLanguage\":\"fr-FR\",\"potentialAction\":[{\"@type\":\"ReadAction\",\"target\":[\"https:\/\/grizzlyadam.co.uk\/product\/boar-bristle-beard-brush-for-men\/\"]}]},{\"@type\":\"ImageObject\",\"inLanguage\":\"fr-FR\",\"@id\":\"https:\/\/grizzlyadam.co.uk\/product\/boar-bristle-beard-brush-for-men\/#primaryimage\",\"url\":\"https:\/\/grizzlyadam.co.uk\/wp-content\/uploads\/2017\/10\/Natural-Boar-Bristle-Beard-Brush-For-Men-Facial-Face-Massager-Bristle-Hair-Shaving-Brush-Cepillo-Barba-1.jpg\",\"contentUrl\":\"https:\/\/grizzlyadam.co.uk\/wp-content\/uploads\/2017\/10\/Natural-Boar-Bristle-Beard-Brush-For-Men-Facial-Face-Massager-Bristle-Hair-Shaving-Brush-Cepillo-Barba-1.jpg\",\"width\":1000,\"height\":1000},{\"@type\":\"BreadcrumbList\",\"@id\":\"https:\/\/grizzlyadam.co.uk\/product\/boar-bristle-beard-brush-for-men\/#breadcrumb\",\"itemListElement\":[{\"@type\":\"ListItem\",\"position\":1,\"name\":\"Home\",\"item\":\"https:\/\/grizzlyadam.co.uk\/\"},{\"@type\":\"ListItem\",\"position\":2,\"name\":\"Shop\",\"item\":\"https:\/\/project1-mke5mv4jgx.live-website.com\/shop\/\"},{\"@type\":\"ListItem\",\"position\":3,\"name\":\"Boar Bristle Beard Brush For Men\"}]},{\"@type\":\"WebSite\",\"@id\":\"https:\/\/project1-mke5mv4jgx.live-website.com\/#website\",\"url\":\"https:\/\/project1-mke5mv4jgx.live-website.com\/\",\"name\":\"Grizzly Adam\",\"description\":\"Beard Oil And Grooming Products For Gentlemen\",\"publisher\":{\"@id\":\"https:\/\/project1-mke5mv4jgx.live-website.com\/#organization\"},\"potentialAction\":[{\"@type\":\"SearchAction\",\"target\":{\"@type\":\"EntryPoint\",\"urlTemplate\":\"https:\/\/project1-mke5mv4jgx.live-website.com\/?s={search_term_string}\"},\"query-input\":{\"@type\":\"PropertyValueSpecification\",\"valueRequired\":true,\"valueName\":\"search_term_string\"}}],\"inLanguage\":\"fr-FR\"},{\"@type\":\"Organization\",\"@id\":\"https:\/\/project1-mke5mv4jgx.live-website.com\/#organization\",\"name\":\"GRIZZLY ADAM\",\"url\":\"https:\/\/project1-mke5mv4jgx.live-website.com\/\",\"logo\":{\"@type\":\"ImageObject\",\"inLanguage\":\"fr-FR\",\"@id\":\"https:\/\/project1-mke5mv4jgx.live-website.com\/#\/schema\/logo\/image\/\",\"url\":\"https:\/\/grizzlyadam.co.uk\/wp-content\/uploads\/2019\/11\/gadamlogo.png\",\"contentUrl\":\"https:\/\/grizzlyadam.co.uk\/wp-content\/uploads\/2019\/11\/gadamlogo.png\",\"width\":\"200\",\"height\":\"200\",\"caption\":\"GRIZZLY ADAM\"},\"image\":{\"@id\":\"https:\/\/project1-mke5mv4jgx.live-website.com\/#\/schema\/logo\/image\/\"},\"sameAs\":[\"https:\/\/www.facebook.com\/grizzlyadamuk\",\"https:\/\/x.com\/grizzlyadamuk\",\"https:\/\/www.instagram.com\/grizzlyadamuk\/\"]}]}<\/script>\n<!-- \/ Yoast SEO plugin. -->","yoast_head_json":{"title":"Boar Bristle Beard Brush For Men - Grizzly Adam","robots":{"index":"index","follow":"follow","max-snippet":"max-snippet:-1","max-image-preview":"max-image-preview:large","max-video-preview":"max-video-preview:-1"},"canonical":"https:\/\/grizzlyadam.co.uk\/fr\/produit\/boar-bristle-beard-brush-for-men\/","og_locale":"fr_FR","og_type":"article","og_title":"Boar Bristle Beard Brush For Men - Grizzly Adam","og_description":"Ergonomic grip and feel  manufactured to the highest quality using bamboo and real boars hair  Tames, softens and shapes whiskers  Protects your hairs from becoming brittle and damaged","og_url":"https:\/\/grizzlyadam.co.uk\/fr\/produit\/boar-bristle-beard-brush-for-men\/","og_site_name":"Grizzly Adam","article_publisher":"https:\/\/www.facebook.com\/grizzlyadamuk","article_modified_time":"2020-11-04T17:43:14+00:00","og_image":[{"width":1000,"height":1000,"url":"https:\/\/project1-mke5mv4jgx.live-website.com\/wp-content\/uploads\/2017\/10\/Natural-Boar-Bristle-Beard-Brush-For-Men-Facial-Face-Massager-Bristle-Hair-Shaving-Brush-Cepillo-Barba-1.jpg","type":"image\/jpeg"}],"twitter_card":"summary_large_image","twitter_site":"@grizzlyadamuk","twitter_misc":{"Dur\u00e9e de lecture estim\u00e9e":"3 minutes"},"schema":{"@context":"https:\/\/schema.org","@graph":[{"@type":"WebPage","@id":"https:\/\/grizzlyadam.co.uk\/product\/boar-bristle-beard-brush-for-men\/","url":"https:\/\/grizzlyadam.co.uk\/product\/boar-bristle-beard-brush-for-men\/","name":"Boar Bristle Beard Brush For Men - Grizzly Adam","isPartOf":{"@id":"https:\/\/project1-mke5mv4jgx.live-website.com\/#website"},"primaryImageOfPage":{"@id":"https:\/\/grizzlyadam.co.uk\/product\/boar-bristle-beard-brush-for-men\/#primaryimage"},"image":{"@id":"https:\/\/grizzlyadam.co.uk\/product\/boar-bristle-beard-brush-for-men\/#primaryimage"},"thumbnailUrl":"https:\/\/grizzlyadam.co.uk\/wp-content\/uploads\/2017\/10\/Natural-Boar-Bristle-Beard-Brush-For-Men-Facial-Face-Massager-Bristle-Hair-Shaving-Brush-Cepillo-Barba-1.jpg","datePublished":"2020-03-07T10:18:04+00:00","dateModified":"2020-11-04T17:43:14+00:00","breadcrumb":{"@id":"https:\/\/grizzlyadam.co.uk\/product\/boar-bristle-beard-brush-for-men\/#breadcrumb"},"inLanguage":"fr-FR","potentialAction":[{"@type":"ReadAction","target":["https:\/\/grizzlyadam.co.uk\/product\/boar-bristle-beard-brush-for-men\/"]}]},{"@type":"ImageObject","inLanguage":"fr-FR","@id":"https:\/\/grizzlyadam.co.uk\/product\/boar-bristle-beard-brush-for-men\/#primaryimage","url":"https:\/\/grizzlyadam.co.uk\/wp-content\/uploads\/2017\/10\/Natural-Boar-Bristle-Beard-Brush-For-Men-Facial-Face-Massager-Bristle-Hair-Shaving-Brush-Cepillo-Barba-1.jpg","contentUrl":"https:\/\/grizzlyadam.co.uk\/wp-content\/uploads\/2017\/10\/Natural-Boar-Bristle-Beard-Brush-For-Men-Facial-Face-Massager-Bristle-Hair-Shaving-Brush-Cepillo-Barba-1.jpg","width":1000,"height":1000},{"@type":"BreadcrumbList","@id":"https:\/\/grizzlyadam.co.uk\/product\/boar-bristle-beard-brush-for-men\/#breadcrumb","itemListElement":[{"@type":"ListItem","position":1,"name":"Home","item":"https:\/\/grizzlyadam.co.uk\/"},{"@type":"ListItem","position":2,"name":"Shop","item":"https:\/\/project1-mke5mv4jgx.live-website.com\/shop\/"},{"@type":"ListItem","position":3,"name":"Boar Bristle Beard Brush For Men"}]},{"@type":"WebSite","@id":"https:\/\/project1-mke5mv4jgx.live-website.com\/#website","url":"https:\/\/project1-mke5mv4jgx.live-website.com\/","name":"Grizzly Adam","description":"Huile \u00e0 barbe et produits de toilettage pour hommes","publisher":{"@id":"https:\/\/project1-mke5mv4jgx.live-website.com\/#organization"},"potentialAction":[{"@type":"SearchAction","target":{"@type":"EntryPoint","urlTemplate":"https:\/\/project1-mke5mv4jgx.live-website.com\/?s={search_term_string}"},"query-input":{"@type":"PropertyValueSpecification","valueRequired":true,"valueName":"search_term_string"}}],"inLanguage":"fr-FR"},{"@type":"Organization","@id":"https:\/\/project1-mke5mv4jgx.live-website.com\/#organization","name":"GRIZZLY ADAM","url":"https:\/\/project1-mke5mv4jgx.live-website.com\/","logo":{"@type":"ImageObject","inLanguage":"fr-FR","@id":"https:\/\/project1-mke5mv4jgx.live-website.com\/#\/schema\/logo\/image\/","url":"https:\/\/grizzlyadam.co.uk\/wp-content\/uploads\/2019\/11\/gadamlogo.png","contentUrl":"https:\/\/grizzlyadam.co.uk\/wp-content\/uploads\/2019\/11\/gadamlogo.png","width":"200","height":"200","caption":"GRIZZLY ADAM"},"image":{"@id":"https:\/\/project1-mke5mv4jgx.live-website.com\/#\/schema\/logo\/image\/"},"sameAs":["https:\/\/www.facebook.com\/grizzlyadamuk","https:\/\/x.com\/grizzlyadamuk","https:\/\/www.instagram.com\/grizzlyadamuk\/"]}]}},"df_price":12.49,"df_sale_price":12.49,"df_regular_price":14.99,"df_image_link":"https:\/\/grizzlyadam.co.uk\/wp-content\/uploads\/2017\/10\/Natural-Boar-Bristle-Beard-Brush-For-Men-Facial-Face-Massager-Bristle-Hair-Shaving-Brush-Cepillo-Barba-1-300x300.jpg","_links":{"self":[{"href":"https:\/\/grizzlyadam.co.uk\/fr\/wp-json\/wp\/v2\/product\/20483","targetHints":{"allow":["GET"]}}],"collection":[{"href":"https:\/\/grizzlyadam.co.uk\/fr\/wp-json\/wp\/v2\/product"}],"about":[{"href":"https:\/\/grizzlyadam.co.uk\/fr\/wp-json\/wp\/v2\/types\/product"}],"replies":[{"embeddable":true,"href":"https:\/\/grizzlyadam.co.uk\/fr\/wp-json\/wp\/v2\/comments?post=20483"}],"wp:featuredmedia":[{"embeddable":true,"href":"https:\/\/grizzlyadam.co.uk\/fr\/wp-json\/wp\/v2\/media\/7929"}],"wp:attachment":[{"href":"https:\/\/grizzlyadam.co.uk\/fr\/wp-json\/wp\/v2\/media?parent=20483"}],"wp:term":[{"taxonomy":"product_brand","embeddable":true,"href":"https:\/\/grizzlyadam.co.uk\/fr\/wp-json\/wp\/v2\/product_brand?post=20483"},{"taxonomy":"product_cat","embeddable":true,"href":"https:\/\/grizzlyadam.co.uk\/fr\/wp-json\/wp\/v2\/product_cat?post=20483"},{"taxonomy":"product_tag","embeddable":true,"href":"https:\/\/grizzlyadam.co.uk\/fr\/wp-json\/wp\/v2\/product_tag?post=20483"}],"curies":[{"name":"wp","href":"https:\/\/api.w.org\/{rel}","templated":true}]}}