{"id":18850,"date":"2019-12-16T21:24:13","date_gmt":"2019-12-16T21:24:13","guid":{"rendered":"https:\/\/grizzlyadam.co.uk\/?post_type=product&#038;p=18850"},"modified":"2024-10-16T16:53:06","modified_gmt":"2024-10-16T15:53:06","slug":"grizzly-adam-beard-care-kit-with-beard-oil-scissors-and-comb","status":"publish","type":"product","link":"https:\/\/grizzlyadam.co.uk\/fr\/produit\/grizzly-adam-beard-care-kit-with-beard-oil-scissors-and-comb\/","title":{"rendered":"Kit d'entretien de barbe Grizzly Adam avec huile \u00e0 barbe, ciseaux et peigne"},"content":{"rendered":"<p><b>Grizzly Adam Aide \u00e0 prendre soin de votre peau et de votre barbe<\/b><\/p>\n<p>Comprend des ciseaux de barbier professionnels de qualit\u00e9 salon, une huile \u00e0 barbe pure et biologique de 100 ml et un peigne Grizzly Adam Premium, le tout pr\u00e9sent\u00e9 dans un coffret cadeau fait \u00e0 la main.<\/p>\n<p>Les ciseaux Grizzly Adam Razor Edge Hair Cutting Shear sont sp\u00e9cialement con\u00e7us pour des performances \u00e9lev\u00e9es et des r\u00e9sultats de qualit\u00e9. Ils sont indispensables aux barbiers professionnels et aux amateurs d'entretien de la barbe, et permettent d'obtenir des r\u00e9sultats \u00e9l\u00e9gants et sans effort.<\/p>\n<p>L'huile \u00e0 barbe permet d'hydrater votre peau et de prendre soin de votre barbe en m\u00eame temps. Elle apporte de l'huile essentielle \u00e0 votre peau et celle-ci p\u00e9n\u00e8tre dans les follicules de vos poils. Lorsque vos follicules pileux sont bien hydrat\u00e9s, vos cheveux ne se dess\u00e8chent pas et ne deviennent pas cassants. La peau hydrat\u00e9e est douce et lisse et l'utilisation d'une huile \u00e0 barbe permet d'\u00e9viter les d\u00e9mangeaisons et les squames qui peuvent causer de l'inconfort.<\/p>\n<p><b>Simple \u00e0 appliquer<\/b><\/p>\n<p>L'huile de barbe est tr\u00e8s facile \u00e0 appliquer et ne prend que quelques secondes. Vous devez appliquer quelques gouttes dans la paume de votre main, frotter vos mains l'une contre l'autre, puis passer vos doigts dans votre barbe.<\/p>\n<p>Utilisez ensuite le peigne Grizzly Adam pour couvrir votre barbe. L'huile \u00e0 barbe sera absorb\u00e9e en 20 \u00e0 30 minutes et laissera votre barbe avec une belle brillance.<\/p>\n<h2 id=\"title\" class=\"a-size-large a-spacing-none\"><span id=\"productTitle\" class=\"a-size-large\">Coffret cadeau parfait pour les hommes - Huile \u00e0 barbe, ciseaux \u00e0 barbe et peigne \u00e0 barbe id\u00e9al pour le toilettage de la barbe et de la moustache<\/span><\/h2>","protected":false},"excerpt":{"rendered":"<ul class=\"a-vertical a-spacing-none\">\n<li><span class=\"a-list-item\">Plus de \u00a360 si tout est achet\u00e9 s\u00e9par\u00e9ment - Parfait pour remplir les bas de No\u00ebl des hommes \u00e0 barbe ou \u00e0 moustache et serait un cadeau de No\u00ebl bienvenu pour tout homme barbu.<\/span><\/li>\n<li><span class=\"a-list-item\"> 6.5-Inch Professional Hair and Beard Scissors - Ciseaux \u00e0 cheveux \u00e0 lames rasoir avec tension r\u00e9glable et inserts pour les doigts, lames tranchantes pour une coiffure et une taille de la barbe ais\u00e9es<\/span><\/li>\n<li><span class=\"a-list-item\"> PREMIUM BEARD OIL for Men - Gardez votre barbe saine, soign\u00e9e et apprivois\u00e9e naturellement. Hydrate les poils et la peau de la barbe, \u00e9limine les d\u00e9mangeaisons et les pellicules pour une barbe agr\u00e9able et respectable. Utiliser quotidiennement pour un meilleur effet de barbe<\/span><\/li>\n<li><span class=\"a-list-item\"> Les cheveux, les barbes et les moustaches b\u00e9n\u00e9ficieront tous de ce peigne en bois droit, robuste et de style classique. Parfait pour les barbes longues et denses<\/span><\/li>\n<li><span class=\"a-list-item\"> Pourquoi choisir les produits Grizzly Adam ? - Pour quelque raison que ce soit, si vous n'\u00eates pas satisfait de nos produits ou de notre service, contactez-nous et nous ferons le n\u00e9cessaire - Nous avons le MEILLEUR service \u00e0 la client\u00e8le et la meilleure qualit\u00e9 d'huile \u00e0 barbe sur le march\u00e9 aujourd'hui !<\/span><\/li>\n<\/ul>\n<p>&nbsp;<\/p>","protected":false},"featured_media":26835,"comment_status":"closed","ping_status":"closed","template":"","meta":[],"product_brand":[],"product_cat":[72,65,73,251,74,90],"product_tag":[66,303,82,304],"class_list":{"0":"post-18850","1":"product","2":"type-product","3":"status-publish","4":"has-post-thumbnail","6":"product_cat-beard-comb","7":"product_cat-beard-oil","8":"product_cat-beard-scissors","9":"product_cat-bundles","10":"product_cat-grooming-kits","11":"product_cat-hair-care","12":"product_tag-beard-oil","13":"product_tag-beard-kit","14":"product_tag-beard-scissors","15":"product_tag-wooden-comb","17":"first","18":"instock","19":"sale","20":"taxable","21":"shipping-taxable","22":"purchasable","23":"product-type-simple"},"yoast_head":"<!-- This site is optimized with the Yoast SEO plugin v27.4 - https:\/\/yoast.com\/product\/yoast-seo-wordpress\/ -->\n<title>Grizzly Adam Beard Care Kit with Beard Oil, Scissors and Comb - Grizzly Adam<\/title>\n<meta name=\"robots\" content=\"index, follow, max-snippet:-1, max-image-preview:large, max-video-preview:-1\" \/>\n<link rel=\"canonical\" href=\"https:\/\/grizzlyadam.co.uk\/fr\/produit\/grizzly-adam-beard-care-kit-with-beard-oil-scissors-and-comb\/\" \/>\n<meta property=\"og:locale\" content=\"fr_FR\" \/>\n<meta property=\"og:type\" content=\"article\" \/>\n<meta property=\"og:title\" content=\"Grizzly Adam Beard Care Kit with Beard Oil, Scissors and Comb - Grizzly Adam\" \/>\n<meta property=\"og:description\" content=\"Over \u00a360 if all purchased separately - Perfect stocking filler for men with beards or mustaches and would be a welcome Christmas gift to any bearded man   6.5-Inch Professional Hair and Beard Scissors - Razor Edge Hair Cutting Scissors with Adjustable Tension and Finger Inserts, Sharp Blades for Easy Hairstyling and Beard Trimming   PREMIUM BEARD OIL for Men - Keep Your Beard Healthy, Groomed and Tamed Naturally. Moisturizes Beard Hair and Skin, Eliminates Itching and Dandruff (Beard-druff) for a kissable and respectable beard. Use daily for the best beard effect   HAIR, BEARDS, &amp; MUSTACHES will all benefit from the classically styled, sturdy straight wood comb. Perfect for Long Dense Beards   Why Choose Grizzly Adam Products? - Our Products Are Of The Highest Quality Only, So We Offer a 100% Money Back Guarantee To All Of Our Customers.For what ever reason you are not 100% satisfied with our products or service, simply contact us and we will make it right - We have THE BEST Customer Service and the Highest Quality Beard Oil on the market Today!  &nbsp;\" \/>\n<meta property=\"og:url\" content=\"https:\/\/grizzlyadam.co.uk\/fr\/produit\/grizzly-adam-beard-care-kit-with-beard-oil-scissors-and-comb\/\" \/>\n<meta property=\"og:site_name\" content=\"Grizzly Adam\" \/>\n<meta property=\"article:publisher\" content=\"https:\/\/www.facebook.com\/grizzlyadamuk\" \/>\n<meta property=\"article:modified_time\" content=\"2024-10-16T15:53:06+00:00\" \/>\n<meta property=\"og:image\" content=\"https:\/\/project1-mke5mv4jgx.live-website.com\/wp-content\/uploads\/2019\/12\/LS5.png\" \/>\n\t<meta property=\"og:image:width\" content=\"1800\" \/>\n\t<meta property=\"og:image:height\" content=\"1200\" \/>\n\t<meta property=\"og:image:type\" content=\"image\/png\" \/>\n<meta name=\"twitter:card\" content=\"summary_large_image\" \/>\n<meta name=\"twitter:site\" content=\"@grizzlyadamuk\" \/>\n<meta name=\"twitter:label1\" content=\"Dur\u00e9e de lecture estim\u00e9e\" \/>\n\t<meta name=\"twitter:data1\" content=\"2 minutes\" \/>\n<script type=\"application\/ld+json\" class=\"yoast-schema-graph\">{\"@context\":\"https:\\\/\\\/schema.org\",\"@graph\":[{\"@type\":\"WebPage\",\"@id\":\"https:\\\/\\\/grizzlyadam.co.uk\\\/product\\\/grizzly-adam-beard-care-kit-with-beard-oil-scissors-and-comb\\\/\",\"url\":\"https:\\\/\\\/grizzlyadam.co.uk\\\/product\\\/grizzly-adam-beard-care-kit-with-beard-oil-scissors-and-comb\\\/\",\"name\":\"Grizzly Adam Beard Care Kit with Beard Oil, Scissors and Comb - Grizzly Adam\",\"isPartOf\":{\"@id\":\"https:\\\/\\\/project1-mke5mv4jgx.live-website.com\\\/#website\"},\"primaryImageOfPage\":{\"@id\":\"https:\\\/\\\/grizzlyadam.co.uk\\\/product\\\/grizzly-adam-beard-care-kit-with-beard-oil-scissors-and-comb\\\/#primaryimage\"},\"image\":{\"@id\":\"https:\\\/\\\/grizzlyadam.co.uk\\\/product\\\/grizzly-adam-beard-care-kit-with-beard-oil-scissors-and-comb\\\/#primaryimage\"},\"thumbnailUrl\":\"https:\\\/\\\/grizzlyadam.co.uk\\\/wp-content\\\/uploads\\\/2019\\\/12\\\/LS5.png\",\"datePublished\":\"2019-12-16T21:24:13+00:00\",\"dateModified\":\"2024-10-16T15:53:06+00:00\",\"breadcrumb\":{\"@id\":\"https:\\\/\\\/grizzlyadam.co.uk\\\/product\\\/grizzly-adam-beard-care-kit-with-beard-oil-scissors-and-comb\\\/#breadcrumb\"},\"inLanguage\":\"fr-FR\",\"potentialAction\":[{\"@type\":\"ReadAction\",\"target\":[\"https:\\\/\\\/grizzlyadam.co.uk\\\/product\\\/grizzly-adam-beard-care-kit-with-beard-oil-scissors-and-comb\\\/\"]}]},{\"@type\":\"ImageObject\",\"inLanguage\":\"fr-FR\",\"@id\":\"https:\\\/\\\/grizzlyadam.co.uk\\\/product\\\/grizzly-adam-beard-care-kit-with-beard-oil-scissors-and-comb\\\/#primaryimage\",\"url\":\"https:\\\/\\\/grizzlyadam.co.uk\\\/wp-content\\\/uploads\\\/2019\\\/12\\\/LS5.png\",\"contentUrl\":\"https:\\\/\\\/grizzlyadam.co.uk\\\/wp-content\\\/uploads\\\/2019\\\/12\\\/LS5.png\",\"width\":1800,\"height\":1200},{\"@type\":\"BreadcrumbList\",\"@id\":\"https:\\\/\\\/grizzlyadam.co.uk\\\/product\\\/grizzly-adam-beard-care-kit-with-beard-oil-scissors-and-comb\\\/#breadcrumb\",\"itemListElement\":[{\"@type\":\"ListItem\",\"position\":1,\"name\":\"Home\",\"item\":\"https:\\\/\\\/grizzlyadam.co.uk\\\/\"},{\"@type\":\"ListItem\",\"position\":2,\"name\":\"Shop\",\"item\":\"https:\\\/\\\/project1-mke5mv4jgx.live-website.com\\\/shop\\\/\"},{\"@type\":\"ListItem\",\"position\":3,\"name\":\"Grizzly Adam Beard Care Kit with Beard Oil, Scissors and Comb\"}]},{\"@type\":\"WebSite\",\"@id\":\"https:\\\/\\\/project1-mke5mv4jgx.live-website.com\\\/#website\",\"url\":\"https:\\\/\\\/project1-mke5mv4jgx.live-website.com\\\/\",\"name\":\"Grizzly Adam\",\"description\":\"Beard Oil And Grooming Products For Gentlemen\",\"publisher\":{\"@id\":\"https:\\\/\\\/project1-mke5mv4jgx.live-website.com\\\/#organization\"},\"potentialAction\":[{\"@type\":\"SearchAction\",\"target\":{\"@type\":\"EntryPoint\",\"urlTemplate\":\"https:\\\/\\\/project1-mke5mv4jgx.live-website.com\\\/?s={search_term_string}\"},\"query-input\":{\"@type\":\"PropertyValueSpecification\",\"valueRequired\":true,\"valueName\":\"search_term_string\"}}],\"inLanguage\":\"fr-FR\"},{\"@type\":\"Organization\",\"@id\":\"https:\\\/\\\/project1-mke5mv4jgx.live-website.com\\\/#organization\",\"name\":\"GRIZZLY ADAM\",\"url\":\"https:\\\/\\\/project1-mke5mv4jgx.live-website.com\\\/\",\"logo\":{\"@type\":\"ImageObject\",\"inLanguage\":\"fr-FR\",\"@id\":\"https:\\\/\\\/project1-mke5mv4jgx.live-website.com\\\/#\\\/schema\\\/logo\\\/image\\\/\",\"url\":\"https:\\\/\\\/grizzlyadam.co.uk\\\/wp-content\\\/uploads\\\/2019\\\/11\\\/gadamlogo.png\",\"contentUrl\":\"https:\\\/\\\/grizzlyadam.co.uk\\\/wp-content\\\/uploads\\\/2019\\\/11\\\/gadamlogo.png\",\"width\":\"200\",\"height\":\"200\",\"caption\":\"GRIZZLY ADAM\"},\"image\":{\"@id\":\"https:\\\/\\\/project1-mke5mv4jgx.live-website.com\\\/#\\\/schema\\\/logo\\\/image\\\/\"},\"sameAs\":[\"https:\\\/\\\/www.facebook.com\\\/grizzlyadamuk\",\"https:\\\/\\\/x.com\\\/grizzlyadamuk\",\"https:\\\/\\\/www.instagram.com\\\/grizzlyadamuk\\\/\"]}]}<\/script>\n<!-- \/ Yoast SEO plugin. -->","yoast_head_json":{"title":"Grizzly Adam Beard Care Kit with Beard Oil, Scissors and Comb - Grizzly Adam","robots":{"index":"index","follow":"follow","max-snippet":"max-snippet:-1","max-image-preview":"max-image-preview:large","max-video-preview":"max-video-preview:-1"},"canonical":"https:\/\/grizzlyadam.co.uk\/fr\/produit\/grizzly-adam-beard-care-kit-with-beard-oil-scissors-and-comb\/","og_locale":"fr_FR","og_type":"article","og_title":"Grizzly Adam Beard Care Kit with Beard Oil, Scissors and Comb - Grizzly Adam","og_description":"Over \u00a360 if all purchased separately - Perfect stocking filler for men with beards or mustaches and would be a welcome Christmas gift to any bearded man   6.5-Inch Professional Hair and Beard Scissors - Razor Edge Hair Cutting Scissors with Adjustable Tension and Finger Inserts, Sharp Blades for Easy Hairstyling and Beard Trimming   PREMIUM BEARD OIL for Men - Keep Your Beard Healthy, Groomed and Tamed Naturally. Moisturizes Beard Hair and Skin, Eliminates Itching and Dandruff (Beard-druff) for a kissable and respectable beard. Use daily for the best beard effect   HAIR, BEARDS, &amp; MUSTACHES will all benefit from the classically styled, sturdy straight wood comb. Perfect for Long Dense Beards   Why Choose Grizzly Adam Products? - Our Products Are Of The Highest Quality Only, So We Offer a 100% Money Back Guarantee To All Of Our Customers.For what ever reason you are not 100% satisfied with our products or service, simply contact us and we will make it right - We have THE BEST Customer Service and the Highest Quality Beard Oil on the market Today!  &nbsp;","og_url":"https:\/\/grizzlyadam.co.uk\/fr\/produit\/grizzly-adam-beard-care-kit-with-beard-oil-scissors-and-comb\/","og_site_name":"Grizzly Adam","article_publisher":"https:\/\/www.facebook.com\/grizzlyadamuk","article_modified_time":"2024-10-16T15:53:06+00:00","og_image":[{"width":1800,"height":1200,"url":"https:\/\/project1-mke5mv4jgx.live-website.com\/wp-content\/uploads\/2019\/12\/LS5.png","type":"image\/png"}],"twitter_card":"summary_large_image","twitter_site":"@grizzlyadamuk","twitter_misc":{"Dur\u00e9e de lecture estim\u00e9e":"2 minutes"},"schema":{"@context":"https:\/\/schema.org","@graph":[{"@type":"WebPage","@id":"https:\/\/grizzlyadam.co.uk\/product\/grizzly-adam-beard-care-kit-with-beard-oil-scissors-and-comb\/","url":"https:\/\/grizzlyadam.co.uk\/product\/grizzly-adam-beard-care-kit-with-beard-oil-scissors-and-comb\/","name":"Grizzly Adam Beard Care Kit with Beard Oil, Scissors and Comb - Grizzly Adam","isPartOf":{"@id":"https:\/\/project1-mke5mv4jgx.live-website.com\/#website"},"primaryImageOfPage":{"@id":"https:\/\/grizzlyadam.co.uk\/product\/grizzly-adam-beard-care-kit-with-beard-oil-scissors-and-comb\/#primaryimage"},"image":{"@id":"https:\/\/grizzlyadam.co.uk\/product\/grizzly-adam-beard-care-kit-with-beard-oil-scissors-and-comb\/#primaryimage"},"thumbnailUrl":"https:\/\/grizzlyadam.co.uk\/wp-content\/uploads\/2019\/12\/LS5.png","datePublished":"2019-12-16T21:24:13+00:00","dateModified":"2024-10-16T15:53:06+00:00","breadcrumb":{"@id":"https:\/\/grizzlyadam.co.uk\/product\/grizzly-adam-beard-care-kit-with-beard-oil-scissors-and-comb\/#breadcrumb"},"inLanguage":"fr-FR","potentialAction":[{"@type":"ReadAction","target":["https:\/\/grizzlyadam.co.uk\/product\/grizzly-adam-beard-care-kit-with-beard-oil-scissors-and-comb\/"]}]},{"@type":"ImageObject","inLanguage":"fr-FR","@id":"https:\/\/grizzlyadam.co.uk\/product\/grizzly-adam-beard-care-kit-with-beard-oil-scissors-and-comb\/#primaryimage","url":"https:\/\/grizzlyadam.co.uk\/wp-content\/uploads\/2019\/12\/LS5.png","contentUrl":"https:\/\/grizzlyadam.co.uk\/wp-content\/uploads\/2019\/12\/LS5.png","width":1800,"height":1200},{"@type":"BreadcrumbList","@id":"https:\/\/grizzlyadam.co.uk\/product\/grizzly-adam-beard-care-kit-with-beard-oil-scissors-and-comb\/#breadcrumb","itemListElement":[{"@type":"ListItem","position":1,"name":"Home","item":"https:\/\/grizzlyadam.co.uk\/"},{"@type":"ListItem","position":2,"name":"Shop","item":"https:\/\/project1-mke5mv4jgx.live-website.com\/shop\/"},{"@type":"ListItem","position":3,"name":"Grizzly Adam Beard Care Kit with Beard Oil, Scissors and Comb"}]},{"@type":"WebSite","@id":"https:\/\/project1-mke5mv4jgx.live-website.com\/#website","url":"https:\/\/project1-mke5mv4jgx.live-website.com\/","name":"Grizzly Adam","description":"Huile \u00e0 barbe et produits de toilettage pour hommes","publisher":{"@id":"https:\/\/project1-mke5mv4jgx.live-website.com\/#organization"},"potentialAction":[{"@type":"SearchAction","target":{"@type":"EntryPoint","urlTemplate":"https:\/\/project1-mke5mv4jgx.live-website.com\/?s={search_term_string}"},"query-input":{"@type":"PropertyValueSpecification","valueRequired":true,"valueName":"search_term_string"}}],"inLanguage":"fr-FR"},{"@type":"Organization","@id":"https:\/\/project1-mke5mv4jgx.live-website.com\/#organization","name":"GRIZZLY ADAM","url":"https:\/\/project1-mke5mv4jgx.live-website.com\/","logo":{"@type":"ImageObject","inLanguage":"fr-FR","@id":"https:\/\/project1-mke5mv4jgx.live-website.com\/#\/schema\/logo\/image\/","url":"https:\/\/grizzlyadam.co.uk\/wp-content\/uploads\/2019\/11\/gadamlogo.png","contentUrl":"https:\/\/grizzlyadam.co.uk\/wp-content\/uploads\/2019\/11\/gadamlogo.png","width":"200","height":"200","caption":"GRIZZLY ADAM"},"image":{"@id":"https:\/\/project1-mke5mv4jgx.live-website.com\/#\/schema\/logo\/image\/"},"sameAs":["https:\/\/www.facebook.com\/grizzlyadamuk","https:\/\/x.com\/grizzlyadamuk","https:\/\/www.instagram.com\/grizzlyadamuk\/"]}]}},"df_price":39.97,"df_sale_price":39.97,"df_regular_price":59.95,"df_image_link":"https:\/\/grizzlyadam.co.uk\/wp-content\/uploads\/2019\/12\/LS5-300x200.png","_links":{"self":[{"href":"https:\/\/grizzlyadam.co.uk\/fr\/wp-json\/wp\/v2\/product\/18850","targetHints":{"allow":["GET"]}}],"collection":[{"href":"https:\/\/grizzlyadam.co.uk\/fr\/wp-json\/wp\/v2\/product"}],"about":[{"href":"https:\/\/grizzlyadam.co.uk\/fr\/wp-json\/wp\/v2\/types\/product"}],"replies":[{"embeddable":true,"href":"https:\/\/grizzlyadam.co.uk\/fr\/wp-json\/wp\/v2\/comments?post=18850"}],"wp:featuredmedia":[{"embeddable":true,"href":"https:\/\/grizzlyadam.co.uk\/fr\/wp-json\/wp\/v2\/media\/26835"}],"wp:attachment":[{"href":"https:\/\/grizzlyadam.co.uk\/fr\/wp-json\/wp\/v2\/media?parent=18850"}],"wp:term":[{"taxonomy":"product_brand","embeddable":true,"href":"https:\/\/grizzlyadam.co.uk\/fr\/wp-json\/wp\/v2\/product_brand?post=18850"},{"taxonomy":"product_cat","embeddable":true,"href":"https:\/\/grizzlyadam.co.uk\/fr\/wp-json\/wp\/v2\/product_cat?post=18850"},{"taxonomy":"product_tag","embeddable":true,"href":"https:\/\/grizzlyadam.co.uk\/fr\/wp-json\/wp\/v2\/product_tag?post=18850"}],"curies":[{"name":"wp","href":"https:\/\/api.w.org\/{rel}","templated":true}]}}