{"id":162431,"date":"2024-09-26T10:34:31","date_gmt":"2024-09-26T09:34:31","guid":{"rendered":"https:\/\/grizzlyadam.co.uk\/product\/mens-anti-theft-crossbody-sling-bag-with-usb-charging-port-durable-secure-and-stylish-chest-bag\/"},"modified":"2026-02-21T09:51:07","modified_gmt":"2026-02-21T09:51:07","slug":"mens-anti-theft-crossbody-sling-bag-with-usb-charging-port-durable-secure-and-stylish-chest-bag","status":"publish","type":"product","link":"https:\/\/grizzlyadam.co.uk\/fr\/produit\/mens-anti-theft-crossbody-sling-bag-with-usb-charging-port-durable-secure-and-stylish-chest-bag\/","title":{"rendered":"Sac bandouli\u00e8re antivol pour hommes avec port de charge USB - Sac de poitrine durable, s\u00fbr et \u00e9l\u00e9gant"},"content":{"rendered":"<div class=\"detailmodule_html\">\n<div class=\"detail-desc-decorate-richtext\">\n<div style=\"overflow: hidden; height: 0px;\">modname=ckeditor<\/div>\n<div>\n<div>\n<p>Con\u00e7u pour la commodit\u00e9 et la s\u00e9curit\u00e9, ce sac de poitrine polyvalent est dot\u00e9 d'un \u00e9l\u00e9gant syst\u00e8me de verrouillage antivol pour prot\u00e9ger vos objets de valeur lors de vos d\u00e9placements. Qu'il s'agisse de se rendre au travail, de voyager ou d'explorer la ville, sa conception l\u00e9g\u00e8re et compacte permet de le porter confortablement sur la poitrine ou dans le dos.<\/p>\n<p>Con\u00e7u dans un souci de durabilit\u00e9, ce sac en bandouli\u00e8re est dot\u00e9 de mat\u00e9riaux de haute qualit\u00e9 qui r\u00e9sistent \u00e0 l'usure quotidienne. La sangle r\u00e9glable offre un ajustement personnalis\u00e9, tandis que les multiples compartiments offrent suffisamment d'espace pour votre t\u00e9l\u00e9phone, votre portefeuille et d'autres objets essentiels. De plus, le port de charge USB int\u00e9gr\u00e9 vous permet de rester connect\u00e9 et aliment\u00e9, m\u00eame en d\u00e9placement.<\/p>\n<p>Id\u00e9al pour les hommes modernes qui privil\u00e9gient \u00e0 la fois la fonction et la mode, ce sac \u00e0 bandouli\u00e8re offre une solution \u00e9l\u00e9gante pour garder vos objets essentiels organis\u00e9s et s\u00e9curis\u00e9s.<\/p>\n<\/div>\n<div>\n<div><strong style=\"color: #555555;\">- Conception multifonctionnelle :<\/strong><span style=\"color: #555555;\">Ce sac de taille est con\u00e7u pour \u00eatre multifonctionnel, ce qui le rend parfait pour une vari\u00e9t\u00e9 d'occasions.<\/span><\/div>\n<div>\n<div>\n<div>\n<div><\/div>\n<p style=\"text-align: start;\" align=\"start\"><strong>- Caract\u00e9ristiques antivol :<\/strong>Gr\u00e2ce \u00e0 sa conception antivol, ce sac de taille garde vos effets personnels en s\u00e9curit\u00e9 lors de vos d\u00e9placements.<\/p>\n<p style=\"text-align: start;\" align=\"start\"><strong>- Options de transport polyvalentes :<\/strong>Ce sac de taille peut \u00eatre port\u00e9 en bandouli\u00e8re, sur le corps ou sur la poitrine, offrant ainsi des options de transport polyvalentes dans toutes les situations.<\/p>\n<p style=\"text-align: start;\" align=\"start\"><strong>- Mat\u00e9riau durable :<\/strong>Fabriqu\u00e9 en polyester de haute qualit\u00e9, ce sac de taille est durable et con\u00e7u pour durer tout au long de l'aventure.<\/p>\n<div><\/div>\n<\/div>\n<\/div>\n<div><\/div>\n<p><strong><span style=\"font-size: 16px;\">Sp\u00e9cifications :<\/span><\/strong><\/p>\n<div><\/div>\n<p><span style=\"font-size: 16px;\">Styles : Sac de taille transversal<\/span><\/p>\n<div><\/div>\n<p><span style=\"font-size: 16px;\">Mati\u00e8re : Polyester + Nylon<\/span><\/p>\n<div><\/div>\n<p><span style=\"font-size: 16px;\">Couleur : Noir, Marron, Gris<\/span><\/p>\n<div><\/div>\n<p><span style=\"font-size: 16px;\">Taille : 32<\/span>\u00d7<span style=\"font-size: 16px;\">16<\/span>\u00d7<span style=\"font-size: 16px;\">6cm<\/span><\/p>\n<div><\/div>\n<p><span style=\"font-size: 16px;\">Population concern\u00e9e : Hommes\/Femmes<\/span><\/p>\n<div><\/div>\n<p>&nbsp;<\/p>\n<div><\/div>\n<p><strong><span style=\"font-size: 16px;\">Caract\u00e9ristiques :<\/span><\/strong><br \/>\n<span style=\"font-size: 16px;\">1. Ce sac \u00e0 bandouli\u00e8re multifonctionnel est dot\u00e9 de caract\u00e9ristiques antivol pour les d\u00e9placements.<\/span><\/p>\n<div><\/div>\n<p><span style=\"font-size: 16px;\">2. Tissu de haute qualit\u00e9, durable, doux et agr\u00e9able au toucher.<\/span><\/p>\n<div><\/div>\n<p><span style=\"font-size: 16px;\">3. Le port USB de grande capacit\u00e9 peut \u00eatre utilis\u00e9 pour le c\u00e2ble de donn\u00e9es USB.<\/span><\/p>\n<div><\/div>\n<p><span style=\"font-size: 16px;\">4. Type d'application : voyages, v\u00eatements de tous les jours, \u00e9quipement cycliste, etc.<\/span><\/p>\n<div><\/div>\n<p>&nbsp;<\/p>\n<div><\/div>\n<p><strong><span style=\"font-size: 16px;\">Avis :<\/span><\/strong><\/p>\n<div><\/div>\n<p><span style=\"font-size: 16px;\">Les dimensions sont mesur\u00e9es \u00e0 la main, une erreur de 1 \u00e0 3 cm est normale.<\/span><\/p>\n<div><\/div>\n<p>&nbsp;<\/p>\n<div><\/div>\n<p><img decoding=\"async\" src=\"https:\/\/ae01.alicdn.com\/kf\/Sd850c617dfa647d59d10f51ff55102ccd.jpg\" \/><\/p>\n<div><\/div>\n<p><img decoding=\"async\" src=\"https:\/\/ae01.alicdn.com\/kf\/Se18fbc91511b43dfb226daa6eb33a240A.jpg\" \/><img decoding=\"async\" src=\"https:\/\/ae01.alicdn.com\/kf\/S953564c635bd4f21b98cd494652181a8y.jpg\" \/><img decoding=\"async\" src=\"https:\/\/ae01.alicdn.com\/kf\/Sc8a665abed9a4626a7237326250d2c0dv.jpg\" \/><img decoding=\"async\" src=\"https:\/\/ae01.alicdn.com\/kf\/S73074a54e37a488e8bc8093d854e85c2l.jpg\" \/><img decoding=\"async\" src=\"https:\/\/ae01.alicdn.com\/kf\/S0154c04b40df43fc90d304661fc22fc9c.jpg\" \/><img decoding=\"async\" src=\"https:\/\/ae01.alicdn.com\/kf\/Sc41eb041b9d84c929529a447906294eci.jpg\" \/><img decoding=\"async\" src=\"https:\/\/ae01.alicdn.com\/kf\/S9a7114d83af84b55953a78b90d0bcb39V.jpg\" \/><img decoding=\"async\" src=\"https:\/\/ae01.alicdn.com\/kf\/S29c2d3e45391447391c95d0f9df65759V.jpg\" \/><img decoding=\"async\" src=\"https:\/\/ae01.alicdn.com\/kf\/Sdb25b3846d3e4762953714a449687379F.jpg\" \/><img decoding=\"async\" src=\"https:\/\/ae01.alicdn.com\/kf\/S9537bac091ef408a875288d14003f55fe.jpg\" \/><img decoding=\"async\" src=\"https:\/\/ae01.alicdn.com\/kf\/Sf161634c869f43d5b75944ec91f9e783n.jpg\" \/><img decoding=\"async\" src=\"https:\/\/ae01.alicdn.com\/kf\/S022bc671ee514bf885f78ef0806c85835.jpg\" \/><img decoding=\"async\" src=\"https:\/\/ae01.alicdn.com\/kf\/S83ef0a4e7582466ba11034411b79f234G.jpg\" \/><img decoding=\"async\" src=\"https:\/\/ae01.alicdn.com\/kf\/S42cf36b3e08e42a1ad8911628b7eb53bj.jpg\" \/><img decoding=\"async\" src=\"https:\/\/ae01.alicdn.com\/kf\/S9c835a1620ac413383b7da08cb6ff67aH.jpg\" \/><img decoding=\"async\" src=\"https:\/\/ae01.alicdn.com\/kf\/Sc1f162351448419a90f56306b9b450ddg.jpg\" \/><img decoding=\"async\" src=\"https:\/\/ae01.alicdn.com\/kf\/S65923c574efe46a3a3cc4948fe340eafJ.jpg\" \/><img decoding=\"async\" src=\"https:\/\/ae01.alicdn.com\/kf\/Sd77c7fc7c42c41a880773fbd6f01a37ek.jpg\" \/><img decoding=\"async\" src=\"https:\/\/ae01.alicdn.com\/kf\/S2d897cd8c19f408ea93574a68255ce08h.jpg\" \/><img decoding=\"async\" src=\"https:\/\/ae01.alicdn.com\/kf\/S5864b31b6a7d4d88bba352111892117dP.jpg\" \/><img decoding=\"async\" src=\"https:\/\/ae01.alicdn.com\/kf\/S11ba91cfe6ce4f4e94803c10bdd9bdc2b.jpg\" \/><img decoding=\"async\" src=\"https:\/\/ae01.alicdn.com\/kf\/S30fd893dc37048f5881e27321d357f018.jpg\" \/><img decoding=\"async\" src=\"https:\/\/ae01.alicdn.com\/kf\/S04fa19aa9ec44b4b8d09d615172084866.jpg\" \/><img decoding=\"async\" src=\"https:\/\/ae01.alicdn.com\/kf\/S73c549f340664ec2a6cd75d34324f639i.jpg\" \/><img decoding=\"async\" src=\"https:\/\/ae01.alicdn.com\/kf\/S9bb8642ec7774bbabdc66978c41dbfb9R.jpg\" \/><img decoding=\"async\" src=\"https:\/\/ae01.alicdn.com\/kf\/S9e22acdb6d4349c08d01cf576a680569V.jpg\" \/><img decoding=\"async\" src=\"https:\/\/ae01.alicdn.com\/kf\/Sb7f5e2507ca64f5da724597faaf441f5H.jpg\" \/><img decoding=\"async\" src=\"https:\/\/ae01.alicdn.com\/kf\/S8d76fbb2e8624de1bccc8ad470e4f87ds.jpg\" \/><img decoding=\"async\" src=\"https:\/\/ae01.alicdn.com\/kf\/Sc69b2f3f75d642d8b7cdc3dc434ae6915.jpg\" \/><img decoding=\"async\" src=\"https:\/\/ae01.alicdn.com\/kf\/S2abb2d24d0c74617a9410936f2a762c1X.jpg\" \/><\/p>\n<div><\/div>\n<p><img decoding=\"async\" src=\"https:\/\/ae01.alicdn.com\/kf\/S07d2184f6b164abe9dc36554ae9296e7N.jpg\" \/><\/p>\n<div><\/div>\n<\/div>\n<div><\/div>\n<\/div>\n<div>\n<p>&nbsp;<\/p>\n<\/div>\n<\/div>\n<\/div>\n<\/div>\n<p>&nbsp;<\/p>","protected":false},"excerpt":{"rendered":"<ul>\n<li><strong>Spacieux et organis\u00e9 :<\/strong> Plusieurs poches int\u00e9rieures pour tablette 9,7\u2033, t\u00e9l\u00e9phone, portefeuille, cl\u00e9s, etc. Comprend une pochette t\u00e9l\u00e9phone s\u00e9par\u00e9e \u00e0 acc\u00e8s rapide.<\/li>\n<li><strong>Imperm\u00e9able et durable :<\/strong> Fabriqu\u00e9 avec des nanomat\u00e9riaux avanc\u00e9s, ce sac est \u00e0 la fois imperm\u00e9able et r\u00e9sistant aux d\u00e9chirures, gardant vos objets essentiels en s\u00e9curit\u00e9 et au sec dans toutes les conditions.<\/li>\n<li><strong>Pratique et s\u00fbr :<\/strong> \u00c9quip\u00e9 d'un port de charge USB pour l'alimentation en cours de route et d'une serrure \u00e0 combinaison pour prot\u00e9ger vos objets de valeur, ainsi que de bandes r\u00e9fl\u00e9chissantes pour plus de s\u00e9curit\u00e9 la nuit.<\/li>\n<\/ul>","protected":false},"featured_media":162432,"comment_status":"open","ping_status":"closed","template":"","meta":[],"product_brand":[],"product_cat":[71,102],"product_tag":[833,1232,1252],"class_list":{"0":"post-162431","1":"product","2":"type-product","3":"status-publish","4":"has-post-thumbnail","6":"product_cat-accessories","7":"product_cat-apparel","8":"product_tag-multifunctional-bag","9":"product_tag-premium-leather-bag","10":"product_tag-versatile-work-bag","11":"pa_color-black-and-brown","12":"pa_color-blue","13":"pa_color-full-black","14":"pa_color-gray-and-brown","16":"first","17":"instock","18":"sale","19":"taxable","20":"shipping-taxable","21":"purchasable","22":"product-type-variable"},"yoast_head":"<!-- This site is optimized with the Yoast SEO plugin v27.2 - https:\/\/yoast.com\/product\/yoast-seo-wordpress\/ -->\n<title>Men&#039;s Anti-Theft Crossbody Sling Bag with USB Charging Port \u2013 Durable, Secure, and Stylish Chest Bag - Grizzly Adam<\/title>\n<meta name=\"description\" content=\"Discover the ultimate blend of security and style with our Men&#039;s Anti-Theft Crossbody Sling Bag. Featuring a built-in USB charging port, durable design, and secure lock, this chest bag keeps your essentials safe and accessible.\" \/>\n<meta name=\"robots\" content=\"index, follow, max-snippet:-1, max-image-preview:large, max-video-preview:-1\" \/>\n<link rel=\"canonical\" href=\"https:\/\/grizzlyadam.co.uk\/fr\/produit\/mens-anti-theft-crossbody-sling-bag-with-usb-charging-port-durable-secure-and-stylish-chest-bag\/\" \/>\n<meta property=\"og:locale\" content=\"fr_FR\" \/>\n<meta property=\"og:type\" content=\"article\" \/>\n<meta property=\"og:title\" content=\"Men&#039;s Anti-Theft Crossbody Sling Bag with USB Charging Port \u2013 Durable, Secure, and Stylish Chest Bag - Grizzly Adam\" \/>\n<meta property=\"og:description\" content=\"Discover the ultimate blend of security and style with our Men&#039;s Anti-Theft Crossbody Sling Bag. Featuring a built-in USB charging port, durable design, and secure lock, this chest bag keeps your essentials safe and accessible.\" \/>\n<meta property=\"og:url\" content=\"https:\/\/grizzlyadam.co.uk\/fr\/produit\/mens-anti-theft-crossbody-sling-bag-with-usb-charging-port-durable-secure-and-stylish-chest-bag\/\" \/>\n<meta property=\"og:site_name\" content=\"Grizzly Adam\" \/>\n<meta property=\"article:publisher\" content=\"https:\/\/www.facebook.com\/grizzlyadamuk\" \/>\n<meta property=\"article:modified_time\" content=\"2026-02-21T09:51:07+00:00\" \/>\n<meta property=\"og:image\" content=\"https:\/\/project1-mke5mv4jgx.live-website.com\/wp-content\/uploads\/2024\/09\/kf-S233feaef5cb446539c7c649049d60ed0x.webp\" \/>\n\t<meta property=\"og:image:width\" content=\"800\" \/>\n\t<meta property=\"og:image:height\" content=\"800\" \/>\n\t<meta property=\"og:image:type\" content=\"image\/webp\" \/>\n<meta name=\"twitter:card\" content=\"summary_large_image\" \/>\n<meta name=\"twitter:site\" content=\"@grizzlyadamuk\" \/>\n<meta name=\"twitter:label1\" content=\"Dur\u00e9e de lecture estim\u00e9e\" \/>\n\t<meta name=\"twitter:data1\" content=\"8 minutes\" \/>\n<script type=\"application\/ld+json\" class=\"yoast-schema-graph\">{\"@context\":\"https:\/\/schema.org\",\"@graph\":[{\"@type\":\"WebPage\",\"@id\":\"https:\/\/grizzlyadam.co.uk\/product\/mens-anti-theft-crossbody-sling-bag-with-usb-charging-port-durable-secure-and-stylish-chest-bag\/\",\"url\":\"https:\/\/grizzlyadam.co.uk\/product\/mens-anti-theft-crossbody-sling-bag-with-usb-charging-port-durable-secure-and-stylish-chest-bag\/\",\"name\":\"Men's Anti-Theft Crossbody Sling Bag with USB Charging Port \u2013 Durable, Secure, and Stylish Chest Bag - Grizzly Adam\",\"isPartOf\":{\"@id\":\"https:\/\/project1-mke5mv4jgx.live-website.com\/#website\"},\"primaryImageOfPage\":{\"@id\":\"https:\/\/grizzlyadam.co.uk\/product\/mens-anti-theft-crossbody-sling-bag-with-usb-charging-port-durable-secure-and-stylish-chest-bag\/#primaryimage\"},\"image\":{\"@id\":\"https:\/\/grizzlyadam.co.uk\/product\/mens-anti-theft-crossbody-sling-bag-with-usb-charging-port-durable-secure-and-stylish-chest-bag\/#primaryimage\"},\"thumbnailUrl\":\"https:\/\/grizzlyadam.co.uk\/wp-content\/uploads\/2024\/09\/kf-S233feaef5cb446539c7c649049d60ed0x.webp\",\"datePublished\":\"2024-09-26T09:34:31+00:00\",\"dateModified\":\"2026-02-21T09:51:07+00:00\",\"description\":\"Discover the ultimate blend of security and style with our Men's Anti-Theft Crossbody Sling Bag. Featuring a built-in USB charging port, durable design, and secure lock, this chest bag keeps your essentials safe and accessible.\",\"breadcrumb\":{\"@id\":\"https:\/\/grizzlyadam.co.uk\/product\/mens-anti-theft-crossbody-sling-bag-with-usb-charging-port-durable-secure-and-stylish-chest-bag\/#breadcrumb\"},\"inLanguage\":\"fr-FR\",\"potentialAction\":[{\"@type\":\"ReadAction\",\"target\":[\"https:\/\/grizzlyadam.co.uk\/product\/mens-anti-theft-crossbody-sling-bag-with-usb-charging-port-durable-secure-and-stylish-chest-bag\/\"]}]},{\"@type\":\"ImageObject\",\"inLanguage\":\"fr-FR\",\"@id\":\"https:\/\/grizzlyadam.co.uk\/product\/mens-anti-theft-crossbody-sling-bag-with-usb-charging-port-durable-secure-and-stylish-chest-bag\/#primaryimage\",\"url\":\"https:\/\/grizzlyadam.co.uk\/wp-content\/uploads\/2024\/09\/kf-S233feaef5cb446539c7c649049d60ed0x.webp\",\"contentUrl\":\"https:\/\/grizzlyadam.co.uk\/wp-content\/uploads\/2024\/09\/kf-S233feaef5cb446539c7c649049d60ed0x.webp\",\"width\":800,\"height\":800},{\"@type\":\"BreadcrumbList\",\"@id\":\"https:\/\/grizzlyadam.co.uk\/product\/mens-anti-theft-crossbody-sling-bag-with-usb-charging-port-durable-secure-and-stylish-chest-bag\/#breadcrumb\",\"itemListElement\":[{\"@type\":\"ListItem\",\"position\":1,\"name\":\"Home\",\"item\":\"https:\/\/grizzlyadam.co.uk\/\"},{\"@type\":\"ListItem\",\"position\":2,\"name\":\"Shop\",\"item\":\"https:\/\/project1-mke5mv4jgx.live-website.com\/shop\/\"},{\"@type\":\"ListItem\",\"position\":3,\"name\":\"Men&#8217;s Anti-Theft Crossbody Sling Bag with USB Charging Port \u2013 Durable, Secure, and Stylish Chest Bag\"}]},{\"@type\":\"WebSite\",\"@id\":\"https:\/\/project1-mke5mv4jgx.live-website.com\/#website\",\"url\":\"https:\/\/project1-mke5mv4jgx.live-website.com\/\",\"name\":\"Grizzly Adam\",\"description\":\"Beard Oil And Grooming Products For Gentlemen\",\"publisher\":{\"@id\":\"https:\/\/project1-mke5mv4jgx.live-website.com\/#organization\"},\"potentialAction\":[{\"@type\":\"SearchAction\",\"target\":{\"@type\":\"EntryPoint\",\"urlTemplate\":\"https:\/\/project1-mke5mv4jgx.live-website.com\/?s={search_term_string}\"},\"query-input\":{\"@type\":\"PropertyValueSpecification\",\"valueRequired\":true,\"valueName\":\"search_term_string\"}}],\"inLanguage\":\"fr-FR\"},{\"@type\":\"Organization\",\"@id\":\"https:\/\/project1-mke5mv4jgx.live-website.com\/#organization\",\"name\":\"GRIZZLY ADAM\",\"url\":\"https:\/\/project1-mke5mv4jgx.live-website.com\/\",\"logo\":{\"@type\":\"ImageObject\",\"inLanguage\":\"fr-FR\",\"@id\":\"https:\/\/project1-mke5mv4jgx.live-website.com\/#\/schema\/logo\/image\/\",\"url\":\"https:\/\/grizzlyadam.co.uk\/wp-content\/uploads\/2019\/11\/gadamlogo.png\",\"contentUrl\":\"https:\/\/grizzlyadam.co.uk\/wp-content\/uploads\/2019\/11\/gadamlogo.png\",\"width\":\"200\",\"height\":\"200\",\"caption\":\"GRIZZLY ADAM\"},\"image\":{\"@id\":\"https:\/\/project1-mke5mv4jgx.live-website.com\/#\/schema\/logo\/image\/\"},\"sameAs\":[\"https:\/\/www.facebook.com\/grizzlyadamuk\",\"https:\/\/x.com\/grizzlyadamuk\",\"https:\/\/www.instagram.com\/grizzlyadamuk\/\"]}]}<\/script>\n<!-- \/ Yoast SEO plugin. -->","yoast_head_json":{"title":"Men's Anti-Theft Crossbody Sling Bag with USB Charging Port \u2013 Durable, Secure, and Stylish Chest Bag - Grizzly Adam","description":"Discover the ultimate blend of security and style with our Men's Anti-Theft Crossbody Sling Bag. Featuring a built-in USB charging port, durable design, and secure lock, this chest bag keeps your essentials safe and accessible.","robots":{"index":"index","follow":"follow","max-snippet":"max-snippet:-1","max-image-preview":"max-image-preview:large","max-video-preview":"max-video-preview:-1"},"canonical":"https:\/\/grizzlyadam.co.uk\/fr\/produit\/mens-anti-theft-crossbody-sling-bag-with-usb-charging-port-durable-secure-and-stylish-chest-bag\/","og_locale":"fr_FR","og_type":"article","og_title":"Men's Anti-Theft Crossbody Sling Bag with USB Charging Port \u2013 Durable, Secure, and Stylish Chest Bag - Grizzly Adam","og_description":"Discover the ultimate blend of security and style with our Men's Anti-Theft Crossbody Sling Bag. Featuring a built-in USB charging port, durable design, and secure lock, this chest bag keeps your essentials safe and accessible.","og_url":"https:\/\/grizzlyadam.co.uk\/fr\/produit\/mens-anti-theft-crossbody-sling-bag-with-usb-charging-port-durable-secure-and-stylish-chest-bag\/","og_site_name":"Grizzly Adam","article_publisher":"https:\/\/www.facebook.com\/grizzlyadamuk","article_modified_time":"2026-02-21T09:51:07+00:00","og_image":[{"width":800,"height":800,"url":"https:\/\/project1-mke5mv4jgx.live-website.com\/wp-content\/uploads\/2024\/09\/kf-S233feaef5cb446539c7c649049d60ed0x.webp","type":"image\/webp"}],"twitter_card":"summary_large_image","twitter_site":"@grizzlyadamuk","twitter_misc":{"Dur\u00e9e de lecture estim\u00e9e":"8 minutes"},"schema":{"@context":"https:\/\/schema.org","@graph":[{"@type":"WebPage","@id":"https:\/\/grizzlyadam.co.uk\/product\/mens-anti-theft-crossbody-sling-bag-with-usb-charging-port-durable-secure-and-stylish-chest-bag\/","url":"https:\/\/grizzlyadam.co.uk\/product\/mens-anti-theft-crossbody-sling-bag-with-usb-charging-port-durable-secure-and-stylish-chest-bag\/","name":"Men's Anti-Theft Crossbody Sling Bag with USB Charging Port \u2013 Durable, Secure, and Stylish Chest Bag - Grizzly Adam","isPartOf":{"@id":"https:\/\/project1-mke5mv4jgx.live-website.com\/#website"},"primaryImageOfPage":{"@id":"https:\/\/grizzlyadam.co.uk\/product\/mens-anti-theft-crossbody-sling-bag-with-usb-charging-port-durable-secure-and-stylish-chest-bag\/#primaryimage"},"image":{"@id":"https:\/\/grizzlyadam.co.uk\/product\/mens-anti-theft-crossbody-sling-bag-with-usb-charging-port-durable-secure-and-stylish-chest-bag\/#primaryimage"},"thumbnailUrl":"https:\/\/grizzlyadam.co.uk\/wp-content\/uploads\/2024\/09\/kf-S233feaef5cb446539c7c649049d60ed0x.webp","datePublished":"2024-09-26T09:34:31+00:00","dateModified":"2026-02-21T09:51:07+00:00","description":"Discover the ultimate blend of security and style with our Men's Anti-Theft Crossbody Sling Bag. Featuring a built-in USB charging port, durable design, and secure lock, this chest bag keeps your essentials safe and accessible.","breadcrumb":{"@id":"https:\/\/grizzlyadam.co.uk\/product\/mens-anti-theft-crossbody-sling-bag-with-usb-charging-port-durable-secure-and-stylish-chest-bag\/#breadcrumb"},"inLanguage":"fr-FR","potentialAction":[{"@type":"ReadAction","target":["https:\/\/grizzlyadam.co.uk\/product\/mens-anti-theft-crossbody-sling-bag-with-usb-charging-port-durable-secure-and-stylish-chest-bag\/"]}]},{"@type":"ImageObject","inLanguage":"fr-FR","@id":"https:\/\/grizzlyadam.co.uk\/product\/mens-anti-theft-crossbody-sling-bag-with-usb-charging-port-durable-secure-and-stylish-chest-bag\/#primaryimage","url":"https:\/\/grizzlyadam.co.uk\/wp-content\/uploads\/2024\/09\/kf-S233feaef5cb446539c7c649049d60ed0x.webp","contentUrl":"https:\/\/grizzlyadam.co.uk\/wp-content\/uploads\/2024\/09\/kf-S233feaef5cb446539c7c649049d60ed0x.webp","width":800,"height":800},{"@type":"BreadcrumbList","@id":"https:\/\/grizzlyadam.co.uk\/product\/mens-anti-theft-crossbody-sling-bag-with-usb-charging-port-durable-secure-and-stylish-chest-bag\/#breadcrumb","itemListElement":[{"@type":"ListItem","position":1,"name":"Home","item":"https:\/\/grizzlyadam.co.uk\/"},{"@type":"ListItem","position":2,"name":"Shop","item":"https:\/\/project1-mke5mv4jgx.live-website.com\/shop\/"},{"@type":"ListItem","position":3,"name":"Men&#8217;s Anti-Theft Crossbody Sling Bag with USB Charging Port \u2013 Durable, Secure, and Stylish Chest Bag"}]},{"@type":"WebSite","@id":"https:\/\/project1-mke5mv4jgx.live-website.com\/#website","url":"https:\/\/project1-mke5mv4jgx.live-website.com\/","name":"Grizzly Adam","description":"Huile \u00e0 barbe et produits de toilettage pour hommes","publisher":{"@id":"https:\/\/project1-mke5mv4jgx.live-website.com\/#organization"},"potentialAction":[{"@type":"SearchAction","target":{"@type":"EntryPoint","urlTemplate":"https:\/\/project1-mke5mv4jgx.live-website.com\/?s={search_term_string}"},"query-input":{"@type":"PropertyValueSpecification","valueRequired":true,"valueName":"search_term_string"}}],"inLanguage":"fr-FR"},{"@type":"Organization","@id":"https:\/\/project1-mke5mv4jgx.live-website.com\/#organization","name":"GRIZZLY ADAM","url":"https:\/\/project1-mke5mv4jgx.live-website.com\/","logo":{"@type":"ImageObject","inLanguage":"fr-FR","@id":"https:\/\/project1-mke5mv4jgx.live-website.com\/#\/schema\/logo\/image\/","url":"https:\/\/grizzlyadam.co.uk\/wp-content\/uploads\/2019\/11\/gadamlogo.png","contentUrl":"https:\/\/grizzlyadam.co.uk\/wp-content\/uploads\/2019\/11\/gadamlogo.png","width":"200","height":"200","caption":"GRIZZLY ADAM"},"image":{"@id":"https:\/\/project1-mke5mv4jgx.live-website.com\/#\/schema\/logo\/image\/"},"sameAs":["https:\/\/www.facebook.com\/grizzlyadamuk","https:\/\/x.com\/grizzlyadamuk","https:\/\/www.instagram.com\/grizzlyadamuk\/"]}]}},"df_price":18.99,"df_sale_price":"","df_regular_price":18.99,"df_image_link":"https:\/\/grizzlyadam.co.uk\/wp-content\/uploads\/2024\/09\/kf-S233feaef5cb446539c7c649049d60ed0x-300x300.webp","_links":{"self":[{"href":"https:\/\/grizzlyadam.co.uk\/fr\/wp-json\/wp\/v2\/product\/162431","targetHints":{"allow":["GET"]}}],"collection":[{"href":"https:\/\/grizzlyadam.co.uk\/fr\/wp-json\/wp\/v2\/product"}],"about":[{"href":"https:\/\/grizzlyadam.co.uk\/fr\/wp-json\/wp\/v2\/types\/product"}],"replies":[{"embeddable":true,"href":"https:\/\/grizzlyadam.co.uk\/fr\/wp-json\/wp\/v2\/comments?post=162431"}],"wp:featuredmedia":[{"embeddable":true,"href":"https:\/\/grizzlyadam.co.uk\/fr\/wp-json\/wp\/v2\/media\/162432"}],"wp:attachment":[{"href":"https:\/\/grizzlyadam.co.uk\/fr\/wp-json\/wp\/v2\/media?parent=162431"}],"wp:term":[{"taxonomy":"product_brand","embeddable":true,"href":"https:\/\/grizzlyadam.co.uk\/fr\/wp-json\/wp\/v2\/product_brand?post=162431"},{"taxonomy":"product_cat","embeddable":true,"href":"https:\/\/grizzlyadam.co.uk\/fr\/wp-json\/wp\/v2\/product_cat?post=162431"},{"taxonomy":"product_tag","embeddable":true,"href":"https:\/\/grizzlyadam.co.uk\/fr\/wp-json\/wp\/v2\/product_tag?post=162431"}],"curies":[{"name":"wp","href":"https:\/\/api.w.org\/{rel}","templated":true}]}}