{"id":160678,"date":"2024-07-27T16:38:57","date_gmt":"2024-07-27T15:38:57","guid":{"rendered":"https:\/\/grizzlyadam.co.uk\/?post_type=product&#038;p=160678"},"modified":"2025-11-16T03:53:35","modified_gmt":"2025-11-16T03:53:35","slug":"derma-roller-for-skin-beard-hair-premium-540-titanium-needles","status":"publish","type":"product","link":"https:\/\/grizzlyadam.co.uk\/fr\/produit\/derma-roller-for-skin-beard-hair-premium-540-titanium-needles\/","title":{"rendered":"Derma Roller pour la peau, la barbe et les cheveux - aiguilles en titane 540 de premi\u00e8re qualit\u00e9"},"content":{"rendered":"<div class=\"product-specs-list-container\">\n<h1 style=\"text-align: center;\"><span style=\"font-size: 140%; color: #282828;\">D\u00e9couvrez le secret d'une barbe plus saine et plus \u00e9paisse gr\u00e2ce \u00e0 notre Derma Roller \u00e0 barbe. <\/span><\/h1>\n<p><span style=\"font-size: 140%; color: #282828;\">Con\u00e7u sp\u00e9cialement pour les hommes, ce roller de qualit\u00e9 sup\u00e9rieure comporte 540 aiguilles en titane de haute qualit\u00e9, disponibles en 0,2 mm, 0,25 mm et 0,3 mm de longueur, pour une utilisation s\u00fbre et indolore. Voir le guide d'utilisation ci-dessous.<\/span><\/p>\n<p><span style=\"font-size: 140%; color: #282828;\">Il est parfait pour une utilisation \u00e0 domicile, vous permettant de vous soigner efficacement et sans effort tout en maximisant l'efficacit\u00e9 de vos produits de soin pr\u00e9f\u00e9r\u00e9s. Avec son design \u00e9l\u00e9gant noir et blanc, il est \u00e9galement livr\u00e9 avec un \u00e9tui de rangement pratique, facilitant son entretien et son transport. <\/span><\/p>\n<p><span style=\"font-size: 140%; color: #282828;\">Dites adieu aux traitements co\u00fbteux en salon et bonjour \u00e0 une solution plus abordable et plus efficace pour la croissance de la barbe et le soin de la peau.<\/span><\/p>\n<\/div>\n<div class=\"detailmodule_dynamic\"><img decoding=\"async\" style=\"color: #555555;\" src=\"https:\/\/ae01.alicdn.com\/kf\/Ha16ee3fd4e2a4ef3b4a2dda0f7020681g.jpg\" \/><img decoding=\"async\" style=\"color: #555555;\" src=\"https:\/\/ae01.alicdn.com\/kf\/H4066cabfee0246519bd1d2b0aa990fdfJ.jpg\" \/><img decoding=\"async\" style=\"color: #555555;\" src=\"https:\/\/ae01.alicdn.com\/kf\/H5dedacc0fd6d4eef86b73af6fb3f5067S.jpg\" \/><img decoding=\"async\" style=\"color: #555555;\" src=\"https:\/\/ae01.alicdn.com\/kf\/H5e02cf99384544e09974291c39dc377dA.jpg\" \/><img decoding=\"async\" style=\"color: #555555;\" src=\"https:\/\/ae01.alicdn.com\/kf\/H57419757b35d41cfadce33f055cd107ef.jpg\" \/><\/div>\n<div><\/div>\n<div>\n<h2><strong>Guide d'utilisation du dermo-rouleau en fonction de la taille des aiguilles (0,2 mm, 0,25 mm, 0,3 mm)<\/strong><\/h2>\n<p><span style=\"font-size: 140%;\">Le dermo-rouleau est un outil polyvalent con\u00e7u pour favoriser la pousse de la barbe, am\u00e9liorer l'\u00e9tat de la peau et maximiser l'absorption des produits de soin. Selon la taille de l'aiguille, le dermo-rouleau peut \u00eatre utilis\u00e9 \u00e0 diff\u00e9rentes fins. <\/span><\/p>\n<p><span style=\"font-size: 140%;\">Ce guide fournit des instructions d\u00e9taill\u00e9es sur l'utilisation efficace et s\u00fbre du derma roller avec des aiguilles de 0,2 mm, 0,25 mm et 0,3 mm.<\/span><\/p>\n<h3><span style=\"font-size: 140%;\"><strong>Aiguille de 0,2 mm<\/strong><\/span><\/h3>\n<p><span style=\"font-size: 140%;\"><strong>Objet :<\/strong><\/span><\/p>\n<ul>\n<li><span style=\"font-size: 140%;\">Am\u00e9liore l'absorption des produits de soin<\/span><\/li>\n<li><span style=\"font-size: 140%;\">Am\u00e9liore l'\u00e9tat de la peau<\/span><\/li>\n<li><span style=\"font-size: 140%;\">Convient pour les lignes tr\u00e8s fines autour des zones sensibles<\/span><\/li>\n<\/ul>\n<p><span style=\"font-size: 140%;\"><strong>Instructions d'utilisation :<\/strong><\/span><\/p>\n<ol>\n<li><span style=\"font-size: 140%;\"><strong>Pr\u00e9paration :<\/strong><\/span>\n<ul>\n<li><span style=\"font-size: 140%;\">Nettoyez soigneusement votre visage et votre barbe avec un nettoyant doux.<\/span><\/li>\n<li><span style=\"font-size: 140%;\">D\u00e9sinfecter le dermo-rouleau avec de l'alcool \u00e0 friction ou une solution st\u00e9rilisante sp\u00e9cialis\u00e9e.<\/span><\/li>\n<\/ul>\n<\/li>\n<li><span style=\"font-size: 140%;\"><strong>Application :<\/strong><\/span>\n<ul>\n<li><span style=\"font-size: 140%;\">Passez doucement le dermo-rouleau sur la zone cibl\u00e9e (barbe, visage) \u00e0 la verticale, \u00e0 l'horizontale et en diagonale. Rouler 5 \u00e0 10 fois dans chaque direction.<\/span><\/li>\n<li><span style=\"font-size: 140%;\">\u00c9vitez d'exercer une pression trop forte pour ne pas irriter la peau.<\/span><\/li>\n<\/ul>\n<\/li>\n<li><span style=\"font-size: 140%;\"><strong>Apr\u00e8s la demande :<\/strong><\/span>\n<ul>\n<li><span style=\"font-size: 140%;\">Appliquez votre s\u00e9rum ou votre cr\u00e8me hydratante pr\u00e9f\u00e9r\u00e9e pour maximiser l'absorption.<\/span><\/li>\n<li><span style=\"font-size: 140%;\">D\u00e9sinfectez \u00e0 nouveau le dermo-rouleau et rangez-le dans l'\u00e9tui de rangement fourni.<\/span><\/li>\n<\/ul>\n<\/li>\n<\/ol>\n<p><span style=\"font-size: 140%;\"><strong>Fr\u00e9quence :<\/strong><\/span><\/p>\n<ul>\n<li><span style=\"font-size: 140%;\">Utiliser 2 \u00e0 3 fois par semaine pour des r\u00e9sultats optimaux.<\/span><\/li>\n<\/ul>\n<h3><span style=\"font-size: 140%;\"><strong>Aiguille de 0,25 mm<\/strong><\/span><\/h3>\n<p><span style=\"font-size: 140%;\"><strong>Objet :<\/strong><\/span><\/p>\n<ul>\n<li><span style=\"font-size: 140%;\">Am\u00e9liore l'absorption des soins de la peau<\/span><\/li>\n<li><span style=\"font-size: 140%;\">Am\u00e9liore l'\u00e9tat g\u00e9n\u00e9ral de la peau<\/span><\/li>\n<li><span style=\"font-size: 140%;\">Convient aux ridules et aux imperfections mineures de la peau<\/span><\/li>\n<\/ul>\n<p><span style=\"font-size: 140%;\"><strong>Instructions d'utilisation :<\/strong><\/span><\/p>\n<ol>\n<li><span style=\"font-size: 140%;\"><strong>Pr\u00e9paration :<\/strong><\/span>\n<ul>\n<li><span style=\"font-size: 140%;\">Suivez les m\u00eames \u00e9tapes de pr\u00e9paration que pour l'aiguille de 0,2 mm.<\/span><\/li>\n<\/ul>\n<\/li>\n<li><span style=\"font-size: 140%;\"><strong>Application :<\/strong><\/span>\n<ul>\n<li><span style=\"font-size: 140%;\">Faites rouler le dermo-rouleau sur la zone souhait\u00e9e en exer\u00e7ant une l\u00e9g\u00e8re pression. Rouler verticalement, horizontalement et en diagonale 5 \u00e0 10 fois chacun.<\/span><\/li>\n<li><span style=\"font-size: 140%;\">Concentrez-vous sur les zones pr\u00e9sentant des ridules ou sur celles o\u00f9 vous souhaitez am\u00e9liorer l'absorption du produit.<\/span><\/li>\n<\/ul>\n<\/li>\n<li><span style=\"font-size: 140%;\"><strong>Apr\u00e8s la demande :<\/strong><\/span>\n<ul>\n<li><span style=\"font-size: 140%;\">Appliquez le s\u00e9rum ou la cr\u00e8me hydratante de votre choix pour am\u00e9liorer les r\u00e9sultats.<\/span><\/li>\n<li><span style=\"font-size: 140%;\">Nettoyez et rangez correctement le dermo-rouleau.<\/span><\/li>\n<\/ul>\n<\/li>\n<\/ol>\n<p><span style=\"font-size: 140%;\"><strong>Fr\u00e9quence :<\/strong><\/span><\/p>\n<ul>\n<li><span style=\"font-size: 140%;\">Utiliser 2 \u00e0 3 fois par semaine, en pr\u00e9voyant au moins un jour de repos entre les s\u00e9ances.<\/span><\/li>\n<\/ul>\n<h3><span style=\"font-size: 140%;\"><strong>Aiguille de 0,3 mm<\/strong><\/span><\/h3>\n<p><span style=\"font-size: 140%;\"><strong>Objet :<\/strong><\/span><\/p>\n<ul>\n<li><span style=\"font-size: 140%;\">Am\u00e9liore l'absorption des soins de la peau<\/span><\/li>\n<li><span style=\"font-size: 140%;\">Traite les lignes tr\u00e8s fines et les imperfections mineures<\/span><\/li>\n<li><span style=\"font-size: 140%;\">Aide \u00e0 pr\u00e9venir la chute des cheveux et favorise la pousse de la barbe<\/span><\/li>\n<\/ul>\n<p><span style=\"font-size: 140%;\"><strong>Instructions d'utilisation :<\/strong><\/span><\/p>\n<ol>\n<li><span style=\"font-size: 140%;\"><strong>Pr\u00e9paration :<\/strong><\/span>\n<ul>\n<li><span style=\"font-size: 140%;\">Nettoyez soigneusement votre peau et votre barbe.<\/span><\/li>\n<li><span style=\"font-size: 140%;\">D\u00e9sinfecter le dermo-rouleau avant de l'utiliser.<\/span><\/li>\n<\/ul>\n<\/li>\n<li><span style=\"font-size: 140%;\"><strong>Application :<\/strong><\/span>\n<ul>\n<li><span style=\"font-size: 140%;\">Faire rouler le dermo-rouleau sur la zone cibl\u00e9e en exer\u00e7ant une l\u00e9g\u00e8re pression. Rouler verticalement, horizontalement et en diagonale 5 \u00e0 10 fois chacun.<\/span><\/li>\n<li><span style=\"font-size: 140%;\">Accordez une attention particuli\u00e8re aux zones pr\u00e9sentant des ridules, des cheveux clairsem\u00e9s ou \u00e0 celles o\u00f9 vous souhaitez stimuler la croissance de la barbe.<\/span><\/li>\n<\/ul>\n<\/li>\n<li><span style=\"font-size: 140%;\"><strong>Apr\u00e8s la demande :<\/strong><\/span>\n<ul>\n<li><span style=\"font-size: 140%;\">Appliquez un s\u00e9rum ou une cr\u00e8me hydratante nourrissante pour apaiser la peau et favoriser son absorption.<\/span><\/li>\n<li><span style=\"font-size: 140%;\">St\u00e9riliser le dermo-rouleau et le ranger en toute s\u00e9curit\u00e9 dans l'\u00e9tui de rangement.<\/span><\/li>\n<\/ul>\n<\/li>\n<\/ol>\n<p><span style=\"font-size: 140%;\"><strong>Fr\u00e9quence :<\/strong><\/span><\/p>\n<ul>\n<li><span style=\"font-size: 140%;\">Utiliser 2 fois par semaine, en laissant \u00e0 la peau le temps de se reposer et de se r\u00e9parer entre les s\u00e9ances.<\/span><\/li>\n<\/ul>\n<h3><span style=\"font-size: 140%;\"><strong>Conseils g\u00e9n\u00e9raux :<\/strong><\/span><\/h3>\n<ul>\n<li><span style=\"font-size: 140%;\"><strong>Assainissement :<\/strong> Il faut toujours d\u00e9sinfecter le dermo-rouleau avant et apr\u00e8s chaque utilisation pour \u00e9viter les infections.<\/span><\/li>\n<li><span style=\"font-size: 140%;\"><strong>Pression :<\/strong> Exercer une l\u00e9g\u00e8re pression pour \u00e9viter d'irriter ou d'endommager la peau.<\/span><\/li>\n<li><span style=\"font-size: 140%;\"><strong>P\u00e9riode de repos :<\/strong> Laissez votre peau se reposer entre les s\u00e9ances pour favoriser la gu\u00e9rison et l'efficacit\u00e9.<\/span><\/li>\n<li><span style=\"font-size: 140%;\"><strong>Stockage :<\/strong> Conservez le dermo-rouleau dans un endroit propre et sec, de pr\u00e9f\u00e9rence dans l'\u00e9tui de rangement fourni.<\/span><\/li>\n<\/ul>\n<h3><span style=\"font-size: 140%;\"><strong>Pr\u00e9cautions :<\/strong><\/span><\/h3>\n<ul>\n<li><span style=\"font-size: 140%;\">Ne pas utiliser le dermo-rouleau sur une peau ab\u00eem\u00e9e, irrit\u00e9e ou infect\u00e9e.<\/span><\/li>\n<li><span style=\"font-size: 140%;\">\u00c9vitez de vous exposer au soleil imm\u00e9diatement apr\u00e8s avoir utilis\u00e9 le derma-rouleau.<\/span><\/li>\n<li><span style=\"font-size: 140%;\">Consultez un dermatologue si vous avez des probl\u00e8mes de peau ou des pr\u00e9occupations avant d'utiliser le derma roller.<\/span><\/li>\n<\/ul>\n<p><span style=\"font-size: 140%;\">En suivant ce guide, vous pouvez utiliser votre derma-rouleau de mani\u00e8re s\u00fbre et efficace pour obtenir une peau plus saine et une barbe plus \u00e9paisse et plus robuste.<\/span><\/p>\n<\/div>\n<div><\/div>\n<div><\/div>\n<div><\/div>\n<div class=\"detailmodule_dynamic\"><img loading=\"lazy\" decoding=\"async\" class=\"\" style=\"color: #555555;\" src=\"https:\/\/ae01.alicdn.com\/kf\/H51e29ed10ec44b7a8dc2a973b1802a44S.jpg\" width=\"911\" height=\"911\" \/><\/div>","protected":false},"excerpt":{"rendered":"<ul>\n<li>\ud83c\udf1f <strong>Croissance de la barbe sans effort<\/strong>: Favorisez une barbe plus saine et plus \u00e9paisse gr\u00e2ce \u00e0 notre dermo-rouleau facile \u00e0 utiliser.<\/li>\n<li>\ud83d\udcbc <strong>Pratique et portable<\/strong>: Comprend un \u00e9tui de rangement, parfait pour la maison et les voyages.<\/li>\n<li>\ud83d\udcb8 <strong>Gagner du temps et de l'argent<\/strong>: Obtenez des r\u00e9sultats professionnels pour une fraction du co\u00fbt, dans le confort de votre maison.<\/li>\n<\/ul>","protected":false},"featured_media":160679,"comment_status":"open","ping_status":"closed","template":"","meta":[],"product_brand":[],"product_cat":[71,250,90],"product_tag":[80,231,1041,1045,1043,1047,1042,1044,868,1046],"class_list":{"0":"post-160678","1":"product","2":"type-product","3":"status-publish","4":"has-post-thumbnail","6":"product_cat-accessories","7":"product_cat-beard-growth","8":"product_cat-hair-care","9":"product_tag-beard-care","10":"product_tag-beard-growth","11":"product_tag-derma-roller","12":"product_tag-facial-roller","13":"product_tag-hair-loss","14":"product_tag-home-use","15":"product_tag-mens-grooming","16":"product_tag-microneedling","17":"product_tag-skin-care","18":"product_tag-titanium-needles","19":"pa_color-black-0-25mm","20":"pa_color-black-0-2mm","21":"pa_color-black-0-3mm","22":"pa_color-black-b-0-25mm","23":"pa_color-black-b-0-2mm","24":"pa_color-black-b-0-3mm","25":"pa_color-frosted-handle-0-2mm","26":"pa_color-frosted-handle-0-3mm","27":"pa_color-frosted-handle0-25mm","28":"pa_color-green-0-25mm","29":"pa_color-green-0-2mm","30":"pa_color-green-0-3mm","31":"pa_color-white-0-25mm","32":"pa_color-white-0-2mm","33":"pa_color-white-0-3mm","34":"pa_color-white-b-0-25mm","35":"pa_color-white-b-0-2mm","36":"pa_color-white-b-0-3mm","38":"first","39":"instock","40":"taxable","41":"shipping-taxable","42":"purchasable","43":"product-type-variable"},"yoast_head":"<!-- This site is optimized with the Yoast SEO plugin v27.4 - https:\/\/yoast.com\/product\/yoast-seo-wordpress\/ -->\n<title>Derma Roller for Skin, Beard &amp; Hair - Premium 540 Titanium Needles - Grizzly Adam<\/title>\n<meta name=\"description\" content=\"Achieve a healthier, thicker beard with our Beard Derma Roller. Featuring 540 titanium needles, this painless tool enhances beard growth and skin care absorption. Includes storage case.\" \/>\n<meta name=\"robots\" content=\"index, follow, max-snippet:-1, max-image-preview:large, max-video-preview:-1\" \/>\n<link rel=\"canonical\" href=\"https:\/\/grizzlyadam.co.uk\/fr\/produit\/derma-roller-for-skin-beard-hair-premium-540-titanium-needles\/\" \/>\n<meta property=\"og:locale\" content=\"fr_FR\" \/>\n<meta property=\"og:type\" content=\"article\" \/>\n<meta property=\"og:title\" content=\"Derma Roller for Skin, Beard &amp; Hair - Premium 540 Titanium Needles - Grizzly Adam\" \/>\n<meta property=\"og:description\" content=\"Achieve a healthier, thicker beard with our Beard Derma Roller. Featuring 540 titanium needles, this painless tool enhances beard growth and skin care absorption. Includes storage case.\" \/>\n<meta property=\"og:url\" content=\"https:\/\/grizzlyadam.co.uk\/fr\/produit\/derma-roller-for-skin-beard-hair-premium-540-titanium-needles\/\" \/>\n<meta property=\"og:site_name\" content=\"Grizzly Adam\" \/>\n<meta property=\"article:publisher\" content=\"https:\/\/www.facebook.com\/grizzlyadamuk\" \/>\n<meta property=\"article:modified_time\" content=\"2025-11-16T03:53:35+00:00\" \/>\n<meta property=\"og:image\" content=\"https:\/\/project1-mke5mv4jgx.live-website.com\/wp-content\/uploads\/2024\/07\/kf-H469aa19d28264aaaa5e7d9bc587f08c5E-Derma-Roller-for-Skin-Beard-Hair-0-2mm-0-25mm-0-3mm-needle-Micro-Face-Roll.webp\" \/>\n\t<meta property=\"og:image:width\" content=\"1500\" \/>\n\t<meta property=\"og:image:height\" content=\"1500\" \/>\n\t<meta property=\"og:image:type\" content=\"image\/webp\" \/>\n<meta name=\"twitter:card\" content=\"summary_large_image\" \/>\n<meta name=\"twitter:site\" content=\"@grizzlyadamuk\" \/>\n<meta name=\"twitter:label1\" content=\"Dur\u00e9e de lecture estim\u00e9e\" \/>\n\t<meta name=\"twitter:data1\" content=\"5 minutes\" \/>\n<script type=\"application\/ld+json\" class=\"yoast-schema-graph\">{\"@context\":\"https:\\\/\\\/schema.org\",\"@graph\":[{\"@type\":\"WebPage\",\"@id\":\"https:\\\/\\\/grizzlyadam.co.uk\\\/product\\\/derma-roller-for-skin-beard-hair-premium-540-titanium-needles\\\/\",\"url\":\"https:\\\/\\\/grizzlyadam.co.uk\\\/product\\\/derma-roller-for-skin-beard-hair-premium-540-titanium-needles\\\/\",\"name\":\"Derma Roller for Skin, Beard & Hair - Premium 540 Titanium Needles - Grizzly Adam\",\"isPartOf\":{\"@id\":\"https:\\\/\\\/project1-mke5mv4jgx.live-website.com\\\/#website\"},\"primaryImageOfPage\":{\"@id\":\"https:\\\/\\\/grizzlyadam.co.uk\\\/product\\\/derma-roller-for-skin-beard-hair-premium-540-titanium-needles\\\/#primaryimage\"},\"image\":{\"@id\":\"https:\\\/\\\/grizzlyadam.co.uk\\\/product\\\/derma-roller-for-skin-beard-hair-premium-540-titanium-needles\\\/#primaryimage\"},\"thumbnailUrl\":\"https:\\\/\\\/grizzlyadam.co.uk\\\/wp-content\\\/uploads\\\/2024\\\/07\\\/kf-H469aa19d28264aaaa5e7d9bc587f08c5E-Derma-Roller-for-Skin-Beard-Hair-0-2mm-0-25mm-0-3mm-needle-Micro-Face-Roll.webp\",\"datePublished\":\"2024-07-27T15:38:57+00:00\",\"dateModified\":\"2025-11-16T03:53:35+00:00\",\"description\":\"Achieve a healthier, thicker beard with our Beard Derma Roller. Featuring 540 titanium needles, this painless tool enhances beard growth and skin care absorption. Includes storage case.\",\"breadcrumb\":{\"@id\":\"https:\\\/\\\/grizzlyadam.co.uk\\\/product\\\/derma-roller-for-skin-beard-hair-premium-540-titanium-needles\\\/#breadcrumb\"},\"inLanguage\":\"fr-FR\",\"potentialAction\":[{\"@type\":\"ReadAction\",\"target\":[\"https:\\\/\\\/grizzlyadam.co.uk\\\/product\\\/derma-roller-for-skin-beard-hair-premium-540-titanium-needles\\\/\"]}]},{\"@type\":\"ImageObject\",\"inLanguage\":\"fr-FR\",\"@id\":\"https:\\\/\\\/grizzlyadam.co.uk\\\/product\\\/derma-roller-for-skin-beard-hair-premium-540-titanium-needles\\\/#primaryimage\",\"url\":\"https:\\\/\\\/grizzlyadam.co.uk\\\/wp-content\\\/uploads\\\/2024\\\/07\\\/kf-H469aa19d28264aaaa5e7d9bc587f08c5E-Derma-Roller-for-Skin-Beard-Hair-0-2mm-0-25mm-0-3mm-needle-Micro-Face-Roll.webp\",\"contentUrl\":\"https:\\\/\\\/grizzlyadam.co.uk\\\/wp-content\\\/uploads\\\/2024\\\/07\\\/kf-H469aa19d28264aaaa5e7d9bc587f08c5E-Derma-Roller-for-Skin-Beard-Hair-0-2mm-0-25mm-0-3mm-needle-Micro-Face-Roll.webp\",\"width\":1500,\"height\":1500},{\"@type\":\"BreadcrumbList\",\"@id\":\"https:\\\/\\\/grizzlyadam.co.uk\\\/product\\\/derma-roller-for-skin-beard-hair-premium-540-titanium-needles\\\/#breadcrumb\",\"itemListElement\":[{\"@type\":\"ListItem\",\"position\":1,\"name\":\"Home\",\"item\":\"https:\\\/\\\/grizzlyadam.co.uk\\\/\"},{\"@type\":\"ListItem\",\"position\":2,\"name\":\"Shop\",\"item\":\"https:\\\/\\\/project1-mke5mv4jgx.live-website.com\\\/shop\\\/\"},{\"@type\":\"ListItem\",\"position\":3,\"name\":\"Derma Roller for Skin, Beard &#038; Hair &#8211; Premium 540 Titanium Needles\"}]},{\"@type\":\"WebSite\",\"@id\":\"https:\\\/\\\/project1-mke5mv4jgx.live-website.com\\\/#website\",\"url\":\"https:\\\/\\\/project1-mke5mv4jgx.live-website.com\\\/\",\"name\":\"Grizzly Adam\",\"description\":\"Beard Oil And Grooming Products For Gentlemen\",\"publisher\":{\"@id\":\"https:\\\/\\\/project1-mke5mv4jgx.live-website.com\\\/#organization\"},\"potentialAction\":[{\"@type\":\"SearchAction\",\"target\":{\"@type\":\"EntryPoint\",\"urlTemplate\":\"https:\\\/\\\/project1-mke5mv4jgx.live-website.com\\\/?s={search_term_string}\"},\"query-input\":{\"@type\":\"PropertyValueSpecification\",\"valueRequired\":true,\"valueName\":\"search_term_string\"}}],\"inLanguage\":\"fr-FR\"},{\"@type\":\"Organization\",\"@id\":\"https:\\\/\\\/project1-mke5mv4jgx.live-website.com\\\/#organization\",\"name\":\"GRIZZLY ADAM\",\"url\":\"https:\\\/\\\/project1-mke5mv4jgx.live-website.com\\\/\",\"logo\":{\"@type\":\"ImageObject\",\"inLanguage\":\"fr-FR\",\"@id\":\"https:\\\/\\\/project1-mke5mv4jgx.live-website.com\\\/#\\\/schema\\\/logo\\\/image\\\/\",\"url\":\"https:\\\/\\\/grizzlyadam.co.uk\\\/wp-content\\\/uploads\\\/2019\\\/11\\\/gadamlogo.png\",\"contentUrl\":\"https:\\\/\\\/grizzlyadam.co.uk\\\/wp-content\\\/uploads\\\/2019\\\/11\\\/gadamlogo.png\",\"width\":\"200\",\"height\":\"200\",\"caption\":\"GRIZZLY ADAM\"},\"image\":{\"@id\":\"https:\\\/\\\/project1-mke5mv4jgx.live-website.com\\\/#\\\/schema\\\/logo\\\/image\\\/\"},\"sameAs\":[\"https:\\\/\\\/www.facebook.com\\\/grizzlyadamuk\",\"https:\\\/\\\/x.com\\\/grizzlyadamuk\",\"https:\\\/\\\/www.instagram.com\\\/grizzlyadamuk\\\/\"]}]}<\/script>\n<!-- \/ Yoast SEO plugin. -->","yoast_head_json":{"title":"Derma Roller for Skin, Beard & Hair - Premium 540 Titanium Needles - Grizzly Adam","description":"Achieve a healthier, thicker beard with our Beard Derma Roller. Featuring 540 titanium needles, this painless tool enhances beard growth and skin care absorption. Includes storage case.","robots":{"index":"index","follow":"follow","max-snippet":"max-snippet:-1","max-image-preview":"max-image-preview:large","max-video-preview":"max-video-preview:-1"},"canonical":"https:\/\/grizzlyadam.co.uk\/fr\/produit\/derma-roller-for-skin-beard-hair-premium-540-titanium-needles\/","og_locale":"fr_FR","og_type":"article","og_title":"Derma Roller for Skin, Beard & Hair - Premium 540 Titanium Needles - Grizzly Adam","og_description":"Achieve a healthier, thicker beard with our Beard Derma Roller. Featuring 540 titanium needles, this painless tool enhances beard growth and skin care absorption. Includes storage case.","og_url":"https:\/\/grizzlyadam.co.uk\/fr\/produit\/derma-roller-for-skin-beard-hair-premium-540-titanium-needles\/","og_site_name":"Grizzly Adam","article_publisher":"https:\/\/www.facebook.com\/grizzlyadamuk","article_modified_time":"2025-11-16T03:53:35+00:00","og_image":[{"width":1500,"height":1500,"url":"https:\/\/project1-mke5mv4jgx.live-website.com\/wp-content\/uploads\/2024\/07\/kf-H469aa19d28264aaaa5e7d9bc587f08c5E-Derma-Roller-for-Skin-Beard-Hair-0-2mm-0-25mm-0-3mm-needle-Micro-Face-Roll.webp","type":"image\/webp"}],"twitter_card":"summary_large_image","twitter_site":"@grizzlyadamuk","twitter_misc":{"Dur\u00e9e de lecture estim\u00e9e":"5 minutes"},"schema":{"@context":"https:\/\/schema.org","@graph":[{"@type":"WebPage","@id":"https:\/\/grizzlyadam.co.uk\/product\/derma-roller-for-skin-beard-hair-premium-540-titanium-needles\/","url":"https:\/\/grizzlyadam.co.uk\/product\/derma-roller-for-skin-beard-hair-premium-540-titanium-needles\/","name":"Derma Roller for Skin, Beard & Hair - Premium 540 Titanium Needles - Grizzly Adam","isPartOf":{"@id":"https:\/\/project1-mke5mv4jgx.live-website.com\/#website"},"primaryImageOfPage":{"@id":"https:\/\/grizzlyadam.co.uk\/product\/derma-roller-for-skin-beard-hair-premium-540-titanium-needles\/#primaryimage"},"image":{"@id":"https:\/\/grizzlyadam.co.uk\/product\/derma-roller-for-skin-beard-hair-premium-540-titanium-needles\/#primaryimage"},"thumbnailUrl":"https:\/\/grizzlyadam.co.uk\/wp-content\/uploads\/2024\/07\/kf-H469aa19d28264aaaa5e7d9bc587f08c5E-Derma-Roller-for-Skin-Beard-Hair-0-2mm-0-25mm-0-3mm-needle-Micro-Face-Roll.webp","datePublished":"2024-07-27T15:38:57+00:00","dateModified":"2025-11-16T03:53:35+00:00","description":"Achieve a healthier, thicker beard with our Beard Derma Roller. Featuring 540 titanium needles, this painless tool enhances beard growth and skin care absorption. Includes storage case.","breadcrumb":{"@id":"https:\/\/grizzlyadam.co.uk\/product\/derma-roller-for-skin-beard-hair-premium-540-titanium-needles\/#breadcrumb"},"inLanguage":"fr-FR","potentialAction":[{"@type":"ReadAction","target":["https:\/\/grizzlyadam.co.uk\/product\/derma-roller-for-skin-beard-hair-premium-540-titanium-needles\/"]}]},{"@type":"ImageObject","inLanguage":"fr-FR","@id":"https:\/\/grizzlyadam.co.uk\/product\/derma-roller-for-skin-beard-hair-premium-540-titanium-needles\/#primaryimage","url":"https:\/\/grizzlyadam.co.uk\/wp-content\/uploads\/2024\/07\/kf-H469aa19d28264aaaa5e7d9bc587f08c5E-Derma-Roller-for-Skin-Beard-Hair-0-2mm-0-25mm-0-3mm-needle-Micro-Face-Roll.webp","contentUrl":"https:\/\/grizzlyadam.co.uk\/wp-content\/uploads\/2024\/07\/kf-H469aa19d28264aaaa5e7d9bc587f08c5E-Derma-Roller-for-Skin-Beard-Hair-0-2mm-0-25mm-0-3mm-needle-Micro-Face-Roll.webp","width":1500,"height":1500},{"@type":"BreadcrumbList","@id":"https:\/\/grizzlyadam.co.uk\/product\/derma-roller-for-skin-beard-hair-premium-540-titanium-needles\/#breadcrumb","itemListElement":[{"@type":"ListItem","position":1,"name":"Home","item":"https:\/\/grizzlyadam.co.uk\/"},{"@type":"ListItem","position":2,"name":"Shop","item":"https:\/\/project1-mke5mv4jgx.live-website.com\/shop\/"},{"@type":"ListItem","position":3,"name":"Derma Roller for Skin, Beard &#038; Hair &#8211; Premium 540 Titanium Needles"}]},{"@type":"WebSite","@id":"https:\/\/project1-mke5mv4jgx.live-website.com\/#website","url":"https:\/\/project1-mke5mv4jgx.live-website.com\/","name":"Grizzly Adam","description":"Huile \u00e0 barbe et produits de toilettage pour hommes","publisher":{"@id":"https:\/\/project1-mke5mv4jgx.live-website.com\/#organization"},"potentialAction":[{"@type":"SearchAction","target":{"@type":"EntryPoint","urlTemplate":"https:\/\/project1-mke5mv4jgx.live-website.com\/?s={search_term_string}"},"query-input":{"@type":"PropertyValueSpecification","valueRequired":true,"valueName":"search_term_string"}}],"inLanguage":"fr-FR"},{"@type":"Organization","@id":"https:\/\/project1-mke5mv4jgx.live-website.com\/#organization","name":"GRIZZLY ADAM","url":"https:\/\/project1-mke5mv4jgx.live-website.com\/","logo":{"@type":"ImageObject","inLanguage":"fr-FR","@id":"https:\/\/project1-mke5mv4jgx.live-website.com\/#\/schema\/logo\/image\/","url":"https:\/\/grizzlyadam.co.uk\/wp-content\/uploads\/2019\/11\/gadamlogo.png","contentUrl":"https:\/\/grizzlyadam.co.uk\/wp-content\/uploads\/2019\/11\/gadamlogo.png","width":"200","height":"200","caption":"GRIZZLY ADAM"},"image":{"@id":"https:\/\/project1-mke5mv4jgx.live-website.com\/#\/schema\/logo\/image\/"},"sameAs":["https:\/\/www.facebook.com\/grizzlyadamuk","https:\/\/x.com\/grizzlyadamuk","https:\/\/www.instagram.com\/grizzlyadamuk\/"]}]}},"df_price":10.95,"df_sale_price":"","df_regular_price":10.95,"df_image_link":"https:\/\/grizzlyadam.co.uk\/wp-content\/uploads\/2024\/07\/kf-H469aa19d28264aaaa5e7d9bc587f08c5E-Derma-Roller-for-Skin-Beard-Hair-0-2mm-0-25mm-0-3mm-needle-Micro-Face-Roll-300x300.webp","_links":{"self":[{"href":"https:\/\/grizzlyadam.co.uk\/fr\/wp-json\/wp\/v2\/product\/160678","targetHints":{"allow":["GET"]}}],"collection":[{"href":"https:\/\/grizzlyadam.co.uk\/fr\/wp-json\/wp\/v2\/product"}],"about":[{"href":"https:\/\/grizzlyadam.co.uk\/fr\/wp-json\/wp\/v2\/types\/product"}],"replies":[{"embeddable":true,"href":"https:\/\/grizzlyadam.co.uk\/fr\/wp-json\/wp\/v2\/comments?post=160678"}],"wp:featuredmedia":[{"embeddable":true,"href":"https:\/\/grizzlyadam.co.uk\/fr\/wp-json\/wp\/v2\/media\/160679"}],"wp:attachment":[{"href":"https:\/\/grizzlyadam.co.uk\/fr\/wp-json\/wp\/v2\/media?parent=160678"}],"wp:term":[{"taxonomy":"product_brand","embeddable":true,"href":"https:\/\/grizzlyadam.co.uk\/fr\/wp-json\/wp\/v2\/product_brand?post=160678"},{"taxonomy":"product_cat","embeddable":true,"href":"https:\/\/grizzlyadam.co.uk\/fr\/wp-json\/wp\/v2\/product_cat?post=160678"},{"taxonomy":"product_tag","embeddable":true,"href":"https:\/\/grizzlyadam.co.uk\/fr\/wp-json\/wp\/v2\/product_tag?post=160678"}],"curies":[{"name":"wp","href":"https:\/\/api.w.org\/{rel}","templated":true}]}}