{"id":158742,"date":"2024-05-16T08:20:54","date_gmt":"2024-05-16T07:20:54","guid":{"rendered":"https:\/\/grizzlyadam.co.uk\/product\/luxury-quartz-mens-wristwatch-with-diamond-roman-scale-display-waterproof-designer-mens-wristwatch-with-stainless-steel-bracelet\/"},"modified":"2026-04-10T10:12:37","modified_gmt":"2026-04-10T09:12:37","slug":"luxury-quartz-mens-wristwatch-with-diamond-roman-scale-display-waterproof-designer-mens-wristwatch-with-stainless-steel-bracelet","status":"publish","type":"product","link":"https:\/\/grizzlyadam.co.uk\/fr\/produit\/luxury-quartz-mens-wristwatch-with-diamond-roman-scale-display-waterproof-designer-mens-wristwatch-with-stainless-steel-bracelet\/","title":{"rendered":"Montre-bracelet de luxe \u00e0 quartz pour homme avec affichage en \u00e9chelle romaine \u00e0 diamants, montre-bracelet design \u00e9tanche pour homme avec bracelet en acier inoxydable"},"content":{"rendered":"<div class=\"product-specs-list-container\">\n<p>\u00c9levez votre style avec la montre-bracelet OLEVS Luxury Quartz pour homme, une d\u00e9claration audacieuse de sophistication et de fonctionnalit\u00e9. Dot\u00e9e d'un cadran rond classique avec une \u00e9chelle romaine en diamant, cette montre allie harmonieusement le luxe et la mode, ce qui en fait un accessoire convoit\u00e9 pour la collection de chaque homme.<\/p>\n<p>Fabriqu\u00e9 avec pr\u00e9cision, ce garde-temps est dot\u00e9 d'un mouvement \u00e0 quartz import\u00e9, qui garantit un chronom\u00e9trage pr\u00e9cis et stable pour toutes vos activit\u00e9s. La construction en acier inoxydable ajoute non seulement \u00e0 la durabilit\u00e9, mais offre \u00e9galement une protection contre les rayures et la rouille, garantissant ainsi une \u00e9l\u00e9gance durable.<\/p>\n<p>Con\u00e7ue pour \u00eatre pratique, la boucle cach\u00e9e permet un port facile et confortable, tandis que l'outil de r\u00e9glage gratuit du bracelet garantit un ajustement parfait \u00e0 toutes les tailles de poignet. Avec son \u00e9tanch\u00e9it\u00e9 de 3ATM, cette montre offre une protection fiable pour les activit\u00e9s quotidiennes, qu'il s'agisse de se laver les mains ou de s'exposer occasionnellement \u00e0 l'eau.<\/p>\n<p>Illuminez vos nuits gr\u00e2ce aux aiguilles luminescentes HD, qui absorbent l'\u00e9nergie lumineuse pour offrir une visibilit\u00e9 claire de l'heure, m\u00eame dans des conditions de faible luminosit\u00e9. De plus, vous b\u00e9n\u00e9ficiez d'une livraison gratuite dans le monde entier sous 7 \u00e0 10 jours, ce qui rend plus facile que jamais l'acquisition de cette pi\u00e8ce d'artisanat intemporelle.<\/p>\n<\/div>\n<div class=\"detailmodule_html\">\n<div class=\"detail-desc-decorate-richtext\">\n<div>\n<div style=\"overflow: hidden; height: 0px;\">modname=ckeditor<\/div>\n<div>\n<p><img decoding=\"async\" src=\"https:\/\/ae01.alicdn.com\/kf\/S22d030f3d3ce492ebe7231a8d9106f77z.jpg\" \/><img decoding=\"async\" src=\"https:\/\/ae01.alicdn.com\/kf\/S1f3c02df55da4259a3e1ee55f67d24c35.jpg\" \/><img decoding=\"async\" src=\"https:\/\/ae01.alicdn.com\/kf\/S2a3f1c6dcb8144b4b81281f695c9b76ev.jpg\" \/><img decoding=\"async\" src=\"https:\/\/ae01.alicdn.com\/kf\/Sf575e8c165954a4cb7e206dcdd004336p.jpg\" \/><img decoding=\"async\" src=\"https:\/\/ae01.alicdn.com\/kf\/S70692373ee434667aa34dedd6454a983H.jpg\" \/><img decoding=\"async\" src=\"https:\/\/ae01.alicdn.com\/kf\/S7069f5fdd637432bbfce329aab32276be.jpg\" \/><img decoding=\"async\" src=\"https:\/\/ae01.alicdn.com\/kf\/Scd6d3d0edf6d48c8bb36d99a4562a864e.jpg\" \/><img decoding=\"async\" src=\"https:\/\/ae01.alicdn.com\/kf\/S3e8086622b634355b32ef1d7820e2d8b3.jpg\" \/><img decoding=\"async\" src=\"https:\/\/ae01.alicdn.com\/kf\/S211e472b5ff24089b23a445a9179831bi.jpg\" \/><img decoding=\"async\" src=\"https:\/\/ae01.alicdn.com\/kf\/S878fe927b93243109ecef2b3662497996.jpg\" \/><img decoding=\"async\" src=\"https:\/\/ae01.alicdn.com\/kf\/S23322f0bfe9641f9b0434df2649e2896i.jpg\" \/><img decoding=\"async\" src=\"https:\/\/ae01.alicdn.com\/kf\/Sde078a3edc424a96bb4e60f9d87b5a86E.jpg\" \/><img decoding=\"async\" src=\"https:\/\/ae01.alicdn.com\/kf\/Sa8382bf8084644088a294254bff1b815a.jpg\" \/><img decoding=\"async\" src=\"https:\/\/ae01.alicdn.com\/kf\/S6d3657f426464059a6868df3335a43cax.jpg\" \/><\/p>\n<div class=\"product-specs-list-container\">\n<ul class=\"product-specs-list util-clearfix\">\n<li class=\"product-prop line-limit-length\"><span class=\"property-title\">\u00c9paisseur du bo\u00eetier :\u00a0<\/span><span class=\"property-desc line-limit-length\">11 mm<\/span><\/li>\n<li class=\"product-prop line-limit-length\"><span class=\"property-title\">Largeur de bande :\u00a0<\/span><span class=\"property-desc line-limit-length\">20 mm<\/span><\/li>\n<li class=\"product-prop line-limit-length\"><span class=\"property-title\">Type de mat\u00e9riau de la bande :\u00a0<\/span><span class=\"property-desc line-limit-length\">ACIER INOXYDABLE<\/span><\/li>\n<li class=\"product-prop line-limit-length\"><span class=\"property-title\">Forme du bo\u00eetier :\u00a0<\/span><span class=\"property-desc line-limit-length\">Rond<\/span><\/li>\n<li class=\"product-prop line-limit-length\"><span class=\"property-title\">Type de mat\u00e9riau de la fen\u00eatre du cadran :\u00a0<\/span><span class=\"property-desc line-limit-length\">Hardlex<\/span><\/li>\n<li class=\"product-prop line-limit-length\"><span class=\"property-title\">Bo\u00eetes et \u00e9tuis Mat\u00e9riau :\u00a0<\/span><span class=\"property-desc line-limit-length\">Papier<\/span><\/li>\n<li class=\"product-prop line-limit-length\"><span class=\"property-title\">Num\u00e9ro de mod\u00e8le :\u00a0<\/span><span class=\"property-desc line-limit-length\">9931<\/span><\/li>\n<li class=\"product-prop line-limit-length\"><span class=\"property-title\">Diam\u00e8tre du cadran :\u00a0<\/span><span class=\"property-desc line-limit-length\">41mm<\/span><\/li>\n<li class=\"product-prop line-limit-length\"><span class=\"property-title\">Fonctionnalit\u00e9 :\u00a0<\/span><span class=\"property-desc line-limit-length\">R\u00e9sistant aux chocs, lumineux, date automatique, r\u00e9sistant \u00e0 l'eau<\/span><\/li>\n<li class=\"product-prop line-limit-length\"><span class=\"property-title\">R\u00e9sistance \u00e0 l'eau Profondeur :\u00a0<\/span><span class=\"property-desc line-limit-length\">3Bar<\/span><\/li>\n<li class=\"product-prop line-limit-length\"><span class=\"property-title\">Type de fermoir :\u00a0<\/span><span class=\"property-desc line-limit-length\">Fermoir cach\u00e9<\/span><\/li>\n<li class=\"product-prop line-limit-length\"><span class=\"property-title\">Longueur de la bande :\u00a0<\/span><span class=\"property-desc line-limit-length\">19cm<\/span><\/li>\n<li class=\"product-prop line-limit-length\"><span class=\"property-title\">Mat\u00e9riau du bo\u00eetier :\u00a0<\/span><span class=\"property-desc line-limit-length\">ACIER INOXYDABLE<\/span><\/li>\n<li class=\"product-prop line-limit-length\"><span class=\"property-title\">Mouvement :\u00a0<\/span><span class=\"property-desc line-limit-length\">Quartz<\/span><\/li>\n<li class=\"product-prop line-limit-length\"><span class=\"property-title\">Style :\u00a0<\/span><span class=\"property-desc line-limit-length\">Luxe<\/span><\/li>\n<li class=\"product-prop line-limit-length\"><span class=\"property-title\">Nom de marque :\u00a0<\/span><span class=\"property-desc line-limit-length\">OLEVS<\/span><\/li>\n<li class=\"product-prop line-limit-length\"><span class=\"property-title\">Origine :\u00a0<\/span><span class=\"property-desc line-limit-length\">Chine continentale<\/span><\/li>\n<li class=\"product-prop line-limit-length\"><span class=\"property-title\">Certification :\u00a0<\/span><span class=\"property-desc line-limit-length\">AUCUN<\/span><\/li>\n<li class=\"product-prop line-limit-length\"><span class=\"property-title\">Type d'article :\u00a0<\/span><span class=\"property-desc line-limit-length\">Montres-bracelets \u00e0 quartz<\/span><\/li>\n<\/ul>\n<\/div>\n<\/div>\n<\/div>\n<\/div>\n<\/div>","protected":false},"excerpt":{"rendered":"<ul>\n<li>Un design audacieux et sophistiqu\u00e9 avec une \u00e9chelle romaine en forme de diamant pour un attrait luxueux.<\/li>\n<li>Le mouvement \u00e0 quartz import\u00e9 assure un chronom\u00e9trage pr\u00e9cis et stable pour des d\u00e9cisions exactes.<\/li>\n<li>La construction en acier inoxydable durable \u00e9vite les rayures et la rouille, et le fermoir cach\u00e9 assure un port confortable.<\/li>\n<\/ul>","protected":false},"featured_media":158743,"comment_status":"open","ping_status":"closed","template":"","meta":[],"product_brand":[],"product_cat":[71,102],"product_tag":[787,785,783,790,789,793,792,780,782,779,781,791,786,788,784],"class_list":{"0":"post-158742","1":"product","2":"type-product","3":"status-publish","4":"has-post-thumbnail","6":"product_cat-accessories","7":"product_cat-apparel","8":"product_tag-classic-design","9":"product_tag-designer","10":"product_tag-diamond-scale-display","11":"product_tag-elegant-watch","12":"product_tag-fashion-accessory","13":"product_tag-gift-idea","14":"product_tag-high-end","15":"product_tag-luxury-watch","16":"product_tag-mens-wristwatch","17":"product_tag-olevs","18":"product_tag-quartz-movement","19":"product_tag-roman-numerals","20":"product_tag-stainless-steel-bracelet","21":"product_tag-timepiece","22":"product_tag-waterproof","23":"pa_color-man-all-black","24":"pa_color-man-all-gold","25":"pa_color-man-gold-blue","26":"pa_color-man-gold-white","27":"pa_color-man-golden-black","28":"pa_color-man-silver-white","29":"pa_color-ms-all-black","30":"pa_color-ms-all-gold","31":"pa_color-ms-gold-blue","32":"pa_color-ms-gold-white","33":"pa_color-ms-golden-black","34":"pa_color-ms-silver-white","36":"first","37":"instock","38":"sale","39":"taxable","40":"shipping-taxable","41":"purchasable","42":"product-type-variable"},"yoast_head":"<!-- This site is optimized with the Yoast SEO plugin v27.4 - https:\/\/yoast.com\/product\/yoast-seo-wordpress\/ -->\n<title>Luxury Quartz Men&#039;s Wristwatch with Diamond Roman Scale Display, Waterproof Designer Men&#039;s Wristwatch with Stainless Steel Bracelet - Grizzly Adam<\/title>\n<meta name=\"description\" content=\"Discover sophistication with OLEVS Luxury Quartz Men&#039;s Wristwatch. Waterproof, designer elegance featuring diamond display and stainless steel bracelet.\" \/>\n<meta name=\"robots\" content=\"index, follow, max-snippet:-1, max-image-preview:large, max-video-preview:-1\" \/>\n<link rel=\"canonical\" href=\"https:\/\/grizzlyadam.co.uk\/fr\/produit\/luxury-quartz-mens-wristwatch-with-diamond-roman-scale-display-waterproof-designer-mens-wristwatch-with-stainless-steel-bracelet\/\" \/>\n<meta property=\"og:locale\" content=\"fr_FR\" \/>\n<meta property=\"og:type\" content=\"article\" \/>\n<meta property=\"og:title\" content=\"Luxury Quartz Men&#039;s Wristwatch with Diamond Roman Scale Display, Waterproof Designer Men&#039;s Wristwatch with Stainless Steel Bracelet - Grizzly Adam\" \/>\n<meta property=\"og:description\" content=\"Discover sophistication with OLEVS Luxury Quartz Men&#039;s Wristwatch. Waterproof, designer elegance featuring diamond display and stainless steel bracelet.\" \/>\n<meta property=\"og:url\" content=\"https:\/\/grizzlyadam.co.uk\/fr\/produit\/luxury-quartz-mens-wristwatch-with-diamond-roman-scale-display-waterproof-designer-mens-wristwatch-with-stainless-steel-bracelet\/\" \/>\n<meta property=\"og:site_name\" content=\"Grizzly Adam\" \/>\n<meta property=\"article:publisher\" content=\"https:\/\/www.facebook.com\/grizzlyadamuk\" \/>\n<meta property=\"article:modified_time\" content=\"2026-04-10T09:12:37+00:00\" \/>\n<meta property=\"og:image\" content=\"https:\/\/project1-mke5mv4jgx.live-website.com\/wp-content\/uploads\/2024\/05\/kf-S0b1f985bb9f64e1187c88ad708fdf3cdh-OLEVS-9931-New-Business-Quartz-Watch-for-Men-Dual-Calendar-Luxury-Diamond-Dial-Waterproof-Stainless-Steel.webp\" \/>\n\t<meta property=\"og:image:width\" content=\"1001\" \/>\n\t<meta property=\"og:image:height\" content=\"1001\" \/>\n\t<meta property=\"og:image:type\" content=\"image\/webp\" \/>\n<meta name=\"twitter:card\" content=\"summary_large_image\" \/>\n<meta name=\"twitter:site\" content=\"@grizzlyadamuk\" \/>\n<meta name=\"twitter:label1\" content=\"Dur\u00e9e de lecture estim\u00e9e\" \/>\n\t<meta name=\"twitter:data1\" content=\"5 minutes\" \/>\n<script type=\"application\/ld+json\" class=\"yoast-schema-graph\">{\"@context\":\"https:\\\/\\\/schema.org\",\"@graph\":[{\"@type\":\"WebPage\",\"@id\":\"https:\\\/\\\/grizzlyadam.co.uk\\\/product\\\/luxury-quartz-mens-wristwatch-with-diamond-roman-scale-display-waterproof-designer-mens-wristwatch-with-stainless-steel-bracelet\\\/\",\"url\":\"https:\\\/\\\/grizzlyadam.co.uk\\\/product\\\/luxury-quartz-mens-wristwatch-with-diamond-roman-scale-display-waterproof-designer-mens-wristwatch-with-stainless-steel-bracelet\\\/\",\"name\":\"Luxury Quartz Men's Wristwatch with Diamond Roman Scale Display, Waterproof Designer Men's Wristwatch with Stainless Steel Bracelet - Grizzly Adam\",\"isPartOf\":{\"@id\":\"https:\\\/\\\/project1-mke5mv4jgx.live-website.com\\\/#website\"},\"primaryImageOfPage\":{\"@id\":\"https:\\\/\\\/grizzlyadam.co.uk\\\/product\\\/luxury-quartz-mens-wristwatch-with-diamond-roman-scale-display-waterproof-designer-mens-wristwatch-with-stainless-steel-bracelet\\\/#primaryimage\"},\"image\":{\"@id\":\"https:\\\/\\\/grizzlyadam.co.uk\\\/product\\\/luxury-quartz-mens-wristwatch-with-diamond-roman-scale-display-waterproof-designer-mens-wristwatch-with-stainless-steel-bracelet\\\/#primaryimage\"},\"thumbnailUrl\":\"https:\\\/\\\/grizzlyadam.co.uk\\\/wp-content\\\/uploads\\\/2024\\\/05\\\/kf-S0b1f985bb9f64e1187c88ad708fdf3cdh-OLEVS-9931-New-Business-Quartz-Watch-for-Men-Dual-Calendar-Luxury-Diamond-Dial-Waterproof-Stainless-Steel.webp\",\"datePublished\":\"2024-05-16T07:20:54+00:00\",\"dateModified\":\"2026-04-10T09:12:37+00:00\",\"description\":\"Discover sophistication with OLEVS Luxury Quartz Men's Wristwatch. Waterproof, designer elegance featuring diamond display and stainless steel bracelet.\",\"breadcrumb\":{\"@id\":\"https:\\\/\\\/grizzlyadam.co.uk\\\/product\\\/luxury-quartz-mens-wristwatch-with-diamond-roman-scale-display-waterproof-designer-mens-wristwatch-with-stainless-steel-bracelet\\\/#breadcrumb\"},\"inLanguage\":\"fr-FR\",\"potentialAction\":[{\"@type\":\"ReadAction\",\"target\":[\"https:\\\/\\\/grizzlyadam.co.uk\\\/product\\\/luxury-quartz-mens-wristwatch-with-diamond-roman-scale-display-waterproof-designer-mens-wristwatch-with-stainless-steel-bracelet\\\/\"]}]},{\"@type\":\"ImageObject\",\"inLanguage\":\"fr-FR\",\"@id\":\"https:\\\/\\\/grizzlyadam.co.uk\\\/product\\\/luxury-quartz-mens-wristwatch-with-diamond-roman-scale-display-waterproof-designer-mens-wristwatch-with-stainless-steel-bracelet\\\/#primaryimage\",\"url\":\"https:\\\/\\\/grizzlyadam.co.uk\\\/wp-content\\\/uploads\\\/2024\\\/05\\\/kf-S0b1f985bb9f64e1187c88ad708fdf3cdh-OLEVS-9931-New-Business-Quartz-Watch-for-Men-Dual-Calendar-Luxury-Diamond-Dial-Waterproof-Stainless-Steel.webp\",\"contentUrl\":\"https:\\\/\\\/grizzlyadam.co.uk\\\/wp-content\\\/uploads\\\/2024\\\/05\\\/kf-S0b1f985bb9f64e1187c88ad708fdf3cdh-OLEVS-9931-New-Business-Quartz-Watch-for-Men-Dual-Calendar-Luxury-Diamond-Dial-Waterproof-Stainless-Steel.webp\",\"width\":1001,\"height\":1001},{\"@type\":\"BreadcrumbList\",\"@id\":\"https:\\\/\\\/grizzlyadam.co.uk\\\/product\\\/luxury-quartz-mens-wristwatch-with-diamond-roman-scale-display-waterproof-designer-mens-wristwatch-with-stainless-steel-bracelet\\\/#breadcrumb\",\"itemListElement\":[{\"@type\":\"ListItem\",\"position\":1,\"name\":\"Home\",\"item\":\"https:\\\/\\\/grizzlyadam.co.uk\\\/\"},{\"@type\":\"ListItem\",\"position\":2,\"name\":\"Shop\",\"item\":\"https:\\\/\\\/project1-mke5mv4jgx.live-website.com\\\/shop\\\/\"},{\"@type\":\"ListItem\",\"position\":3,\"name\":\"Luxury Quartz Men&#8217;s Wristwatch with Diamond Roman Scale Display, Waterproof Designer Men&#8217;s Wristwatch with Stainless Steel Bracelet\"}]},{\"@type\":\"WebSite\",\"@id\":\"https:\\\/\\\/project1-mke5mv4jgx.live-website.com\\\/#website\",\"url\":\"https:\\\/\\\/project1-mke5mv4jgx.live-website.com\\\/\",\"name\":\"Grizzly Adam\",\"description\":\"Beard Oil And Grooming Products For Gentlemen\",\"publisher\":{\"@id\":\"https:\\\/\\\/project1-mke5mv4jgx.live-website.com\\\/#organization\"},\"potentialAction\":[{\"@type\":\"SearchAction\",\"target\":{\"@type\":\"EntryPoint\",\"urlTemplate\":\"https:\\\/\\\/project1-mke5mv4jgx.live-website.com\\\/?s={search_term_string}\"},\"query-input\":{\"@type\":\"PropertyValueSpecification\",\"valueRequired\":true,\"valueName\":\"search_term_string\"}}],\"inLanguage\":\"fr-FR\"},{\"@type\":\"Organization\",\"@id\":\"https:\\\/\\\/project1-mke5mv4jgx.live-website.com\\\/#organization\",\"name\":\"GRIZZLY ADAM\",\"url\":\"https:\\\/\\\/project1-mke5mv4jgx.live-website.com\\\/\",\"logo\":{\"@type\":\"ImageObject\",\"inLanguage\":\"fr-FR\",\"@id\":\"https:\\\/\\\/project1-mke5mv4jgx.live-website.com\\\/#\\\/schema\\\/logo\\\/image\\\/\",\"url\":\"https:\\\/\\\/grizzlyadam.co.uk\\\/wp-content\\\/uploads\\\/2019\\\/11\\\/gadamlogo.png\",\"contentUrl\":\"https:\\\/\\\/grizzlyadam.co.uk\\\/wp-content\\\/uploads\\\/2019\\\/11\\\/gadamlogo.png\",\"width\":\"200\",\"height\":\"200\",\"caption\":\"GRIZZLY ADAM\"},\"image\":{\"@id\":\"https:\\\/\\\/project1-mke5mv4jgx.live-website.com\\\/#\\\/schema\\\/logo\\\/image\\\/\"},\"sameAs\":[\"https:\\\/\\\/www.facebook.com\\\/grizzlyadamuk\",\"https:\\\/\\\/x.com\\\/grizzlyadamuk\",\"https:\\\/\\\/www.instagram.com\\\/grizzlyadamuk\\\/\"]}]}<\/script>\n<!-- \/ Yoast SEO plugin. -->","yoast_head_json":{"title":"Luxury Quartz Men's Wristwatch with Diamond Roman Scale Display, Waterproof Designer Men's Wristwatch with Stainless Steel Bracelet - Grizzly Adam","description":"Discover sophistication with OLEVS Luxury Quartz Men's Wristwatch. Waterproof, designer elegance featuring diamond display and stainless steel bracelet.","robots":{"index":"index","follow":"follow","max-snippet":"max-snippet:-1","max-image-preview":"max-image-preview:large","max-video-preview":"max-video-preview:-1"},"canonical":"https:\/\/grizzlyadam.co.uk\/fr\/produit\/luxury-quartz-mens-wristwatch-with-diamond-roman-scale-display-waterproof-designer-mens-wristwatch-with-stainless-steel-bracelet\/","og_locale":"fr_FR","og_type":"article","og_title":"Luxury Quartz Men's Wristwatch with Diamond Roman Scale Display, Waterproof Designer Men's Wristwatch with Stainless Steel Bracelet - Grizzly Adam","og_description":"Discover sophistication with OLEVS Luxury Quartz Men's Wristwatch. Waterproof, designer elegance featuring diamond display and stainless steel bracelet.","og_url":"https:\/\/grizzlyadam.co.uk\/fr\/produit\/luxury-quartz-mens-wristwatch-with-diamond-roman-scale-display-waterproof-designer-mens-wristwatch-with-stainless-steel-bracelet\/","og_site_name":"Grizzly Adam","article_publisher":"https:\/\/www.facebook.com\/grizzlyadamuk","article_modified_time":"2026-04-10T09:12:37+00:00","og_image":[{"width":1001,"height":1001,"url":"https:\/\/project1-mke5mv4jgx.live-website.com\/wp-content\/uploads\/2024\/05\/kf-S0b1f985bb9f64e1187c88ad708fdf3cdh-OLEVS-9931-New-Business-Quartz-Watch-for-Men-Dual-Calendar-Luxury-Diamond-Dial-Waterproof-Stainless-Steel.webp","type":"image\/webp"}],"twitter_card":"summary_large_image","twitter_site":"@grizzlyadamuk","twitter_misc":{"Dur\u00e9e de lecture estim\u00e9e":"5 minutes"},"schema":{"@context":"https:\/\/schema.org","@graph":[{"@type":"WebPage","@id":"https:\/\/grizzlyadam.co.uk\/product\/luxury-quartz-mens-wristwatch-with-diamond-roman-scale-display-waterproof-designer-mens-wristwatch-with-stainless-steel-bracelet\/","url":"https:\/\/grizzlyadam.co.uk\/product\/luxury-quartz-mens-wristwatch-with-diamond-roman-scale-display-waterproof-designer-mens-wristwatch-with-stainless-steel-bracelet\/","name":"Luxury Quartz Men's Wristwatch with Diamond Roman Scale Display, Waterproof Designer Men's Wristwatch with Stainless Steel Bracelet - Grizzly Adam","isPartOf":{"@id":"https:\/\/project1-mke5mv4jgx.live-website.com\/#website"},"primaryImageOfPage":{"@id":"https:\/\/grizzlyadam.co.uk\/product\/luxury-quartz-mens-wristwatch-with-diamond-roman-scale-display-waterproof-designer-mens-wristwatch-with-stainless-steel-bracelet\/#primaryimage"},"image":{"@id":"https:\/\/grizzlyadam.co.uk\/product\/luxury-quartz-mens-wristwatch-with-diamond-roman-scale-display-waterproof-designer-mens-wristwatch-with-stainless-steel-bracelet\/#primaryimage"},"thumbnailUrl":"https:\/\/grizzlyadam.co.uk\/wp-content\/uploads\/2024\/05\/kf-S0b1f985bb9f64e1187c88ad708fdf3cdh-OLEVS-9931-New-Business-Quartz-Watch-for-Men-Dual-Calendar-Luxury-Diamond-Dial-Waterproof-Stainless-Steel.webp","datePublished":"2024-05-16T07:20:54+00:00","dateModified":"2026-04-10T09:12:37+00:00","description":"Discover sophistication with OLEVS Luxury Quartz Men's Wristwatch. Waterproof, designer elegance featuring diamond display and stainless steel bracelet.","breadcrumb":{"@id":"https:\/\/grizzlyadam.co.uk\/product\/luxury-quartz-mens-wristwatch-with-diamond-roman-scale-display-waterproof-designer-mens-wristwatch-with-stainless-steel-bracelet\/#breadcrumb"},"inLanguage":"fr-FR","potentialAction":[{"@type":"ReadAction","target":["https:\/\/grizzlyadam.co.uk\/product\/luxury-quartz-mens-wristwatch-with-diamond-roman-scale-display-waterproof-designer-mens-wristwatch-with-stainless-steel-bracelet\/"]}]},{"@type":"ImageObject","inLanguage":"fr-FR","@id":"https:\/\/grizzlyadam.co.uk\/product\/luxury-quartz-mens-wristwatch-with-diamond-roman-scale-display-waterproof-designer-mens-wristwatch-with-stainless-steel-bracelet\/#primaryimage","url":"https:\/\/grizzlyadam.co.uk\/wp-content\/uploads\/2024\/05\/kf-S0b1f985bb9f64e1187c88ad708fdf3cdh-OLEVS-9931-New-Business-Quartz-Watch-for-Men-Dual-Calendar-Luxury-Diamond-Dial-Waterproof-Stainless-Steel.webp","contentUrl":"https:\/\/grizzlyadam.co.uk\/wp-content\/uploads\/2024\/05\/kf-S0b1f985bb9f64e1187c88ad708fdf3cdh-OLEVS-9931-New-Business-Quartz-Watch-for-Men-Dual-Calendar-Luxury-Diamond-Dial-Waterproof-Stainless-Steel.webp","width":1001,"height":1001},{"@type":"BreadcrumbList","@id":"https:\/\/grizzlyadam.co.uk\/product\/luxury-quartz-mens-wristwatch-with-diamond-roman-scale-display-waterproof-designer-mens-wristwatch-with-stainless-steel-bracelet\/#breadcrumb","itemListElement":[{"@type":"ListItem","position":1,"name":"Home","item":"https:\/\/grizzlyadam.co.uk\/"},{"@type":"ListItem","position":2,"name":"Shop","item":"https:\/\/project1-mke5mv4jgx.live-website.com\/shop\/"},{"@type":"ListItem","position":3,"name":"Luxury Quartz Men&#8217;s Wristwatch with Diamond Roman Scale Display, Waterproof Designer Men&#8217;s Wristwatch with Stainless Steel Bracelet"}]},{"@type":"WebSite","@id":"https:\/\/project1-mke5mv4jgx.live-website.com\/#website","url":"https:\/\/project1-mke5mv4jgx.live-website.com\/","name":"Grizzly Adam","description":"Huile \u00e0 barbe et produits de toilettage pour hommes","publisher":{"@id":"https:\/\/project1-mke5mv4jgx.live-website.com\/#organization"},"potentialAction":[{"@type":"SearchAction","target":{"@type":"EntryPoint","urlTemplate":"https:\/\/project1-mke5mv4jgx.live-website.com\/?s={search_term_string}"},"query-input":{"@type":"PropertyValueSpecification","valueRequired":true,"valueName":"search_term_string"}}],"inLanguage":"fr-FR"},{"@type":"Organization","@id":"https:\/\/project1-mke5mv4jgx.live-website.com\/#organization","name":"GRIZZLY ADAM","url":"https:\/\/project1-mke5mv4jgx.live-website.com\/","logo":{"@type":"ImageObject","inLanguage":"fr-FR","@id":"https:\/\/project1-mke5mv4jgx.live-website.com\/#\/schema\/logo\/image\/","url":"https:\/\/grizzlyadam.co.uk\/wp-content\/uploads\/2019\/11\/gadamlogo.png","contentUrl":"https:\/\/grizzlyadam.co.uk\/wp-content\/uploads\/2019\/11\/gadamlogo.png","width":"200","height":"200","caption":"GRIZZLY ADAM"},"image":{"@id":"https:\/\/project1-mke5mv4jgx.live-website.com\/#\/schema\/logo\/image\/"},"sameAs":["https:\/\/www.facebook.com\/grizzlyadamuk","https:\/\/x.com\/grizzlyadamuk","https:\/\/www.instagram.com\/grizzlyadamuk\/"]}]}},"df_price":43.99,"df_sale_price":"","df_regular_price":43.99,"df_image_link":"https:\/\/grizzlyadam.co.uk\/wp-content\/uploads\/2024\/05\/kf-S0b1f985bb9f64e1187c88ad708fdf3cdh-OLEVS-9931-New-Business-Quartz-Watch-for-Men-Dual-Calendar-Luxury-Diamond-Dial-Waterproof-Stainless-Steel-300x300.webp","_links":{"self":[{"href":"https:\/\/grizzlyadam.co.uk\/fr\/wp-json\/wp\/v2\/product\/158742","targetHints":{"allow":["GET"]}}],"collection":[{"href":"https:\/\/grizzlyadam.co.uk\/fr\/wp-json\/wp\/v2\/product"}],"about":[{"href":"https:\/\/grizzlyadam.co.uk\/fr\/wp-json\/wp\/v2\/types\/product"}],"replies":[{"embeddable":true,"href":"https:\/\/grizzlyadam.co.uk\/fr\/wp-json\/wp\/v2\/comments?post=158742"}],"wp:featuredmedia":[{"embeddable":true,"href":"https:\/\/grizzlyadam.co.uk\/fr\/wp-json\/wp\/v2\/media\/158743"}],"wp:attachment":[{"href":"https:\/\/grizzlyadam.co.uk\/fr\/wp-json\/wp\/v2\/media?parent=158742"}],"wp:term":[{"taxonomy":"product_brand","embeddable":true,"href":"https:\/\/grizzlyadam.co.uk\/fr\/wp-json\/wp\/v2\/product_brand?post=158742"},{"taxonomy":"product_cat","embeddable":true,"href":"https:\/\/grizzlyadam.co.uk\/fr\/wp-json\/wp\/v2\/product_cat?post=158742"},{"taxonomy":"product_tag","embeddable":true,"href":"https:\/\/grizzlyadam.co.uk\/fr\/wp-json\/wp\/v2\/product_tag?post=158742"}],"curies":[{"name":"wp","href":"https:\/\/api.w.org\/{rel}","templated":true}]}}