{"id":158205,"date":"2024-04-14T12:33:30","date_gmt":"2024-04-14T11:33:30","guid":{"rendered":"https:\/\/grizzlyadam.co.uk\/product\/best-new-polarized-men-sunglasses-classic-metal-frame-with-mirror-lens-perfect-for-driving\/"},"modified":"2026-04-24T15:46:53","modified_gmt":"2026-04-24T14:46:53","slug":"best-new-polarized-men-sunglasses-classic-metal-frame-with-mirror-lens-perfect-for-driving","status":"publish","type":"product","link":"https:\/\/grizzlyadam.co.uk\/fr\/produit\/best-new-polarized-men-sunglasses-classic-metal-frame-with-mirror-lens-perfect-for-driving\/","title":{"rendered":"Meilleures nouvelles lunettes de soleil polaris\u00e9es pour hommes : Monture classique en m\u00e9tal avec verres miroirs - Parfaites pour la conduite"},"content":{"rendered":"<p>MuseLife pr\u00e9sente la derni\u00e8re innovation en mati\u00e8re de technologie des lunettes. Nos nouvelles lunettes de soleil polaris\u00e9es pour hommes red\u00e9finissent le style, le confort et la fonctionnalit\u00e9. Fabriqu\u00e9es avec pr\u00e9cision et expertise, ces lunettes de soleil sont con\u00e7ues pour rehausser vos exp\u00e9riences en plein air tout en assurant une protection maximale de vos yeux.<\/p>\n<p><strong>Sp\u00e9cifications techniques :<\/strong><\/p>\n<ul>\n<li>Largeur de l'objectif : 65MM<\/li>\n<li>Hauteur de l'objectif : 52MM<\/li>\n<li>Mat\u00e9riau des lentilles : Polaroid<\/li>\n<li>Mat\u00e9riau du cadre : Alliage<\/li>\n<li>Attribut optique des lentilles : Polaris\u00e9, miroir, antireflet, UV400<\/li>\n<li>Style : Sans bord<\/li>\n<li>Nom de la marque : MuseLife<\/li>\n<li>Origine : Chine continentale Chine continentale<\/li>\n<li>Certification : CE<\/li>\n<li>Plaquettes nasales : Plaquettes nasales en silicone souple, offrant un confort sup\u00e9rieur et s'adaptant \u00e0 diff\u00e9rentes formes de nez.<\/li>\n<li>Caract\u00e9ristiques du cadre : Cadre en alliage m\u00e9tallique, alliant durabilit\u00e9 et confort \u00e9l\u00e9gant.<\/li>\n<li>Fonction : Protection UV400, anti-\u00e9blouissement, anti-vertige, verres polaris\u00e9s<\/li>\n<\/ul>\n<p><strong>Utilisation polyvalente :<\/strong> Nos lunettes de soleil sont con\u00e7ues pour l'aventurier moderne et conviennent \u00e0 un large \u00e9ventail d'activit\u00e9s, notamment le sport, la conduite, la p\u00eache, les vacances, les affaires et m\u00eame la f\u00eate. Quelle que soit l'occasion, ces lunettes de soleil vous couvrent.<\/p>\n<p><strong>Convient \u00e0 toutes les formes de visage :<\/strong> Que vous ayez un visage rond, long, carr\u00e9 ou ovale, nos lunettes de soleil sont con\u00e7ues pour compl\u00e9ter vos caract\u00e9ristiques uniques, garantissant un ajustement parfait et un look \u00e9l\u00e9gant \u00e0 chaque fois.<\/p>\n<p><strong>Design \u00e9l\u00e9gant :<\/strong> Avec leur design sans monture et leur \u00e9l\u00e9gante monture en alliage m\u00e9tallique, nos lunettes de soleil exsudent la sophistication et le style. D\u00e9marquez-vous de la foule et faites une d\u00e9claration de mode o\u00f9 que vous alliez.<\/p>\n<p><strong>Technologie avanc\u00e9e des lentilles :<\/strong> \u00c9quip\u00e9es de verres Polaroid, nos lunettes de soleil offrent une clart\u00e9 sup\u00e9rieure et une r\u00e9duction des reflets, ce qui vous permet de voir le monde avec une pr\u00e9cision et une vivacit\u00e9 accrues. Le traitement miroir ajoute une touche d'\u00e9l\u00e9gance tout en offrant une protection suppl\u00e9mentaire contre les rayons UV nocifs.<\/p>\n<p><strong>Confortable et durable :<\/strong> Dot\u00e9es de plaquettes de nez en silicone souple et d'une monture en alliage m\u00e9tallique robuste, nos lunettes de soleil sont non seulement \u00e9l\u00e9gantes, mais aussi incroyablement confortables \u00e0 porter pendant de longues p\u00e9riodes. Faites l'exp\u00e9rience d'un confort et d'une durabilit\u00e9 in\u00e9gal\u00e9s avec MuseLife.<\/p>\n<p><strong>Pourquoi choisir les lunettes de soleil MuseLife ?<\/strong><\/p>\n<ul>\n<li>Marque de confiance : MuseLife s'engage \u00e0 fournir des lunettes de haute qualit\u00e9 qui allient style, fonctionnalit\u00e9 et durabilit\u00e9.<\/li>\n<li>Protection sup\u00e9rieure : Nos lunettes de soleil offrent une protection compl\u00e8te contre les rayons UV, l'\u00e9blouissement et le vertige, garantissant la s\u00e9curit\u00e9 et le confort de vos yeux dans n'importe quel environnement.<\/li>\n<li>Utilisation polyvalente : Que vous preniez la route, que vous lanciez une ligne ou que vous preniez le soleil en vacances, nos lunettes de soleil sont le compagnon id\u00e9al de toutes vos aventures.<\/li>\n<\/ul>\n<p>Am\u00e9liorez votre jeu de lunettes avec les nouvelles lunettes de soleil polaris\u00e9es pour hommes de MuseLife et d\u00e9couvrez le m\u00e9lange parfait de style et de performance.<\/p>\n<div class=\"detailmodule_html\">\n<div class=\"detail-desc-decorate-richtext\">\n<div class=\"\">\n<div class=\"\">\n<div><img decoding=\"async\" class=\"detail-desc-decorate-image\" src=\"https:\/\/ae01.alicdn.com\/kf\/H0491a143d340447eb9d5d4c43a111f84q.jpg\" \/><\/div>\n<div>\n<p style=\"color: #000000;\">100% Neuf et de haute qualit\u00e9<\/p>\n<\/div>\n<div>\n<p style=\"color: #000000;\">Genre : Hommes<\/p>\n<\/div>\n<div>\n<p style=\"color: #000000;\">Hauteur de l'objectif : 5.2CM<\/p>\n<\/div>\n<div>\n<p style=\"color: #000000;\">Largeur de l'objectif : 6,5 CM<\/p>\n<\/div>\n<div>\n<p style=\"color: #000000;\">Style : Sans bord<\/p>\n<\/div>\n<div>\n<p style=\"color: #000000;\">Contenu du paquet : 1 x Lunettes de soleil<\/p>\n<\/div>\n<div><a class=\"\" href=\"http:\/\/www.aliexpress.com\/item\/1005003236256682.html\" target=\"_self\" rel=\"noopener\"><img decoding=\"async\" class=\"detail-desc-decorate-image\" src=\"https:\/\/ae01.alicdn.com\/kf\/H5f84942afa0d46e89097c69590b70f31g.jpg\" \/><\/a><br \/>\n<img decoding=\"async\" class=\"detail-desc-decorate-image\" src=\"https:\/\/ae01.alicdn.com\/kf\/H3dc671c196354b879cb9c1cc42ffd684v.jpg\" \/><br \/>\n<img decoding=\"async\" class=\"detail-desc-decorate-image\" src=\"https:\/\/ae01.alicdn.com\/kf\/Hc0f0ea7ba6cd4f438d03342e357254bfM.jpg\" \/><br \/>\n<img decoding=\"async\" class=\"detail-desc-decorate-image\" src=\"https:\/\/ae01.alicdn.com\/kf\/H8354ef829dbc45d690d74d5831363eafV.jpg\" \/><br \/>\n<img decoding=\"async\" class=\"detail-desc-decorate-image\" src=\"https:\/\/ae01.alicdn.com\/kf\/Hbcd9272de595471eae9b6a32d5c1c788f.jpg\" \/><br \/>\n<img decoding=\"async\" class=\"detail-desc-decorate-image\" src=\"https:\/\/ae01.alicdn.com\/kf\/H4aca95e7fe2d41a7a35cb4ef0d673540r.jpg\" \/><br \/>\n<img decoding=\"async\" class=\"detail-desc-decorate-image\" src=\"https:\/\/ae01.alicdn.com\/kf\/H9e4950cfbae34be78d504adbc99914deW.jpg\" \/><br \/>\n<img decoding=\"async\" class=\"detail-desc-decorate-image\" src=\"https:\/\/ae01.alicdn.com\/kf\/Hd56ccf556e5a4c408f890246cb630e35z.jpg\" \/><br \/>\n<img decoding=\"async\" class=\"detail-desc-decorate-image\" src=\"https:\/\/ae01.alicdn.com\/kf\/He1a9d27e47ef4cbe8c394b7bbb05672an.jpg\" \/><\/div>\n<div><img decoding=\"async\" class=\"detail-desc-decorate-image\" src=\"https:\/\/ae01.alicdn.com\/kf\/Ha63ac6d4ea1f4f82a269c07ba62a6202B.jpg\" \/><br \/>\n<img decoding=\"async\" class=\"detail-desc-decorate-image\" src=\"https:\/\/ae01.alicdn.com\/kf\/H3e2760bb1c874820b9619edc0d920194Y.jpg\" \/><br \/>\n<img decoding=\"async\" class=\"detail-desc-decorate-image\" src=\"https:\/\/ae01.alicdn.com\/kf\/H4f82bc551ddd4237bf20ab2163ee93453.jpg\" \/><br \/>\n<img decoding=\"async\" class=\"detail-desc-decorate-image\" src=\"https:\/\/ae01.alicdn.com\/kf\/H07e616e3e1f348b28732ea58b36d99aam.jpg\" \/><br \/>\n<img decoding=\"async\" class=\"detail-desc-decorate-image\" src=\"https:\/\/ae01.alicdn.com\/kf\/Haebfae6344bd45da8d6bd7d47788d149K.jpg\" \/><br \/>\n<img decoding=\"async\" class=\"detail-desc-decorate-image\" src=\"https:\/\/ae01.alicdn.com\/kf\/H5fba292e40ec4e468c408060dbe61ecer.jpg\" \/><br \/>\n<img decoding=\"async\" class=\"detail-desc-decorate-image\" src=\"https:\/\/ae01.alicdn.com\/kf\/Hd083e7bc90a54f73a8d1feb23f88b11cW.jpg\" \/><br \/>\n<img decoding=\"async\" class=\"detail-desc-decorate-image\" src=\"https:\/\/ae01.alicdn.com\/kf\/He0814ebbdb374412ba1315287971396eM.jpg\" \/><\/div>\n<\/div>\n<\/div>\n<\/div>\n<\/div>","protected":false},"excerpt":{"rendered":"<ul>\n<li><strong>Convient \u00e0 toutes les formes de visage<\/strong><\/li>\n<li><strong>Technologie avanc\u00e9e des lentilles<\/strong><\/li>\n<li><strong>Confortable et durable<\/strong><\/li>\n<li><strong>Protection UV400, antireflet, anti-vertige, verres polaris\u00e9s<\/strong><\/li>\n<\/ul>","protected":false},"featured_media":158206,"comment_status":"closed","ping_status":"closed","template":"","meta":[],"product_brand":[],"product_cat":[71,672],"product_tag":[646,554,280,433,415,511,555,248,247,645,279,556],"class_list":{"0":"post-158205","1":"product","2":"type-product","3":"status-publish","4":"has-post-thumbnail","6":"product_cat-accessories","7":"product_cat-sunglasses","8":"product_tag-driving","9":"product_tag-eyewear","10":"product_tag-face","11":"product_tag-fashionable-gift","12":"product_tag-fathers-day-gift","13":"product_tag-fun","14":"product_tag-glasses","15":"product_tag-hers","16":"product_tag-his","17":"product_tag-polarized","18":"product_tag-protect","19":"product_tag-sunglasses","21":"first","22":"instock","23":"taxable","24":"shipping-taxable","25":"purchasable","26":"product-type-variable"},"yoast_head":"<!-- This site is optimized with the Yoast SEO plugin v27.4 - https:\/\/yoast.com\/product\/yoast-seo-wordpress\/ -->\n<title>Best New Polarized Men Sunglasses: Classic Metal Frame with Mirror Lens - Perfect for Driving - Grizzly Adam<\/title>\n<meta name=\"description\" content=\"Whether you&#039;re hitting the road, casting a line, or soaking up the sun on vacation, our Best New Polarized Men Sunglasses are the perfect companion for all your adventures\" \/>\n<meta name=\"robots\" content=\"index, follow, max-snippet:-1, max-image-preview:large, max-video-preview:-1\" \/>\n<link rel=\"canonical\" href=\"https:\/\/grizzlyadam.co.uk\/fr\/produit\/best-new-polarized-men-sunglasses-classic-metal-frame-with-mirror-lens-perfect-for-driving\/\" \/>\n<meta property=\"og:locale\" content=\"fr_FR\" \/>\n<meta property=\"og:type\" content=\"article\" \/>\n<meta property=\"og:title\" content=\"Best New Polarized Men Sunglasses: Classic Metal Frame with Mirror Lens - Perfect for Driving - Grizzly Adam\" \/>\n<meta property=\"og:description\" content=\"Whether you&#039;re hitting the road, casting a line, or soaking up the sun on vacation, our Best New Polarized Men Sunglasses are the perfect companion for all your adventures\" \/>\n<meta property=\"og:url\" content=\"https:\/\/grizzlyadam.co.uk\/fr\/produit\/best-new-polarized-men-sunglasses-classic-metal-frame-with-mirror-lens-perfect-for-driving\/\" \/>\n<meta property=\"og:site_name\" content=\"Grizzly Adam\" \/>\n<meta property=\"article:publisher\" content=\"https:\/\/www.facebook.com\/grizzlyadamuk\" \/>\n<meta property=\"article:modified_time\" content=\"2026-04-24T14:46:53+00:00\" \/>\n<meta property=\"og:image\" content=\"https:\/\/grizzlyadam.co.uk\/wp-content\/uploads\/2024\/04\/New-Polarized-Men-Sunglasses-Classic-Driving-Sun-Glasses-Metal-Frame-Mirror-Lens-Sunglasses-Men-Women.webp\" \/>\n\t<meta property=\"og:image:width\" content=\"1000\" \/>\n\t<meta property=\"og:image:height\" content=\"1000\" \/>\n\t<meta property=\"og:image:type\" content=\"image\/webp\" \/>\n<meta name=\"twitter:card\" content=\"summary_large_image\" \/>\n<meta name=\"twitter:site\" content=\"@grizzlyadamuk\" \/>\n<meta name=\"twitter:label1\" content=\"Dur\u00e9e de lecture estim\u00e9e\" \/>\n\t<meta name=\"twitter:data1\" content=\"6 minutes\" \/>\n<script type=\"application\/ld+json\" class=\"yoast-schema-graph\">{\"@context\":\"https:\\\/\\\/schema.org\",\"@graph\":[{\"@type\":\"WebPage\",\"@id\":\"https:\\\/\\\/grizzlyadam.co.uk\\\/product\\\/best-new-polarized-men-sunglasses-classic-metal-frame-with-mirror-lens-perfect-for-driving\\\/\",\"url\":\"https:\\\/\\\/grizzlyadam.co.uk\\\/product\\\/best-new-polarized-men-sunglasses-classic-metal-frame-with-mirror-lens-perfect-for-driving\\\/\",\"name\":\"Best New Polarized Men Sunglasses: Classic Metal Frame with Mirror Lens - Perfect for Driving - Grizzly Adam\",\"isPartOf\":{\"@id\":\"https:\\\/\\\/project1-mke5mv4jgx.live-website.com\\\/#website\"},\"primaryImageOfPage\":{\"@id\":\"https:\\\/\\\/grizzlyadam.co.uk\\\/product\\\/best-new-polarized-men-sunglasses-classic-metal-frame-with-mirror-lens-perfect-for-driving\\\/#primaryimage\"},\"image\":{\"@id\":\"https:\\\/\\\/grizzlyadam.co.uk\\\/product\\\/best-new-polarized-men-sunglasses-classic-metal-frame-with-mirror-lens-perfect-for-driving\\\/#primaryimage\"},\"thumbnailUrl\":\"https:\\\/\\\/grizzlyadam.co.uk\\\/wp-content\\\/uploads\\\/2024\\\/04\\\/New-Polarized-Men-Sunglasses-Classic-Driving-Sun-Glasses-Metal-Frame-Mirror-Lens-Sunglasses-Men-Women.webp\",\"datePublished\":\"2024-04-14T11:33:30+00:00\",\"dateModified\":\"2026-04-24T14:46:53+00:00\",\"description\":\"Whether you're hitting the road, casting a line, or soaking up the sun on vacation, our Best New Polarized Men Sunglasses are the perfect companion for all your adventures\",\"breadcrumb\":{\"@id\":\"https:\\\/\\\/grizzlyadam.co.uk\\\/product\\\/best-new-polarized-men-sunglasses-classic-metal-frame-with-mirror-lens-perfect-for-driving\\\/#breadcrumb\"},\"inLanguage\":\"fr-FR\",\"potentialAction\":[{\"@type\":\"ReadAction\",\"target\":[\"https:\\\/\\\/grizzlyadam.co.uk\\\/product\\\/best-new-polarized-men-sunglasses-classic-metal-frame-with-mirror-lens-perfect-for-driving\\\/\"]}]},{\"@type\":\"ImageObject\",\"inLanguage\":\"fr-FR\",\"@id\":\"https:\\\/\\\/grizzlyadam.co.uk\\\/product\\\/best-new-polarized-men-sunglasses-classic-metal-frame-with-mirror-lens-perfect-for-driving\\\/#primaryimage\",\"url\":\"https:\\\/\\\/grizzlyadam.co.uk\\\/wp-content\\\/uploads\\\/2024\\\/04\\\/New-Polarized-Men-Sunglasses-Classic-Driving-Sun-Glasses-Metal-Frame-Mirror-Lens-Sunglasses-Men-Women.webp\",\"contentUrl\":\"https:\\\/\\\/grizzlyadam.co.uk\\\/wp-content\\\/uploads\\\/2024\\\/04\\\/New-Polarized-Men-Sunglasses-Classic-Driving-Sun-Glasses-Metal-Frame-Mirror-Lens-Sunglasses-Men-Women.webp\",\"width\":1000,\"height\":1000,\"caption\":\"Best New Polarized Men Sunglasses\"},{\"@type\":\"BreadcrumbList\",\"@id\":\"https:\\\/\\\/grizzlyadam.co.uk\\\/product\\\/best-new-polarized-men-sunglasses-classic-metal-frame-with-mirror-lens-perfect-for-driving\\\/#breadcrumb\",\"itemListElement\":[{\"@type\":\"ListItem\",\"position\":1,\"name\":\"Home\",\"item\":\"https:\\\/\\\/grizzlyadam.co.uk\\\/\"},{\"@type\":\"ListItem\",\"position\":2,\"name\":\"Shop\",\"item\":\"https:\\\/\\\/project1-mke5mv4jgx.live-website.com\\\/shop\\\/\"},{\"@type\":\"ListItem\",\"position\":3,\"name\":\"Best New Polarized Men Sunglasses: Classic Metal Frame with Mirror Lens &#8211; Perfect for Driving\"}]},{\"@type\":\"WebSite\",\"@id\":\"https:\\\/\\\/project1-mke5mv4jgx.live-website.com\\\/#website\",\"url\":\"https:\\\/\\\/project1-mke5mv4jgx.live-website.com\\\/\",\"name\":\"Grizzly Adam\",\"description\":\"Beard Oil And Grooming Products For Gentlemen\",\"publisher\":{\"@id\":\"https:\\\/\\\/project1-mke5mv4jgx.live-website.com\\\/#organization\"},\"potentialAction\":[{\"@type\":\"SearchAction\",\"target\":{\"@type\":\"EntryPoint\",\"urlTemplate\":\"https:\\\/\\\/project1-mke5mv4jgx.live-website.com\\\/?s={search_term_string}\"},\"query-input\":{\"@type\":\"PropertyValueSpecification\",\"valueRequired\":true,\"valueName\":\"search_term_string\"}}],\"inLanguage\":\"fr-FR\"},{\"@type\":\"Organization\",\"@id\":\"https:\\\/\\\/project1-mke5mv4jgx.live-website.com\\\/#organization\",\"name\":\"GRIZZLY ADAM\",\"url\":\"https:\\\/\\\/project1-mke5mv4jgx.live-website.com\\\/\",\"logo\":{\"@type\":\"ImageObject\",\"inLanguage\":\"fr-FR\",\"@id\":\"https:\\\/\\\/project1-mke5mv4jgx.live-website.com\\\/#\\\/schema\\\/logo\\\/image\\\/\",\"url\":\"https:\\\/\\\/grizzlyadam.co.uk\\\/wp-content\\\/uploads\\\/2019\\\/11\\\/gadamlogo.png\",\"contentUrl\":\"https:\\\/\\\/grizzlyadam.co.uk\\\/wp-content\\\/uploads\\\/2019\\\/11\\\/gadamlogo.png\",\"width\":\"200\",\"height\":\"200\",\"caption\":\"GRIZZLY ADAM\"},\"image\":{\"@id\":\"https:\\\/\\\/project1-mke5mv4jgx.live-website.com\\\/#\\\/schema\\\/logo\\\/image\\\/\"},\"sameAs\":[\"https:\\\/\\\/www.facebook.com\\\/grizzlyadamuk\",\"https:\\\/\\\/x.com\\\/grizzlyadamuk\",\"https:\\\/\\\/www.instagram.com\\\/grizzlyadamuk\\\/\"]}]}<\/script>\n<!-- \/ Yoast SEO plugin. -->","yoast_head_json":{"title":"Best New Polarized Men Sunglasses: Classic Metal Frame with Mirror Lens - Perfect for Driving - Grizzly Adam","description":"Whether you're hitting the road, casting a line, or soaking up the sun on vacation, our Best New Polarized Men Sunglasses are the perfect companion for all your adventures","robots":{"index":"index","follow":"follow","max-snippet":"max-snippet:-1","max-image-preview":"max-image-preview:large","max-video-preview":"max-video-preview:-1"},"canonical":"https:\/\/grizzlyadam.co.uk\/fr\/produit\/best-new-polarized-men-sunglasses-classic-metal-frame-with-mirror-lens-perfect-for-driving\/","og_locale":"fr_FR","og_type":"article","og_title":"Best New Polarized Men Sunglasses: Classic Metal Frame with Mirror Lens - Perfect for Driving - Grizzly Adam","og_description":"Whether you're hitting the road, casting a line, or soaking up the sun on vacation, our Best New Polarized Men Sunglasses are the perfect companion for all your adventures","og_url":"https:\/\/grizzlyadam.co.uk\/fr\/produit\/best-new-polarized-men-sunglasses-classic-metal-frame-with-mirror-lens-perfect-for-driving\/","og_site_name":"Grizzly Adam","article_publisher":"https:\/\/www.facebook.com\/grizzlyadamuk","article_modified_time":"2026-04-24T14:46:53+00:00","og_image":[{"width":1000,"height":1000,"url":"https:\/\/grizzlyadam.co.uk\/wp-content\/uploads\/2024\/04\/New-Polarized-Men-Sunglasses-Classic-Driving-Sun-Glasses-Metal-Frame-Mirror-Lens-Sunglasses-Men-Women.webp","type":"image\/webp"}],"twitter_card":"summary_large_image","twitter_site":"@grizzlyadamuk","twitter_misc":{"Dur\u00e9e de lecture estim\u00e9e":"6 minutes"},"schema":{"@context":"https:\/\/schema.org","@graph":[{"@type":"WebPage","@id":"https:\/\/grizzlyadam.co.uk\/product\/best-new-polarized-men-sunglasses-classic-metal-frame-with-mirror-lens-perfect-for-driving\/","url":"https:\/\/grizzlyadam.co.uk\/product\/best-new-polarized-men-sunglasses-classic-metal-frame-with-mirror-lens-perfect-for-driving\/","name":"Best New Polarized Men Sunglasses: Classic Metal Frame with Mirror Lens - Perfect for Driving - Grizzly Adam","isPartOf":{"@id":"https:\/\/project1-mke5mv4jgx.live-website.com\/#website"},"primaryImageOfPage":{"@id":"https:\/\/grizzlyadam.co.uk\/product\/best-new-polarized-men-sunglasses-classic-metal-frame-with-mirror-lens-perfect-for-driving\/#primaryimage"},"image":{"@id":"https:\/\/grizzlyadam.co.uk\/product\/best-new-polarized-men-sunglasses-classic-metal-frame-with-mirror-lens-perfect-for-driving\/#primaryimage"},"thumbnailUrl":"https:\/\/grizzlyadam.co.uk\/wp-content\/uploads\/2024\/04\/New-Polarized-Men-Sunglasses-Classic-Driving-Sun-Glasses-Metal-Frame-Mirror-Lens-Sunglasses-Men-Women.webp","datePublished":"2024-04-14T11:33:30+00:00","dateModified":"2026-04-24T14:46:53+00:00","description":"Whether you're hitting the road, casting a line, or soaking up the sun on vacation, our Best New Polarized Men Sunglasses are the perfect companion for all your adventures","breadcrumb":{"@id":"https:\/\/grizzlyadam.co.uk\/product\/best-new-polarized-men-sunglasses-classic-metal-frame-with-mirror-lens-perfect-for-driving\/#breadcrumb"},"inLanguage":"fr-FR","potentialAction":[{"@type":"ReadAction","target":["https:\/\/grizzlyadam.co.uk\/product\/best-new-polarized-men-sunglasses-classic-metal-frame-with-mirror-lens-perfect-for-driving\/"]}]},{"@type":"ImageObject","inLanguage":"fr-FR","@id":"https:\/\/grizzlyadam.co.uk\/product\/best-new-polarized-men-sunglasses-classic-metal-frame-with-mirror-lens-perfect-for-driving\/#primaryimage","url":"https:\/\/grizzlyadam.co.uk\/wp-content\/uploads\/2024\/04\/New-Polarized-Men-Sunglasses-Classic-Driving-Sun-Glasses-Metal-Frame-Mirror-Lens-Sunglasses-Men-Women.webp","contentUrl":"https:\/\/grizzlyadam.co.uk\/wp-content\/uploads\/2024\/04\/New-Polarized-Men-Sunglasses-Classic-Driving-Sun-Glasses-Metal-Frame-Mirror-Lens-Sunglasses-Men-Women.webp","width":1000,"height":1000,"caption":"Best New Polarized Men Sunglasses"},{"@type":"BreadcrumbList","@id":"https:\/\/grizzlyadam.co.uk\/product\/best-new-polarized-men-sunglasses-classic-metal-frame-with-mirror-lens-perfect-for-driving\/#breadcrumb","itemListElement":[{"@type":"ListItem","position":1,"name":"Home","item":"https:\/\/grizzlyadam.co.uk\/"},{"@type":"ListItem","position":2,"name":"Shop","item":"https:\/\/project1-mke5mv4jgx.live-website.com\/shop\/"},{"@type":"ListItem","position":3,"name":"Best New Polarized Men Sunglasses: Classic Metal Frame with Mirror Lens &#8211; Perfect for Driving"}]},{"@type":"WebSite","@id":"https:\/\/project1-mke5mv4jgx.live-website.com\/#website","url":"https:\/\/project1-mke5mv4jgx.live-website.com\/","name":"Grizzly Adam","description":"Huile \u00e0 barbe et produits de toilettage pour hommes","publisher":{"@id":"https:\/\/project1-mke5mv4jgx.live-website.com\/#organization"},"potentialAction":[{"@type":"SearchAction","target":{"@type":"EntryPoint","urlTemplate":"https:\/\/project1-mke5mv4jgx.live-website.com\/?s={search_term_string}"},"query-input":{"@type":"PropertyValueSpecification","valueRequired":true,"valueName":"search_term_string"}}],"inLanguage":"fr-FR"},{"@type":"Organization","@id":"https:\/\/project1-mke5mv4jgx.live-website.com\/#organization","name":"GRIZZLY ADAM","url":"https:\/\/project1-mke5mv4jgx.live-website.com\/","logo":{"@type":"ImageObject","inLanguage":"fr-FR","@id":"https:\/\/project1-mke5mv4jgx.live-website.com\/#\/schema\/logo\/image\/","url":"https:\/\/grizzlyadam.co.uk\/wp-content\/uploads\/2019\/11\/gadamlogo.png","contentUrl":"https:\/\/grizzlyadam.co.uk\/wp-content\/uploads\/2019\/11\/gadamlogo.png","width":"200","height":"200","caption":"GRIZZLY ADAM"},"image":{"@id":"https:\/\/project1-mke5mv4jgx.live-website.com\/#\/schema\/logo\/image\/"},"sameAs":["https:\/\/www.facebook.com\/grizzlyadamuk","https:\/\/x.com\/grizzlyadamuk","https:\/\/www.instagram.com\/grizzlyadamuk\/"]}]}},"df_price":21.31,"df_sale_price":"","df_regular_price":21.31,"df_image_link":"https:\/\/grizzlyadam.co.uk\/wp-content\/uploads\/2024\/04\/New-Polarized-Men-Sunglasses-Classic-Driving-Sun-Glasses-Metal-Frame-Mirror-Lens-Sunglasses-Men-Women-300x300.webp","_links":{"self":[{"href":"https:\/\/grizzlyadam.co.uk\/fr\/wp-json\/wp\/v2\/product\/158205","targetHints":{"allow":["GET"]}}],"collection":[{"href":"https:\/\/grizzlyadam.co.uk\/fr\/wp-json\/wp\/v2\/product"}],"about":[{"href":"https:\/\/grizzlyadam.co.uk\/fr\/wp-json\/wp\/v2\/types\/product"}],"replies":[{"embeddable":true,"href":"https:\/\/grizzlyadam.co.uk\/fr\/wp-json\/wp\/v2\/comments?post=158205"}],"wp:featuredmedia":[{"embeddable":true,"href":"https:\/\/grizzlyadam.co.uk\/fr\/wp-json\/wp\/v2\/media\/158206"}],"wp:attachment":[{"href":"https:\/\/grizzlyadam.co.uk\/fr\/wp-json\/wp\/v2\/media?parent=158205"}],"wp:term":[{"taxonomy":"product_brand","embeddable":true,"href":"https:\/\/grizzlyadam.co.uk\/fr\/wp-json\/wp\/v2\/product_brand?post=158205"},{"taxonomy":"product_cat","embeddable":true,"href":"https:\/\/grizzlyadam.co.uk\/fr\/wp-json\/wp\/v2\/product_cat?post=158205"},{"taxonomy":"product_tag","embeddable":true,"href":"https:\/\/grizzlyadam.co.uk\/fr\/wp-json\/wp\/v2\/product_tag?post=158205"}],"curies":[{"name":"wp","href":"https:\/\/api.w.org\/{rel}","templated":true}]}}