{"id":15752,"date":"2019-06-11T11:38:17","date_gmt":"2019-06-11T10:38:17","guid":{"rendered":"https:\/\/grizzlyadam.co.uk\/product\/beard-straightening-comb\/"},"modified":"2026-03-31T11:06:51","modified_gmt":"2026-03-31T10:06:51","slug":"beard-straightening-comb","status":"publish","type":"product","link":"https:\/\/grizzlyadam.co.uk\/fr\/produit\/beard-straightening-comb\/","title":{"rendered":"PEIGNE \u00c0 BARBE POUR HOMMES"},"content":{"rendered":"<p><strong>Le peigne \u00e0 barbe est la toute premi\u00e8re brosse chauffante pour hommes, con\u00e7ue exclusivement pour lisser les poils du visage et leur donner un fini doux sans effort.<\/strong><\/p>\n<p><img loading=\"lazy\" decoding=\"async\" class=\"aligncenter\" src=\"https:\/\/cdn.shopify.com\/s\/files\/1\/2794\/4856\/files\/Beard-session_1.gif?v=1560013119\" alt=\"Beard straightener brush\" width=\"500\" height=\"375\" \/><\/p>\n<p>En combinant les fonctionnalit\u00e9s d'un\u00a0<strong>brosse \u00e0 cheveux avec le pouvoir de la chaleur<\/strong>Le peigne lissant pour barbe redonne \u00e0 votre barbe son aspect d'origine.\u00a0<strong>la perfection masculine et soign\u00e9e <\/strong>en<strong>\u00a0secondes !\u00a0<\/strong>Rejoignez les milliers de personnes qui ont d\u00e9couvert le peigne \u00e0 barbe et d\u00e9couvrez comment il a fait passer leur barbe au niveau sup\u00e9rieur !<\/p>\n<p><img decoding=\"async\" class=\"aligncenter\" src=\"https:\/\/cdn.shopify.com\/s\/files\/1\/2794\/4856\/files\/t2_large_grande_2119feb5-ac24-4b4b-8255-74ae4eba0a99_large.png?v=1558638537\" alt=\"hairbrush with the power of heat\" \/><\/p>\n<p>Le peigne \u00e0 barbe est le\u00a0<strong>avantage ultime<\/strong>\u00a0dans un monde de barbes moyennes ! En utilisant un\u00a0<strong>conception \u00e0 profil bas<\/strong>\u00a0et\u00a0<strong>technologie des ions n\u00e9gatifs<\/strong>un \u00e9pais hors de contr\u00f4le\u00a0<strong>La barbe peut \u00eatre transform\u00e9e en une barbe douce et lisse.<\/strong>et\u00a0<strong>look enviable<\/strong>.<\/p>\n<p class=\"ql-align-center\"><img loading=\"lazy\" decoding=\"async\" class=\"aligncenter\" src=\"https:\/\/cdn.shopify.com\/s\/files\/1\/2794\/4856\/files\/men-v02_large_7b0420e9-9b49-484b-9537-1bedb74628e5_large.gif?v=1558632361\" alt=\"Negative ION in effect\" width=\"350\" height=\"242\" \/><\/p>\n<p>Peigne \u00e0 barbe\u00a0<strong>garantit l'absence de dommages \u00e0 la barbe<\/strong>. Ce peigne utilise\u00a0<strong>technologie des ions n\u00e9gatifs<\/strong>\u00a0pour \u00e9viter les dommages caus\u00e9s par la chaleur. Vous pouvez utiliser le peigne lissant pour barbe tous les jours pour un r\u00e9sultat optimal.\u00a0<strong>une barbe saine et soign\u00e9e<\/strong>. En outre, son\u00a0<strong>conception de la barri\u00e8re thermique<\/strong>\u00a0volont\u00e9\u00a0<strong>pr\u00e9venir les dommages caus\u00e9s par la chaleur \u00e0 votre visage<\/strong>.<\/p>\n<p class=\"ql-align-center\"><img decoding=\"async\" class=\"aligncenter\" src=\"https:\/\/cdn.shopify.com\/s\/files\/1\/2794\/4856\/files\/t3_large_grande_9d2c783f-ce93-4b6d-8e73-f56312976a7d_large.gif?v=1558632466\" alt=\"find out how it takes their beard to the next level\" \/><\/p>\n<p>Rejoignez les milliers de personnes qui d\u00e9couvrent cet incroyable peigne et d\u00e9couvrez comment il fait passer leur barbe \u00e0 la vitesse sup\u00e9rieure.<\/p>\n<p>Le peigne \u00e0 barbe Grizzly Adam's Beard Straightening Comb - votre nouveau meilleur ami et l'ultime chuchoteur de barbe. Fini les matins flous, fini les poils perdus. Ce m\u00e9chant gar\u00e7on est l\u00e0 pour garder votre duvet facial sous contr\u00f4le et faire de vous l'homme le plus lisse de la ville.<\/p>\n<p><span style=\"font-size: 110%;\">D\u00e9couvrons les principales caract\u00e9ristiques et les avantages de ce bijou de toilettage.<\/span><\/p>\n<p><strong>1. Une gestion de la crini\u00e8re sans souci :<\/strong> Dites adieu aux cheveux emm\u00eal\u00e9s et bonjour \u00e0 une barbe parfaitement entretenue. Notre peigne \u00e0 barbe glisse \u00e0 travers votre barbe comme un couteau chaud dans du beurre. Pas de tiraillements, pas d'accrocs, juste une barbe lisse et droite en quelques minutes.<\/p>\n<p><strong>2. Chauffage rapide :<\/strong> Vous avez besoin de sortir mais votre barbe ressemble \u00e0 un nid d'oiseau ? Pas de souci. Ce peigne chauffe plus vite que vous ne pouvez dire \"Grizzly Adam\". En seulement 30 secondes, vous serez pr\u00eat \u00e0 dompter la barbe la plus sauvage.<\/p>\n<p><strong>3. Contr\u00f4le de la temp\u00e9rature :<\/strong> Il n'y a pas de taille unique, surtout lorsqu'il s'agit de barbe. Notre peigne lisseur est dot\u00e9 d'une chaleur r\u00e9glable. Que votre barbe soit aussi d\u00e9licate qu'un chaton nouveau-n\u00e9 ou aussi r\u00e9sistante qu'une vieille botte, nous avons ce qu'il vous faut.<\/p>\n<p><strong>4. S\u00fbr et facile \u00e0 utiliser :<\/strong> Chez Grizzly Adam, la s\u00e9curit\u00e9 est au c\u0153ur de nos pr\u00e9occupations. Notre peigne est dot\u00e9 d'une technologie anti-br\u00fblure pour prot\u00e9ger votre peau et d'un cordon rotatif \u00e0 360\u00b0 pour \u00e9viter les enchev\u00eatrements. De plus, il est con\u00e7u de mani\u00e8re ergonomique pour une prise en main confortable, faisant de votre routine de toilettage un jeu d'enfant.<\/p>\n<p><strong>5. Portable et facile \u00e0 transporter :<\/strong> Besoin d'\u00eatre \u00e9l\u00e9gant en d\u00e9placement ? Nous sommes l\u00e0 pour vous aider. L\u00e9ger et compact, ce peigne se glisse parfaitement dans votre sac de voyage. Ainsi, que vous partiez pour un voyage d'affaires ou une aventure en pleine nature, vous serez toujours pr\u00eat \u00e0 affronter le monde avec une belle barbe.<\/p>\n<p>En bref, le peigne \u00e0 barbe Grizzly Adam est plus qu'un simple peigne. Il change la donne, dompte la barbe et, plus important encore, vous permet d'obtenir un look plus net et plus soign\u00e9. Alors, allez-y, donnez \u00e0 votre barbe l'amour et le soin qu'elle m\u00e9rite !<\/p>\n<p>&nbsp;<\/p>\n<p><img loading=\"lazy\" decoding=\"async\" class=\"aligncenter wp-image-21783 size-full\" src=\"https:\/\/grizzlyadam.co.uk\/wp-content\/uploads\/2020\/05\/whitegoldstraightener.jpg\" alt=\"\" width=\"1000\" height=\"1000\" srcset=\"https:\/\/grizzlyadam.co.uk\/wp-content\/uploads\/2020\/05\/whitegoldstraightener.jpg 1000w, https:\/\/grizzlyadam.co.uk\/wp-content\/uploads\/2020\/05\/whitegoldstraightener-300x300.jpg 300w, https:\/\/grizzlyadam.co.uk\/wp-content\/uploads\/2020\/05\/whitegoldstraightener-150x150.jpg 150w, https:\/\/grizzlyadam.co.uk\/wp-content\/uploads\/2020\/05\/whitegoldstraightener-768x768.jpg 768w, https:\/\/grizzlyadam.co.uk\/wp-content\/uploads\/2020\/05\/whitegoldstraightener-600x600.jpg 600w, https:\/\/grizzlyadam.co.uk\/wp-content\/uploads\/2020\/05\/whitegoldstraightener-100x100.jpg 100w\" sizes=\"auto, (max-width: 1000px) 100vw, 1000px\" \/><\/p>\n<p>&nbsp;<\/p>\n<p><strong>CARACT\u00c9RISTIQUES :<\/strong><\/p>\n<p>&nbsp;<\/p>\n<ul>\n<li><img decoding=\"async\" class=\"aligncenter\" style=\"color: #555555; font-size: 14.4px;\" src=\"https:\/\/cdn.shopify.com\/s\/files\/1\/2794\/4856\/files\/t5_large_grande_33dc5634-2c2f-45ae-aa8b-a8ede5b9e266_large.png?v=1558632898\" alt=\"Before and After picture\" \/><\/li>\n<\/ul>\n<p><strong>MODE D'EMPLOI :<\/strong><\/p>\n<ul>\n<li>Assurez-vous que les cheveux et la barbe sont compl\u00e8tement secs avant de commencer l'utilisation.<\/li>\n<li>Il suffit de brancher et d'allumer le lisseur de barbe de luxe.<\/li>\n<li>Attendre trois minutes pour qu'il atteigne la temp\u00e9rature optimale de 180 \u00b0C.<\/li>\n<li>Brosser les cheveux et la barbe, de la racine \u00e0 la pointe, jusqu'\u00e0 l'obtention de la douceur souhait\u00e9e. Le fait de passer plusieurs fois sur les m\u00eames m\u00e8ches n'ab\u00eeme pas les cheveux.<\/li>\n<li>Lorsque vous avez termin\u00e9, \u00e9teignez le lisseur de barbe deluxe et d\u00e9branchez-le, attendez qu'il refroidisse avant de l'enlever.<\/li>\n<\/ul>\n<p class=\"ql-align-center\"><img loading=\"lazy\" decoding=\"async\" class=\"alignnone wp-image-21525 size-full\" src=\"https:\/\/grizzlyadam.co.uk\/wp-content\/uploads\/2019\/06\/beardstyle.jpg\" alt=\"\" width=\"800\" height=\"800\" srcset=\"https:\/\/grizzlyadam.co.uk\/wp-content\/uploads\/2019\/06\/beardstyle.jpg 800w, https:\/\/grizzlyadam.co.uk\/wp-content\/uploads\/2019\/06\/beardstyle-300x300.jpg 300w, https:\/\/grizzlyadam.co.uk\/wp-content\/uploads\/2019\/06\/beardstyle-150x150.jpg 150w, https:\/\/grizzlyadam.co.uk\/wp-content\/uploads\/2019\/06\/beardstyle-768x768.jpg 768w, https:\/\/grizzlyadam.co.uk\/wp-content\/uploads\/2019\/06\/beardstyle-600x600.jpg 600w, https:\/\/grizzlyadam.co.uk\/wp-content\/uploads\/2019\/06\/beardstyle-100x100.jpg 100w\" sizes=\"auto, (max-width: 800px) 100vw, 800px\" \/><\/p>\n<p>&nbsp;<\/p>\n<p><strong>\u00a0CE QUI EST INCLUS :<\/strong><\/p>\n<ul>\n<li>1 x Peigne \u00e0 barbe<\/li>\n<\/ul>\n<p>&nbsp;<\/p>\n<p><strong>NOTRE GARANTIE<\/strong><\/p>\n<p>Nous pensons sinc\u00e8rement que nos produits sont parmi les meilleurs au monde et nous voulons nous assurer que nous les soutenons avec une garantie sans risque de 30 jours.<\/p>\n<p>Si l'exp\u00e9rience n'est pas positive pour l\u00a0<strong>ANY<\/strong>\u00a0raison, nous ferons\u00a0<strong>QUOI QU'IL EN SOIT<\/strong>\u00a0Nous nous effor\u00e7ons de faire en sorte que vous soyez satisfait de votre achat.<\/p>\n<p>L'achat d'articles en ligne peut \u00eatre une t\u00e2che d\u00e9courageante, c'est pourquoi nous voulons que vous sachiez qu'il est absolument possible d'acheter des articles en ligne.\u00a0<strong>ZERO<\/strong>\u00a0Il n'y a pas de risque \u00e0 acheter quelque chose et \u00e0 l'essayer. Si vous ne l'aimez pas, sans rancune, nous ferons en sorte que cela se passe bien.<\/p>\n<p>&nbsp;<\/p>\n<p><strong>OBTENEZ LE V\u00d4TRE EN CLIQUANT SUR AJOUTER AU PANIER CI-DESSUS<\/strong><\/p>\n<p>&nbsp;<\/p>","protected":false},"excerpt":{"rendered":"<ul>\n<li><strong>Pas de dommages aux barbes<\/strong>Technologie de l'ion n\u00e9gatif pour pr\u00e9venir les dommages caus\u00e9s par la chaleur. Peigner quotidiennement pour une apparence saine et soign\u00e9e.<\/li>\n<li><strong>Conception de la barri\u00e8re thermique<\/strong>Le masque de beaut\u00e9 : avec des poils r\u00e9volutionnaires qui glissent sans effort sur le visage et le cuir chevelu, sans agresser la peau.<\/li>\n<li><strong>Style durable et sans effort<\/strong>: La qualit\u00e9 des performances garantit un r\u00e9sultat durable, facile \u00e0 obtenir et qui ne n\u00e9cessite que quelques minutes de retouche, m\u00eame avec les cheveux les plus r\u00eaches et les plus durs.<\/li>\n<li><strong>Multi-usage - Barbe et cheveux<\/strong>Lorsque votre barbe est impeccable, c'est l'outil id\u00e9al pour retoucher les poils de la t\u00eate !<\/li>\n<li><strong>Chauffage rapide<\/strong>: La temp\u00e9rature est atteinte en 15 secondes, ce qui est id\u00e9al pour une retouche rapide.<\/li>\n<li><strong>L\u00e9ger et ergonomique<\/strong>: Confortable et contr\u00f4lable en main pour un coiffage d\u00e9taill\u00e9.<\/li>\n<li>\n<div class=\"freeshipbanner\"><strong>Livraison rapide en 2 jours<\/strong><\/div>\n<\/li>\n<\/ul>\n<p>&nbsp;<\/p>","protected":false},"featured_media":21521,"comment_status":"closed","ping_status":"closed","template":"","meta":[],"product_brand":[],"product_cat":[71,72,74,90],"product_tag":[204,76,83,92,97,93],"class_list":{"0":"post-15752","1":"product","2":"type-product","3":"status-publish","4":"has-post-thumbnail","6":"product_cat-accessories","7":"product_cat-beard-comb","8":"product_cat-grooming-kits","9":"product_cat-hair-care","10":"product_tag-brush","11":"product_tag-comb","12":"product_tag-grooming","13":"product_tag-hair-care","14":"product_tag-men","15":"product_tag-styling","17":"first","18":"instock","19":"sale","20":"taxable","21":"shipping-taxable","22":"purchasable","23":"product-type-variable"},"yoast_head":"<!-- This site is optimized with the Yoast SEO plugin v27.2 - https:\/\/yoast.com\/product\/yoast-seo-wordpress\/ -->\n<title>BEARD STRAIGHTENING COMB FOR MEN - Grizzly Adam<\/title>\n<meta name=\"description\" content=\"&quot;Discover Grizzly Adam&#039;s Beard Straightening Comb, an advanced grooming tool that effortlessly tames and straightens your beard, promoting a sleek and polished look. Order yours now for a well-groomed, confident appearance!&quot;\" \/>\n<meta name=\"robots\" content=\"index, follow, max-snippet:-1, max-image-preview:large, max-video-preview:-1\" \/>\n<link rel=\"canonical\" href=\"https:\/\/grizzlyadam.co.uk\/fr\/produit\/beard-straightening-comb\/\" \/>\n<meta property=\"og:locale\" content=\"fr_FR\" \/>\n<meta property=\"og:type\" content=\"article\" \/>\n<meta property=\"og:title\" content=\"BEARD STRAIGHTENING COMB FOR MEN - Grizzly Adam\" \/>\n<meta property=\"og:description\" content=\"&quot;Discover Grizzly Adam&#039;s Beard Straightening Comb, an advanced grooming tool that effortlessly tames and straightens your beard, promoting a sleek and polished look. Order yours now for a well-groomed, confident appearance!&quot;\" \/>\n<meta property=\"og:url\" content=\"https:\/\/grizzlyadam.co.uk\/fr\/produit\/beard-straightening-comb\/\" \/>\n<meta property=\"og:site_name\" content=\"Grizzly Adam\" \/>\n<meta property=\"article:publisher\" content=\"https:\/\/www.facebook.com\/grizzlyadamuk\" \/>\n<meta property=\"article:modified_time\" content=\"2026-03-31T10:06:51+00:00\" \/>\n<meta property=\"og:image\" content=\"https:\/\/grizzlyadam.co.uk\/wp-content\/uploads\/2019\/06\/productmain.jpg\" \/>\n\t<meta property=\"og:image:width\" content=\"1000\" \/>\n\t<meta property=\"og:image:height\" content=\"1000\" \/>\n\t<meta property=\"og:image:type\" content=\"image\/jpeg\" \/>\n<meta name=\"twitter:card\" content=\"summary_large_image\" \/>\n<meta name=\"twitter:site\" content=\"@grizzlyadamuk\" \/>\n<meta name=\"twitter:label1\" content=\"Dur\u00e9e de lecture estim\u00e9e\" \/>\n\t<meta name=\"twitter:data1\" content=\"5 minutes\" \/>\n<script type=\"application\/ld+json\" class=\"yoast-schema-graph\">{\"@context\":\"https:\/\/schema.org\",\"@graph\":[{\"@type\":\"WebPage\",\"@id\":\"https:\/\/grizzlyadam.co.uk\/product\/beard-straightening-comb\/\",\"url\":\"https:\/\/grizzlyadam.co.uk\/product\/beard-straightening-comb\/\",\"name\":\"BEARD STRAIGHTENING COMB FOR MEN - Grizzly Adam\",\"isPartOf\":{\"@id\":\"https:\/\/project1-mke5mv4jgx.live-website.com\/#website\"},\"primaryImageOfPage\":{\"@id\":\"https:\/\/grizzlyadam.co.uk\/product\/beard-straightening-comb\/#primaryimage\"},\"image\":{\"@id\":\"https:\/\/grizzlyadam.co.uk\/product\/beard-straightening-comb\/#primaryimage\"},\"thumbnailUrl\":\"https:\/\/grizzlyadam.co.uk\/wp-content\/uploads\/2019\/06\/productmain.jpg\",\"datePublished\":\"2019-06-11T10:38:17+00:00\",\"dateModified\":\"2026-03-31T10:06:51+00:00\",\"description\":\"\\\"Discover Grizzly Adam's Beard Straightening Comb, an advanced grooming tool that effortlessly tames and straightens your beard, promoting a sleek and polished look. Order yours now for a well-groomed, confident appearance!\\\"\",\"breadcrumb\":{\"@id\":\"https:\/\/grizzlyadam.co.uk\/product\/beard-straightening-comb\/#breadcrumb\"},\"inLanguage\":\"fr-FR\",\"potentialAction\":[{\"@type\":\"ReadAction\",\"target\":[\"https:\/\/grizzlyadam.co.uk\/product\/beard-straightening-comb\/\"]}]},{\"@type\":\"ImageObject\",\"inLanguage\":\"fr-FR\",\"@id\":\"https:\/\/grizzlyadam.co.uk\/product\/beard-straightening-comb\/#primaryimage\",\"url\":\"https:\/\/grizzlyadam.co.uk\/wp-content\/uploads\/2019\/06\/productmain.jpg\",\"contentUrl\":\"https:\/\/grizzlyadam.co.uk\/wp-content\/uploads\/2019\/06\/productmain.jpg\",\"width\":1000,\"height\":1000},{\"@type\":\"BreadcrumbList\",\"@id\":\"https:\/\/grizzlyadam.co.uk\/product\/beard-straightening-comb\/#breadcrumb\",\"itemListElement\":[{\"@type\":\"ListItem\",\"position\":1,\"name\":\"Home\",\"item\":\"https:\/\/grizzlyadam.co.uk\/\"},{\"@type\":\"ListItem\",\"position\":2,\"name\":\"Shop\",\"item\":\"https:\/\/project1-mke5mv4jgx.live-website.com\/shop\/\"},{\"@type\":\"ListItem\",\"position\":3,\"name\":\"BEARD STRAIGHTENING COMB FOR MEN\"}]},{\"@type\":\"WebSite\",\"@id\":\"https:\/\/project1-mke5mv4jgx.live-website.com\/#website\",\"url\":\"https:\/\/project1-mke5mv4jgx.live-website.com\/\",\"name\":\"Grizzly Adam\",\"description\":\"Beard Oil And Grooming Products For Gentlemen\",\"publisher\":{\"@id\":\"https:\/\/project1-mke5mv4jgx.live-website.com\/#organization\"},\"potentialAction\":[{\"@type\":\"SearchAction\",\"target\":{\"@type\":\"EntryPoint\",\"urlTemplate\":\"https:\/\/project1-mke5mv4jgx.live-website.com\/?s={search_term_string}\"},\"query-input\":{\"@type\":\"PropertyValueSpecification\",\"valueRequired\":true,\"valueName\":\"search_term_string\"}}],\"inLanguage\":\"fr-FR\"},{\"@type\":\"Organization\",\"@id\":\"https:\/\/project1-mke5mv4jgx.live-website.com\/#organization\",\"name\":\"GRIZZLY ADAM\",\"url\":\"https:\/\/project1-mke5mv4jgx.live-website.com\/\",\"logo\":{\"@type\":\"ImageObject\",\"inLanguage\":\"fr-FR\",\"@id\":\"https:\/\/project1-mke5mv4jgx.live-website.com\/#\/schema\/logo\/image\/\",\"url\":\"https:\/\/grizzlyadam.co.uk\/wp-content\/uploads\/2019\/11\/gadamlogo.png\",\"contentUrl\":\"https:\/\/grizzlyadam.co.uk\/wp-content\/uploads\/2019\/11\/gadamlogo.png\",\"width\":\"200\",\"height\":\"200\",\"caption\":\"GRIZZLY ADAM\"},\"image\":{\"@id\":\"https:\/\/project1-mke5mv4jgx.live-website.com\/#\/schema\/logo\/image\/\"},\"sameAs\":[\"https:\/\/www.facebook.com\/grizzlyadamuk\",\"https:\/\/x.com\/grizzlyadamuk\",\"https:\/\/www.instagram.com\/grizzlyadamuk\/\"]}]}<\/script>\n<!-- \/ Yoast SEO plugin. -->","yoast_head_json":{"title":"BEARD STRAIGHTENING COMB FOR MEN - Grizzly Adam","description":"\"Discover Grizzly Adam's Beard Straightening Comb, an advanced grooming tool that effortlessly tames and straightens your beard, promoting a sleek and polished look. Order yours now for a well-groomed, confident appearance!\"","robots":{"index":"index","follow":"follow","max-snippet":"max-snippet:-1","max-image-preview":"max-image-preview:large","max-video-preview":"max-video-preview:-1"},"canonical":"https:\/\/grizzlyadam.co.uk\/fr\/produit\/beard-straightening-comb\/","og_locale":"fr_FR","og_type":"article","og_title":"BEARD STRAIGHTENING COMB FOR MEN - Grizzly Adam","og_description":"\"Discover Grizzly Adam's Beard Straightening Comb, an advanced grooming tool that effortlessly tames and straightens your beard, promoting a sleek and polished look. Order yours now for a well-groomed, confident appearance!\"","og_url":"https:\/\/grizzlyadam.co.uk\/fr\/produit\/beard-straightening-comb\/","og_site_name":"Grizzly Adam","article_publisher":"https:\/\/www.facebook.com\/grizzlyadamuk","article_modified_time":"2026-03-31T10:06:51+00:00","og_image":[{"width":1000,"height":1000,"url":"https:\/\/grizzlyadam.co.uk\/wp-content\/uploads\/2019\/06\/productmain.jpg","type":"image\/jpeg"}],"twitter_card":"summary_large_image","twitter_site":"@grizzlyadamuk","twitter_misc":{"Dur\u00e9e de lecture estim\u00e9e":"5 minutes"},"schema":{"@context":"https:\/\/schema.org","@graph":[{"@type":"WebPage","@id":"https:\/\/grizzlyadam.co.uk\/product\/beard-straightening-comb\/","url":"https:\/\/grizzlyadam.co.uk\/product\/beard-straightening-comb\/","name":"BEARD STRAIGHTENING COMB FOR MEN - Grizzly Adam","isPartOf":{"@id":"https:\/\/project1-mke5mv4jgx.live-website.com\/#website"},"primaryImageOfPage":{"@id":"https:\/\/grizzlyadam.co.uk\/product\/beard-straightening-comb\/#primaryimage"},"image":{"@id":"https:\/\/grizzlyadam.co.uk\/product\/beard-straightening-comb\/#primaryimage"},"thumbnailUrl":"https:\/\/grizzlyadam.co.uk\/wp-content\/uploads\/2019\/06\/productmain.jpg","datePublished":"2019-06-11T10:38:17+00:00","dateModified":"2026-03-31T10:06:51+00:00","description":"\"Discover Grizzly Adam's Beard Straightening Comb, an advanced grooming tool that effortlessly tames and straightens your beard, promoting a sleek and polished look. Order yours now for a well-groomed, confident appearance!\"","breadcrumb":{"@id":"https:\/\/grizzlyadam.co.uk\/product\/beard-straightening-comb\/#breadcrumb"},"inLanguage":"fr-FR","potentialAction":[{"@type":"ReadAction","target":["https:\/\/grizzlyadam.co.uk\/product\/beard-straightening-comb\/"]}]},{"@type":"ImageObject","inLanguage":"fr-FR","@id":"https:\/\/grizzlyadam.co.uk\/product\/beard-straightening-comb\/#primaryimage","url":"https:\/\/grizzlyadam.co.uk\/wp-content\/uploads\/2019\/06\/productmain.jpg","contentUrl":"https:\/\/grizzlyadam.co.uk\/wp-content\/uploads\/2019\/06\/productmain.jpg","width":1000,"height":1000},{"@type":"BreadcrumbList","@id":"https:\/\/grizzlyadam.co.uk\/product\/beard-straightening-comb\/#breadcrumb","itemListElement":[{"@type":"ListItem","position":1,"name":"Home","item":"https:\/\/grizzlyadam.co.uk\/"},{"@type":"ListItem","position":2,"name":"Shop","item":"https:\/\/project1-mke5mv4jgx.live-website.com\/shop\/"},{"@type":"ListItem","position":3,"name":"BEARD STRAIGHTENING COMB FOR MEN"}]},{"@type":"WebSite","@id":"https:\/\/project1-mke5mv4jgx.live-website.com\/#website","url":"https:\/\/project1-mke5mv4jgx.live-website.com\/","name":"Grizzly Adam","description":"Huile \u00e0 barbe et produits de toilettage pour hommes","publisher":{"@id":"https:\/\/project1-mke5mv4jgx.live-website.com\/#organization"},"potentialAction":[{"@type":"SearchAction","target":{"@type":"EntryPoint","urlTemplate":"https:\/\/project1-mke5mv4jgx.live-website.com\/?s={search_term_string}"},"query-input":{"@type":"PropertyValueSpecification","valueRequired":true,"valueName":"search_term_string"}}],"inLanguage":"fr-FR"},{"@type":"Organization","@id":"https:\/\/project1-mke5mv4jgx.live-website.com\/#organization","name":"GRIZZLY ADAM","url":"https:\/\/project1-mke5mv4jgx.live-website.com\/","logo":{"@type":"ImageObject","inLanguage":"fr-FR","@id":"https:\/\/project1-mke5mv4jgx.live-website.com\/#\/schema\/logo\/image\/","url":"https:\/\/grizzlyadam.co.uk\/wp-content\/uploads\/2019\/11\/gadamlogo.png","contentUrl":"https:\/\/grizzlyadam.co.uk\/wp-content\/uploads\/2019\/11\/gadamlogo.png","width":"200","height":"200","caption":"GRIZZLY ADAM"},"image":{"@id":"https:\/\/project1-mke5mv4jgx.live-website.com\/#\/schema\/logo\/image\/"},"sameAs":["https:\/\/www.facebook.com\/grizzlyadamuk","https:\/\/x.com\/grizzlyadamuk","https:\/\/www.instagram.com\/grizzlyadamuk\/"]}]}},"df_price":37.99,"df_sale_price":"","df_regular_price":37.99,"df_image_link":"https:\/\/grizzlyadam.co.uk\/wp-content\/uploads\/2019\/06\/productmain-300x300.jpg","_links":{"self":[{"href":"https:\/\/grizzlyadam.co.uk\/fr\/wp-json\/wp\/v2\/product\/15752","targetHints":{"allow":["GET"]}}],"collection":[{"href":"https:\/\/grizzlyadam.co.uk\/fr\/wp-json\/wp\/v2\/product"}],"about":[{"href":"https:\/\/grizzlyadam.co.uk\/fr\/wp-json\/wp\/v2\/types\/product"}],"replies":[{"embeddable":true,"href":"https:\/\/grizzlyadam.co.uk\/fr\/wp-json\/wp\/v2\/comments?post=15752"}],"wp:featuredmedia":[{"embeddable":true,"href":"https:\/\/grizzlyadam.co.uk\/fr\/wp-json\/wp\/v2\/media\/21521"}],"wp:attachment":[{"href":"https:\/\/grizzlyadam.co.uk\/fr\/wp-json\/wp\/v2\/media?parent=15752"}],"wp:term":[{"taxonomy":"product_brand","embeddable":true,"href":"https:\/\/grizzlyadam.co.uk\/fr\/wp-json\/wp\/v2\/product_brand?post=15752"},{"taxonomy":"product_cat","embeddable":true,"href":"https:\/\/grizzlyadam.co.uk\/fr\/wp-json\/wp\/v2\/product_cat?post=15752"},{"taxonomy":"product_tag","embeddable":true,"href":"https:\/\/grizzlyadam.co.uk\/fr\/wp-json\/wp\/v2\/product_tag?post=15752"}],"curies":[{"name":"wp","href":"https:\/\/api.w.org\/{rel}","templated":true}]}}