{"id":157235,"date":"2024-03-06T15:00:53","date_gmt":"2024-03-06T15:00:53","guid":{"rendered":"https:\/\/grizzlyadam.co.uk\/product\/anti-wrinkle-cream-for-men-remove-face-neck-wrinkles-firming-moisturizing-skin-retinol-face-cream-anti-aging-facial-treatment\/"},"modified":"2026-04-22T11:47:54","modified_gmt":"2026-04-22T10:47:54","slug":"anti-wrinkle-cream-for-men-remove-face-neck-wrinkles-firming-moisturizing-skin-retinol-face-cream-anti-aging-facial-treatment","status":"publish","type":"product","link":"https:\/\/grizzlyadam.co.uk\/fr\/produit\/anti-wrinkle-cream-for-men-remove-face-neck-wrinkles-firming-moisturizing-skin-retinol-face-cream-anti-aging-facial-treatment\/","title":{"rendered":"Cr\u00e8me anti-rides pour hommes Anti-rides du visage et du cou Raffermir Hydratation de la peau Cr\u00e8me visage au r\u00e9tinol Traitement anti-\u00e2ge du visage"},"content":{"rendered":"<div class=\"product-specs-list-container\">\n<ul class=\"product-specs-list util-clearfix\">\n<li class=\"product-prop line-limit-length\"><span class=\"property-title\">Nombre de pi\u00e8ces :\u00a0<\/span><span class=\"property-desc line-limit-length\">Une unit\u00e9<\/span><\/li>\n<li class=\"product-prop line-limit-length\"><span class=\"property-title\">Num\u00e9ro de certificat :\u00a0<\/span><span class=\"property-desc line-limit-length\">G20130358<\/span><\/li>\n<li class=\"product-prop line-limit-length\"><span class=\"property-title\">NET WT :\u00a0<\/span><span class=\"property-desc line-limit-length\">30ml<\/span><\/li>\n<li class=\"product-prop line-limit-length\"><span class=\"property-title\">Fonctionnalit\u00e9 :\u00a0<\/span><span class=\"property-desc line-limit-length\">Hydratation et \u00e9claircissement du teint<\/span><\/li>\n<li class=\"product-prop line-limit-length\"><span class=\"property-title\">Pays\/R\u00e9gion de fabrication :\u00a0<\/span><span class=\"property-desc line-limit-length\">CHINE<\/span><\/li>\n<li class=\"product-prop line-limit-length\"><span class=\"property-title\">Type d'article :\u00a0<\/span><span class=\"property-desc line-limit-length\">Cr\u00e8me<\/span><\/li>\n<li class=\"product-prop line-limit-length\"><span class=\"property-title\">Genre :\u00a0<\/span><span class=\"property-desc line-limit-length\">Homme<\/span><\/li>\n<li class=\"product-prop line-limit-length\"><span class=\"property-title\">Utiliser :\u00a0<\/span><span class=\"property-desc line-limit-length\">Visage<\/span><\/li>\n<li class=\"product-prop line-limit-length\"><span class=\"property-title\">Nom de marque :\u00a0<\/span><span class=\"property-desc line-limit-length\">TerexCare<\/span><\/li>\n<li class=\"product-prop line-limit-length\"><span class=\"property-title\">Origine :\u00a0<\/span><span class=\"property-desc line-limit-length\">Chine continentale<\/span><\/li>\n<li class=\"product-prop line-limit-length\"><span class=\"property-title\">Dur\u00e9e de conservation :\u00a0<\/span><span class=\"property-desc line-limit-length\">3 ans<\/span><\/li>\n<\/ul>\n<\/div>\n<p><strong>Nom du produit :<\/strong> Cr\u00e8me anti-rides pour hommes<\/p>\n<p><strong>Poids net : <\/strong>30g<\/p>\n<p><strong>Dur\u00e9e de conservation : <\/strong>3 ans<\/p>\n<p><strong>Convient pour :<\/strong> Toute la peau<\/p>\n<p><strong>Ingr\u00e9dients : <\/strong>R\u00e9tinol, acide hyaluronique, vitamine E<\/p>\n<p><strong>Fonctionnalit\u00e9 :<\/strong><\/p>\n<p>1. Adapt\u00e9s aux hommes, les ingr\u00e9dients nourrissants traversent la surface de la peau et p\u00e9n\u00e8trent en profondeur dans les tissus cutan\u00e9s pour \u00e9liminer les rides.<\/p>\n<p>2. Nourrissement en profondeur, extraits de plantes, sans danger ni irritation pour la peau.<\/p>\n<p>3. Cr\u00e8me anti-rides \u00e0 base d'extraits naturels de plantes, la cr\u00e8me anti-rides aide \u00e0 att\u00e9nuer les rides du visage, \u00e0 hydrater et \u00e0 apaiser la peau, et \u00e0 la garder fra\u00eeche et saine !<\/p>\n<p>4. La cr\u00e8me anti-rides pour hommes est extr\u00eamement douce et s\u00fbre. Elle convient \u00e0 de nombreux types de peau. Il n'y a pas d'allergie.<\/p>\n<p><strong>S'applique \u00e0 :<\/strong><\/p>\n<p>1. \u00c9liminer les rides<\/p>\n<p>2. R\u00e9activer la vitalit\u00e9 de la peau<\/p>\n<p>3. Anti-\u00e2ge<\/p>\n<p><strong>Comment l'utiliser ?<\/strong><\/p>\n<p>1. Lavez et s\u00e9chez votre visage avant utilisation.<\/p>\n<p>2. Prenez une petite quantit\u00e9 de cr\u00e8me antirides sur vos doigts et appliquez-la sur le visage. (\u00e9viter les yeux)<\/p>\n<p>3. Masser d\u00e9licatement la peau du visage jusqu'\u00e0 absorption compl\u00e8te.<\/p>\n<p><img decoding=\"async\" src=\"https:\/\/ae01.alicdn.com\/kf\/Sf89a4b708ccb499cb154f2cb9ccb3a34W.jpg\" \/><img decoding=\"async\" src=\"https:\/\/ae01.alicdn.com\/kf\/S67e6cc0f1f554cbab824c6ac5aedb6ce2.jpg\" \/><img decoding=\"async\" src=\"https:\/\/ae01.alicdn.com\/kf\/S3c9ccefe1d1745d79ec82afa1018baa4l.jpg\" \/><img decoding=\"async\" src=\"https:\/\/ae01.alicdn.com\/kf\/S5d408928f89e4dc8afeb9dda9d13fac4N.jpg\" \/><img decoding=\"async\" src=\"https:\/\/ae01.alicdn.com\/kf\/S3c99502f30b84417bb812ad8577426d4c.jpg\" \/><img decoding=\"async\" src=\"https:\/\/ae01.alicdn.com\/kf\/Sf2f698b84b3b424092b9a27c1fbb4e4aF.jpg\" \/><img decoding=\"async\" src=\"https:\/\/ae01.alicdn.com\/kf\/Sa127040e41844f3b99c9549375e199d2K.jpg\" \/><\/p>","protected":false},"excerpt":{"rendered":"<ul>\n<li class=\"\" data-start=\"0\" data-end=\"145\">\n<p class=\"\" data-start=\"2\" data-end=\"145\"><strong data-start=\"2\" data-end=\"24\" data-is-only-node=\"\">Buy 2, Get 1 Free!<\/strong> Stock up on our powerful anti-wrinkle cream and get a third one free\u2014perfect for keeping your skin youthful and fresh.<\/p>\n<\/li>\n<li class=\"\" data-start=\"147\" data-end=\"337\">\n<p class=\"\" data-start=\"149\" data-end=\"337\"><strong data-start=\"149\" data-end=\"189\" data-is-only-node=\"\">Deep Nourishment &amp; Wrinkle Reduction<\/strong> \u2013 Infused with natural herbal extracts, this formula penetrates deep to smooth wrinkles, moisturize, and revitalize your skin without irritation.<\/p>\n<\/li>\n<li class=\"\" data-start=\"339\" data-end=\"540\">\n<p class=\"\" data-start=\"341\" data-end=\"540\"><strong data-start=\"341\" data-end=\"384\" data-is-only-node=\"\">Gentle Yet Effective for All Skin Types<\/strong> \u2013 Designed for men, this non-irritating, allergy-safe cream provides intense hydration and anti-aging benefits for a healthier, younger-looking complexion.<\/p>\n<\/li>\n<\/ul>","protected":false},"featured_media":157236,"comment_status":"closed","ping_status":"closed","template":"","meta":[],"product_brand":[],"product_cat":[214],"product_tag":[280,68,557],"class_list":{"0":"post-157235","1":"product","2":"type-product","3":"status-publish","4":"has-post-thumbnail","6":"product_cat-shaving","7":"product_tag-face","8":"product_tag-moisturiser","9":"product_tag-skin","10":"pa_color-10pcs","11":"pa_color-1pcs","12":"pa_color-2pcs","13":"pa_color-3pcs","14":"pa_color-5pcs","16":"first","17":"instock","18":"taxable","19":"shipping-taxable","20":"purchasable","21":"product-type-variable"},"yoast_head":"<!-- This site is optimized with the Yoast SEO plugin v27.4 - https:\/\/yoast.com\/product\/yoast-seo-wordpress\/ -->\n<title>Anti-wrinkle Cream For Men Remove Face &amp; Neck Wrinkles Firming Moisturizing Skin Retinol Face Cream Anti-aging Facial Treatment - Grizzly Adam<\/title>\n<meta name=\"robots\" content=\"index, follow, max-snippet:-1, max-image-preview:large, max-video-preview:-1\" \/>\n<link rel=\"canonical\" href=\"https:\/\/grizzlyadam.co.uk\/fr\/produit\/anti-wrinkle-cream-for-men-remove-face-neck-wrinkles-firming-moisturizing-skin-retinol-face-cream-anti-aging-facial-treatment\/\" \/>\n<meta property=\"og:locale\" content=\"fr_FR\" \/>\n<meta property=\"og:type\" content=\"article\" \/>\n<meta property=\"og:title\" content=\"Anti-wrinkle Cream For Men Remove Face &amp; Neck Wrinkles Firming Moisturizing Skin Retinol Face Cream Anti-aging Facial Treatment - Grizzly Adam\" \/>\n<meta property=\"og:description\" content=\"Buy 2, Get 1 Free! Stock up on our powerful anti-wrinkle cream and get a third one free\u2014perfect for keeping your skin youthful and fresh.    Deep Nourishment &amp; Wrinkle Reduction \u2013 Infused with natural herbal extracts, this formula penetrates deep to smooth wrinkles, moisturize, and revitalize your skin without irritation.    Gentle Yet Effective for All Skin Types \u2013 Designed for men, this non-irritating, allergy-safe cream provides intense hydration and anti-aging benefits for a healthier, younger-looking complexion.\" \/>\n<meta property=\"og:url\" content=\"https:\/\/grizzlyadam.co.uk\/fr\/produit\/anti-wrinkle-cream-for-men-remove-face-neck-wrinkles-firming-moisturizing-skin-retinol-face-cream-anti-aging-facial-treatment\/\" \/>\n<meta property=\"og:site_name\" content=\"Grizzly Adam\" \/>\n<meta property=\"article:publisher\" content=\"https:\/\/www.facebook.com\/grizzlyadamuk\" \/>\n<meta property=\"article:modified_time\" content=\"2026-04-22T10:47:54+00:00\" \/>\n<meta property=\"og:image\" content=\"https:\/\/grizzlyadam.co.uk\/wp-content\/uploads\/2024\/03\/Anti-wrinkle-Cream-For-Men-Remove-Face-Neck-Wrinkles-Firming-Moisturizing-Skin-Retinol-Face-Cream-Anti.webp\" \/>\n\t<meta property=\"og:image:width\" content=\"800\" \/>\n\t<meta property=\"og:image:height\" content=\"800\" \/>\n\t<meta property=\"og:image:type\" content=\"image\/webp\" \/>\n<meta name=\"twitter:card\" content=\"summary_large_image\" \/>\n<meta name=\"twitter:site\" content=\"@grizzlyadamuk\" \/>\n<meta name=\"twitter:label1\" content=\"Dur\u00e9e de lecture estim\u00e9e\" \/>\n\t<meta name=\"twitter:data1\" content=\"3 minutes\" \/>\n<script type=\"application\/ld+json\" class=\"yoast-schema-graph\">{\"@context\":\"https:\\\/\\\/schema.org\",\"@graph\":[{\"@type\":\"WebPage\",\"@id\":\"https:\\\/\\\/grizzlyadam.co.uk\\\/product\\\/anti-wrinkle-cream-for-men-remove-face-neck-wrinkles-firming-moisturizing-skin-retinol-face-cream-anti-aging-facial-treatment\\\/\",\"url\":\"https:\\\/\\\/grizzlyadam.co.uk\\\/product\\\/anti-wrinkle-cream-for-men-remove-face-neck-wrinkles-firming-moisturizing-skin-retinol-face-cream-anti-aging-facial-treatment\\\/\",\"name\":\"Anti-wrinkle Cream For Men Remove Face & Neck Wrinkles Firming Moisturizing Skin Retinol Face Cream Anti-aging Facial Treatment - Grizzly Adam\",\"isPartOf\":{\"@id\":\"https:\\\/\\\/project1-mke5mv4jgx.live-website.com\\\/#website\"},\"primaryImageOfPage\":{\"@id\":\"https:\\\/\\\/grizzlyadam.co.uk\\\/product\\\/anti-wrinkle-cream-for-men-remove-face-neck-wrinkles-firming-moisturizing-skin-retinol-face-cream-anti-aging-facial-treatment\\\/#primaryimage\"},\"image\":{\"@id\":\"https:\\\/\\\/grizzlyadam.co.uk\\\/product\\\/anti-wrinkle-cream-for-men-remove-face-neck-wrinkles-firming-moisturizing-skin-retinol-face-cream-anti-aging-facial-treatment\\\/#primaryimage\"},\"thumbnailUrl\":\"https:\\\/\\\/grizzlyadam.co.uk\\\/wp-content\\\/uploads\\\/2024\\\/03\\\/Anti-wrinkle-Cream-For-Men-Remove-Face-Neck-Wrinkles-Firming-Moisturizing-Skin-Retinol-Face-Cream-Anti.webp\",\"datePublished\":\"2024-03-06T15:00:53+00:00\",\"dateModified\":\"2026-04-22T10:47:54+00:00\",\"breadcrumb\":{\"@id\":\"https:\\\/\\\/grizzlyadam.co.uk\\\/product\\\/anti-wrinkle-cream-for-men-remove-face-neck-wrinkles-firming-moisturizing-skin-retinol-face-cream-anti-aging-facial-treatment\\\/#breadcrumb\"},\"inLanguage\":\"fr-FR\",\"potentialAction\":[{\"@type\":\"ReadAction\",\"target\":[\"https:\\\/\\\/grizzlyadam.co.uk\\\/product\\\/anti-wrinkle-cream-for-men-remove-face-neck-wrinkles-firming-moisturizing-skin-retinol-face-cream-anti-aging-facial-treatment\\\/\"]}]},{\"@type\":\"ImageObject\",\"inLanguage\":\"fr-FR\",\"@id\":\"https:\\\/\\\/grizzlyadam.co.uk\\\/product\\\/anti-wrinkle-cream-for-men-remove-face-neck-wrinkles-firming-moisturizing-skin-retinol-face-cream-anti-aging-facial-treatment\\\/#primaryimage\",\"url\":\"https:\\\/\\\/grizzlyadam.co.uk\\\/wp-content\\\/uploads\\\/2024\\\/03\\\/Anti-wrinkle-Cream-For-Men-Remove-Face-Neck-Wrinkles-Firming-Moisturizing-Skin-Retinol-Face-Cream-Anti.webp\",\"contentUrl\":\"https:\\\/\\\/grizzlyadam.co.uk\\\/wp-content\\\/uploads\\\/2024\\\/03\\\/Anti-wrinkle-Cream-For-Men-Remove-Face-Neck-Wrinkles-Firming-Moisturizing-Skin-Retinol-Face-Cream-Anti.webp\",\"width\":800,\"height\":800},{\"@type\":\"BreadcrumbList\",\"@id\":\"https:\\\/\\\/grizzlyadam.co.uk\\\/product\\\/anti-wrinkle-cream-for-men-remove-face-neck-wrinkles-firming-moisturizing-skin-retinol-face-cream-anti-aging-facial-treatment\\\/#breadcrumb\",\"itemListElement\":[{\"@type\":\"ListItem\",\"position\":1,\"name\":\"Home\",\"item\":\"https:\\\/\\\/grizzlyadam.co.uk\\\/\"},{\"@type\":\"ListItem\",\"position\":2,\"name\":\"Shop\",\"item\":\"https:\\\/\\\/project1-mke5mv4jgx.live-website.com\\\/shop\\\/\"},{\"@type\":\"ListItem\",\"position\":3,\"name\":\"Anti-wrinkle Cream For Men Remove Face &#038; Neck Wrinkles Firming Moisturizing Skin Retinol Face Cream Anti-aging Facial Treatment\"}]},{\"@type\":\"WebSite\",\"@id\":\"https:\\\/\\\/project1-mke5mv4jgx.live-website.com\\\/#website\",\"url\":\"https:\\\/\\\/project1-mke5mv4jgx.live-website.com\\\/\",\"name\":\"Grizzly Adam\",\"description\":\"Beard Oil And Grooming Products For Gentlemen\",\"publisher\":{\"@id\":\"https:\\\/\\\/project1-mke5mv4jgx.live-website.com\\\/#organization\"},\"potentialAction\":[{\"@type\":\"SearchAction\",\"target\":{\"@type\":\"EntryPoint\",\"urlTemplate\":\"https:\\\/\\\/project1-mke5mv4jgx.live-website.com\\\/?s={search_term_string}\"},\"query-input\":{\"@type\":\"PropertyValueSpecification\",\"valueRequired\":true,\"valueName\":\"search_term_string\"}}],\"inLanguage\":\"fr-FR\"},{\"@type\":\"Organization\",\"@id\":\"https:\\\/\\\/project1-mke5mv4jgx.live-website.com\\\/#organization\",\"name\":\"GRIZZLY ADAM\",\"url\":\"https:\\\/\\\/project1-mke5mv4jgx.live-website.com\\\/\",\"logo\":{\"@type\":\"ImageObject\",\"inLanguage\":\"fr-FR\",\"@id\":\"https:\\\/\\\/project1-mke5mv4jgx.live-website.com\\\/#\\\/schema\\\/logo\\\/image\\\/\",\"url\":\"https:\\\/\\\/grizzlyadam.co.uk\\\/wp-content\\\/uploads\\\/2019\\\/11\\\/gadamlogo.png\",\"contentUrl\":\"https:\\\/\\\/grizzlyadam.co.uk\\\/wp-content\\\/uploads\\\/2019\\\/11\\\/gadamlogo.png\",\"width\":\"200\",\"height\":\"200\",\"caption\":\"GRIZZLY ADAM\"},\"image\":{\"@id\":\"https:\\\/\\\/project1-mke5mv4jgx.live-website.com\\\/#\\\/schema\\\/logo\\\/image\\\/\"},\"sameAs\":[\"https:\\\/\\\/www.facebook.com\\\/grizzlyadamuk\",\"https:\\\/\\\/x.com\\\/grizzlyadamuk\",\"https:\\\/\\\/www.instagram.com\\\/grizzlyadamuk\\\/\"]}]}<\/script>\n<!-- \/ Yoast SEO plugin. -->","yoast_head_json":{"title":"Anti-wrinkle Cream For Men Remove Face & Neck Wrinkles Firming Moisturizing Skin Retinol Face Cream Anti-aging Facial Treatment - Grizzly Adam","robots":{"index":"index","follow":"follow","max-snippet":"max-snippet:-1","max-image-preview":"max-image-preview:large","max-video-preview":"max-video-preview:-1"},"canonical":"https:\/\/grizzlyadam.co.uk\/fr\/produit\/anti-wrinkle-cream-for-men-remove-face-neck-wrinkles-firming-moisturizing-skin-retinol-face-cream-anti-aging-facial-treatment\/","og_locale":"fr_FR","og_type":"article","og_title":"Anti-wrinkle Cream For Men Remove Face & Neck Wrinkles Firming Moisturizing Skin Retinol Face Cream Anti-aging Facial Treatment - Grizzly Adam","og_description":"Buy 2, Get 1 Free! Stock up on our powerful anti-wrinkle cream and get a third one free\u2014perfect for keeping your skin youthful and fresh.    Deep Nourishment &amp; Wrinkle Reduction \u2013 Infused with natural herbal extracts, this formula penetrates deep to smooth wrinkles, moisturize, and revitalize your skin without irritation.    Gentle Yet Effective for All Skin Types \u2013 Designed for men, this non-irritating, allergy-safe cream provides intense hydration and anti-aging benefits for a healthier, younger-looking complexion.","og_url":"https:\/\/grizzlyadam.co.uk\/fr\/produit\/anti-wrinkle-cream-for-men-remove-face-neck-wrinkles-firming-moisturizing-skin-retinol-face-cream-anti-aging-facial-treatment\/","og_site_name":"Grizzly Adam","article_publisher":"https:\/\/www.facebook.com\/grizzlyadamuk","article_modified_time":"2026-04-22T10:47:54+00:00","og_image":[{"width":800,"height":800,"url":"https:\/\/grizzlyadam.co.uk\/wp-content\/uploads\/2024\/03\/Anti-wrinkle-Cream-For-Men-Remove-Face-Neck-Wrinkles-Firming-Moisturizing-Skin-Retinol-Face-Cream-Anti.webp","type":"image\/webp"}],"twitter_card":"summary_large_image","twitter_site":"@grizzlyadamuk","twitter_misc":{"Dur\u00e9e de lecture estim\u00e9e":"3 minutes"},"schema":{"@context":"https:\/\/schema.org","@graph":[{"@type":"WebPage","@id":"https:\/\/grizzlyadam.co.uk\/product\/anti-wrinkle-cream-for-men-remove-face-neck-wrinkles-firming-moisturizing-skin-retinol-face-cream-anti-aging-facial-treatment\/","url":"https:\/\/grizzlyadam.co.uk\/product\/anti-wrinkle-cream-for-men-remove-face-neck-wrinkles-firming-moisturizing-skin-retinol-face-cream-anti-aging-facial-treatment\/","name":"Anti-wrinkle Cream For Men Remove Face & Neck Wrinkles Firming Moisturizing Skin Retinol Face Cream Anti-aging Facial Treatment - Grizzly Adam","isPartOf":{"@id":"https:\/\/project1-mke5mv4jgx.live-website.com\/#website"},"primaryImageOfPage":{"@id":"https:\/\/grizzlyadam.co.uk\/product\/anti-wrinkle-cream-for-men-remove-face-neck-wrinkles-firming-moisturizing-skin-retinol-face-cream-anti-aging-facial-treatment\/#primaryimage"},"image":{"@id":"https:\/\/grizzlyadam.co.uk\/product\/anti-wrinkle-cream-for-men-remove-face-neck-wrinkles-firming-moisturizing-skin-retinol-face-cream-anti-aging-facial-treatment\/#primaryimage"},"thumbnailUrl":"https:\/\/grizzlyadam.co.uk\/wp-content\/uploads\/2024\/03\/Anti-wrinkle-Cream-For-Men-Remove-Face-Neck-Wrinkles-Firming-Moisturizing-Skin-Retinol-Face-Cream-Anti.webp","datePublished":"2024-03-06T15:00:53+00:00","dateModified":"2026-04-22T10:47:54+00:00","breadcrumb":{"@id":"https:\/\/grizzlyadam.co.uk\/product\/anti-wrinkle-cream-for-men-remove-face-neck-wrinkles-firming-moisturizing-skin-retinol-face-cream-anti-aging-facial-treatment\/#breadcrumb"},"inLanguage":"fr-FR","potentialAction":[{"@type":"ReadAction","target":["https:\/\/grizzlyadam.co.uk\/product\/anti-wrinkle-cream-for-men-remove-face-neck-wrinkles-firming-moisturizing-skin-retinol-face-cream-anti-aging-facial-treatment\/"]}]},{"@type":"ImageObject","inLanguage":"fr-FR","@id":"https:\/\/grizzlyadam.co.uk\/product\/anti-wrinkle-cream-for-men-remove-face-neck-wrinkles-firming-moisturizing-skin-retinol-face-cream-anti-aging-facial-treatment\/#primaryimage","url":"https:\/\/grizzlyadam.co.uk\/wp-content\/uploads\/2024\/03\/Anti-wrinkle-Cream-For-Men-Remove-Face-Neck-Wrinkles-Firming-Moisturizing-Skin-Retinol-Face-Cream-Anti.webp","contentUrl":"https:\/\/grizzlyadam.co.uk\/wp-content\/uploads\/2024\/03\/Anti-wrinkle-Cream-For-Men-Remove-Face-Neck-Wrinkles-Firming-Moisturizing-Skin-Retinol-Face-Cream-Anti.webp","width":800,"height":800},{"@type":"BreadcrumbList","@id":"https:\/\/grizzlyadam.co.uk\/product\/anti-wrinkle-cream-for-men-remove-face-neck-wrinkles-firming-moisturizing-skin-retinol-face-cream-anti-aging-facial-treatment\/#breadcrumb","itemListElement":[{"@type":"ListItem","position":1,"name":"Home","item":"https:\/\/grizzlyadam.co.uk\/"},{"@type":"ListItem","position":2,"name":"Shop","item":"https:\/\/project1-mke5mv4jgx.live-website.com\/shop\/"},{"@type":"ListItem","position":3,"name":"Anti-wrinkle Cream For Men Remove Face &#038; Neck Wrinkles Firming Moisturizing Skin Retinol Face Cream Anti-aging Facial Treatment"}]},{"@type":"WebSite","@id":"https:\/\/project1-mke5mv4jgx.live-website.com\/#website","url":"https:\/\/project1-mke5mv4jgx.live-website.com\/","name":"Grizzly Adam","description":"Huile \u00e0 barbe et produits de toilettage pour hommes","publisher":{"@id":"https:\/\/project1-mke5mv4jgx.live-website.com\/#organization"},"potentialAction":[{"@type":"SearchAction","target":{"@type":"EntryPoint","urlTemplate":"https:\/\/project1-mke5mv4jgx.live-website.com\/?s={search_term_string}"},"query-input":{"@type":"PropertyValueSpecification","valueRequired":true,"valueName":"search_term_string"}}],"inLanguage":"fr-FR"},{"@type":"Organization","@id":"https:\/\/project1-mke5mv4jgx.live-website.com\/#organization","name":"GRIZZLY ADAM","url":"https:\/\/project1-mke5mv4jgx.live-website.com\/","logo":{"@type":"ImageObject","inLanguage":"fr-FR","@id":"https:\/\/project1-mke5mv4jgx.live-website.com\/#\/schema\/logo\/image\/","url":"https:\/\/grizzlyadam.co.uk\/wp-content\/uploads\/2019\/11\/gadamlogo.png","contentUrl":"https:\/\/grizzlyadam.co.uk\/wp-content\/uploads\/2019\/11\/gadamlogo.png","width":"200","height":"200","caption":"GRIZZLY ADAM"},"image":{"@id":"https:\/\/project1-mke5mv4jgx.live-website.com\/#\/schema\/logo\/image\/"},"sameAs":["https:\/\/www.facebook.com\/grizzlyadamuk","https:\/\/x.com\/grizzlyadamuk","https:\/\/www.instagram.com\/grizzlyadamuk\/"]}]}},"df_price":34.76,"df_sale_price":"","df_regular_price":34.76,"df_image_link":"https:\/\/grizzlyadam.co.uk\/wp-content\/uploads\/2024\/03\/Anti-wrinkle-Cream-For-Men-Remove-Face-Neck-Wrinkles-Firming-Moisturizing-Skin-Retinol-Face-Cream-Anti-300x300.webp","_links":{"self":[{"href":"https:\/\/grizzlyadam.co.uk\/fr\/wp-json\/wp\/v2\/product\/157235","targetHints":{"allow":["GET"]}}],"collection":[{"href":"https:\/\/grizzlyadam.co.uk\/fr\/wp-json\/wp\/v2\/product"}],"about":[{"href":"https:\/\/grizzlyadam.co.uk\/fr\/wp-json\/wp\/v2\/types\/product"}],"replies":[{"embeddable":true,"href":"https:\/\/grizzlyadam.co.uk\/fr\/wp-json\/wp\/v2\/comments?post=157235"}],"wp:featuredmedia":[{"embeddable":true,"href":"https:\/\/grizzlyadam.co.uk\/fr\/wp-json\/wp\/v2\/media\/157236"}],"wp:attachment":[{"href":"https:\/\/grizzlyadam.co.uk\/fr\/wp-json\/wp\/v2\/media?parent=157235"}],"wp:term":[{"taxonomy":"product_brand","embeddable":true,"href":"https:\/\/grizzlyadam.co.uk\/fr\/wp-json\/wp\/v2\/product_brand?post=157235"},{"taxonomy":"product_cat","embeddable":true,"href":"https:\/\/grizzlyadam.co.uk\/fr\/wp-json\/wp\/v2\/product_cat?post=157235"},{"taxonomy":"product_tag","embeddable":true,"href":"https:\/\/grizzlyadam.co.uk\/fr\/wp-json\/wp\/v2\/product_tag?post=157235"}],"curies":[{"name":"wp","href":"https:\/\/api.w.org\/{rel}","templated":true}]}}