{"id":155671,"date":"2023-10-24T16:10:19","date_gmt":"2023-10-24T15:10:19","guid":{"rendered":"https:\/\/grizzlyadam.co.uk\/?post_type=product&#038;p=155671"},"modified":"2024-09-04T18:18:15","modified_gmt":"2024-09-04T17:18:15","slug":"premium-5-scents-beard-oil-set-for-men-cedarwood-sandalwood-sage-sweet-orange-enhances-growth-moisturizes-softens-and-strengthens-perfect-gift-for-him-dad-father-or-boyfriend-natural","status":"publish","type":"product","link":"https:\/\/grizzlyadam.co.uk\/fr\/produit\/premium-5-scents-beard-oil-set-for-men-cedarwood-sandalwood-sage-sweet-orange-enhances-growth-moisturizes-softens-and-strengthens-perfect-gift-for-him-dad-father-or-boyfriend-natural\/","title":{"rendered":"Coffret d'huile \u00e0 barbe Premium 5 senteurs pour hommes"},"content":{"rendered":"<p>\ud83d\udd25 <strong>Faites l'exp\u00e9rience de l'ultime voyage de la barbe tous les jours !<\/strong> \ud83d\udd25<\/p>\n<p>\ud83c\udf3f <strong>\u00c9l\u00e9gance naturelle :<\/strong> Le parfum bois\u00e9 du bois de santal est synonyme de sophistication et de classe, et vous permet de vous d\u00e9marquer sans effort.<\/p>\n<p>\ud83c\udf43 <strong>Allure mature :<\/strong> Le parfum frais de la sauge met en valeur votre maturit\u00e9, amplifiant votre charme irr\u00e9sistible aupr\u00e8s de l'\u00eatre aim\u00e9.<\/p>\n<p>\ud83c\udf32 <strong>Caract\u00e8re gras :<\/strong> Le parfum musqu\u00e9 du bois de c\u00e8dre refl\u00e8te votre personnalit\u00e9 distinctive, vous d\u00e9finissant comme un homme de force et de caract\u00e8re.<\/p>\n<p>\ud83c\udf4a <strong>Vibe \u00e9nergique :<\/strong> Le doux parfum d'orange irradie votre \u00e9nergie vibrante et votre aura masculine, vous gardant d'humeur positive tout au long de la journ\u00e9e.<\/p>\n<p>\ud83d\udcaa <strong>Donnez de l'\u00e9nergie \u00e0 votre barbe naturellement !<\/strong> Notre huile \u00e0 barbe de premi\u00e8re qualit\u00e9 est fabriqu\u00e9e avec de l'huile de graines de jojoba, de l'huile de p\u00e9pins de raisin, de l'huile d'amande douce, de l'huile de graines de ricin, de l'huile de feuilles d'arbre \u00e0 th\u00e9, du tocoph\u00e9rol, et plus encore, garantissant une barbe saine et sans produits chimiques pour un homme heureux et confiant.<\/p>\n<p>\ud83d\udc88 <strong>Ma\u00eetrisez votre barbe !<\/strong> Transformez votre barbe grossi\u00e8re en un chef-d'\u0153uvre luxuriant. Regardez-la devenir plus fournie, plus douce et plus facile \u00e0 coiffer, tout en d\u00e9gageant un parfum captivant d'eau de Cologne naturelle. Dites adieu aux d\u00e9mangeaisons et aux squames, et accueillez une barbe brillante, soyeuse et plus saine, facile \u00e0 coiffer.<\/p>\n<h2 style=\"text-align: center;\">Bois de c\u00e8dre, bois de santal, sauge, orange douce - Am\u00e9liore la croissance, hydrate, adoucit et renforce - Cadeau parfait pour lui, papa, p\u00e8re ou petit ami - Ingr\u00e9dients naturels<\/h2>\n<p><img loading=\"lazy\" decoding=\"async\" class=\"aligncenter wp-image-155675 size-full\" src=\"https:\/\/grizzlyadam.co.uk\/wp-content\/uploads\/2023\/10\/beard-oil-set-ingredients.jpg\" alt=\"\" width=\"1067\" height=\"1112\" srcset=\"https:\/\/grizzlyadam.co.uk\/wp-content\/uploads\/2023\/10\/beard-oil-set-ingredients.jpg 1067w, https:\/\/grizzlyadam.co.uk\/wp-content\/uploads\/2023\/10\/beard-oil-set-ingredients-288x300.jpg 288w, https:\/\/grizzlyadam.co.uk\/wp-content\/uploads\/2023\/10\/beard-oil-set-ingredients-983x1024.jpg 983w, https:\/\/grizzlyadam.co.uk\/wp-content\/uploads\/2023\/10\/beard-oil-set-ingredients-768x800.jpg 768w, https:\/\/grizzlyadam.co.uk\/wp-content\/uploads\/2023\/10\/beard-oil-set-ingredients-600x625.jpg 600w\" sizes=\"auto, (max-width: 1067px) 100vw, 1067px\" \/><\/p>\n<p>\ud83d\udc86\u200d\u2642\ufe0f <strong>Soignez votre barbe !<\/strong> Avec seulement 3-4 gouttes par jour, offrez \u00e0 votre barbe notre formule nourrissante. Laissez-la p\u00e9n\u00e9trer en profondeur, en hydratant \u00e0 partir des racines, en assurant une absorption facile pour une barbe saine et lustr\u00e9e. Laissez notre huile \u00e0 barbe rehausser votre confiance et vous mettre en valeur o\u00f9 que vous alliez.<\/p>\n<p>\ud83c\udf81 <strong>Cadeau in\u00e9gal\u00e9 pour les hommes \u00e0 barbe !<\/strong> Surprenez l'amateur de barbe dans votre vie avec notre ensemble imbattable de 5 huiles \u00e0 barbe. Que ce soit pour un anniversaire, le Nouvel An, la Saint-Valentin, la F\u00eate des P\u00e8res, No\u00ebl ou tout autre anniversaire important, notre ensemble est le cadeau id\u00e9al qui ne d\u00e9cevra pas. Am\u00e9liorez leur routine de toilettage et faites en sorte qu'ils se sentent extraordinaires. Essayez-le maintenant !<\/p>","protected":false},"excerpt":{"rendered":"<p>\ud83c\udf81 <strong>Cadeau in\u00e9gal\u00e9 pour les hommes \u00e0 barbe !<\/strong> Surprenez l'amateur de barbe dans votre vie avec notre ensemble imbattable de 5 huiles \u00e0 barbe. Que ce soit pour un anniversaire, le Nouvel An, la Saint-Valentin, la F\u00eate des P\u00e8res, No\u00ebl ou tout autre anniversaire important, notre ensemble est le cadeau id\u00e9al qui ne d\u00e9cevra pas. Am\u00e9liorez leur routine de toilettage et faites en sorte qu'ils se sentent extraordinaires. <strong>Essayez-le maintenant !<\/strong><\/p>\n<p>\ud83d\udc86\u200d\u2642\ufe0f <strong>Soignez votre barbe !<\/strong> Avec seulement 3-4 gouttes par jour, offrez \u00e0 votre barbe notre formule nourrissante. Laissez-la p\u00e9n\u00e9trer en profondeur, en hydratant \u00e0 partir des racines, en assurant une absorption facile pour une barbe saine et lustr\u00e9e. Laissez notre huile \u00e0 barbe rehausser votre confiance et vous mettre en valeur o\u00f9 que vous alliez.<\/p>","protected":false},"featured_media":155673,"comment_status":"closed","ping_status":"closed","template":"","meta":[],"product_brand":[],"product_cat":[65,251,74,90],"product_tag":[66,525,527,92],"class_list":{"0":"post-155671","1":"product","2":"type-product","3":"status-publish","4":"has-post-thumbnail","6":"product_cat-beard-oil","7":"product_cat-bundles","8":"product_cat-grooming-kits","9":"product_cat-hair-care","10":"product_tag-beard-oil","11":"product_tag-beard-care-set","12":"product_tag-gift","13":"product_tag-hair-care","15":"first","16":"instock","17":"taxable","18":"shipping-taxable","19":"purchasable","20":"product-type-simple"},"yoast_head":"<!-- This site is optimized with the Yoast SEO plugin v27.2 - https:\/\/yoast.com\/product\/yoast-seo-wordpress\/ -->\n<title>Premium 5-Scents Beard Oil Set for Men - Grizzly Adam<\/title>\n<meta name=\"description\" content=\"Discover the Ultimate Beard Care Experience with our Premium Beard Oil Set. Enriched with natural and organic ingredients, our beard oil set is designed to tame, nourish, and style your beard effortlessly.\" \/>\n<meta name=\"robots\" content=\"index, follow, max-snippet:-1, max-image-preview:large, max-video-preview:-1\" \/>\n<link rel=\"canonical\" href=\"https:\/\/grizzlyadam.co.uk\/fr\/produit\/premium-5-scents-beard-oil-set-for-men-cedarwood-sandalwood-sage-sweet-orange-enhances-growth-moisturizes-softens-and-strengthens-perfect-gift-for-him-dad-father-or-boyfriend-natural\/\" \/>\n<meta property=\"og:locale\" content=\"fr_FR\" \/>\n<meta property=\"og:type\" content=\"article\" \/>\n<meta property=\"og:title\" content=\"Premium 5-Scents Beard Oil Set for Men - Grizzly Adam\" \/>\n<meta property=\"og:description\" content=\"Discover the Ultimate Beard Care Experience with our Premium Beard Oil Set. Enriched with natural and organic ingredients, our beard oil set is designed to tame, nourish, and style your beard effortlessly.\" \/>\n<meta property=\"og:url\" content=\"https:\/\/grizzlyadam.co.uk\/fr\/produit\/premium-5-scents-beard-oil-set-for-men-cedarwood-sandalwood-sage-sweet-orange-enhances-growth-moisturizes-softens-and-strengthens-perfect-gift-for-him-dad-father-or-boyfriend-natural\/\" \/>\n<meta property=\"og:site_name\" content=\"Grizzly Adam\" \/>\n<meta property=\"article:publisher\" content=\"https:\/\/www.facebook.com\/grizzlyadamuk\" \/>\n<meta property=\"article:modified_time\" content=\"2024-09-04T17:18:15+00:00\" \/>\n<meta property=\"og:image\" content=\"https:\/\/project1-mke5mv4jgx.live-website.com\/wp-content\/uploads\/2023\/10\/beard-oil-set.jpg\" \/>\n\t<meta property=\"og:image:width\" content=\"1100\" \/>\n\t<meta property=\"og:image:height\" content=\"1209\" \/>\n\t<meta property=\"og:image:type\" content=\"image\/jpeg\" \/>\n<meta name=\"twitter:card\" content=\"summary_large_image\" \/>\n<meta name=\"twitter:site\" content=\"@grizzlyadamuk\" \/>\n<meta name=\"twitter:label1\" content=\"Dur\u00e9e de lecture estim\u00e9e\" \/>\n\t<meta name=\"twitter:data1\" content=\"2 minutes\" \/>\n<script type=\"application\/ld+json\" class=\"yoast-schema-graph\">{\"@context\":\"https:\/\/schema.org\",\"@graph\":[{\"@type\":\"WebPage\",\"@id\":\"https:\/\/grizzlyadam.co.uk\/product\/premium-5-scents-beard-oil-set-for-men-cedarwood-sandalwood-sage-sweet-orange-enhances-growth-moisturizes-softens-and-strengthens-perfect-gift-for-him-dad-father-or-boyfriend-natural\/\",\"url\":\"https:\/\/grizzlyadam.co.uk\/product\/premium-5-scents-beard-oil-set-for-men-cedarwood-sandalwood-sage-sweet-orange-enhances-growth-moisturizes-softens-and-strengthens-perfect-gift-for-him-dad-father-or-boyfriend-natural\/\",\"name\":\"Premium 5-Scents Beard Oil Set for Men - Grizzly Adam\",\"isPartOf\":{\"@id\":\"https:\/\/project1-mke5mv4jgx.live-website.com\/#website\"},\"primaryImageOfPage\":{\"@id\":\"https:\/\/grizzlyadam.co.uk\/product\/premium-5-scents-beard-oil-set-for-men-cedarwood-sandalwood-sage-sweet-orange-enhances-growth-moisturizes-softens-and-strengthens-perfect-gift-for-him-dad-father-or-boyfriend-natural\/#primaryimage\"},\"image\":{\"@id\":\"https:\/\/grizzlyadam.co.uk\/product\/premium-5-scents-beard-oil-set-for-men-cedarwood-sandalwood-sage-sweet-orange-enhances-growth-moisturizes-softens-and-strengthens-perfect-gift-for-him-dad-father-or-boyfriend-natural\/#primaryimage\"},\"thumbnailUrl\":\"https:\/\/grizzlyadam.co.uk\/wp-content\/uploads\/2023\/10\/beard-oil-set.jpg\",\"datePublished\":\"2023-10-24T15:10:19+00:00\",\"dateModified\":\"2024-09-04T17:18:15+00:00\",\"description\":\"Discover the Ultimate Beard Care Experience with our Premium Beard Oil Set. Enriched with natural and organic ingredients, our beard oil set is designed to tame, nourish, and style your beard effortlessly.\",\"breadcrumb\":{\"@id\":\"https:\/\/grizzlyadam.co.uk\/product\/premium-5-scents-beard-oil-set-for-men-cedarwood-sandalwood-sage-sweet-orange-enhances-growth-moisturizes-softens-and-strengthens-perfect-gift-for-him-dad-father-or-boyfriend-natural\/#breadcrumb\"},\"inLanguage\":\"fr-FR\",\"potentialAction\":[{\"@type\":\"ReadAction\",\"target\":[\"https:\/\/grizzlyadam.co.uk\/product\/premium-5-scents-beard-oil-set-for-men-cedarwood-sandalwood-sage-sweet-orange-enhances-growth-moisturizes-softens-and-strengthens-perfect-gift-for-him-dad-father-or-boyfriend-natural\/\"]}]},{\"@type\":\"ImageObject\",\"inLanguage\":\"fr-FR\",\"@id\":\"https:\/\/grizzlyadam.co.uk\/product\/premium-5-scents-beard-oil-set-for-men-cedarwood-sandalwood-sage-sweet-orange-enhances-growth-moisturizes-softens-and-strengthens-perfect-gift-for-him-dad-father-or-boyfriend-natural\/#primaryimage\",\"url\":\"https:\/\/grizzlyadam.co.uk\/wp-content\/uploads\/2023\/10\/beard-oil-set.jpg\",\"contentUrl\":\"https:\/\/grizzlyadam.co.uk\/wp-content\/uploads\/2023\/10\/beard-oil-set.jpg\",\"width\":1100,\"height\":1209},{\"@type\":\"BreadcrumbList\",\"@id\":\"https:\/\/grizzlyadam.co.uk\/product\/premium-5-scents-beard-oil-set-for-men-cedarwood-sandalwood-sage-sweet-orange-enhances-growth-moisturizes-softens-and-strengthens-perfect-gift-for-him-dad-father-or-boyfriend-natural\/#breadcrumb\",\"itemListElement\":[{\"@type\":\"ListItem\",\"position\":1,\"name\":\"Home\",\"item\":\"https:\/\/grizzlyadam.co.uk\/\"},{\"@type\":\"ListItem\",\"position\":2,\"name\":\"Shop\",\"item\":\"https:\/\/project1-mke5mv4jgx.live-website.com\/shop\/\"},{\"@type\":\"ListItem\",\"position\":3,\"name\":\"Premium 5-Scents Beard Oil Set for Men\"}]},{\"@type\":\"WebSite\",\"@id\":\"https:\/\/project1-mke5mv4jgx.live-website.com\/#website\",\"url\":\"https:\/\/project1-mke5mv4jgx.live-website.com\/\",\"name\":\"Grizzly Adam\",\"description\":\"Beard Oil And Grooming Products For Gentlemen\",\"publisher\":{\"@id\":\"https:\/\/project1-mke5mv4jgx.live-website.com\/#organization\"},\"potentialAction\":[{\"@type\":\"SearchAction\",\"target\":{\"@type\":\"EntryPoint\",\"urlTemplate\":\"https:\/\/project1-mke5mv4jgx.live-website.com\/?s={search_term_string}\"},\"query-input\":{\"@type\":\"PropertyValueSpecification\",\"valueRequired\":true,\"valueName\":\"search_term_string\"}}],\"inLanguage\":\"fr-FR\"},{\"@type\":\"Organization\",\"@id\":\"https:\/\/project1-mke5mv4jgx.live-website.com\/#organization\",\"name\":\"GRIZZLY ADAM\",\"url\":\"https:\/\/project1-mke5mv4jgx.live-website.com\/\",\"logo\":{\"@type\":\"ImageObject\",\"inLanguage\":\"fr-FR\",\"@id\":\"https:\/\/project1-mke5mv4jgx.live-website.com\/#\/schema\/logo\/image\/\",\"url\":\"https:\/\/grizzlyadam.co.uk\/wp-content\/uploads\/2019\/11\/gadamlogo.png\",\"contentUrl\":\"https:\/\/grizzlyadam.co.uk\/wp-content\/uploads\/2019\/11\/gadamlogo.png\",\"width\":\"200\",\"height\":\"200\",\"caption\":\"GRIZZLY ADAM\"},\"image\":{\"@id\":\"https:\/\/project1-mke5mv4jgx.live-website.com\/#\/schema\/logo\/image\/\"},\"sameAs\":[\"https:\/\/www.facebook.com\/grizzlyadamuk\",\"https:\/\/x.com\/grizzlyadamuk\",\"https:\/\/www.instagram.com\/grizzlyadamuk\/\"]}]}<\/script>\n<!-- \/ Yoast SEO plugin. -->","yoast_head_json":{"title":"Premium 5-Scents Beard Oil Set for Men - Grizzly Adam","description":"Discover the Ultimate Beard Care Experience with our Premium Beard Oil Set. Enriched with natural and organic ingredients, our beard oil set is designed to tame, nourish, and style your beard effortlessly.","robots":{"index":"index","follow":"follow","max-snippet":"max-snippet:-1","max-image-preview":"max-image-preview:large","max-video-preview":"max-video-preview:-1"},"canonical":"https:\/\/grizzlyadam.co.uk\/fr\/produit\/premium-5-scents-beard-oil-set-for-men-cedarwood-sandalwood-sage-sweet-orange-enhances-growth-moisturizes-softens-and-strengthens-perfect-gift-for-him-dad-father-or-boyfriend-natural\/","og_locale":"fr_FR","og_type":"article","og_title":"Premium 5-Scents Beard Oil Set for Men - Grizzly Adam","og_description":"Discover the Ultimate Beard Care Experience with our Premium Beard Oil Set. Enriched with natural and organic ingredients, our beard oil set is designed to tame, nourish, and style your beard effortlessly.","og_url":"https:\/\/grizzlyadam.co.uk\/fr\/produit\/premium-5-scents-beard-oil-set-for-men-cedarwood-sandalwood-sage-sweet-orange-enhances-growth-moisturizes-softens-and-strengthens-perfect-gift-for-him-dad-father-or-boyfriend-natural\/","og_site_name":"Grizzly Adam","article_publisher":"https:\/\/www.facebook.com\/grizzlyadamuk","article_modified_time":"2024-09-04T17:18:15+00:00","og_image":[{"width":1100,"height":1209,"url":"https:\/\/project1-mke5mv4jgx.live-website.com\/wp-content\/uploads\/2023\/10\/beard-oil-set.jpg","type":"image\/jpeg"}],"twitter_card":"summary_large_image","twitter_site":"@grizzlyadamuk","twitter_misc":{"Dur\u00e9e de lecture estim\u00e9e":"2 minutes"},"schema":{"@context":"https:\/\/schema.org","@graph":[{"@type":"WebPage","@id":"https:\/\/grizzlyadam.co.uk\/product\/premium-5-scents-beard-oil-set-for-men-cedarwood-sandalwood-sage-sweet-orange-enhances-growth-moisturizes-softens-and-strengthens-perfect-gift-for-him-dad-father-or-boyfriend-natural\/","url":"https:\/\/grizzlyadam.co.uk\/product\/premium-5-scents-beard-oil-set-for-men-cedarwood-sandalwood-sage-sweet-orange-enhances-growth-moisturizes-softens-and-strengthens-perfect-gift-for-him-dad-father-or-boyfriend-natural\/","name":"Premium 5-Scents Beard Oil Set for Men - Grizzly Adam","isPartOf":{"@id":"https:\/\/project1-mke5mv4jgx.live-website.com\/#website"},"primaryImageOfPage":{"@id":"https:\/\/grizzlyadam.co.uk\/product\/premium-5-scents-beard-oil-set-for-men-cedarwood-sandalwood-sage-sweet-orange-enhances-growth-moisturizes-softens-and-strengthens-perfect-gift-for-him-dad-father-or-boyfriend-natural\/#primaryimage"},"image":{"@id":"https:\/\/grizzlyadam.co.uk\/product\/premium-5-scents-beard-oil-set-for-men-cedarwood-sandalwood-sage-sweet-orange-enhances-growth-moisturizes-softens-and-strengthens-perfect-gift-for-him-dad-father-or-boyfriend-natural\/#primaryimage"},"thumbnailUrl":"https:\/\/grizzlyadam.co.uk\/wp-content\/uploads\/2023\/10\/beard-oil-set.jpg","datePublished":"2023-10-24T15:10:19+00:00","dateModified":"2024-09-04T17:18:15+00:00","description":"Discover the Ultimate Beard Care Experience with our Premium Beard Oil Set. Enriched with natural and organic ingredients, our beard oil set is designed to tame, nourish, and style your beard effortlessly.","breadcrumb":{"@id":"https:\/\/grizzlyadam.co.uk\/product\/premium-5-scents-beard-oil-set-for-men-cedarwood-sandalwood-sage-sweet-orange-enhances-growth-moisturizes-softens-and-strengthens-perfect-gift-for-him-dad-father-or-boyfriend-natural\/#breadcrumb"},"inLanguage":"fr-FR","potentialAction":[{"@type":"ReadAction","target":["https:\/\/grizzlyadam.co.uk\/product\/premium-5-scents-beard-oil-set-for-men-cedarwood-sandalwood-sage-sweet-orange-enhances-growth-moisturizes-softens-and-strengthens-perfect-gift-for-him-dad-father-or-boyfriend-natural\/"]}]},{"@type":"ImageObject","inLanguage":"fr-FR","@id":"https:\/\/grizzlyadam.co.uk\/product\/premium-5-scents-beard-oil-set-for-men-cedarwood-sandalwood-sage-sweet-orange-enhances-growth-moisturizes-softens-and-strengthens-perfect-gift-for-him-dad-father-or-boyfriend-natural\/#primaryimage","url":"https:\/\/grizzlyadam.co.uk\/wp-content\/uploads\/2023\/10\/beard-oil-set.jpg","contentUrl":"https:\/\/grizzlyadam.co.uk\/wp-content\/uploads\/2023\/10\/beard-oil-set.jpg","width":1100,"height":1209},{"@type":"BreadcrumbList","@id":"https:\/\/grizzlyadam.co.uk\/product\/premium-5-scents-beard-oil-set-for-men-cedarwood-sandalwood-sage-sweet-orange-enhances-growth-moisturizes-softens-and-strengthens-perfect-gift-for-him-dad-father-or-boyfriend-natural\/#breadcrumb","itemListElement":[{"@type":"ListItem","position":1,"name":"Home","item":"https:\/\/grizzlyadam.co.uk\/"},{"@type":"ListItem","position":2,"name":"Shop","item":"https:\/\/project1-mke5mv4jgx.live-website.com\/shop\/"},{"@type":"ListItem","position":3,"name":"Premium 5-Scents Beard Oil Set for Men"}]},{"@type":"WebSite","@id":"https:\/\/project1-mke5mv4jgx.live-website.com\/#website","url":"https:\/\/project1-mke5mv4jgx.live-website.com\/","name":"Grizzly Adam","description":"Huile \u00e0 barbe et produits de toilettage pour hommes","publisher":{"@id":"https:\/\/project1-mke5mv4jgx.live-website.com\/#organization"},"potentialAction":[{"@type":"SearchAction","target":{"@type":"EntryPoint","urlTemplate":"https:\/\/project1-mke5mv4jgx.live-website.com\/?s={search_term_string}"},"query-input":{"@type":"PropertyValueSpecification","valueRequired":true,"valueName":"search_term_string"}}],"inLanguage":"fr-FR"},{"@type":"Organization","@id":"https:\/\/project1-mke5mv4jgx.live-website.com\/#organization","name":"GRIZZLY ADAM","url":"https:\/\/project1-mke5mv4jgx.live-website.com\/","logo":{"@type":"ImageObject","inLanguage":"fr-FR","@id":"https:\/\/project1-mke5mv4jgx.live-website.com\/#\/schema\/logo\/image\/","url":"https:\/\/grizzlyadam.co.uk\/wp-content\/uploads\/2019\/11\/gadamlogo.png","contentUrl":"https:\/\/grizzlyadam.co.uk\/wp-content\/uploads\/2019\/11\/gadamlogo.png","width":"200","height":"200","caption":"GRIZZLY ADAM"},"image":{"@id":"https:\/\/project1-mke5mv4jgx.live-website.com\/#\/schema\/logo\/image\/"},"sameAs":["https:\/\/www.facebook.com\/grizzlyadamuk","https:\/\/x.com\/grizzlyadamuk","https:\/\/www.instagram.com\/grizzlyadamuk\/"]}]}},"df_price":29.99,"df_sale_price":"","df_regular_price":29.99,"df_image_link":"https:\/\/grizzlyadam.co.uk\/wp-content\/uploads\/2023\/10\/beard-oil-set-273x300.jpg","_links":{"self":[{"href":"https:\/\/grizzlyadam.co.uk\/fr\/wp-json\/wp\/v2\/product\/155671","targetHints":{"allow":["GET"]}}],"collection":[{"href":"https:\/\/grizzlyadam.co.uk\/fr\/wp-json\/wp\/v2\/product"}],"about":[{"href":"https:\/\/grizzlyadam.co.uk\/fr\/wp-json\/wp\/v2\/types\/product"}],"replies":[{"embeddable":true,"href":"https:\/\/grizzlyadam.co.uk\/fr\/wp-json\/wp\/v2\/comments?post=155671"}],"wp:featuredmedia":[{"embeddable":true,"href":"https:\/\/grizzlyadam.co.uk\/fr\/wp-json\/wp\/v2\/media\/155673"}],"wp:attachment":[{"href":"https:\/\/grizzlyadam.co.uk\/fr\/wp-json\/wp\/v2\/media?parent=155671"}],"wp:term":[{"taxonomy":"product_brand","embeddable":true,"href":"https:\/\/grizzlyadam.co.uk\/fr\/wp-json\/wp\/v2\/product_brand?post=155671"},{"taxonomy":"product_cat","embeddable":true,"href":"https:\/\/grizzlyadam.co.uk\/fr\/wp-json\/wp\/v2\/product_cat?post=155671"},{"taxonomy":"product_tag","embeddable":true,"href":"https:\/\/grizzlyadam.co.uk\/fr\/wp-json\/wp\/v2\/product_tag?post=155671"}],"curies":[{"name":"wp","href":"https:\/\/api.w.org\/{rel}","templated":true}]}}