{"id":154215,"date":"2023-07-29T16:33:02","date_gmt":"2023-07-29T15:33:02","guid":{"rendered":"https:\/\/grizzlyadam.co.uk\/product\/epic-print-hoodie-beard-wisdom-available-here-respect-the-beard\/"},"modified":"2023-07-29T16:37:31","modified_gmt":"2023-07-29T15:37:31","slug":"epic-print-hoodie-beard-wisdom-available-here-respect-the-beard","status":"publish","type":"product","link":"https:\/\/grizzlyadam.co.uk\/fr\/produit\/epic-print-hoodie-beard-wisdom-available-here-respect-the-beard\/","title":{"rendered":"Epic Print Hoodie - La sagesse de la barbe disponible ici Respect The Beard"},"content":{"rendered":"<p style=\"--tw-border-spacing-x: 0; --tw-border-spacing-y: 0; --tw-translate-x: 0; --tw-translate-y: 0; --tw-rotate: 0; --tw-skew-x: 0; --tw-skew-y: 0; --tw-scale-x: 1; --tw-scale-y: 1; ;--tw-scroll-snap-strictness: proximity; ;--tw-ring-offset-width: 0px; --tw-ring-offset-color: #fff; --tw-ring-offset-shadow: 0 0 transparent; --tw-ring-shadow: 0 0 transparent; --tw-shadow: 0 0 transparent; --tw-shadow-colored: 0 0 transparent; ;margin-top: 0px; margin-bottom: 1.25em;\"><strong>Voici le sweat \u00e0 capuche imprim\u00e9 Epic - Beard Wisdom !<\/strong> Affichez votre appr\u00e9ciation de la barbe majestueuse avec ce captivant chandail \u00e0 capuchon affichant fi\u00e8rement sur le devant le slogan \" Respect The Beard \" (Respectez la barbe).<\/p>\n<p style=\"--tw-border-spacing-x: 0; --tw-border-spacing-y: 0; --tw-translate-x: 0; --tw-translate-y: 0; --tw-rotate: 0; --tw-skew-x: 0; --tw-skew-y: 0; --tw-scale-x: 1; --tw-scale-y: 1; ;--tw-scroll-snap-strictness: proximity; ;--tw-ring-offset-width: 0px; --tw-ring-offset-color: #fff; --tw-ring-offset-shadow: 0 0 transparent; --tw-ring-shadow: 0 0 transparent; --tw-shadow: 0 0 transparent; --tw-shadow-colored: 0 0 transparent; ;margin-top: 1.25em; margin-bottom: 1.25em;\">Fabriqu\u00e9 avec le plus grand soin, ce sweat \u00e0 capuche est fabriqu\u00e9 \u00e0 partir d'un m\u00e9lange haut de gamme de coton 80% ringspun et de polyester 20%, ce qui lui conf\u00e8re un confort et une durabilit\u00e9 in\u00e9gal\u00e9s. L'\u00e9paule tombante rehausse le look d\u00e9contract\u00e9 et \u00e0 la mode de ce sweat \u00e0 capuche, ce qui en fait un compl\u00e9ment parfait \u00e0 votre garde-robe.<\/p>\n<p style=\"--tw-border-spacing-x: 0; --tw-border-spacing-y: 0; --tw-translate-x: 0; --tw-translate-y: 0; --tw-rotate: 0; --tw-skew-x: 0; --tw-skew-y: 0; --tw-scale-x: 1; --tw-scale-y: 1; ;--tw-scroll-snap-strictness: proximity; ;--tw-ring-offset-width: 0px; --tw-ring-offset-color: #fff; --tw-ring-offset-shadow: 0 0 transparent; --tw-ring-shadow: 0 0 transparent; --tw-shadow: 0 0 transparent; --tw-shadow-colored: 0 0 transparent; ;margin-top: 1.25em; margin-bottom: 1.25em;\">Vous appr\u00e9cierez la douceur du tissu en coton qui se pose d\u00e9licatement sur votre peau et vous offre une exp\u00e9rience de port exceptionnelle. La capuche \u00e0 deux panneaux en double tissu, orn\u00e9e d'un cordon plat en dentelle, ajoute une touche suppl\u00e9mentaire de sophistication \u00e0 ce mod\u00e8le.<\/p>\n<p style=\"--tw-border-spacing-x: 0; --tw-border-spacing-y: 0; --tw-translate-x: 0; --tw-translate-y: 0; --tw-rotate: 0; --tw-skew-x: 0; --tw-skew-y: 0; --tw-scale-x: 1; --tw-scale-y: 1; ;--tw-scroll-snap-strictness: proximity; ;--tw-ring-offset-width: 0px; --tw-ring-offset-color: #fff; --tw-ring-offset-shadow: 0 0 transparent; --tw-ring-shadow: 0 0 transparent; --tw-shadow: 0 0 transparent; --tw-shadow-colored: 0 0 transparent; ;margin-top: 1.25em; margin-bottom: 1.25em;\">Nous comprenons \u00e0 quel point il est essentiel de rester connect\u00e9 lorsque vous \u00eates en d\u00e9placement. C'est pourquoi notre sweat \u00e0 capuche est \u00e9quip\u00e9 de boucles d'\u00e9couteurs dissimul\u00e9es, qui vous permettent d'\u00e9couter vos morceaux pr\u00e9f\u00e9r\u00e9s en toute tranquillit\u00e9.<\/p>\n<p style=\"--tw-border-spacing-x: 0; --tw-border-spacing-y: 0; --tw-translate-x: 0; --tw-translate-y: 0; --tw-rotate: 0; --tw-skew-x: 0; --tw-skew-y: 0; --tw-scale-x: 1; --tw-scale-y: 1; ;--tw-scroll-snap-strictness: proximity; ;--tw-ring-offset-width: 0px; --tw-ring-offset-color: #fff; --tw-ring-offset-shadow: 0 0 transparent; --tw-ring-shadow: 0 0 transparent; --tw-shadow: 0 0 transparent; --tw-shadow-colored: 0 0 transparent; ;margin-top: 1.25em; margin-bottom: 1.25em;\">La durabilit\u00e9 est une priorit\u00e9 absolue pour nous, et c'est pourquoi nous avons incorpor\u00e9 des poignets et des ourlets c\u00f4tel\u00e9s, ainsi que des coutures \u00e0 deux aiguilles, pour que ce sweat \u00e0 capuche r\u00e9siste \u00e0 l'\u00e9preuve du temps et reste un \u00e9l\u00e9ment pr\u00e9cieux de votre garde-robe pour les ann\u00e9es \u00e0 venir.<\/p>\n<p style=\"--tw-border-spacing-x: 0; --tw-border-spacing-y: 0; --tw-translate-x: 0; --tw-translate-y: 0; --tw-rotate: 0; --tw-skew-x: 0; --tw-skew-y: 0; --tw-scale-x: 1; --tw-scale-y: 1; ;--tw-scroll-snap-strictness: proximity; ;--tw-ring-offset-width: 0px; --tw-ring-offset-color: #fff; --tw-ring-offset-shadow: 0 0 transparent; --tw-ring-shadow: 0 0 transparent; --tw-shadow: 0 0 transparent; --tw-shadow-colored: 0 0 transparent; ;margin-top: 1.25em; margin-bottom: 1.25em;\">Ce sweat \u00e0 capuche n'est pas seulement un \u00e9l\u00e9ment de mode, il repr\u00e9sente \u00e9galement notre engagement en faveur de pratiques de production durables et \u00e9thiques. Notre sweat \u00e0 capuche est certifi\u00e9 WRAP, ce qui vous permet de savoir qu'il a \u00e9t\u00e9 fabriqu\u00e9 de mani\u00e8re socialement responsable.<\/p>\n<p style=\"--tw-border-spacing-x: 0; --tw-border-spacing-y: 0; --tw-translate-x: 0; --tw-translate-y: 0; --tw-rotate: 0; --tw-skew-x: 0; --tw-skew-y: 0; --tw-scale-x: 1; --tw-scale-y: 1; ;--tw-scroll-snap-strictness: proximity; ;--tw-ring-offset-width: 0px; --tw-ring-offset-color: #fff; --tw-ring-offset-shadow: 0 0 transparent; --tw-ring-shadow: 0 0 transparent; --tw-shadow: 0 0 transparent; --tw-shadow-colored: 0 0 transparent; ;margin-top: 1.25em; margin-bottom: 1.25em;\">Avec un poids de 280 g\/m\u00b2, ce sweat \u00e0 capuche offre un \u00e9quilibre id\u00e9al entre chaleur et confort, ce qui le rend adapt\u00e9 \u00e0 diverses conditions m\u00e9t\u00e9orologiques et occasions.<\/p>\n<p style=\"--tw-border-spacing-x: 0; --tw-border-spacing-y: 0; --tw-translate-x: 0; --tw-translate-y: 0; --tw-rotate: 0; --tw-skew-x: 0; --tw-skew-y: 0; --tw-scale-x: 1; --tw-scale-y: 1; ;--tw-scroll-snap-strictness: proximity; ;--tw-ring-offset-width: 0px; --tw-ring-offset-color: #fff; --tw-ring-offset-shadow: 0 0 transparent; --tw-ring-shadow: 0 0 transparent; --tw-shadow: 0 0 transparent; --tw-shadow-colored: 0 0 transparent; ;margin-top: 1.25em; margin-bottom: 1.25em;\"><strong>Embrassez la sagesse de la barbe et commandez votre sweat \u00e0 capuche Epic Print d\u00e8s aujourd'hui.<\/strong>. Rejoignez le mouvement et faites savoir au monde que la barbe m\u00e9rite le plus grand respect !<\/p>\n<p><b>Mat\u00e9riau :\u00a0<\/b>80% coton ringpun\/20% polyester.<\/p>\n<ul>\n<li>\u00c9paule tombante.<\/li>\n<li>Tissu doux en coton.<\/li>\n<li>Capuche \u00e0 deux panneaux en double tissu avec cordon de serrage en dentelle plate.<\/li>\n<li>Boucles d'oreille cach\u00e9es.<\/li>\n<li>Poignets et ourlets c\u00f4tel\u00e9s.<\/li>\n<li>Couture \u00e0 double aiguille.<\/li>\n<li>Certifi\u00e9 WRAP Production.<\/li>\n<\/ul>\n<p><b>Poids :\u00a0<\/b>280 g\/m\u00b2.<\/p>","protected":false},"excerpt":{"rendered":"<p>\ud83e\uddd4\ud83d\udca1 Sagesse de la barbe : D\u00e9marquez-vous avec le slogan valorisant \" Respect The Beard \", c\u00e9l\u00e9brant la barbe majestueuse et sa sagesse.<\/p>\n<p>\ud83d\udc55\u2728 Mati\u00e8re premi\u00e8re : Fabriqu\u00e9 avec soin \u00e0 partir de coton ringspun 80% et de polyester 20% pour un confort et une durabilit\u00e9 in\u00e9gal\u00e9s.<\/p>\n<p>\ud83c\udfa7\ud83d\udd17 Restez connect\u00e9 : Des boucles d'\u00e9couteurs cach\u00e9es vous permettent de rester parfaitement branch\u00e9 et de profiter de vos morceaux pr\u00e9f\u00e9r\u00e9s en d\u00e9placement.<\/p>\n<p>\ud83c\udf0d\ud83c\udf31 \u00c9thique et durable : La production certifi\u00e9e WRAP garantit que le sweat \u00e0 capuche est fabriqu\u00e9 de mani\u00e8re responsable, ce qui a un impact positif sur les personnes et la plan\u00e8te.<\/p>","protected":false},"featured_media":154217,"comment_status":"closed","ping_status":"closed","template":"","meta":[],"product_brand":[],"product_cat":[102],"product_tag":[],"class_list":{"0":"post-154215","1":"product","2":"type-product","3":"status-publish","4":"has-post-thumbnail","6":"product_cat-apparel","8":"first","9":"instock","10":"taxable","11":"shipping-taxable","12":"purchasable","13":"product-type-variable"},"yoast_head":"<!-- This site is optimized with the Yoast SEO plugin v27.4 - https:\/\/yoast.com\/product\/yoast-seo-wordpress\/ -->\n<title>Epic Print Hoodie - Beard Wisdom Available Here Respect The Beard - Grizzly Adam<\/title>\n<meta name=\"description\" content=\"Embrace Beard Wisdom! Our Epic Print Hoodie features &#039;Respect The Beard&#039; slogan. Premium comfort, hidden earphone loops. Sustainable &amp; stylish\" \/>\n<meta name=\"robots\" content=\"index, follow, max-snippet:-1, max-image-preview:large, max-video-preview:-1\" \/>\n<link rel=\"canonical\" href=\"https:\/\/grizzlyadam.co.uk\/fr\/produit\/epic-print-hoodie-beard-wisdom-available-here-respect-the-beard\/\" \/>\n<meta property=\"og:locale\" content=\"fr_FR\" \/>\n<meta property=\"og:type\" content=\"article\" \/>\n<meta property=\"og:title\" content=\"Epic Print Hoodie - Beard Wisdom Available Here Respect The Beard - Grizzly Adam\" \/>\n<meta property=\"og:description\" content=\"Embrace Beard Wisdom! Our Epic Print Hoodie features &#039;Respect The Beard&#039; slogan. Premium comfort, hidden earphone loops. Sustainable &amp; stylish\" \/>\n<meta property=\"og:url\" content=\"https:\/\/grizzlyadam.co.uk\/fr\/produit\/epic-print-hoodie-beard-wisdom-available-here-respect-the-beard\/\" \/>\n<meta property=\"og:site_name\" content=\"Grizzly Adam\" \/>\n<meta property=\"article:publisher\" content=\"https:\/\/www.facebook.com\/grizzlyadamuk\" \/>\n<meta property=\"article:modified_time\" content=\"2023-07-29T15:37:31+00:00\" \/>\n<meta property=\"og:image\" content=\"https:\/\/project1-mke5mv4jgx.live-website.com\/wp-content\/uploads\/2023\/07\/mockup-6.png\" \/>\n\t<meta property=\"og:image:width\" content=\"1024\" \/>\n\t<meta property=\"og:image:height\" content=\"1200\" \/>\n\t<meta property=\"og:image:type\" content=\"image\/png\" \/>\n<meta name=\"twitter:card\" content=\"summary_large_image\" \/>\n<meta name=\"twitter:site\" content=\"@grizzlyadamuk\" \/>\n<meta name=\"twitter:label1\" content=\"Dur\u00e9e de lecture estim\u00e9e\" \/>\n\t<meta name=\"twitter:data1\" content=\"2 minutes\" \/>\n<script type=\"application\/ld+json\" class=\"yoast-schema-graph\">{\"@context\":\"https:\\\/\\\/schema.org\",\"@graph\":[{\"@type\":\"WebPage\",\"@id\":\"https:\\\/\\\/grizzlyadam.co.uk\\\/product\\\/epic-print-hoodie-beard-wisdom-available-here-respect-the-beard\\\/\",\"url\":\"https:\\\/\\\/grizzlyadam.co.uk\\\/product\\\/epic-print-hoodie-beard-wisdom-available-here-respect-the-beard\\\/\",\"name\":\"Epic Print Hoodie - Beard Wisdom Available Here Respect The Beard - Grizzly Adam\",\"isPartOf\":{\"@id\":\"https:\\\/\\\/project1-mke5mv4jgx.live-website.com\\\/#website\"},\"primaryImageOfPage\":{\"@id\":\"https:\\\/\\\/grizzlyadam.co.uk\\\/product\\\/epic-print-hoodie-beard-wisdom-available-here-respect-the-beard\\\/#primaryimage\"},\"image\":{\"@id\":\"https:\\\/\\\/grizzlyadam.co.uk\\\/product\\\/epic-print-hoodie-beard-wisdom-available-here-respect-the-beard\\\/#primaryimage\"},\"thumbnailUrl\":\"https:\\\/\\\/grizzlyadam.co.uk\\\/wp-content\\\/uploads\\\/2023\\\/07\\\/mockup-6.png\",\"datePublished\":\"2023-07-29T15:33:02+00:00\",\"dateModified\":\"2023-07-29T15:37:31+00:00\",\"description\":\"Embrace Beard Wisdom! Our Epic Print Hoodie features 'Respect The Beard' slogan. Premium comfort, hidden earphone loops. Sustainable & stylish\",\"breadcrumb\":{\"@id\":\"https:\\\/\\\/grizzlyadam.co.uk\\\/product\\\/epic-print-hoodie-beard-wisdom-available-here-respect-the-beard\\\/#breadcrumb\"},\"inLanguage\":\"fr-FR\",\"potentialAction\":[{\"@type\":\"ReadAction\",\"target\":[\"https:\\\/\\\/grizzlyadam.co.uk\\\/product\\\/epic-print-hoodie-beard-wisdom-available-here-respect-the-beard\\\/\"]}]},{\"@type\":\"ImageObject\",\"inLanguage\":\"fr-FR\",\"@id\":\"https:\\\/\\\/grizzlyadam.co.uk\\\/product\\\/epic-print-hoodie-beard-wisdom-available-here-respect-the-beard\\\/#primaryimage\",\"url\":\"https:\\\/\\\/grizzlyadam.co.uk\\\/wp-content\\\/uploads\\\/2023\\\/07\\\/mockup-6.png\",\"contentUrl\":\"https:\\\/\\\/grizzlyadam.co.uk\\\/wp-content\\\/uploads\\\/2023\\\/07\\\/mockup-6.png\",\"width\":1024,\"height\":1200},{\"@type\":\"BreadcrumbList\",\"@id\":\"https:\\\/\\\/grizzlyadam.co.uk\\\/product\\\/epic-print-hoodie-beard-wisdom-available-here-respect-the-beard\\\/#breadcrumb\",\"itemListElement\":[{\"@type\":\"ListItem\",\"position\":1,\"name\":\"Home\",\"item\":\"https:\\\/\\\/grizzlyadam.co.uk\\\/\"},{\"@type\":\"ListItem\",\"position\":2,\"name\":\"Shop\",\"item\":\"https:\\\/\\\/project1-mke5mv4jgx.live-website.com\\\/shop\\\/\"},{\"@type\":\"ListItem\",\"position\":3,\"name\":\"Epic Print Hoodie &#8211; Beard Wisdom Available Here Respect The Beard\"}]},{\"@type\":\"WebSite\",\"@id\":\"https:\\\/\\\/project1-mke5mv4jgx.live-website.com\\\/#website\",\"url\":\"https:\\\/\\\/project1-mke5mv4jgx.live-website.com\\\/\",\"name\":\"Grizzly Adam\",\"description\":\"Beard Oil And Grooming Products For Gentlemen\",\"publisher\":{\"@id\":\"https:\\\/\\\/project1-mke5mv4jgx.live-website.com\\\/#organization\"},\"potentialAction\":[{\"@type\":\"SearchAction\",\"target\":{\"@type\":\"EntryPoint\",\"urlTemplate\":\"https:\\\/\\\/project1-mke5mv4jgx.live-website.com\\\/?s={search_term_string}\"},\"query-input\":{\"@type\":\"PropertyValueSpecification\",\"valueRequired\":true,\"valueName\":\"search_term_string\"}}],\"inLanguage\":\"fr-FR\"},{\"@type\":\"Organization\",\"@id\":\"https:\\\/\\\/project1-mke5mv4jgx.live-website.com\\\/#organization\",\"name\":\"GRIZZLY ADAM\",\"url\":\"https:\\\/\\\/project1-mke5mv4jgx.live-website.com\\\/\",\"logo\":{\"@type\":\"ImageObject\",\"inLanguage\":\"fr-FR\",\"@id\":\"https:\\\/\\\/project1-mke5mv4jgx.live-website.com\\\/#\\\/schema\\\/logo\\\/image\\\/\",\"url\":\"https:\\\/\\\/grizzlyadam.co.uk\\\/wp-content\\\/uploads\\\/2019\\\/11\\\/gadamlogo.png\",\"contentUrl\":\"https:\\\/\\\/grizzlyadam.co.uk\\\/wp-content\\\/uploads\\\/2019\\\/11\\\/gadamlogo.png\",\"width\":\"200\",\"height\":\"200\",\"caption\":\"GRIZZLY ADAM\"},\"image\":{\"@id\":\"https:\\\/\\\/project1-mke5mv4jgx.live-website.com\\\/#\\\/schema\\\/logo\\\/image\\\/\"},\"sameAs\":[\"https:\\\/\\\/www.facebook.com\\\/grizzlyadamuk\",\"https:\\\/\\\/x.com\\\/grizzlyadamuk\",\"https:\\\/\\\/www.instagram.com\\\/grizzlyadamuk\\\/\"]}]}<\/script>\n<!-- \/ Yoast SEO plugin. -->","yoast_head_json":{"title":"Epic Print Hoodie - Beard Wisdom Available Here Respect The Beard - Grizzly Adam","description":"Embrace Beard Wisdom! Our Epic Print Hoodie features 'Respect The Beard' slogan. Premium comfort, hidden earphone loops. Sustainable & stylish","robots":{"index":"index","follow":"follow","max-snippet":"max-snippet:-1","max-image-preview":"max-image-preview:large","max-video-preview":"max-video-preview:-1"},"canonical":"https:\/\/grizzlyadam.co.uk\/fr\/produit\/epic-print-hoodie-beard-wisdom-available-here-respect-the-beard\/","og_locale":"fr_FR","og_type":"article","og_title":"Epic Print Hoodie - Beard Wisdom Available Here Respect The Beard - Grizzly Adam","og_description":"Embrace Beard Wisdom! Our Epic Print Hoodie features 'Respect The Beard' slogan. Premium comfort, hidden earphone loops. Sustainable & stylish","og_url":"https:\/\/grizzlyadam.co.uk\/fr\/produit\/epic-print-hoodie-beard-wisdom-available-here-respect-the-beard\/","og_site_name":"Grizzly Adam","article_publisher":"https:\/\/www.facebook.com\/grizzlyadamuk","article_modified_time":"2023-07-29T15:37:31+00:00","og_image":[{"width":1024,"height":1200,"url":"https:\/\/project1-mke5mv4jgx.live-website.com\/wp-content\/uploads\/2023\/07\/mockup-6.png","type":"image\/png"}],"twitter_card":"summary_large_image","twitter_site":"@grizzlyadamuk","twitter_misc":{"Dur\u00e9e de lecture estim\u00e9e":"2 minutes"},"schema":{"@context":"https:\/\/schema.org","@graph":[{"@type":"WebPage","@id":"https:\/\/grizzlyadam.co.uk\/product\/epic-print-hoodie-beard-wisdom-available-here-respect-the-beard\/","url":"https:\/\/grizzlyadam.co.uk\/product\/epic-print-hoodie-beard-wisdom-available-here-respect-the-beard\/","name":"Epic Print Hoodie - Beard Wisdom Available Here Respect The Beard - Grizzly Adam","isPartOf":{"@id":"https:\/\/project1-mke5mv4jgx.live-website.com\/#website"},"primaryImageOfPage":{"@id":"https:\/\/grizzlyadam.co.uk\/product\/epic-print-hoodie-beard-wisdom-available-here-respect-the-beard\/#primaryimage"},"image":{"@id":"https:\/\/grizzlyadam.co.uk\/product\/epic-print-hoodie-beard-wisdom-available-here-respect-the-beard\/#primaryimage"},"thumbnailUrl":"https:\/\/grizzlyadam.co.uk\/wp-content\/uploads\/2023\/07\/mockup-6.png","datePublished":"2023-07-29T15:33:02+00:00","dateModified":"2023-07-29T15:37:31+00:00","description":"Embrace Beard Wisdom! Our Epic Print Hoodie features 'Respect The Beard' slogan. Premium comfort, hidden earphone loops. Sustainable & stylish","breadcrumb":{"@id":"https:\/\/grizzlyadam.co.uk\/product\/epic-print-hoodie-beard-wisdom-available-here-respect-the-beard\/#breadcrumb"},"inLanguage":"fr-FR","potentialAction":[{"@type":"ReadAction","target":["https:\/\/grizzlyadam.co.uk\/product\/epic-print-hoodie-beard-wisdom-available-here-respect-the-beard\/"]}]},{"@type":"ImageObject","inLanguage":"fr-FR","@id":"https:\/\/grizzlyadam.co.uk\/product\/epic-print-hoodie-beard-wisdom-available-here-respect-the-beard\/#primaryimage","url":"https:\/\/grizzlyadam.co.uk\/wp-content\/uploads\/2023\/07\/mockup-6.png","contentUrl":"https:\/\/grizzlyadam.co.uk\/wp-content\/uploads\/2023\/07\/mockup-6.png","width":1024,"height":1200},{"@type":"BreadcrumbList","@id":"https:\/\/grizzlyadam.co.uk\/product\/epic-print-hoodie-beard-wisdom-available-here-respect-the-beard\/#breadcrumb","itemListElement":[{"@type":"ListItem","position":1,"name":"Home","item":"https:\/\/grizzlyadam.co.uk\/"},{"@type":"ListItem","position":2,"name":"Shop","item":"https:\/\/project1-mke5mv4jgx.live-website.com\/shop\/"},{"@type":"ListItem","position":3,"name":"Epic Print Hoodie &#8211; Beard Wisdom Available Here Respect The Beard"}]},{"@type":"WebSite","@id":"https:\/\/project1-mke5mv4jgx.live-website.com\/#website","url":"https:\/\/project1-mke5mv4jgx.live-website.com\/","name":"Grizzly Adam","description":"Huile \u00e0 barbe et produits de toilettage pour hommes","publisher":{"@id":"https:\/\/project1-mke5mv4jgx.live-website.com\/#organization"},"potentialAction":[{"@type":"SearchAction","target":{"@type":"EntryPoint","urlTemplate":"https:\/\/project1-mke5mv4jgx.live-website.com\/?s={search_term_string}"},"query-input":{"@type":"PropertyValueSpecification","valueRequired":true,"valueName":"search_term_string"}}],"inLanguage":"fr-FR"},{"@type":"Organization","@id":"https:\/\/project1-mke5mv4jgx.live-website.com\/#organization","name":"GRIZZLY ADAM","url":"https:\/\/project1-mke5mv4jgx.live-website.com\/","logo":{"@type":"ImageObject","inLanguage":"fr-FR","@id":"https:\/\/project1-mke5mv4jgx.live-website.com\/#\/schema\/logo\/image\/","url":"https:\/\/grizzlyadam.co.uk\/wp-content\/uploads\/2019\/11\/gadamlogo.png","contentUrl":"https:\/\/grizzlyadam.co.uk\/wp-content\/uploads\/2019\/11\/gadamlogo.png","width":"200","height":"200","caption":"GRIZZLY ADAM"},"image":{"@id":"https:\/\/project1-mke5mv4jgx.live-website.com\/#\/schema\/logo\/image\/"},"sameAs":["https:\/\/www.facebook.com\/grizzlyadamuk","https:\/\/x.com\/grizzlyadamuk","https:\/\/www.instagram.com\/grizzlyadamuk\/"]}]}},"df_price":39.99,"df_sale_price":"","df_regular_price":39.99,"df_image_link":"https:\/\/grizzlyadam.co.uk\/wp-content\/uploads\/2023\/07\/mockup-6-256x300.png","_links":{"self":[{"href":"https:\/\/grizzlyadam.co.uk\/fr\/wp-json\/wp\/v2\/product\/154215","targetHints":{"allow":["GET"]}}],"collection":[{"href":"https:\/\/grizzlyadam.co.uk\/fr\/wp-json\/wp\/v2\/product"}],"about":[{"href":"https:\/\/grizzlyadam.co.uk\/fr\/wp-json\/wp\/v2\/types\/product"}],"replies":[{"embeddable":true,"href":"https:\/\/grizzlyadam.co.uk\/fr\/wp-json\/wp\/v2\/comments?post=154215"}],"wp:featuredmedia":[{"embeddable":true,"href":"https:\/\/grizzlyadam.co.uk\/fr\/wp-json\/wp\/v2\/media\/154217"}],"wp:attachment":[{"href":"https:\/\/grizzlyadam.co.uk\/fr\/wp-json\/wp\/v2\/media?parent=154215"}],"wp:term":[{"taxonomy":"product_brand","embeddable":true,"href":"https:\/\/grizzlyadam.co.uk\/fr\/wp-json\/wp\/v2\/product_brand?post=154215"},{"taxonomy":"product_cat","embeddable":true,"href":"https:\/\/grizzlyadam.co.uk\/fr\/wp-json\/wp\/v2\/product_cat?post=154215"},{"taxonomy":"product_tag","embeddable":true,"href":"https:\/\/grizzlyadam.co.uk\/fr\/wp-json\/wp\/v2\/product_tag?post=154215"}],"curies":[{"name":"wp","href":"https:\/\/api.w.org\/{rel}","templated":true}]}}