{"id":154149,"date":"2023-07-27T08:13:43","date_gmt":"2023-07-27T07:13:43","guid":{"rendered":"https:\/\/grizzlyadam.co.uk\/product\/mens-cool-vest-beard-lives-matter-save-them-dont-shave-them\/"},"modified":"2023-07-27T08:25:18","modified_gmt":"2023-07-27T07:25:18","slug":"mens-cool-vest-beard-lives-matter-save-them-dont-shave-them","status":"publish","type":"product","link":"https:\/\/grizzlyadam.co.uk\/fr\/produit\/mens-cool-vest-beard-lives-matter-save-them-dont-shave-them\/","title":{"rendered":"Gilet cool pour hommes Beard Lives Matter save Them Don't Shave Them"},"content":{"rendered":"<ul>\n<li><strong>Faites-vous remarquer avec style :<\/strong> Notre gilet cool pour hommes affiche fi\u00e8rement le message puissant \"Beard Lives Matter, save them, don't shave them\" (la vie des barbus compte, sauvez-les, ne les rasez pas) dans un design audacieux et accrocheur. Pour les amateurs de barbe qui sont fiers de leur pilosit\u00e9 faciale, ce gilet n'est pas seulement un v\u00eatement, c'est une d\u00e9claration d'identit\u00e9 et de camaraderie. Portez-la avec confiance et faites savoir au monde que votre barbe est un symbole de force et d'individualit\u00e9.<\/li>\n<li><strong>La performance rencontre le confort :<\/strong> Fabriqu\u00e9e en polyester 100%, cette veste Cool Vest offre une coupe sportive qui garantit une libert\u00e9 de mouvement pendant toute activit\u00e9. Que vous alliez \u00e0 la salle de sport, que vous viviez des aventures en plein air ou que vous sortiez simplement avec des amis, le tissu l\u00e9ger et respirant de ce gilet vous permettra de rester \u00e0 l'aise tout au long de la journ\u00e9e. De plus, gr\u00e2ce \u00e0 la protection UV UPF 30+, il prot\u00e8ge votre peau et votre barbe des rayons solaires nocifs, ce qui en fait le compagnon id\u00e9al de tout amateur de plein air.<\/li>\n<li><strong>Une production responsable pour un monde meilleur :<\/strong> Nous nous soucions de la plan\u00e8te et des personnes qui fabriquent nos produits, c'est pourquoi notre gilet Cool Vest est certifi\u00e9 WRAP (Worldwide Responsible Accredited Production). En choisissant cette veste, vous n'embrassez pas seulement votre amour pour la barbe, vous soutenez \u00e9galement des pratiques de production \u00e9thiques et durables. Rejoignez la communaut\u00e9 mondiale des passionn\u00e9s de barbe et portez ce gilet avec fiert\u00e9, en sachant qu'il repr\u00e9sente un engagement pour un monde meilleur.<\/li>\n<\/ul>\n<p>&nbsp;<\/p>","protected":false},"excerpt":{"rendered":"<p>Id\u00e9e de cadeau pour les papas barbus. Cadeau de f\u00eate des p\u00e8res amusant pour votre p\u00e8re, mari, fils ou oncle qui aime sa barbe.<\/p>\n<ul>\n<li>Fabriqu\u00e9e en polyester 100%, cette veste Cool Vest offre une coupe sportive qui garantit une libert\u00e9 de mouvement pendant toute activit\u00e9.<\/li>\n<li>En choisissant ce gilet, vous n'embrassez pas seulement votre amour de la barbe, vous soutenez \u00e9galement des pratiques de production \u00e9thiques et durables.<\/li>\n<\/ul>","protected":false},"featured_media":154151,"comment_status":"closed","ping_status":"closed","template":"","meta":[],"product_brand":[],"product_cat":[102],"product_tag":[],"class_list":{"0":"post-154149","1":"product","2":"type-product","3":"status-publish","4":"has-post-thumbnail","6":"product_cat-apparel","8":"first","9":"instock","10":"taxable","11":"shipping-taxable","12":"purchasable","13":"product-type-variable"},"yoast_head":"<!-- This site is optimized with the Yoast SEO plugin v27.4 - https:\/\/yoast.com\/product\/yoast-seo-wordpress\/ -->\n<title>Men&#039;s Cool Vest Beard Lives Matter save Them Don&#039;t Shave Them - Grizzly Adam<\/title>\n<meta name=\"robots\" content=\"index, follow, max-snippet:-1, max-image-preview:large, max-video-preview:-1\" \/>\n<link rel=\"canonical\" href=\"https:\/\/grizzlyadam.co.uk\/fr\/produit\/mens-cool-vest-beard-lives-matter-save-them-dont-shave-them\/\" \/>\n<meta property=\"og:locale\" content=\"fr_FR\" \/>\n<meta property=\"og:type\" content=\"article\" \/>\n<meta property=\"og:title\" content=\"Men&#039;s Cool Vest Beard Lives Matter save Them Don&#039;t Shave Them - Grizzly Adam\" \/>\n<meta property=\"og:description\" content=\"Gift idea for Dad&#039;s with beards. Funny Father&#039;s Day gift for your dad, husband, son or uncle who loves his beard.   Crafted with 100% Polyester material, this Cool Vest offers a sporty fit that ensures unrestricted movement during any activity.  By choosing this vest, you&#039;re not just embracing your love for beards; you&#039;re also supporting ethical and sustainable production practices.\" \/>\n<meta property=\"og:url\" content=\"https:\/\/grizzlyadam.co.uk\/fr\/produit\/mens-cool-vest-beard-lives-matter-save-them-dont-shave-them\/\" \/>\n<meta property=\"og:site_name\" content=\"Grizzly Adam\" \/>\n<meta property=\"article:publisher\" content=\"https:\/\/www.facebook.com\/grizzlyadamuk\" \/>\n<meta property=\"article:modified_time\" content=\"2023-07-27T07:25:18+00:00\" \/>\n<meta property=\"og:image\" content=\"https:\/\/project1-mke5mv4jgx.live-website.com\/wp-content\/uploads\/2023\/07\/mockup-3.png\" \/>\n\t<meta property=\"og:image:width\" content=\"1024\" \/>\n\t<meta property=\"og:image:height\" content=\"1200\" \/>\n\t<meta property=\"og:image:type\" content=\"image\/png\" \/>\n<meta name=\"twitter:card\" content=\"summary_large_image\" \/>\n<meta name=\"twitter:site\" content=\"@grizzlyadamuk\" \/>\n<meta name=\"twitter:label1\" content=\"Dur\u00e9e de lecture estim\u00e9e\" \/>\n\t<meta name=\"twitter:data1\" content=\"1 minute\" \/>\n<script type=\"application\/ld+json\" class=\"yoast-schema-graph\">{\"@context\":\"https:\\\/\\\/schema.org\",\"@graph\":[{\"@type\":\"WebPage\",\"@id\":\"https:\\\/\\\/grizzlyadam.co.uk\\\/product\\\/mens-cool-vest-beard-lives-matter-save-them-dont-shave-them\\\/\",\"url\":\"https:\\\/\\\/grizzlyadam.co.uk\\\/product\\\/mens-cool-vest-beard-lives-matter-save-them-dont-shave-them\\\/\",\"name\":\"Men's Cool Vest Beard Lives Matter save Them Don't Shave Them - Grizzly Adam\",\"isPartOf\":{\"@id\":\"https:\\\/\\\/project1-mke5mv4jgx.live-website.com\\\/#website\"},\"primaryImageOfPage\":{\"@id\":\"https:\\\/\\\/grizzlyadam.co.uk\\\/product\\\/mens-cool-vest-beard-lives-matter-save-them-dont-shave-them\\\/#primaryimage\"},\"image\":{\"@id\":\"https:\\\/\\\/grizzlyadam.co.uk\\\/product\\\/mens-cool-vest-beard-lives-matter-save-them-dont-shave-them\\\/#primaryimage\"},\"thumbnailUrl\":\"https:\\\/\\\/grizzlyadam.co.uk\\\/wp-content\\\/uploads\\\/2023\\\/07\\\/mockup-3.png\",\"datePublished\":\"2023-07-27T07:13:43+00:00\",\"dateModified\":\"2023-07-27T07:25:18+00:00\",\"breadcrumb\":{\"@id\":\"https:\\\/\\\/grizzlyadam.co.uk\\\/product\\\/mens-cool-vest-beard-lives-matter-save-them-dont-shave-them\\\/#breadcrumb\"},\"inLanguage\":\"fr-FR\",\"potentialAction\":[{\"@type\":\"ReadAction\",\"target\":[\"https:\\\/\\\/grizzlyadam.co.uk\\\/product\\\/mens-cool-vest-beard-lives-matter-save-them-dont-shave-them\\\/\"]}]},{\"@type\":\"ImageObject\",\"inLanguage\":\"fr-FR\",\"@id\":\"https:\\\/\\\/grizzlyadam.co.uk\\\/product\\\/mens-cool-vest-beard-lives-matter-save-them-dont-shave-them\\\/#primaryimage\",\"url\":\"https:\\\/\\\/grizzlyadam.co.uk\\\/wp-content\\\/uploads\\\/2023\\\/07\\\/mockup-3.png\",\"contentUrl\":\"https:\\\/\\\/grizzlyadam.co.uk\\\/wp-content\\\/uploads\\\/2023\\\/07\\\/mockup-3.png\",\"width\":1024,\"height\":1200},{\"@type\":\"BreadcrumbList\",\"@id\":\"https:\\\/\\\/grizzlyadam.co.uk\\\/product\\\/mens-cool-vest-beard-lives-matter-save-them-dont-shave-them\\\/#breadcrumb\",\"itemListElement\":[{\"@type\":\"ListItem\",\"position\":1,\"name\":\"Home\",\"item\":\"https:\\\/\\\/grizzlyadam.co.uk\\\/\"},{\"@type\":\"ListItem\",\"position\":2,\"name\":\"Shop\",\"item\":\"https:\\\/\\\/project1-mke5mv4jgx.live-website.com\\\/shop\\\/\"},{\"@type\":\"ListItem\",\"position\":3,\"name\":\"Men&#8217;s Cool Vest Beard Lives Matter save Them Don&#8217;t Shave Them\"}]},{\"@type\":\"WebSite\",\"@id\":\"https:\\\/\\\/project1-mke5mv4jgx.live-website.com\\\/#website\",\"url\":\"https:\\\/\\\/project1-mke5mv4jgx.live-website.com\\\/\",\"name\":\"Grizzly Adam\",\"description\":\"Beard Oil And Grooming Products For Gentlemen\",\"publisher\":{\"@id\":\"https:\\\/\\\/project1-mke5mv4jgx.live-website.com\\\/#organization\"},\"potentialAction\":[{\"@type\":\"SearchAction\",\"target\":{\"@type\":\"EntryPoint\",\"urlTemplate\":\"https:\\\/\\\/project1-mke5mv4jgx.live-website.com\\\/?s={search_term_string}\"},\"query-input\":{\"@type\":\"PropertyValueSpecification\",\"valueRequired\":true,\"valueName\":\"search_term_string\"}}],\"inLanguage\":\"fr-FR\"},{\"@type\":\"Organization\",\"@id\":\"https:\\\/\\\/project1-mke5mv4jgx.live-website.com\\\/#organization\",\"name\":\"GRIZZLY ADAM\",\"url\":\"https:\\\/\\\/project1-mke5mv4jgx.live-website.com\\\/\",\"logo\":{\"@type\":\"ImageObject\",\"inLanguage\":\"fr-FR\",\"@id\":\"https:\\\/\\\/project1-mke5mv4jgx.live-website.com\\\/#\\\/schema\\\/logo\\\/image\\\/\",\"url\":\"https:\\\/\\\/grizzlyadam.co.uk\\\/wp-content\\\/uploads\\\/2019\\\/11\\\/gadamlogo.png\",\"contentUrl\":\"https:\\\/\\\/grizzlyadam.co.uk\\\/wp-content\\\/uploads\\\/2019\\\/11\\\/gadamlogo.png\",\"width\":\"200\",\"height\":\"200\",\"caption\":\"GRIZZLY ADAM\"},\"image\":{\"@id\":\"https:\\\/\\\/project1-mke5mv4jgx.live-website.com\\\/#\\\/schema\\\/logo\\\/image\\\/\"},\"sameAs\":[\"https:\\\/\\\/www.facebook.com\\\/grizzlyadamuk\",\"https:\\\/\\\/x.com\\\/grizzlyadamuk\",\"https:\\\/\\\/www.instagram.com\\\/grizzlyadamuk\\\/\"]}]}<\/script>\n<!-- \/ Yoast SEO plugin. -->","yoast_head_json":{"title":"Men's Cool Vest Beard Lives Matter save Them Don't Shave Them - Grizzly Adam","robots":{"index":"index","follow":"follow","max-snippet":"max-snippet:-1","max-image-preview":"max-image-preview:large","max-video-preview":"max-video-preview:-1"},"canonical":"https:\/\/grizzlyadam.co.uk\/fr\/produit\/mens-cool-vest-beard-lives-matter-save-them-dont-shave-them\/","og_locale":"fr_FR","og_type":"article","og_title":"Men's Cool Vest Beard Lives Matter save Them Don't Shave Them - Grizzly Adam","og_description":"Gift idea for Dad's with beards. Funny Father's Day gift for your dad, husband, son or uncle who loves his beard.   Crafted with 100% Polyester material, this Cool Vest offers a sporty fit that ensures unrestricted movement during any activity.  By choosing this vest, you're not just embracing your love for beards; you're also supporting ethical and sustainable production practices.","og_url":"https:\/\/grizzlyadam.co.uk\/fr\/produit\/mens-cool-vest-beard-lives-matter-save-them-dont-shave-them\/","og_site_name":"Grizzly Adam","article_publisher":"https:\/\/www.facebook.com\/grizzlyadamuk","article_modified_time":"2023-07-27T07:25:18+00:00","og_image":[{"width":1024,"height":1200,"url":"https:\/\/project1-mke5mv4jgx.live-website.com\/wp-content\/uploads\/2023\/07\/mockup-3.png","type":"image\/png"}],"twitter_card":"summary_large_image","twitter_site":"@grizzlyadamuk","twitter_misc":{"Dur\u00e9e de lecture estim\u00e9e":"1 minute"},"schema":{"@context":"https:\/\/schema.org","@graph":[{"@type":"WebPage","@id":"https:\/\/grizzlyadam.co.uk\/product\/mens-cool-vest-beard-lives-matter-save-them-dont-shave-them\/","url":"https:\/\/grizzlyadam.co.uk\/product\/mens-cool-vest-beard-lives-matter-save-them-dont-shave-them\/","name":"Men's Cool Vest Beard Lives Matter save Them Don't Shave Them - Grizzly Adam","isPartOf":{"@id":"https:\/\/project1-mke5mv4jgx.live-website.com\/#website"},"primaryImageOfPage":{"@id":"https:\/\/grizzlyadam.co.uk\/product\/mens-cool-vest-beard-lives-matter-save-them-dont-shave-them\/#primaryimage"},"image":{"@id":"https:\/\/grizzlyadam.co.uk\/product\/mens-cool-vest-beard-lives-matter-save-them-dont-shave-them\/#primaryimage"},"thumbnailUrl":"https:\/\/grizzlyadam.co.uk\/wp-content\/uploads\/2023\/07\/mockup-3.png","datePublished":"2023-07-27T07:13:43+00:00","dateModified":"2023-07-27T07:25:18+00:00","breadcrumb":{"@id":"https:\/\/grizzlyadam.co.uk\/product\/mens-cool-vest-beard-lives-matter-save-them-dont-shave-them\/#breadcrumb"},"inLanguage":"fr-FR","potentialAction":[{"@type":"ReadAction","target":["https:\/\/grizzlyadam.co.uk\/product\/mens-cool-vest-beard-lives-matter-save-them-dont-shave-them\/"]}]},{"@type":"ImageObject","inLanguage":"fr-FR","@id":"https:\/\/grizzlyadam.co.uk\/product\/mens-cool-vest-beard-lives-matter-save-them-dont-shave-them\/#primaryimage","url":"https:\/\/grizzlyadam.co.uk\/wp-content\/uploads\/2023\/07\/mockup-3.png","contentUrl":"https:\/\/grizzlyadam.co.uk\/wp-content\/uploads\/2023\/07\/mockup-3.png","width":1024,"height":1200},{"@type":"BreadcrumbList","@id":"https:\/\/grizzlyadam.co.uk\/product\/mens-cool-vest-beard-lives-matter-save-them-dont-shave-them\/#breadcrumb","itemListElement":[{"@type":"ListItem","position":1,"name":"Home","item":"https:\/\/grizzlyadam.co.uk\/"},{"@type":"ListItem","position":2,"name":"Shop","item":"https:\/\/project1-mke5mv4jgx.live-website.com\/shop\/"},{"@type":"ListItem","position":3,"name":"Men&#8217;s Cool Vest Beard Lives Matter save Them Don&#8217;t Shave Them"}]},{"@type":"WebSite","@id":"https:\/\/project1-mke5mv4jgx.live-website.com\/#website","url":"https:\/\/project1-mke5mv4jgx.live-website.com\/","name":"Grizzly Adam","description":"Huile \u00e0 barbe et produits de toilettage pour hommes","publisher":{"@id":"https:\/\/project1-mke5mv4jgx.live-website.com\/#organization"},"potentialAction":[{"@type":"SearchAction","target":{"@type":"EntryPoint","urlTemplate":"https:\/\/project1-mke5mv4jgx.live-website.com\/?s={search_term_string}"},"query-input":{"@type":"PropertyValueSpecification","valueRequired":true,"valueName":"search_term_string"}}],"inLanguage":"fr-FR"},{"@type":"Organization","@id":"https:\/\/project1-mke5mv4jgx.live-website.com\/#organization","name":"GRIZZLY ADAM","url":"https:\/\/project1-mke5mv4jgx.live-website.com\/","logo":{"@type":"ImageObject","inLanguage":"fr-FR","@id":"https:\/\/project1-mke5mv4jgx.live-website.com\/#\/schema\/logo\/image\/","url":"https:\/\/grizzlyadam.co.uk\/wp-content\/uploads\/2019\/11\/gadamlogo.png","contentUrl":"https:\/\/grizzlyadam.co.uk\/wp-content\/uploads\/2019\/11\/gadamlogo.png","width":"200","height":"200","caption":"GRIZZLY ADAM"},"image":{"@id":"https:\/\/project1-mke5mv4jgx.live-website.com\/#\/schema\/logo\/image\/"},"sameAs":["https:\/\/www.facebook.com\/grizzlyadamuk","https:\/\/x.com\/grizzlyadamuk","https:\/\/www.instagram.com\/grizzlyadamuk\/"]}]}},"df_price":17.99,"df_sale_price":"","df_regular_price":17.99,"df_image_link":"https:\/\/grizzlyadam.co.uk\/wp-content\/uploads\/2023\/07\/mockup-3-256x300.png","_links":{"self":[{"href":"https:\/\/grizzlyadam.co.uk\/fr\/wp-json\/wp\/v2\/product\/154149","targetHints":{"allow":["GET"]}}],"collection":[{"href":"https:\/\/grizzlyadam.co.uk\/fr\/wp-json\/wp\/v2\/product"}],"about":[{"href":"https:\/\/grizzlyadam.co.uk\/fr\/wp-json\/wp\/v2\/types\/product"}],"replies":[{"embeddable":true,"href":"https:\/\/grizzlyadam.co.uk\/fr\/wp-json\/wp\/v2\/comments?post=154149"}],"wp:featuredmedia":[{"embeddable":true,"href":"https:\/\/grizzlyadam.co.uk\/fr\/wp-json\/wp\/v2\/media\/154151"}],"wp:attachment":[{"href":"https:\/\/grizzlyadam.co.uk\/fr\/wp-json\/wp\/v2\/media?parent=154149"}],"wp:term":[{"taxonomy":"product_brand","embeddable":true,"href":"https:\/\/grizzlyadam.co.uk\/fr\/wp-json\/wp\/v2\/product_brand?post=154149"},{"taxonomy":"product_cat","embeddable":true,"href":"https:\/\/grizzlyadam.co.uk\/fr\/wp-json\/wp\/v2\/product_cat?post=154149"},{"taxonomy":"product_tag","embeddable":true,"href":"https:\/\/grizzlyadam.co.uk\/fr\/wp-json\/wp\/v2\/product_tag?post=154149"}],"curies":[{"name":"wp","href":"https:\/\/api.w.org\/{rel}","templated":true}]}}