{"id":154101,"date":"2023-07-26T22:52:45","date_gmt":"2023-07-26T21:52:45","guid":{"rendered":"https:\/\/grizzlyadam.co.uk\/product\/canvas-unisex-crew-neck-t-shirt-2-1\/"},"modified":"2023-09-13T17:31:00","modified_gmt":"2023-09-13T16:31:00","slug":"t-shirt-never-underestimate-an-old-man-with-a-beard","status":"publish","type":"product","link":"https:\/\/grizzlyadam.co.uk\/fr\/produit\/t-shirt-never-underestimate-an-old-man-with-a-beard\/","title":{"rendered":"Canvas T-Shirt unisexe \u00e0 col ras du cou - Ne jamais sous-estimer un vieil homme barbu"},"content":{"rendered":"<p><strong>Mat\u00e9riau :\u00a0<\/strong>100% coton peign\u00e9 ringpun.*<\/p>\n<ul>\n<li>Adaptation \u00e0 la vente au d\u00e9tail.<\/li>\n<li>Maillot simple.<\/li>\n<li>Col c\u00f4tel\u00e9.<\/li>\n<li>Bande adh\u00e9sive d'\u00e9paule \u00e0 \u00e9paule.<\/li>\n<li>Couture \u00e0 double aiguille.<\/li>\n<li>Certifi\u00e9 WRAP Production.<\/li>\n<\/ul>\n<p><strong>Poids :\u00a0<\/strong>145 g\/m\u00b2.<\/p>\n<p>*Athletic heather 90% ringspun combed cotton\/10% polyester.<\/p>\n<p>**Tous les poils sont en coton peign\u00e9 52% ringspun\/48% polyester.<\/p>","protected":false},"excerpt":{"rendered":"<p>Ajoutez ce design Never Underestimate An Old Man With Beard \u00e0 votre garde-robe ou offrez-le en cadeau \u00e0 un ami qui aime la barbe.<\/p>\n<ul>\n<li>Coton peign\u00e9 100% ringspun.<\/li>\n<li>Extr\u00eamement doux et confortable.<\/li>\n<li>Ce T-shirt ne sera pas seulement agr\u00e9able \u00e0 porter, il conservera \u00e9galement sa forme, m\u00eame apr\u00e8s de nombreux lavages.<\/li>\n<li>Obtenez-le GRATUITEMENT en d\u00e9pensant plus de 75 \u20ac pendant nos soldes d'\u00e9t\u00e9.<\/li>\n<\/ul>","protected":false},"featured_media":154103,"comment_status":"closed","ping_status":"closed","template":"","meta":[],"product_brand":[],"product_cat":[102],"product_tag":[],"class_list":{"0":"post-154101","1":"product","2":"type-product","3":"status-publish","4":"has-post-thumbnail","6":"product_cat-apparel","8":"first","9":"instock","10":"taxable","11":"shipping-taxable","12":"purchasable","13":"product-type-variable"},"yoast_head":"<!-- This site is optimized with the Yoast SEO plugin v27.2 - https:\/\/yoast.com\/product\/yoast-seo-wordpress\/ -->\n<title>Canvas Unisex Crew Neck T-Shirt - Never Underestimate an old man with a beard - Grizzly Adam<\/title>\n<meta name=\"robots\" content=\"index, follow, max-snippet:-1, max-image-preview:large, max-video-preview:-1\" \/>\n<link rel=\"canonical\" href=\"https:\/\/grizzlyadam.co.uk\/fr\/produit\/t-shirt-never-underestimate-an-old-man-with-a-beard\/\" \/>\n<meta property=\"og:locale\" content=\"fr_FR\" \/>\n<meta property=\"og:type\" content=\"article\" \/>\n<meta property=\"og:title\" content=\"Canvas Unisex Crew Neck T-Shirt - Never Underestimate an old man with a beard - Grizzly Adam\" \/>\n<meta property=\"og:description\" content=\"Add this cool Never Underestimate An Old Man With Beard design to your wardrobe or buy it as a perfect gift for a loved one friend who loves beards   100% ringspun combed cotton.  Extremely soft and comfortable.  This T Shirt won&#039;t only feel great, but it will also retain its shape, even after multiple washes.  Get it FREE when you spend over \u00a375 during our Summer sale.\" \/>\n<meta property=\"og:url\" content=\"https:\/\/grizzlyadam.co.uk\/fr\/produit\/t-shirt-never-underestimate-an-old-man-with-a-beard\/\" \/>\n<meta property=\"og:site_name\" content=\"Grizzly Adam\" \/>\n<meta property=\"article:publisher\" content=\"https:\/\/www.facebook.com\/grizzlyadamuk\" \/>\n<meta property=\"article:modified_time\" content=\"2023-09-13T16:31:00+00:00\" \/>\n<meta property=\"og:image\" content=\"https:\/\/project1-mke5mv4jgx.live-website.com\/wp-content\/uploads\/2023\/07\/mockup.png\" \/>\n\t<meta property=\"og:image:width\" content=\"1024\" \/>\n\t<meta property=\"og:image:height\" content=\"1200\" \/>\n\t<meta property=\"og:image:type\" content=\"image\/png\" \/>\n<meta name=\"twitter:card\" content=\"summary_large_image\" \/>\n<meta name=\"twitter:site\" content=\"@grizzlyadamuk\" \/>\n<meta name=\"twitter:label1\" content=\"Dur\u00e9e de lecture estim\u00e9e\" \/>\n\t<meta name=\"twitter:data1\" content=\"1 minute\" \/>\n<script type=\"application\/ld+json\" class=\"yoast-schema-graph\">{\"@context\":\"https:\/\/schema.org\",\"@graph\":[{\"@type\":\"WebPage\",\"@id\":\"https:\/\/grizzlyadam.co.uk\/product\/t-shirt-never-underestimate-an-old-man-with-a-beard\/\",\"url\":\"https:\/\/grizzlyadam.co.uk\/product\/t-shirt-never-underestimate-an-old-man-with-a-beard\/\",\"name\":\"Canvas Unisex Crew Neck T-Shirt - Never Underestimate an old man with a beard - Grizzly Adam\",\"isPartOf\":{\"@id\":\"https:\/\/project1-mke5mv4jgx.live-website.com\/#website\"},\"primaryImageOfPage\":{\"@id\":\"https:\/\/grizzlyadam.co.uk\/product\/t-shirt-never-underestimate-an-old-man-with-a-beard\/#primaryimage\"},\"image\":{\"@id\":\"https:\/\/grizzlyadam.co.uk\/product\/t-shirt-never-underestimate-an-old-man-with-a-beard\/#primaryimage\"},\"thumbnailUrl\":\"https:\/\/grizzlyadam.co.uk\/wp-content\/uploads\/2023\/07\/mockup.png\",\"datePublished\":\"2023-07-26T21:52:45+00:00\",\"dateModified\":\"2023-09-13T16:31:00+00:00\",\"breadcrumb\":{\"@id\":\"https:\/\/grizzlyadam.co.uk\/product\/t-shirt-never-underestimate-an-old-man-with-a-beard\/#breadcrumb\"},\"inLanguage\":\"fr-FR\",\"potentialAction\":[{\"@type\":\"ReadAction\",\"target\":[\"https:\/\/grizzlyadam.co.uk\/product\/t-shirt-never-underestimate-an-old-man-with-a-beard\/\"]}]},{\"@type\":\"ImageObject\",\"inLanguage\":\"fr-FR\",\"@id\":\"https:\/\/grizzlyadam.co.uk\/product\/t-shirt-never-underestimate-an-old-man-with-a-beard\/#primaryimage\",\"url\":\"https:\/\/grizzlyadam.co.uk\/wp-content\/uploads\/2023\/07\/mockup.png\",\"contentUrl\":\"https:\/\/grizzlyadam.co.uk\/wp-content\/uploads\/2023\/07\/mockup.png\",\"width\":1024,\"height\":1200},{\"@type\":\"BreadcrumbList\",\"@id\":\"https:\/\/grizzlyadam.co.uk\/product\/t-shirt-never-underestimate-an-old-man-with-a-beard\/#breadcrumb\",\"itemListElement\":[{\"@type\":\"ListItem\",\"position\":1,\"name\":\"Home\",\"item\":\"https:\/\/grizzlyadam.co.uk\/\"},{\"@type\":\"ListItem\",\"position\":2,\"name\":\"Shop\",\"item\":\"https:\/\/project1-mke5mv4jgx.live-website.com\/shop\/\"},{\"@type\":\"ListItem\",\"position\":3,\"name\":\"Canvas Unisex Crew Neck T-Shirt &#8211; Never Underestimate an old man with a beard\"}]},{\"@type\":\"WebSite\",\"@id\":\"https:\/\/project1-mke5mv4jgx.live-website.com\/#website\",\"url\":\"https:\/\/project1-mke5mv4jgx.live-website.com\/\",\"name\":\"Grizzly Adam\",\"description\":\"Beard Oil And Grooming Products For Gentlemen\",\"publisher\":{\"@id\":\"https:\/\/project1-mke5mv4jgx.live-website.com\/#organization\"},\"potentialAction\":[{\"@type\":\"SearchAction\",\"target\":{\"@type\":\"EntryPoint\",\"urlTemplate\":\"https:\/\/project1-mke5mv4jgx.live-website.com\/?s={search_term_string}\"},\"query-input\":{\"@type\":\"PropertyValueSpecification\",\"valueRequired\":true,\"valueName\":\"search_term_string\"}}],\"inLanguage\":\"fr-FR\"},{\"@type\":\"Organization\",\"@id\":\"https:\/\/project1-mke5mv4jgx.live-website.com\/#organization\",\"name\":\"GRIZZLY ADAM\",\"url\":\"https:\/\/project1-mke5mv4jgx.live-website.com\/\",\"logo\":{\"@type\":\"ImageObject\",\"inLanguage\":\"fr-FR\",\"@id\":\"https:\/\/project1-mke5mv4jgx.live-website.com\/#\/schema\/logo\/image\/\",\"url\":\"https:\/\/grizzlyadam.co.uk\/wp-content\/uploads\/2019\/11\/gadamlogo.png\",\"contentUrl\":\"https:\/\/grizzlyadam.co.uk\/wp-content\/uploads\/2019\/11\/gadamlogo.png\",\"width\":\"200\",\"height\":\"200\",\"caption\":\"GRIZZLY ADAM\"},\"image\":{\"@id\":\"https:\/\/project1-mke5mv4jgx.live-website.com\/#\/schema\/logo\/image\/\"},\"sameAs\":[\"https:\/\/www.facebook.com\/grizzlyadamuk\",\"https:\/\/x.com\/grizzlyadamuk\",\"https:\/\/www.instagram.com\/grizzlyadamuk\/\"]}]}<\/script>\n<!-- \/ Yoast SEO plugin. -->","yoast_head_json":{"title":"Canvas Unisex Crew Neck T-Shirt - Never Underestimate an old man with a beard - Grizzly Adam","robots":{"index":"index","follow":"follow","max-snippet":"max-snippet:-1","max-image-preview":"max-image-preview:large","max-video-preview":"max-video-preview:-1"},"canonical":"https:\/\/grizzlyadam.co.uk\/fr\/produit\/t-shirt-never-underestimate-an-old-man-with-a-beard\/","og_locale":"fr_FR","og_type":"article","og_title":"Canvas Unisex Crew Neck T-Shirt - Never Underestimate an old man with a beard - Grizzly Adam","og_description":"Add this cool Never Underestimate An Old Man With Beard design to your wardrobe or buy it as a perfect gift for a loved one friend who loves beards   100% ringspun combed cotton.  Extremely soft and comfortable.  This T Shirt won't only feel great, but it will also retain its shape, even after multiple washes.  Get it FREE when you spend over \u00a375 during our Summer sale.","og_url":"https:\/\/grizzlyadam.co.uk\/fr\/produit\/t-shirt-never-underestimate-an-old-man-with-a-beard\/","og_site_name":"Grizzly Adam","article_publisher":"https:\/\/www.facebook.com\/grizzlyadamuk","article_modified_time":"2023-09-13T16:31:00+00:00","og_image":[{"width":1024,"height":1200,"url":"https:\/\/project1-mke5mv4jgx.live-website.com\/wp-content\/uploads\/2023\/07\/mockup.png","type":"image\/png"}],"twitter_card":"summary_large_image","twitter_site":"@grizzlyadamuk","twitter_misc":{"Dur\u00e9e de lecture estim\u00e9e":"1 minute"},"schema":{"@context":"https:\/\/schema.org","@graph":[{"@type":"WebPage","@id":"https:\/\/grizzlyadam.co.uk\/product\/t-shirt-never-underestimate-an-old-man-with-a-beard\/","url":"https:\/\/grizzlyadam.co.uk\/product\/t-shirt-never-underestimate-an-old-man-with-a-beard\/","name":"Canvas Unisex Crew Neck T-Shirt - Never Underestimate an old man with a beard - Grizzly Adam","isPartOf":{"@id":"https:\/\/project1-mke5mv4jgx.live-website.com\/#website"},"primaryImageOfPage":{"@id":"https:\/\/grizzlyadam.co.uk\/product\/t-shirt-never-underestimate-an-old-man-with-a-beard\/#primaryimage"},"image":{"@id":"https:\/\/grizzlyadam.co.uk\/product\/t-shirt-never-underestimate-an-old-man-with-a-beard\/#primaryimage"},"thumbnailUrl":"https:\/\/grizzlyadam.co.uk\/wp-content\/uploads\/2023\/07\/mockup.png","datePublished":"2023-07-26T21:52:45+00:00","dateModified":"2023-09-13T16:31:00+00:00","breadcrumb":{"@id":"https:\/\/grizzlyadam.co.uk\/product\/t-shirt-never-underestimate-an-old-man-with-a-beard\/#breadcrumb"},"inLanguage":"fr-FR","potentialAction":[{"@type":"ReadAction","target":["https:\/\/grizzlyadam.co.uk\/product\/t-shirt-never-underestimate-an-old-man-with-a-beard\/"]}]},{"@type":"ImageObject","inLanguage":"fr-FR","@id":"https:\/\/grizzlyadam.co.uk\/product\/t-shirt-never-underestimate-an-old-man-with-a-beard\/#primaryimage","url":"https:\/\/grizzlyadam.co.uk\/wp-content\/uploads\/2023\/07\/mockup.png","contentUrl":"https:\/\/grizzlyadam.co.uk\/wp-content\/uploads\/2023\/07\/mockup.png","width":1024,"height":1200},{"@type":"BreadcrumbList","@id":"https:\/\/grizzlyadam.co.uk\/product\/t-shirt-never-underestimate-an-old-man-with-a-beard\/#breadcrumb","itemListElement":[{"@type":"ListItem","position":1,"name":"Home","item":"https:\/\/grizzlyadam.co.uk\/"},{"@type":"ListItem","position":2,"name":"Shop","item":"https:\/\/project1-mke5mv4jgx.live-website.com\/shop\/"},{"@type":"ListItem","position":3,"name":"Canvas Unisex Crew Neck T-Shirt &#8211; Never Underestimate an old man with a beard"}]},{"@type":"WebSite","@id":"https:\/\/project1-mke5mv4jgx.live-website.com\/#website","url":"https:\/\/project1-mke5mv4jgx.live-website.com\/","name":"Grizzly Adam","description":"Huile \u00e0 barbe et produits de toilettage pour hommes","publisher":{"@id":"https:\/\/project1-mke5mv4jgx.live-website.com\/#organization"},"potentialAction":[{"@type":"SearchAction","target":{"@type":"EntryPoint","urlTemplate":"https:\/\/project1-mke5mv4jgx.live-website.com\/?s={search_term_string}"},"query-input":{"@type":"PropertyValueSpecification","valueRequired":true,"valueName":"search_term_string"}}],"inLanguage":"fr-FR"},{"@type":"Organization","@id":"https:\/\/project1-mke5mv4jgx.live-website.com\/#organization","name":"GRIZZLY ADAM","url":"https:\/\/project1-mke5mv4jgx.live-website.com\/","logo":{"@type":"ImageObject","inLanguage":"fr-FR","@id":"https:\/\/project1-mke5mv4jgx.live-website.com\/#\/schema\/logo\/image\/","url":"https:\/\/grizzlyadam.co.uk\/wp-content\/uploads\/2019\/11\/gadamlogo.png","contentUrl":"https:\/\/grizzlyadam.co.uk\/wp-content\/uploads\/2019\/11\/gadamlogo.png","width":"200","height":"200","caption":"GRIZZLY ADAM"},"image":{"@id":"https:\/\/project1-mke5mv4jgx.live-website.com\/#\/schema\/logo\/image\/"},"sameAs":["https:\/\/www.facebook.com\/grizzlyadamuk","https:\/\/x.com\/grizzlyadamuk","https:\/\/www.instagram.com\/grizzlyadamuk\/"]}]}},"df_price":19.99,"df_sale_price":"","df_regular_price":19.99,"df_image_link":"https:\/\/grizzlyadam.co.uk\/wp-content\/uploads\/2023\/07\/mockup-256x300.png","_links":{"self":[{"href":"https:\/\/grizzlyadam.co.uk\/fr\/wp-json\/wp\/v2\/product\/154101","targetHints":{"allow":["GET"]}}],"collection":[{"href":"https:\/\/grizzlyadam.co.uk\/fr\/wp-json\/wp\/v2\/product"}],"about":[{"href":"https:\/\/grizzlyadam.co.uk\/fr\/wp-json\/wp\/v2\/types\/product"}],"replies":[{"embeddable":true,"href":"https:\/\/grizzlyadam.co.uk\/fr\/wp-json\/wp\/v2\/comments?post=154101"}],"wp:featuredmedia":[{"embeddable":true,"href":"https:\/\/grizzlyadam.co.uk\/fr\/wp-json\/wp\/v2\/media\/154103"}],"wp:attachment":[{"href":"https:\/\/grizzlyadam.co.uk\/fr\/wp-json\/wp\/v2\/media?parent=154101"}],"wp:term":[{"taxonomy":"product_brand","embeddable":true,"href":"https:\/\/grizzlyadam.co.uk\/fr\/wp-json\/wp\/v2\/product_brand?post=154101"},{"taxonomy":"product_cat","embeddable":true,"href":"https:\/\/grizzlyadam.co.uk\/fr\/wp-json\/wp\/v2\/product_cat?post=154101"},{"taxonomy":"product_tag","embeddable":true,"href":"https:\/\/grizzlyadam.co.uk\/fr\/wp-json\/wp\/v2\/product_tag?post=154101"}],"curies":[{"name":"wp","href":"https:\/\/api.w.org\/{rel}","templated":true}]}}