{"id":15372,"date":"2019-05-16T20:04:32","date_gmt":"2019-05-16T19:04:32","guid":{"rendered":"https:\/\/grizzlyadam.co.uk\/?post_type=product&#038;p=15372"},"modified":"2026-03-25T10:48:28","modified_gmt":"2026-03-25T10:48:28","slug":"beard-dye-for-sensitive-skin-easy-to-use-safe-formula","status":"publish","type":"product","link":"https:\/\/grizzlyadam.co.uk\/fr\/produit\/beard-dye-for-sensitive-skin-easy-to-use-safe-formula\/","title":{"rendered":"Teinture \u00e0 barbe - Sans ammoniaque et sans PPD pour peau sensible - Diverses marques Formule s\u00fbre"},"content":{"rendered":"<p>Il arrive un moment dans la vie de tout homme o\u00f9 il doit se rendre \u00e0 l'\u00e9vidence qu'il se fait un peu vieux. Pour beaucoup d'entre eux, la premi\u00e8re chose \u00e0 laquelle ils pensent est la vue des cheveux gris. Les cheveux gris peuvent apporter un air de sagesse et d'exp\u00e9rience, mais ils peuvent \u00e9galement \u00eatre un peu d\u00e9courageants, car ils donnent l'impression que la derni\u00e8re partie de votre jeunesse est en train de dispara\u00eetre.<\/p>\n<p>Pour retrouver cette confiance, vous pouvez choisir de teindre vos cheveux ou de les raser. Mais lorsqu'il s'agit de votre barbe, nous vous sugg\u00e9rons de poser la tondeuse et de pr\u00e9server sa gloire naturelle avec un peu de teinture pour barbe.<\/p>\n<p>Et que vous approchiez de la colline ou que vous l'ayez d\u00e9pass\u00e9e, en r\u00e9alit\u00e9, les cheveux gris ne sont pas seulement une question de vieillesse. Apr\u00e8s tout, ce processus naturel peut \u00e9galement se produire chez les personnes g\u00e9n\u00e9tiquement malchanceuses qui sirotent \u00e0 peine leur premi\u00e8re pinte de bi\u00e8re l\u00e9gale lorsqu'elles aper\u00e7oivent un fichu gris qui les regarde fixement.<\/p>\n<p>Chez Grizzly Adam, nous comprenons votre besoin de garder votre jeunesse et de pr\u00e9server votre sentiment d'attractivit\u00e9. Il n'y a aucune raison de laisser les cheveux gris vous g\u00eaner. La teinture de barbe \u00e0 domicile peut \u00eatre facile si vous suivez les bonnes \u00e9tapes.<\/p>\n<h4><strong>5 MINUTES pour un effet couleur naturel !<\/strong><\/h4>\n<h4>Coloration \u00e0 usage unique pour vous aider \u00e0 couvrir vos cheveux gris !<br \/>\n<strong><br \/>\nRAPIDE<\/strong>\u00a0- se d\u00e9barrasser des cheveux gris en seulement 5 minutes !<\/h4>\n<h4><strong>FACILE \u00c0 UTILISER<\/strong> &#8211; just mix the content of the 2 bottles, mix and use, then dispose of bottle after use!<br \/>\n<strong>LONGUE DUR\u00c9E<\/strong>\u00a0- les cheveux gris ne reviendront que lorsque vos cheveux repousseront !<br \/>\n<strong>INDEPENDANT<\/strong>\u00a0- aucun accessoire sp\u00e9cial n'est n\u00e9cessaire et le coloriage peut \u00eatre effectu\u00e9 dans n'importe quelle salle de bain !<\/h4>\n<p><strong>Action<br \/>\n<\/strong>Le produit est destin\u00e9 aux cheveux naturels ayant une \u00e9paisseur consid\u00e9rable.<br \/>\ndegr\u00e9 de gris. Le r\u00e9ducteur de cheveux gris ne convient pas aux cheveux color\u00e9s.<br \/>\ncheveux, d\u00e9color\u00e9s ou d\u00e9color\u00e9s avec des m\u00e8ches.<\/p>\n<p><strong>Conseils pratiques avant une coloration<\/strong><\/p>\n<p><strong>Veuillez lire les instructions incluses dans la bo\u00eete sur un<br \/>\navant de l'utiliser !<\/strong><br \/>\nPour masquer les cheveux gris, utilisez la teinte la plus proche de la couleur naturelle des cheveux.<\/p>\n<p><strong>Pr\u00e9paration de la solution<\/strong><br \/>\n1. Prot\u00e9gez vos v\u00eatements avec une serviette ou du papier d'aluminium ; mettez des gants de protection.<br \/>\n2. Ne pas couper l'embout de l'applicateur sur le flacon d'activateur !<br \/>\nD\u00e9visser le tube contenant le colorant et le bouchon du flacon d'activateur. Presser tout le contenu du tube contenant la cr\u00e8me dans le flacon d'activateur.<\/p>\n<p>3. Visser fermement le bouchon et agiter vigoureusement le flacon pendant 1 \u00e0 2 minutes pour obtenir une cr\u00e8me homog\u00e8ne. Couper les pointes des<br \/>\nl'applicateur. Ce faisant, ne pas presser le flacon ni le diriger vers le visage, en particulier les yeux.<\/p>\n<p><strong>Application<\/strong><br \/>\n1. Pressez la cr\u00e8me du flacon en petites portions et r\u00e9partissez-la uniform\u00e9ment avec vos doigts, en la faisant p\u00e9n\u00e9trer dans les cheveux secs et non lav\u00e9s. Commencez l'application par les cheveux les plus gris. Si du gel a \u00e9t\u00e9 utilis\u00e9 avant la teinture ou si les cheveux sont tr\u00e8s gras, lavez-les avec un shampooing et s\u00e9chez-les doucement avec un s\u00e8che-cheveux.<\/p>\n<p>2. Pour r\u00e9partir uniform\u00e9ment la cr\u00e8me, peignez ensuite les cheveux sur toute leur longueur.<\/p>\n<p>3. Laisser la solution sur les cheveux pendant :<\/p>\n<p><strong>5 minutes<\/strong>\u00a0- pour att\u00e9nuer les cheveux gris<br \/>\n<strong>10 minutes<\/strong>\u00a0- pour couvrir les cheveux gris<\/p>\n<p>Ne commencez \u00e0 compter le temps qu'apr\u00e8s l'application compl\u00e8te de la solution. La couleur de la solution change pendant l'application, mais n'affecte pas le r\u00e9sultat final.<\/p>\n<p>4. Apr\u00e8s le temps n\u00e9cessaire, rincez soigneusement le produit et lavez vos cheveux avec un shampooing.<\/p>\n<p><strong>Ingr\u00e9dients<\/strong><strong><br \/>\nCr\u00e8me colorante pour cheveux :<\/strong>\u00a0Aqua, alcool c\u00e9tylique, \u00e9thanolamine, acide ol\u00e9ique,<br \/>\nDioleyl Phosphate, Toluene-2, 5-Diamine Sulfate, Oleth-5 Phosphate,<br \/>\nBis-Diglyceryl Polyacyladipate-2, Coco-Glucoside, Ceteareth-30,<br \/>\nSt\u00e9arate de glyc\u00e9ryle SE, EDTA t\u00e9trasodique, m-Aminoph\u00e9nol, alcool ol\u00e9ique,<br \/>\nPolysorbate 60, Paraffinum Liquidum, Propyl\u00e8ne Glycol, PPG-5-Ceteth-20,<br \/>\nCarbom\u00e8re, Di-PPG-3 Myristyl Ether Adipate, Ricinol\u00e9ate de polyglyc\u00e9ryle-3,<br \/>\nErythorbate de sodium, m\u00e9tabisulfite de sodium, parfum, 2,4-Diaminophenoxyethanol HCI, 2-Methylresorcinol, 4-Chlororesorcinol, Thiolactate d'ammonium,<br \/>\nLinalol, Hexyl Cinnamal, Coumarin, Benzyl Benzoate, Benzol Salicylate,<br \/>\nHydroxyisohexyl 3-Cyclohexene Carboxaldehyde.<\/p>\n<p><strong>Activateur :\u00a0<\/strong>Aqua, Hydrogen Peroxide, Cetearyl Alcohol, Ceteareth-20,<br \/>\nAcide phosphorique, EDTA t\u00e9trasodique, pyrophosphate t\u00e9trasodique,<br \/>\nSulfate d'oxyquinol\u00e9ine, stannate de sodium.<\/p>\n<p><strong>Capacit\u00e9<\/strong><br \/>\n30ml<\/p>\n<p><strong>Type de produit<\/strong><br \/>\nTeinture pour cheveux et barbe<\/p>\n<p><strong>AVERTISSEMENT<\/strong><\/p>\n<p>L'intensit\u00e9 d\u00e9pend de la quantit\u00e9 de tonique capillaire ajout\u00e9e.<\/p>\n<p><span style=\"background-color: #ffff00;\"><strong><u>PR\u00c9CAUTIONS !<\/u><\/strong><\/span><br \/>\n<span style=\"background-color: #ffff00;\">Les colorants capillaires peuvent provoquer de graves r\u00e9actions allergiques. Effectuer un test de sensibilit\u00e9 cutan\u00e9e 48 heures avant chaque utilisation du produit.<\/span> Lisez et suivez les instructions figurant sur une feuille s\u00e9par\u00e9e dans la bo\u00eete. Ce produit n'est pas destin\u00e9 \u00e0 \u00eatre utilis\u00e9 sur des personnes de moins de 16 ans. Les tatouages temporaires au henn\u00e9 noir peuvent augmenter le risque d'allergie.<\/p>\n<p>Ne colorez pas vos cheveux si :<br \/>\n- Vous avez une \u00e9ruption cutan\u00e9e sur le visage ou un cuir chevelu sensible, irrit\u00e9 et ab\u00eem\u00e9.<br \/>\n- Vous avez d\u00e9j\u00e0 eu une r\u00e9action apr\u00e8s avoir color\u00e9 vos cheveux.<br \/>\n- Vous avez d\u00e9j\u00e0 eu une r\u00e9action \u00e0 un tatouage temporaire au henn\u00e9 noir.<\/p>\n<p><strong><u>ATTENTION !<br \/>\n<\/u><\/strong>Agent tr\u00e8s puissant. Ne pas utiliser pour teindre les cils ou les sourcils. Porter des gants appropri\u00e9s. Bien rincer les cheveux apr\u00e8s l'application. \u00c9viter le contact avec les yeux. Rincer imm\u00e9diatement les yeux si le produit entre en contact avec eux.<\/p>\n<p>Ne pas conserver le m\u00e9lange.<\/p>\n<p>Utilisation\u00a0<strong>imm\u00e9diatement<\/strong>\u00a0apr\u00e8s pr\u00e9paration.<\/p>\n<p><strong>Tenir hors de port\u00e9e des enfants.<\/strong><\/p>\n<p>Rapport de m\u00e9lange 1:1.<\/p>\n<p><strong><u>D\u00c9CLARATION DE NON-RESPONSABILIT\u00c9 !<br \/>\n<\/u><\/strong>* Nous ne pouvons \u00eatre tenus responsables des effets ind\u00e9sirables et non d\u00e9sir\u00e9s caus\u00e9s par ce produit s'il n'est pas utilis\u00e9 correctement ou conform\u00e9ment aux instructions du fabricant.<br \/>\n* Nous vous encourageons \u00e0 lire la liste des ingr\u00e9dients et, s'il y a un ingr\u00e9dient auquel vous \u00eates ou pourriez \u00eatre allergique, n'utilisez pas ce produit.<br \/>\n* Pour tout probl\u00e8me li\u00e9 \u00e0 l'utilisation de ce produit, vous devez contacter le fabricant aux coordonn\u00e9es figurant sur l'emballage du produit, ou nous contacter et nous vous fournirons toutes les informations n\u00e9cessaires.<\/p>\n<p>&nbsp;<\/p>","protected":false},"excerpt":{"rendered":"<ul class=\"a-unordered-list a-vertical a-spacing-none\">\n<li><strong><span class=\"a-list-item\">Formule professionnelle pour hommes destin\u00e9e \u00e0 l'auto-coloration de la barbe, de la moustache et des favoris.\u00a0<\/span><\/strong><strong><span class=\"a-list-item\">\u00c9limine efficacement les poils gris du visage.<\/span><\/strong><\/li>\n<li><strong><span class=\"a-list-item\">Fait ressortir la couleur naturelle des poils du visage. Id\u00e9al pour les cheveux noirs et brun fonc\u00e9<\/span><\/strong><\/li>\n<li><strong>Les colorants capillaires peuvent provoquer de graves r\u00e9actions allergiques. Effectuer un test de sensibilit\u00e9 cutan\u00e9e 48 heures avant chaque utilisation du produit.<\/strong><\/li>\n<li><strong>Choix de couleurs de cheveux sans risque d'allergie :<\/strong>\n<ul>\n<li><strong>Produits Power Men :<\/strong> Dark Brown et Natural Brown sont sans ammoniaque et sans PPD - parfaits pour les personnes souffrant d'allergies s\u00e9v\u00e8res qui ont besoin d'une protection compl\u00e8te contre ces produits chimiques. Malheureusement, le noir ne contient plus que de l'ammoniaque. Ne le commandez donc pas si le PPD vous irrite.<\/li>\n<li><strong>Cameleo Brand :<\/strong> Option sans ammoniaque pour ceux qui veulent seulement \u00e9viter l'ammoniaque.<\/li>\n<\/ul>\n<\/li>\n<\/ul>\n<h2><\/h2>","protected":false},"featured_media":53020,"comment_status":"closed","ping_status":"closed","template":"","meta":[],"product_brand":[],"product_cat":[90],"product_tag":[],"class_list":{"0":"post-15372","1":"product","2":"type-product","3":"status-publish","4":"has-post-thumbnail","6":"product_cat-hair-care","8":"first","9":"instock","10":"taxable","11":"shipping-taxable","12":"purchasable","13":"product-type-variable","14":"has-default-attributes"},"yoast_head":"<!-- This site is optimized with the Yoast SEO plugin v27.4 - https:\/\/yoast.com\/product\/yoast-seo-wordpress\/ -->\n<title>Beard dye - Ammonia-free and PPD-free for Sensitive Skin - Various Brands Safe Formula - Grizzly Adam<\/title>\n<meta name=\"description\" content=\"There\u2019s no reasons to let greys get in the way. Beard dyeing from home can be easy if you just follow the right steps.\" \/>\n<meta name=\"robots\" content=\"index, follow, max-snippet:-1, max-image-preview:large, max-video-preview:-1\" \/>\n<link rel=\"canonical\" href=\"https:\/\/grizzlyadam.co.uk\/fr\/produit\/beard-dye-for-sensitive-skin-easy-to-use-safe-formula\/\" \/>\n<meta property=\"og:locale\" content=\"fr_FR\" \/>\n<meta property=\"og:type\" content=\"article\" \/>\n<meta property=\"og:title\" content=\"Beard dye - Ammonia-free and PPD-free for Sensitive Skin - Various Brands Safe Formula - Grizzly Adam\" \/>\n<meta property=\"og:description\" content=\"There\u2019s no reasons to let greys get in the way. Beard dyeing from home can be easy if you just follow the right steps.\" \/>\n<meta property=\"og:url\" content=\"https:\/\/grizzlyadam.co.uk\/fr\/produit\/beard-dye-for-sensitive-skin-easy-to-use-safe-formula\/\" \/>\n<meta property=\"og:site_name\" content=\"Grizzly Adam\" \/>\n<meta property=\"article:publisher\" content=\"https:\/\/www.facebook.com\/grizzlyadamuk\" \/>\n<meta property=\"article:modified_time\" content=\"2026-03-25T10:48:28+00:00\" \/>\n<meta property=\"og:image\" content=\"https:\/\/grizzlyadam.co.uk\/wp-content\/uploads\/2019\/05\/51MwHvD1gCL._AC_.jpg\" \/>\n\t<meta property=\"og:image:width\" content=\"431\" \/>\n\t<meta property=\"og:image:height\" content=\"500\" \/>\n\t<meta property=\"og:image:type\" content=\"image\/jpeg\" \/>\n<meta name=\"twitter:card\" content=\"summary_large_image\" \/>\n<meta name=\"twitter:site\" content=\"@grizzlyadamuk\" \/>\n<meta name=\"twitter:label1\" content=\"Dur\u00e9e de lecture estim\u00e9e\" \/>\n\t<meta name=\"twitter:data1\" content=\"5 minutes\" \/>\n<script type=\"application\/ld+json\" class=\"yoast-schema-graph\">{\"@context\":\"https:\\\/\\\/schema.org\",\"@graph\":[{\"@type\":\"WebPage\",\"@id\":\"https:\\\/\\\/grizzlyadam.co.uk\\\/product\\\/beard-dye-for-sensitive-skin-easy-to-use-safe-formula\\\/\",\"url\":\"https:\\\/\\\/grizzlyadam.co.uk\\\/product\\\/beard-dye-for-sensitive-skin-easy-to-use-safe-formula\\\/\",\"name\":\"Beard dye - Ammonia-free and PPD-free for Sensitive Skin - Various Brands Safe Formula - Grizzly Adam\",\"isPartOf\":{\"@id\":\"https:\\\/\\\/project1-mke5mv4jgx.live-website.com\\\/#website\"},\"primaryImageOfPage\":{\"@id\":\"https:\\\/\\\/grizzlyadam.co.uk\\\/product\\\/beard-dye-for-sensitive-skin-easy-to-use-safe-formula\\\/#primaryimage\"},\"image\":{\"@id\":\"https:\\\/\\\/grizzlyadam.co.uk\\\/product\\\/beard-dye-for-sensitive-skin-easy-to-use-safe-formula\\\/#primaryimage\"},\"thumbnailUrl\":\"https:\\\/\\\/grizzlyadam.co.uk\\\/wp-content\\\/uploads\\\/2019\\\/05\\\/51MwHvD1gCL._AC_.jpg\",\"datePublished\":\"2019-05-16T19:04:32+00:00\",\"dateModified\":\"2026-03-25T10:48:28+00:00\",\"description\":\"There\u2019s no reasons to let greys get in the way. Beard dyeing from home can be easy if you just follow the right steps.\",\"breadcrumb\":{\"@id\":\"https:\\\/\\\/grizzlyadam.co.uk\\\/product\\\/beard-dye-for-sensitive-skin-easy-to-use-safe-formula\\\/#breadcrumb\"},\"inLanguage\":\"fr-FR\",\"potentialAction\":[{\"@type\":\"ReadAction\",\"target\":[\"https:\\\/\\\/grizzlyadam.co.uk\\\/product\\\/beard-dye-for-sensitive-skin-easy-to-use-safe-formula\\\/\"]}]},{\"@type\":\"ImageObject\",\"inLanguage\":\"fr-FR\",\"@id\":\"https:\\\/\\\/grizzlyadam.co.uk\\\/product\\\/beard-dye-for-sensitive-skin-easy-to-use-safe-formula\\\/#primaryimage\",\"url\":\"https:\\\/\\\/grizzlyadam.co.uk\\\/wp-content\\\/uploads\\\/2019\\\/05\\\/51MwHvD1gCL._AC_.jpg\",\"contentUrl\":\"https:\\\/\\\/grizzlyadam.co.uk\\\/wp-content\\\/uploads\\\/2019\\\/05\\\/51MwHvD1gCL._AC_.jpg\",\"width\":431,\"height\":500},{\"@type\":\"BreadcrumbList\",\"@id\":\"https:\\\/\\\/grizzlyadam.co.uk\\\/product\\\/beard-dye-for-sensitive-skin-easy-to-use-safe-formula\\\/#breadcrumb\",\"itemListElement\":[{\"@type\":\"ListItem\",\"position\":1,\"name\":\"Home\",\"item\":\"https:\\\/\\\/grizzlyadam.co.uk\\\/\"},{\"@type\":\"ListItem\",\"position\":2,\"name\":\"Shop\",\"item\":\"https:\\\/\\\/project1-mke5mv4jgx.live-website.com\\\/shop\\\/\"},{\"@type\":\"ListItem\",\"position\":3,\"name\":\"Beard dye &#8211; Ammonia-free and PPD-free for Sensitive Skin &#8211; Various Brands Safe Formula\"}]},{\"@type\":\"WebSite\",\"@id\":\"https:\\\/\\\/project1-mke5mv4jgx.live-website.com\\\/#website\",\"url\":\"https:\\\/\\\/project1-mke5mv4jgx.live-website.com\\\/\",\"name\":\"Grizzly Adam\",\"description\":\"Beard Oil And Grooming Products For Gentlemen\",\"publisher\":{\"@id\":\"https:\\\/\\\/project1-mke5mv4jgx.live-website.com\\\/#organization\"},\"potentialAction\":[{\"@type\":\"SearchAction\",\"target\":{\"@type\":\"EntryPoint\",\"urlTemplate\":\"https:\\\/\\\/project1-mke5mv4jgx.live-website.com\\\/?s={search_term_string}\"},\"query-input\":{\"@type\":\"PropertyValueSpecification\",\"valueRequired\":true,\"valueName\":\"search_term_string\"}}],\"inLanguage\":\"fr-FR\"},{\"@type\":\"Organization\",\"@id\":\"https:\\\/\\\/project1-mke5mv4jgx.live-website.com\\\/#organization\",\"name\":\"GRIZZLY ADAM\",\"url\":\"https:\\\/\\\/project1-mke5mv4jgx.live-website.com\\\/\",\"logo\":{\"@type\":\"ImageObject\",\"inLanguage\":\"fr-FR\",\"@id\":\"https:\\\/\\\/project1-mke5mv4jgx.live-website.com\\\/#\\\/schema\\\/logo\\\/image\\\/\",\"url\":\"https:\\\/\\\/grizzlyadam.co.uk\\\/wp-content\\\/uploads\\\/2019\\\/11\\\/gadamlogo.png\",\"contentUrl\":\"https:\\\/\\\/grizzlyadam.co.uk\\\/wp-content\\\/uploads\\\/2019\\\/11\\\/gadamlogo.png\",\"width\":\"200\",\"height\":\"200\",\"caption\":\"GRIZZLY ADAM\"},\"image\":{\"@id\":\"https:\\\/\\\/project1-mke5mv4jgx.live-website.com\\\/#\\\/schema\\\/logo\\\/image\\\/\"},\"sameAs\":[\"https:\\\/\\\/www.facebook.com\\\/grizzlyadamuk\",\"https:\\\/\\\/x.com\\\/grizzlyadamuk\",\"https:\\\/\\\/www.instagram.com\\\/grizzlyadamuk\\\/\"]}]}<\/script>\n<!-- \/ Yoast SEO plugin. -->","yoast_head_json":{"title":"Beard dye - Ammonia-free and PPD-free for Sensitive Skin - Various Brands Safe Formula - Grizzly Adam","description":"There\u2019s no reasons to let greys get in the way. Beard dyeing from home can be easy if you just follow the right steps.","robots":{"index":"index","follow":"follow","max-snippet":"max-snippet:-1","max-image-preview":"max-image-preview:large","max-video-preview":"max-video-preview:-1"},"canonical":"https:\/\/grizzlyadam.co.uk\/fr\/produit\/beard-dye-for-sensitive-skin-easy-to-use-safe-formula\/","og_locale":"fr_FR","og_type":"article","og_title":"Beard dye - Ammonia-free and PPD-free for Sensitive Skin - Various Brands Safe Formula - Grizzly Adam","og_description":"There\u2019s no reasons to let greys get in the way. Beard dyeing from home can be easy if you just follow the right steps.","og_url":"https:\/\/grizzlyadam.co.uk\/fr\/produit\/beard-dye-for-sensitive-skin-easy-to-use-safe-formula\/","og_site_name":"Grizzly Adam","article_publisher":"https:\/\/www.facebook.com\/grizzlyadamuk","article_modified_time":"2026-03-25T10:48:28+00:00","og_image":[{"width":431,"height":500,"url":"https:\/\/grizzlyadam.co.uk\/wp-content\/uploads\/2019\/05\/51MwHvD1gCL._AC_.jpg","type":"image\/jpeg"}],"twitter_card":"summary_large_image","twitter_site":"@grizzlyadamuk","twitter_misc":{"Dur\u00e9e de lecture estim\u00e9e":"5 minutes"},"schema":{"@context":"https:\/\/schema.org","@graph":[{"@type":"WebPage","@id":"https:\/\/grizzlyadam.co.uk\/product\/beard-dye-for-sensitive-skin-easy-to-use-safe-formula\/","url":"https:\/\/grizzlyadam.co.uk\/product\/beard-dye-for-sensitive-skin-easy-to-use-safe-formula\/","name":"Beard dye - Ammonia-free and PPD-free for Sensitive Skin - Various Brands Safe Formula - Grizzly Adam","isPartOf":{"@id":"https:\/\/project1-mke5mv4jgx.live-website.com\/#website"},"primaryImageOfPage":{"@id":"https:\/\/grizzlyadam.co.uk\/product\/beard-dye-for-sensitive-skin-easy-to-use-safe-formula\/#primaryimage"},"image":{"@id":"https:\/\/grizzlyadam.co.uk\/product\/beard-dye-for-sensitive-skin-easy-to-use-safe-formula\/#primaryimage"},"thumbnailUrl":"https:\/\/grizzlyadam.co.uk\/wp-content\/uploads\/2019\/05\/51MwHvD1gCL._AC_.jpg","datePublished":"2019-05-16T19:04:32+00:00","dateModified":"2026-03-25T10:48:28+00:00","description":"There\u2019s no reasons to let greys get in the way. Beard dyeing from home can be easy if you just follow the right steps.","breadcrumb":{"@id":"https:\/\/grizzlyadam.co.uk\/product\/beard-dye-for-sensitive-skin-easy-to-use-safe-formula\/#breadcrumb"},"inLanguage":"fr-FR","potentialAction":[{"@type":"ReadAction","target":["https:\/\/grizzlyadam.co.uk\/product\/beard-dye-for-sensitive-skin-easy-to-use-safe-formula\/"]}]},{"@type":"ImageObject","inLanguage":"fr-FR","@id":"https:\/\/grizzlyadam.co.uk\/product\/beard-dye-for-sensitive-skin-easy-to-use-safe-formula\/#primaryimage","url":"https:\/\/grizzlyadam.co.uk\/wp-content\/uploads\/2019\/05\/51MwHvD1gCL._AC_.jpg","contentUrl":"https:\/\/grizzlyadam.co.uk\/wp-content\/uploads\/2019\/05\/51MwHvD1gCL._AC_.jpg","width":431,"height":500},{"@type":"BreadcrumbList","@id":"https:\/\/grizzlyadam.co.uk\/product\/beard-dye-for-sensitive-skin-easy-to-use-safe-formula\/#breadcrumb","itemListElement":[{"@type":"ListItem","position":1,"name":"Home","item":"https:\/\/grizzlyadam.co.uk\/"},{"@type":"ListItem","position":2,"name":"Shop","item":"https:\/\/project1-mke5mv4jgx.live-website.com\/shop\/"},{"@type":"ListItem","position":3,"name":"Beard dye &#8211; Ammonia-free and PPD-free for Sensitive Skin &#8211; Various Brands Safe Formula"}]},{"@type":"WebSite","@id":"https:\/\/project1-mke5mv4jgx.live-website.com\/#website","url":"https:\/\/project1-mke5mv4jgx.live-website.com\/","name":"Grizzly Adam","description":"Huile \u00e0 barbe et produits de toilettage pour hommes","publisher":{"@id":"https:\/\/project1-mke5mv4jgx.live-website.com\/#organization"},"potentialAction":[{"@type":"SearchAction","target":{"@type":"EntryPoint","urlTemplate":"https:\/\/project1-mke5mv4jgx.live-website.com\/?s={search_term_string}"},"query-input":{"@type":"PropertyValueSpecification","valueRequired":true,"valueName":"search_term_string"}}],"inLanguage":"fr-FR"},{"@type":"Organization","@id":"https:\/\/project1-mke5mv4jgx.live-website.com\/#organization","name":"GRIZZLY ADAM","url":"https:\/\/project1-mke5mv4jgx.live-website.com\/","logo":{"@type":"ImageObject","inLanguage":"fr-FR","@id":"https:\/\/project1-mke5mv4jgx.live-website.com\/#\/schema\/logo\/image\/","url":"https:\/\/grizzlyadam.co.uk\/wp-content\/uploads\/2019\/11\/gadamlogo.png","contentUrl":"https:\/\/grizzlyadam.co.uk\/wp-content\/uploads\/2019\/11\/gadamlogo.png","width":"200","height":"200","caption":"GRIZZLY ADAM"},"image":{"@id":"https:\/\/project1-mke5mv4jgx.live-website.com\/#\/schema\/logo\/image\/"},"sameAs":["https:\/\/www.facebook.com\/grizzlyadamuk","https:\/\/x.com\/grizzlyadamuk","https:\/\/www.instagram.com\/grizzlyadamuk\/"]}]}},"df_price":15.99,"df_sale_price":"","df_regular_price":15.99,"df_image_link":"https:\/\/grizzlyadam.co.uk\/wp-content\/uploads\/2019\/05\/51MwHvD1gCL._AC_-259x300.jpg","_links":{"self":[{"href":"https:\/\/grizzlyadam.co.uk\/fr\/wp-json\/wp\/v2\/product\/15372","targetHints":{"allow":["GET"]}}],"collection":[{"href":"https:\/\/grizzlyadam.co.uk\/fr\/wp-json\/wp\/v2\/product"}],"about":[{"href":"https:\/\/grizzlyadam.co.uk\/fr\/wp-json\/wp\/v2\/types\/product"}],"replies":[{"embeddable":true,"href":"https:\/\/grizzlyadam.co.uk\/fr\/wp-json\/wp\/v2\/comments?post=15372"}],"wp:featuredmedia":[{"embeddable":true,"href":"https:\/\/grizzlyadam.co.uk\/fr\/wp-json\/wp\/v2\/media\/53020"}],"wp:attachment":[{"href":"https:\/\/grizzlyadam.co.uk\/fr\/wp-json\/wp\/v2\/media?parent=15372"}],"wp:term":[{"taxonomy":"product_brand","embeddable":true,"href":"https:\/\/grizzlyadam.co.uk\/fr\/wp-json\/wp\/v2\/product_brand?post=15372"},{"taxonomy":"product_cat","embeddable":true,"href":"https:\/\/grizzlyadam.co.uk\/fr\/wp-json\/wp\/v2\/product_cat?post=15372"},{"taxonomy":"product_tag","embeddable":true,"href":"https:\/\/grizzlyadam.co.uk\/fr\/wp-json\/wp\/v2\/product_tag?post=15372"}],"curies":[{"name":"wp","href":"https:\/\/api.w.org\/{rel}","templated":true}]}}