{"id":148637,"date":"2023-02-04T10:03:28","date_gmt":"2023-02-04T10:03:28","guid":{"rendered":"https:\/\/grizzlyadam.co.uk\/?post_type=product&#038;p=148637"},"modified":"2026-02-19T19:35:05","modified_gmt":"2026-02-19T19:35:05","slug":"seduction-a-scented-beard-oil-inspired-by-dior-sauvage-30ml","status":"publish","type":"product","link":"https:\/\/grizzlyadam.co.uk\/fr\/produit\/seduction-a-scented-beard-oil-inspired-by-dior-sauvage-30ml\/","title":{"rendered":"Seduction Une huile \u00e0 barbe parfum\u00e9e inspir\u00e9e de Dior Sauvage 30ml"},"content":{"rendered":"<p>L'huile \u00e0 barbe Seduction, fabriqu\u00e9e exclusivement par Grizzly Adam, s'inspire de l'embl\u00e9matique parfum Sauvage et offre une senteur s\u00e9duisante tout en nourrissant les poils du visage.<\/p>\n<p>L'ar\u00f4me pr\u00e9sente des notes de t\u00eate de bergamote et de mandarine, adoucies par la lavande, le poivre de Sichuan et la noix de muscade. Il contient \u00e9galement des notes de fond profondes d'absolu de vanille, de bois de santal, de c\u00e8dre, de f\u00e8ve Tonka et de patchouli, ce qui en fait le choix id\u00e9al pour ceux qui aiment les parfums audacieux et masculins.<\/p>\n<h2>A propos de The Fragrance in Seduction<\/h2>\n<p>Le parfum Dior Sauvage est tr\u00e8s populaire et tr\u00e8s connu. Il a \u00e9t\u00e9 lanc\u00e9 pour la premi\u00e8re fois en 2015 et est depuis devenu un best-seller de la marque. Le parfum a re\u00e7u des avis positifs de la part des critiques et des consommateurs, et a \u00e9t\u00e9 pr\u00e9sent\u00e9 dans de nombreuses campagnes publicitaires. Il est consid\u00e9r\u00e9 comme un parfum classique et intemporel, symbole de masculinit\u00e9 et d'\u00e9l\u00e9gance. De nombreuses personnes ont appr\u00e9ci\u00e9 le parfum pour sa composition unique et complexe, qui comprend des notes de bergamote, de poivre, de lavande et d'ambroxan, entre autres. Il est consid\u00e9r\u00e9 comme un parfum polyvalent, parfait pour toutes les occasions.<\/p>\n\t<div class=\"img has-hover x md-x lg-x y md-y lg-y\" id=\"image_182584091\">\n\t\t\t\t\t\t\t\t<div class=\"img-inner dark\" >\n\t\t\t<img loading=\"lazy\" decoding=\"async\" width=\"1020\" height=\"462\" src=\"https:\/\/grizzlyadam.co.uk\/wp-content\/uploads\/2023\/02\/Banner-1024x464.jpg\" class=\"attachment-large size-large\" alt=\"\" srcset=\"https:\/\/grizzlyadam.co.uk\/wp-content\/uploads\/2023\/02\/Banner-1024x464.jpg 1024w, https:\/\/grizzlyadam.co.uk\/wp-content\/uploads\/2023\/02\/Banner-300x136.jpg 300w, https:\/\/grizzlyadam.co.uk\/wp-content\/uploads\/2023\/02\/Banner-768x348.jpg 768w, https:\/\/grizzlyadam.co.uk\/wp-content\/uploads\/2023\/02\/Banner-1536x696.jpg 1536w, https:\/\/grizzlyadam.co.uk\/wp-content\/uploads\/2023\/02\/Banner-600x272.jpg 600w, https:\/\/grizzlyadam.co.uk\/wp-content\/uploads\/2023\/02\/Banner.jpg 1920w\" sizes=\"auto, (max-width: 1020px) 100vw, 1020px\" \/>\t\t\t\t\t\t\n\t\t\t\t\t<\/div>\n\t\t\t\t\t\t\t\t\n<style>\n#image_182584091 {\n  width: 100%;\n}\n<\/style>\n\t<\/div>\n\t\n<h1 style=\"text-align: center;\">Special Offer &#8211; Buy 3 Seduction Beard oils and Get This Amazing Wooden Comb FREE<\/h1>\n<p><img loading=\"lazy\" decoding=\"async\" class=\"aligncenter wp-image-2208 size-full\" src=\"https:\/\/grizzlyadam.co.uk\/wp-content\/uploads\/2017\/02\/Comb-Advert-1.jpg\" alt=\"\" width=\"1590\" height=\"894\" srcset=\"https:\/\/grizzlyadam.co.uk\/wp-content\/uploads\/2017\/02\/Comb-Advert-1.jpg 1590w, https:\/\/grizzlyadam.co.uk\/wp-content\/uploads\/2017\/02\/Comb-Advert-1-300x169.jpg 300w, https:\/\/grizzlyadam.co.uk\/wp-content\/uploads\/2017\/02\/Comb-Advert-1-1024x576.jpg 1024w, https:\/\/grizzlyadam.co.uk\/wp-content\/uploads\/2017\/02\/Comb-Advert-1-768x432.jpg 768w, https:\/\/grizzlyadam.co.uk\/wp-content\/uploads\/2017\/02\/Comb-Advert-1-1536x864.jpg 1536w, https:\/\/grizzlyadam.co.uk\/wp-content\/uploads\/2017\/02\/Comb-Advert-1-600x337.jpg 600w\" sizes=\"auto, (max-width: 1590px) 100vw, 1590px\" \/><\/p>","protected":false},"excerpt":{"rendered":"<ul>\n<li>Nourrit et hydrate les poils du visage.<\/li>\n<li>Inspir\u00e9 par le parfum iconique Sauvage.<\/li>\n<li>Il s'agit d'un parfum masculin audacieux avec des notes de t\u00eate de bergamote et de mandarine, adoucies par la lavande et le poivre de Sichuan.<\/li>\n<li>Exclusivement fabriqu\u00e9 par Grizzly Adam pour une croissance saine de la barbe.<\/li>\n<li>V\u00e9g\u00e9talien et sans cruaut\u00e9<\/li>\n<\/ul>\n<p>&nbsp;<\/p>\n<p>&nbsp;<\/p>","protected":false},"featured_media":149263,"comment_status":"closed","ping_status":"closed","template":"","meta":[],"product_brand":[],"product_cat":[250,65,74,90,864],"product_tag":[66,80,67,83,92],"class_list":{"0":"post-148637","1":"product","2":"type-product","3":"status-publish","4":"has-post-thumbnail","6":"product_cat-beard-growth","7":"product_cat-beard-oil","8":"product_cat-grooming-kits","9":"product_cat-hair-care","10":"product_cat-health-beauty","11":"product_tag-beard-oil","12":"product_tag-beard-care","13":"product_tag-conditioner","14":"product_tag-grooming","15":"product_tag-hair-care","17":"first","18":"instock","19":"taxable","20":"shipping-taxable","21":"purchasable","22":"product-type-simple"},"yoast_head":"<!-- This site is optimized with the Yoast SEO plugin v27.2 - https:\/\/yoast.com\/product\/yoast-seo-wordpress\/ -->\n<title>Seduction A Scented Beard Oil Inspired By Dior Sauvage 30ml - Grizzly Adam<\/title>\n<meta name=\"description\" content=\"Luxury Long Lasting Scented Beard Oil Inspired By Christian Dior, Sauvage, Vegan Friendly And Cruelty Free. Enticing scent that will nourish your beard all day.\" \/>\n<meta name=\"robots\" content=\"index, follow, max-snippet:-1, max-image-preview:large, max-video-preview:-1\" \/>\n<link rel=\"canonical\" href=\"https:\/\/grizzlyadam.co.uk\/fr\/produit\/seduction-a-scented-beard-oil-inspired-by-dior-sauvage-30ml\/\" \/>\n<meta property=\"og:locale\" content=\"fr_FR\" \/>\n<meta property=\"og:type\" content=\"article\" \/>\n<meta property=\"og:title\" content=\"Seduction A Scented Beard Oil Inspired By Dior Sauvage 30ml - Grizzly Adam\" \/>\n<meta property=\"og:description\" content=\"Luxury Long Lasting Scented Beard Oil Inspired By Christian Dior, Sauvage, Vegan Friendly And Cruelty Free. Enticing scent that will nourish your beard all day.\" \/>\n<meta property=\"og:url\" content=\"https:\/\/grizzlyadam.co.uk\/fr\/produit\/seduction-a-scented-beard-oil-inspired-by-dior-sauvage-30ml\/\" \/>\n<meta property=\"og:site_name\" content=\"Grizzly Adam\" \/>\n<meta property=\"article:publisher\" content=\"https:\/\/www.facebook.com\/grizzlyadamuk\" \/>\n<meta property=\"article:modified_time\" content=\"2026-02-19T19:35:05+00:00\" \/>\n<meta property=\"og:image\" content=\"https:\/\/grizzlyadam.co.uk\/wp-content\/uploads\/2023\/02\/6.jpg\" \/>\n\t<meta property=\"og:image:width\" content=\"1200\" \/>\n\t<meta property=\"og:image:height\" content=\"1200\" \/>\n\t<meta property=\"og:image:type\" content=\"image\/jpeg\" \/>\n<meta name=\"twitter:card\" content=\"summary_large_image\" \/>\n<meta name=\"twitter:site\" content=\"@grizzlyadamuk\" \/>\n<meta name=\"twitter:label1\" content=\"Dur\u00e9e de lecture estim\u00e9e\" \/>\n\t<meta name=\"twitter:data1\" content=\"2 minutes\" \/>\n<script type=\"application\/ld+json\" class=\"yoast-schema-graph\">{\"@context\":\"https:\/\/schema.org\",\"@graph\":[{\"@type\":\"WebPage\",\"@id\":\"https:\/\/grizzlyadam.co.uk\/product\/seduction-a-scented-beard-oil-inspired-by-dior-sauvage-30ml\/\",\"url\":\"https:\/\/grizzlyadam.co.uk\/product\/seduction-a-scented-beard-oil-inspired-by-dior-sauvage-30ml\/\",\"name\":\"Seduction A Scented Beard Oil Inspired By Dior Sauvage 30ml - Grizzly Adam\",\"isPartOf\":{\"@id\":\"https:\/\/project1-mke5mv4jgx.live-website.com\/#website\"},\"primaryImageOfPage\":{\"@id\":\"https:\/\/grizzlyadam.co.uk\/product\/seduction-a-scented-beard-oil-inspired-by-dior-sauvage-30ml\/#primaryimage\"},\"image\":{\"@id\":\"https:\/\/grizzlyadam.co.uk\/product\/seduction-a-scented-beard-oil-inspired-by-dior-sauvage-30ml\/#primaryimage\"},\"thumbnailUrl\":\"https:\/\/grizzlyadam.co.uk\/wp-content\/uploads\/2023\/02\/6.jpg\",\"datePublished\":\"2023-02-04T10:03:28+00:00\",\"dateModified\":\"2026-02-19T19:35:05+00:00\",\"description\":\"Luxury Long Lasting Scented Beard Oil Inspired By Christian Dior, Sauvage, Vegan Friendly And Cruelty Free. Enticing scent that will nourish your beard all day.\",\"breadcrumb\":{\"@id\":\"https:\/\/grizzlyadam.co.uk\/product\/seduction-a-scented-beard-oil-inspired-by-dior-sauvage-30ml\/#breadcrumb\"},\"inLanguage\":\"fr-FR\",\"potentialAction\":[{\"@type\":\"ReadAction\",\"target\":[\"https:\/\/grizzlyadam.co.uk\/product\/seduction-a-scented-beard-oil-inspired-by-dior-sauvage-30ml\/\"]}]},{\"@type\":\"ImageObject\",\"inLanguage\":\"fr-FR\",\"@id\":\"https:\/\/grizzlyadam.co.uk\/product\/seduction-a-scented-beard-oil-inspired-by-dior-sauvage-30ml\/#primaryimage\",\"url\":\"https:\/\/grizzlyadam.co.uk\/wp-content\/uploads\/2023\/02\/6.jpg\",\"contentUrl\":\"https:\/\/grizzlyadam.co.uk\/wp-content\/uploads\/2023\/02\/6.jpg\",\"width\":1200,\"height\":1200},{\"@type\":\"BreadcrumbList\",\"@id\":\"https:\/\/grizzlyadam.co.uk\/product\/seduction-a-scented-beard-oil-inspired-by-dior-sauvage-30ml\/#breadcrumb\",\"itemListElement\":[{\"@type\":\"ListItem\",\"position\":1,\"name\":\"Home\",\"item\":\"https:\/\/grizzlyadam.co.uk\/\"},{\"@type\":\"ListItem\",\"position\":2,\"name\":\"Shop\",\"item\":\"https:\/\/project1-mke5mv4jgx.live-website.com\/shop\/\"},{\"@type\":\"ListItem\",\"position\":3,\"name\":\"Seduction A Scented Beard Oil Inspired By Dior Sauvage 30ml\"}]},{\"@type\":\"WebSite\",\"@id\":\"https:\/\/project1-mke5mv4jgx.live-website.com\/#website\",\"url\":\"https:\/\/project1-mke5mv4jgx.live-website.com\/\",\"name\":\"Grizzly Adam\",\"description\":\"Beard Oil And Grooming Products For Gentlemen\",\"publisher\":{\"@id\":\"https:\/\/project1-mke5mv4jgx.live-website.com\/#organization\"},\"potentialAction\":[{\"@type\":\"SearchAction\",\"target\":{\"@type\":\"EntryPoint\",\"urlTemplate\":\"https:\/\/project1-mke5mv4jgx.live-website.com\/?s={search_term_string}\"},\"query-input\":{\"@type\":\"PropertyValueSpecification\",\"valueRequired\":true,\"valueName\":\"search_term_string\"}}],\"inLanguage\":\"fr-FR\"},{\"@type\":\"Organization\",\"@id\":\"https:\/\/project1-mke5mv4jgx.live-website.com\/#organization\",\"name\":\"GRIZZLY ADAM\",\"url\":\"https:\/\/project1-mke5mv4jgx.live-website.com\/\",\"logo\":{\"@type\":\"ImageObject\",\"inLanguage\":\"fr-FR\",\"@id\":\"https:\/\/project1-mke5mv4jgx.live-website.com\/#\/schema\/logo\/image\/\",\"url\":\"https:\/\/grizzlyadam.co.uk\/wp-content\/uploads\/2019\/11\/gadamlogo.png\",\"contentUrl\":\"https:\/\/grizzlyadam.co.uk\/wp-content\/uploads\/2019\/11\/gadamlogo.png\",\"width\":\"200\",\"height\":\"200\",\"caption\":\"GRIZZLY ADAM\"},\"image\":{\"@id\":\"https:\/\/project1-mke5mv4jgx.live-website.com\/#\/schema\/logo\/image\/\"},\"sameAs\":[\"https:\/\/www.facebook.com\/grizzlyadamuk\",\"https:\/\/x.com\/grizzlyadamuk\",\"https:\/\/www.instagram.com\/grizzlyadamuk\/\"]}]}<\/script>\n<!-- \/ Yoast SEO plugin. -->","yoast_head_json":{"title":"Seduction A Scented Beard Oil Inspired By Dior Sauvage 30ml - Grizzly Adam","description":"Luxury Long Lasting Scented Beard Oil Inspired By Christian Dior, Sauvage, Vegan Friendly And Cruelty Free. Enticing scent that will nourish your beard all day.","robots":{"index":"index","follow":"follow","max-snippet":"max-snippet:-1","max-image-preview":"max-image-preview:large","max-video-preview":"max-video-preview:-1"},"canonical":"https:\/\/grizzlyadam.co.uk\/fr\/produit\/seduction-a-scented-beard-oil-inspired-by-dior-sauvage-30ml\/","og_locale":"fr_FR","og_type":"article","og_title":"Seduction A Scented Beard Oil Inspired By Dior Sauvage 30ml - Grizzly Adam","og_description":"Luxury Long Lasting Scented Beard Oil Inspired By Christian Dior, Sauvage, Vegan Friendly And Cruelty Free. Enticing scent that will nourish your beard all day.","og_url":"https:\/\/grizzlyadam.co.uk\/fr\/produit\/seduction-a-scented-beard-oil-inspired-by-dior-sauvage-30ml\/","og_site_name":"Grizzly Adam","article_publisher":"https:\/\/www.facebook.com\/grizzlyadamuk","article_modified_time":"2026-02-19T19:35:05+00:00","og_image":[{"width":1200,"height":1200,"url":"https:\/\/grizzlyadam.co.uk\/wp-content\/uploads\/2023\/02\/6.jpg","type":"image\/jpeg"}],"twitter_card":"summary_large_image","twitter_site":"@grizzlyadamuk","twitter_misc":{"Dur\u00e9e de lecture estim\u00e9e":"2 minutes"},"schema":{"@context":"https:\/\/schema.org","@graph":[{"@type":"WebPage","@id":"https:\/\/grizzlyadam.co.uk\/product\/seduction-a-scented-beard-oil-inspired-by-dior-sauvage-30ml\/","url":"https:\/\/grizzlyadam.co.uk\/product\/seduction-a-scented-beard-oil-inspired-by-dior-sauvage-30ml\/","name":"Seduction A Scented Beard Oil Inspired By Dior Sauvage 30ml - Grizzly Adam","isPartOf":{"@id":"https:\/\/project1-mke5mv4jgx.live-website.com\/#website"},"primaryImageOfPage":{"@id":"https:\/\/grizzlyadam.co.uk\/product\/seduction-a-scented-beard-oil-inspired-by-dior-sauvage-30ml\/#primaryimage"},"image":{"@id":"https:\/\/grizzlyadam.co.uk\/product\/seduction-a-scented-beard-oil-inspired-by-dior-sauvage-30ml\/#primaryimage"},"thumbnailUrl":"https:\/\/grizzlyadam.co.uk\/wp-content\/uploads\/2023\/02\/6.jpg","datePublished":"2023-02-04T10:03:28+00:00","dateModified":"2026-02-19T19:35:05+00:00","description":"Luxury Long Lasting Scented Beard Oil Inspired By Christian Dior, Sauvage, Vegan Friendly And Cruelty Free. Enticing scent that will nourish your beard all day.","breadcrumb":{"@id":"https:\/\/grizzlyadam.co.uk\/product\/seduction-a-scented-beard-oil-inspired-by-dior-sauvage-30ml\/#breadcrumb"},"inLanguage":"fr-FR","potentialAction":[{"@type":"ReadAction","target":["https:\/\/grizzlyadam.co.uk\/product\/seduction-a-scented-beard-oil-inspired-by-dior-sauvage-30ml\/"]}]},{"@type":"ImageObject","inLanguage":"fr-FR","@id":"https:\/\/grizzlyadam.co.uk\/product\/seduction-a-scented-beard-oil-inspired-by-dior-sauvage-30ml\/#primaryimage","url":"https:\/\/grizzlyadam.co.uk\/wp-content\/uploads\/2023\/02\/6.jpg","contentUrl":"https:\/\/grizzlyadam.co.uk\/wp-content\/uploads\/2023\/02\/6.jpg","width":1200,"height":1200},{"@type":"BreadcrumbList","@id":"https:\/\/grizzlyadam.co.uk\/product\/seduction-a-scented-beard-oil-inspired-by-dior-sauvage-30ml\/#breadcrumb","itemListElement":[{"@type":"ListItem","position":1,"name":"Home","item":"https:\/\/grizzlyadam.co.uk\/"},{"@type":"ListItem","position":2,"name":"Shop","item":"https:\/\/project1-mke5mv4jgx.live-website.com\/shop\/"},{"@type":"ListItem","position":3,"name":"Seduction A Scented Beard Oil Inspired By Dior Sauvage 30ml"}]},{"@type":"WebSite","@id":"https:\/\/project1-mke5mv4jgx.live-website.com\/#website","url":"https:\/\/project1-mke5mv4jgx.live-website.com\/","name":"Grizzly Adam","description":"Huile \u00e0 barbe et produits de toilettage pour hommes","publisher":{"@id":"https:\/\/project1-mke5mv4jgx.live-website.com\/#organization"},"potentialAction":[{"@type":"SearchAction","target":{"@type":"EntryPoint","urlTemplate":"https:\/\/project1-mke5mv4jgx.live-website.com\/?s={search_term_string}"},"query-input":{"@type":"PropertyValueSpecification","valueRequired":true,"valueName":"search_term_string"}}],"inLanguage":"fr-FR"},{"@type":"Organization","@id":"https:\/\/project1-mke5mv4jgx.live-website.com\/#organization","name":"GRIZZLY ADAM","url":"https:\/\/project1-mke5mv4jgx.live-website.com\/","logo":{"@type":"ImageObject","inLanguage":"fr-FR","@id":"https:\/\/project1-mke5mv4jgx.live-website.com\/#\/schema\/logo\/image\/","url":"https:\/\/grizzlyadam.co.uk\/wp-content\/uploads\/2019\/11\/gadamlogo.png","contentUrl":"https:\/\/grizzlyadam.co.uk\/wp-content\/uploads\/2019\/11\/gadamlogo.png","width":"200","height":"200","caption":"GRIZZLY ADAM"},"image":{"@id":"https:\/\/project1-mke5mv4jgx.live-website.com\/#\/schema\/logo\/image\/"},"sameAs":["https:\/\/www.facebook.com\/grizzlyadamuk","https:\/\/x.com\/grizzlyadamuk","https:\/\/www.instagram.com\/grizzlyadamuk\/"]}]}},"df_price":19.99,"df_sale_price":"","df_regular_price":19.99,"df_image_link":"https:\/\/grizzlyadam.co.uk\/wp-content\/uploads\/2023\/02\/6-300x300.jpg","_links":{"self":[{"href":"https:\/\/grizzlyadam.co.uk\/fr\/wp-json\/wp\/v2\/product\/148637","targetHints":{"allow":["GET"]}}],"collection":[{"href":"https:\/\/grizzlyadam.co.uk\/fr\/wp-json\/wp\/v2\/product"}],"about":[{"href":"https:\/\/grizzlyadam.co.uk\/fr\/wp-json\/wp\/v2\/types\/product"}],"replies":[{"embeddable":true,"href":"https:\/\/grizzlyadam.co.uk\/fr\/wp-json\/wp\/v2\/comments?post=148637"}],"wp:featuredmedia":[{"embeddable":true,"href":"https:\/\/grizzlyadam.co.uk\/fr\/wp-json\/wp\/v2\/media\/149263"}],"wp:attachment":[{"href":"https:\/\/grizzlyadam.co.uk\/fr\/wp-json\/wp\/v2\/media?parent=148637"}],"wp:term":[{"taxonomy":"product_brand","embeddable":true,"href":"https:\/\/grizzlyadam.co.uk\/fr\/wp-json\/wp\/v2\/product_brand?post=148637"},{"taxonomy":"product_cat","embeddable":true,"href":"https:\/\/grizzlyadam.co.uk\/fr\/wp-json\/wp\/v2\/product_cat?post=148637"},{"taxonomy":"product_tag","embeddable":true,"href":"https:\/\/grizzlyadam.co.uk\/fr\/wp-json\/wp\/v2\/product_tag?post=148637"}],"curies":[{"name":"wp","href":"https:\/\/api.w.org\/{rel}","templated":true}]}}