{"id":11738,"date":"2018-06-25T09:19:31","date_gmt":"2018-06-25T08:19:31","guid":{"rendered":"https:\/\/grizzlyadam.co.uk\/?post_type=product&#038;p=11738"},"modified":"2024-06-01T09:52:54","modified_gmt":"2024-06-01T08:52:54","slug":"beard-growth-bundle-special-offer","status":"publish","type":"product","link":"https:\/\/grizzlyadam.co.uk\/fr\/produit\/beard-growth-bundle-special-offer\/","title":{"rendered":"Offre sp\u00e9ciale sur l'ensemble de la croissance de la barbe"},"content":{"rendered":"<p>Ayez la belle barbe dont vous avez toujours r\u00eav\u00e9 avec le suppl\u00e9ment de soutien \u00e0 la croissance des cheveux et de la barbe de Grizzly Adam. Votre consommation quotidienne de cette formule puissante alimentera vos cheveux avec de la biotine, de la vitamine B2, de la vitamine C et plus encore pour vous aider \u00e0 avoir une barbe plus \u00e9paisse, plus pleine et plus saine que tous vos amis barbus envieront !<\/p>","protected":false},"excerpt":{"rendered":"<h2 style=\"text-align: center;\"><strong>Pour une dur\u00e9e limit\u00e9e, \u00e9conomisez 10\u20ac sur votre pack de croissance de barbe !<\/strong><\/h2>\n<h2 class=\"uppercase\"><span style=\"color: #ff0000;\">VOUS VENEZ DE PRENDRE UNE D\u00c9CISION FANTASTIQUE. F\u00c9LICITATIONS !<\/span><\/h2>\n<p>Je voudrais maintenant vous r\u00e9compenser pour votre capacit\u00e9 \u00e0 agir.<\/p>\n<p>Faites pousser et entretenez la plus belle barbe de votre vie avec cet ensemble de soins et de croissance de la barbe.<\/p>\n<p>Vous ne verrez pas ce prix\u00a0<b>N'IMPORTE O\u00d9<\/b>\u00a0ou ENCORE de sit\u00f4t !<\/p>\n<h2 class=\"uppercase\">\u00c9CONOMISEZ \u00a310 AUJOURD'HUI SEULEMENT !!<\/h2>\n<ul>\n<li>Faites pousser et entretenez la plus belle barbe de votre vie avec cet ensemble de soins et de croissance de la barbe.<\/li>\n<li>3 mois d'approvisionnement en\u00a0<strong>suppl\u00e9ments pour la croissance de la barbe<\/strong> d'une valeur de \u00a319.99 chacun - Valeur totale =\u00a0<strong>\u00a359.97<\/strong><\/li>\n<li>1 x <strong>Grizzly adam 30ml huile \u00e0 barbe<\/strong>\u00a0 - Prix d'achat \u00a39.99<\/li>\n<li>1 x <strong>Nettoyant \u00e0 barbe Grizzly Adam<\/strong> - Prix d'achat \u00a318.99<\/li>\n<li>Le co\u00fbt total s'\u00e9l\u00e8verait \u00e0 plus de \u00a388.95 - Vous b\u00e9n\u00e9ficiez de cette offre limit\u00e9e dans le temps au prix de <span style=\"background-color: #ffff00;\">seulement \u00a378.95 (\u00a310 OFF)<\/span><\/li>\n<\/ul>","protected":false},"featured_media":2230,"comment_status":"closed","ping_status":"closed","template":"","meta":[],"product_brand":[],"product_cat":[250,89],"product_tag":[],"class_list":{"0":"post-11738","1":"product","2":"type-product","3":"status-publish","4":"has-post-thumbnail","6":"product_cat-beard-growth","7":"product_cat-supplements","9":"first","10":"instock","11":"sale","12":"virtual","13":"taxable","14":"purchasable","15":"product-type-simple"},"yoast_head":"<!-- This site is optimized with the Yoast SEO plugin v27.2 - https:\/\/yoast.com\/product\/yoast-seo-wordpress\/ -->\n<title>Beard Growth Bundle Special Offer - Grizzly Adam<\/title>\n<meta name=\"description\" content=\"Grow and manage a bigger better beard with this amazing beard growth bundle from Grizzly Adam UK. Save \u00a330 whilst stocks last.\" \/>\n<meta name=\"robots\" content=\"index, follow, max-snippet:-1, max-image-preview:large, max-video-preview:-1\" \/>\n<link rel=\"canonical\" href=\"https:\/\/project1-mke5mv4jgx.live-website.com\/product\/beard-growth-bundle-special-offer\/\" \/>\n<meta property=\"og:locale\" content=\"fr_FR\" \/>\n<meta property=\"og:type\" content=\"article\" \/>\n<meta property=\"og:title\" content=\"Beard Growth Bundle Special Offer - Grizzly Adam\" \/>\n<meta property=\"og:description\" content=\"Grow and manage a bigger better beard with this amazing beard growth bundle from Grizzly Adam UK. Save \u00a330 whilst stocks last.\" \/>\n<meta property=\"og:url\" content=\"https:\/\/project1-mke5mv4jgx.live-website.com\/product\/beard-growth-bundle-special-offer\/\" \/>\n<meta property=\"og:site_name\" content=\"Grizzly Adam\" \/>\n<meta property=\"article:publisher\" content=\"https:\/\/www.facebook.com\/grizzlyadamuk\" \/>\n<meta property=\"article:modified_time\" content=\"2024-06-01T08:52:54+00:00\" \/>\n<meta property=\"og:image\" content=\"https:\/\/project1-mke5mv4jgx.live-website.com\/wp-content\/uploads\/2017\/02\/Image-3.jpg\" \/>\n\t<meta property=\"og:image:width\" content=\"1942\" \/>\n\t<meta property=\"og:image:height\" content=\"1943\" \/>\n\t<meta property=\"og:image:type\" content=\"image\/jpeg\" \/>\n<meta name=\"twitter:card\" content=\"summary_large_image\" \/>\n<meta name=\"twitter:site\" content=\"@grizzlyadamuk\" \/>\n<meta name=\"twitter:label1\" content=\"Dur\u00e9e de lecture estim\u00e9e\" \/>\n\t<meta name=\"twitter:data1\" content=\"1 minute\" \/>\n<script type=\"application\/ld+json\" class=\"yoast-schema-graph\">{\"@context\":\"https:\/\/schema.org\",\"@graph\":[{\"@type\":\"WebPage\",\"@id\":\"https:\/\/project1-mke5mv4jgx.live-website.com\/product\/beard-growth-bundle-special-offer\/\",\"url\":\"https:\/\/project1-mke5mv4jgx.live-website.com\/product\/beard-growth-bundle-special-offer\/\",\"name\":\"Beard Growth Bundle Special Offer - Grizzly Adam\",\"isPartOf\":{\"@id\":\"https:\/\/project1-mke5mv4jgx.live-website.com\/#website\"},\"primaryImageOfPage\":{\"@id\":\"https:\/\/project1-mke5mv4jgx.live-website.com\/product\/beard-growth-bundle-special-offer\/#primaryimage\"},\"image\":{\"@id\":\"https:\/\/project1-mke5mv4jgx.live-website.com\/product\/beard-growth-bundle-special-offer\/#primaryimage\"},\"thumbnailUrl\":\"https:\/\/grizzlyadam.co.uk\/wp-content\/uploads\/2017\/02\/Image-3.jpg\",\"datePublished\":\"2018-06-25T08:19:31+00:00\",\"dateModified\":\"2024-06-01T08:52:54+00:00\",\"description\":\"Grow and manage a bigger better beard with this amazing beard growth bundle from Grizzly Adam UK. Save \u00a330 whilst stocks last.\",\"breadcrumb\":{\"@id\":\"https:\/\/project1-mke5mv4jgx.live-website.com\/product\/beard-growth-bundle-special-offer\/#breadcrumb\"},\"inLanguage\":\"fr-FR\",\"potentialAction\":[{\"@type\":\"ReadAction\",\"target\":[\"https:\/\/project1-mke5mv4jgx.live-website.com\/product\/beard-growth-bundle-special-offer\/\"]}]},{\"@type\":\"ImageObject\",\"inLanguage\":\"fr-FR\",\"@id\":\"https:\/\/project1-mke5mv4jgx.live-website.com\/product\/beard-growth-bundle-special-offer\/#primaryimage\",\"url\":\"https:\/\/grizzlyadam.co.uk\/wp-content\/uploads\/2017\/02\/Image-3.jpg\",\"contentUrl\":\"https:\/\/grizzlyadam.co.uk\/wp-content\/uploads\/2017\/02\/Image-3.jpg\",\"width\":1200,\"height\":1201},{\"@type\":\"BreadcrumbList\",\"@id\":\"https:\/\/project1-mke5mv4jgx.live-website.com\/product\/beard-growth-bundle-special-offer\/#breadcrumb\",\"itemListElement\":[{\"@type\":\"ListItem\",\"position\":1,\"name\":\"Home\",\"item\":\"https:\/\/grizzlyadam.co.uk\/\"},{\"@type\":\"ListItem\",\"position\":2,\"name\":\"Shop\",\"item\":\"https:\/\/project1-mke5mv4jgx.live-website.com\/shop\/\"},{\"@type\":\"ListItem\",\"position\":3,\"name\":\"Beard Growth Bundle Special Offer\"}]},{\"@type\":\"WebSite\",\"@id\":\"https:\/\/project1-mke5mv4jgx.live-website.com\/#website\",\"url\":\"https:\/\/project1-mke5mv4jgx.live-website.com\/\",\"name\":\"Grizzly Adam\",\"description\":\"Beard Oil And Grooming Products For Gentlemen\",\"publisher\":{\"@id\":\"https:\/\/project1-mke5mv4jgx.live-website.com\/#organization\"},\"potentialAction\":[{\"@type\":\"SearchAction\",\"target\":{\"@type\":\"EntryPoint\",\"urlTemplate\":\"https:\/\/project1-mke5mv4jgx.live-website.com\/?s={search_term_string}\"},\"query-input\":{\"@type\":\"PropertyValueSpecification\",\"valueRequired\":true,\"valueName\":\"search_term_string\"}}],\"inLanguage\":\"fr-FR\"},{\"@type\":\"Organization\",\"@id\":\"https:\/\/project1-mke5mv4jgx.live-website.com\/#organization\",\"name\":\"GRIZZLY ADAM\",\"url\":\"https:\/\/project1-mke5mv4jgx.live-website.com\/\",\"logo\":{\"@type\":\"ImageObject\",\"inLanguage\":\"fr-FR\",\"@id\":\"https:\/\/project1-mke5mv4jgx.live-website.com\/#\/schema\/logo\/image\/\",\"url\":\"https:\/\/grizzlyadam.co.uk\/wp-content\/uploads\/2019\/11\/gadamlogo.png\",\"contentUrl\":\"https:\/\/grizzlyadam.co.uk\/wp-content\/uploads\/2019\/11\/gadamlogo.png\",\"width\":\"200\",\"height\":\"200\",\"caption\":\"GRIZZLY ADAM\"},\"image\":{\"@id\":\"https:\/\/project1-mke5mv4jgx.live-website.com\/#\/schema\/logo\/image\/\"},\"sameAs\":[\"https:\/\/www.facebook.com\/grizzlyadamuk\",\"https:\/\/x.com\/grizzlyadamuk\",\"https:\/\/www.instagram.com\/grizzlyadamuk\/\"]}]}<\/script>\n<!-- \/ Yoast SEO plugin. -->","yoast_head_json":{"title":"Beard Growth Bundle Special Offer - Grizzly Adam","description":"Grow and manage a bigger better beard with this amazing beard growth bundle from Grizzly Adam UK. Save \u00a330 whilst stocks last.","robots":{"index":"index","follow":"follow","max-snippet":"max-snippet:-1","max-image-preview":"max-image-preview:large","max-video-preview":"max-video-preview:-1"},"canonical":"https:\/\/project1-mke5mv4jgx.live-website.com\/product\/beard-growth-bundle-special-offer\/","og_locale":"fr_FR","og_type":"article","og_title":"Beard Growth Bundle Special Offer - Grizzly Adam","og_description":"Grow and manage a bigger better beard with this amazing beard growth bundle from Grizzly Adam UK. Save \u00a330 whilst stocks last.","og_url":"https:\/\/project1-mke5mv4jgx.live-website.com\/product\/beard-growth-bundle-special-offer\/","og_site_name":"Grizzly Adam","article_publisher":"https:\/\/www.facebook.com\/grizzlyadamuk","article_modified_time":"2024-06-01T08:52:54+00:00","og_image":[{"width":1942,"height":1943,"url":"https:\/\/project1-mke5mv4jgx.live-website.com\/wp-content\/uploads\/2017\/02\/Image-3.jpg","type":"image\/jpeg"}],"twitter_card":"summary_large_image","twitter_site":"@grizzlyadamuk","twitter_misc":{"Dur\u00e9e de lecture estim\u00e9e":"1 minute"},"schema":{"@context":"https:\/\/schema.org","@graph":[{"@type":"WebPage","@id":"https:\/\/project1-mke5mv4jgx.live-website.com\/product\/beard-growth-bundle-special-offer\/","url":"https:\/\/project1-mke5mv4jgx.live-website.com\/product\/beard-growth-bundle-special-offer\/","name":"Beard Growth Bundle Special Offer - Grizzly Adam","isPartOf":{"@id":"https:\/\/project1-mke5mv4jgx.live-website.com\/#website"},"primaryImageOfPage":{"@id":"https:\/\/project1-mke5mv4jgx.live-website.com\/product\/beard-growth-bundle-special-offer\/#primaryimage"},"image":{"@id":"https:\/\/project1-mke5mv4jgx.live-website.com\/product\/beard-growth-bundle-special-offer\/#primaryimage"},"thumbnailUrl":"https:\/\/grizzlyadam.co.uk\/wp-content\/uploads\/2017\/02\/Image-3.jpg","datePublished":"2018-06-25T08:19:31+00:00","dateModified":"2024-06-01T08:52:54+00:00","description":"Grow and manage a bigger better beard with this amazing beard growth bundle from Grizzly Adam UK. Save \u00a330 whilst stocks last.","breadcrumb":{"@id":"https:\/\/project1-mke5mv4jgx.live-website.com\/product\/beard-growth-bundle-special-offer\/#breadcrumb"},"inLanguage":"fr-FR","potentialAction":[{"@type":"ReadAction","target":["https:\/\/project1-mke5mv4jgx.live-website.com\/product\/beard-growth-bundle-special-offer\/"]}]},{"@type":"ImageObject","inLanguage":"fr-FR","@id":"https:\/\/project1-mke5mv4jgx.live-website.com\/product\/beard-growth-bundle-special-offer\/#primaryimage","url":"https:\/\/grizzlyadam.co.uk\/wp-content\/uploads\/2017\/02\/Image-3.jpg","contentUrl":"https:\/\/grizzlyadam.co.uk\/wp-content\/uploads\/2017\/02\/Image-3.jpg","width":1200,"height":1201},{"@type":"BreadcrumbList","@id":"https:\/\/project1-mke5mv4jgx.live-website.com\/product\/beard-growth-bundle-special-offer\/#breadcrumb","itemListElement":[{"@type":"ListItem","position":1,"name":"Home","item":"https:\/\/grizzlyadam.co.uk\/"},{"@type":"ListItem","position":2,"name":"Shop","item":"https:\/\/project1-mke5mv4jgx.live-website.com\/shop\/"},{"@type":"ListItem","position":3,"name":"Beard Growth Bundle Special Offer"}]},{"@type":"WebSite","@id":"https:\/\/project1-mke5mv4jgx.live-website.com\/#website","url":"https:\/\/project1-mke5mv4jgx.live-website.com\/","name":"Grizzly Adam","description":"Huile \u00e0 barbe et produits de toilettage pour hommes","publisher":{"@id":"https:\/\/project1-mke5mv4jgx.live-website.com\/#organization"},"potentialAction":[{"@type":"SearchAction","target":{"@type":"EntryPoint","urlTemplate":"https:\/\/project1-mke5mv4jgx.live-website.com\/?s={search_term_string}"},"query-input":{"@type":"PropertyValueSpecification","valueRequired":true,"valueName":"search_term_string"}}],"inLanguage":"fr-FR"},{"@type":"Organization","@id":"https:\/\/project1-mke5mv4jgx.live-website.com\/#organization","name":"GRIZZLY ADAM","url":"https:\/\/project1-mke5mv4jgx.live-website.com\/","logo":{"@type":"ImageObject","inLanguage":"fr-FR","@id":"https:\/\/project1-mke5mv4jgx.live-website.com\/#\/schema\/logo\/image\/","url":"https:\/\/grizzlyadam.co.uk\/wp-content\/uploads\/2019\/11\/gadamlogo.png","contentUrl":"https:\/\/grizzlyadam.co.uk\/wp-content\/uploads\/2019\/11\/gadamlogo.png","width":"200","height":"200","caption":"GRIZZLY ADAM"},"image":{"@id":"https:\/\/project1-mke5mv4jgx.live-website.com\/#\/schema\/logo\/image\/"},"sameAs":["https:\/\/www.facebook.com\/grizzlyadamuk","https:\/\/x.com\/grizzlyadamuk","https:\/\/www.instagram.com\/grizzlyadamuk\/"]}]}},"df_price":78.95,"df_sale_price":78.95,"df_regular_price":88.95,"df_image_link":"https:\/\/grizzlyadam.co.uk\/wp-content\/uploads\/2017\/02\/Image-3-300x300.jpg","_links":{"self":[{"href":"https:\/\/grizzlyadam.co.uk\/fr\/wp-json\/wp\/v2\/product\/11738","targetHints":{"allow":["GET"]}}],"collection":[{"href":"https:\/\/grizzlyadam.co.uk\/fr\/wp-json\/wp\/v2\/product"}],"about":[{"href":"https:\/\/grizzlyadam.co.uk\/fr\/wp-json\/wp\/v2\/types\/product"}],"replies":[{"embeddable":true,"href":"https:\/\/grizzlyadam.co.uk\/fr\/wp-json\/wp\/v2\/comments?post=11738"}],"wp:featuredmedia":[{"embeddable":true,"href":"https:\/\/grizzlyadam.co.uk\/fr\/wp-json\/wp\/v2\/media\/2230"}],"wp:attachment":[{"href":"https:\/\/grizzlyadam.co.uk\/fr\/wp-json\/wp\/v2\/media?parent=11738"}],"wp:term":[{"taxonomy":"product_brand","embeddable":true,"href":"https:\/\/grizzlyadam.co.uk\/fr\/wp-json\/wp\/v2\/product_brand?post=11738"},{"taxonomy":"product_cat","embeddable":true,"href":"https:\/\/grizzlyadam.co.uk\/fr\/wp-json\/wp\/v2\/product_cat?post=11738"},{"taxonomy":"product_tag","embeddable":true,"href":"https:\/\/grizzlyadam.co.uk\/fr\/wp-json\/wp\/v2\/product_tag?post=11738"}],"curies":[{"name":"wp","href":"https:\/\/api.w.org\/{rel}","templated":true}]}}