{"id":4709,"date":"2017-04-22T16:33:59","date_gmt":"2017-04-22T15:33:59","guid":{"rendered":"https:\/\/grizzlyadam.co.uk\/?page_id=4709"},"modified":"2017-04-24T14:36:25","modified_gmt":"2017-04-24T13:36:25","slug":"one-time-offer-serious-about-your-beard-no","status":"publish","type":"page","link":"https:\/\/grizzlyadam.co.uk\/fr\/one-time-offer-serious-about-your-beard-no\/","title":{"rendered":"One Time Offer &#8211; Serious About Your Beard? &#8211; Declined"},"content":{"rendered":"<div id=\"gap-1671515472\" class=\"gap-element clearfix\" style=\"display:block; height:auto;\">\n\t\t\n<style>\n#gap-1671515472 {\n  padding-top: 30px;\n}\n<\/style>\n\t<\/div>\n\t\n<h1 style=\"text-align: center;\"><strong><span style=\"color: #00a859;\">\u00c9tape 1 : Terminer !\u00a0<\/span><\/strong><\/h1>\n<p style=\"text-align: center;\"><span style=\"font-size: 300%;\"><strong><span style=\"color: #ff0000;\">\u00c9tape 2 : Voir ci-dessous...<\/span><\/strong><\/span><\/p>\n<p>\u00a0<\/p>\n<h2 style=\"text-align: center;\">Pour une dur\u00e9e limit\u00e9e, \u00e9conomisez 30\u20ac sur votre kit de soins de barbe !<\/h2>\n<div class=\"row row-collapse align-middle align-center smart-borders\" style=\"max-width:800px\" id=\"row-1022008867\">\n\n\n\t<div id=\"col-1757535234\" class=\"col medium-7 small-12 large-7\"  >\n\t\t\t\t<div class=\"col-inner\"  >\n\t\t\t\n\t\t\t\n\n\t<div class=\"img has-hover x md-x lg-x y md-y lg-y\" id=\"image_1618150139\">\n\t\t\t\t\t\t\t\t<div class=\"img-inner image-cover dark\" style=\"padding-top:75%;\">\n\t\t\t<img loading=\"lazy\" decoding=\"async\" width=\"1792\" height=\"1200\" src=\"https:\/\/grizzlyadam.co.uk\/wp-content\/uploads\/2017\/02\/DSC07205-scaled.jpg\" class=\"attachment-original size-original\" alt=\"\" srcset=\"https:\/\/grizzlyadam.co.uk\/wp-content\/uploads\/2017\/02\/DSC07205-scaled.jpg 1792w, https:\/\/grizzlyadam.co.uk\/wp-content\/uploads\/2017\/02\/DSC07205-300x201.jpg 300w, https:\/\/grizzlyadam.co.uk\/wp-content\/uploads\/2017\/02\/DSC07205-1024x685.jpg 1024w, https:\/\/grizzlyadam.co.uk\/wp-content\/uploads\/2017\/02\/DSC07205-768x514.jpg 768w, https:\/\/grizzlyadam.co.uk\/wp-content\/uploads\/2017\/02\/DSC07205-1536x1028.jpg 1536w, https:\/\/grizzlyadam.co.uk\/wp-content\/uploads\/2017\/02\/DSC07205-2048x1371.jpg 2048w, https:\/\/grizzlyadam.co.uk\/wp-content\/uploads\/2017\/02\/DSC07205-600x402.jpg 600w\" sizes=\"auto, (max-width: 1792px) 100vw, 1792px\" \/>\t\t\t\t\t\t\n\t\t\t\t\t<\/div>\n\t\t\t\t\t\t\t\t\n<style>\n#image_1618150139 {\n  width: 100%;\n}\n<\/style>\n\t<\/div>\n\t\n\n\n\t\t<\/div>\n\t\t\t\t\t<\/div>\n\n\t\n\n\t<div id=\"col-655846058\" class=\"col medium-5 small-12 large-5\"  >\n\t\t\t\t<div class=\"col-inner\"  >\n\t\t\t\n\t\t\t\n\n<h1 class=\"uppercase\" style=\"text-align: left;\"><span style=\"color: #d83131; font-size: 120%;\">Vous \u00eates sur le point de prendre une d\u00e9cision fantastique. Nous vous en f\u00e9licitons ! <\/span><\/h1>\n<p style=\"text-align: left;\">J'aimerais maintenant vous r\u00e9compenser pour avoir \u00e9t\u00e9 un excellent client.<\/p>\n<p>Cultivez et entretenez la meilleure barbe de votre vie gr\u00e2ce \u00e0 cette incroyable <a href=\"https:\/\/grizzlyadam.co.uk\/fr\/beard-care-routine-a-step-by-step-guide-for-beginners\/\">entretien de la barbe<\/a> kit + shampoing GRATUIT pour la barbe.<\/p>\n<p>Vous ne verrez pas ce prix <b>N'IMPORTE O\u00d9<\/b> ou ENCORE de sit\u00f4t !<\/p>\n<h2 class=\"uppercase\" style=\"text-align: left;\"><\/h2>\n\n\t\t<\/div>\n\t\t\t\t\t<\/div>\n\n\t\n\n\t<div id=\"col-380433847\" class=\"col small-12 large-12\"  >\n\t\t\t\t<div class=\"col-inner\"  >\n\t\t\t\n\t\t\t\n\n<h2 class=\"uppercase\" style=\"text-align: center;\"><span style=\"color: #d83131;\">\u00c9CONOMISEZ PLUS DE 30 \u00a3 aujourd'hui seulement !<\/span><\/h2>\n<ul>\n<li><span style=\"color: #ff0000;\">20\u20ac de r\u00e9duction<\/span> notre kit d'entretien de la barbe plus un shampoing de lavage de barbe gratuit - <strong>Une valeur incroyable !<\/strong><\/li>\n<\/ul>\n<p style=\"text-align: center;\">Cliquez simplement sur <span style=\"color: #d83131;\">\"Acheter maintenant<\/span>\u00a0 ci-dessous pour ajouter ce produit \u00e0 votre panier... (ou cliquez sur \"Non, je veux passer\" \u00e0 cette offre unique).<\/p>\n\n\t\t<\/div>\n\t\t\t\t\t<\/div>\n\n\t\n\n\t<div id=\"col-310021551\" class=\"col medium-9 small-12 large-9\"  >\n\t\t\t\t<div class=\"col-inner\"  >\n\t\t\t\n\t\t\t\n\n<p style=\"text-align: center;\"><a href=\"https:\/\/grizzlyadam.co.uk\/fr\/checkout\/?add-to-cart=6158&amp;quantity=1\"><img loading=\"lazy\" decoding=\"async\" class=\"aligncenter wp-image-4594\" src=\"https:\/\/grizzlyadam.co.uk\/wp-content\/uploads\/2017\/04\/Buy-Now-Free-PNG-Image.png\" alt=\"\" width=\"312\" height=\"148\" srcset=\"https:\/\/grizzlyadam.co.uk\/wp-content\/uploads\/2017\/04\/Buy-Now-Free-PNG-Image.png 412w, https:\/\/grizzlyadam.co.uk\/wp-content\/uploads\/2017\/04\/Buy-Now-Free-PNG-Image-300x143.png 300w\" sizes=\"auto, (max-width: 312px) 100vw, 312px\" \/><\/a><br \/>\n<a href=\"https:\/\/grizzlyadam.co.uk\/fr\/so-your-not-ready-to-commit-to-the-ultimate-beard-care-kit-just-yet\/\">Non, je ne souhaite pas b\u00e9n\u00e9ficier de cette offre.<\/a><br \/>\nJe comprends que je ne verrai peut-\u00eatre plus jamais cette offre.<\/p>\n\n\t\t<\/div>\n\t\t\t\t\t<\/div>\n\n\t\n\n\n<style>\n#row-1022008867 > .col > .col-inner {\n  padding: 10px 10px 10px 10px;\n  background-color: rgb(255, 255, 255);\n}\n<\/style>\n<\/div>\n\t<div id=\"gap-838265180\" class=\"gap-element clearfix\" style=\"display:block; height:auto;\">\n\t\t\n<style>\n#gap-838265180 {\n  padding-top: 30px;\n}\n<\/style>\n\t<\/div>","protected":false},"excerpt":{"rendered":"","protected":false},"author":1,"featured_media":0,"parent":0,"menu_order":0,"comment_status":"closed","ping_status":"closed","template":"page-blank-landingpage.php","meta":{"footnotes":""},"class_list":["post-4709","page","type-page","status-publish","hentry"],"yoast_head":"<!-- This site is optimized with the Yoast SEO plugin v27.2 - https:\/\/yoast.com\/product\/yoast-seo-wordpress\/ -->\n<title>One Time Offer - Serious About Your Beard? - Declined - Grizzly Adam<\/title>\n<meta name=\"robots\" content=\"index, follow, max-snippet:-1, max-image-preview:large, max-video-preview:-1\" \/>\n<link rel=\"canonical\" href=\"https:\/\/project1-mke5mv4jgx.live-website.com\/one-time-offer-serious-about-your-beard-no\/\" \/>\n<meta property=\"og:locale\" content=\"fr_FR\" \/>\n<meta property=\"og:type\" content=\"article\" \/>\n<meta property=\"og:title\" content=\"One Time Offer - Serious About Your Beard? - Declined - Grizzly Adam\" \/>\n<meta property=\"og:url\" content=\"https:\/\/project1-mke5mv4jgx.live-website.com\/one-time-offer-serious-about-your-beard-no\/\" \/>\n<meta property=\"og:site_name\" content=\"Grizzly Adam\" \/>\n<meta property=\"article:publisher\" content=\"https:\/\/www.facebook.com\/grizzlyadamuk\" \/>\n<meta property=\"article:modified_time\" content=\"2017-04-24T13:36:25+00:00\" \/>\n<meta property=\"og:image\" content=\"https:\/\/grizzlyadam.co.uk\/wp-content\/uploads\/2017\/09\/vitamin-beard.jpg\" \/>\n\t<meta property=\"og:image:width\" content=\"564\" \/>\n\t<meta property=\"og:image:height\" content=\"564\" \/>\n\t<meta property=\"og:image:type\" content=\"image\/jpeg\" \/>\n<meta name=\"twitter:card\" content=\"summary_large_image\" \/>\n<meta name=\"twitter:site\" content=\"@grizzlyadamuk\" \/>\n<script type=\"application\/ld+json\" class=\"yoast-schema-graph\">{\"@context\":\"https:\/\/schema.org\",\"@graph\":[{\"@type\":\"WebPage\",\"@id\":\"https:\/\/project1-mke5mv4jgx.live-website.com\/one-time-offer-serious-about-your-beard-no\/\",\"url\":\"https:\/\/project1-mke5mv4jgx.live-website.com\/one-time-offer-serious-about-your-beard-no\/\",\"name\":\"One Time Offer - Serious About Your Beard? - Declined - Grizzly Adam\",\"isPartOf\":{\"@id\":\"https:\/\/project1-mke5mv4jgx.live-website.com\/#website\"},\"datePublished\":\"2017-04-22T15:33:59+00:00\",\"dateModified\":\"2017-04-24T13:36:25+00:00\",\"breadcrumb\":{\"@id\":\"https:\/\/project1-mke5mv4jgx.live-website.com\/one-time-offer-serious-about-your-beard-no\/#breadcrumb\"},\"inLanguage\":\"fr-FR\",\"potentialAction\":[{\"@type\":\"ReadAction\",\"target\":[\"https:\/\/project1-mke5mv4jgx.live-website.com\/one-time-offer-serious-about-your-beard-no\/\"]}]},{\"@type\":\"BreadcrumbList\",\"@id\":\"https:\/\/project1-mke5mv4jgx.live-website.com\/one-time-offer-serious-about-your-beard-no\/#breadcrumb\",\"itemListElement\":[{\"@type\":\"ListItem\",\"position\":1,\"name\":\"Home\",\"item\":\"https:\/\/grizzlyadam.co.uk\/\"},{\"@type\":\"ListItem\",\"position\":2,\"name\":\"One Time Offer &#8211; Serious About Your Beard? &#8211; Declined\"}]},{\"@type\":\"WebSite\",\"@id\":\"https:\/\/project1-mke5mv4jgx.live-website.com\/#website\",\"url\":\"https:\/\/project1-mke5mv4jgx.live-website.com\/\",\"name\":\"Grizzly Adam\",\"description\":\"Beard Oil And Grooming Products For Gentlemen\",\"publisher\":{\"@id\":\"https:\/\/project1-mke5mv4jgx.live-website.com\/#organization\"},\"potentialAction\":[{\"@type\":\"SearchAction\",\"target\":{\"@type\":\"EntryPoint\",\"urlTemplate\":\"https:\/\/project1-mke5mv4jgx.live-website.com\/?s={search_term_string}\"},\"query-input\":{\"@type\":\"PropertyValueSpecification\",\"valueRequired\":true,\"valueName\":\"search_term_string\"}}],\"inLanguage\":\"fr-FR\"},{\"@type\":\"Organization\",\"@id\":\"https:\/\/project1-mke5mv4jgx.live-website.com\/#organization\",\"name\":\"GRIZZLY ADAM\",\"url\":\"https:\/\/project1-mke5mv4jgx.live-website.com\/\",\"logo\":{\"@type\":\"ImageObject\",\"inLanguage\":\"fr-FR\",\"@id\":\"https:\/\/project1-mke5mv4jgx.live-website.com\/#\/schema\/logo\/image\/\",\"url\":\"https:\/\/grizzlyadam.co.uk\/wp-content\/uploads\/2019\/11\/gadamlogo.png\",\"contentUrl\":\"https:\/\/grizzlyadam.co.uk\/wp-content\/uploads\/2019\/11\/gadamlogo.png\",\"width\":\"200\",\"height\":\"200\",\"caption\":\"GRIZZLY ADAM\"},\"image\":{\"@id\":\"https:\/\/project1-mke5mv4jgx.live-website.com\/#\/schema\/logo\/image\/\"},\"sameAs\":[\"https:\/\/www.facebook.com\/grizzlyadamuk\",\"https:\/\/x.com\/grizzlyadamuk\",\"https:\/\/www.instagram.com\/grizzlyadamuk\/\"]}]}<\/script>\n<!-- \/ Yoast SEO plugin. -->","yoast_head_json":{"title":"One Time Offer - Serious About Your Beard? - Declined - Grizzly Adam","robots":{"index":"index","follow":"follow","max-snippet":"max-snippet:-1","max-image-preview":"max-image-preview:large","max-video-preview":"max-video-preview:-1"},"canonical":"https:\/\/project1-mke5mv4jgx.live-website.com\/one-time-offer-serious-about-your-beard-no\/","og_locale":"fr_FR","og_type":"article","og_title":"One Time Offer - Serious About Your Beard? - Declined - Grizzly Adam","og_url":"https:\/\/project1-mke5mv4jgx.live-website.com\/one-time-offer-serious-about-your-beard-no\/","og_site_name":"Grizzly Adam","article_publisher":"https:\/\/www.facebook.com\/grizzlyadamuk","article_modified_time":"2017-04-24T13:36:25+00:00","og_image":[{"width":564,"height":564,"url":"https:\/\/grizzlyadam.co.uk\/wp-content\/uploads\/2017\/09\/vitamin-beard.jpg","type":"image\/jpeg"}],"twitter_card":"summary_large_image","twitter_site":"@grizzlyadamuk","schema":{"@context":"https:\/\/schema.org","@graph":[{"@type":"WebPage","@id":"https:\/\/project1-mke5mv4jgx.live-website.com\/one-time-offer-serious-about-your-beard-no\/","url":"https:\/\/project1-mke5mv4jgx.live-website.com\/one-time-offer-serious-about-your-beard-no\/","name":"One Time Offer - Serious About Your Beard? - Declined - Grizzly Adam","isPartOf":{"@id":"https:\/\/project1-mke5mv4jgx.live-website.com\/#website"},"datePublished":"2017-04-22T15:33:59+00:00","dateModified":"2017-04-24T13:36:25+00:00","breadcrumb":{"@id":"https:\/\/project1-mke5mv4jgx.live-website.com\/one-time-offer-serious-about-your-beard-no\/#breadcrumb"},"inLanguage":"fr-FR","potentialAction":[{"@type":"ReadAction","target":["https:\/\/project1-mke5mv4jgx.live-website.com\/one-time-offer-serious-about-your-beard-no\/"]}]},{"@type":"BreadcrumbList","@id":"https:\/\/project1-mke5mv4jgx.live-website.com\/one-time-offer-serious-about-your-beard-no\/#breadcrumb","itemListElement":[{"@type":"ListItem","position":1,"name":"Home","item":"https:\/\/grizzlyadam.co.uk\/"},{"@type":"ListItem","position":2,"name":"One Time Offer &#8211; Serious About Your Beard? &#8211; Declined"}]},{"@type":"WebSite","@id":"https:\/\/project1-mke5mv4jgx.live-website.com\/#website","url":"https:\/\/project1-mke5mv4jgx.live-website.com\/","name":"Grizzly Adam","description":"Huile \u00e0 barbe et produits de toilettage pour hommes","publisher":{"@id":"https:\/\/project1-mke5mv4jgx.live-website.com\/#organization"},"potentialAction":[{"@type":"SearchAction","target":{"@type":"EntryPoint","urlTemplate":"https:\/\/project1-mke5mv4jgx.live-website.com\/?s={search_term_string}"},"query-input":{"@type":"PropertyValueSpecification","valueRequired":true,"valueName":"search_term_string"}}],"inLanguage":"fr-FR"},{"@type":"Organization","@id":"https:\/\/project1-mke5mv4jgx.live-website.com\/#organization","name":"GRIZZLY ADAM","url":"https:\/\/project1-mke5mv4jgx.live-website.com\/","logo":{"@type":"ImageObject","inLanguage":"fr-FR","@id":"https:\/\/project1-mke5mv4jgx.live-website.com\/#\/schema\/logo\/image\/","url":"https:\/\/grizzlyadam.co.uk\/wp-content\/uploads\/2019\/11\/gadamlogo.png","contentUrl":"https:\/\/grizzlyadam.co.uk\/wp-content\/uploads\/2019\/11\/gadamlogo.png","width":"200","height":"200","caption":"GRIZZLY ADAM"},"image":{"@id":"https:\/\/project1-mke5mv4jgx.live-website.com\/#\/schema\/logo\/image\/"},"sameAs":["https:\/\/www.facebook.com\/grizzlyadamuk","https:\/\/x.com\/grizzlyadamuk","https:\/\/www.instagram.com\/grizzlyadamuk\/"]}]}},"_links":{"self":[{"href":"https:\/\/grizzlyadam.co.uk\/fr\/wp-json\/wp\/v2\/pages\/4709","targetHints":{"allow":["GET"]}}],"collection":[{"href":"https:\/\/grizzlyadam.co.uk\/fr\/wp-json\/wp\/v2\/pages"}],"about":[{"href":"https:\/\/grizzlyadam.co.uk\/fr\/wp-json\/wp\/v2\/types\/page"}],"author":[{"embeddable":true,"href":"https:\/\/grizzlyadam.co.uk\/fr\/wp-json\/wp\/v2\/users\/1"}],"replies":[{"embeddable":true,"href":"https:\/\/grizzlyadam.co.uk\/fr\/wp-json\/wp\/v2\/comments?post=4709"}],"version-history":[{"count":0,"href":"https:\/\/grizzlyadam.co.uk\/fr\/wp-json\/wp\/v2\/pages\/4709\/revisions"}],"wp:attachment":[{"href":"https:\/\/grizzlyadam.co.uk\/fr\/wp-json\/wp\/v2\/media?parent=4709"}],"curies":[{"name":"wp","href":"https:\/\/api.w.org\/{rel}","templated":true}]}}