{"id":4612,"date":"2017-04-22T11:22:49","date_gmt":"2017-04-22T10:22:49","guid":{"rendered":"https:\/\/grizzlyadam.co.uk\/?page_id=4612"},"modified":"2017-04-22T11:23:33","modified_gmt":"2017-04-22T10:23:33","slug":"so-your-not-ready-to-commit-to-the-ultimate-beard-care-kit-just-yet","status":"publish","type":"page","link":"https:\/\/grizzlyadam.co.uk\/fr\/so-your-not-ready-to-commit-to-the-ultimate-beard-care-kit-just-yet\/","title":{"rendered":"So Your Not Ready to Commit to the ULTIMATE Beard Care Kit Just Yet?"},"content":{"rendered":"<div id=\"gap-1201671965\" class=\"gap-element clearfix\" style=\"display:block; height:auto;\">\n\t\t\n<style>\n#gap-1201671965 {\n  padding-top: 30px;\n}\n<\/style>\n\t<\/div>\n\t\n<div class=\"row row-collapse align-middle align-center smart-borders\" style=\"max-width:800px\" id=\"row-2000928593\">\n\n\n\t<div id=\"col-1844397519\" class=\"col small-12 large-12\"  >\n\t\t\t\t<div class=\"col-inner dark\" style=\"background-color:rgb(224, 0, 0);\" >\n\t\t\t\n\t\t\t\n\n<h2 style=\"text-align: center;\"><span style=\"color: #ffff00;\">Vous n'\u00eates pas encore pr\u00eat \u00e0 vous engager dans le pack barbe de croissance ?<\/span><\/h2>\n\n\t\t<\/div>\n\t\t\t\t\t<\/div>\n\n\t\n\n\t<div id=\"col-1314803711\" class=\"col medium-6 small-12 large-6\"  >\n\t\t\t\t<div class=\"col-inner\"  >\n\t\t\t\n\t\t\t\n\n<h2 style=\"text-align: center;\"><span style=\"font-size: 90%;\"><strong>Mais vous voulez garder votre nouvelle barbe saine, lisse et brillante \u00e0 tout moment, n'est-ce pas ?<\/strong><\/span><\/h2>\n<h3 style=\"text-align: left;\"><span style=\"color: #d83131; font-size: 100%;\">Laissez-nous vous envoyer un grand flacon de 100 ml d'huile \u00e0 barbe avec une remise 50% - Pas de probl\u00e8me ! Pas de probl\u00e8me !\u00a0<\/span><\/h3>\n<p style=\"text-align: left;\"><strong>LE MEILLEUR PRIX DE TOUS LES TEMPS, FAITES-VOUS POUSSER UNE BARBE \u00c9PIQUE, OFFRE DISPONIBLE UNIQUEMENT CE VENDREDI NOIR JUSQU'\u00c0 \u00c9PUISEMENT DES STOCKS !<\/strong><\/p>\n<h2 style=\"text-align: left;\"><span style=\"color: #d83131;\">Choisissez ACHETER MAINTENANT pour obtenir votre huile \u00e0 barbe Grizzly Adam 100ml pour seulement \u00a39.<\/span><\/h2>\n<h2 style=\"text-align: left;\">\u00a0<\/h2>\n\n\t\t<\/div>\n\t\t\t\t\t<\/div>\n\n\t\n\n\t<div id=\"col-569885242\" class=\"col medium-6 small-12 large-6\"  >\n\t\t\t\t<div class=\"col-inner\"  >\n\t\t\t\n\t\t\t\n\n\t<div class=\"img has-hover x md-x lg-x y md-y lg-y\" id=\"image_849368622\">\n\t\t\t\t\t\t\t\t<div class=\"img-inner dark\" >\n\t\t\t<img loading=\"lazy\" decoding=\"async\" width=\"1000\" height=\"1000\" src=\"https:\/\/grizzlyadam.co.uk\/wp-content\/uploads\/2017\/02\/oil4.jpg\" class=\"attachment-original size-original\" alt=\"\" srcset=\"https:\/\/grizzlyadam.co.uk\/wp-content\/uploads\/2017\/02\/oil4.jpg 1000w, https:\/\/grizzlyadam.co.uk\/wp-content\/uploads\/2017\/02\/oil4-300x300.jpg 300w, https:\/\/grizzlyadam.co.uk\/wp-content\/uploads\/2017\/02\/oil4-150x150.jpg 150w, https:\/\/grizzlyadam.co.uk\/wp-content\/uploads\/2017\/02\/oil4-768x768.jpg 768w, https:\/\/grizzlyadam.co.uk\/wp-content\/uploads\/2017\/02\/oil4-600x600.jpg 600w, https:\/\/grizzlyadam.co.uk\/wp-content\/uploads\/2017\/02\/oil4-100x100.jpg 100w\" sizes=\"auto, (max-width: 1000px) 100vw, 1000px\" \/>\t\t\t\t\t\t\n\t\t\t\t\t<\/div>\n\t\t\t\t\t\t\t\t\n<style>\n#image_849368622 {\n  width: 100%;\n}\n<\/style>\n\t<\/div>\n\t\n\n\n\t\t<\/div>\n\t\t\t\t\t<\/div>\n\n\t\n\n\t<div id=\"col-2011580459\" class=\"col medium-9 small-12 large-9\"  >\n\t\t\t\t<div class=\"col-inner\"  >\n\t\t\t\n\t\t\t\n\n<p style=\"text-align: center;\"><a href=\"https:\/\/grizzlyadam.co.uk\/fr\/cart\/?add-to-cart=161650\"><img loading=\"lazy\" decoding=\"async\" class=\"aligncenter wp-image-4594\" src=\"https:\/\/grizzlyadam.co.uk\/wp-content\/uploads\/2017\/04\/Buy-Now-Free-PNG-Image.png\" alt=\"\" width=\"312\" height=\"148\" srcset=\"https:\/\/grizzlyadam.co.uk\/wp-content\/uploads\/2017\/04\/Buy-Now-Free-PNG-Image.png 412w, https:\/\/grizzlyadam.co.uk\/wp-content\/uploads\/2017\/04\/Buy-Now-Free-PNG-Image-300x143.png 300w\" sizes=\"auto, (max-width: 312px) 100vw, 312px\" \/><\/a><br \/><a href=\"https:\/\/grizzlyadam.co.uk\/fr\/no-offers-accepted\/\">Non, je ne souhaite pas b\u00e9n\u00e9ficier de cette offre.<\/a><\/p>\n<p style=\"text-align: center;\">Je comprends que je ne verrai peut-\u00eatre plus jamais cette offre.<\/p>\n\n\t\t<\/div>\n\t\t\t\t\t<\/div>\n\n\t\n\n\t<div id=\"col-1621900991\" class=\"col small-12 large-12\"  >\n\t\t\t\t<div class=\"col-inner\"  >\n\t\t\t\n\t\t\t\n\n\n\t\t<\/div>\n\t\t\t\t\t<\/div>\n\n\t\n\n\n<style>\n#row-2000928593 > .col > .col-inner {\n  padding: 10px 10px 10px 10px;\n  background-color: rgb(255, 255, 255);\n}\n<\/style>\n<\/div>\n\t<div id=\"gap-927260292\" class=\"gap-element clearfix\" style=\"display:block; height:auto;\">\n\t\t\n<style>\n#gap-927260292 {\n  padding-top: 30px;\n}\n<\/style>\n\t<\/div>","protected":false},"excerpt":{"rendered":"","protected":false},"author":1,"featured_media":0,"parent":0,"menu_order":0,"comment_status":"closed","ping_status":"closed","template":"page-blank-landingpage.php","meta":{"footnotes":""},"class_list":["post-4612","page","type-page","status-publish","hentry"],"yoast_head":"<!-- This site is optimized with the Yoast SEO plugin v27.4 - https:\/\/yoast.com\/product\/yoast-seo-wordpress\/ -->\n<title>So Your Not Ready to Commit to the ULTIMATE Beard Care Kit Just Yet? - Grizzly Adam<\/title>\n<meta name=\"robots\" content=\"index, follow, max-snippet:-1, max-image-preview:large, max-video-preview:-1\" \/>\n<link rel=\"canonical\" href=\"https:\/\/project1-mke5mv4jgx.live-website.com\/so-your-not-ready-to-commit-to-the-ultimate-beard-care-kit-just-yet\/\" \/>\n<meta property=\"og:locale\" content=\"fr_FR\" \/>\n<meta property=\"og:type\" content=\"article\" \/>\n<meta property=\"og:title\" content=\"So Your Not Ready to Commit to the ULTIMATE Beard Care Kit Just Yet? - Grizzly Adam\" \/>\n<meta property=\"og:url\" content=\"https:\/\/project1-mke5mv4jgx.live-website.com\/so-your-not-ready-to-commit-to-the-ultimate-beard-care-kit-just-yet\/\" \/>\n<meta property=\"og:site_name\" content=\"Grizzly Adam\" \/>\n<meta property=\"article:publisher\" content=\"https:\/\/www.facebook.com\/grizzlyadamuk\" \/>\n<meta property=\"article:modified_time\" content=\"2017-04-22T10:23:33+00:00\" \/>\n<meta property=\"og:image\" content=\"https:\/\/grizzlyadam.co.uk\/wp-content\/uploads\/2017\/09\/vitamin-beard.jpg\" \/>\n\t<meta property=\"og:image:width\" content=\"564\" \/>\n\t<meta property=\"og:image:height\" content=\"564\" \/>\n\t<meta property=\"og:image:type\" content=\"image\/jpeg\" \/>\n<meta name=\"twitter:card\" content=\"summary_large_image\" \/>\n<meta name=\"twitter:site\" content=\"@grizzlyadamuk\" \/>\n<script type=\"application\/ld+json\" class=\"yoast-schema-graph\">{\"@context\":\"https:\\\/\\\/schema.org\",\"@graph\":[{\"@type\":\"WebPage\",\"@id\":\"https:\\\/\\\/project1-mke5mv4jgx.live-website.com\\\/so-your-not-ready-to-commit-to-the-ultimate-beard-care-kit-just-yet\\\/\",\"url\":\"https:\\\/\\\/project1-mke5mv4jgx.live-website.com\\\/so-your-not-ready-to-commit-to-the-ultimate-beard-care-kit-just-yet\\\/\",\"name\":\"So Your Not Ready to Commit to the ULTIMATE Beard Care Kit Just Yet? - Grizzly Adam\",\"isPartOf\":{\"@id\":\"https:\\\/\\\/project1-mke5mv4jgx.live-website.com\\\/#website\"},\"datePublished\":\"2017-04-22T10:22:49+00:00\",\"dateModified\":\"2017-04-22T10:23:33+00:00\",\"breadcrumb\":{\"@id\":\"https:\\\/\\\/project1-mke5mv4jgx.live-website.com\\\/so-your-not-ready-to-commit-to-the-ultimate-beard-care-kit-just-yet\\\/#breadcrumb\"},\"inLanguage\":\"fr-FR\",\"potentialAction\":[{\"@type\":\"ReadAction\",\"target\":[\"https:\\\/\\\/project1-mke5mv4jgx.live-website.com\\\/so-your-not-ready-to-commit-to-the-ultimate-beard-care-kit-just-yet\\\/\"]}]},{\"@type\":\"BreadcrumbList\",\"@id\":\"https:\\\/\\\/project1-mke5mv4jgx.live-website.com\\\/so-your-not-ready-to-commit-to-the-ultimate-beard-care-kit-just-yet\\\/#breadcrumb\",\"itemListElement\":[{\"@type\":\"ListItem\",\"position\":1,\"name\":\"Home\",\"item\":\"https:\\\/\\\/grizzlyadam.co.uk\\\/\"},{\"@type\":\"ListItem\",\"position\":2,\"name\":\"So Your Not Ready to Commit to the ULTIMATE Beard Care Kit Just Yet?\"}]},{\"@type\":\"WebSite\",\"@id\":\"https:\\\/\\\/project1-mke5mv4jgx.live-website.com\\\/#website\",\"url\":\"https:\\\/\\\/project1-mke5mv4jgx.live-website.com\\\/\",\"name\":\"Grizzly Adam\",\"description\":\"Beard Oil And Grooming Products For Gentlemen\",\"publisher\":{\"@id\":\"https:\\\/\\\/project1-mke5mv4jgx.live-website.com\\\/#organization\"},\"potentialAction\":[{\"@type\":\"SearchAction\",\"target\":{\"@type\":\"EntryPoint\",\"urlTemplate\":\"https:\\\/\\\/project1-mke5mv4jgx.live-website.com\\\/?s={search_term_string}\"},\"query-input\":{\"@type\":\"PropertyValueSpecification\",\"valueRequired\":true,\"valueName\":\"search_term_string\"}}],\"inLanguage\":\"fr-FR\"},{\"@type\":\"Organization\",\"@id\":\"https:\\\/\\\/project1-mke5mv4jgx.live-website.com\\\/#organization\",\"name\":\"GRIZZLY ADAM\",\"url\":\"https:\\\/\\\/project1-mke5mv4jgx.live-website.com\\\/\",\"logo\":{\"@type\":\"ImageObject\",\"inLanguage\":\"fr-FR\",\"@id\":\"https:\\\/\\\/project1-mke5mv4jgx.live-website.com\\\/#\\\/schema\\\/logo\\\/image\\\/\",\"url\":\"https:\\\/\\\/grizzlyadam.co.uk\\\/wp-content\\\/uploads\\\/2019\\\/11\\\/gadamlogo.png\",\"contentUrl\":\"https:\\\/\\\/grizzlyadam.co.uk\\\/wp-content\\\/uploads\\\/2019\\\/11\\\/gadamlogo.png\",\"width\":\"200\",\"height\":\"200\",\"caption\":\"GRIZZLY ADAM\"},\"image\":{\"@id\":\"https:\\\/\\\/project1-mke5mv4jgx.live-website.com\\\/#\\\/schema\\\/logo\\\/image\\\/\"},\"sameAs\":[\"https:\\\/\\\/www.facebook.com\\\/grizzlyadamuk\",\"https:\\\/\\\/x.com\\\/grizzlyadamuk\",\"https:\\\/\\\/www.instagram.com\\\/grizzlyadamuk\\\/\"]}]}<\/script>\n<!-- \/ Yoast SEO plugin. -->","yoast_head_json":{"title":"So Your Not Ready to Commit to the ULTIMATE Beard Care Kit Just Yet? - Grizzly Adam","robots":{"index":"index","follow":"follow","max-snippet":"max-snippet:-1","max-image-preview":"max-image-preview:large","max-video-preview":"max-video-preview:-1"},"canonical":"https:\/\/project1-mke5mv4jgx.live-website.com\/so-your-not-ready-to-commit-to-the-ultimate-beard-care-kit-just-yet\/","og_locale":"fr_FR","og_type":"article","og_title":"So Your Not Ready to Commit to the ULTIMATE Beard Care Kit Just Yet? - Grizzly Adam","og_url":"https:\/\/project1-mke5mv4jgx.live-website.com\/so-your-not-ready-to-commit-to-the-ultimate-beard-care-kit-just-yet\/","og_site_name":"Grizzly Adam","article_publisher":"https:\/\/www.facebook.com\/grizzlyadamuk","article_modified_time":"2017-04-22T10:23:33+00:00","og_image":[{"width":564,"height":564,"url":"https:\/\/grizzlyadam.co.uk\/wp-content\/uploads\/2017\/09\/vitamin-beard.jpg","type":"image\/jpeg"}],"twitter_card":"summary_large_image","twitter_site":"@grizzlyadamuk","schema":{"@context":"https:\/\/schema.org","@graph":[{"@type":"WebPage","@id":"https:\/\/project1-mke5mv4jgx.live-website.com\/so-your-not-ready-to-commit-to-the-ultimate-beard-care-kit-just-yet\/","url":"https:\/\/project1-mke5mv4jgx.live-website.com\/so-your-not-ready-to-commit-to-the-ultimate-beard-care-kit-just-yet\/","name":"So Your Not Ready to Commit to the ULTIMATE Beard Care Kit Just Yet? - Grizzly Adam","isPartOf":{"@id":"https:\/\/project1-mke5mv4jgx.live-website.com\/#website"},"datePublished":"2017-04-22T10:22:49+00:00","dateModified":"2017-04-22T10:23:33+00:00","breadcrumb":{"@id":"https:\/\/project1-mke5mv4jgx.live-website.com\/so-your-not-ready-to-commit-to-the-ultimate-beard-care-kit-just-yet\/#breadcrumb"},"inLanguage":"fr-FR","potentialAction":[{"@type":"ReadAction","target":["https:\/\/project1-mke5mv4jgx.live-website.com\/so-your-not-ready-to-commit-to-the-ultimate-beard-care-kit-just-yet\/"]}]},{"@type":"BreadcrumbList","@id":"https:\/\/project1-mke5mv4jgx.live-website.com\/so-your-not-ready-to-commit-to-the-ultimate-beard-care-kit-just-yet\/#breadcrumb","itemListElement":[{"@type":"ListItem","position":1,"name":"Home","item":"https:\/\/grizzlyadam.co.uk\/"},{"@type":"ListItem","position":2,"name":"So Your Not Ready to Commit to the ULTIMATE Beard Care Kit Just Yet?"}]},{"@type":"WebSite","@id":"https:\/\/project1-mke5mv4jgx.live-website.com\/#website","url":"https:\/\/project1-mke5mv4jgx.live-website.com\/","name":"Grizzly Adam","description":"Huile \u00e0 barbe et produits de toilettage pour hommes","publisher":{"@id":"https:\/\/project1-mke5mv4jgx.live-website.com\/#organization"},"potentialAction":[{"@type":"SearchAction","target":{"@type":"EntryPoint","urlTemplate":"https:\/\/project1-mke5mv4jgx.live-website.com\/?s={search_term_string}"},"query-input":{"@type":"PropertyValueSpecification","valueRequired":true,"valueName":"search_term_string"}}],"inLanguage":"fr-FR"},{"@type":"Organization","@id":"https:\/\/project1-mke5mv4jgx.live-website.com\/#organization","name":"GRIZZLY ADAM","url":"https:\/\/project1-mke5mv4jgx.live-website.com\/","logo":{"@type":"ImageObject","inLanguage":"fr-FR","@id":"https:\/\/project1-mke5mv4jgx.live-website.com\/#\/schema\/logo\/image\/","url":"https:\/\/grizzlyadam.co.uk\/wp-content\/uploads\/2019\/11\/gadamlogo.png","contentUrl":"https:\/\/grizzlyadam.co.uk\/wp-content\/uploads\/2019\/11\/gadamlogo.png","width":"200","height":"200","caption":"GRIZZLY ADAM"},"image":{"@id":"https:\/\/project1-mke5mv4jgx.live-website.com\/#\/schema\/logo\/image\/"},"sameAs":["https:\/\/www.facebook.com\/grizzlyadamuk","https:\/\/x.com\/grizzlyadamuk","https:\/\/www.instagram.com\/grizzlyadamuk\/"]}]}},"_links":{"self":[{"href":"https:\/\/grizzlyadam.co.uk\/fr\/wp-json\/wp\/v2\/pages\/4612","targetHints":{"allow":["GET"]}}],"collection":[{"href":"https:\/\/grizzlyadam.co.uk\/fr\/wp-json\/wp\/v2\/pages"}],"about":[{"href":"https:\/\/grizzlyadam.co.uk\/fr\/wp-json\/wp\/v2\/types\/page"}],"author":[{"embeddable":true,"href":"https:\/\/grizzlyadam.co.uk\/fr\/wp-json\/wp\/v2\/users\/1"}],"replies":[{"embeddable":true,"href":"https:\/\/grizzlyadam.co.uk\/fr\/wp-json\/wp\/v2\/comments?post=4612"}],"version-history":[{"count":0,"href":"https:\/\/grizzlyadam.co.uk\/fr\/wp-json\/wp\/v2\/pages\/4612\/revisions"}],"wp:attachment":[{"href":"https:\/\/grizzlyadam.co.uk\/fr\/wp-json\/wp\/v2\/media?parent=4612"}],"curies":[{"name":"wp","href":"https:\/\/api.w.org\/{rel}","templated":true}]}}